{"id":2891,"date":"2025-08-15T03:23:30","date_gmt":"2025-08-15T03:23:30","guid":{"rendered":"https:\/\/cpxzx.com\/?post_type=product&#038;p=2891"},"modified":"2025-08-15T03:23:30","modified_gmt":"2025-08-15T03:23:30","slug":"plastic-heilex-ring","status":"publish","type":"product","link":"https:\/\/cpxzx.com\/es\/producto\/plastic-heilex-ring\/","title":{"rendered":"Anillo de pl\u00e1stico Heilex PE, PP, RPP, PVC, CPVC, PVDF"},"content":{"rendered":"<p><strong>Anillo de pl\u00e1stico Heilex<\/strong> es una empaquetadura de torre de celdas abiertas de gran eficacia para la transferencia de masa de gases y l\u00edquidos.<br \/>\nEl dise\u00f1o se basa en una estructura en forma de silla de montar y se fabrica mediante moldeo por inyecci\u00f3n para ampliar la superficie<br \/>\ny aumentar la proporci\u00f3n de vac\u00edos. Anillo de pl\u00e1stico Heilex proporciona una distribuci\u00f3n uniforme de gas-l\u00edquido, pel\u00edculas l\u00edquidas delgadas,<br \/>\nlargo tiempo de contacto, y baja resistencia al aire, por lo que es adecuado para la absorci\u00f3n, refrigeraci\u00f3n, purificaci\u00f3n,<br \/>\ny tratamiento de aguas residuales.<\/p>\n<h2>Caracter\u00edsticas<\/h2>\n<ul>\n<li>Materiales: PE, PP, RPP, PVC, CPVC, PVDF, etc.<\/li>\n<li>Alta capacidad con baja ca\u00edda de presi\u00f3n<\/li>\n<li>Elevada eficacia de transferencia de masa y peso espec\u00edfico reducido<\/li>\n<li>Gran resistencia a la corrosi\u00f3n qu\u00edmica<\/li>\n<li>Ahorro de energ\u00eda y f\u00e1cil manejo<\/li>\n<\/ul>\n<h2>Especificaci\u00f3n<\/h2>\n<table style=\"border-collapse: collapse; width: 100%; text-align: center;\" border=\"1\" cellspacing=\"0\" cellpadding=\"8\">\n<thead>\n<tr>\n<th>Especificaci\u00f3n<br \/>\n(mm)<\/th>\n<th>N\u00fameros a granel<br \/>\n(por\/m\u00b3)<\/th>\n<th>Superficie<br \/>\n(m\u00b2\/m\u00b3)<\/th>\n<th>Volumen libre<br \/>\n(%)<\/th>\n<th>Embalaje en seco Factor<br \/>\n(m-\u00b9)<\/th>\n<\/tr>\n<\/thead>\n<tbody>\n<tr>\n<td>50\u00d750<\/td>\n<td>8000<\/td>\n<td>110<\/td>\n<td>94<\/td>\n<td>133<\/td>\n<\/tr>\n<tr>\n<td>76\u00d776<\/td>\n<td>3420<\/td>\n<td>92<\/td>\n<td>94.5<\/td>\n<td>105<\/td>\n<\/tr>\n<tr>\n<td>100\u00d7100<\/td>\n<td>1680<\/td>\n<td>76<\/td>\n<td>95<\/td>\n<td>76<\/td>\n<\/tr>\n<\/tbody>\n<\/table>\n<h2>Ventajas del anillo de pl\u00e1stico Heilex<\/h2>\n<p>El anillo de pl\u00e1stico Heilex ofrece una elevada relaci\u00f3n de vac\u00edos para reducir la ca\u00edda de presi\u00f3n y mejorar el sistema hidr\u00e1ulico.<br \/>\nSu geometr\u00eda de c\u00e9lula abierta favorece la distribuci\u00f3n uniforme del l\u00edquido y evita su canalizaci\u00f3n.<br \/>\nSu construcci\u00f3n ligera facilita la instalaci\u00f3n, mientras que los pol\u00edmeros duraderos proporcionan una excelente<br \/>\nresistencia qu\u00edmica y una larga vida \u00fatil. El anillo de pl\u00e1stico Heilex reduce la frecuencia de mantenimiento<br \/>\ny los costes de explotaci\u00f3n en diversas condiciones.<\/p>\n<h2>Aplicaciones<\/h2>\n<ul>\n<li>Tratamiento de aguas residuales: una mayor superficie espec\u00edfica favorece el contacto entre las aguas residuales y los microorganismos, mejorando la eficacia del tratamiento biol\u00f3gico.<\/li>\n<li>Purificaci\u00f3n de gases y procesos de reacci\u00f3n qu\u00edmica en depuradores, absorbedores y torres de despojamiento.<\/li>\n<li>Sistemas de refrigeraci\u00f3n industrial e ingenier\u00eda de protecci\u00f3n medioambiental para la eliminaci\u00f3n de contaminantes.<\/li>\n<li>Servicios generales de transferencia de masa que requieren un rendimiento estable y un bajo consumo de energ\u00eda.<\/li>\n<\/ul>\n<h2>Embalaje<\/h2>\n<p>El anillo de pl\u00e1stico Heilex se suministra en bolsas tejidas o contenedores a granel, con envases personalizados disponibles<br \/>\npara garantizar un transporte seguro y una manipulaci\u00f3n sencilla antes de la instalaci\u00f3n.<\/p>\n<h2>Por qu\u00e9 elegir el anillo de pl\u00e1stico Heilex<\/h2>\n<p>Elija el anillo de pl\u00e1stico Heilex para obtener un rendimiento fiable en la transferencia de masa, una baja ca\u00edda de presi\u00f3n y una amplia<br \/>\ncompatibilidad qu\u00edmica. Su estructura moldeada por inyecci\u00f3n con base de silla de montar ofrece una calidad constante,<br \/>\nhaciendo del anillo de pl\u00e1stico Heilex una soluci\u00f3n fiable para el tratamiento de aguas y el procesamiento qu\u00edmico,<br \/>\ny sistemas de control de la contaminaci\u00f3n atmosf\u00e9rica.<\/p>","protected":false},"excerpt":{"rendered":"<p>The characteristics of Plastic Heilex Ring include large surface area, high porosity, small volume,<br \/>\nlow air resistance, thin liquid film thickness, and long contact time of liquid flow on the packing.<br \/>\nIt is suitable for all kinds of gas and liquid mass transfer processes. The filler also has strong<br \/>\ncorrosion resistance, high strength, high plugging resistance, and long service life. Plastic Heilex Ring<br \/>\nmaintains stable operation while reducing energy consumption.<\/p>","protected":false},"featured_media":2892,"parent":0,"template":"","meta":{"_acf_changed":false,"_kad_blocks_custom_css":"","_kad_blocks_head_custom_js":"","_kad_blocks_body_custom_js":"","_kad_blocks_footer_custom_js":"","_kadence_starter_templates_imported_post":false,"_kad_post_transparent":"default","_kad_post_title":"","_kad_post_layout":"default","_kad_post_sidebar_id":"","_kad_post_content_style":"default","_kad_post_vertical_padding":"default","_kad_post_feature":"","_kad_post_feature_position":"","_kad_post_header":false,"_kad_post_footer":false},"pcategory":[22,25],"ptag":[],"class_list":["post-2891","product","type-product","status-publish","has-post-thumbnail","hentry","pcategory-random-packing","pcategory-plastic-random-packing"],"acf":[],"yoast_head":"<!-- This site is optimized with the Yoast SEO plugin v27.4 - https:\/\/yoast.com\/product\/yoast-seo-wordpress\/ -->\n<title>Plastic Heilex Ring<\/title>\n<meta name=\"robots\" content=\"index, follow, max-snippet:-1, max-image-preview:large, max-video-preview:-1\" \/>\n<link rel=\"canonical\" href=\"https:\/\/cpxzx.com\/es\/producto\/plastic-heilex-ring\/\" \/>\n<meta property=\"og:locale\" content=\"es_ES\" \/>\n<meta property=\"og:type\" content=\"article\" \/>\n<meta property=\"og:title\" content=\"Plastic Heilex Ring\" \/>\n<meta property=\"og:description\" content=\"The characteristics of Plastic Heilex Ring include large surface area, high porosity, small volume, low air resistance, thin liquid film thickness, and long contact time of liquid flow on the packing. It is suitable for all kinds of gas and liquid mass transfer processes. The filler also has strong corrosion resistance, high strength, high plugging resistance, and long service life. Plastic Heilex Ring maintains stable operation while reducing energy consumption.\" \/>\n<meta property=\"og:url\" content=\"https:\/\/cpxzx.com\/es\/producto\/plastic-heilex-ring\/\" \/>\n<meta property=\"og:site_name\" content=\"Cooling Tower Fill, China PVC Fills Manufacturer\" \/>\n<meta property=\"og:image\" content=\"https:\/\/cpxzx.com\/wp-content\/uploads\/2025\/08\/Plastic-Heilex-Ring.jpg\" \/>\n\t<meta property=\"og:image:width\" content=\"550\" \/>\n\t<meta property=\"og:image:height\" content=\"550\" \/>\n\t<meta property=\"og:image:type\" content=\"image\/jpeg\" \/>\n<meta name=\"twitter:card\" content=\"summary_large_image\" \/>\n<meta name=\"twitter:label1\" content=\"Tiempo de lectura\" \/>\n\t<meta name=\"twitter:data1\" content=\"2 minutos\" \/>\n<script type=\"application\/ld+json\" class=\"yoast-schema-graph\">{\"@context\":\"https:\\\/\\\/schema.org\",\"@graph\":[{\"@type\":\"WebPage\",\"@id\":\"https:\\\/\\\/cpxzx.com\\\/product\\\/plastic-heilex-ring\\\/\",\"url\":\"https:\\\/\\\/cpxzx.com\\\/product\\\/plastic-heilex-ring\\\/\",\"name\":\"Plastic Heilex Ring\",\"isPartOf\":{\"@id\":\"https:\\\/\\\/cpxzx.com\\\/#website\"},\"primaryImageOfPage\":{\"@id\":\"https:\\\/\\\/cpxzx.com\\\/product\\\/plastic-heilex-ring\\\/#primaryimage\"},\"image\":{\"@id\":\"https:\\\/\\\/cpxzx.com\\\/product\\\/plastic-heilex-ring\\\/#primaryimage\"},\"thumbnailUrl\":\"https:\\\/\\\/cpxzx.com\\\/wp-content\\\/uploads\\\/2025\\\/08\\\/Plastic-Heilex-Ring.jpg\",\"datePublished\":\"2025-08-15T03:23:30+00:00\",\"breadcrumb\":{\"@id\":\"https:\\\/\\\/cpxzx.com\\\/product\\\/plastic-heilex-ring\\\/#breadcrumb\"},\"inLanguage\":\"es\",\"potentialAction\":[{\"@type\":\"ReadAction\",\"target\":[\"https:\\\/\\\/cpxzx.com\\\/product\\\/plastic-heilex-ring\\\/\"]}]},{\"@type\":\"ImageObject\",\"inLanguage\":\"es\",\"@id\":\"https:\\\/\\\/cpxzx.com\\\/product\\\/plastic-heilex-ring\\\/#primaryimage\",\"url\":\"https:\\\/\\\/cpxzx.com\\\/wp-content\\\/uploads\\\/2025\\\/08\\\/Plastic-Heilex-Ring.jpg\",\"contentUrl\":\"https:\\\/\\\/cpxzx.com\\\/wp-content\\\/uploads\\\/2025\\\/08\\\/Plastic-Heilex-Ring.jpg\",\"width\":550,\"height\":550},{\"@type\":\"BreadcrumbList\",\"@id\":\"https:\\\/\\\/cpxzx.com\\\/product\\\/plastic-heilex-ring\\\/#breadcrumb\",\"itemListElement\":[{\"@type\":\"ListItem\",\"position\":1,\"name\":\"Home\",\"item\":\"https:\\\/\\\/cpxzx.com\\\/\"},{\"@type\":\"ListItem\",\"position\":2,\"name\":\"Random Packing\",\"item\":\"https:\\\/\\\/cpxzx.com\\\/pcategory\\\/random-packing\\\/\"},{\"@type\":\"ListItem\",\"position\":3,\"name\":\"Plastic Heilex Ring PE, PP, RPP, PVC, CPVC, PVDF\"}]},{\"@type\":\"WebSite\",\"@id\":\"https:\\\/\\\/cpxzx.com\\\/#website\",\"url\":\"https:\\\/\\\/cpxzx.com\\\/\",\"name\":\"Cooling Tower Fill, China PVC Fills Manufacturer\",\"description\":\"\",\"publisher\":{\"@id\":\"https:\\\/\\\/cpxzx.com\\\/#organization\"},\"potentialAction\":[{\"@type\":\"SearchAction\",\"target\":{\"@type\":\"EntryPoint\",\"urlTemplate\":\"https:\\\/\\\/cpxzx.com\\\/?s={search_term_string}\"},\"query-input\":{\"@type\":\"PropertyValueSpecification\",\"valueRequired\":true,\"valueName\":\"search_term_string\"}}],\"inLanguage\":\"es\"},{\"@type\":\"Organization\",\"@id\":\"https:\\\/\\\/cpxzx.com\\\/#organization\",\"name\":\"Cooling Tower Fill, China PVC Fills Manufacturer\",\"url\":\"https:\\\/\\\/cpxzx.com\\\/\",\"logo\":{\"@type\":\"ImageObject\",\"inLanguage\":\"es\",\"@id\":\"https:\\\/\\\/cpxzx.com\\\/#\\\/schema\\\/logo\\\/image\\\/\",\"url\":\"https:\\\/\\\/cpxzx.com\\\/wp-content\\\/uploads\\\/2025\\\/07\\\/1751628807-logo.png\",\"contentUrl\":\"https:\\\/\\\/cpxzx.com\\\/wp-content\\\/uploads\\\/2025\\\/07\\\/1751628807-logo.png\",\"width\":383,\"height\":87,\"caption\":\"Cooling Tower Fill, China PVC Fills Manufacturer\"},\"image\":{\"@id\":\"https:\\\/\\\/cpxzx.com\\\/#\\\/schema\\\/logo\\\/image\\\/\"}}]}<\/script>\n<!-- \/ Yoast SEO plugin. -->","yoast_head_json":{"title":"Anillo de pl\u00e1stico Heilex","robots":{"index":"index","follow":"follow","max-snippet":"max-snippet:-1","max-image-preview":"max-image-preview:large","max-video-preview":"max-video-preview:-1"},"canonical":"https:\/\/cpxzx.com\/es\/producto\/plastic-heilex-ring\/","og_locale":"es_ES","og_type":"article","og_title":"Plastic Heilex Ring","og_description":"The characteristics of Plastic Heilex Ring include large surface area, high porosity, small volume, low air resistance, thin liquid film thickness, and long contact time of liquid flow on the packing. It is suitable for all kinds of gas and liquid mass transfer processes. The filler also has strong corrosion resistance, high strength, high plugging resistance, and long service life. Plastic Heilex Ring maintains stable operation while reducing energy consumption.","og_url":"https:\/\/cpxzx.com\/es\/producto\/plastic-heilex-ring\/","og_site_name":"Cooling Tower Fill, China PVC Fills Manufacturer","og_image":[{"width":550,"height":550,"url":"https:\/\/cpxzx.com\/wp-content\/uploads\/2025\/08\/Plastic-Heilex-Ring.jpg","type":"image\/jpeg"}],"twitter_card":"summary_large_image","twitter_misc":{"Tiempo de lectura":"2 minutos"},"schema":{"@context":"https:\/\/schema.org","@graph":[{"@type":"WebPage","@id":"https:\/\/cpxzx.com\/product\/plastic-heilex-ring\/","url":"https:\/\/cpxzx.com\/product\/plastic-heilex-ring\/","name":"Anillo de pl\u00e1stico Heilex","isPartOf":{"@id":"https:\/\/cpxzx.com\/#website"},"primaryImageOfPage":{"@id":"https:\/\/cpxzx.com\/product\/plastic-heilex-ring\/#primaryimage"},"image":{"@id":"https:\/\/cpxzx.com\/product\/plastic-heilex-ring\/#primaryimage"},"thumbnailUrl":"https:\/\/cpxzx.com\/wp-content\/uploads\/2025\/08\/Plastic-Heilex-Ring.jpg","datePublished":"2025-08-15T03:23:30+00:00","breadcrumb":{"@id":"https:\/\/cpxzx.com\/product\/plastic-heilex-ring\/#breadcrumb"},"inLanguage":"es","potentialAction":[{"@type":"ReadAction","target":["https:\/\/cpxzx.com\/product\/plastic-heilex-ring\/"]}]},{"@type":"ImageObject","inLanguage":"es","@id":"https:\/\/cpxzx.com\/product\/plastic-heilex-ring\/#primaryimage","url":"https:\/\/cpxzx.com\/wp-content\/uploads\/2025\/08\/Plastic-Heilex-Ring.jpg","contentUrl":"https:\/\/cpxzx.com\/wp-content\/uploads\/2025\/08\/Plastic-Heilex-Ring.jpg","width":550,"height":550},{"@type":"BreadcrumbList","@id":"https:\/\/cpxzx.com\/product\/plastic-heilex-ring\/#breadcrumb","itemListElement":[{"@type":"ListItem","position":1,"name":"Home","item":"https:\/\/cpxzx.com\/"},{"@type":"ListItem","position":2,"name":"Random Packing","item":"https:\/\/cpxzx.com\/pcategory\/random-packing\/"},{"@type":"ListItem","position":3,"name":"Plastic Heilex Ring PE, PP, RPP, PVC, CPVC, PVDF"}]},{"@type":"WebSite","@id":"https:\/\/cpxzx.com\/#website","url":"https:\/\/cpxzx.com\/","name":"Relleno de torre de refrigeraci\u00f3n, Fabricante de rellenos de PVC en China","description":"","publisher":{"@id":"https:\/\/cpxzx.com\/#organization"},"potentialAction":[{"@type":"SearchAction","target":{"@type":"EntryPoint","urlTemplate":"https:\/\/cpxzx.com\/?s={search_term_string}"},"query-input":{"@type":"PropertyValueSpecification","valueRequired":true,"valueName":"search_term_string"}}],"inLanguage":"es"},{"@type":"Organization","@id":"https:\/\/cpxzx.com\/#organization","name":"Relleno de torre de refrigeraci\u00f3n, Fabricante de rellenos de PVC en China","url":"https:\/\/cpxzx.com\/","logo":{"@type":"ImageObject","inLanguage":"es","@id":"https:\/\/cpxzx.com\/#\/schema\/logo\/image\/","url":"https:\/\/cpxzx.com\/wp-content\/uploads\/2025\/07\/1751628807-logo.png","contentUrl":"https:\/\/cpxzx.com\/wp-content\/uploads\/2025\/07\/1751628807-logo.png","width":383,"height":87,"caption":"Cooling Tower Fill, China PVC Fills Manufacturer"},"image":{"@id":"https:\/\/cpxzx.com\/#\/schema\/logo\/image\/"}}]}},"taxonomy_info":{"pcategory":[{"value":22,"label":"Random Packing"},{"value":25,"label":"Plastic Random Packing"}]},"featured_image_src_large":["https:\/\/cpxzx.com\/wp-content\/uploads\/2025\/08\/Plastic-Heilex-Ring.jpg",550,550,false],"author_info":[],"comment_info":"","_links":{"self":[{"href":"https:\/\/cpxzx.com\/es\/wp-json\/wp\/v2\/product\/2891","targetHints":{"allow":["GET"]}}],"collection":[{"href":"https:\/\/cpxzx.com\/es\/wp-json\/wp\/v2\/product"}],"about":[{"href":"https:\/\/cpxzx.com\/es\/wp-json\/wp\/v2\/types\/product"}],"wp:featuredmedia":[{"embeddable":true,"href":"https:\/\/cpxzx.com\/es\/wp-json\/wp\/v2\/media\/2892"}],"wp:attachment":[{"href":"https:\/\/cpxzx.com\/es\/wp-json\/wp\/v2\/media?parent=2891"}],"wp:term":[{"taxonomy":"pcategory","embeddable":true,"href":"https:\/\/cpxzx.com\/es\/wp-json\/wp\/v2\/pcategory?post=2891"},{"taxonomy":"ptag","embeddable":true,"href":"https:\/\/cpxzx.com\/es\/wp-json\/wp\/v2\/ptag?post=2891"}],"curies":[{"name":"wp","href":"https:\/\/api.w.org\/{rel}","templated":true}]}}