{"id":2888,"date":"2025-08-11T08:59:41","date_gmt":"2025-08-11T08:59:41","guid":{"rendered":"https:\/\/cpxzx.com\/?post_type=product&#038;p=2888"},"modified":"2025-08-11T08:59:41","modified_gmt":"2025-08-11T08:59:41","slug":"flotador-hueco-de-plastico","status":"publish","type":"product","link":"https:\/\/cpxzx.com\/es\/producto\/flotador-hueco-de-plastico\/","title":{"rendered":"Bola de flotaci\u00f3n hueca de pl\u00e1stico PE,PP,RPP,PVC,CPVC"},"content":{"rendered":"<p><strong>Bola de flotaci\u00f3n hueca de pl\u00e1stico<\/strong> es un material de empaquetadura eficaz y vers\u00e1til ampliamente utilizado en diversas aplicaciones industriales. Ofrece un alto volumen libre, una baja ca\u00edda de presi\u00f3n y una alta eficacia de transferencia de masa. El producto est\u00e1 dise\u00f1ado para proporcionar un excelente contacto gas-l\u00edquido y un rendimiento fiable en diferentes condiciones de trabajo. Gracias a su avanzada tecnolog\u00eda de fabricaci\u00f3n, la Bola Flotante Hueca de Pl\u00e1stico cumple los requisitos operativos y las normas de conformidad de las industrias de todo el mundo.<\/p>\n<h2>Caracter\u00edsticas de la bola de flotaci\u00f3n hueca de pl\u00e1stico<\/h2>\n<p>La bola de flotaci\u00f3n hueca de pl\u00e1stico est\u00e1 fabricada con pl\u00e1sticos resistentes al calor y a la corrosi\u00f3n qu\u00edmica, como polietileno (PE), polipropileno (PP), polipropileno reforzado (RPP), cloruro de polivinilo (PVC), cloruro de polivinilo clorado (CPVC) y fluoruro de polivinilideno (PVDF). Es ligero, duradero y f\u00e1cil de instalar. La temperatura de aplicaci\u00f3n en medios oscila entre 60\u00b0C y 150\u00b0C, lo que la hace adecuada para una amplia gama de entornos. Su estructura \u00fanica proporciona altos puntos de inundaci\u00f3n, un contacto gas-l\u00edquido uniforme y una excelente estabilidad operativa.<\/p>\n<ul>\n<li>Alto volumen libre y baja ca\u00edda de presi\u00f3n<\/li>\n<li>Elevada eficacia de separaci\u00f3n y transferencia de masa<\/li>\n<li>Gran resistencia a la corrosi\u00f3n qu\u00edmica<\/li>\n<li>Ahorro de energ\u00eda y f\u00e1cil manejo<\/li>\n<li>Larga vida \u00fatil en entornos dif\u00edciles<\/li>\n<\/ul>\n<h2>Especificaciones<\/h2>\n<p>A continuaci\u00f3n encontrar\u00e1 los datos t\u00e9cnicos de la empaquetadura de bolas huecas de flotaci\u00f3n de pl\u00e1stico.<\/p>\n<table border=\"1\" cellspacing=\"0\" cellpadding=\"5\">\n<tbody>\n<tr>\n<th>Especificaci\u00f3n<br \/>\n(mm)<\/th>\n<th>Superficie<br \/>\n(m\u00b2\/m\u00b3)<\/th>\n<th>Volumen libre<br \/>\n(%)<\/th>\n<th>Densidad aparente<br \/>\n(kg\/m\u00b3)<\/th>\n<th>N\u00famero por<br \/>\nm\u00b3<\/th>\n<\/tr>\n<tr>\n<td>\u00f8 25*1.0<\/td>\n<td>200<\/td>\n<td>40<\/td>\n<td>125<\/td>\n<td>41500<\/td>\n<\/tr>\n<tr>\n<td>\u00f8 38*1.2<\/td>\n<td>150<\/td>\n<td>40<\/td>\n<td>121<\/td>\n<td>22000<\/td>\n<\/tr>\n<tr>\n<td>\u00f8 50*1.5<\/td>\n<td>120<\/td>\n<td>40<\/td>\n<td>73<\/td>\n<td>10480<\/td>\n<\/tr>\n<\/tbody>\n<\/table>\n<h2>Ventajas<\/h2>\n<p>Las ventajas de utilizar la Bola Flotante Hueca de Pl\u00e1stico incluyen:<\/p>\n<ul>\n<li>Excelente eficacia de contacto gas-l\u00edquido<\/li>\n<li>Centro de gravedad estable y dise\u00f1o de bordes superpuestos<\/li>\n<li>Buen efecto de recubrimiento de las superficies de los tanques<\/li>\n<li>Reducci\u00f3n de la p\u00e9rdida de calor y la evaporaci\u00f3n<\/li>\n<li>Control eficaz de olores y niebla<\/li>\n<\/ul>\n<h2>Aplicaciones<\/h2>\n<p>La bola de flotaci\u00f3n hueca de pl\u00e1stico se utiliza ampliamente en la industria petrolera, la industria qu\u00edmica, la industria de cloruro alcalino, la industria de gas de carb\u00f3n y la protecci\u00f3n del medio ambiente. Es especialmente eficaz en la purificaci\u00f3n de gases de escape qu\u00edmicos, la eliminaci\u00f3n de polvo de gases de combusti\u00f3n, la recuperaci\u00f3n de gases de escape y la purificaci\u00f3n de neblina \u00e1cida. El producto tambi\u00e9n se utiliza en tanques horizontales de almacenamiento de \u00e1cido, tanques de almacenamiento de condensado y tanques de agua desmineralizada en instalaciones de tratamiento de agua. Reduce la contaminaci\u00f3n por niebla \u00e1cida, evita la contaminaci\u00f3n por CO\u2082 y O\u2082, protege la salud de los operarios y ayuda a mantener la calidad del agua.<\/p>\n<p>Otras aplicaciones de la bola de flotaci\u00f3n hueca de pl\u00e1stico son:<\/p>\n<ul>\n<li>Cubrir las superficies l\u00edquidas de los tanques de almacenamiento para reducir las p\u00e9rdidas de calor<\/li>\n<li>Minimizar la evaporaci\u00f3n y mejorar la seguridad<\/li>\n<li>Sirve como v\u00e1lvula de retenci\u00f3n de bola en sistemas de control de caudal<\/li>\n<\/ul>\n<h2>Opciones de material<\/h2>\n<p>Las bolas de flotaci\u00f3n huecas de pl\u00e1stico pueden fabricarse en PE, PP, RPP, PVC, CPVC y PVDF en funci\u00f3n de las necesidades operativas espec\u00edficas. Estos materiales proporcionan una excelente durabilidad, estabilidad qu\u00edmica y rendimiento a largo plazo tanto en entornos \u00e1cidos como alcalinos.<\/p>\n<h2>Embalaje<\/h2>\n<p>Ofrecemos un embalaje seguro y profesional para la Bola Flotante Hueca de Pl\u00e1stico para garantizar una entrega segura. Nuestro equipo le ayudar\u00e1 a seleccionar el tama\u00f1o y el material adecuados en funci\u00f3n de sus requisitos industriales.<\/p>\n<p>Como fabricante l\u00edder de Bola de flotaci\u00f3n hueca de pl\u00e1stico, proporcionamos productos de alta calidad con precios competitivos y un servicio fiable. P\u00f3ngase en contacto con nosotros hoy mismo para analizar las necesidades de su aplicaci\u00f3n y obtener recomendaciones de expertos para obtener el mejor rendimiento en su proceso.<\/p>","protected":false},"excerpt":{"rendered":"<p>La bola de flotaci\u00f3n hueca de pl\u00e1stico es un material de embalaje ligero y duradero fabricado con pl\u00e1sticos resistentes a la corrosi\u00f3n como PE, PP, PVC y PVDF.<br \/>\nOfrece un alto volumen libre, una baja ca\u00edda de presi\u00f3n y un excelente contacto gas-l\u00edquido, por lo que resulta ideal para reducir la p\u00e9rdida de calor, controlar la evaporaci\u00f3n y mejorar la eficacia de la separaci\u00f3n en industrias como la qu\u00edmica, petrolera, de protecci\u00f3n medioambiental y de tratamiento de aguas.<\/p>","protected":false},"featured_media":2890,"parent":0,"template":"","meta":{"_acf_changed":false,"_kad_blocks_custom_css":"","_kad_blocks_head_custom_js":"","_kad_blocks_body_custom_js":"","_kad_blocks_footer_custom_js":"","_kadence_starter_templates_imported_post":false,"_kad_post_transparent":"default","_kad_post_title":"","_kad_post_layout":"default","_kad_post_sidebar_id":"","_kad_post_content_style":"default","_kad_post_vertical_padding":"default","_kad_post_feature":"","_kad_post_feature_position":"","_kad_post_header":false,"_kad_post_footer":false},"pcategory":[22,25],"ptag":[],"class_list":["post-2888","product","type-product","status-publish","has-post-thumbnail","hentry","pcategory-random-packing","pcategory-plastic-random-packing"],"acf":[],"yoast_head":"<!-- This site is optimized with the Yoast SEO plugin v27.4 - https:\/\/yoast.com\/product\/yoast-seo-wordpress\/ -->\n<title>Plastic Hollow Floatation Ball<\/title>\n<meta name=\"robots\" content=\"index, follow, max-snippet:-1, max-image-preview:large, max-video-preview:-1\" \/>\n<link rel=\"canonical\" href=\"https:\/\/cpxzx.com\/es\/producto\/flotador-hueco-de-plastico\/\" \/>\n<meta property=\"og:locale\" content=\"es_ES\" \/>\n<meta property=\"og:type\" content=\"article\" \/>\n<meta property=\"og:title\" content=\"Plastic Hollow Floatation Ball\" \/>\n<meta property=\"og:description\" content=\"Plastic Hollow Floatation Ball is a lightweight, durable packing material made from corrosion-resistant plastics such as PE, PP, PVC, and PVDF. It offers high free volume, low pressure drop, and excellent gas-liquid contact, making it ideal for reducing heat loss, controlling evaporation, and improving separation efficiency in industries such as chemical, petroleum, environmental protection, and water treatment.\" \/>\n<meta property=\"og:url\" content=\"https:\/\/cpxzx.com\/es\/producto\/flotador-hueco-de-plastico\/\" \/>\n<meta property=\"og:site_name\" content=\"Cooling Tower Fill, China PVC Fills Manufacturer\" \/>\n<meta property=\"og:image\" content=\"https:\/\/cpxzx.com\/wp-content\/uploads\/2025\/08\/Plastic-Hollow-Floatation-Ball.jpg\" \/>\n\t<meta property=\"og:image:width\" content=\"550\" \/>\n\t<meta property=\"og:image:height\" content=\"550\" \/>\n\t<meta property=\"og:image:type\" content=\"image\/jpeg\" \/>\n<meta name=\"twitter:card\" content=\"summary_large_image\" \/>\n<meta name=\"twitter:label1\" content=\"Tiempo de lectura\" \/>\n\t<meta name=\"twitter:data1\" content=\"3 minutos\" \/>\n<script type=\"application\/ld+json\" class=\"yoast-schema-graph\">{\"@context\":\"https:\\\/\\\/schema.org\",\"@graph\":[{\"@type\":\"WebPage\",\"@id\":\"https:\\\/\\\/cpxzx.com\\\/product\\\/plastic-hollow-floatation\\\/\",\"url\":\"https:\\\/\\\/cpxzx.com\\\/product\\\/plastic-hollow-floatation\\\/\",\"name\":\"Plastic Hollow Floatation Ball\",\"isPartOf\":{\"@id\":\"https:\\\/\\\/cpxzx.com\\\/#website\"},\"primaryImageOfPage\":{\"@id\":\"https:\\\/\\\/cpxzx.com\\\/product\\\/plastic-hollow-floatation\\\/#primaryimage\"},\"image\":{\"@id\":\"https:\\\/\\\/cpxzx.com\\\/product\\\/plastic-hollow-floatation\\\/#primaryimage\"},\"thumbnailUrl\":\"https:\\\/\\\/cpxzx.com\\\/wp-content\\\/uploads\\\/2025\\\/08\\\/Plastic-Hollow-Floatation-Ball.jpg\",\"datePublished\":\"2025-08-11T08:59:41+00:00\",\"breadcrumb\":{\"@id\":\"https:\\\/\\\/cpxzx.com\\\/product\\\/plastic-hollow-floatation\\\/#breadcrumb\"},\"inLanguage\":\"es\",\"potentialAction\":[{\"@type\":\"ReadAction\",\"target\":[\"https:\\\/\\\/cpxzx.com\\\/product\\\/plastic-hollow-floatation\\\/\"]}]},{\"@type\":\"ImageObject\",\"inLanguage\":\"es\",\"@id\":\"https:\\\/\\\/cpxzx.com\\\/product\\\/plastic-hollow-floatation\\\/#primaryimage\",\"url\":\"https:\\\/\\\/cpxzx.com\\\/wp-content\\\/uploads\\\/2025\\\/08\\\/Plastic-Hollow-Floatation-Ball.jpg\",\"contentUrl\":\"https:\\\/\\\/cpxzx.com\\\/wp-content\\\/uploads\\\/2025\\\/08\\\/Plastic-Hollow-Floatation-Ball.jpg\",\"width\":550,\"height\":550},{\"@type\":\"BreadcrumbList\",\"@id\":\"https:\\\/\\\/cpxzx.com\\\/product\\\/plastic-hollow-floatation\\\/#breadcrumb\",\"itemListElement\":[{\"@type\":\"ListItem\",\"position\":1,\"name\":\"Home\",\"item\":\"https:\\\/\\\/cpxzx.com\\\/\"},{\"@type\":\"ListItem\",\"position\":2,\"name\":\"Random Packing\",\"item\":\"https:\\\/\\\/cpxzx.com\\\/pcategory\\\/random-packing\\\/\"},{\"@type\":\"ListItem\",\"position\":3,\"name\":\"Plastic Hollow Floatation Ball PE,PP,RPP,PVC,CPVC\"}]},{\"@type\":\"WebSite\",\"@id\":\"https:\\\/\\\/cpxzx.com\\\/#website\",\"url\":\"https:\\\/\\\/cpxzx.com\\\/\",\"name\":\"Cooling Tower Fill, China PVC Fills Manufacturer\",\"description\":\"\",\"publisher\":{\"@id\":\"https:\\\/\\\/cpxzx.com\\\/#organization\"},\"potentialAction\":[{\"@type\":\"SearchAction\",\"target\":{\"@type\":\"EntryPoint\",\"urlTemplate\":\"https:\\\/\\\/cpxzx.com\\\/?s={search_term_string}\"},\"query-input\":{\"@type\":\"PropertyValueSpecification\",\"valueRequired\":true,\"valueName\":\"search_term_string\"}}],\"inLanguage\":\"es\"},{\"@type\":\"Organization\",\"@id\":\"https:\\\/\\\/cpxzx.com\\\/#organization\",\"name\":\"Cooling Tower Fill, China PVC Fills Manufacturer\",\"url\":\"https:\\\/\\\/cpxzx.com\\\/\",\"logo\":{\"@type\":\"ImageObject\",\"inLanguage\":\"es\",\"@id\":\"https:\\\/\\\/cpxzx.com\\\/#\\\/schema\\\/logo\\\/image\\\/\",\"url\":\"https:\\\/\\\/cpxzx.com\\\/wp-content\\\/uploads\\\/2025\\\/07\\\/1751628807-logo.png\",\"contentUrl\":\"https:\\\/\\\/cpxzx.com\\\/wp-content\\\/uploads\\\/2025\\\/07\\\/1751628807-logo.png\",\"width\":383,\"height\":87,\"caption\":\"Cooling Tower Fill, China PVC Fills Manufacturer\"},\"image\":{\"@id\":\"https:\\\/\\\/cpxzx.com\\\/#\\\/schema\\\/logo\\\/image\\\/\"}}]}<\/script>\n<!-- \/ Yoast SEO plugin. -->","yoast_head_json":{"title":"Bola de flotaci\u00f3n hueca de pl\u00e1stico","robots":{"index":"index","follow":"follow","max-snippet":"max-snippet:-1","max-image-preview":"max-image-preview:large","max-video-preview":"max-video-preview:-1"},"canonical":"https:\/\/cpxzx.com\/es\/producto\/flotador-hueco-de-plastico\/","og_locale":"es_ES","og_type":"article","og_title":"Plastic Hollow Floatation Ball","og_description":"Plastic Hollow Floatation Ball is a lightweight, durable packing material made from corrosion-resistant plastics such as PE, PP, PVC, and PVDF. It offers high free volume, low pressure drop, and excellent gas-liquid contact, making it ideal for reducing heat loss, controlling evaporation, and improving separation efficiency in industries such as chemical, petroleum, environmental protection, and water treatment.","og_url":"https:\/\/cpxzx.com\/es\/producto\/flotador-hueco-de-plastico\/","og_site_name":"Cooling Tower Fill, China PVC Fills Manufacturer","og_image":[{"width":550,"height":550,"url":"https:\/\/cpxzx.com\/wp-content\/uploads\/2025\/08\/Plastic-Hollow-Floatation-Ball.jpg","type":"image\/jpeg"}],"twitter_card":"summary_large_image","twitter_misc":{"Tiempo de lectura":"3 minutos"},"schema":{"@context":"https:\/\/schema.org","@graph":[{"@type":"WebPage","@id":"https:\/\/cpxzx.com\/product\/plastic-hollow-floatation\/","url":"https:\/\/cpxzx.com\/product\/plastic-hollow-floatation\/","name":"Bola de flotaci\u00f3n hueca de pl\u00e1stico","isPartOf":{"@id":"https:\/\/cpxzx.com\/#website"},"primaryImageOfPage":{"@id":"https:\/\/cpxzx.com\/product\/plastic-hollow-floatation\/#primaryimage"},"image":{"@id":"https:\/\/cpxzx.com\/product\/plastic-hollow-floatation\/#primaryimage"},"thumbnailUrl":"https:\/\/cpxzx.com\/wp-content\/uploads\/2025\/08\/Plastic-Hollow-Floatation-Ball.jpg","datePublished":"2025-08-11T08:59:41+00:00","breadcrumb":{"@id":"https:\/\/cpxzx.com\/product\/plastic-hollow-floatation\/#breadcrumb"},"inLanguage":"es","potentialAction":[{"@type":"ReadAction","target":["https:\/\/cpxzx.com\/product\/plastic-hollow-floatation\/"]}]},{"@type":"ImageObject","inLanguage":"es","@id":"https:\/\/cpxzx.com\/product\/plastic-hollow-floatation\/#primaryimage","url":"https:\/\/cpxzx.com\/wp-content\/uploads\/2025\/08\/Plastic-Hollow-Floatation-Ball.jpg","contentUrl":"https:\/\/cpxzx.com\/wp-content\/uploads\/2025\/08\/Plastic-Hollow-Floatation-Ball.jpg","width":550,"height":550},{"@type":"BreadcrumbList","@id":"https:\/\/cpxzx.com\/product\/plastic-hollow-floatation\/#breadcrumb","itemListElement":[{"@type":"ListItem","position":1,"name":"Home","item":"https:\/\/cpxzx.com\/"},{"@type":"ListItem","position":2,"name":"Random Packing","item":"https:\/\/cpxzx.com\/pcategory\/random-packing\/"},{"@type":"ListItem","position":3,"name":"Plastic Hollow Floatation Ball PE,PP,RPP,PVC,CPVC"}]},{"@type":"WebSite","@id":"https:\/\/cpxzx.com\/#website","url":"https:\/\/cpxzx.com\/","name":"Relleno de torre de refrigeraci\u00f3n, Fabricante de rellenos de PVC en China","description":"","publisher":{"@id":"https:\/\/cpxzx.com\/#organization"},"potentialAction":[{"@type":"SearchAction","target":{"@type":"EntryPoint","urlTemplate":"https:\/\/cpxzx.com\/?s={search_term_string}"},"query-input":{"@type":"PropertyValueSpecification","valueRequired":true,"valueName":"search_term_string"}}],"inLanguage":"es"},{"@type":"Organization","@id":"https:\/\/cpxzx.com\/#organization","name":"Relleno de torre de refrigeraci\u00f3n, Fabricante de rellenos de PVC en China","url":"https:\/\/cpxzx.com\/","logo":{"@type":"ImageObject","inLanguage":"es","@id":"https:\/\/cpxzx.com\/#\/schema\/logo\/image\/","url":"https:\/\/cpxzx.com\/wp-content\/uploads\/2025\/07\/1751628807-logo.png","contentUrl":"https:\/\/cpxzx.com\/wp-content\/uploads\/2025\/07\/1751628807-logo.png","width":383,"height":87,"caption":"Cooling Tower Fill, China PVC Fills Manufacturer"},"image":{"@id":"https:\/\/cpxzx.com\/#\/schema\/logo\/image\/"}}]}},"taxonomy_info":{"pcategory":[{"value":22,"label":"Random Packing"},{"value":25,"label":"Plastic Random Packing"}]},"featured_image_src_large":["https:\/\/cpxzx.com\/wp-content\/uploads\/2025\/08\/Plastic-Hollow-Floatation-Ball.jpg",550,550,false],"author_info":[],"comment_info":"","_links":{"self":[{"href":"https:\/\/cpxzx.com\/es\/wp-json\/wp\/v2\/product\/2888","targetHints":{"allow":["GET"]}}],"collection":[{"href":"https:\/\/cpxzx.com\/es\/wp-json\/wp\/v2\/product"}],"about":[{"href":"https:\/\/cpxzx.com\/es\/wp-json\/wp\/v2\/types\/product"}],"wp:featuredmedia":[{"embeddable":true,"href":"https:\/\/cpxzx.com\/es\/wp-json\/wp\/v2\/media\/2890"}],"wp:attachment":[{"href":"https:\/\/cpxzx.com\/es\/wp-json\/wp\/v2\/media?parent=2888"}],"wp:term":[{"taxonomy":"pcategory","embeddable":true,"href":"https:\/\/cpxzx.com\/es\/wp-json\/wp\/v2\/pcategory?post=2888"},{"taxonomy":"ptag","embeddable":true,"href":"https:\/\/cpxzx.com\/es\/wp-json\/wp\/v2\/ptag?post=2888"}],"curies":[{"name":"wp","href":"https:\/\/api.w.org\/{rel}","templated":true}]}}