{"id":2867,"date":"2025-08-04T03:15:04","date_gmt":"2025-08-04T03:15:04","guid":{"rendered":"https:\/\/cpxzx.com\/?post_type=product&#038;p=2867"},"modified":"2025-08-04T03:15:04","modified_gmt":"2025-08-04T03:15:04","slug":"plastic-tellerette-rosette-ring","status":"publish","type":"product","link":"https:\/\/cpxzx.com\/es\/producto\/plastic-tellerette-rosette-ring\/","title":{"rendered":"Roset\u00f3n de pl\u00e1stico PP, PE, RPP, PVC, CPVC,PVDF"},"content":{"rendered":"<p>Tambi\u00e9n conocido como <strong>Anillo Teller Rosette<\/strong> o <strong>Anillo Telleratte Rosette<\/strong>Esta empaquetadura fue dise\u00f1ada por primera vez por A. J. Teller en 1954. Presenta una estructura en forma de flor compuesta por 12 o m\u00e1s bucles peque\u00f1os dispuestos dentro de un anillo mayor. Esta geometr\u00eda garantiza una excelente distribuci\u00f3n del l\u00edquido y una gran eficacia en la transferencia de masa.<\/p>\n<h2>Estructura y materiales<\/h2>\n<p>Disponibles en materiales como PP, PE, RPP, PVC, CPVC y PVDF, cada uno de ellos adecuado para temperaturas y entornos qu\u00edmicos espec\u00edficos. El intervalo de temperaturas de funcionamiento suele ser de 60-150 \u00b0C, siendo el PVDF el que ofrece mayor resistencia.<\/p>\n<p>Los di\u00e1metros m\u00e1s comunes son 25 mm, 47 mm, 51 mm, 59 mm, 73 mm, 95 mm y 145 mm, cada uno de ellos con diferentes n\u00fameros de anillos y perfiles de rendimiento.<\/p>\n<h2>Caracter\u00edsticas principales<\/h2>\n<ul class=\"list-paddingleft-2\">\n<li><strong>Alto \u00edndice de vac\u00edo:<\/strong> T\u00edpicamente 82-95%, lo que garantiza un bajo riesgo de obstrucci\u00f3n y un excelente flujo de fluido.<\/li>\n<li><strong>Baja ca\u00edda de presi\u00f3n:<\/strong> Los canales aerodin\u00e1micos reducen la resistencia y ahorran energ\u00eda.<\/li>\n<li><strong>Contacto superior gas-l\u00edquido:<\/strong> Retiene m\u00e1s l\u00edquido para prolongar la interacci\u00f3n de transferencia de masa.<\/li>\n<li><strong>Punto alto de inundaci\u00f3n:<\/strong> Rendimiento eficiente incluso en condiciones de carga elevada.<\/li>\n<li><strong>Resistencia a la corrosi\u00f3n y ligereza:<\/strong> F\u00e1cil de transportar, instalar y resistente a los ataques qu\u00edmicos.<\/li>\n<\/ul>\n<h2>Especificaciones t\u00edpicas<\/h2>\n<table border=\"1\" cellspacing=\"0\" cellpadding=\"6\">\n<thead>\n<tr>\n<th>Modelo (D\u00d7H mm)<\/th>\n<th>Recuento de bucles<\/th>\n<th>Superficie (m\u00b2\/m\u00b3)<\/th>\n<th>Fracci\u00f3n de vac\u00edo (%)<\/th>\n<th>Pcs\/m\u00b3<\/th>\n<th>Densidad aparente (kg\/m\u00b3)<\/th>\n<th>Factor de embalaje (1\/m)<\/th>\n<\/tr>\n<\/thead>\n<tbody>\n<tr>\n<td>25\u00d79<\/td>\n<td>5<\/td>\n<td>\u2248195<\/td>\n<td>\u224882<\/td>\n<td>170,000<\/td>\n<td>~85<\/td>\n<td>~488<\/td>\n<\/tr>\n<tr>\n<td>47\u00d719<\/td>\n<td>9<\/td>\n<td>\u2248185<\/td>\n<td>\u224888<\/td>\n<td>32,500<\/td>\n<td>~58<\/td>\n<td>~271<\/td>\n<\/tr>\n<tr>\n<td>59\u00d719<\/td>\n<td>12<\/td>\n<td>\u2248150<\/td>\n<td>\u224892<\/td>\n<td>17,500<\/td>\n<td>~48<\/td>\n<td>~213<\/td>\n<\/tr>\n<tr>\n<td>95\u00d737<\/td>\n<td>18<\/td>\n<td>\u224894<\/td>\n<td>\u224892<\/td>\n<td>3,900<\/td>\n<td>~52<\/td>\n<td>~129<\/td>\n<\/tr>\n<tr>\n<td>145\u00d748<\/td>\n<td>20<\/td>\n<td>\u224865<\/td>\n<td>\u224895<\/td>\n<td>1,100<\/td>\n<td>~46<\/td>\n<td>~76<\/td>\n<\/tr>\n<\/tbody>\n<\/table>\n<h2>Aplicaciones<\/h2>\n<ul class=\"list-paddingleft-2\">\n<li>Sistemas de absorci\u00f3n, depuraci\u00f3n y desulfuraci\u00f3n de gases<\/li>\n<li>Torres de contacto gas-l\u00edquido como torres de purificaci\u00f3n, torres de refrigeraci\u00f3n y desoxidantes<\/li>\n<li>Se utiliza en la industria qu\u00edmica, el refinado de petr\u00f3leo, las centrales el\u00e9ctricas y la ingenier\u00eda medioambiental.<\/li>\n<\/ul>\n<h2>Resumen de ventajas<\/h2>\n<ul class=\"list-paddingleft-2\">\n<li>Alto rendimiento y bajo consumo de energ\u00eda<\/li>\n<li>Gran resistencia al ensuciamiento y la obstrucci\u00f3n<\/li>\n<li>Opciones resistentes a la corrosi\u00f3n para entornos dif\u00edciles<\/li>\n<li>Ligero y f\u00e1cil de instalar, rentable<\/li>\n<\/ul>\n<h2>Recomendaciones de uso<\/h2>\n<p>Seleccione el material en funci\u00f3n de las condiciones de funcionamiento: utilice PP para uso general, PVDF para altas temperaturas o medios corrosivos. Elija el tama\u00f1o del anillo en funci\u00f3n de la relaci\u00f3n entre la superficie, la ca\u00edda de presi\u00f3n y la capacidad de la torre. Para trabajos pesados, utilice anillos con mayor fracci\u00f3n vac\u00eda y tolerancia de carga.<\/p>","protected":false},"excerpt":{"rendered":"<p>Plastic Tellerette Rosette Ring, also known as Plastic Teller Rosette Ring, was invented by Tell A.J. in 1956. It features several small rings arranged within a larger ring to increase liquid holdup and enhance gas-liquid contact time.<\/p>\n<p>This packing offers high free volume, low pressure drop, uniform gas-liquid distribution, and high mass transfer efficiency. It is available in various materials, shapes, and sizes to suit different applications.<\/p>","protected":false},"featured_media":2869,"parent":0,"template":"","meta":{"_acf_changed":false,"_kad_blocks_custom_css":"","_kad_blocks_head_custom_js":"","_kad_blocks_body_custom_js":"","_kad_blocks_footer_custom_js":"","_kadence_starter_templates_imported_post":false,"_kad_post_transparent":"default","_kad_post_title":"","_kad_post_layout":"default","_kad_post_sidebar_id":"","_kad_post_content_style":"default","_kad_post_vertical_padding":"default","_kad_post_feature":"","_kad_post_feature_position":"","_kad_post_header":false,"_kad_post_footer":false},"pcategory":[22,25],"ptag":[],"class_list":["post-2867","product","type-product","status-publish","has-post-thumbnail","hentry","pcategory-random-packing","pcategory-plastic-random-packing"],"acf":[],"yoast_head":"<!-- This site is optimized with the Yoast SEO plugin v27.4 - https:\/\/yoast.com\/product\/yoast-seo-wordpress\/ -->\n<title>Plastic Tellerette Rosette Ring<\/title>\n<meta name=\"robots\" content=\"index, follow, max-snippet:-1, max-image-preview:large, max-video-preview:-1\" \/>\n<link rel=\"canonical\" href=\"https:\/\/cpxzx.com\/es\/producto\/plastic-tellerette-rosette-ring\/\" \/>\n<meta property=\"og:locale\" content=\"es_ES\" \/>\n<meta property=\"og:type\" content=\"article\" \/>\n<meta property=\"og:title\" content=\"Plastic Tellerette Rosette Ring\" \/>\n<meta property=\"og:description\" content=\"Plastic Tellerette Rosette Ring, also known as Plastic Teller Rosette Ring, was invented by Tell A.J. in 1956. It features several small rings arranged within a larger ring to increase liquid holdup and enhance gas-liquid contact time.  This packing offers high free volume, low pressure drop, uniform gas-liquid distribution, and high mass transfer efficiency. It is available in various materials, shapes, and sizes to suit different applications.\" \/>\n<meta property=\"og:url\" content=\"https:\/\/cpxzx.com\/es\/producto\/plastic-tellerette-rosette-ring\/\" \/>\n<meta property=\"og:site_name\" content=\"Cooling Tower Fill, China PVC Fills Manufacturer\" \/>\n<meta property=\"og:image\" content=\"https:\/\/cpxzx.com\/wp-content\/uploads\/2025\/08\/Plastic-Tellerette-Rosette-Ring1-1.jpg\" \/>\n\t<meta property=\"og:image:width\" content=\"550\" \/>\n\t<meta property=\"og:image:height\" content=\"550\" \/>\n\t<meta property=\"og:image:type\" content=\"image\/jpeg\" \/>\n<meta name=\"twitter:card\" content=\"summary_large_image\" \/>\n<meta name=\"twitter:label1\" content=\"Tiempo de lectura\" \/>\n\t<meta name=\"twitter:data1\" content=\"2 minutos\" \/>\n<script type=\"application\/ld+json\" class=\"yoast-schema-graph\">{\"@context\":\"https:\\\/\\\/schema.org\",\"@graph\":[{\"@type\":\"WebPage\",\"@id\":\"https:\\\/\\\/cpxzx.com\\\/product\\\/plastic-tellerette-rosette-ring\\\/\",\"url\":\"https:\\\/\\\/cpxzx.com\\\/product\\\/plastic-tellerette-rosette-ring\\\/\",\"name\":\"Plastic Tellerette Rosette Ring\",\"isPartOf\":{\"@id\":\"https:\\\/\\\/cpxzx.com\\\/#website\"},\"primaryImageOfPage\":{\"@id\":\"https:\\\/\\\/cpxzx.com\\\/product\\\/plastic-tellerette-rosette-ring\\\/#primaryimage\"},\"image\":{\"@id\":\"https:\\\/\\\/cpxzx.com\\\/product\\\/plastic-tellerette-rosette-ring\\\/#primaryimage\"},\"thumbnailUrl\":\"https:\\\/\\\/cpxzx.com\\\/wp-content\\\/uploads\\\/2025\\\/08\\\/Plastic-Tellerette-Rosette-Ring1-1.jpg\",\"datePublished\":\"2025-08-04T03:15:04+00:00\",\"breadcrumb\":{\"@id\":\"https:\\\/\\\/cpxzx.com\\\/product\\\/plastic-tellerette-rosette-ring\\\/#breadcrumb\"},\"inLanguage\":\"es\",\"potentialAction\":[{\"@type\":\"ReadAction\",\"target\":[\"https:\\\/\\\/cpxzx.com\\\/product\\\/plastic-tellerette-rosette-ring\\\/\"]}]},{\"@type\":\"ImageObject\",\"inLanguage\":\"es\",\"@id\":\"https:\\\/\\\/cpxzx.com\\\/product\\\/plastic-tellerette-rosette-ring\\\/#primaryimage\",\"url\":\"https:\\\/\\\/cpxzx.com\\\/wp-content\\\/uploads\\\/2025\\\/08\\\/Plastic-Tellerette-Rosette-Ring1-1.jpg\",\"contentUrl\":\"https:\\\/\\\/cpxzx.com\\\/wp-content\\\/uploads\\\/2025\\\/08\\\/Plastic-Tellerette-Rosette-Ring1-1.jpg\",\"width\":550,\"height\":550},{\"@type\":\"BreadcrumbList\",\"@id\":\"https:\\\/\\\/cpxzx.com\\\/product\\\/plastic-tellerette-rosette-ring\\\/#breadcrumb\",\"itemListElement\":[{\"@type\":\"ListItem\",\"position\":1,\"name\":\"Home\",\"item\":\"https:\\\/\\\/cpxzx.com\\\/\"},{\"@type\":\"ListItem\",\"position\":2,\"name\":\"Random Packing\",\"item\":\"https:\\\/\\\/cpxzx.com\\\/pcategory\\\/random-packing\\\/\"},{\"@type\":\"ListItem\",\"position\":3,\"name\":\"Plastic Random Packing\",\"item\":\"https:\\\/\\\/cpxzx.com\\\/pcategory\\\/random-packing\\\/plastic-random-packing\\\/\"},{\"@type\":\"ListItem\",\"position\":4,\"name\":\"Plastic Tellerette Rosette Ring PP, PE, RPP, PVC, CPVC,PVDF\"}]},{\"@type\":\"WebSite\",\"@id\":\"https:\\\/\\\/cpxzx.com\\\/#website\",\"url\":\"https:\\\/\\\/cpxzx.com\\\/\",\"name\":\"Cooling Tower Fill, China PVC Fills Manufacturer\",\"description\":\"\",\"publisher\":{\"@id\":\"https:\\\/\\\/cpxzx.com\\\/#organization\"},\"potentialAction\":[{\"@type\":\"SearchAction\",\"target\":{\"@type\":\"EntryPoint\",\"urlTemplate\":\"https:\\\/\\\/cpxzx.com\\\/?s={search_term_string}\"},\"query-input\":{\"@type\":\"PropertyValueSpecification\",\"valueRequired\":true,\"valueName\":\"search_term_string\"}}],\"inLanguage\":\"es\"},{\"@type\":\"Organization\",\"@id\":\"https:\\\/\\\/cpxzx.com\\\/#organization\",\"name\":\"Cooling Tower Fill, China PVC Fills Manufacturer\",\"url\":\"https:\\\/\\\/cpxzx.com\\\/\",\"logo\":{\"@type\":\"ImageObject\",\"inLanguage\":\"es\",\"@id\":\"https:\\\/\\\/cpxzx.com\\\/#\\\/schema\\\/logo\\\/image\\\/\",\"url\":\"https:\\\/\\\/cpxzx.com\\\/wp-content\\\/uploads\\\/2025\\\/07\\\/1751628807-logo.png\",\"contentUrl\":\"https:\\\/\\\/cpxzx.com\\\/wp-content\\\/uploads\\\/2025\\\/07\\\/1751628807-logo.png\",\"width\":383,\"height\":87,\"caption\":\"Cooling Tower Fill, China PVC Fills Manufacturer\"},\"image\":{\"@id\":\"https:\\\/\\\/cpxzx.com\\\/#\\\/schema\\\/logo\\\/image\\\/\"}}]}<\/script>\n<!-- \/ Yoast SEO plugin. -->","yoast_head_json":{"title":"Plastic Tellerette Rosette Ring","robots":{"index":"index","follow":"follow","max-snippet":"max-snippet:-1","max-image-preview":"max-image-preview:large","max-video-preview":"max-video-preview:-1"},"canonical":"https:\/\/cpxzx.com\/es\/producto\/plastic-tellerette-rosette-ring\/","og_locale":"es_ES","og_type":"article","og_title":"Plastic Tellerette Rosette Ring","og_description":"Plastic Tellerette Rosette Ring, also known as Plastic Teller Rosette Ring, was invented by Tell A.J. in 1956. It features several small rings arranged within a larger ring to increase liquid holdup and enhance gas-liquid contact time.  This packing offers high free volume, low pressure drop, uniform gas-liquid distribution, and high mass transfer efficiency. It is available in various materials, shapes, and sizes to suit different applications.","og_url":"https:\/\/cpxzx.com\/es\/producto\/plastic-tellerette-rosette-ring\/","og_site_name":"Cooling Tower Fill, China PVC Fills Manufacturer","og_image":[{"width":550,"height":550,"url":"https:\/\/cpxzx.com\/wp-content\/uploads\/2025\/08\/Plastic-Tellerette-Rosette-Ring1-1.jpg","type":"image\/jpeg"}],"twitter_card":"summary_large_image","twitter_misc":{"Tiempo de lectura":"2 minutos"},"schema":{"@context":"https:\/\/schema.org","@graph":[{"@type":"WebPage","@id":"https:\/\/cpxzx.com\/product\/plastic-tellerette-rosette-ring\/","url":"https:\/\/cpxzx.com\/product\/plastic-tellerette-rosette-ring\/","name":"Plastic Tellerette Rosette Ring","isPartOf":{"@id":"https:\/\/cpxzx.com\/#website"},"primaryImageOfPage":{"@id":"https:\/\/cpxzx.com\/product\/plastic-tellerette-rosette-ring\/#primaryimage"},"image":{"@id":"https:\/\/cpxzx.com\/product\/plastic-tellerette-rosette-ring\/#primaryimage"},"thumbnailUrl":"https:\/\/cpxzx.com\/wp-content\/uploads\/2025\/08\/Plastic-Tellerette-Rosette-Ring1-1.jpg","datePublished":"2025-08-04T03:15:04+00:00","breadcrumb":{"@id":"https:\/\/cpxzx.com\/product\/plastic-tellerette-rosette-ring\/#breadcrumb"},"inLanguage":"es","potentialAction":[{"@type":"ReadAction","target":["https:\/\/cpxzx.com\/product\/plastic-tellerette-rosette-ring\/"]}]},{"@type":"ImageObject","inLanguage":"es","@id":"https:\/\/cpxzx.com\/product\/plastic-tellerette-rosette-ring\/#primaryimage","url":"https:\/\/cpxzx.com\/wp-content\/uploads\/2025\/08\/Plastic-Tellerette-Rosette-Ring1-1.jpg","contentUrl":"https:\/\/cpxzx.com\/wp-content\/uploads\/2025\/08\/Plastic-Tellerette-Rosette-Ring1-1.jpg","width":550,"height":550},{"@type":"BreadcrumbList","@id":"https:\/\/cpxzx.com\/product\/plastic-tellerette-rosette-ring\/#breadcrumb","itemListElement":[{"@type":"ListItem","position":1,"name":"Home","item":"https:\/\/cpxzx.com\/"},{"@type":"ListItem","position":2,"name":"Random Packing","item":"https:\/\/cpxzx.com\/pcategory\/random-packing\/"},{"@type":"ListItem","position":3,"name":"Plastic Random Packing","item":"https:\/\/cpxzx.com\/pcategory\/random-packing\/plastic-random-packing\/"},{"@type":"ListItem","position":4,"name":"Plastic Tellerette Rosette Ring PP, PE, RPP, PVC, CPVC,PVDF"}]},{"@type":"WebSite","@id":"https:\/\/cpxzx.com\/#website","url":"https:\/\/cpxzx.com\/","name":"Relleno de torre de refrigeraci\u00f3n, Fabricante de rellenos de PVC en China","description":"","publisher":{"@id":"https:\/\/cpxzx.com\/#organization"},"potentialAction":[{"@type":"SearchAction","target":{"@type":"EntryPoint","urlTemplate":"https:\/\/cpxzx.com\/?s={search_term_string}"},"query-input":{"@type":"PropertyValueSpecification","valueRequired":true,"valueName":"search_term_string"}}],"inLanguage":"es"},{"@type":"Organization","@id":"https:\/\/cpxzx.com\/#organization","name":"Relleno de torre de refrigeraci\u00f3n, Fabricante de rellenos de PVC en China","url":"https:\/\/cpxzx.com\/","logo":{"@type":"ImageObject","inLanguage":"es","@id":"https:\/\/cpxzx.com\/#\/schema\/logo\/image\/","url":"https:\/\/cpxzx.com\/wp-content\/uploads\/2025\/07\/1751628807-logo.png","contentUrl":"https:\/\/cpxzx.com\/wp-content\/uploads\/2025\/07\/1751628807-logo.png","width":383,"height":87,"caption":"Cooling Tower Fill, China PVC Fills Manufacturer"},"image":{"@id":"https:\/\/cpxzx.com\/#\/schema\/logo\/image\/"}}]}},"taxonomy_info":{"pcategory":[{"value":22,"label":"Random Packing"},{"value":25,"label":"Plastic Random Packing"}]},"featured_image_src_large":["https:\/\/cpxzx.com\/wp-content\/uploads\/2025\/08\/Plastic-Tellerette-Rosette-Ring1-1.jpg",550,550,false],"author_info":[],"comment_info":"","_links":{"self":[{"href":"https:\/\/cpxzx.com\/es\/wp-json\/wp\/v2\/product\/2867","targetHints":{"allow":["GET"]}}],"collection":[{"href":"https:\/\/cpxzx.com\/es\/wp-json\/wp\/v2\/product"}],"about":[{"href":"https:\/\/cpxzx.com\/es\/wp-json\/wp\/v2\/types\/product"}],"wp:featuredmedia":[{"embeddable":true,"href":"https:\/\/cpxzx.com\/es\/wp-json\/wp\/v2\/media\/2869"}],"wp:attachment":[{"href":"https:\/\/cpxzx.com\/es\/wp-json\/wp\/v2\/media?parent=2867"}],"wp:term":[{"taxonomy":"pcategory","embeddable":true,"href":"https:\/\/cpxzx.com\/es\/wp-json\/wp\/v2\/pcategory?post=2867"},{"taxonomy":"ptag","embeddable":true,"href":"https:\/\/cpxzx.com\/es\/wp-json\/wp\/v2\/ptag?post=2867"}],"curies":[{"name":"wp","href":"https:\/\/api.w.org\/{rel}","templated":true}]}}