{"id":2858,"date":"2025-07-30T10:49:06","date_gmt":"2025-07-30T10:49:06","guid":{"rendered":"https:\/\/cpxzx.com\/?post_type=product&#038;p=2858"},"modified":"2025-07-30T10:49:50","modified_gmt":"2025-07-30T10:49:50","slug":"ceramic-mini-lessing-ring","status":"publish","type":"product","link":"https:\/\/cpxzx.com\/es\/producto\/ceramic-mini-lessing-ring\/","title":{"rendered":"Mini anillo Lessing de cer\u00e1mica"},"content":{"rendered":"<p><strong>Mini anillo Lessing de cer\u00e1mica<\/strong> es un avanzado material de empaquetadura para torres desarrollado a partir de la mejora del tradicional anillo cer\u00e1mico Raschig. Ofrece una superficie y una resistencia a la compresi\u00f3n superiores, adem\u00e1s de una excelente resistencia a los \u00e1cidos y al calor. Fabricado mediante calcinaci\u00f3n durante 24 horas a temperaturas de sinterizaci\u00f3n superiores a 1.000 \u00b0C, es un producto cer\u00e1mico inerte que funciona con fiabilidad en entornos de alta y baja temperatura.<\/p>\n<h2>Caracter\u00edsticas principales<\/h2>\n<ul class=\"list-paddingleft-2\">\n<li>Mayor superficie y resistencia mec\u00e1nica en comparaci\u00f3n con los anillos Raschig est\u00e1ndar<\/li>\n<li>Excelente resistencia a la corrosi\u00f3n por la mayor\u00eda de los \u00e1cidos y disolventes inorg\u00e1nicos y org\u00e1nicos (excluido el \u00e1cido fluorh\u00eddrico)<\/li>\n<li>Estabilidad a altas temperaturas, adecuado para su uso por encima de 1000\u00b0C<\/li>\n<li>Estructura de material inerte y duradero para un rendimiento a largo plazo<\/li>\n<\/ul>\n<h2>Aplicaciones<\/h2>\n<ul class=\"list-paddingleft-2\">\n<li>Columnas de secado, columnas de absorci\u00f3n y torres de lavado en las industrias qu\u00edmica, del gas de hulla y metal\u00fargica.<\/li>\n<li>Torres de refrigeraci\u00f3n y unidades de producci\u00f3n de ox\u00edgeno<\/li>\n<li>Soportes en la parte inferior de las torres de embalaje<\/li>\n<li>Medios de transferencia de calor en oxidadores t\u00e9rmicos regenerativos (RTO) y otros sistemas de intercambio de calor<\/li>\n<\/ul>\n<h2>Ventajas t\u00e9cnicas<\/h2>\n<ul class=\"list-paddingleft-2\">\n<li>La alta densidad garantiza la estabilidad bajo carga<\/li>\n<li>La baja porosidad reduce el riesgo de obstrucci\u00f3n<\/li>\n<li>Forma y distribuci\u00f3n de tama\u00f1os homog\u00e9neas para una eficacia de envasado \u00f3ptima<\/li>\n<\/ul>\n<p>Los minianillos Lessing cer\u00e1micos son ampliamente reconocidos por su versatilidad y rendimiento en entornos industriales exigentes, lo que los convierte en la opci\u00f3n preferida para operaciones de transferencia de masa y calor en m\u00faltiples sectores.<\/p>","protected":false},"excerpt":{"rendered":"<p>El minianillo de Lessing cer\u00e1mico es un avanzado material de relleno de torres desarrollado a partir de la mejora del tradicional anillo Raschig cer\u00e1mico. Ofrece una superficie y una resistencia a la compresi\u00f3n superiores, adem\u00e1s de una excelente resistencia a los \u00e1cidos y al calor. Fabricado mediante calcinaci\u00f3n durante 24 horas a temperaturas de sinterizaci\u00f3n superiores a 1.000 \u00b0C, es un producto cer\u00e1mico inerte que...<\/p>","protected":false},"featured_media":2859,"parent":0,"template":"","meta":{"_acf_changed":false,"_kad_blocks_custom_css":"","_kad_blocks_head_custom_js":"","_kad_blocks_body_custom_js":"","_kad_blocks_footer_custom_js":"","_kadence_starter_templates_imported_post":false,"_kad_post_transparent":"default","_kad_post_title":"","_kad_post_layout":"default","_kad_post_sidebar_id":"","_kad_post_content_style":"default","_kad_post_vertical_padding":"default","_kad_post_feature":"","_kad_post_feature_position":"","_kad_post_header":false,"_kad_post_footer":false},"pcategory":[22,24],"ptag":[],"class_list":["post-2858","product","type-product","status-publish","has-post-thumbnail","hentry","pcategory-random-packing","pcategory-ceramic-random-packing"],"acf":[],"yoast_head":"<!-- This site is optimized with the Yoast SEO plugin v27.4 - https:\/\/yoast.com\/product\/yoast-seo-wordpress\/ -->\n<title>Ceramic Mini Lessing Ring<\/title>\n<meta name=\"robots\" content=\"index, follow, max-snippet:-1, max-image-preview:large, max-video-preview:-1\" \/>\n<link rel=\"canonical\" href=\"https:\/\/cpxzx.com\/es\/producto\/ceramic-mini-lessing-ring\/\" \/>\n<meta property=\"og:locale\" content=\"es_ES\" \/>\n<meta property=\"og:type\" content=\"article\" \/>\n<meta property=\"og:title\" content=\"Ceramic Mini Lessing Ring\" \/>\n<meta property=\"og:description\" content=\"Ceramic Mini Lessing Ring is an advanced tower packing material developed by improving upon the traditional ceramic Raschig Ring. It offers superior surface area and compressive strength, along with outstanding acid and heat resistance. Manufactured through 24-hour calcination at sintering temperatures exceeding 1000\u00b0C, it is an inert ceramic product that performs reliably in high- and...\" \/>\n<meta property=\"og:url\" content=\"https:\/\/cpxzx.com\/es\/producto\/ceramic-mini-lessing-ring\/\" \/>\n<meta property=\"og:site_name\" content=\"Cooling Tower Fill, China PVC Fills Manufacturer\" \/>\n<meta property=\"article:modified_time\" content=\"2025-07-30T10:49:50+00:00\" \/>\n<meta property=\"og:image\" content=\"https:\/\/cpxzx.com\/wp-content\/uploads\/2025\/07\/Ceramic-Mini-Lessing-Ring1.jpg\" \/>\n\t<meta property=\"og:image:width\" content=\"550\" \/>\n\t<meta property=\"og:image:height\" content=\"550\" \/>\n\t<meta property=\"og:image:type\" content=\"image\/jpeg\" \/>\n<meta name=\"twitter:card\" content=\"summary_large_image\" \/>\n<meta name=\"twitter:label1\" content=\"Tiempo de lectura\" \/>\n\t<meta name=\"twitter:data1\" content=\"2 minutos\" \/>\n<script type=\"application\/ld+json\" class=\"yoast-schema-graph\">{\"@context\":\"https:\\\/\\\/schema.org\",\"@graph\":[{\"@type\":\"WebPage\",\"@id\":\"https:\\\/\\\/cpxzx.com\\\/product\\\/ceramic-mini-lessing-ring\\\/\",\"url\":\"https:\\\/\\\/cpxzx.com\\\/product\\\/ceramic-mini-lessing-ring\\\/\",\"name\":\"Ceramic Mini Lessing Ring\",\"isPartOf\":{\"@id\":\"https:\\\/\\\/cpxzx.com\\\/#website\"},\"primaryImageOfPage\":{\"@id\":\"https:\\\/\\\/cpxzx.com\\\/product\\\/ceramic-mini-lessing-ring\\\/#primaryimage\"},\"image\":{\"@id\":\"https:\\\/\\\/cpxzx.com\\\/product\\\/ceramic-mini-lessing-ring\\\/#primaryimage\"},\"thumbnailUrl\":\"https:\\\/\\\/cpxzx.com\\\/wp-content\\\/uploads\\\/2025\\\/07\\\/Ceramic-Mini-Lessing-Ring1.jpg\",\"datePublished\":\"2025-07-30T10:49:06+00:00\",\"dateModified\":\"2025-07-30T10:49:50+00:00\",\"breadcrumb\":{\"@id\":\"https:\\\/\\\/cpxzx.com\\\/product\\\/ceramic-mini-lessing-ring\\\/#breadcrumb\"},\"inLanguage\":\"es\",\"potentialAction\":[{\"@type\":\"ReadAction\",\"target\":[\"https:\\\/\\\/cpxzx.com\\\/product\\\/ceramic-mini-lessing-ring\\\/\"]}]},{\"@type\":\"ImageObject\",\"inLanguage\":\"es\",\"@id\":\"https:\\\/\\\/cpxzx.com\\\/product\\\/ceramic-mini-lessing-ring\\\/#primaryimage\",\"url\":\"https:\\\/\\\/cpxzx.com\\\/wp-content\\\/uploads\\\/2025\\\/07\\\/Ceramic-Mini-Lessing-Ring1.jpg\",\"contentUrl\":\"https:\\\/\\\/cpxzx.com\\\/wp-content\\\/uploads\\\/2025\\\/07\\\/Ceramic-Mini-Lessing-Ring1.jpg\",\"width\":550,\"height\":550},{\"@type\":\"BreadcrumbList\",\"@id\":\"https:\\\/\\\/cpxzx.com\\\/product\\\/ceramic-mini-lessing-ring\\\/#breadcrumb\",\"itemListElement\":[{\"@type\":\"ListItem\",\"position\":1,\"name\":\"Home\",\"item\":\"https:\\\/\\\/cpxzx.com\\\/\"},{\"@type\":\"ListItem\",\"position\":2,\"name\":\"Random Packing\",\"item\":\"https:\\\/\\\/cpxzx.com\\\/pcategory\\\/random-packing\\\/\"},{\"@type\":\"ListItem\",\"position\":3,\"name\":\"Ceramic Mini Lessing Ring\"}]},{\"@type\":\"WebSite\",\"@id\":\"https:\\\/\\\/cpxzx.com\\\/#website\",\"url\":\"https:\\\/\\\/cpxzx.com\\\/\",\"name\":\"Cooling Tower Fill, China PVC Fills Manufacturer\",\"description\":\"\",\"publisher\":{\"@id\":\"https:\\\/\\\/cpxzx.com\\\/#organization\"},\"potentialAction\":[{\"@type\":\"SearchAction\",\"target\":{\"@type\":\"EntryPoint\",\"urlTemplate\":\"https:\\\/\\\/cpxzx.com\\\/?s={search_term_string}\"},\"query-input\":{\"@type\":\"PropertyValueSpecification\",\"valueRequired\":true,\"valueName\":\"search_term_string\"}}],\"inLanguage\":\"es\"},{\"@type\":\"Organization\",\"@id\":\"https:\\\/\\\/cpxzx.com\\\/#organization\",\"name\":\"Cooling Tower Fill, China PVC Fills Manufacturer\",\"url\":\"https:\\\/\\\/cpxzx.com\\\/\",\"logo\":{\"@type\":\"ImageObject\",\"inLanguage\":\"es\",\"@id\":\"https:\\\/\\\/cpxzx.com\\\/#\\\/schema\\\/logo\\\/image\\\/\",\"url\":\"https:\\\/\\\/cpxzx.com\\\/wp-content\\\/uploads\\\/2025\\\/07\\\/1751628807-logo.png\",\"contentUrl\":\"https:\\\/\\\/cpxzx.com\\\/wp-content\\\/uploads\\\/2025\\\/07\\\/1751628807-logo.png\",\"width\":383,\"height\":87,\"caption\":\"Cooling Tower Fill, China PVC Fills Manufacturer\"},\"image\":{\"@id\":\"https:\\\/\\\/cpxzx.com\\\/#\\\/schema\\\/logo\\\/image\\\/\"}}]}<\/script>\n<!-- \/ Yoast SEO plugin. -->","yoast_head_json":{"title":"Mini anillo Lessing de cer\u00e1mica","robots":{"index":"index","follow":"follow","max-snippet":"max-snippet:-1","max-image-preview":"max-image-preview:large","max-video-preview":"max-video-preview:-1"},"canonical":"https:\/\/cpxzx.com\/es\/producto\/ceramic-mini-lessing-ring\/","og_locale":"es_ES","og_type":"article","og_title":"Ceramic Mini Lessing Ring","og_description":"Ceramic Mini Lessing Ring is an advanced tower packing material developed by improving upon the traditional ceramic Raschig Ring. It offers superior surface area and compressive strength, along with outstanding acid and heat resistance. Manufactured through 24-hour calcination at sintering temperatures exceeding 1000\u00b0C, it is an inert ceramic product that performs reliably in high- and...","og_url":"https:\/\/cpxzx.com\/es\/producto\/ceramic-mini-lessing-ring\/","og_site_name":"Cooling Tower Fill, China PVC Fills Manufacturer","article_modified_time":"2025-07-30T10:49:50+00:00","og_image":[{"width":550,"height":550,"url":"https:\/\/cpxzx.com\/wp-content\/uploads\/2025\/07\/Ceramic-Mini-Lessing-Ring1.jpg","type":"image\/jpeg"}],"twitter_card":"summary_large_image","twitter_misc":{"Tiempo de lectura":"2 minutos"},"schema":{"@context":"https:\/\/schema.org","@graph":[{"@type":"WebPage","@id":"https:\/\/cpxzx.com\/product\/ceramic-mini-lessing-ring\/","url":"https:\/\/cpxzx.com\/product\/ceramic-mini-lessing-ring\/","name":"Mini anillo Lessing de cer\u00e1mica","isPartOf":{"@id":"https:\/\/cpxzx.com\/#website"},"primaryImageOfPage":{"@id":"https:\/\/cpxzx.com\/product\/ceramic-mini-lessing-ring\/#primaryimage"},"image":{"@id":"https:\/\/cpxzx.com\/product\/ceramic-mini-lessing-ring\/#primaryimage"},"thumbnailUrl":"https:\/\/cpxzx.com\/wp-content\/uploads\/2025\/07\/Ceramic-Mini-Lessing-Ring1.jpg","datePublished":"2025-07-30T10:49:06+00:00","dateModified":"2025-07-30T10:49:50+00:00","breadcrumb":{"@id":"https:\/\/cpxzx.com\/product\/ceramic-mini-lessing-ring\/#breadcrumb"},"inLanguage":"es","potentialAction":[{"@type":"ReadAction","target":["https:\/\/cpxzx.com\/product\/ceramic-mini-lessing-ring\/"]}]},{"@type":"ImageObject","inLanguage":"es","@id":"https:\/\/cpxzx.com\/product\/ceramic-mini-lessing-ring\/#primaryimage","url":"https:\/\/cpxzx.com\/wp-content\/uploads\/2025\/07\/Ceramic-Mini-Lessing-Ring1.jpg","contentUrl":"https:\/\/cpxzx.com\/wp-content\/uploads\/2025\/07\/Ceramic-Mini-Lessing-Ring1.jpg","width":550,"height":550},{"@type":"BreadcrumbList","@id":"https:\/\/cpxzx.com\/product\/ceramic-mini-lessing-ring\/#breadcrumb","itemListElement":[{"@type":"ListItem","position":1,"name":"Home","item":"https:\/\/cpxzx.com\/"},{"@type":"ListItem","position":2,"name":"Random Packing","item":"https:\/\/cpxzx.com\/pcategory\/random-packing\/"},{"@type":"ListItem","position":3,"name":"Ceramic Mini Lessing Ring"}]},{"@type":"WebSite","@id":"https:\/\/cpxzx.com\/#website","url":"https:\/\/cpxzx.com\/","name":"Relleno de torre de refrigeraci\u00f3n, Fabricante de rellenos de PVC en China","description":"","publisher":{"@id":"https:\/\/cpxzx.com\/#organization"},"potentialAction":[{"@type":"SearchAction","target":{"@type":"EntryPoint","urlTemplate":"https:\/\/cpxzx.com\/?s={search_term_string}"},"query-input":{"@type":"PropertyValueSpecification","valueRequired":true,"valueName":"search_term_string"}}],"inLanguage":"es"},{"@type":"Organization","@id":"https:\/\/cpxzx.com\/#organization","name":"Relleno de torre de refrigeraci\u00f3n, Fabricante de rellenos de PVC en China","url":"https:\/\/cpxzx.com\/","logo":{"@type":"ImageObject","inLanguage":"es","@id":"https:\/\/cpxzx.com\/#\/schema\/logo\/image\/","url":"https:\/\/cpxzx.com\/wp-content\/uploads\/2025\/07\/1751628807-logo.png","contentUrl":"https:\/\/cpxzx.com\/wp-content\/uploads\/2025\/07\/1751628807-logo.png","width":383,"height":87,"caption":"Cooling Tower Fill, China PVC Fills Manufacturer"},"image":{"@id":"https:\/\/cpxzx.com\/#\/schema\/logo\/image\/"}}]}},"taxonomy_info":{"pcategory":[{"value":22,"label":"Random Packing"},{"value":24,"label":"Ceramic Random Packing"}]},"featured_image_src_large":["https:\/\/cpxzx.com\/wp-content\/uploads\/2025\/07\/Ceramic-Mini-Lessing-Ring1.jpg",550,550,false],"author_info":[],"comment_info":"","_links":{"self":[{"href":"https:\/\/cpxzx.com\/es\/wp-json\/wp\/v2\/product\/2858","targetHints":{"allow":["GET"]}}],"collection":[{"href":"https:\/\/cpxzx.com\/es\/wp-json\/wp\/v2\/product"}],"about":[{"href":"https:\/\/cpxzx.com\/es\/wp-json\/wp\/v2\/types\/product"}],"wp:featuredmedia":[{"embeddable":true,"href":"https:\/\/cpxzx.com\/es\/wp-json\/wp\/v2\/media\/2859"}],"wp:attachment":[{"href":"https:\/\/cpxzx.com\/es\/wp-json\/wp\/v2\/media?parent=2858"}],"wp:term":[{"taxonomy":"pcategory","embeddable":true,"href":"https:\/\/cpxzx.com\/es\/wp-json\/wp\/v2\/pcategory?post=2858"},{"taxonomy":"ptag","embeddable":true,"href":"https:\/\/cpxzx.com\/es\/wp-json\/wp\/v2\/ptag?post=2858"}],"curies":[{"name":"wp","href":"https:\/\/api.w.org\/{rel}","templated":true}]}}