{"id":2850,"date":"2025-07-28T14:19:29","date_gmt":"2025-07-28T14:19:29","guid":{"rendered":"https:\/\/cpxzx.com\/?post_type=product&#038;p=2850"},"modified":"2025-07-30T11:07:08","modified_gmt":"2025-07-30T11:07:08","slug":"ceramic-cascade-mini-ring","status":"publish","type":"product","link":"https:\/\/cpxzx.com\/es\/producto\/ceramic-cascade-mini-ring\/","title":{"rendered":"Mini Anillo Cascada Cer\u00e1mica 25mm 50mm 76mm"},"content":{"rendered":"<p><strong>Mini Anillo Cascada Cer\u00e1mica<\/strong> es un material de empaquetadura aleatoria altamente eficaz que ha evolucionado a partir del anillo Pall y el anillo Raschig, especialmente dise\u00f1ado para reducir la ca\u00edda de presi\u00f3n y mejorar la capacidad de las plantas. Con su estructura \u00fanica, el minianillo cer\u00e1mico en cascada ofrece numerosas ventajas en diversas aplicaciones industriales. Este producto es conocido por su mayor resistencia mec\u00e1nica, mejor distribuci\u00f3n de vapor-l\u00edquido y mejoras significativas en la eficacia de la transferencia de masa, lo que lo convierte en la elecci\u00f3n preferida en el procesamiento qu\u00edmico e industrial.<\/p>\n<h2>Caracter\u00edsticas principales del minianillo de cer\u00e1mica en cascada<\/h2>\n<ul class=\"list-paddingleft-2\">\n<li>Resistencia a \u00e1cidos y \u00e1lcalis para una mayor durabilidad en condiciones duras.<\/li>\n<li>Excelente resistencia al calor, lo que permite su uso en entornos de alta o baja temperatura.<\/li>\n<li>Elevada superficie espec\u00edfica, que contribuye a mejorar la transferencia de masa.<\/li>\n<li>Bajo coste con m\u00faltiples opciones de tama\u00f1o para satisfacer las diferentes necesidades de aplicaci\u00f3n.<\/li>\n<li>Alta resistencia mec\u00e1nica, lo que aumenta su durabilidad y longevidad en entornos industriales.<\/li>\n<li>Baja relaci\u00f3n de aspecto que ayuda a un contacto eficaz vapor-l\u00edquido.<\/li>\n<\/ul>\n<h2>Especificaciones<\/h2>\n<p>El minianillo cer\u00e1mico en cascada est\u00e1 disponible en varios tama\u00f1os y especificaciones t\u00e9cnicas, cada uno de ellos dise\u00f1ado para optimizar el rendimiento en diversas aplicaciones. A continuaci\u00f3n encontrar\u00e1 una tabla con informaci\u00f3n detallada sobre los tama\u00f1os, la superficie, la fracci\u00f3n vac\u00eda, la densidad aparente y otros par\u00e1metros clave:<\/p>\n<table>\n<tbody>\n<tr>\n<th>Tipo<\/th>\n<th>Talla<br \/>\n(mm)<\/th>\n<th>Superficie espec\u00edfica<br \/>\n(m2\/m3)<\/th>\n<th>Vac\u00edo<br \/>\n(%)<\/th>\n<th>Densidad aparente<br \/>\n(kg\/m3)<\/th>\n<th>N\u00famero<br \/>\n(N\/m3)<\/th>\n<th>Factor de embalaje en seco<br \/>\n(m-1)<\/th>\n<\/tr>\n<tr>\n<td>\u03c625<\/td>\n<td>25*17.5*3<\/td>\n<td>250<\/td>\n<td>69<\/td>\n<td>624<\/td>\n<td>74000<\/td>\n<td>245<\/td>\n<\/tr>\n<tr>\n<td>\u03c630<\/td>\n<td>30*21*3<\/td>\n<td>230<\/td>\n<td>72<\/td>\n<td>650<\/td>\n<td>46200<\/td>\n<td>225<\/td>\n<\/tr>\n<tr>\n<td>\u03c640<\/td>\n<td>40*28*4<\/td>\n<td>185<\/td>\n<td>81<\/td>\n<td>650<\/td>\n<td>32500<\/td>\n<td>126<\/td>\n<\/tr>\n<tr>\n<td>\u03c650<\/td>\n<td>50*30*5<\/td>\n<td>149.6<\/td>\n<td>78<\/td>\n<td>580<\/td>\n<td>8980<\/td>\n<td>120<\/td>\n<\/tr>\n<tr>\n<td>\u03c676<\/td>\n<td>76*46*9<\/td>\n<td>75<\/td>\n<td>78<\/td>\n<td>530<\/td>\n<td>2500<\/td>\n<td>158<\/td>\n<\/tr>\n<\/tbody>\n<\/table>\n<h2>Ventajas del minianillo cer\u00e1mico en cascada<\/h2>\n<p>El minianillo cer\u00e1mico en cascada destaca por sus notables propiedades de resistencia a los \u00e1cidos y al calor. Puede soportar la corrosi\u00f3n de diversos \u00e1cidos inorg\u00e1nicos, \u00e1cidos org\u00e1nicos y disolventes org\u00e1nicos, excluido el \u00e1cido fluorh\u00eddrico. Adem\u00e1s, puede utilizarse tanto a altas como a bajas temperaturas, lo que lo hace adecuado para una amplia gama de aplicaciones. Su dise\u00f1o \u00fanico permite mejorar la interacci\u00f3n vapor-l\u00edquido, que es un factor clave en su eficacia de transferencia de masa. Al aumentar la interfaz entre vapor y l\u00edquido, contribuye a mejorar la eficacia general de los procesos industriales, incluidas las operaciones de secado, absorci\u00f3n y refrigeraci\u00f3n.<\/p>\n<h2>Aplicaciones del minianillo cer\u00e1mico en cascada<\/h2>\n<p>El minianillo cer\u00e1mico en cascada es vers\u00e1til y se utiliza ampliamente en muchas industrias. Debido a su baja altura, espesor de pared delgado y baja ca\u00edda de presi\u00f3n, es particularmente beneficioso para su uso en columnas de secado y absorci\u00f3n. Tambi\u00e9n se utiliza mucho en torres de refrigeraci\u00f3n, depuradores y torres de recuperaci\u00f3n de \u00e1cidos, desulfuraci\u00f3n y otros procesos industriales. Algunas de las principales industrias que utilizan minianillos cer\u00e1micos en cascada son:<\/p>\n<ul class=\"list-paddingleft-2\">\n<li>Metalurgia<\/li>\n<li>Productos qu\u00edmicos<\/li>\n<li>Producci\u00f3n de fertilizantes<\/li>\n<li>Industria farmac\u00e9utica<\/li>\n<li>Producci\u00f3n de gas y ox\u00edgeno<\/li>\n<li>Producci\u00f3n de \u00e1cido sulf\u00farico<\/li>\n<li>Torres de refrigeraci\u00f3n y recuperaci\u00f3n<\/li>\n<\/ul>\n<h2>Embalaje<\/h2>\n<p><img loading=\"lazy\" decoding=\"async\" class=\"alignnone wp-image-2856 size-full\" src=\"https:\/\/cpxzx.com\/wp-content\/uploads\/2025\/07\/Package.jpg\" alt=\"\" width=\"934\" height=\"350\" srcset=\"https:\/\/cpxzx.com\/wp-content\/uploads\/2025\/07\/Package.jpg 934w, https:\/\/cpxzx.com\/wp-content\/uploads\/2025\/07\/Package-300x112.jpg 300w, https:\/\/cpxzx.com\/wp-content\/uploads\/2025\/07\/Package-768x288.jpg 768w, https:\/\/cpxzx.com\/wp-content\/uploads\/2025\/07\/Package-18x7.jpg 18w\" sizes=\"auto, (max-width: 934px) 100vw, 934px\" \/><\/p>\n<p>El minianillo cer\u00e1mico en cascada se embala cuidadosamente para garantizar que llegue en condiciones \u00f3ptimas para su uso inmediato en aplicaciones industriales. Cada unidad se embala y protege profesionalmente para minimizar el riesgo de da\u00f1os durante el env\u00edo. Ofrecemos una variedad de opciones de embalaje para acomodar diferentes tama\u00f1os de pedidos, garantizando una entrega segura y protegida a sus instalaciones.<\/p>","protected":false},"excerpt":{"rendered":"<p>el minianillo cer\u00e1mico en cascada es una herramienta indispensable para las industrias que buscan optimizar la transferencia de masa, mejorar la capacidad de la planta y reducir las ca\u00eddas de presi\u00f3n. Gracias a su resistencia a los \u00e1cidos y \u00e1lcalis, al calor y a una resistencia mec\u00e1nica superior, es ideal para una gran variedad de aplicaciones industriales exigentes. Tanto si trabaja en el sector metal\u00fargico, qu\u00edmico o farmac\u00e9utico como en cualquier otro que requiera materiales de empaquetadura de alto rendimiento, el minianillo cer\u00e1mico en cascada es la soluci\u00f3n perfecta para mejorar la eficacia y fiabilidad de sus operaciones.<\/p>","protected":false},"featured_media":2853,"parent":0,"template":"","meta":{"_acf_changed":false,"_kad_blocks_custom_css":"","_kad_blocks_head_custom_js":"","_kad_blocks_body_custom_js":"","_kad_blocks_footer_custom_js":"","_kadence_starter_templates_imported_post":false,"_kad_post_transparent":"default","_kad_post_title":"","_kad_post_layout":"default","_kad_post_sidebar_id":"","_kad_post_content_style":"default","_kad_post_vertical_padding":"default","_kad_post_feature":"","_kad_post_feature_position":"","_kad_post_header":false,"_kad_post_footer":false},"pcategory":[22,24],"ptag":[],"class_list":["post-2850","product","type-product","status-publish","has-post-thumbnail","hentry","pcategory-random-packing","pcategory-ceramic-random-packing"],"acf":[],"yoast_head":"<!-- This site is optimized with the Yoast SEO plugin v27.4 - https:\/\/yoast.com\/product\/yoast-seo-wordpress\/ -->\n<title>Ceramic Cascade Mini Ring 25mm 50mm 76mm<\/title>\n<meta name=\"robots\" content=\"index, follow, max-snippet:-1, max-image-preview:large, max-video-preview:-1\" \/>\n<link rel=\"canonical\" href=\"https:\/\/cpxzx.com\/es\/producto\/ceramic-cascade-mini-ring\/\" \/>\n<meta property=\"og:locale\" content=\"es_ES\" \/>\n<meta property=\"og:type\" content=\"article\" \/>\n<meta property=\"og:title\" content=\"Ceramic Cascade Mini Ring 25mm 50mm 76mm\" \/>\n<meta property=\"og:description\" content=\"the Ceramic Cascade Mini Ring is an indispensable tool for industries looking to optimize mass transfer, improve plant capacity, and reduce pressure drops. With its acid and alkali resistance, heat resistance, and superior mechanical strength, it is ideal for a variety of demanding industrial applications. Whether you&#039;re involved in metallurgy, chemicals, pharmaceuticals, or any other industry requiring high-performance packing materials, the ceramic cascade mini ring is the perfect solution for improving efficiency and reliability in your operations.\" \/>\n<meta property=\"og:url\" content=\"https:\/\/cpxzx.com\/es\/producto\/ceramic-cascade-mini-ring\/\" \/>\n<meta property=\"og:site_name\" content=\"Cooling Tower Fill, China PVC Fills Manufacturer\" \/>\n<meta property=\"article:modified_time\" content=\"2025-07-30T11:07:08+00:00\" \/>\n<meta property=\"og:image\" content=\"https:\/\/cpxzx.com\/wp-content\/uploads\/2025\/07\/Ceramic-cascade-mini-ring3.jpg\" \/>\n\t<meta property=\"og:image:width\" content=\"550\" \/>\n\t<meta property=\"og:image:height\" content=\"550\" \/>\n\t<meta property=\"og:image:type\" content=\"image\/jpeg\" \/>\n<meta name=\"twitter:card\" content=\"summary_large_image\" \/>\n<meta name=\"twitter:label1\" content=\"Tiempo de lectura\" \/>\n\t<meta name=\"twitter:data1\" content=\"3 minutos\" \/>\n<script type=\"application\/ld+json\" class=\"yoast-schema-graph\">{\"@context\":\"https:\\\/\\\/schema.org\",\"@graph\":[{\"@type\":\"WebPage\",\"@id\":\"https:\\\/\\\/cpxzx.com\\\/product\\\/ceramic-cascade-mini-ring\\\/\",\"url\":\"https:\\\/\\\/cpxzx.com\\\/product\\\/ceramic-cascade-mini-ring\\\/\",\"name\":\"Ceramic Cascade Mini Ring 25mm 50mm 76mm\",\"isPartOf\":{\"@id\":\"https:\\\/\\\/cpxzx.com\\\/#website\"},\"primaryImageOfPage\":{\"@id\":\"https:\\\/\\\/cpxzx.com\\\/product\\\/ceramic-cascade-mini-ring\\\/#primaryimage\"},\"image\":{\"@id\":\"https:\\\/\\\/cpxzx.com\\\/product\\\/ceramic-cascade-mini-ring\\\/#primaryimage\"},\"thumbnailUrl\":\"https:\\\/\\\/cpxzx.com\\\/wp-content\\\/uploads\\\/2025\\\/07\\\/Ceramic-cascade-mini-ring3.jpg\",\"datePublished\":\"2025-07-28T14:19:29+00:00\",\"dateModified\":\"2025-07-30T11:07:08+00:00\",\"breadcrumb\":{\"@id\":\"https:\\\/\\\/cpxzx.com\\\/product\\\/ceramic-cascade-mini-ring\\\/#breadcrumb\"},\"inLanguage\":\"es\",\"potentialAction\":[{\"@type\":\"ReadAction\",\"target\":[\"https:\\\/\\\/cpxzx.com\\\/product\\\/ceramic-cascade-mini-ring\\\/\"]}]},{\"@type\":\"ImageObject\",\"inLanguage\":\"es\",\"@id\":\"https:\\\/\\\/cpxzx.com\\\/product\\\/ceramic-cascade-mini-ring\\\/#primaryimage\",\"url\":\"https:\\\/\\\/cpxzx.com\\\/wp-content\\\/uploads\\\/2025\\\/07\\\/Ceramic-cascade-mini-ring3.jpg\",\"contentUrl\":\"https:\\\/\\\/cpxzx.com\\\/wp-content\\\/uploads\\\/2025\\\/07\\\/Ceramic-cascade-mini-ring3.jpg\",\"width\":550,\"height\":550},{\"@type\":\"BreadcrumbList\",\"@id\":\"https:\\\/\\\/cpxzx.com\\\/product\\\/ceramic-cascade-mini-ring\\\/#breadcrumb\",\"itemListElement\":[{\"@type\":\"ListItem\",\"position\":1,\"name\":\"Home\",\"item\":\"https:\\\/\\\/cpxzx.com\\\/\"},{\"@type\":\"ListItem\",\"position\":2,\"name\":\"Random Packing\",\"item\":\"https:\\\/\\\/cpxzx.com\\\/pcategory\\\/random-packing\\\/\"},{\"@type\":\"ListItem\",\"position\":3,\"name\":\"Ceramic Random Packing\",\"item\":\"https:\\\/\\\/cpxzx.com\\\/pcategory\\\/random-packing\\\/ceramic-random-packing\\\/\"},{\"@type\":\"ListItem\",\"position\":4,\"name\":\"Ceramic Cascade Mini Ring 25mm 50mm 76mm\"}]},{\"@type\":\"WebSite\",\"@id\":\"https:\\\/\\\/cpxzx.com\\\/#website\",\"url\":\"https:\\\/\\\/cpxzx.com\\\/\",\"name\":\"Cooling Tower Fill, China PVC Fills Manufacturer\",\"description\":\"\",\"publisher\":{\"@id\":\"https:\\\/\\\/cpxzx.com\\\/#organization\"},\"potentialAction\":[{\"@type\":\"SearchAction\",\"target\":{\"@type\":\"EntryPoint\",\"urlTemplate\":\"https:\\\/\\\/cpxzx.com\\\/?s={search_term_string}\"},\"query-input\":{\"@type\":\"PropertyValueSpecification\",\"valueRequired\":true,\"valueName\":\"search_term_string\"}}],\"inLanguage\":\"es\"},{\"@type\":\"Organization\",\"@id\":\"https:\\\/\\\/cpxzx.com\\\/#organization\",\"name\":\"Cooling Tower Fill, China PVC Fills Manufacturer\",\"url\":\"https:\\\/\\\/cpxzx.com\\\/\",\"logo\":{\"@type\":\"ImageObject\",\"inLanguage\":\"es\",\"@id\":\"https:\\\/\\\/cpxzx.com\\\/#\\\/schema\\\/logo\\\/image\\\/\",\"url\":\"https:\\\/\\\/cpxzx.com\\\/wp-content\\\/uploads\\\/2025\\\/07\\\/1751628807-logo.png\",\"contentUrl\":\"https:\\\/\\\/cpxzx.com\\\/wp-content\\\/uploads\\\/2025\\\/07\\\/1751628807-logo.png\",\"width\":383,\"height\":87,\"caption\":\"Cooling Tower Fill, China PVC Fills Manufacturer\"},\"image\":{\"@id\":\"https:\\\/\\\/cpxzx.com\\\/#\\\/schema\\\/logo\\\/image\\\/\"}}]}<\/script>\n<!-- \/ Yoast SEO plugin. -->","yoast_head_json":{"title":"Mini Anillo Cascada Cer\u00e1mica 25mm 50mm 76mm","robots":{"index":"index","follow":"follow","max-snippet":"max-snippet:-1","max-image-preview":"max-image-preview:large","max-video-preview":"max-video-preview:-1"},"canonical":"https:\/\/cpxzx.com\/es\/producto\/ceramic-cascade-mini-ring\/","og_locale":"es_ES","og_type":"article","og_title":"Ceramic Cascade Mini Ring 25mm 50mm 76mm","og_description":"the Ceramic Cascade Mini Ring is an indispensable tool for industries looking to optimize mass transfer, improve plant capacity, and reduce pressure drops. With its acid and alkali resistance, heat resistance, and superior mechanical strength, it is ideal for a variety of demanding industrial applications. Whether you're involved in metallurgy, chemicals, pharmaceuticals, or any other industry requiring high-performance packing materials, the ceramic cascade mini ring is the perfect solution for improving efficiency and reliability in your operations.","og_url":"https:\/\/cpxzx.com\/es\/producto\/ceramic-cascade-mini-ring\/","og_site_name":"Cooling Tower Fill, China PVC Fills Manufacturer","article_modified_time":"2025-07-30T11:07:08+00:00","og_image":[{"width":550,"height":550,"url":"https:\/\/cpxzx.com\/wp-content\/uploads\/2025\/07\/Ceramic-cascade-mini-ring3.jpg","type":"image\/jpeg"}],"twitter_card":"summary_large_image","twitter_misc":{"Tiempo de lectura":"3 minutos"},"schema":{"@context":"https:\/\/schema.org","@graph":[{"@type":"WebPage","@id":"https:\/\/cpxzx.com\/product\/ceramic-cascade-mini-ring\/","url":"https:\/\/cpxzx.com\/product\/ceramic-cascade-mini-ring\/","name":"Mini Anillo Cascada Cer\u00e1mica 25mm 50mm 76mm","isPartOf":{"@id":"https:\/\/cpxzx.com\/#website"},"primaryImageOfPage":{"@id":"https:\/\/cpxzx.com\/product\/ceramic-cascade-mini-ring\/#primaryimage"},"image":{"@id":"https:\/\/cpxzx.com\/product\/ceramic-cascade-mini-ring\/#primaryimage"},"thumbnailUrl":"https:\/\/cpxzx.com\/wp-content\/uploads\/2025\/07\/Ceramic-cascade-mini-ring3.jpg","datePublished":"2025-07-28T14:19:29+00:00","dateModified":"2025-07-30T11:07:08+00:00","breadcrumb":{"@id":"https:\/\/cpxzx.com\/product\/ceramic-cascade-mini-ring\/#breadcrumb"},"inLanguage":"es","potentialAction":[{"@type":"ReadAction","target":["https:\/\/cpxzx.com\/product\/ceramic-cascade-mini-ring\/"]}]},{"@type":"ImageObject","inLanguage":"es","@id":"https:\/\/cpxzx.com\/product\/ceramic-cascade-mini-ring\/#primaryimage","url":"https:\/\/cpxzx.com\/wp-content\/uploads\/2025\/07\/Ceramic-cascade-mini-ring3.jpg","contentUrl":"https:\/\/cpxzx.com\/wp-content\/uploads\/2025\/07\/Ceramic-cascade-mini-ring3.jpg","width":550,"height":550},{"@type":"BreadcrumbList","@id":"https:\/\/cpxzx.com\/product\/ceramic-cascade-mini-ring\/#breadcrumb","itemListElement":[{"@type":"ListItem","position":1,"name":"Home","item":"https:\/\/cpxzx.com\/"},{"@type":"ListItem","position":2,"name":"Random Packing","item":"https:\/\/cpxzx.com\/pcategory\/random-packing\/"},{"@type":"ListItem","position":3,"name":"Ceramic Random Packing","item":"https:\/\/cpxzx.com\/pcategory\/random-packing\/ceramic-random-packing\/"},{"@type":"ListItem","position":4,"name":"Ceramic Cascade Mini Ring 25mm 50mm 76mm"}]},{"@type":"WebSite","@id":"https:\/\/cpxzx.com\/#website","url":"https:\/\/cpxzx.com\/","name":"Relleno de torre de refrigeraci\u00f3n, Fabricante de rellenos de PVC en China","description":"","publisher":{"@id":"https:\/\/cpxzx.com\/#organization"},"potentialAction":[{"@type":"SearchAction","target":{"@type":"EntryPoint","urlTemplate":"https:\/\/cpxzx.com\/?s={search_term_string}"},"query-input":{"@type":"PropertyValueSpecification","valueRequired":true,"valueName":"search_term_string"}}],"inLanguage":"es"},{"@type":"Organization","@id":"https:\/\/cpxzx.com\/#organization","name":"Relleno de torre de refrigeraci\u00f3n, Fabricante de rellenos de PVC en China","url":"https:\/\/cpxzx.com\/","logo":{"@type":"ImageObject","inLanguage":"es","@id":"https:\/\/cpxzx.com\/#\/schema\/logo\/image\/","url":"https:\/\/cpxzx.com\/wp-content\/uploads\/2025\/07\/1751628807-logo.png","contentUrl":"https:\/\/cpxzx.com\/wp-content\/uploads\/2025\/07\/1751628807-logo.png","width":383,"height":87,"caption":"Cooling Tower Fill, China PVC Fills Manufacturer"},"image":{"@id":"https:\/\/cpxzx.com\/#\/schema\/logo\/image\/"}}]}},"taxonomy_info":{"pcategory":[{"value":22,"label":"Random Packing"},{"value":24,"label":"Ceramic Random Packing"}]},"featured_image_src_large":["https:\/\/cpxzx.com\/wp-content\/uploads\/2025\/07\/Ceramic-cascade-mini-ring3.jpg",550,550,false],"author_info":[],"comment_info":"","_links":{"self":[{"href":"https:\/\/cpxzx.com\/es\/wp-json\/wp\/v2\/product\/2850","targetHints":{"allow":["GET"]}}],"collection":[{"href":"https:\/\/cpxzx.com\/es\/wp-json\/wp\/v2\/product"}],"about":[{"href":"https:\/\/cpxzx.com\/es\/wp-json\/wp\/v2\/types\/product"}],"wp:featuredmedia":[{"embeddable":true,"href":"https:\/\/cpxzx.com\/es\/wp-json\/wp\/v2\/media\/2853"}],"wp:attachment":[{"href":"https:\/\/cpxzx.com\/es\/wp-json\/wp\/v2\/media?parent=2850"}],"wp:term":[{"taxonomy":"pcategory","embeddable":true,"href":"https:\/\/cpxzx.com\/es\/wp-json\/wp\/v2\/pcategory?post=2850"},{"taxonomy":"ptag","embeddable":true,"href":"https:\/\/cpxzx.com\/es\/wp-json\/wp\/v2\/ptag?post=2850"}],"curies":[{"name":"wp","href":"https:\/\/api.w.org\/{rel}","templated":true}]}}