{"id":2843,"date":"2025-07-26T07:55:25","date_gmt":"2025-07-26T07:55:25","guid":{"rendered":"https:\/\/cpxzx.com\/?post_type=product&#038;p=2843"},"modified":"2025-07-30T11:05:37","modified_gmt":"2025-07-30T11:05:37","slug":"ceramic-berl-saddle","status":"publish","type":"product","link":"https:\/\/cpxzx.com\/es\/producto\/ceramic-berl-saddle\/","title":{"rendered":"Caballetes de cer\u00e1mica Berl10mm 15mm 25mm 38mm 50mm"},"content":{"rendered":"<p>En <strong>Berl Saddle de cer\u00e1mica<\/strong> es uno de los primeros tipos de empaquetadura en forma de silla de montar. Cuando se apilan en la torre, forman una estructura de cadena de aire en arco que favorece el flujo uniforme de gas-l\u00edquido al tiempo que reduce la resistencia.<br \/>\nCon una excelente resistencia a los \u00e1cidos (excluido el \u00e1cido fluorh\u00eddrico) y al calor, los Berl Saddles cer\u00e1micos pueden soportar la corrosi\u00f3n de diversos \u00e1cidos y disolventes inorg\u00e1nicos y org\u00e1nicos. Se utilizan ampliamente en torres secas, torres de absorci\u00f3n, torres de refrigeraci\u00f3n, torres de lavado y torres activadoras de industrias como la qu\u00edmica, la metal\u00fargica, la del gas de hulla y la de producci\u00f3n de ox\u00edgeno.<\/p>\n<h2>Caracter\u00edstica:<\/h2>\n<p>Excelente resistencia a los \u00e1cidos y \u00e1lcalis<br \/>\nExcelente resistencia al calor<br \/>\nAlta superficie espec\u00edfica y bajo coste<br \/>\nAlta resistencia mec\u00e1nica<br \/>\nAhorro de energ\u00eda, bajo coste de funcionamiento y f\u00e1cil de cargar y descargar<\/p>\n<h2>Especificaci\u00f3n:<\/h2>\n<table border=\"1\">\n<thead>\n<tr>\n<th>Talla<\/th>\n<th>Superficie<br \/>\n(m2\/m3)<\/th>\n<th>Fracci\u00f3n de vac\u00edo<br \/>\n(%)<\/th>\n<th>N\u00famero de bulto<br \/>\n(n\/m3)<\/th>\n<th>Densidad aparente<br \/>\n(Kg\/m3)<\/th>\n<\/tr>\n<\/thead>\n<tbody>\n<tr>\n<td>19 mm (3\/4 de pulgada)<\/td>\n<td>225<\/td>\n<td>58<\/td>\n<td>83950<\/td>\n<td>725<\/td>\n<\/tr>\n<tr>\n<td>25 mm (1 pulgada)<\/td>\n<td>206<\/td>\n<td>61<\/td>\n<td>43250<\/td>\n<td>640<\/td>\n<\/tr>\n<tr>\n<td>38 mm (1,5 pulgadas)<\/td>\n<td>110<\/td>\n<td>72<\/td>\n<td>12775<\/td>\n<td>617<\/td>\n<\/tr>\n<tr>\n<td>50 mm (2 pulgadas)<\/td>\n<td>95<\/td>\n<td>72<\/td>\n<td>7900<\/td>\n<td>650<\/td>\n<\/tr>\n<\/tbody>\n<\/table>\n<p>* Se pueden personalizar m\u00e1s productos<br \/>\n<img loading=\"lazy\" decoding=\"async\" class=\"alignnone size-medium wp-image-2844\" src=\"https:\/\/cpxzx.com\/wp-content\/uploads\/2025\/07\/Ceramic-Berl-Saddles-300x161.jpg\" alt=\"\" width=\"300\" height=\"161\" srcset=\"https:\/\/cpxzx.com\/wp-content\/uploads\/2025\/07\/Ceramic-Berl-Saddles-300x161.jpg 300w, https:\/\/cpxzx.com\/wp-content\/uploads\/2025\/07\/Ceramic-Berl-Saddles-768x413.jpg 768w, https:\/\/cpxzx.com\/wp-content\/uploads\/2025\/07\/Ceramic-Berl-Saddles-18x10.jpg 18w, https:\/\/cpxzx.com\/wp-content\/uploads\/2025\/07\/Ceramic-Berl-Saddles.jpg 1022w\" sizes=\"auto, (max-width: 300px) 100vw, 300px\" \/><\/p>\n<h2>Aplicaci\u00f3n<\/h2>\n<p>El anillo de cer\u00e1mica Berl se entrelaza en la torre y forma un canal de aire de arco. Adem\u00e1s, con la excelente resistencia qu\u00edmica y resistencia a la temperatura se puede utilizar en la torre de secado, torre de absorci\u00f3n, torre de refrigeraci\u00f3n, torre de lavado, industria qu\u00edmica, industria metal\u00fargica, industria del carb\u00f3n y gas natural, la industria de producci\u00f3n de ox\u00edgeno industrial, <em>etc<\/em>.<\/p>\n<p><img loading=\"lazy\" decoding=\"async\" class=\"alignnone size-medium wp-image-2847\" src=\"https:\/\/cpxzx.com\/wp-content\/uploads\/2025\/07\/19mm-25mm-38mm-50mm-300x103.jpg\" alt=\"\" width=\"300\" height=\"103\" srcset=\"https:\/\/cpxzx.com\/wp-content\/uploads\/2025\/07\/19mm-25mm-38mm-50mm-300x103.jpg 300w, https:\/\/cpxzx.com\/wp-content\/uploads\/2025\/07\/19mm-25mm-38mm-50mm-18x6.jpg 18w, https:\/\/cpxzx.com\/wp-content\/uploads\/2025\/07\/19mm-25mm-38mm-50mm.jpg 558w\" sizes=\"auto, (max-width: 300px) 100vw, 300px\" \/><\/p>","protected":false},"excerpt":{"rendered":"<p>La empaquetadura cer\u00e1mica Berl es una versi\u00f3n mejorada de la empaquetadura cer\u00e1mica de arco, que ofrece una mejor distribuci\u00f3n del fluido, una menor resistencia y una presi\u00f3n reducida en la pared interior de la torre en comparaci\u00f3n con la empaquetadura de anillo. Es muy resistente a los \u00e1cidos (excluido el \u00e1cido fluorh\u00eddrico) y los disolventes, as\u00ed como a las temperaturas extremas, por lo que resulta adecuado para diversas aplicaciones.<\/p>","protected":false},"featured_media":2845,"parent":0,"template":"","meta":{"_acf_changed":false,"_kad_blocks_custom_css":"","_kad_blocks_head_custom_js":"","_kad_blocks_body_custom_js":"","_kad_blocks_footer_custom_js":"","_kadence_starter_templates_imported_post":false,"_kad_post_transparent":"default","_kad_post_title":"","_kad_post_layout":"default","_kad_post_sidebar_id":"","_kad_post_content_style":"default","_kad_post_vertical_padding":"default","_kad_post_feature":"","_kad_post_feature_position":"","_kad_post_header":false,"_kad_post_footer":false},"pcategory":[22,24],"ptag":[],"class_list":["post-2843","product","type-product","status-publish","has-post-thumbnail","hentry","pcategory-random-packing","pcategory-ceramic-random-packing"],"acf":[],"yoast_head":"<!-- This site is optimized with the Yoast SEO plugin v27.4 - https:\/\/yoast.com\/product\/yoast-seo-wordpress\/ -->\n<title>Ceramic Berl Saddles10mm 15mm 25mm 38mm 50mm<\/title>\n<meta name=\"robots\" content=\"index, follow, max-snippet:-1, max-image-preview:large, max-video-preview:-1\" \/>\n<link rel=\"canonical\" href=\"https:\/\/cpxzx.com\/es\/producto\/ceramic-berl-saddle\/\" \/>\n<meta property=\"og:locale\" content=\"es_ES\" \/>\n<meta property=\"og:type\" content=\"article\" \/>\n<meta property=\"og:title\" content=\"Ceramic Berl Saddles10mm 15mm 25mm 38mm 50mm\" \/>\n<meta property=\"og:description\" content=\"The ceramic Berl saddle is an upgraded version of the ceramic arc saddle, offering improved fluid distribution, lower resistance, and reduced pressure on the tower\u2019s inner wall compared to ring packing. It is highly resistant to acids (excluding hydrofluoric acid) and solvents, as well as extreme temperatures, making it suitable for various applications.\" \/>\n<meta property=\"og:url\" content=\"https:\/\/cpxzx.com\/es\/producto\/ceramic-berl-saddle\/\" \/>\n<meta property=\"og:site_name\" content=\"Cooling Tower Fill, China PVC Fills Manufacturer\" \/>\n<meta property=\"article:modified_time\" content=\"2025-07-30T11:05:37+00:00\" \/>\n<meta property=\"og:image\" content=\"https:\/\/cpxzx.com\/wp-content\/uploads\/2025\/07\/10mm-15mm-25mm-38mm-50mm-Ceramic-Berl-Saddles.jpg\" \/>\n\t<meta property=\"og:image:width\" content=\"550\" \/>\n\t<meta property=\"og:image:height\" content=\"550\" \/>\n\t<meta property=\"og:image:type\" content=\"image\/jpeg\" \/>\n<meta name=\"twitter:card\" content=\"summary_large_image\" \/>\n<meta name=\"twitter:label1\" content=\"Tiempo de lectura\" \/>\n\t<meta name=\"twitter:data1\" content=\"2 minutos\" \/>\n<script type=\"application\/ld+json\" class=\"yoast-schema-graph\">{\"@context\":\"https:\\\/\\\/schema.org\",\"@graph\":[{\"@type\":\"WebPage\",\"@id\":\"https:\\\/\\\/cpxzx.com\\\/product\\\/ceramic-berl-saddle\\\/\",\"url\":\"https:\\\/\\\/cpxzx.com\\\/product\\\/ceramic-berl-saddle\\\/\",\"name\":\"Ceramic Berl Saddles10mm 15mm 25mm 38mm 50mm\",\"isPartOf\":{\"@id\":\"https:\\\/\\\/cpxzx.com\\\/#website\"},\"primaryImageOfPage\":{\"@id\":\"https:\\\/\\\/cpxzx.com\\\/product\\\/ceramic-berl-saddle\\\/#primaryimage\"},\"image\":{\"@id\":\"https:\\\/\\\/cpxzx.com\\\/product\\\/ceramic-berl-saddle\\\/#primaryimage\"},\"thumbnailUrl\":\"https:\\\/\\\/cpxzx.com\\\/wp-content\\\/uploads\\\/2025\\\/07\\\/10mm-15mm-25mm-38mm-50mm-Ceramic-Berl-Saddles.jpg\",\"datePublished\":\"2025-07-26T07:55:25+00:00\",\"dateModified\":\"2025-07-30T11:05:37+00:00\",\"breadcrumb\":{\"@id\":\"https:\\\/\\\/cpxzx.com\\\/product\\\/ceramic-berl-saddle\\\/#breadcrumb\"},\"inLanguage\":\"es\",\"potentialAction\":[{\"@type\":\"ReadAction\",\"target\":[\"https:\\\/\\\/cpxzx.com\\\/product\\\/ceramic-berl-saddle\\\/\"]}]},{\"@type\":\"ImageObject\",\"inLanguage\":\"es\",\"@id\":\"https:\\\/\\\/cpxzx.com\\\/product\\\/ceramic-berl-saddle\\\/#primaryimage\",\"url\":\"https:\\\/\\\/cpxzx.com\\\/wp-content\\\/uploads\\\/2025\\\/07\\\/10mm-15mm-25mm-38mm-50mm-Ceramic-Berl-Saddles.jpg\",\"contentUrl\":\"https:\\\/\\\/cpxzx.com\\\/wp-content\\\/uploads\\\/2025\\\/07\\\/10mm-15mm-25mm-38mm-50mm-Ceramic-Berl-Saddles.jpg\",\"width\":550,\"height\":550,\"caption\":\"Ceramic-Berl-Saddles-10mm-15mm-25mm-38mm-50mm\"},{\"@type\":\"BreadcrumbList\",\"@id\":\"https:\\\/\\\/cpxzx.com\\\/product\\\/ceramic-berl-saddle\\\/#breadcrumb\",\"itemListElement\":[{\"@type\":\"ListItem\",\"position\":1,\"name\":\"Home\",\"item\":\"https:\\\/\\\/cpxzx.com\\\/\"},{\"@type\":\"ListItem\",\"position\":2,\"name\":\"Random Packing\",\"item\":\"https:\\\/\\\/cpxzx.com\\\/pcategory\\\/random-packing\\\/\"},{\"@type\":\"ListItem\",\"position\":3,\"name\":\"Ceramic Random Packing\",\"item\":\"https:\\\/\\\/cpxzx.com\\\/pcategory\\\/random-packing\\\/ceramic-random-packing\\\/\"},{\"@type\":\"ListItem\",\"position\":4,\"name\":\"Ceramic Berl Saddles10mm 15mm 25mm 38mm 50mm\"}]},{\"@type\":\"WebSite\",\"@id\":\"https:\\\/\\\/cpxzx.com\\\/#website\",\"url\":\"https:\\\/\\\/cpxzx.com\\\/\",\"name\":\"Cooling Tower Fill, China PVC Fills Manufacturer\",\"description\":\"\",\"publisher\":{\"@id\":\"https:\\\/\\\/cpxzx.com\\\/#organization\"},\"potentialAction\":[{\"@type\":\"SearchAction\",\"target\":{\"@type\":\"EntryPoint\",\"urlTemplate\":\"https:\\\/\\\/cpxzx.com\\\/?s={search_term_string}\"},\"query-input\":{\"@type\":\"PropertyValueSpecification\",\"valueRequired\":true,\"valueName\":\"search_term_string\"}}],\"inLanguage\":\"es\"},{\"@type\":\"Organization\",\"@id\":\"https:\\\/\\\/cpxzx.com\\\/#organization\",\"name\":\"Cooling Tower Fill, China PVC Fills Manufacturer\",\"url\":\"https:\\\/\\\/cpxzx.com\\\/\",\"logo\":{\"@type\":\"ImageObject\",\"inLanguage\":\"es\",\"@id\":\"https:\\\/\\\/cpxzx.com\\\/#\\\/schema\\\/logo\\\/image\\\/\",\"url\":\"https:\\\/\\\/cpxzx.com\\\/wp-content\\\/uploads\\\/2025\\\/07\\\/1751628807-logo.png\",\"contentUrl\":\"https:\\\/\\\/cpxzx.com\\\/wp-content\\\/uploads\\\/2025\\\/07\\\/1751628807-logo.png\",\"width\":383,\"height\":87,\"caption\":\"Cooling Tower Fill, China PVC Fills Manufacturer\"},\"image\":{\"@id\":\"https:\\\/\\\/cpxzx.com\\\/#\\\/schema\\\/logo\\\/image\\\/\"}}]}<\/script>\n<!-- \/ Yoast SEO plugin. -->","yoast_head_json":{"title":"Caballetes de cer\u00e1mica Berl10mm 15mm 25mm 38mm 50mm","robots":{"index":"index","follow":"follow","max-snippet":"max-snippet:-1","max-image-preview":"max-image-preview:large","max-video-preview":"max-video-preview:-1"},"canonical":"https:\/\/cpxzx.com\/es\/producto\/ceramic-berl-saddle\/","og_locale":"es_ES","og_type":"article","og_title":"Ceramic Berl Saddles10mm 15mm 25mm 38mm 50mm","og_description":"The ceramic Berl saddle is an upgraded version of the ceramic arc saddle, offering improved fluid distribution, lower resistance, and reduced pressure on the tower\u2019s inner wall compared to ring packing. It is highly resistant to acids (excluding hydrofluoric acid) and solvents, as well as extreme temperatures, making it suitable for various applications.","og_url":"https:\/\/cpxzx.com\/es\/producto\/ceramic-berl-saddle\/","og_site_name":"Cooling Tower Fill, China PVC Fills Manufacturer","article_modified_time":"2025-07-30T11:05:37+00:00","og_image":[{"width":550,"height":550,"url":"https:\/\/cpxzx.com\/wp-content\/uploads\/2025\/07\/10mm-15mm-25mm-38mm-50mm-Ceramic-Berl-Saddles.jpg","type":"image\/jpeg"}],"twitter_card":"summary_large_image","twitter_misc":{"Tiempo de lectura":"2 minutos"},"schema":{"@context":"https:\/\/schema.org","@graph":[{"@type":"WebPage","@id":"https:\/\/cpxzx.com\/product\/ceramic-berl-saddle\/","url":"https:\/\/cpxzx.com\/product\/ceramic-berl-saddle\/","name":"Caballetes de cer\u00e1mica Berl10mm 15mm 25mm 38mm 50mm","isPartOf":{"@id":"https:\/\/cpxzx.com\/#website"},"primaryImageOfPage":{"@id":"https:\/\/cpxzx.com\/product\/ceramic-berl-saddle\/#primaryimage"},"image":{"@id":"https:\/\/cpxzx.com\/product\/ceramic-berl-saddle\/#primaryimage"},"thumbnailUrl":"https:\/\/cpxzx.com\/wp-content\/uploads\/2025\/07\/10mm-15mm-25mm-38mm-50mm-Ceramic-Berl-Saddles.jpg","datePublished":"2025-07-26T07:55:25+00:00","dateModified":"2025-07-30T11:05:37+00:00","breadcrumb":{"@id":"https:\/\/cpxzx.com\/product\/ceramic-berl-saddle\/#breadcrumb"},"inLanguage":"es","potentialAction":[{"@type":"ReadAction","target":["https:\/\/cpxzx.com\/product\/ceramic-berl-saddle\/"]}]},{"@type":"ImageObject","inLanguage":"es","@id":"https:\/\/cpxzx.com\/product\/ceramic-berl-saddle\/#primaryimage","url":"https:\/\/cpxzx.com\/wp-content\/uploads\/2025\/07\/10mm-15mm-25mm-38mm-50mm-Ceramic-Berl-Saddles.jpg","contentUrl":"https:\/\/cpxzx.com\/wp-content\/uploads\/2025\/07\/10mm-15mm-25mm-38mm-50mm-Ceramic-Berl-Saddles.jpg","width":550,"height":550,"caption":"Ceramic-Berl-Saddles-10mm-15mm-25mm-38mm-50mm"},{"@type":"BreadcrumbList","@id":"https:\/\/cpxzx.com\/product\/ceramic-berl-saddle\/#breadcrumb","itemListElement":[{"@type":"ListItem","position":1,"name":"Home","item":"https:\/\/cpxzx.com\/"},{"@type":"ListItem","position":2,"name":"Random Packing","item":"https:\/\/cpxzx.com\/pcategory\/random-packing\/"},{"@type":"ListItem","position":3,"name":"Ceramic Random Packing","item":"https:\/\/cpxzx.com\/pcategory\/random-packing\/ceramic-random-packing\/"},{"@type":"ListItem","position":4,"name":"Ceramic Berl Saddles10mm 15mm 25mm 38mm 50mm"}]},{"@type":"WebSite","@id":"https:\/\/cpxzx.com\/#website","url":"https:\/\/cpxzx.com\/","name":"Relleno de torre de refrigeraci\u00f3n, Fabricante de rellenos de PVC en China","description":"","publisher":{"@id":"https:\/\/cpxzx.com\/#organization"},"potentialAction":[{"@type":"SearchAction","target":{"@type":"EntryPoint","urlTemplate":"https:\/\/cpxzx.com\/?s={search_term_string}"},"query-input":{"@type":"PropertyValueSpecification","valueRequired":true,"valueName":"search_term_string"}}],"inLanguage":"es"},{"@type":"Organization","@id":"https:\/\/cpxzx.com\/#organization","name":"Relleno de torre de refrigeraci\u00f3n, Fabricante de rellenos de PVC en China","url":"https:\/\/cpxzx.com\/","logo":{"@type":"ImageObject","inLanguage":"es","@id":"https:\/\/cpxzx.com\/#\/schema\/logo\/image\/","url":"https:\/\/cpxzx.com\/wp-content\/uploads\/2025\/07\/1751628807-logo.png","contentUrl":"https:\/\/cpxzx.com\/wp-content\/uploads\/2025\/07\/1751628807-logo.png","width":383,"height":87,"caption":"Cooling Tower Fill, China PVC Fills Manufacturer"},"image":{"@id":"https:\/\/cpxzx.com\/#\/schema\/logo\/image\/"}}]}},"taxonomy_info":{"pcategory":[{"value":22,"label":"Random Packing"},{"value":24,"label":"Ceramic Random Packing"}]},"featured_image_src_large":["https:\/\/cpxzx.com\/wp-content\/uploads\/2025\/07\/10mm-15mm-25mm-38mm-50mm-Ceramic-Berl-Saddles.jpg",550,550,false],"author_info":[],"comment_info":"","_links":{"self":[{"href":"https:\/\/cpxzx.com\/es\/wp-json\/wp\/v2\/product\/2843","targetHints":{"allow":["GET"]}}],"collection":[{"href":"https:\/\/cpxzx.com\/es\/wp-json\/wp\/v2\/product"}],"about":[{"href":"https:\/\/cpxzx.com\/es\/wp-json\/wp\/v2\/types\/product"}],"wp:featuredmedia":[{"embeddable":true,"href":"https:\/\/cpxzx.com\/es\/wp-json\/wp\/v2\/media\/2845"}],"wp:attachment":[{"href":"https:\/\/cpxzx.com\/es\/wp-json\/wp\/v2\/media?parent=2843"}],"wp:term":[{"taxonomy":"pcategory","embeddable":true,"href":"https:\/\/cpxzx.com\/es\/wp-json\/wp\/v2\/pcategory?post=2843"},{"taxonomy":"ptag","embeddable":true,"href":"https:\/\/cpxzx.com\/es\/wp-json\/wp\/v2\/ptag?post=2843"}],"curies":[{"name":"wp","href":"https:\/\/api.w.org\/{rel}","templated":true}]}}