{"id":2838,"date":"2025-07-25T14:36:25","date_gmt":"2025-07-25T14:36:25","guid":{"rendered":"https:\/\/cpxzx.com\/?post_type=product&#038;p=2838"},"modified":"2025-07-30T11:05:01","modified_gmt":"2025-07-30T11:05:01","slug":"ceramic-cross-partition-ring","status":"publish","type":"product","link":"https:\/\/cpxzx.com\/es\/producto\/ceramic-cross-partition-ring\/","title":{"rendered":"50mm 80mm 100mm 120mm 150mm Anillo cer\u00e1mico de separaci\u00f3n en cruz"},"content":{"rendered":"<p>En <strong>Anillo de partici\u00f3n en cruz de cer\u00e1mica<\/strong> es un material de empaquetadura avanzado dise\u00f1ado para mejorar la eficacia de la transferencia de masa en diversas aplicaciones industriales. Se trata de una mejora del tradicional anillo Raschig, que incorpora particiones transversales para aumentar la superficie. Esta superficie a\u00f1adida da como resultado una transferencia de masa superior, que es crucial para procesos como la absorci\u00f3n, la refrigeraci\u00f3n y el secado en las industrias qu\u00edmica, metal\u00fargica y de producci\u00f3n de ox\u00edgeno.<\/p>\n<h2>Caracter\u00edsticas principales<\/h2>\n<ul>\n<li>Resistencia a \u00e1cidos y \u00e1lcalis para una mayor durabilidad<\/li>\n<li>Excelente resistencia al calor, por lo que es adecuado para entornos de altas temperaturas<\/li>\n<li>Elevada superficie espec\u00edfica que aumenta la eficacia de la transferencia de masa<\/li>\n<li>Bajos costes operativos, ahorro energ\u00e9tico y f\u00e1cil instalaci\u00f3n<\/li>\n<li>Alta resistencia mec\u00e1nica que garantiza un rendimiento duradero<\/li>\n<\/ul>\n<h2>Especificaciones<\/h2>\n<table>\n<thead>\n<tr>\n<th>Talla<br \/>\n(mm)<\/th>\n<th>Espesor<br \/>\n(mm)<\/th>\n<th>Superficie<br \/>\n(m\u00b2\/m\u00b3)<\/th>\n<th>Secci\u00f3n vac\u00eda<br \/>\n(%)<\/th>\n<th>N\u00famero<br \/>\n(Por m\u00b3)<\/th>\n<th>Densidad aparente<br \/>\n(Kg\/m\u00b3)<\/th>\n<\/tr>\n<\/thead>\n<tbody>\n<tr>\n<td>80<\/td>\n<td>8<\/td>\n<td>120<\/td>\n<td>54<\/td>\n<td>1950<\/td>\n<td>916<\/td>\n<\/tr>\n<tr>\n<td>100<\/td>\n<td>10<\/td>\n<td>110<\/td>\n<td>53<\/td>\n<td>1000<\/td>\n<td>930<\/td>\n<\/tr>\n<tr>\n<td>150<\/td>\n<td>15<\/td>\n<td>60<\/td>\n<td>58<\/td>\n<td>296<\/td>\n<td>960<\/td>\n<\/tr>\n<\/tbody>\n<\/table>\n<h2>Ventajas<\/h2>\n<ul>\n<li>Menor p\u00e9rdida de carga que otros tipos de empaquetaduras<\/li>\n<li>Excelente distribuci\u00f3n l\u00edquido\/gas que mejora la eficacia de la transferencia de masa<\/li>\n<li>Vers\u00e1til y f\u00e1cilmente humectable, ofrece una gran resistencia al ensuciamiento<\/li>\n<li>Adecuado para lechos profundos gracias a su gran resistencia mec\u00e1nica<\/li>\n<\/ul>\n<h2>Aplicaciones<\/h2>\n<p>En <strong>Anillo de partici\u00f3n en cruz de cer\u00e1mica<\/strong> se utiliza principalmente en industrias que requieren una transferencia de masa eficaz, como en torres de secado, absorci\u00f3n, refrigeraci\u00f3n y lavado. Su dise\u00f1o le permite trabajar eficazmente en los sectores qu\u00edmico, metal\u00fargico, del gas de hulla y de la producci\u00f3n industrial de ox\u00edgeno, donde es esencial un alto rendimiento.<\/p>\n<h2>Embalaje<\/h2>\n<p>Los anillos de partici\u00f3n en cruz de cer\u00e1mica est\u00e1n embalados de forma segura para garantizar un transporte seguro y una f\u00e1cil manipulaci\u00f3n. Est\u00e1n disponibles en varios tama\u00f1os, como 50 mm, 80 mm, 100 mm, 120 mm y 150 mm, para satisfacer las distintas necesidades industriales.<\/p>","protected":false},"excerpt":{"rendered":"<p>El anillo cer\u00e1mico de partici\u00f3n cruzada es una versi\u00f3n mejorada del anillo Raschig, con particiones cruzadas en su interior para aumentar su superficie y mejorar la eficacia de la transferencia de masa entre el vapor y el l\u00edquido. Debido a su gran tama\u00f1o, debe apilarse de forma ordenada dentro de la columna. Los anillos de tabiques cruzados, normalmente con di\u00e1metros de entre 80 y 150 mm, se utilizan para soportar otras empaquetaduras aleatorias en el fondo de la columna, con un vac\u00edo de m\u00e1s de 60%.<\/p>","protected":false},"featured_media":2841,"parent":0,"template":"","meta":{"_acf_changed":false,"_kad_blocks_custom_css":"","_kad_blocks_head_custom_js":"","_kad_blocks_body_custom_js":"","_kad_blocks_footer_custom_js":"","_kadence_starter_templates_imported_post":false,"_kad_post_transparent":"default","_kad_post_title":"","_kad_post_layout":"default","_kad_post_sidebar_id":"","_kad_post_content_style":"default","_kad_post_vertical_padding":"default","_kad_post_feature":"","_kad_post_feature_position":"","_kad_post_header":false,"_kad_post_footer":false},"pcategory":[22,24],"ptag":[],"class_list":["post-2838","product","type-product","status-publish","has-post-thumbnail","hentry","pcategory-random-packing","pcategory-ceramic-random-packing"],"acf":[],"yoast_head":"<!-- This site is optimized with the Yoast SEO plugin v27.4 - https:\/\/yoast.com\/product\/yoast-seo-wordpress\/ -->\n<title>Ceramic Cross Partition Ring50mm 80mm 100mm 120mm 150mm<\/title>\n<meta name=\"robots\" content=\"index, follow, max-snippet:-1, max-image-preview:large, max-video-preview:-1\" \/>\n<link rel=\"canonical\" href=\"https:\/\/cpxzx.com\/es\/producto\/ceramic-cross-partition-ring\/\" \/>\n<meta property=\"og:locale\" content=\"es_ES\" \/>\n<meta property=\"og:type\" content=\"article\" \/>\n<meta property=\"og:title\" content=\"Ceramic Cross Partition Ring50mm 80mm 100mm 120mm 150mm\" \/>\n<meta property=\"og:description\" content=\"The ceramic cross partition ring is an enhanced version of the Raschig ring, featuring cross partitions inside to increase its surface area and improve mass transfer efficiency between vapor and liquid. Due to its large size, it must be stacked in an orderly manner within the column. Cross partition rings, typically with diameters between 80-150mm, are used to support other random packing at the column&#039;s bottom, with a voidage of over 60%.\" \/>\n<meta property=\"og:url\" content=\"https:\/\/cpxzx.com\/es\/producto\/ceramic-cross-partition-ring\/\" \/>\n<meta property=\"og:site_name\" content=\"Cooling Tower Fill, China PVC Fills Manufacturer\" \/>\n<meta property=\"article:modified_time\" content=\"2025-07-30T11:05:01+00:00\" \/>\n<meta property=\"og:image\" content=\"https:\/\/cpxzx.com\/wp-content\/uploads\/2025\/07\/ceramic-cross-partition-ring1.jpg\" \/>\n\t<meta property=\"og:image:width\" content=\"550\" \/>\n\t<meta property=\"og:image:height\" content=\"550\" \/>\n\t<meta property=\"og:image:type\" content=\"image\/jpeg\" \/>\n<meta name=\"twitter:card\" content=\"summary_large_image\" \/>\n<meta name=\"twitter:label1\" content=\"Tiempo de lectura\" \/>\n\t<meta name=\"twitter:data1\" content=\"2 minutos\" \/>\n<script type=\"application\/ld+json\" class=\"yoast-schema-graph\">{\"@context\":\"https:\\\/\\\/schema.org\",\"@graph\":[{\"@type\":\"WebPage\",\"@id\":\"https:\\\/\\\/cpxzx.com\\\/product\\\/ceramic-cross-partition-ring\\\/\",\"url\":\"https:\\\/\\\/cpxzx.com\\\/product\\\/ceramic-cross-partition-ring\\\/\",\"name\":\"Ceramic Cross Partition Ring50mm 80mm 100mm 120mm 150mm\",\"isPartOf\":{\"@id\":\"https:\\\/\\\/cpxzx.com\\\/#website\"},\"primaryImageOfPage\":{\"@id\":\"https:\\\/\\\/cpxzx.com\\\/product\\\/ceramic-cross-partition-ring\\\/#primaryimage\"},\"image\":{\"@id\":\"https:\\\/\\\/cpxzx.com\\\/product\\\/ceramic-cross-partition-ring\\\/#primaryimage\"},\"thumbnailUrl\":\"https:\\\/\\\/cpxzx.com\\\/wp-content\\\/uploads\\\/2025\\\/07\\\/ceramic-cross-partition-ring1.jpg\",\"datePublished\":\"2025-07-25T14:36:25+00:00\",\"dateModified\":\"2025-07-30T11:05:01+00:00\",\"breadcrumb\":{\"@id\":\"https:\\\/\\\/cpxzx.com\\\/product\\\/ceramic-cross-partition-ring\\\/#breadcrumb\"},\"inLanguage\":\"es\",\"potentialAction\":[{\"@type\":\"ReadAction\",\"target\":[\"https:\\\/\\\/cpxzx.com\\\/product\\\/ceramic-cross-partition-ring\\\/\"]}]},{\"@type\":\"ImageObject\",\"inLanguage\":\"es\",\"@id\":\"https:\\\/\\\/cpxzx.com\\\/product\\\/ceramic-cross-partition-ring\\\/#primaryimage\",\"url\":\"https:\\\/\\\/cpxzx.com\\\/wp-content\\\/uploads\\\/2025\\\/07\\\/ceramic-cross-partition-ring1.jpg\",\"contentUrl\":\"https:\\\/\\\/cpxzx.com\\\/wp-content\\\/uploads\\\/2025\\\/07\\\/ceramic-cross-partition-ring1.jpg\",\"width\":550,\"height\":550},{\"@type\":\"BreadcrumbList\",\"@id\":\"https:\\\/\\\/cpxzx.com\\\/product\\\/ceramic-cross-partition-ring\\\/#breadcrumb\",\"itemListElement\":[{\"@type\":\"ListItem\",\"position\":1,\"name\":\"Home\",\"item\":\"https:\\\/\\\/cpxzx.com\\\/\"},{\"@type\":\"ListItem\",\"position\":2,\"name\":\"Random Packing\",\"item\":\"https:\\\/\\\/cpxzx.com\\\/pcategory\\\/random-packing\\\/\"},{\"@type\":\"ListItem\",\"position\":3,\"name\":\"Ceramic Random Packing\",\"item\":\"https:\\\/\\\/cpxzx.com\\\/pcategory\\\/random-packing\\\/ceramic-random-packing\\\/\"},{\"@type\":\"ListItem\",\"position\":4,\"name\":\"50mm 80mm 100mm 120mm 150mm Ceramic Cross Partition Ring\"}]},{\"@type\":\"WebSite\",\"@id\":\"https:\\\/\\\/cpxzx.com\\\/#website\",\"url\":\"https:\\\/\\\/cpxzx.com\\\/\",\"name\":\"Cooling Tower Fill, China PVC Fills Manufacturer\",\"description\":\"\",\"publisher\":{\"@id\":\"https:\\\/\\\/cpxzx.com\\\/#organization\"},\"potentialAction\":[{\"@type\":\"SearchAction\",\"target\":{\"@type\":\"EntryPoint\",\"urlTemplate\":\"https:\\\/\\\/cpxzx.com\\\/?s={search_term_string}\"},\"query-input\":{\"@type\":\"PropertyValueSpecification\",\"valueRequired\":true,\"valueName\":\"search_term_string\"}}],\"inLanguage\":\"es\"},{\"@type\":\"Organization\",\"@id\":\"https:\\\/\\\/cpxzx.com\\\/#organization\",\"name\":\"Cooling Tower Fill, China PVC Fills Manufacturer\",\"url\":\"https:\\\/\\\/cpxzx.com\\\/\",\"logo\":{\"@type\":\"ImageObject\",\"inLanguage\":\"es\",\"@id\":\"https:\\\/\\\/cpxzx.com\\\/#\\\/schema\\\/logo\\\/image\\\/\",\"url\":\"https:\\\/\\\/cpxzx.com\\\/wp-content\\\/uploads\\\/2025\\\/07\\\/1751628807-logo.png\",\"contentUrl\":\"https:\\\/\\\/cpxzx.com\\\/wp-content\\\/uploads\\\/2025\\\/07\\\/1751628807-logo.png\",\"width\":383,\"height\":87,\"caption\":\"Cooling Tower Fill, China PVC Fills Manufacturer\"},\"image\":{\"@id\":\"https:\\\/\\\/cpxzx.com\\\/#\\\/schema\\\/logo\\\/image\\\/\"}}]}<\/script>\n<!-- \/ Yoast SEO plugin. -->","yoast_head_json":{"title":"Ceramic Cross Partition Ring50mm 80mm 100mm 120mm 150mm","robots":{"index":"index","follow":"follow","max-snippet":"max-snippet:-1","max-image-preview":"max-image-preview:large","max-video-preview":"max-video-preview:-1"},"canonical":"https:\/\/cpxzx.com\/es\/producto\/ceramic-cross-partition-ring\/","og_locale":"es_ES","og_type":"article","og_title":"Ceramic Cross Partition Ring50mm 80mm 100mm 120mm 150mm","og_description":"The ceramic cross partition ring is an enhanced version of the Raschig ring, featuring cross partitions inside to increase its surface area and improve mass transfer efficiency between vapor and liquid. Due to its large size, it must be stacked in an orderly manner within the column. Cross partition rings, typically with diameters between 80-150mm, are used to support other random packing at the column's bottom, with a voidage of over 60%.","og_url":"https:\/\/cpxzx.com\/es\/producto\/ceramic-cross-partition-ring\/","og_site_name":"Cooling Tower Fill, China PVC Fills Manufacturer","article_modified_time":"2025-07-30T11:05:01+00:00","og_image":[{"width":550,"height":550,"url":"https:\/\/cpxzx.com\/wp-content\/uploads\/2025\/07\/ceramic-cross-partition-ring1.jpg","type":"image\/jpeg"}],"twitter_card":"summary_large_image","twitter_misc":{"Tiempo de lectura":"2 minutos"},"schema":{"@context":"https:\/\/schema.org","@graph":[{"@type":"WebPage","@id":"https:\/\/cpxzx.com\/product\/ceramic-cross-partition-ring\/","url":"https:\/\/cpxzx.com\/product\/ceramic-cross-partition-ring\/","name":"Ceramic Cross Partition Ring50mm 80mm 100mm 120mm 150mm","isPartOf":{"@id":"https:\/\/cpxzx.com\/#website"},"primaryImageOfPage":{"@id":"https:\/\/cpxzx.com\/product\/ceramic-cross-partition-ring\/#primaryimage"},"image":{"@id":"https:\/\/cpxzx.com\/product\/ceramic-cross-partition-ring\/#primaryimage"},"thumbnailUrl":"https:\/\/cpxzx.com\/wp-content\/uploads\/2025\/07\/ceramic-cross-partition-ring1.jpg","datePublished":"2025-07-25T14:36:25+00:00","dateModified":"2025-07-30T11:05:01+00:00","breadcrumb":{"@id":"https:\/\/cpxzx.com\/product\/ceramic-cross-partition-ring\/#breadcrumb"},"inLanguage":"es","potentialAction":[{"@type":"ReadAction","target":["https:\/\/cpxzx.com\/product\/ceramic-cross-partition-ring\/"]}]},{"@type":"ImageObject","inLanguage":"es","@id":"https:\/\/cpxzx.com\/product\/ceramic-cross-partition-ring\/#primaryimage","url":"https:\/\/cpxzx.com\/wp-content\/uploads\/2025\/07\/ceramic-cross-partition-ring1.jpg","contentUrl":"https:\/\/cpxzx.com\/wp-content\/uploads\/2025\/07\/ceramic-cross-partition-ring1.jpg","width":550,"height":550},{"@type":"BreadcrumbList","@id":"https:\/\/cpxzx.com\/product\/ceramic-cross-partition-ring\/#breadcrumb","itemListElement":[{"@type":"ListItem","position":1,"name":"Home","item":"https:\/\/cpxzx.com\/"},{"@type":"ListItem","position":2,"name":"Random Packing","item":"https:\/\/cpxzx.com\/pcategory\/random-packing\/"},{"@type":"ListItem","position":3,"name":"Ceramic Random Packing","item":"https:\/\/cpxzx.com\/pcategory\/random-packing\/ceramic-random-packing\/"},{"@type":"ListItem","position":4,"name":"50mm 80mm 100mm 120mm 150mm Ceramic Cross Partition Ring"}]},{"@type":"WebSite","@id":"https:\/\/cpxzx.com\/#website","url":"https:\/\/cpxzx.com\/","name":"Relleno de torre de refrigeraci\u00f3n, Fabricante de rellenos de PVC en China","description":"","publisher":{"@id":"https:\/\/cpxzx.com\/#organization"},"potentialAction":[{"@type":"SearchAction","target":{"@type":"EntryPoint","urlTemplate":"https:\/\/cpxzx.com\/?s={search_term_string}"},"query-input":{"@type":"PropertyValueSpecification","valueRequired":true,"valueName":"search_term_string"}}],"inLanguage":"es"},{"@type":"Organization","@id":"https:\/\/cpxzx.com\/#organization","name":"Relleno de torre de refrigeraci\u00f3n, Fabricante de rellenos de PVC en China","url":"https:\/\/cpxzx.com\/","logo":{"@type":"ImageObject","inLanguage":"es","@id":"https:\/\/cpxzx.com\/#\/schema\/logo\/image\/","url":"https:\/\/cpxzx.com\/wp-content\/uploads\/2025\/07\/1751628807-logo.png","contentUrl":"https:\/\/cpxzx.com\/wp-content\/uploads\/2025\/07\/1751628807-logo.png","width":383,"height":87,"caption":"Cooling Tower Fill, China PVC Fills Manufacturer"},"image":{"@id":"https:\/\/cpxzx.com\/#\/schema\/logo\/image\/"}}]}},"taxonomy_info":{"pcategory":[{"value":22,"label":"Random Packing"},{"value":24,"label":"Ceramic Random Packing"}]},"featured_image_src_large":["https:\/\/cpxzx.com\/wp-content\/uploads\/2025\/07\/ceramic-cross-partition-ring1.jpg",550,550,false],"author_info":[],"comment_info":"","_links":{"self":[{"href":"https:\/\/cpxzx.com\/es\/wp-json\/wp\/v2\/product\/2838","targetHints":{"allow":["GET"]}}],"collection":[{"href":"https:\/\/cpxzx.com\/es\/wp-json\/wp\/v2\/product"}],"about":[{"href":"https:\/\/cpxzx.com\/es\/wp-json\/wp\/v2\/types\/product"}],"wp:featuredmedia":[{"embeddable":true,"href":"https:\/\/cpxzx.com\/es\/wp-json\/wp\/v2\/media\/2841"}],"wp:attachment":[{"href":"https:\/\/cpxzx.com\/es\/wp-json\/wp\/v2\/media?parent=2838"}],"wp:term":[{"taxonomy":"pcategory","embeddable":true,"href":"https:\/\/cpxzx.com\/es\/wp-json\/wp\/v2\/pcategory?post=2838"},{"taxonomy":"ptag","embeddable":true,"href":"https:\/\/cpxzx.com\/es\/wp-json\/wp\/v2\/ptag?post=2838"}],"curies":[{"name":"wp","href":"https:\/\/api.w.org\/{rel}","templated":true}]}}