{"id":2831,"date":"2025-07-24T08:37:02","date_gmt":"2025-07-24T08:37:02","guid":{"rendered":"https:\/\/cpxzx.com\/?post_type=product&#038;p=2831"},"modified":"2025-07-30T11:05:56","modified_gmt":"2025-07-30T11:05:56","slug":"ceramic-butterfly-ring","status":"publish","type":"product","link":"https:\/\/cpxzx.com\/es\/producto\/ceramic-butterfly-ring\/","title":{"rendered":"Anillo Mariposa Cer\u00e1mica 19mm 25mm 38mm"},"content":{"rendered":"<p><strong>Anillo mariposa de cer\u00e1mica<\/strong> es un tipo avanzado de medio de empaquetadura aleatoria ampliamente utilizado en sistemas de transferencia de calor de alta eficiencia. Con su estructura \u00fanica y material de alto rendimiento, el anillo de mariposa de cer\u00e1mica ofrece una eficiencia de transferencia de masa superior, baja ca\u00edda de presi\u00f3n y fuerte resistencia qu\u00edmica. Estas caracter\u00edsticas lo hacen ideal para aplicaciones en entornos qu\u00edmicos y t\u00e9rmicos dif\u00edciles.<\/p>\n<h2>\u00bfQu\u00e9 hace excepcional al anillo de mariposa de cer\u00e1mica?<\/h2>\n<p>El anillo de mariposa cer\u00e1mico, tambi\u00e9n denominado medio de transferencia de calor Ty-Pak, est\u00e1 especialmente dise\u00f1ado para aplicaciones de empaquetadura aleatoria. En comparaci\u00f3n con las silletas cer\u00e1micas tradicionales, los medios Ty-Pak ofrecen una ca\u00edda de presi\u00f3n hasta 20% menor. Esto hace que el anillo de mariposa cer\u00e1mico sea muy eficaz en operaciones a alta temperatura. Fabricado en porcelana s\u00f3lida de silicato prensado con 17-23% Al<sub>2<\/sub>O<sub>3<\/sub>Adem\u00e1s, proporciona una resistencia superior a los choques t\u00e9rmicos y una mayor durabilidad qu\u00edmica.<\/p>\n<h2>Alta eficiencia con rendimiento a largo plazo<\/h2>\n<p>El anillo de mariposa de cer\u00e1mica est\u00e1 dise\u00f1ado para evitar la canalizaci\u00f3n, acelerar el proceso de carga y reducir la sedimentaci\u00f3n. Su estructura estable garantiza un rendimiento constante del intercambio de calor a lo largo del tiempo. Es una de las mejores opciones para mejorar los sistemas de oxidaci\u00f3n t\u00e9rmica regenerativa (RTO). El anillo de mariposa cer\u00e1mico reduce el consumo de energ\u00eda y aumenta el rendimiento general de su unidad. Adem\u00e1s, es f\u00e1cil de instalar y ofrece una larga vida \u00fatil en aplicaciones industriales.<\/p>\n<h2>Caracter\u00edsticas principales del anillo de mariposa de cer\u00e1mica<\/h2>\n<ul class=\"list-paddingleft-2\">\n<li>Gran estabilidad qu\u00edmica y resistencia a los \u00e1cidos<\/li>\n<li>Excelente resistencia al calor para aplicaciones t\u00e9rmicas<\/li>\n<li>Baja ca\u00edda de presi\u00f3n con alta eficiencia de transferencia de masa<\/li>\n<li>Baja absorci\u00f3n de humedad para una mayor durabilidad<\/li>\n<li>Rentable y adecuado para m\u00faltiples industrias<\/li>\n<\/ul>\n<h2>Especificaciones del anillo de mariposa de cer\u00e1mica<\/h2>\n<table border=\"1\" cellspacing=\"0\" cellpadding=\"6\">\n<thead>\n<tr>\n<th>Tama\u00f1o nominal<br \/>\n(mm)<\/th>\n<th>L*A*A*T<br \/>\n(mm)<\/th>\n<th>Superficie espec\u00edfica<br \/>\n(m<sup>2<\/sup>\/m<sup>3<\/sup>)<\/th>\n<th>Volumen vac\u00edo<br \/>\n(%)<\/th>\n<th>Densidad del envase<br \/>\n(kg\/m<sup>3<\/sup>)<\/th>\n<th>Factor de embalaje<br \/>\n(m<sup>-1<\/sup>)<\/th>\n<\/tr>\n<\/thead>\n<tbody>\n<tr>\n<td>19<\/td>\n<td>38*26*11*4.5<\/td>\n<td>335<\/td>\n<td>71<\/td>\n<td>570<\/td>\n<td>934<\/td>\n<\/tr>\n<tr>\n<td>25<\/td>\n<td>52*28*12.5*5<\/td>\n<td>255<\/td>\n<td>72<\/td>\n<td>620<\/td>\n<td>683<\/td>\n<\/tr>\n<tr>\n<td>38<\/td>\n<td>62*41*15*5.5<\/td>\n<td>160<\/td>\n<td>74<\/td>\n<td>630<\/td>\n<td>935<\/td>\n<\/tr>\n<\/tbody>\n<\/table>\n<h2>Aplicaciones del anillo de mariposa de cer\u00e1mica<\/h2>\n<p>Gracias a su excelente resistencia mec\u00e1nica y t\u00e9rmica, el anillo de mariposa cer\u00e1mico se utiliza ampliamente en diversas columnas y torres industriales. Entre ellas se incluyen:<\/p>\n<ul class=\"list-paddingleft-2\">\n<li>Columnas de secado<\/li>\n<li>Columnas absorbentes<\/li>\n<li>Torres de refrigeraci\u00f3n<\/li>\n<li>Torres de lavado<\/li>\n<\/ul>\n<p>Se aplica com\u00fanmente en las industrias qu\u00edmica, metal\u00fargica, del gas de hulla y de producci\u00f3n de ox\u00edgeno. Siempre que se requiera una alta resistencia al calor y eficiencia en la transferencia de masa, el anillo de mariposa cer\u00e1mico resulta ser una elecci\u00f3n fiable.<br \/>\nEl anillo de mariposa cer\u00e1mico ofrece una soluci\u00f3n probada para aumentar la eficiencia energ\u00e9tica y la fiabilidad operativa. Destaca por su bajo coste, alto rendimiento y larga vida \u00fatil. Tanto si est\u00e1 actualizando un sistema RTO existente como dise\u00f1ando uno nuevo, los medios de empaquetadura de anillo de mariposa cer\u00e1mico ofrecen los resultados que necesita.<\/p>\n<h2>Embalaje<\/h2>\n<p>Los anillos de mariposa cer\u00e1micos se embalan de forma segura para evitar da\u00f1os durante el transporte. Tambi\u00e9n disponemos de embalajes personalizados en funci\u00f3n de sus necesidades de volumen y aplicaci\u00f3n.<\/p>","protected":false},"excerpt":{"rendered":"<p>Los anillos de mariposa de cer\u00e1mica se superponen a lo largo de la direcci\u00f3n axial para formar una estructura conjugada. Esta forma especial permite que el l\u00edquido se distribuya uniformemente por la superficie del relleno. A medida que el vapor-l\u00edquido fluye a trav\u00e9s del lecho de relleno de anillos de mariposa cer\u00e1micos, la resistencia al vapor se reduce significativamente y el flujo aumenta en gran medida. La distribuci\u00f3n uniforme del vapor y el l\u00edquido mejora la interfaz de contacto, lo que se traduce en un mayor rendimiento de la transferencia de masa.<\/p>","protected":false},"featured_media":2832,"parent":0,"template":"","meta":{"_acf_changed":false,"_kad_blocks_custom_css":"","_kad_blocks_head_custom_js":"","_kad_blocks_body_custom_js":"","_kad_blocks_footer_custom_js":"","_kadence_starter_templates_imported_post":false,"_kad_post_transparent":"default","_kad_post_title":"","_kad_post_layout":"default","_kad_post_sidebar_id":"","_kad_post_content_style":"default","_kad_post_vertical_padding":"default","_kad_post_feature":"","_kad_post_feature_position":"","_kad_post_header":false,"_kad_post_footer":false},"pcategory":[22,24],"ptag":[],"class_list":["post-2831","product","type-product","status-publish","has-post-thumbnail","hentry","pcategory-random-packing","pcategory-ceramic-random-packing"],"acf":[],"yoast_head":"<!-- This site is optimized with the Yoast SEO plugin v27.4 - https:\/\/yoast.com\/product\/yoast-seo-wordpress\/ -->\n<title>Ceramic Butterfly Ring<\/title>\n<meta name=\"robots\" content=\"index, follow, max-snippet:-1, max-image-preview:large, max-video-preview:-1\" \/>\n<link rel=\"canonical\" href=\"https:\/\/cpxzx.com\/es\/producto\/ceramic-butterfly-ring\/\" \/>\n<meta property=\"og:locale\" content=\"es_ES\" \/>\n<meta property=\"og:type\" content=\"article\" \/>\n<meta property=\"og:title\" content=\"Ceramic Butterfly Ring\" \/>\n<meta property=\"og:description\" content=\"The ceramic butterfly rings are overlapped along the axial direction to form a conjugated structure. This special shape allows liquid to be evenly distributed across the filler surface. As vapor-liquid flows through the ceramic butterfly ring packing bed, resistance to vapor is significantly reduced, and the flux is greatly increased. The even distribution of vapor and liquid improves the contact interface, leading to enhanced mass transfer performance.\" \/>\n<meta property=\"og:url\" content=\"https:\/\/cpxzx.com\/es\/producto\/ceramic-butterfly-ring\/\" \/>\n<meta property=\"og:site_name\" content=\"Cooling Tower Fill, China PVC Fills Manufacturer\" \/>\n<meta property=\"article:modified_time\" content=\"2025-07-30T11:05:56+00:00\" \/>\n<meta property=\"og:image\" content=\"https:\/\/cpxzx.com\/wp-content\/uploads\/2025\/07\/Ceramic-Butterfly-Ring-Tower-Filling-Packing.jpg\" \/>\n\t<meta property=\"og:image:width\" content=\"550\" \/>\n\t<meta property=\"og:image:height\" content=\"550\" \/>\n\t<meta property=\"og:image:type\" content=\"image\/jpeg\" \/>\n<meta name=\"twitter:card\" content=\"summary_large_image\" \/>\n<meta name=\"twitter:label1\" content=\"Tiempo de lectura\" \/>\n\t<meta name=\"twitter:data1\" content=\"3 minutos\" \/>\n<script type=\"application\/ld+json\" class=\"yoast-schema-graph\">{\"@context\":\"https:\\\/\\\/schema.org\",\"@graph\":[{\"@type\":\"WebPage\",\"@id\":\"https:\\\/\\\/cpxzx.com\\\/product\\\/ceramic-butterfly-ring\\\/\",\"url\":\"https:\\\/\\\/cpxzx.com\\\/product\\\/ceramic-butterfly-ring\\\/\",\"name\":\"Ceramic Butterfly Ring\",\"isPartOf\":{\"@id\":\"https:\\\/\\\/cpxzx.com\\\/#website\"},\"primaryImageOfPage\":{\"@id\":\"https:\\\/\\\/cpxzx.com\\\/product\\\/ceramic-butterfly-ring\\\/#primaryimage\"},\"image\":{\"@id\":\"https:\\\/\\\/cpxzx.com\\\/product\\\/ceramic-butterfly-ring\\\/#primaryimage\"},\"thumbnailUrl\":\"https:\\\/\\\/cpxzx.com\\\/wp-content\\\/uploads\\\/2025\\\/07\\\/Ceramic-Butterfly-Ring-Tower-Filling-Packing.jpg\",\"datePublished\":\"2025-07-24T08:37:02+00:00\",\"dateModified\":\"2025-07-30T11:05:56+00:00\",\"breadcrumb\":{\"@id\":\"https:\\\/\\\/cpxzx.com\\\/product\\\/ceramic-butterfly-ring\\\/#breadcrumb\"},\"inLanguage\":\"es\",\"potentialAction\":[{\"@type\":\"ReadAction\",\"target\":[\"https:\\\/\\\/cpxzx.com\\\/product\\\/ceramic-butterfly-ring\\\/\"]}]},{\"@type\":\"ImageObject\",\"inLanguage\":\"es\",\"@id\":\"https:\\\/\\\/cpxzx.com\\\/product\\\/ceramic-butterfly-ring\\\/#primaryimage\",\"url\":\"https:\\\/\\\/cpxzx.com\\\/wp-content\\\/uploads\\\/2025\\\/07\\\/Ceramic-Butterfly-Ring-Tower-Filling-Packing.jpg\",\"contentUrl\":\"https:\\\/\\\/cpxzx.com\\\/wp-content\\\/uploads\\\/2025\\\/07\\\/Ceramic-Butterfly-Ring-Tower-Filling-Packing.jpg\",\"width\":550,\"height\":550},{\"@type\":\"BreadcrumbList\",\"@id\":\"https:\\\/\\\/cpxzx.com\\\/product\\\/ceramic-butterfly-ring\\\/#breadcrumb\",\"itemListElement\":[{\"@type\":\"ListItem\",\"position\":1,\"name\":\"Home\",\"item\":\"https:\\\/\\\/cpxzx.com\\\/\"},{\"@type\":\"ListItem\",\"position\":2,\"name\":\"Random Packing\",\"item\":\"https:\\\/\\\/cpxzx.com\\\/pcategory\\\/random-packing\\\/\"},{\"@type\":\"ListItem\",\"position\":3,\"name\":\"Ceramic Random Packing\",\"item\":\"https:\\\/\\\/cpxzx.com\\\/pcategory\\\/random-packing\\\/ceramic-random-packing\\\/\"},{\"@type\":\"ListItem\",\"position\":4,\"name\":\"Ceramic Butterfly Ring 19mm 25mm 38mm\"}]},{\"@type\":\"WebSite\",\"@id\":\"https:\\\/\\\/cpxzx.com\\\/#website\",\"url\":\"https:\\\/\\\/cpxzx.com\\\/\",\"name\":\"Cooling Tower Fill, China PVC Fills Manufacturer\",\"description\":\"\",\"publisher\":{\"@id\":\"https:\\\/\\\/cpxzx.com\\\/#organization\"},\"potentialAction\":[{\"@type\":\"SearchAction\",\"target\":{\"@type\":\"EntryPoint\",\"urlTemplate\":\"https:\\\/\\\/cpxzx.com\\\/?s={search_term_string}\"},\"query-input\":{\"@type\":\"PropertyValueSpecification\",\"valueRequired\":true,\"valueName\":\"search_term_string\"}}],\"inLanguage\":\"es\"},{\"@type\":\"Organization\",\"@id\":\"https:\\\/\\\/cpxzx.com\\\/#organization\",\"name\":\"Cooling Tower Fill, China PVC Fills Manufacturer\",\"url\":\"https:\\\/\\\/cpxzx.com\\\/\",\"logo\":{\"@type\":\"ImageObject\",\"inLanguage\":\"es\",\"@id\":\"https:\\\/\\\/cpxzx.com\\\/#\\\/schema\\\/logo\\\/image\\\/\",\"url\":\"https:\\\/\\\/cpxzx.com\\\/wp-content\\\/uploads\\\/2025\\\/07\\\/1751628807-logo.png\",\"contentUrl\":\"https:\\\/\\\/cpxzx.com\\\/wp-content\\\/uploads\\\/2025\\\/07\\\/1751628807-logo.png\",\"width\":383,\"height\":87,\"caption\":\"Cooling Tower Fill, China PVC Fills Manufacturer\"},\"image\":{\"@id\":\"https:\\\/\\\/cpxzx.com\\\/#\\\/schema\\\/logo\\\/image\\\/\"}}]}<\/script>\n<!-- \/ Yoast SEO plugin. -->","yoast_head_json":{"title":"Anillo mariposa de cer\u00e1mica","robots":{"index":"index","follow":"follow","max-snippet":"max-snippet:-1","max-image-preview":"max-image-preview:large","max-video-preview":"max-video-preview:-1"},"canonical":"https:\/\/cpxzx.com\/es\/producto\/ceramic-butterfly-ring\/","og_locale":"es_ES","og_type":"article","og_title":"Ceramic Butterfly Ring","og_description":"The ceramic butterfly rings are overlapped along the axial direction to form a conjugated structure. This special shape allows liquid to be evenly distributed across the filler surface. As vapor-liquid flows through the ceramic butterfly ring packing bed, resistance to vapor is significantly reduced, and the flux is greatly increased. The even distribution of vapor and liquid improves the contact interface, leading to enhanced mass transfer performance.","og_url":"https:\/\/cpxzx.com\/es\/producto\/ceramic-butterfly-ring\/","og_site_name":"Cooling Tower Fill, China PVC Fills Manufacturer","article_modified_time":"2025-07-30T11:05:56+00:00","og_image":[{"width":550,"height":550,"url":"https:\/\/cpxzx.com\/wp-content\/uploads\/2025\/07\/Ceramic-Butterfly-Ring-Tower-Filling-Packing.jpg","type":"image\/jpeg"}],"twitter_card":"summary_large_image","twitter_misc":{"Tiempo de lectura":"3 minutos"},"schema":{"@context":"https:\/\/schema.org","@graph":[{"@type":"WebPage","@id":"https:\/\/cpxzx.com\/product\/ceramic-butterfly-ring\/","url":"https:\/\/cpxzx.com\/product\/ceramic-butterfly-ring\/","name":"Anillo mariposa de cer\u00e1mica","isPartOf":{"@id":"https:\/\/cpxzx.com\/#website"},"primaryImageOfPage":{"@id":"https:\/\/cpxzx.com\/product\/ceramic-butterfly-ring\/#primaryimage"},"image":{"@id":"https:\/\/cpxzx.com\/product\/ceramic-butterfly-ring\/#primaryimage"},"thumbnailUrl":"https:\/\/cpxzx.com\/wp-content\/uploads\/2025\/07\/Ceramic-Butterfly-Ring-Tower-Filling-Packing.jpg","datePublished":"2025-07-24T08:37:02+00:00","dateModified":"2025-07-30T11:05:56+00:00","breadcrumb":{"@id":"https:\/\/cpxzx.com\/product\/ceramic-butterfly-ring\/#breadcrumb"},"inLanguage":"es","potentialAction":[{"@type":"ReadAction","target":["https:\/\/cpxzx.com\/product\/ceramic-butterfly-ring\/"]}]},{"@type":"ImageObject","inLanguage":"es","@id":"https:\/\/cpxzx.com\/product\/ceramic-butterfly-ring\/#primaryimage","url":"https:\/\/cpxzx.com\/wp-content\/uploads\/2025\/07\/Ceramic-Butterfly-Ring-Tower-Filling-Packing.jpg","contentUrl":"https:\/\/cpxzx.com\/wp-content\/uploads\/2025\/07\/Ceramic-Butterfly-Ring-Tower-Filling-Packing.jpg","width":550,"height":550},{"@type":"BreadcrumbList","@id":"https:\/\/cpxzx.com\/product\/ceramic-butterfly-ring\/#breadcrumb","itemListElement":[{"@type":"ListItem","position":1,"name":"Home","item":"https:\/\/cpxzx.com\/"},{"@type":"ListItem","position":2,"name":"Random Packing","item":"https:\/\/cpxzx.com\/pcategory\/random-packing\/"},{"@type":"ListItem","position":3,"name":"Ceramic Random Packing","item":"https:\/\/cpxzx.com\/pcategory\/random-packing\/ceramic-random-packing\/"},{"@type":"ListItem","position":4,"name":"Ceramic Butterfly Ring 19mm 25mm 38mm"}]},{"@type":"WebSite","@id":"https:\/\/cpxzx.com\/#website","url":"https:\/\/cpxzx.com\/","name":"Relleno de torre de refrigeraci\u00f3n, Fabricante de rellenos de PVC en China","description":"","publisher":{"@id":"https:\/\/cpxzx.com\/#organization"},"potentialAction":[{"@type":"SearchAction","target":{"@type":"EntryPoint","urlTemplate":"https:\/\/cpxzx.com\/?s={search_term_string}"},"query-input":{"@type":"PropertyValueSpecification","valueRequired":true,"valueName":"search_term_string"}}],"inLanguage":"es"},{"@type":"Organization","@id":"https:\/\/cpxzx.com\/#organization","name":"Relleno de torre de refrigeraci\u00f3n, Fabricante de rellenos de PVC en China","url":"https:\/\/cpxzx.com\/","logo":{"@type":"ImageObject","inLanguage":"es","@id":"https:\/\/cpxzx.com\/#\/schema\/logo\/image\/","url":"https:\/\/cpxzx.com\/wp-content\/uploads\/2025\/07\/1751628807-logo.png","contentUrl":"https:\/\/cpxzx.com\/wp-content\/uploads\/2025\/07\/1751628807-logo.png","width":383,"height":87,"caption":"Cooling Tower Fill, China PVC Fills Manufacturer"},"image":{"@id":"https:\/\/cpxzx.com\/#\/schema\/logo\/image\/"}}]}},"taxonomy_info":{"pcategory":[{"value":22,"label":"Random Packing"},{"value":24,"label":"Ceramic Random Packing"}]},"featured_image_src_large":["https:\/\/cpxzx.com\/wp-content\/uploads\/2025\/07\/Ceramic-Butterfly-Ring-Tower-Filling-Packing.jpg",550,550,false],"author_info":[],"comment_info":"","_links":{"self":[{"href":"https:\/\/cpxzx.com\/es\/wp-json\/wp\/v2\/product\/2831","targetHints":{"allow":["GET"]}}],"collection":[{"href":"https:\/\/cpxzx.com\/es\/wp-json\/wp\/v2\/product"}],"about":[{"href":"https:\/\/cpxzx.com\/es\/wp-json\/wp\/v2\/types\/product"}],"wp:featuredmedia":[{"embeddable":true,"href":"https:\/\/cpxzx.com\/es\/wp-json\/wp\/v2\/media\/2832"}],"wp:attachment":[{"href":"https:\/\/cpxzx.com\/es\/wp-json\/wp\/v2\/media?parent=2831"}],"wp:term":[{"taxonomy":"pcategory","embeddable":true,"href":"https:\/\/cpxzx.com\/es\/wp-json\/wp\/v2\/pcategory?post=2831"},{"taxonomy":"ptag","embeddable":true,"href":"https:\/\/cpxzx.com\/es\/wp-json\/wp\/v2\/ptag?post=2831"}],"curies":[{"name":"wp","href":"https:\/\/api.w.org\/{rel}","templated":true}]}}