{"id":2819,"date":"2025-07-21T09:33:28","date_gmt":"2025-07-21T09:33:28","guid":{"rendered":"https:\/\/cpxzx.com\/?post_type=product&#038;p=2819"},"modified":"2025-07-30T11:09:22","modified_gmt":"2025-07-30T11:09:22","slug":"metal-super-raschig-ring","status":"publish","type":"product","link":"https:\/\/cpxzx.com\/es\/producto\/metal-super-raschig-ring\/","title":{"rendered":"Metal Super Raschig Ring(8mm 25mm 50mm 89mm SS304 SS316)"},"content":{"rendered":"<p>Desde su introducci\u00f3n en 1995, el <strong>Anillo met\u00e1lico Super Raschig<\/strong> se ha convertido en un elemento b\u00e1sico en diversos procesos industriales. En comparaci\u00f3n con los materiales de empaquetadura anteriores, estos superanillos Raschig met\u00e1licos ofrecen una ventaja significativa al minimizar la formaci\u00f3n de gotas, un problema habitual con las grandes cargas de gas. Esta mejora garantiza un funcionamiento m\u00e1s suave en columnas de transferencia de masa y reactores qu\u00edmicos. Los superanillos Raschig met\u00e1licos se utilizan ampliamente en las industrias petroqu\u00edmica, de refino, medioambiental y de fertilizantes gracias a sus excepcionales caracter\u00edsticas.<\/p>\n<h2>Caracter\u00edsticas principales de los anillos Super Raschig de metal<\/h2>\n<ul>\n<li><strong>Opciones de material:<\/strong> Disponibles en diversos materiales, como acero al carbono, SS304, SS304L, SS410, SS316 y SS316L, para satisfacer las necesidades de diversas aplicaciones.<\/li>\n<li><strong>Gran capacidad de carga:<\/strong> El anillo met\u00e1lico super Raschig ofrece una gran capacidad de carga con una ca\u00edda de presi\u00f3n m\u00ednima, lo que lo convierte en la opci\u00f3n ideal para procesos industriales exigentes.<\/li>\n<li><strong>Distribuci\u00f3n uniforme de gas-l\u00edquido:<\/strong> Estos anillos garantizan una distribuci\u00f3n uniforme de gas-l\u00edquido en toda la empaquetadura, lo que favorece una eficiencia \u00f3ptima de la transferencia de masa.<\/li>\n<li><strong>Alta resistencia mec\u00e1nica:<\/strong> Dise\u00f1ado para soportar condiciones duras, el anillo met\u00e1lico super Raschig tiene una gran resistencia a la trituraci\u00f3n, lo que garantiza un rendimiento duradero y un funcionamiento sencillo.<\/li>\n<li><strong>Transferencia de masa eficiente:<\/strong> Los superanillos Raschig met\u00e1licos son conocidos por su excelente eficacia en la transferencia de masa, lo que mejora el rendimiento global del proceso.<\/li>\n<\/ul>\n<h2>Especificaciones de Metal Super Raschig Ring<\/h2>\n<table border=\"1\">\n<thead>\n<tr>\n<th>Tama\u00f1o (pulgadas)<\/th>\n<th>Densidad aparente (304, kg\/m\u00b3)<\/th>\n<th>N\u00famero (por m\u00b3)<\/th>\n<th>Superficie (m\u00b2\/m\u00b3)<\/th>\n<th>Volumen libre (%)<\/th>\n<th>Factor de empaquetamiento en seco (m-1)<\/th>\n<\/tr>\n<\/thead>\n<tbody>\n<tr>\n<td>0.3&#8243;<\/td>\n<td>230<\/td>\n<td>180,000<\/td>\n<td>315<\/td>\n<td>97.1<\/td>\n<td>343.9<\/td>\n<\/tr>\n<tr>\n<td>0.5&#8243;<\/td>\n<td>275<\/td>\n<td>145,000<\/td>\n<td>250<\/td>\n<td>96.5<\/td>\n<td>278<\/td>\n<\/tr>\n<tr>\n<td>0.6&#8243;<\/td>\n<td>310<\/td>\n<td>145,000<\/td>\n<td>215<\/td>\n<td>96.1<\/td>\n<td>393.2<\/td>\n<\/tr>\n<tr>\n<td>0.7&#8243;<\/td>\n<td>240<\/td>\n<td>45,500<\/td>\n<td>180<\/td>\n<td>97<\/td>\n<td>242.2<\/td>\n<\/tr>\n<tr>\n<td>1.0&#8243;<\/td>\n<td>220<\/td>\n<td>32,000<\/td>\n<td>150<\/td>\n<td>97.2<\/td>\n<td>163.3<\/td>\n<\/tr>\n<tr>\n<td>1.5&#8243;<\/td>\n<td>170<\/td>\n<td>13,100<\/td>\n<td>120<\/td>\n<td>97.8<\/td>\n<td>128<\/td>\n<\/tr>\n<tr>\n<td>2&#8243;<\/td>\n<td>165<\/td>\n<td>9,500<\/td>\n<td>100<\/td>\n<td>97.9<\/td>\n<td>106.5<\/td>\n<\/tr>\n<tr>\n<td>3&#8243;<\/td>\n<td>150<\/td>\n<td>4,300<\/td>\n<td>80<\/td>\n<td>98.1<\/td>\n<td>84.7<\/td>\n<\/tr>\n<tr>\n<td>3.5&#8243;<\/td>\n<td>150<\/td>\n<td>3,600<\/td>\n<td>67<\/td>\n<td>98.1<\/td>\n<td>71<\/td>\n<\/tr>\n<\/tbody>\n<\/table>\n<h2>Ventajas de los anillos Super Raschig de metal<\/h2>\n<ul>\n<li><strong>Alta resistencia mec\u00e1nica:<\/strong> Los anillos super Raschig met\u00e1licos est\u00e1n dise\u00f1ados para soportar entornos dif\u00edciles y elevadas tensiones de funcionamiento, lo que garantiza su longevidad y durabilidad.<\/li>\n<li><strong>Alto rendimiento y m\u00ednima ca\u00edda de presi\u00f3n:<\/strong> Estos anillos son ideales para aplicaciones que requieren un alto rendimiento, ya que proporcionan una separaci\u00f3n y una transferencia de masa eficaces, al tiempo que minimizan la p\u00e9rdida de energ\u00eda debida a la ca\u00edda de presi\u00f3n.<\/li>\n<li><strong>Resistencia a la corrosi\u00f3n:<\/strong> Los materiales utilizados en los superanillos Raschig met\u00e1licos, como SS316 y SS304, ofrecen una excelente resistencia a la corrosi\u00f3n, lo que garantiza una mayor vida \u00fatil en entornos agresivos.<\/li>\n<li><strong>Adecuado para diversas aplicaciones:<\/strong> Estos anillos son vers\u00e1tiles y pueden utilizarse en diversas industrias, como la petroqu\u00edmica, el refinado y la protecci\u00f3n del medio ambiente, con especial \u00e9nfasis en las torres de destilaci\u00f3n al vac\u00edo.<\/li>\n<\/ul>\n<h2>Aplicaciones de los anillos Super Raschig de metal<\/h2>\n<p>En <strong>Anillo met\u00e1lico Super Raschig<\/strong> es especialmente adecuado para su uso en las torres empaquetadas de industrias como la petroqu\u00edmica, el refinado, la producci\u00f3n de fertilizantes y la protecci\u00f3n del medio ambiente. Sus s\u00f3lidas propiedades mec\u00e1nicas y su gran capacidad de carga lo hacen perfecto para aplicaciones exigentes como las torres de destilaci\u00f3n al vac\u00edo. Adem\u00e1s, la distribuci\u00f3n uniforme de gas-l\u00edquido de estos anillos permite un rendimiento \u00f3ptimo en diversos procesos de transferencia de masa, mejorando la eficacia y fiabilidad de las operaciones industriales.<\/p>\n<h2>Conclusi\u00f3n<\/h2>\n<p>Gracias a su excelente resistencia mec\u00e1nica, alto rendimiento y eficacia superior en la transferencia de masa, el <strong>Anillo met\u00e1lico Super Raschig<\/strong> destaca como herramienta indispensable en numerosos procesos industriales. Tanto si necesita una empaquetadura de alto rendimiento en un reactor qu\u00edmico como si busca materiales fiables para una torre de destilaci\u00f3n al vac\u00edo, el anillo met\u00e1lico super Raschig es la soluci\u00f3n. Al elegir este avanzado material de empaquetadura, se asegura una eficacia \u00f3ptima del proceso, un mantenimiento m\u00ednimo y una larga vida \u00fatil, lo que lo convierte en una sabia inversi\u00f3n para cualquier aplicaci\u00f3n industrial.<\/p>","protected":false},"excerpt":{"rendered":"<p>El anillo Super Raschig ofrece una soluci\u00f3n \u00f3ptima para el envasado industrial de alta resistencia. A diferencia de las formas tradicionales, evita la formaci\u00f3n de gotas, com\u00fanmente observada con grandes cargas de gas. Con m\u00e1s de 30% de capacidad de carga superior, 70% de ca\u00edda de presi\u00f3n inferior y m\u00e1s de 10% de eficacia de transferencia de masa mejorada en comparaci\u00f3n con las empaquetaduras met\u00e1licas convencionales, se utiliza ampliamente en las industrias petroqu\u00edmica, de fertilizantes y de protecci\u00f3n medioambiental. Disponible en materiales como acero al carbono, SS304, SS304L, SS410, SS316 y SS316L.<\/p>","protected":false},"featured_media":2822,"parent":0,"template":"","meta":{"_acf_changed":false,"_kad_blocks_custom_css":"","_kad_blocks_head_custom_js":"","_kad_blocks_body_custom_js":"","_kad_blocks_footer_custom_js":"","_kadence_starter_templates_imported_post":false,"_kad_post_transparent":"default","_kad_post_title":"","_kad_post_layout":"default","_kad_post_sidebar_id":"","_kad_post_content_style":"default","_kad_post_vertical_padding":"default","_kad_post_feature":"","_kad_post_feature_position":"","_kad_post_header":false,"_kad_post_footer":false},"pcategory":[22,23],"ptag":[],"class_list":["post-2819","product","type-product","status-publish","has-post-thumbnail","hentry","pcategory-random-packing","pcategory-metal-random-packing"],"acf":[],"yoast_head":"<!-- This site is optimized with the Yoast SEO plugin v27.4 - https:\/\/yoast.com\/product\/yoast-seo-wordpress\/ -->\n<title>Metal Super Raschig Ring SS304 SS316<\/title>\n<meta name=\"robots\" content=\"index, follow, max-snippet:-1, max-image-preview:large, max-video-preview:-1\" \/>\n<link rel=\"canonical\" href=\"https:\/\/cpxzx.com\/es\/producto\/metal-super-raschig-ring\/\" \/>\n<meta property=\"og:locale\" content=\"es_ES\" \/>\n<meta property=\"og:type\" content=\"article\" \/>\n<meta property=\"og:title\" content=\"Metal Super Raschig Ring SS304 SS316\" \/>\n<meta property=\"og:description\" content=\"The Super Raschig Ring offers an optimal solution for heavy-duty industrial packing. Unlike traditional shapes, it prevents droplet formation, commonly seen with large gas loads. With over 30% higher load capacity, 70% lower pressure drop, and more than 10% improved mass transfer efficiency compared to conventional metal packing, it is widely used in petrochemical, fertilizer, and environmental protection industries. Available in materials like carbon steel, SS304, SS304L, SS410, SS316, and SS316L.\" \/>\n<meta property=\"og:url\" content=\"https:\/\/cpxzx.com\/es\/producto\/metal-super-raschig-ring\/\" \/>\n<meta property=\"og:site_name\" content=\"Cooling Tower Fill, China PVC Fills Manufacturer\" \/>\n<meta property=\"article:modified_time\" content=\"2025-07-30T11:09:22+00:00\" \/>\n<meta property=\"og:image\" content=\"https:\/\/cpxzx.com\/wp-content\/uploads\/2025\/07\/SS304-316-Metal-Super-Raschig.jpg\" \/>\n\t<meta property=\"og:image:width\" content=\"550\" \/>\n\t<meta property=\"og:image:height\" content=\"550\" \/>\n\t<meta property=\"og:image:type\" content=\"image\/jpeg\" \/>\n<meta name=\"twitter:card\" content=\"summary_large_image\" \/>\n<meta name=\"twitter:label1\" content=\"Tiempo de lectura\" \/>\n\t<meta name=\"twitter:data1\" content=\"3 minutos\" \/>\n<script type=\"application\/ld+json\" class=\"yoast-schema-graph\">{\"@context\":\"https:\\\/\\\/schema.org\",\"@graph\":[{\"@type\":\"WebPage\",\"@id\":\"https:\\\/\\\/cpxzx.com\\\/product\\\/metal-super-raschig-ring\\\/\",\"url\":\"https:\\\/\\\/cpxzx.com\\\/product\\\/metal-super-raschig-ring\\\/\",\"name\":\"Metal Super Raschig Ring SS304 SS316\",\"isPartOf\":{\"@id\":\"https:\\\/\\\/cpxzx.com\\\/#website\"},\"primaryImageOfPage\":{\"@id\":\"https:\\\/\\\/cpxzx.com\\\/product\\\/metal-super-raschig-ring\\\/#primaryimage\"},\"image\":{\"@id\":\"https:\\\/\\\/cpxzx.com\\\/product\\\/metal-super-raschig-ring\\\/#primaryimage\"},\"thumbnailUrl\":\"https:\\\/\\\/cpxzx.com\\\/wp-content\\\/uploads\\\/2025\\\/07\\\/SS304-316-Metal-Super-Raschig.jpg\",\"datePublished\":\"2025-07-21T09:33:28+00:00\",\"dateModified\":\"2025-07-30T11:09:22+00:00\",\"breadcrumb\":{\"@id\":\"https:\\\/\\\/cpxzx.com\\\/product\\\/metal-super-raschig-ring\\\/#breadcrumb\"},\"inLanguage\":\"es\",\"potentialAction\":[{\"@type\":\"ReadAction\",\"target\":[\"https:\\\/\\\/cpxzx.com\\\/product\\\/metal-super-raschig-ring\\\/\"]}]},{\"@type\":\"ImageObject\",\"inLanguage\":\"es\",\"@id\":\"https:\\\/\\\/cpxzx.com\\\/product\\\/metal-super-raschig-ring\\\/#primaryimage\",\"url\":\"https:\\\/\\\/cpxzx.com\\\/wp-content\\\/uploads\\\/2025\\\/07\\\/SS304-316-Metal-Super-Raschig.jpg\",\"contentUrl\":\"https:\\\/\\\/cpxzx.com\\\/wp-content\\\/uploads\\\/2025\\\/07\\\/SS304-316-Metal-Super-Raschig.jpg\",\"width\":550,\"height\":550},{\"@type\":\"BreadcrumbList\",\"@id\":\"https:\\\/\\\/cpxzx.com\\\/product\\\/metal-super-raschig-ring\\\/#breadcrumb\",\"itemListElement\":[{\"@type\":\"ListItem\",\"position\":1,\"name\":\"Home\",\"item\":\"https:\\\/\\\/cpxzx.com\\\/\"},{\"@type\":\"ListItem\",\"position\":2,\"name\":\"Random Packing\",\"item\":\"https:\\\/\\\/cpxzx.com\\\/pcategory\\\/random-packing\\\/\"},{\"@type\":\"ListItem\",\"position\":3,\"name\":\"Metal Random Packing\",\"item\":\"https:\\\/\\\/cpxzx.com\\\/pcategory\\\/random-packing\\\/metal-random-packing\\\/\"},{\"@type\":\"ListItem\",\"position\":4,\"name\":\"Metal Super Raschig Ring(8mm 25mm 50mm 89mm SS304 SS316)\"}]},{\"@type\":\"WebSite\",\"@id\":\"https:\\\/\\\/cpxzx.com\\\/#website\",\"url\":\"https:\\\/\\\/cpxzx.com\\\/\",\"name\":\"Cooling Tower Fill, China PVC Fills Manufacturer\",\"description\":\"\",\"publisher\":{\"@id\":\"https:\\\/\\\/cpxzx.com\\\/#organization\"},\"potentialAction\":[{\"@type\":\"SearchAction\",\"target\":{\"@type\":\"EntryPoint\",\"urlTemplate\":\"https:\\\/\\\/cpxzx.com\\\/?s={search_term_string}\"},\"query-input\":{\"@type\":\"PropertyValueSpecification\",\"valueRequired\":true,\"valueName\":\"search_term_string\"}}],\"inLanguage\":\"es\"},{\"@type\":\"Organization\",\"@id\":\"https:\\\/\\\/cpxzx.com\\\/#organization\",\"name\":\"Cooling Tower Fill, China PVC Fills Manufacturer\",\"url\":\"https:\\\/\\\/cpxzx.com\\\/\",\"logo\":{\"@type\":\"ImageObject\",\"inLanguage\":\"es\",\"@id\":\"https:\\\/\\\/cpxzx.com\\\/#\\\/schema\\\/logo\\\/image\\\/\",\"url\":\"https:\\\/\\\/cpxzx.com\\\/wp-content\\\/uploads\\\/2025\\\/07\\\/1751628807-logo.png\",\"contentUrl\":\"https:\\\/\\\/cpxzx.com\\\/wp-content\\\/uploads\\\/2025\\\/07\\\/1751628807-logo.png\",\"width\":383,\"height\":87,\"caption\":\"Cooling Tower Fill, China PVC Fills Manufacturer\"},\"image\":{\"@id\":\"https:\\\/\\\/cpxzx.com\\\/#\\\/schema\\\/logo\\\/image\\\/\"}}]}<\/script>\n<!-- \/ Yoast SEO plugin. -->","yoast_head_json":{"title":"Metal Super Raschig Ring SS304 SS316","robots":{"index":"index","follow":"follow","max-snippet":"max-snippet:-1","max-image-preview":"max-image-preview:large","max-video-preview":"max-video-preview:-1"},"canonical":"https:\/\/cpxzx.com\/es\/producto\/metal-super-raschig-ring\/","og_locale":"es_ES","og_type":"article","og_title":"Metal Super Raschig Ring SS304 SS316","og_description":"The Super Raschig Ring offers an optimal solution for heavy-duty industrial packing. Unlike traditional shapes, it prevents droplet formation, commonly seen with large gas loads. With over 30% higher load capacity, 70% lower pressure drop, and more than 10% improved mass transfer efficiency compared to conventional metal packing, it is widely used in petrochemical, fertilizer, and environmental protection industries. Available in materials like carbon steel, SS304, SS304L, SS410, SS316, and SS316L.","og_url":"https:\/\/cpxzx.com\/es\/producto\/metal-super-raschig-ring\/","og_site_name":"Cooling Tower Fill, China PVC Fills Manufacturer","article_modified_time":"2025-07-30T11:09:22+00:00","og_image":[{"width":550,"height":550,"url":"https:\/\/cpxzx.com\/wp-content\/uploads\/2025\/07\/SS304-316-Metal-Super-Raschig.jpg","type":"image\/jpeg"}],"twitter_card":"summary_large_image","twitter_misc":{"Tiempo de lectura":"3 minutos"},"schema":{"@context":"https:\/\/schema.org","@graph":[{"@type":"WebPage","@id":"https:\/\/cpxzx.com\/product\/metal-super-raschig-ring\/","url":"https:\/\/cpxzx.com\/product\/metal-super-raschig-ring\/","name":"Metal Super Raschig Ring SS304 SS316","isPartOf":{"@id":"https:\/\/cpxzx.com\/#website"},"primaryImageOfPage":{"@id":"https:\/\/cpxzx.com\/product\/metal-super-raschig-ring\/#primaryimage"},"image":{"@id":"https:\/\/cpxzx.com\/product\/metal-super-raschig-ring\/#primaryimage"},"thumbnailUrl":"https:\/\/cpxzx.com\/wp-content\/uploads\/2025\/07\/SS304-316-Metal-Super-Raschig.jpg","datePublished":"2025-07-21T09:33:28+00:00","dateModified":"2025-07-30T11:09:22+00:00","breadcrumb":{"@id":"https:\/\/cpxzx.com\/product\/metal-super-raschig-ring\/#breadcrumb"},"inLanguage":"es","potentialAction":[{"@type":"ReadAction","target":["https:\/\/cpxzx.com\/product\/metal-super-raschig-ring\/"]}]},{"@type":"ImageObject","inLanguage":"es","@id":"https:\/\/cpxzx.com\/product\/metal-super-raschig-ring\/#primaryimage","url":"https:\/\/cpxzx.com\/wp-content\/uploads\/2025\/07\/SS304-316-Metal-Super-Raschig.jpg","contentUrl":"https:\/\/cpxzx.com\/wp-content\/uploads\/2025\/07\/SS304-316-Metal-Super-Raschig.jpg","width":550,"height":550},{"@type":"BreadcrumbList","@id":"https:\/\/cpxzx.com\/product\/metal-super-raschig-ring\/#breadcrumb","itemListElement":[{"@type":"ListItem","position":1,"name":"Home","item":"https:\/\/cpxzx.com\/"},{"@type":"ListItem","position":2,"name":"Random Packing","item":"https:\/\/cpxzx.com\/pcategory\/random-packing\/"},{"@type":"ListItem","position":3,"name":"Metal Random Packing","item":"https:\/\/cpxzx.com\/pcategory\/random-packing\/metal-random-packing\/"},{"@type":"ListItem","position":4,"name":"Metal Super Raschig Ring(8mm 25mm 50mm 89mm SS304 SS316)"}]},{"@type":"WebSite","@id":"https:\/\/cpxzx.com\/#website","url":"https:\/\/cpxzx.com\/","name":"Relleno de torre de refrigeraci\u00f3n, Fabricante de rellenos de PVC en China","description":"","publisher":{"@id":"https:\/\/cpxzx.com\/#organization"},"potentialAction":[{"@type":"SearchAction","target":{"@type":"EntryPoint","urlTemplate":"https:\/\/cpxzx.com\/?s={search_term_string}"},"query-input":{"@type":"PropertyValueSpecification","valueRequired":true,"valueName":"search_term_string"}}],"inLanguage":"es"},{"@type":"Organization","@id":"https:\/\/cpxzx.com\/#organization","name":"Relleno de torre de refrigeraci\u00f3n, Fabricante de rellenos de PVC en China","url":"https:\/\/cpxzx.com\/","logo":{"@type":"ImageObject","inLanguage":"es","@id":"https:\/\/cpxzx.com\/#\/schema\/logo\/image\/","url":"https:\/\/cpxzx.com\/wp-content\/uploads\/2025\/07\/1751628807-logo.png","contentUrl":"https:\/\/cpxzx.com\/wp-content\/uploads\/2025\/07\/1751628807-logo.png","width":383,"height":87,"caption":"Cooling Tower Fill, China PVC Fills Manufacturer"},"image":{"@id":"https:\/\/cpxzx.com\/#\/schema\/logo\/image\/"}}]}},"taxonomy_info":{"pcategory":[{"value":22,"label":"Random Packing"},{"value":23,"label":"Metal Random Packing"}]},"featured_image_src_large":["https:\/\/cpxzx.com\/wp-content\/uploads\/2025\/07\/SS304-316-Metal-Super-Raschig.jpg",550,550,false],"author_info":[],"comment_info":"","_links":{"self":[{"href":"https:\/\/cpxzx.com\/es\/wp-json\/wp\/v2\/product\/2819","targetHints":{"allow":["GET"]}}],"collection":[{"href":"https:\/\/cpxzx.com\/es\/wp-json\/wp\/v2\/product"}],"about":[{"href":"https:\/\/cpxzx.com\/es\/wp-json\/wp\/v2\/types\/product"}],"wp:featuredmedia":[{"embeddable":true,"href":"https:\/\/cpxzx.com\/es\/wp-json\/wp\/v2\/media\/2822"}],"wp:attachment":[{"href":"https:\/\/cpxzx.com\/es\/wp-json\/wp\/v2\/media?parent=2819"}],"wp:term":[{"taxonomy":"pcategory","embeddable":true,"href":"https:\/\/cpxzx.com\/es\/wp-json\/wp\/v2\/pcategory?post=2819"},{"taxonomy":"ptag","embeddable":true,"href":"https:\/\/cpxzx.com\/es\/wp-json\/wp\/v2\/ptag?post=2819"}],"curies":[{"name":"wp","href":"https:\/\/api.w.org\/{rel}","templated":true}]}}