{"id":2814,"date":"2025-07-19T09:57:17","date_gmt":"2025-07-19T09:57:17","guid":{"rendered":"https:\/\/cpxzx.com\/?post_type=product&#038;p=2814"},"modified":"2025-07-30T11:07:35","modified_gmt":"2025-07-30T11:07:35","slug":"ceramic-intalox-saddles","status":"publish","type":"product","link":"https:\/\/cpxzx.com\/es\/producto\/ceramic-intalox-saddles\/","title":{"rendered":"Monturas cer\u00e1micas Intalox (25 mm, 38 mm, 50 mm, 76 mm)"},"content":{"rendered":"<p><strong>Sillines cer\u00e1micos Intalox<\/strong> suponen una mejora significativa con respecto a los sillines de arco cer\u00e1micos tradicionales. Gracias a su avanzado dise\u00f1o, que presenta cambios en la superficie arqueada y el radio de curvatura interior, estos sillines resuelven el problema de anidamiento que suele afectar a los sillines convencionales. Los sillines cer\u00e1micos Intalox est\u00e1n dise\u00f1ados para ofrecer una excelente humectabilidad, lo que los hace ideales para su uso en diversas aplicaciones. Permiten una mayor aleatoriedad en el flujo de fluidos al tiempo que evitan la formaci\u00f3n de trayectorias o canales de fluidos preferentes, que pueden reducir la eficacia en los procesos qu\u00edmicos.<\/p>\n<h2>Caracter\u00edsticas principales de los sillines cer\u00e1micos Intalox<\/h2>\n<ul>\n<li><strong>Excelente resistencia a los \u00e1cidos<\/strong>: Los sillines cer\u00e1micos Intalox est\u00e1n dise\u00f1ados para resistir entornos altamente \u00e1cidos, lo que garantiza su durabilidad en industrias como las de procesamiento qu\u00edmico y refinado petroqu\u00edmico.<\/li>\n<li><strong>Resistencia superior al calor<\/strong>: Estos sillines pueden soportar temperaturas extremas, por lo que son adecuados para su uso en procesos a alta temperatura.<\/li>\n<li><strong>Alta superficie espec\u00edfica<\/strong>: Con una elevada superficie, estas silletas proporcionan una mejor interacci\u00f3n entre las fases gaseosa y l\u00edquida en diversas aplicaciones de transferencia de masa, mejorando la eficiencia.<\/li>\n<li><strong>Bajo coste<\/strong>: A pesar de sus propiedades superiores, los sillines cer\u00e1micos Intalox son rentables, ofreciendo un equilibrio entre alto rendimiento y asequibilidad.<\/li>\n<li><strong>Alta resistencia mec\u00e1nica<\/strong>: La resistencia mec\u00e1nica de estos sillines garantiza que puedan soportar la presi\u00f3n y la tensi\u00f3n mec\u00e1nica durante el funcionamiento.<\/li>\n<li><strong>Ahorro de energ\u00eda<\/strong>: Los sillines cer\u00e1micos Intalox son eficientes desde el punto de vista energ\u00e9tico, lo que contribuye a reducir los costes operativos a lo largo del tiempo.<\/li>\n<li><strong>Facilidad de manejo<\/strong>: El dise\u00f1o ligero y duradero de estos sillines facilita su carga y descarga, reduciendo el tiempo y el esfuerzo de manipulaci\u00f3n.<\/li>\n<\/ul>\n<h2>Especificaciones de los sillines Intalox de cer\u00e1mica<\/h2>\n<table border=\"1\">\n<thead>\n<tr>\n<th>Especificaci\u00f3n (mm)<\/th>\n<th>Tama\u00f1o (mm)<\/th>\n<th>Superficie (m2\/m3)<\/th>\n<th>Volumen libre (%)<\/th>\n<th>N\u00fameros a granel (por\/m3)<\/th>\n<th>Densidad aparente (kg\/m3)<\/th>\n<th>Factor de empaquetamiento en seco (m-1)<\/th>\n<\/tr>\n<\/thead>\n<tbody>\n<tr>\n<td>\u03c625<\/td>\n<td>25*25*3<\/td>\n<td>238<\/td>\n<td>73<\/td>\n<td>53,500<\/td>\n<td>600<\/td>\n<td>565<\/td>\n<\/tr>\n<tr>\n<td>\u03c638<\/td>\n<td>38*38*4<\/td>\n<td>197<\/td>\n<td>75<\/td>\n<td>13,400<\/td>\n<td>570<\/td>\n<td>365<\/td>\n<\/tr>\n<tr>\n<td>\u03c650<\/td>\n<td>50*50*5<\/td>\n<td>120<\/td>\n<td>78<\/td>\n<td>6,800<\/td>\n<td>550<\/td>\n<td>252<\/td>\n<\/tr>\n<tr>\n<td>\u03c680<\/td>\n<td>80*80*8<\/td>\n<td>75<\/td>\n<td>80<\/td>\n<td>1,930<\/td>\n<td>520<\/td>\n<td>146<\/td>\n<\/tr>\n<\/tbody>\n<\/table>\n<h2>Aplicaciones de los sillines cer\u00e1micos Intalox<\/h2>\n<p>Las silletas cer\u00e1micas Intalox se utilizan ampliamente en industrias que requieren materiales de empaquetadura de alta eficacia para operaciones de transferencia de masa. Entre ellas se incluyen los anillos aniselares de pl\u00e1stico, el refinado de aceite desparafinado, el desmetano, el refinado de anh\u00eddrido benc\u00e9nico, etc. Adem\u00e1s, se utilizan habitualmente en torres de secado y torres de absorci\u00f3n para la producci\u00f3n de \u00e1cido sulf\u00farico.<\/p>\n<p>El dise\u00f1o del sill\u00edn cer\u00e1mico Intalox garantiza su eficacia incluso en entornos dif\u00edciles, proporcionando un rendimiento constante durante toda la vida \u00fatil de la aplicaci\u00f3n. Ya sea para procesamiento qu\u00edmico, refinado petroqu\u00edmico o absorci\u00f3n de gases, estos sillines ayudan a mantener un rendimiento \u00f3ptimo y a reducir el tiempo de inactividad.<\/p>\n<h2>Ventajas de utilizar sillines cer\u00e1micos Intalox<\/h2>\n<ul>\n<li><strong>Mejora de la eficiencia<\/strong>: El dise\u00f1o \u00fanico de los sillines cer\u00e1micos Intalox permite un empaquetamiento m\u00e1s aleatorio, mejorando la eficiencia del flujo de fluido y reduciendo los efectos de canalizaci\u00f3n.<\/li>\n<li><strong>Durabilidad<\/strong>: Estas monturas son muy resistentes a los choques t\u00e9rmicos y a los ataques qu\u00edmicos, lo que garantiza su durabilidad a largo plazo en entornos exigentes.<\/li>\n<li><strong>Relaci\u00f3n coste-eficacia<\/strong>: Los sillines cer\u00e1micos Intalox ofrecen un equilibrio entre rendimiento superior y asequibilidad, lo que los convierte en una excelente opci\u00f3n para una amplia gama de aplicaciones.<\/li>\n<li><strong>Ahorro de energ\u00eda<\/strong>: Sus propiedades de eficiencia energ\u00e9tica contribuyen a reducir los costes operativos, una ventaja clave para las industrias que buscan reducir los gastos generales.<\/li>\n<\/ul>\n<h2>\u00bfPor qu\u00e9 elegir sillines cer\u00e1micos Intalox?<\/h2>\n<p>Los asientos cer\u00e1micos Intalox ofrecen varias ventajas sobre los materiales de empaquetadura tradicionales. Su capacidad para soportar temperaturas extremas y sustancias corrosivas los hace ideales para industrias como la petroqu\u00edmica, la producci\u00f3n qu\u00edmica y la absorci\u00f3n de gases. El dise\u00f1o del collar\u00edn permite un mejor flujo del fluido, reduciendo el riesgo de obstrucciones y garantizando una mayor eficacia en las operaciones de transferencia de masa. Al elegir los sillines cer\u00e1micos Intalox, puede estar seguro de que sus operaciones se desarrollan sin problemas y con menos interrupciones por mantenimiento, lo que supone un importante ahorro a largo plazo tanto en tiempo como en costes.<\/p>\n<p>Los sillines cer\u00e1micos Intalox son tambi\u00e9n una opci\u00f3n sostenible, ya que contribuyen al ahorro de energ\u00eda y a una menor huella de carbono. Su elevada superficie espec\u00edfica mejora su capacidad de transferencia de masa, por lo que son ideales para procesos que requieren un rendimiento de alta eficiencia.<\/p>\n<h2>Conclusi\u00f3n<\/h2>\n<p>Los sillines cer\u00e1micos Intalox son un componente esencial en diversas aplicaciones industriales, ya que ofrecen una resistencia superior al calor, los productos qu\u00edmicos y los choques t\u00e9rmicos. Su elevada resistencia mec\u00e1nica y su rentabilidad las convierten en la opci\u00f3n ideal para aplicaciones en las industrias qu\u00edmica y petroqu\u00edmica. Ya se utilicen en anillos aniselares de pl\u00e1stico, en el desparafinado de refino de petr\u00f3leo o en la producci\u00f3n de \u00e1cido sulf\u00farico, los sillines cer\u00e1micos Intalox proporcionan un rendimiento y una eficacia duraderos. Gracias a su capacidad de ahorro de energ\u00eda y a su f\u00e1cil manejo, estos collarines son una soluci\u00f3n de empaquetadura fiable y de alto rendimiento.<\/p>\n<p>En resumen, si busca un material de empaquetadura duradero, rentable y eficaz para sus procesos de transferencia de masa, los sillines cer\u00e1micos Intalox son la soluci\u00f3n que necesita.<\/p>","protected":false},"excerpt":{"rendered":"<p>Estas silletas cer\u00e1micas son muy resistentes a los choques t\u00e9rmicos y a los ataques qu\u00edmicos, lo que las convierte en la opci\u00f3n ideal para su uso en entornos industriales dif\u00edciles. Su resistencia superior tanto al calor como a la exposici\u00f3n qu\u00edmica garantiza un rendimiento duradero en aplicaciones exigentes, reduciendo la necesidad de sustituciones frecuentes.<\/p>","protected":false},"featured_media":2816,"parent":0,"template":"","meta":{"_acf_changed":false,"_kad_blocks_custom_css":"","_kad_blocks_head_custom_js":"","_kad_blocks_body_custom_js":"","_kad_blocks_footer_custom_js":"","_kadence_starter_templates_imported_post":false,"_kad_post_transparent":"default","_kad_post_title":"","_kad_post_layout":"default","_kad_post_sidebar_id":"","_kad_post_content_style":"default","_kad_post_vertical_padding":"default","_kad_post_feature":"","_kad_post_feature_position":"","_kad_post_header":false,"_kad_post_footer":false},"pcategory":[],"ptag":[],"class_list":["post-2814","product","type-product","status-publish","has-post-thumbnail","hentry"],"acf":[],"yoast_head":"<!-- This site is optimized with the Yoast SEO plugin v27.4 - https:\/\/yoast.com\/product\/yoast-seo-wordpress\/ -->\n<title>Ceramic Intalox Saddles (25mm, 38mm, 50mm, 76mm)<\/title>\n<meta name=\"robots\" content=\"index, follow, max-snippet:-1, max-image-preview:large, max-video-preview:-1\" \/>\n<link rel=\"canonical\" href=\"https:\/\/cpxzx.com\/es\/producto\/ceramic-intalox-saddles\/\" \/>\n<meta property=\"og:locale\" content=\"es_ES\" \/>\n<meta property=\"og:type\" content=\"article\" \/>\n<meta property=\"og:title\" content=\"Ceramic Intalox Saddles (25mm, 38mm, 50mm, 76mm)\" \/>\n<meta property=\"og:description\" content=\"These ceramic saddles are highly resistant to thermal shock and chemical attack, making them an ideal choice for use in harsh industrial environments. Their superior resistance to both heat and chemical exposure ensures long-lasting performance in demanding applications, reducing the need for frequent replacements.\" \/>\n<meta property=\"og:url\" content=\"https:\/\/cpxzx.com\/es\/producto\/ceramic-intalox-saddles\/\" \/>\n<meta property=\"og:site_name\" content=\"Cooling Tower Fill, China PVC Fills Manufacturer\" \/>\n<meta property=\"article:modified_time\" content=\"2025-07-30T11:07:35+00:00\" \/>\n<meta property=\"og:image\" content=\"https:\/\/cpxzx.com\/wp-content\/uploads\/2025\/07\/Ceramic-Intalox-Saddles-26.jpg\" \/>\n\t<meta property=\"og:image:width\" content=\"550\" \/>\n\t<meta property=\"og:image:height\" content=\"550\" \/>\n\t<meta property=\"og:image:type\" content=\"image\/jpeg\" \/>\n<meta name=\"twitter:card\" content=\"summary_large_image\" \/>\n<meta name=\"twitter:label1\" content=\"Tiempo de lectura\" \/>\n\t<meta name=\"twitter:data1\" content=\"4 minutos\" \/>\n<script type=\"application\/ld+json\" class=\"yoast-schema-graph\">{\"@context\":\"https:\\\/\\\/schema.org\",\"@graph\":[{\"@type\":\"WebPage\",\"@id\":\"https:\\\/\\\/cpxzx.com\\\/product\\\/ceramic-intalox-saddles\\\/\",\"url\":\"https:\\\/\\\/cpxzx.com\\\/product\\\/ceramic-intalox-saddles\\\/\",\"name\":\"Ceramic Intalox Saddles (25mm, 38mm, 50mm, 76mm)\",\"isPartOf\":{\"@id\":\"https:\\\/\\\/cpxzx.com\\\/#website\"},\"primaryImageOfPage\":{\"@id\":\"https:\\\/\\\/cpxzx.com\\\/product\\\/ceramic-intalox-saddles\\\/#primaryimage\"},\"image\":{\"@id\":\"https:\\\/\\\/cpxzx.com\\\/product\\\/ceramic-intalox-saddles\\\/#primaryimage\"},\"thumbnailUrl\":\"https:\\\/\\\/cpxzx.com\\\/wp-content\\\/uploads\\\/2025\\\/07\\\/Ceramic-Intalox-Saddles-26.jpg\",\"datePublished\":\"2025-07-19T09:57:17+00:00\",\"dateModified\":\"2025-07-30T11:07:35+00:00\",\"breadcrumb\":{\"@id\":\"https:\\\/\\\/cpxzx.com\\\/product\\\/ceramic-intalox-saddles\\\/#breadcrumb\"},\"inLanguage\":\"es\",\"potentialAction\":[{\"@type\":\"ReadAction\",\"target\":[\"https:\\\/\\\/cpxzx.com\\\/product\\\/ceramic-intalox-saddles\\\/\"]}]},{\"@type\":\"ImageObject\",\"inLanguage\":\"es\",\"@id\":\"https:\\\/\\\/cpxzx.com\\\/product\\\/ceramic-intalox-saddles\\\/#primaryimage\",\"url\":\"https:\\\/\\\/cpxzx.com\\\/wp-content\\\/uploads\\\/2025\\\/07\\\/Ceramic-Intalox-Saddles-26.jpg\",\"contentUrl\":\"https:\\\/\\\/cpxzx.com\\\/wp-content\\\/uploads\\\/2025\\\/07\\\/Ceramic-Intalox-Saddles-26.jpg\",\"width\":550,\"height\":550},{\"@type\":\"BreadcrumbList\",\"@id\":\"https:\\\/\\\/cpxzx.com\\\/product\\\/ceramic-intalox-saddles\\\/#breadcrumb\",\"itemListElement\":[{\"@type\":\"ListItem\",\"position\":1,\"name\":\"Home\",\"item\":\"https:\\\/\\\/cpxzx.com\\\/\"},{\"@type\":\"ListItem\",\"position\":2,\"name\":\"Ceramic Intalox Saddles (25mm, 38mm, 50mm, 76mm)\"}]},{\"@type\":\"WebSite\",\"@id\":\"https:\\\/\\\/cpxzx.com\\\/#website\",\"url\":\"https:\\\/\\\/cpxzx.com\\\/\",\"name\":\"Cooling Tower Fill, China PVC Fills Manufacturer\",\"description\":\"\",\"publisher\":{\"@id\":\"https:\\\/\\\/cpxzx.com\\\/#organization\"},\"potentialAction\":[{\"@type\":\"SearchAction\",\"target\":{\"@type\":\"EntryPoint\",\"urlTemplate\":\"https:\\\/\\\/cpxzx.com\\\/?s={search_term_string}\"},\"query-input\":{\"@type\":\"PropertyValueSpecification\",\"valueRequired\":true,\"valueName\":\"search_term_string\"}}],\"inLanguage\":\"es\"},{\"@type\":\"Organization\",\"@id\":\"https:\\\/\\\/cpxzx.com\\\/#organization\",\"name\":\"Cooling Tower Fill, China PVC Fills Manufacturer\",\"url\":\"https:\\\/\\\/cpxzx.com\\\/\",\"logo\":{\"@type\":\"ImageObject\",\"inLanguage\":\"es\",\"@id\":\"https:\\\/\\\/cpxzx.com\\\/#\\\/schema\\\/logo\\\/image\\\/\",\"url\":\"https:\\\/\\\/cpxzx.com\\\/wp-content\\\/uploads\\\/2025\\\/07\\\/1751628807-logo.png\",\"contentUrl\":\"https:\\\/\\\/cpxzx.com\\\/wp-content\\\/uploads\\\/2025\\\/07\\\/1751628807-logo.png\",\"width\":383,\"height\":87,\"caption\":\"Cooling Tower Fill, China PVC Fills Manufacturer\"},\"image\":{\"@id\":\"https:\\\/\\\/cpxzx.com\\\/#\\\/schema\\\/logo\\\/image\\\/\"}}]}<\/script>\n<!-- \/ Yoast SEO plugin. -->","yoast_head_json":{"title":"Monturas cer\u00e1micas Intalox (25 mm, 38 mm, 50 mm, 76 mm)","robots":{"index":"index","follow":"follow","max-snippet":"max-snippet:-1","max-image-preview":"max-image-preview:large","max-video-preview":"max-video-preview:-1"},"canonical":"https:\/\/cpxzx.com\/es\/producto\/ceramic-intalox-saddles\/","og_locale":"es_ES","og_type":"article","og_title":"Ceramic Intalox Saddles (25mm, 38mm, 50mm, 76mm)","og_description":"These ceramic saddles are highly resistant to thermal shock and chemical attack, making them an ideal choice for use in harsh industrial environments. Their superior resistance to both heat and chemical exposure ensures long-lasting performance in demanding applications, reducing the need for frequent replacements.","og_url":"https:\/\/cpxzx.com\/es\/producto\/ceramic-intalox-saddles\/","og_site_name":"Cooling Tower Fill, China PVC Fills Manufacturer","article_modified_time":"2025-07-30T11:07:35+00:00","og_image":[{"width":550,"height":550,"url":"https:\/\/cpxzx.com\/wp-content\/uploads\/2025\/07\/Ceramic-Intalox-Saddles-26.jpg","type":"image\/jpeg"}],"twitter_card":"summary_large_image","twitter_misc":{"Tiempo de lectura":"4 minutos"},"schema":{"@context":"https:\/\/schema.org","@graph":[{"@type":"WebPage","@id":"https:\/\/cpxzx.com\/product\/ceramic-intalox-saddles\/","url":"https:\/\/cpxzx.com\/product\/ceramic-intalox-saddles\/","name":"Monturas cer\u00e1micas Intalox (25 mm, 38 mm, 50 mm, 76 mm)","isPartOf":{"@id":"https:\/\/cpxzx.com\/#website"},"primaryImageOfPage":{"@id":"https:\/\/cpxzx.com\/product\/ceramic-intalox-saddles\/#primaryimage"},"image":{"@id":"https:\/\/cpxzx.com\/product\/ceramic-intalox-saddles\/#primaryimage"},"thumbnailUrl":"https:\/\/cpxzx.com\/wp-content\/uploads\/2025\/07\/Ceramic-Intalox-Saddles-26.jpg","datePublished":"2025-07-19T09:57:17+00:00","dateModified":"2025-07-30T11:07:35+00:00","breadcrumb":{"@id":"https:\/\/cpxzx.com\/product\/ceramic-intalox-saddles\/#breadcrumb"},"inLanguage":"es","potentialAction":[{"@type":"ReadAction","target":["https:\/\/cpxzx.com\/product\/ceramic-intalox-saddles\/"]}]},{"@type":"ImageObject","inLanguage":"es","@id":"https:\/\/cpxzx.com\/product\/ceramic-intalox-saddles\/#primaryimage","url":"https:\/\/cpxzx.com\/wp-content\/uploads\/2025\/07\/Ceramic-Intalox-Saddles-26.jpg","contentUrl":"https:\/\/cpxzx.com\/wp-content\/uploads\/2025\/07\/Ceramic-Intalox-Saddles-26.jpg","width":550,"height":550},{"@type":"BreadcrumbList","@id":"https:\/\/cpxzx.com\/product\/ceramic-intalox-saddles\/#breadcrumb","itemListElement":[{"@type":"ListItem","position":1,"name":"Home","item":"https:\/\/cpxzx.com\/"},{"@type":"ListItem","position":2,"name":"Ceramic Intalox Saddles (25mm, 38mm, 50mm, 76mm)"}]},{"@type":"WebSite","@id":"https:\/\/cpxzx.com\/#website","url":"https:\/\/cpxzx.com\/","name":"Relleno de torre de refrigeraci\u00f3n, Fabricante de rellenos de PVC en China","description":"","publisher":{"@id":"https:\/\/cpxzx.com\/#organization"},"potentialAction":[{"@type":"SearchAction","target":{"@type":"EntryPoint","urlTemplate":"https:\/\/cpxzx.com\/?s={search_term_string}"},"query-input":{"@type":"PropertyValueSpecification","valueRequired":true,"valueName":"search_term_string"}}],"inLanguage":"es"},{"@type":"Organization","@id":"https:\/\/cpxzx.com\/#organization","name":"Relleno de torre de refrigeraci\u00f3n, Fabricante de rellenos de PVC en China","url":"https:\/\/cpxzx.com\/","logo":{"@type":"ImageObject","inLanguage":"es","@id":"https:\/\/cpxzx.com\/#\/schema\/logo\/image\/","url":"https:\/\/cpxzx.com\/wp-content\/uploads\/2025\/07\/1751628807-logo.png","contentUrl":"https:\/\/cpxzx.com\/wp-content\/uploads\/2025\/07\/1751628807-logo.png","width":383,"height":87,"caption":"Cooling Tower Fill, China PVC Fills Manufacturer"},"image":{"@id":"https:\/\/cpxzx.com\/#\/schema\/logo\/image\/"}}]}},"taxonomy_info":[],"featured_image_src_large":["https:\/\/cpxzx.com\/wp-content\/uploads\/2025\/07\/Ceramic-Intalox-Saddles-26.jpg",550,550,false],"author_info":[],"comment_info":"","_links":{"self":[{"href":"https:\/\/cpxzx.com\/es\/wp-json\/wp\/v2\/product\/2814","targetHints":{"allow":["GET"]}}],"collection":[{"href":"https:\/\/cpxzx.com\/es\/wp-json\/wp\/v2\/product"}],"about":[{"href":"https:\/\/cpxzx.com\/es\/wp-json\/wp\/v2\/types\/product"}],"wp:featuredmedia":[{"embeddable":true,"href":"https:\/\/cpxzx.com\/es\/wp-json\/wp\/v2\/media\/2816"}],"wp:attachment":[{"href":"https:\/\/cpxzx.com\/es\/wp-json\/wp\/v2\/media?parent=2814"}],"wp:term":[{"taxonomy":"pcategory","embeddable":true,"href":"https:\/\/cpxzx.com\/es\/wp-json\/wp\/v2\/pcategory?post=2814"},{"taxonomy":"ptag","embeddable":true,"href":"https:\/\/cpxzx.com\/es\/wp-json\/wp\/v2\/ptag?post=2814"}],"curies":[{"name":"wp","href":"https:\/\/api.w.org\/{rel}","templated":true}]}}