{"id":2791,"date":"2025-07-17T12:10:35","date_gmt":"2025-07-17T12:10:35","guid":{"rendered":"https:\/\/cpxzx.com\/?post_type=product&#038;p=2791"},"modified":"2025-07-30T11:04:37","modified_gmt":"2025-07-30T11:04:37","slug":"metal-raschig-rings","status":"publish","type":"product","link":"https:\/\/cpxzx.com\/es\/producto\/metal-raschig-rings\/","title":{"rendered":"25mm 38mm 50mm-Anillos Raschig de metal"},"content":{"rendered":"<p><strong>Anillas Raschig met\u00e1licas<\/strong> son un tipo de empaquetadura aleatoria utilizada en torres para diversas aplicaciones, como destilaci\u00f3n, absorci\u00f3n y reacciones catal\u00edticas. La estructura de estos anillos, normalmente de igual longitud y di\u00e1metro, ayuda a la distribuci\u00f3n eficaz de l\u00edquidos y gases dentro del sistema, optimizando el proceso de transferencia de masa. En comparaci\u00f3n con sus hom\u00f3logos de pl\u00e1stico, los anillos Raschig met\u00e1licos pueden soportar cargas m\u00e1s pesadas, lo que los hace ideales para procesos industriales exigentes.<\/p>\n<h2>Principales caracter\u00edsticas y ventajas de los anillos Raschig met\u00e1licos<\/h2>\n<ul>\n<li><strong>Materiales duraderos<\/strong>: Fabricados con materiales como acero al carbono, SS304, SS304L, SS410, SS316 y SS316L, los anillos Raschig met\u00e1licos est\u00e1n dise\u00f1ados para soportar entornos qu\u00edmicos agresivos y altas temperaturas.<\/li>\n<li><strong>Alta resistencia al aplastamiento<\/strong>: Estos anillos se caracterizan por su elevada resistencia mec\u00e1nica, que les permite soportar grandes presiones sin deformarse, lo que los hace adecuados para aplicaciones con grandes cargas.<\/li>\n<li><strong>Transferencia de masa eficiente<\/strong>: Gracias a su gran volumen vac\u00edo y a su elevada superficie, los anillos Raschig met\u00e1licos facilitan un excelente contacto entre l\u00edquidos y gases, garantizando una transferencia de masa eficaz en los procesos qu\u00edmicos.<\/li>\n<li><strong>Aplicaciones vers\u00e1tiles<\/strong>: Los anillos Raschig met\u00e1licos se utilizan ampliamente en industrias como la petroqu\u00edmica, el tratamiento de aguas y el procesamiento de gases. Son perfectos para tareas como el soporte de catalizadores, la separaci\u00f3n, la destilaci\u00f3n y la extracci\u00f3n.<\/li>\n<\/ul>\n<h2>Especificaciones de los anillos Raschig de metal<\/h2>\n<table border=\"1\">\n<thead>\n<tr>\n<th>Talla<br \/>\n(mm)<\/th>\n<th>Densidad aparente<br \/>\n(kg\/m\u00b3)<\/th>\n<th>Cantidad<br \/>\n(por m\u00b3)<\/th>\n<th>Superficie<br \/>\n(m\u00b2\/m\u00b3)<\/th>\n<th>Volumen libre<br \/>\n(%)<\/th>\n<\/tr>\n<\/thead>\n<tbody>\n<tr>\n<td>15\u00d715\u00d70.3<\/td>\n<td>379<\/td>\n<td>230000<\/td>\n<td>350<\/td>\n<td>95<\/td>\n<\/tr>\n<tr>\n<td>25\u00d725\u00d70.4<\/td>\n<td>318<\/td>\n<td>51000<\/td>\n<td>216<\/td>\n<td>96<\/td>\n<\/tr>\n<tr>\n<td>25\u00d725\u00d70.5<\/td>\n<td>400<\/td>\n<td>51000<\/td>\n<td>220<\/td>\n<td>95<\/td>\n<\/tr>\n<tr>\n<td>35\u00d735\u00d70.8<\/td>\n<td>430<\/td>\n<td>19000<\/td>\n<td>150<\/td>\n<td>93<\/td>\n<\/tr>\n<tr>\n<td>50\u00d750\u00d70.5<\/td>\n<td>203<\/td>\n<td>6500<\/td>\n<td>106<\/td>\n<td>97.4<\/td>\n<\/tr>\n<tr>\n<td>50\u00d750\u00d70.7<\/td>\n<td>285<\/td>\n<td>6500<\/td>\n<td>108<\/td>\n<td>96.4<\/td>\n<\/tr>\n<tr>\n<td>50\u00d750\u00d70.8<\/td>\n<td>325<\/td>\n<td>7000<\/td>\n<td>109<\/td>\n<td>95<\/td>\n<\/tr>\n<tr>\n<td>76\u00d776\u00d70.8<\/td>\n<td>212<\/td>\n<td>1830<\/td>\n<td>69<\/td>\n<td>97.3<\/td>\n<\/tr>\n<tr>\n<td>80\u00d780\u00d71.2<\/td>\n<td>300<\/td>\n<td>1600<\/td>\n<td>65<\/td>\n<td>96<\/td>\n<\/tr>\n<tr>\n<td>90\u00d790\u00d71.0<\/td>\n<td>236<\/td>\n<td>1160<\/td>\n<td>62<\/td>\n<td>97<\/td>\n<\/tr>\n<\/tbody>\n<\/table>\n<h2>Aplicaciones de los anillos Raschig met\u00e1licos<\/h2>\n<p>Los anillos Raschig met\u00e1licos se utilizan en diversas industrias, entre ellas:<\/p>\n<ul>\n<li><strong>Industria petroqu\u00edmica<\/strong>: Esencial para los procesos de destilaci\u00f3n y absorci\u00f3n.<\/li>\n<li><strong>Tratamiento del agua<\/strong>: Utilizado en torres de filtraci\u00f3n y tratamiento.<\/li>\n<li><strong>Tratamiento del gas<\/strong>: Ayuda en aplicaciones de separaci\u00f3n y desorci\u00f3n.<\/li>\n<\/ul>\n<h2>Anillos Raschig en la destilaci\u00f3n<\/h2>\n<p>Los anillos Raschig son especialmente eficaces en columnas de destilaci\u00f3n, donde mejoran el contacto entre las fases vapor y l\u00edquida. Su forma uniforme y su elevada superficie proporcionan las condiciones ideales para una separaci\u00f3n eficaz de los compuestos en el proceso de destilaci\u00f3n. Al incorporar los anillos Raschig a los sistemas de destilaci\u00f3n, las industrias pueden lograr una mayor eficacia y reducir los costes operativos.<\/p>\n<h2>Conclusi\u00f3n<\/h2>\n<p>Los anillos Raschig met\u00e1licos ofrecen una soluci\u00f3n fiable, duradera y muy eficaz para aplicaciones de procesamiento qu\u00edmico. Su capacidad para soportar cargas pesadas y resistir la corrosi\u00f3n los hace indispensables en industrias como la petroqu\u00edmica, el tratamiento de aguas y el procesamiento de gases. Si busca una soluci\u00f3n de empaquetadura robusta y eficaz para sus operaciones de transferencia de masa, los anillos Raschig met\u00e1licos son la mejor elecci\u00f3n.<\/p>","protected":false},"excerpt":{"rendered":"<p>Los anillos Raschig met\u00e1licos son componentes tubulares utilizados habitualmente como materiales de empaquetadura en operaciones de procesamiento qu\u00edmico y transferencia de masa. Estos anillos se fabrican normalmente en acero al carbono o acero inoxidable y ofrecen una excelente resistencia mec\u00e1nica y durabilidad. Debido a su robustez, los anillos Raschig met\u00e1licos son los preferidos en industrias en las que la manipulaci\u00f3n de cargas pesadas y la separaci\u00f3n de alta eficacia son cruciales.<\/p>","protected":false},"featured_media":2792,"parent":0,"template":"","meta":{"_acf_changed":false,"_kad_blocks_custom_css":"","_kad_blocks_head_custom_js":"","_kad_blocks_body_custom_js":"","_kad_blocks_footer_custom_js":"","_kadence_starter_templates_imported_post":false,"_kad_post_transparent":"default","_kad_post_title":"","_kad_post_layout":"default","_kad_post_sidebar_id":"","_kad_post_content_style":"default","_kad_post_vertical_padding":"default","_kad_post_feature":"","_kad_post_feature_position":"","_kad_post_header":false,"_kad_post_footer":false},"pcategory":[22,23],"ptag":[],"class_list":["post-2791","product","type-product","status-publish","has-post-thumbnail","hentry","pcategory-random-packing","pcategory-metal-random-packing"],"acf":[],"yoast_head":"<!-- This site is optimized with the Yoast SEO plugin v27.4 - https:\/\/yoast.com\/product\/yoast-seo-wordpress\/ -->\n<title>25mm 38mm 50mm-Metal Raschig Rings<\/title>\n<meta name=\"robots\" content=\"index, follow, max-snippet:-1, max-image-preview:large, max-video-preview:-1\" \/>\n<link rel=\"canonical\" href=\"https:\/\/cpxzx.com\/es\/producto\/metal-raschig-rings\/\" \/>\n<meta property=\"og:locale\" content=\"es_ES\" \/>\n<meta property=\"og:type\" content=\"article\" \/>\n<meta property=\"og:title\" content=\"25mm 38mm 50mm-Metal Raschig Rings\" \/>\n<meta property=\"og:description\" content=\"Metal Raschig rings are tubular components commonly used as packing materials in chemical processing and mass transfer operations. These rings are typically manufactured from carbon steel or stainless steel, offering excellent mechanical strength and durability. Due to their robust nature, metal Raschig rings are favored in industries where heavy load handling and high-efficiency separation are crucial.\" \/>\n<meta property=\"og:url\" content=\"https:\/\/cpxzx.com\/es\/producto\/metal-raschig-rings\/\" \/>\n<meta property=\"og:site_name\" content=\"Cooling Tower Fill, China PVC Fills Manufacturer\" \/>\n<meta property=\"article:modified_time\" content=\"2025-07-30T11:04:37+00:00\" \/>\n<meta property=\"og:image\" content=\"https:\/\/cpxzx.com\/wp-content\/uploads\/2025\/07\/metal-raschig-ring-1.jpg\" \/>\n\t<meta property=\"og:image:width\" content=\"550\" \/>\n\t<meta property=\"og:image:height\" content=\"550\" \/>\n\t<meta property=\"og:image:type\" content=\"image\/jpeg\" \/>\n<meta name=\"twitter:card\" content=\"summary_large_image\" \/>\n<meta name=\"twitter:label1\" content=\"Tiempo de lectura\" \/>\n\t<meta name=\"twitter:data1\" content=\"2 minutos\" \/>\n<script type=\"application\/ld+json\" class=\"yoast-schema-graph\">{\"@context\":\"https:\\\/\\\/schema.org\",\"@graph\":[{\"@type\":\"WebPage\",\"@id\":\"https:\\\/\\\/cpxzx.com\\\/product\\\/metal-raschig-rings\\\/\",\"url\":\"https:\\\/\\\/cpxzx.com\\\/product\\\/metal-raschig-rings\\\/\",\"name\":\"25mm 38mm 50mm-Metal Raschig Rings\",\"isPartOf\":{\"@id\":\"https:\\\/\\\/cpxzx.com\\\/#website\"},\"primaryImageOfPage\":{\"@id\":\"https:\\\/\\\/cpxzx.com\\\/product\\\/metal-raschig-rings\\\/#primaryimage\"},\"image\":{\"@id\":\"https:\\\/\\\/cpxzx.com\\\/product\\\/metal-raschig-rings\\\/#primaryimage\"},\"thumbnailUrl\":\"https:\\\/\\\/cpxzx.com\\\/wp-content\\\/uploads\\\/2025\\\/07\\\/metal-raschig-ring-1.jpg\",\"datePublished\":\"2025-07-17T12:10:35+00:00\",\"dateModified\":\"2025-07-30T11:04:37+00:00\",\"breadcrumb\":{\"@id\":\"https:\\\/\\\/cpxzx.com\\\/product\\\/metal-raschig-rings\\\/#breadcrumb\"},\"inLanguage\":\"es\",\"potentialAction\":[{\"@type\":\"ReadAction\",\"target\":[\"https:\\\/\\\/cpxzx.com\\\/product\\\/metal-raschig-rings\\\/\"]}]},{\"@type\":\"ImageObject\",\"inLanguage\":\"es\",\"@id\":\"https:\\\/\\\/cpxzx.com\\\/product\\\/metal-raschig-rings\\\/#primaryimage\",\"url\":\"https:\\\/\\\/cpxzx.com\\\/wp-content\\\/uploads\\\/2025\\\/07\\\/metal-raschig-ring-1.jpg\",\"contentUrl\":\"https:\\\/\\\/cpxzx.com\\\/wp-content\\\/uploads\\\/2025\\\/07\\\/metal-raschig-ring-1.jpg\",\"width\":550,\"height\":550},{\"@type\":\"BreadcrumbList\",\"@id\":\"https:\\\/\\\/cpxzx.com\\\/product\\\/metal-raschig-rings\\\/#breadcrumb\",\"itemListElement\":[{\"@type\":\"ListItem\",\"position\":1,\"name\":\"Home\",\"item\":\"https:\\\/\\\/cpxzx.com\\\/\"},{\"@type\":\"ListItem\",\"position\":2,\"name\":\"Random Packing\",\"item\":\"https:\\\/\\\/cpxzx.com\\\/pcategory\\\/random-packing\\\/\"},{\"@type\":\"ListItem\",\"position\":3,\"name\":\"Metal Random Packing\",\"item\":\"https:\\\/\\\/cpxzx.com\\\/pcategory\\\/random-packing\\\/metal-random-packing\\\/\"},{\"@type\":\"ListItem\",\"position\":4,\"name\":\"25mm 38mm 50mm-Metal Raschig Rings\"}]},{\"@type\":\"WebSite\",\"@id\":\"https:\\\/\\\/cpxzx.com\\\/#website\",\"url\":\"https:\\\/\\\/cpxzx.com\\\/\",\"name\":\"Cooling Tower Fill, China PVC Fills Manufacturer\",\"description\":\"\",\"publisher\":{\"@id\":\"https:\\\/\\\/cpxzx.com\\\/#organization\"},\"potentialAction\":[{\"@type\":\"SearchAction\",\"target\":{\"@type\":\"EntryPoint\",\"urlTemplate\":\"https:\\\/\\\/cpxzx.com\\\/?s={search_term_string}\"},\"query-input\":{\"@type\":\"PropertyValueSpecification\",\"valueRequired\":true,\"valueName\":\"search_term_string\"}}],\"inLanguage\":\"es\"},{\"@type\":\"Organization\",\"@id\":\"https:\\\/\\\/cpxzx.com\\\/#organization\",\"name\":\"Cooling Tower Fill, China PVC Fills Manufacturer\",\"url\":\"https:\\\/\\\/cpxzx.com\\\/\",\"logo\":{\"@type\":\"ImageObject\",\"inLanguage\":\"es\",\"@id\":\"https:\\\/\\\/cpxzx.com\\\/#\\\/schema\\\/logo\\\/image\\\/\",\"url\":\"https:\\\/\\\/cpxzx.com\\\/wp-content\\\/uploads\\\/2025\\\/07\\\/1751628807-logo.png\",\"contentUrl\":\"https:\\\/\\\/cpxzx.com\\\/wp-content\\\/uploads\\\/2025\\\/07\\\/1751628807-logo.png\",\"width\":383,\"height\":87,\"caption\":\"Cooling Tower Fill, China PVC Fills Manufacturer\"},\"image\":{\"@id\":\"https:\\\/\\\/cpxzx.com\\\/#\\\/schema\\\/logo\\\/image\\\/\"}}]}<\/script>\n<!-- \/ Yoast SEO plugin. -->","yoast_head_json":{"title":"25mm 38mm 50mm-Anillos Raschig de metal","robots":{"index":"index","follow":"follow","max-snippet":"max-snippet:-1","max-image-preview":"max-image-preview:large","max-video-preview":"max-video-preview:-1"},"canonical":"https:\/\/cpxzx.com\/es\/producto\/metal-raschig-rings\/","og_locale":"es_ES","og_type":"article","og_title":"25mm 38mm 50mm-Metal Raschig Rings","og_description":"Metal Raschig rings are tubular components commonly used as packing materials in chemical processing and mass transfer operations. These rings are typically manufactured from carbon steel or stainless steel, offering excellent mechanical strength and durability. Due to their robust nature, metal Raschig rings are favored in industries where heavy load handling and high-efficiency separation are crucial.","og_url":"https:\/\/cpxzx.com\/es\/producto\/metal-raschig-rings\/","og_site_name":"Cooling Tower Fill, China PVC Fills Manufacturer","article_modified_time":"2025-07-30T11:04:37+00:00","og_image":[{"width":550,"height":550,"url":"https:\/\/cpxzx.com\/wp-content\/uploads\/2025\/07\/metal-raschig-ring-1.jpg","type":"image\/jpeg"}],"twitter_card":"summary_large_image","twitter_misc":{"Tiempo de lectura":"2 minutos"},"schema":{"@context":"https:\/\/schema.org","@graph":[{"@type":"WebPage","@id":"https:\/\/cpxzx.com\/product\/metal-raschig-rings\/","url":"https:\/\/cpxzx.com\/product\/metal-raschig-rings\/","name":"25mm 38mm 50mm-Anillos Raschig de metal","isPartOf":{"@id":"https:\/\/cpxzx.com\/#website"},"primaryImageOfPage":{"@id":"https:\/\/cpxzx.com\/product\/metal-raschig-rings\/#primaryimage"},"image":{"@id":"https:\/\/cpxzx.com\/product\/metal-raschig-rings\/#primaryimage"},"thumbnailUrl":"https:\/\/cpxzx.com\/wp-content\/uploads\/2025\/07\/metal-raschig-ring-1.jpg","datePublished":"2025-07-17T12:10:35+00:00","dateModified":"2025-07-30T11:04:37+00:00","breadcrumb":{"@id":"https:\/\/cpxzx.com\/product\/metal-raschig-rings\/#breadcrumb"},"inLanguage":"es","potentialAction":[{"@type":"ReadAction","target":["https:\/\/cpxzx.com\/product\/metal-raschig-rings\/"]}]},{"@type":"ImageObject","inLanguage":"es","@id":"https:\/\/cpxzx.com\/product\/metal-raschig-rings\/#primaryimage","url":"https:\/\/cpxzx.com\/wp-content\/uploads\/2025\/07\/metal-raschig-ring-1.jpg","contentUrl":"https:\/\/cpxzx.com\/wp-content\/uploads\/2025\/07\/metal-raschig-ring-1.jpg","width":550,"height":550},{"@type":"BreadcrumbList","@id":"https:\/\/cpxzx.com\/product\/metal-raschig-rings\/#breadcrumb","itemListElement":[{"@type":"ListItem","position":1,"name":"Home","item":"https:\/\/cpxzx.com\/"},{"@type":"ListItem","position":2,"name":"Random Packing","item":"https:\/\/cpxzx.com\/pcategory\/random-packing\/"},{"@type":"ListItem","position":3,"name":"Metal Random Packing","item":"https:\/\/cpxzx.com\/pcategory\/random-packing\/metal-random-packing\/"},{"@type":"ListItem","position":4,"name":"25mm 38mm 50mm-Metal Raschig Rings"}]},{"@type":"WebSite","@id":"https:\/\/cpxzx.com\/#website","url":"https:\/\/cpxzx.com\/","name":"Relleno de torre de refrigeraci\u00f3n, Fabricante de rellenos de PVC en China","description":"","publisher":{"@id":"https:\/\/cpxzx.com\/#organization"},"potentialAction":[{"@type":"SearchAction","target":{"@type":"EntryPoint","urlTemplate":"https:\/\/cpxzx.com\/?s={search_term_string}"},"query-input":{"@type":"PropertyValueSpecification","valueRequired":true,"valueName":"search_term_string"}}],"inLanguage":"es"},{"@type":"Organization","@id":"https:\/\/cpxzx.com\/#organization","name":"Relleno de torre de refrigeraci\u00f3n, Fabricante de rellenos de PVC en China","url":"https:\/\/cpxzx.com\/","logo":{"@type":"ImageObject","inLanguage":"es","@id":"https:\/\/cpxzx.com\/#\/schema\/logo\/image\/","url":"https:\/\/cpxzx.com\/wp-content\/uploads\/2025\/07\/1751628807-logo.png","contentUrl":"https:\/\/cpxzx.com\/wp-content\/uploads\/2025\/07\/1751628807-logo.png","width":383,"height":87,"caption":"Cooling Tower Fill, China PVC Fills Manufacturer"},"image":{"@id":"https:\/\/cpxzx.com\/#\/schema\/logo\/image\/"}}]}},"taxonomy_info":{"pcategory":[{"value":22,"label":"Random Packing"},{"value":23,"label":"Metal Random Packing"}]},"featured_image_src_large":["https:\/\/cpxzx.com\/wp-content\/uploads\/2025\/07\/metal-raschig-ring-1.jpg",550,550,false],"author_info":[],"comment_info":"","_links":{"self":[{"href":"https:\/\/cpxzx.com\/es\/wp-json\/wp\/v2\/product\/2791","targetHints":{"allow":["GET"]}}],"collection":[{"href":"https:\/\/cpxzx.com\/es\/wp-json\/wp\/v2\/product"}],"about":[{"href":"https:\/\/cpxzx.com\/es\/wp-json\/wp\/v2\/types\/product"}],"wp:featuredmedia":[{"embeddable":true,"href":"https:\/\/cpxzx.com\/es\/wp-json\/wp\/v2\/media\/2792"}],"wp:attachment":[{"href":"https:\/\/cpxzx.com\/es\/wp-json\/wp\/v2\/media?parent=2791"}],"wp:term":[{"taxonomy":"pcategory","embeddable":true,"href":"https:\/\/cpxzx.com\/es\/wp-json\/wp\/v2\/pcategory?post=2791"},{"taxonomy":"ptag","embeddable":true,"href":"https:\/\/cpxzx.com\/es\/wp-json\/wp\/v2\/ptag?post=2791"}],"curies":[{"name":"wp","href":"https:\/\/api.w.org\/{rel}","templated":true}]}}