{"id":2675,"date":"2025-07-16T12:41:30","date_gmt":"2025-07-16T12:41:30","guid":{"rendered":"https:\/\/cpxzx.com\/?post_type=product&#038;p=2675"},"modified":"2025-07-30T11:03:17","modified_gmt":"2025-07-30T11:03:17","slug":"ceramic-raschig-ring","status":"publish","type":"product","link":"https:\/\/cpxzx.com\/es\/producto\/ceramic-raschig-ring\/","title":{"rendered":"10mm 25mm 38mm 50mm Anillo Raschig de cer\u00e1mica"},"content":{"rendered":"<p>En <strong>Anillo Raschig de cer\u00e1mica<\/strong> es un tipo de empaquetadura aleatoria con forma cil\u00edndrica. Se dise\u00f1\u00f3 inicialmente para aumentar la superficie disponible para la transferencia de masa en las torres. Se ha demostrado que los anillos Raschig cer\u00e1micos ofrecen una excelente resistencia a diversos \u00e1cidos inorg\u00e1nicos y org\u00e1nicos, as\u00ed como a disolventes org\u00e1nicos, excepto el \u00e1cido fluorh\u00eddrico. Son ideales tanto para entornos de alta como de baja temperatura, lo que los hace adecuados para una amplia gama de aplicaciones en industrias como la qu\u00edmica, la metal\u00fargica y la de producci\u00f3n de gas de hulla.<\/p>\n<p>Estos anillos est\u00e1n disponibles en varios tama\u00f1os, con opciones est\u00e1ndar que incluyen anillos Raschig de cer\u00e1mica de 10 mm, 25 mm y 50 mm. La altura y el di\u00e1metro de estos anillos son iguales, lo que los convierte en una opci\u00f3n popular para la empaquetadura aleatoria en columnas empaquetadas. A pesar de tener menores tasas de transferencia de masa en comparaci\u00f3n con otros materiales de empaquetadura, los anillos Raschig de cer\u00e1mica son asequibles y siguen siendo ampliamente aceptados en los procesos industriales.<\/p>\n<h2>Caracter\u00edsticas de los anillos Raschig de cer\u00e1mica<\/h2>\n<ul>\n<li><strong>Resistencia a \u00e1cidos y \u00e1lcalis<\/strong>: El material cer\u00e1mico ofrece una excelente resistencia a diversos \u00e1cidos y \u00e1lcalis, por lo que es adecuado para entornos qu\u00edmicos agresivos.<\/li>\n<li><strong>Resistencia al calor<\/strong>: Los anillos Raschig cer\u00e1micos pueden soportar altas temperaturas sin degradarse, lo que es esencial para aplicaciones de alta temperatura.<\/li>\n<li><strong>Alta resistencia mec\u00e1nica<\/strong>: Estos anillos est\u00e1n dise\u00f1ados para soportar las tensiones mec\u00e1nicas de los procesos industriales, garantizando longevidad y fiabilidad.<\/li>\n<li><strong>Ahorro de energ\u00eda y bajos costes operativos<\/strong>: Los anillos Raschig de cer\u00e1mica son una opci\u00f3n energ\u00e9ticamente eficiente debido a sus bajos costes de funcionamiento y a su f\u00e1cil manejo durante la instalaci\u00f3n y el mantenimiento.<\/li>\n<li><strong>Rentable<\/strong>: En comparaci\u00f3n con otros materiales de empaquetadura aleatorios, los anillos Raschig de cer\u00e1mica son una opci\u00f3n asequible sin comprometer el rendimiento.<\/li>\n<\/ul>\n<h2>Especificaciones de los anillos Raschig de cer\u00e1mica<\/h2>\n<table border=\"1\">\n<thead>\n<tr>\n<th>Talla<br \/>\n(mm)<\/th>\n<th>Espesor<br \/>\n(mm)<\/th>\n<th>Superficie<br \/>\n(m\u00b2\/m\u00b3)<\/th>\n<th>Volumen libre<br \/>\n(%)<\/th>\n<th>N\u00fameros a granel<br \/>\n(por\/m\u00b3)<\/th>\n<th>Densidad aparente<br \/>\n(kg\/m\u00b3)<\/th>\n<th>Factor de embalaje en seco<br \/>\n(m-l)<\/th>\n<\/tr>\n<\/thead>\n<tbody>\n<tr>\n<td>6\u00d76<\/td>\n<td>1.6<\/td>\n<td>712<\/td>\n<td>62<\/td>\n<td>3022935<\/td>\n<td>1050<\/td>\n<td>5249<\/td>\n<\/tr>\n<tr>\n<td>13\u00d713<\/td>\n<td>2.4<\/td>\n<td>367<\/td>\n<td>64<\/td>\n<td>377867<\/td>\n<td>800<\/td>\n<td>1903<\/td>\n<\/tr>\n<tr>\n<td>16\u00d716<\/td>\n<td>2.5<\/td>\n<td>305<\/td>\n<td>73<\/td>\n<td>192500<\/td>\n<td>800<\/td>\n<td>900<\/td>\n<\/tr>\n<tr>\n<td>25\u00d725<\/td>\n<td>3<\/td>\n<td>190<\/td>\n<td>74<\/td>\n<td>52000<\/td>\n<td>650<\/td>\n<td>508<\/td>\n<\/tr>\n<tr>\n<td>38\u00d738<\/td>\n<td>5<\/td>\n<td>121<\/td>\n<td>73<\/td>\n<td>15800<\/td>\n<td>650<\/td>\n<td>312<\/td>\n<\/tr>\n<tr>\n<td>50\u00d750<\/td>\n<td>6<\/td>\n<td>92<\/td>\n<td>74<\/td>\n<td>6500<\/td>\n<td>600<\/td>\n<td>213<\/td>\n<\/tr>\n<tr>\n<td>80\u00d780<\/td>\n<td>9.5<\/td>\n<td>46<\/td>\n<td>80<\/td>\n<td>1953<\/td>\n<td>660<\/td>\n<td>280<\/td>\n<\/tr>\n<tr>\n<td>100\u00d7100<\/td>\n<td>10<\/td>\n<td>70<\/td>\n<td>70<\/td>\n<td>1000<\/td>\n<td>600<\/td>\n<td>172<\/td>\n<\/tr>\n<\/tbody>\n<\/table>\n<h2>Aplicaciones de los anillos Raschig de cer\u00e1mica<\/h2>\n<p>Los anillos Raschig de cer\u00e1mica se utilizan ampliamente en diversos procesos industriales:<\/p>\n<ul>\n<li><strong>Industria qu\u00edmica<\/strong>: En las torres de secado, las torres de absorci\u00f3n y los reactores, estos anillos facilitan la transferencia de masa de gases y l\u00edquidos.<\/li>\n<li><strong>Metalurgia<\/strong>: Los anillos Raschig cer\u00e1micos se utilizan en lavadores de gases y otros procesos metal\u00fargicos en los que la resistencia al calor y a los \u00e1cidos es crucial.<\/li>\n<li><strong>Producci\u00f3n de gas de hulla y ox\u00edgeno<\/strong>: Su resistencia a las altas temperaturas y a la corrosi\u00f3n qu\u00edmica las hace ideales para aplicaciones de procesamiento de gas y producci\u00f3n industrial de ox\u00edgeno.<\/li>\n<\/ul>\n<h2>\u00bfPor qu\u00e9 elegir anillos Raschig de cer\u00e1mica?<\/h2>\n<p>Las principales ventajas de utilizar anillos Raschig cer\u00e1micos son su rentabilidad, durabilidad y rendimiento fiable en condiciones adversas. Aunque la tasa de transferencia de masa de los anillos Raschig cer\u00e1micos puede ser inferior en comparaci\u00f3n con otros materiales de empaquetadura, siguen ofreciendo ventajas sustanciales en t\u00e9rminos de uso a largo plazo y costes de mantenimiento reducidos.<\/p>\n<p>Para quienes buscan soluciones de empaquetadura asequibles y eficientes para aplicaciones industriales, los anillos Raschig de cer\u00e1mica siguen siendo la mejor opci\u00f3n. Tanto si necesita anillos Raschig cer\u00e1micos de 10 mm, 25 mm o 50 mm, estos materiales ofrecen el equilibrio necesario entre durabilidad, coste y rendimiento.<\/p>\n<p>Al elegir anillos Raschig cer\u00e1micos, las industrias pueden reducir los costes operativos manteniendo el rendimiento de sus procesos. Ofrecen una soluci\u00f3n fiable que ahorra energ\u00eda, con un tiempo de inactividad m\u00ednimo y una larga vida \u00fatil.<\/p>","protected":false},"excerpt":{"rendered":"<p>Los anillos Raschig de cer\u00e1mica se han utilizado ampliamente en diversas industrias durante d\u00e9cadas. Conocidos por su alta resistencia a los \u00e1cidos y al calor, son una soluci\u00f3n ideal para procesos qu\u00edmicos, incluso en torres de secado, torres de absorci\u00f3n, torres de refrigeraci\u00f3n y torres de lavado. El anillo cer\u00e1mico Raschig es una de las primeras generaciones de materiales de empaquetadura aleatoria y sigue siendo una opci\u00f3n rentable para muchas aplicaciones industriales debido a su excelente durabilidad y bajos costes operativos.<\/p>","protected":false},"featured_media":2678,"parent":0,"template":"","meta":{"_acf_changed":false,"_kad_blocks_custom_css":"","_kad_blocks_head_custom_js":"","_kad_blocks_body_custom_js":"","_kad_blocks_footer_custom_js":"","_kadence_starter_templates_imported_post":false,"_kad_post_transparent":"default","_kad_post_title":"","_kad_post_layout":"default","_kad_post_sidebar_id":"","_kad_post_content_style":"default","_kad_post_vertical_padding":"default","_kad_post_feature":"","_kad_post_feature_position":"","_kad_post_header":false,"_kad_post_footer":false},"pcategory":[22,24],"ptag":[],"class_list":["post-2675","product","type-product","status-publish","has-post-thumbnail","hentry","pcategory-random-packing","pcategory-ceramic-random-packing"],"acf":[],"yoast_head":"<!-- This site is optimized with the Yoast SEO plugin v27.4 - https:\/\/yoast.com\/product\/yoast-seo-wordpress\/ -->\n<title>10mm 25mm 38mm 50mm Ceramic Raschig Ring<\/title>\n<meta name=\"robots\" content=\"index, follow, max-snippet:-1, max-image-preview:large, max-video-preview:-1\" \/>\n<link rel=\"canonical\" href=\"https:\/\/cpxzx.com\/es\/producto\/ceramic-raschig-ring\/\" \/>\n<meta property=\"og:locale\" content=\"es_ES\" \/>\n<meta property=\"og:type\" content=\"article\" \/>\n<meta property=\"og:title\" content=\"10mm 25mm 38mm 50mm Ceramic Raschig Ring\" \/>\n<meta property=\"og:description\" content=\"Ceramic Raschig rings have been widely used in various industries for decades. Known for their high acid and heat resistance, they are an ideal solution for chemical processes, including in drying towers, absorption towers, cooling towers, and washing towers. The Ceramic Raschig Ring is one of the earliest generations of random packing materials and remains a cost-effective choice for many industrial applications due to its excellent durability and low operational costs.\" \/>\n<meta property=\"og:url\" content=\"https:\/\/cpxzx.com\/es\/producto\/ceramic-raschig-ring\/\" \/>\n<meta property=\"og:site_name\" content=\"Cooling Tower Fill, China PVC Fills Manufacturer\" \/>\n<meta property=\"article:modified_time\" content=\"2025-07-30T11:03:17+00:00\" \/>\n<meta property=\"og:image\" content=\"https:\/\/cpxzx.com\/wp-content\/uploads\/2025\/07\/ceramic-raschig-rings-3.jpg\" \/>\n\t<meta property=\"og:image:width\" content=\"550\" \/>\n\t<meta property=\"og:image:height\" content=\"550\" \/>\n\t<meta property=\"og:image:type\" content=\"image\/jpeg\" \/>\n<meta name=\"twitter:card\" content=\"summary_large_image\" \/>\n<meta name=\"twitter:label1\" content=\"Tiempo de lectura\" \/>\n\t<meta name=\"twitter:data1\" content=\"3 minutos\" \/>\n<script type=\"application\/ld+json\" class=\"yoast-schema-graph\">{\"@context\":\"https:\\\/\\\/schema.org\",\"@graph\":[{\"@type\":\"WebPage\",\"@id\":\"https:\\\/\\\/cpxzx.com\\\/product\\\/ceramic-raschig-ring\\\/\",\"url\":\"https:\\\/\\\/cpxzx.com\\\/product\\\/ceramic-raschig-ring\\\/\",\"name\":\"10mm 25mm 38mm 50mm Ceramic Raschig Ring\",\"isPartOf\":{\"@id\":\"https:\\\/\\\/cpxzx.com\\\/#website\"},\"primaryImageOfPage\":{\"@id\":\"https:\\\/\\\/cpxzx.com\\\/product\\\/ceramic-raschig-ring\\\/#primaryimage\"},\"image\":{\"@id\":\"https:\\\/\\\/cpxzx.com\\\/product\\\/ceramic-raschig-ring\\\/#primaryimage\"},\"thumbnailUrl\":\"https:\\\/\\\/cpxzx.com\\\/wp-content\\\/uploads\\\/2025\\\/07\\\/ceramic-raschig-rings-3.jpg\",\"datePublished\":\"2025-07-16T12:41:30+00:00\",\"dateModified\":\"2025-07-30T11:03:17+00:00\",\"breadcrumb\":{\"@id\":\"https:\\\/\\\/cpxzx.com\\\/product\\\/ceramic-raschig-ring\\\/#breadcrumb\"},\"inLanguage\":\"es\",\"potentialAction\":[{\"@type\":\"ReadAction\",\"target\":[\"https:\\\/\\\/cpxzx.com\\\/product\\\/ceramic-raschig-ring\\\/\"]}]},{\"@type\":\"ImageObject\",\"inLanguage\":\"es\",\"@id\":\"https:\\\/\\\/cpxzx.com\\\/product\\\/ceramic-raschig-ring\\\/#primaryimage\",\"url\":\"https:\\\/\\\/cpxzx.com\\\/wp-content\\\/uploads\\\/2025\\\/07\\\/ceramic-raschig-rings-3.jpg\",\"contentUrl\":\"https:\\\/\\\/cpxzx.com\\\/wp-content\\\/uploads\\\/2025\\\/07\\\/ceramic-raschig-rings-3.jpg\",\"width\":550,\"height\":550,\"caption\":\"ceramic raschig rings\"},{\"@type\":\"BreadcrumbList\",\"@id\":\"https:\\\/\\\/cpxzx.com\\\/product\\\/ceramic-raschig-ring\\\/#breadcrumb\",\"itemListElement\":[{\"@type\":\"ListItem\",\"position\":1,\"name\":\"Home\",\"item\":\"https:\\\/\\\/cpxzx.com\\\/\"},{\"@type\":\"ListItem\",\"position\":2,\"name\":\"Random Packing\",\"item\":\"https:\\\/\\\/cpxzx.com\\\/pcategory\\\/random-packing\\\/\"},{\"@type\":\"ListItem\",\"position\":3,\"name\":\"Ceramic Random Packing\",\"item\":\"https:\\\/\\\/cpxzx.com\\\/pcategory\\\/random-packing\\\/ceramic-random-packing\\\/\"},{\"@type\":\"ListItem\",\"position\":4,\"name\":\"10mm 25mm 38mm 50mm Ceramic Raschig Ring\"}]},{\"@type\":\"WebSite\",\"@id\":\"https:\\\/\\\/cpxzx.com\\\/#website\",\"url\":\"https:\\\/\\\/cpxzx.com\\\/\",\"name\":\"Cooling Tower Fill, China PVC Fills Manufacturer\",\"description\":\"\",\"publisher\":{\"@id\":\"https:\\\/\\\/cpxzx.com\\\/#organization\"},\"potentialAction\":[{\"@type\":\"SearchAction\",\"target\":{\"@type\":\"EntryPoint\",\"urlTemplate\":\"https:\\\/\\\/cpxzx.com\\\/?s={search_term_string}\"},\"query-input\":{\"@type\":\"PropertyValueSpecification\",\"valueRequired\":true,\"valueName\":\"search_term_string\"}}],\"inLanguage\":\"es\"},{\"@type\":\"Organization\",\"@id\":\"https:\\\/\\\/cpxzx.com\\\/#organization\",\"name\":\"Cooling Tower Fill, China PVC Fills Manufacturer\",\"url\":\"https:\\\/\\\/cpxzx.com\\\/\",\"logo\":{\"@type\":\"ImageObject\",\"inLanguage\":\"es\",\"@id\":\"https:\\\/\\\/cpxzx.com\\\/#\\\/schema\\\/logo\\\/image\\\/\",\"url\":\"https:\\\/\\\/cpxzx.com\\\/wp-content\\\/uploads\\\/2025\\\/07\\\/1751628807-logo.png\",\"contentUrl\":\"https:\\\/\\\/cpxzx.com\\\/wp-content\\\/uploads\\\/2025\\\/07\\\/1751628807-logo.png\",\"width\":383,\"height\":87,\"caption\":\"Cooling Tower Fill, China PVC Fills Manufacturer\"},\"image\":{\"@id\":\"https:\\\/\\\/cpxzx.com\\\/#\\\/schema\\\/logo\\\/image\\\/\"}}]}<\/script>\n<!-- \/ Yoast SEO plugin. -->","yoast_head_json":{"title":"10mm 25mm 38mm 50mm Anillo Raschig de cer\u00e1mica","robots":{"index":"index","follow":"follow","max-snippet":"max-snippet:-1","max-image-preview":"max-image-preview:large","max-video-preview":"max-video-preview:-1"},"canonical":"https:\/\/cpxzx.com\/es\/producto\/ceramic-raschig-ring\/","og_locale":"es_ES","og_type":"article","og_title":"10mm 25mm 38mm 50mm Ceramic Raschig Ring","og_description":"Ceramic Raschig rings have been widely used in various industries for decades. Known for their high acid and heat resistance, they are an ideal solution for chemical processes, including in drying towers, absorption towers, cooling towers, and washing towers. The Ceramic Raschig Ring is one of the earliest generations of random packing materials and remains a cost-effective choice for many industrial applications due to its excellent durability and low operational costs.","og_url":"https:\/\/cpxzx.com\/es\/producto\/ceramic-raschig-ring\/","og_site_name":"Cooling Tower Fill, China PVC Fills Manufacturer","article_modified_time":"2025-07-30T11:03:17+00:00","og_image":[{"width":550,"height":550,"url":"https:\/\/cpxzx.com\/wp-content\/uploads\/2025\/07\/ceramic-raschig-rings-3.jpg","type":"image\/jpeg"}],"twitter_card":"summary_large_image","twitter_misc":{"Tiempo de lectura":"3 minutos"},"schema":{"@context":"https:\/\/schema.org","@graph":[{"@type":"WebPage","@id":"https:\/\/cpxzx.com\/product\/ceramic-raschig-ring\/","url":"https:\/\/cpxzx.com\/product\/ceramic-raschig-ring\/","name":"10mm 25mm 38mm 50mm Anillo Raschig de cer\u00e1mica","isPartOf":{"@id":"https:\/\/cpxzx.com\/#website"},"primaryImageOfPage":{"@id":"https:\/\/cpxzx.com\/product\/ceramic-raschig-ring\/#primaryimage"},"image":{"@id":"https:\/\/cpxzx.com\/product\/ceramic-raschig-ring\/#primaryimage"},"thumbnailUrl":"https:\/\/cpxzx.com\/wp-content\/uploads\/2025\/07\/ceramic-raschig-rings-3.jpg","datePublished":"2025-07-16T12:41:30+00:00","dateModified":"2025-07-30T11:03:17+00:00","breadcrumb":{"@id":"https:\/\/cpxzx.com\/product\/ceramic-raschig-ring\/#breadcrumb"},"inLanguage":"es","potentialAction":[{"@type":"ReadAction","target":["https:\/\/cpxzx.com\/product\/ceramic-raschig-ring\/"]}]},{"@type":"ImageObject","inLanguage":"es","@id":"https:\/\/cpxzx.com\/product\/ceramic-raschig-ring\/#primaryimage","url":"https:\/\/cpxzx.com\/wp-content\/uploads\/2025\/07\/ceramic-raschig-rings-3.jpg","contentUrl":"https:\/\/cpxzx.com\/wp-content\/uploads\/2025\/07\/ceramic-raschig-rings-3.jpg","width":550,"height":550,"caption":"ceramic raschig rings"},{"@type":"BreadcrumbList","@id":"https:\/\/cpxzx.com\/product\/ceramic-raschig-ring\/#breadcrumb","itemListElement":[{"@type":"ListItem","position":1,"name":"Home","item":"https:\/\/cpxzx.com\/"},{"@type":"ListItem","position":2,"name":"Random Packing","item":"https:\/\/cpxzx.com\/pcategory\/random-packing\/"},{"@type":"ListItem","position":3,"name":"Ceramic Random Packing","item":"https:\/\/cpxzx.com\/pcategory\/random-packing\/ceramic-random-packing\/"},{"@type":"ListItem","position":4,"name":"10mm 25mm 38mm 50mm Ceramic Raschig Ring"}]},{"@type":"WebSite","@id":"https:\/\/cpxzx.com\/#website","url":"https:\/\/cpxzx.com\/","name":"Relleno de torre de refrigeraci\u00f3n, Fabricante de rellenos de PVC en China","description":"","publisher":{"@id":"https:\/\/cpxzx.com\/#organization"},"potentialAction":[{"@type":"SearchAction","target":{"@type":"EntryPoint","urlTemplate":"https:\/\/cpxzx.com\/?s={search_term_string}"},"query-input":{"@type":"PropertyValueSpecification","valueRequired":true,"valueName":"search_term_string"}}],"inLanguage":"es"},{"@type":"Organization","@id":"https:\/\/cpxzx.com\/#organization","name":"Relleno de torre de refrigeraci\u00f3n, Fabricante de rellenos de PVC en China","url":"https:\/\/cpxzx.com\/","logo":{"@type":"ImageObject","inLanguage":"es","@id":"https:\/\/cpxzx.com\/#\/schema\/logo\/image\/","url":"https:\/\/cpxzx.com\/wp-content\/uploads\/2025\/07\/1751628807-logo.png","contentUrl":"https:\/\/cpxzx.com\/wp-content\/uploads\/2025\/07\/1751628807-logo.png","width":383,"height":87,"caption":"Cooling Tower Fill, China PVC Fills Manufacturer"},"image":{"@id":"https:\/\/cpxzx.com\/#\/schema\/logo\/image\/"}}]}},"taxonomy_info":{"pcategory":[{"value":22,"label":"Random Packing"},{"value":24,"label":"Ceramic Random Packing"}]},"featured_image_src_large":["https:\/\/cpxzx.com\/wp-content\/uploads\/2025\/07\/ceramic-raschig-rings-3.jpg",550,550,false],"author_info":[],"comment_info":"","_links":{"self":[{"href":"https:\/\/cpxzx.com\/es\/wp-json\/wp\/v2\/product\/2675","targetHints":{"allow":["GET"]}}],"collection":[{"href":"https:\/\/cpxzx.com\/es\/wp-json\/wp\/v2\/product"}],"about":[{"href":"https:\/\/cpxzx.com\/es\/wp-json\/wp\/v2\/types\/product"}],"wp:featuredmedia":[{"embeddable":true,"href":"https:\/\/cpxzx.com\/es\/wp-json\/wp\/v2\/media\/2678"}],"wp:attachment":[{"href":"https:\/\/cpxzx.com\/es\/wp-json\/wp\/v2\/media?parent=2675"}],"wp:term":[{"taxonomy":"pcategory","embeddable":true,"href":"https:\/\/cpxzx.com\/es\/wp-json\/wp\/v2\/pcategory?post=2675"},{"taxonomy":"ptag","embeddable":true,"href":"https:\/\/cpxzx.com\/es\/wp-json\/wp\/v2\/ptag?post=2675"}],"curies":[{"name":"wp","href":"https:\/\/api.w.org\/{rel}","templated":true}]}}