{"id":2569,"date":"2025-07-16T03:31:10","date_gmt":"2025-07-16T03:31:10","guid":{"rendered":"https:\/\/cpxzx.com\/?post_type=product&#038;p=2569"},"modified":"2025-07-30T11:07:59","modified_gmt":"2025-07-30T11:07:59","slug":"ceramic-pall-ring","status":"publish","type":"product","link":"https:\/\/cpxzx.com\/es\/producto\/ceramic-pall-ring\/","title":{"rendered":"Anillo de cer\u00e1mica Pall (25mm 38mm 50mm, 76mm)"},"content":{"rendered":"<p>El anillo Pall de cer\u00e1mica es un material de empaquetadura avanzado y altamente eficaz desarrollado a partir del tradicional anillo Raschig, dise\u00f1ado con dos capas de ventanas a lo largo de la pared de su tubo. Cada capa contiene cinco l\u00edgulas que se doblan hacia dentro, de forma similar a los anillos pall met\u00e1licos y de pl\u00e1stico. El dise\u00f1o de las l\u00edgulas var\u00eda en funci\u00f3n de la altura y el di\u00e1metro del anillo. Los anillos Pall de cer\u00e1mica son muy apreciados por sus fuertes propiedades mec\u00e1nicas, su gran estabilidad t\u00e9rmica y su resistencia a la corrosi\u00f3n qu\u00edmica.<\/p>\n<h2>Caracter\u00edsticas de los anillos cer\u00e1micos Pall<\/h2>\n<ul>\n<li><strong>Buena resistencia mec\u00e1nica<\/strong>: Los anillos cer\u00e1micos Pall presentan una durabilidad excelente y pueden soportar condiciones de funcionamiento duras.<\/li>\n<li><strong>Resistencia a altas temperaturas<\/strong>: Estos anillos pueden soportar temperaturas extremas, lo que los hace ideales para su uso en entornos de alta temperatura, como las torres de \u00e1cido sulf\u00farico.<\/li>\n<li><strong>Resistencia a la corrosi\u00f3n<\/strong>: Al no contener hierro y ser inerte, el material cer\u00e1mico ofrece una excelente resistencia a los \u00e1cidos, \u00e1lcalis, sales y diversos disolventes org\u00e1nicos.<\/li>\n<li><strong>Rentable<\/strong>: Gracias a su eficaz rendimiento y larga vida \u00fatil, los anillos pall cer\u00e1micos constituyen una soluci\u00f3n rentable para muchas industrias.<\/li>\n<li><strong>Ca\u00edda de presi\u00f3n m\u00ednima<\/strong>: Con una distribuci\u00f3n uniforme de l\u00edquidos y gases, los anillos pall cer\u00e1micos mantienen una baja ca\u00edda de presi\u00f3n, lo que contribuye a la eficiencia global del proceso.<\/li>\n<\/ul>\n<h2>Especificaciones y propiedades f\u00edsicas<\/h2>\n<table>\n<tbody>\n<tr>\n<th>Tama\u00f1os (mm)<\/th>\n<th>Espesor (mm)<\/th>\n<th>Superficie (m\u00b2\/m\u00b3)<\/th>\n<th>Volumen libre (%)<\/th>\n<th>N\u00famero por m\u00b3<\/th>\n<th>Densidad aparente (kg\/m\u00b3)<\/th>\n<\/tr>\n<tr>\n<td>25<\/td>\n<td>3<\/td>\n<td>210<\/td>\n<td>73<\/td>\n<td>53,500<\/td>\n<td>700<\/td>\n<\/tr>\n<tr>\n<td>38<\/td>\n<td>4<\/td>\n<td>180<\/td>\n<td>75<\/td>\n<td>15,000<\/td>\n<td>650<\/td>\n<\/tr>\n<tr>\n<td>50<\/td>\n<td>5<\/td>\n<td>130<\/td>\n<td>78<\/td>\n<td>6,800<\/td>\n<td>600<\/td>\n<\/tr>\n<tr>\n<td>80<\/td>\n<td>8<\/td>\n<td>110<\/td>\n<td>81<\/td>\n<td>1,950<\/td>\n<td>550<\/td>\n<\/tr>\n<\/tbody>\n<\/table>\n<p>Los anillos cer\u00e1micos Pall est\u00e1n disponibles en varios tama\u00f1os y configuraciones, con opciones personalizadas para satisfacer requisitos industriales espec\u00edficos. Su elevada fracci\u00f3n vac\u00eda favorece una buena distribuci\u00f3n gas-l\u00edquido, reduciendo el riesgo de obstrucci\u00f3n o retenci\u00f3n de l\u00edquidos.<\/p>\n<p><img loading=\"lazy\" decoding=\"async\" class=\"size-full wp-image-2581\" src=\"https:\/\/cpxzx.com\/wp-content\/uploads\/2025\/07\/PALL-RING.jpg\" alt=\"PALL-RING\" width=\"750\" height=\"390\" srcset=\"https:\/\/cpxzx.com\/wp-content\/uploads\/2025\/07\/PALL-RING.jpg 750w, https:\/\/cpxzx.com\/wp-content\/uploads\/2025\/07\/PALL-RING-300x156.jpg 300w, https:\/\/cpxzx.com\/wp-content\/uploads\/2025\/07\/PALL-RING-18x9.jpg 18w\" sizes=\"auto, (max-width: 750px) 100vw, 750px\" \/><\/p>\n<h2>Ventajas del uso de anillos cer\u00e1micos Pall<\/h2>\n<ul>\n<li><strong>Eficacia mejorada de la transferencia de masa<\/strong>: El dise\u00f1o abierto de los anillos Pall aumenta la superficie de contacto gas-l\u00edquido, optimizando el proceso de transferencia de masa.<\/li>\n<li><strong>Baja ca\u00edda de presi\u00f3n<\/strong>: Su dise\u00f1o \u00fanico ayuda a reducir la ca\u00edda de presi\u00f3n en comparaci\u00f3n con otros materiales de empaquetadura, lo que disminuye los costes operativos.<\/li>\n<li><strong>Gran flexibilidad operativa<\/strong>: Estos anillos pueden funcionar eficazmente en una amplia gama de condiciones, como caudales y temperaturas variables.<\/li>\n<li><strong>Facilidad de mantenimiento<\/strong>: Los anillos cer\u00e1micos Pall son f\u00e1ciles de limpiar y sustituir, lo que ayuda a reducir los costes de mantenimiento a largo plazo.<\/li>\n<li><strong>Adaptabilidad<\/strong>: Pueden fabricarse con diversos materiales, como pl\u00e1stico, metal y cer\u00e1mica, en funci\u00f3n de las condiciones qu\u00edmicas y f\u00edsicas a las que estar\u00e1n expuestos.<\/li>\n<\/ul>\n<h2>Aplicaciones de los anillos cer\u00e1micos Pall<\/h2>\n<p>Los anillos cer\u00e1micos Pall se utilizan ampliamente en los sectores qu\u00edmico e industrial, especialmente en aplicaciones que implican altas temperaturas y entornos corrosivos. Son especialmente eficaces en torres de \u00e1cido sulf\u00farico, columnas de secado, columnas de absorci\u00f3n, torres de refrigeraci\u00f3n y torres de lavado. Los anillos se utilizan para mejorar el contacto gas-l\u00edquido, que es crucial para la eficacia de las reacciones qu\u00edmicas.<\/p>\n<p>Su resistencia a la corrosi\u00f3n los convierte en una opci\u00f3n excelente para manipular \u00e1cido sulf\u00farico y otros productos qu\u00edmicos agresivos. Las industrias que se benefician de los anillos pall cer\u00e1micos son la industria qu\u00edmica, la metalurgia, la producci\u00f3n de gas de hulla y la producci\u00f3n industrial de ox\u00edgeno.<\/p>\n<h2>\u00bfPor qu\u00e9 elegir anillos cer\u00e1micos Pall para torres de \u00e1cido sulf\u00farico?<\/h2>\n<p>Los anillos cer\u00e1micos Pall son perfectos para torres de \u00e1cido sulf\u00farico debido a su alta resistencia a los \u00e1cidos, al calor y a otras condiciones dif\u00edciles. El dise\u00f1o exclusivo de los anillos mejora los \u00edndices de transferencia de masa a la vez que minimiza las ca\u00eddas de presi\u00f3n, mejorando en \u00faltima instancia la eficiencia de la torre. Adem\u00e1s, son rentables, duraderos y f\u00e1ciles de mantener, lo que los convierte en la soluci\u00f3n ideal para entornos industriales que requieren un alto rendimiento.<\/p>\n<p>Como proveedor de rellenos resistentes a las altas temperaturas y a la corrosi\u00f3n, suministramos anillos de relleno cer\u00e1micos dise\u00f1ados para cumplir las normas industriales m\u00e1s estrictas. Nuestras empaquetaduras cer\u00e1micas para torres garantizan un rendimiento fiable incluso en las aplicaciones m\u00e1s exigentes. Si busca una empaquetadura para torres de \u00e1cido, nuestros anillos pall cer\u00e1micos ofrecen la combinaci\u00f3n perfecta de fuerza, resistencia y rentabilidad para su torre de \u00e1cido sulf\u00farico u otras necesidades de procesamiento qu\u00edmico.<\/p>\n<p>En conclusi\u00f3n, los anillos cer\u00e1micos Pall son una opci\u00f3n excelente para quienes buscan una soluci\u00f3n fiable, eficaz y rentable en entornos corrosivos y de alta temperatura. Sus propiedades mec\u00e1nicas superiores y su resistencia a la corrosi\u00f3n qu\u00edmica garantizan un rendimiento \u00f3ptimo en torres de \u00e1cido sulf\u00farico y otras aplicaciones industriales.<\/p>\n<p><img loading=\"lazy\" decoding=\"async\" class=\"wp-image-2580 size-full\" src=\"https:\/\/cpxzx.com\/wp-content\/uploads\/2025\/07\/packing.jpg\" alt=\"packing\" width=\"1000\" height=\"560\" srcset=\"https:\/\/cpxzx.com\/wp-content\/uploads\/2025\/07\/packing.jpg 1000w, https:\/\/cpxzx.com\/wp-content\/uploads\/2025\/07\/packing-300x168.jpg 300w, https:\/\/cpxzx.com\/wp-content\/uploads\/2025\/07\/packing-768x430.jpg 768w, https:\/\/cpxzx.com\/wp-content\/uploads\/2025\/07\/packing-18x10.jpg 18w\" sizes=\"auto, (max-width: 1000px) 100vw, 1000px\" \/><\/p>","protected":false},"excerpt":{"rendered":"<p>Ceramic Pall Ring es un material de empaquetadura avanzado y altamente eficaz, utilizado principalmente en torres de \u00e1cido sulf\u00farico para diversos procesos qu\u00edmicos. Este material \u00fanico ofrece un rendimiento excepcional en condiciones en las que la alta temperatura y la resistencia a la corrosi\u00f3n son cr\u00edticas. Se considera una de las opciones m\u00e1s adecuadas para aplicaciones industriales, especialmente en industrias qu\u00edmicas donde existen condiciones de funcionamiento severas.<\/p>","protected":false},"featured_media":2571,"parent":0,"template":"","meta":{"_acf_changed":false,"_kad_blocks_custom_css":"","_kad_blocks_head_custom_js":"","_kad_blocks_body_custom_js":"","_kad_blocks_footer_custom_js":"","_kadence_starter_templates_imported_post":false,"_kad_post_transparent":"default","_kad_post_title":"","_kad_post_layout":"default","_kad_post_sidebar_id":"","_kad_post_content_style":"default","_kad_post_vertical_padding":"default","_kad_post_feature":"","_kad_post_feature_position":"","_kad_post_header":false,"_kad_post_footer":false},"pcategory":[22,24],"ptag":[],"class_list":["post-2569","product","type-product","status-publish","has-post-thumbnail","hentry","pcategory-random-packing","pcategory-ceramic-random-packing"],"acf":[],"yoast_head":"<!-- This site is optimized with the Yoast SEO plugin v27.4 - https:\/\/yoast.com\/product\/yoast-seo-wordpress\/ -->\n<title>Ceramic Pall Ring-25mm-38mm-50mm-76mm<\/title>\n<meta name=\"robots\" content=\"index, follow, max-snippet:-1, max-image-preview:large, max-video-preview:-1\" \/>\n<link rel=\"canonical\" href=\"https:\/\/cpxzx.com\/es\/producto\/ceramic-pall-ring\/\" \/>\n<meta property=\"og:locale\" content=\"es_ES\" \/>\n<meta property=\"og:type\" content=\"article\" \/>\n<meta property=\"og:title\" content=\"Ceramic Pall Ring-25mm-38mm-50mm-76mm\" \/>\n<meta property=\"og:description\" content=\"Ceramic Pall Ring is an advanced and highly efficient packing material, primarily used in sulfuric acid towers for various chemical processes. This unique material offers exceptional performance in conditions where high temperature and corrosion resistance are critical. It is considered one of the most suitable options for industrial applications, especially in chemical industries where severe operating conditions exist.\" \/>\n<meta property=\"og:url\" content=\"https:\/\/cpxzx.com\/es\/producto\/ceramic-pall-ring\/\" \/>\n<meta property=\"og:site_name\" content=\"Cooling Tower Fill, China PVC Fills Manufacturer\" \/>\n<meta property=\"article:modified_time\" content=\"2025-07-30T11:07:59+00:00\" \/>\n<meta property=\"og:image\" content=\"https:\/\/cpxzx.com\/wp-content\/uploads\/2025\/07\/ceramic-pall-ring-2.jpg\" \/>\n\t<meta property=\"og:image:width\" content=\"550\" \/>\n\t<meta property=\"og:image:height\" content=\"550\" \/>\n\t<meta property=\"og:image:type\" content=\"image\/jpeg\" \/>\n<meta name=\"twitter:card\" content=\"summary_large_image\" \/>\n<meta name=\"twitter:label1\" content=\"Tiempo de lectura\" \/>\n\t<meta name=\"twitter:data1\" content=\"4 minutos\" \/>\n<script type=\"application\/ld+json\" class=\"yoast-schema-graph\">{\"@context\":\"https:\\\/\\\/schema.org\",\"@graph\":[{\"@type\":\"WebPage\",\"@id\":\"https:\\\/\\\/cpxzx.com\\\/product\\\/ceramic-pall-ring\\\/\",\"url\":\"https:\\\/\\\/cpxzx.com\\\/product\\\/ceramic-pall-ring\\\/\",\"name\":\"Ceramic Pall Ring-25mm-38mm-50mm-76mm\",\"isPartOf\":{\"@id\":\"https:\\\/\\\/cpxzx.com\\\/#website\"},\"primaryImageOfPage\":{\"@id\":\"https:\\\/\\\/cpxzx.com\\\/product\\\/ceramic-pall-ring\\\/#primaryimage\"},\"image\":{\"@id\":\"https:\\\/\\\/cpxzx.com\\\/product\\\/ceramic-pall-ring\\\/#primaryimage\"},\"thumbnailUrl\":\"https:\\\/\\\/cpxzx.com\\\/wp-content\\\/uploads\\\/2025\\\/07\\\/ceramic-pall-ring-2.jpg\",\"datePublished\":\"2025-07-16T03:31:10+00:00\",\"dateModified\":\"2025-07-30T11:07:59+00:00\",\"breadcrumb\":{\"@id\":\"https:\\\/\\\/cpxzx.com\\\/product\\\/ceramic-pall-ring\\\/#breadcrumb\"},\"inLanguage\":\"es\",\"potentialAction\":[{\"@type\":\"ReadAction\",\"target\":[\"https:\\\/\\\/cpxzx.com\\\/product\\\/ceramic-pall-ring\\\/\"]}]},{\"@type\":\"ImageObject\",\"inLanguage\":\"es\",\"@id\":\"https:\\\/\\\/cpxzx.com\\\/product\\\/ceramic-pall-ring\\\/#primaryimage\",\"url\":\"https:\\\/\\\/cpxzx.com\\\/wp-content\\\/uploads\\\/2025\\\/07\\\/ceramic-pall-ring-2.jpg\",\"contentUrl\":\"https:\\\/\\\/cpxzx.com\\\/wp-content\\\/uploads\\\/2025\\\/07\\\/ceramic-pall-ring-2.jpg\",\"width\":550,\"height\":550,\"caption\":\"ceramic pall ring\"},{\"@type\":\"BreadcrumbList\",\"@id\":\"https:\\\/\\\/cpxzx.com\\\/product\\\/ceramic-pall-ring\\\/#breadcrumb\",\"itemListElement\":[{\"@type\":\"ListItem\",\"position\":1,\"name\":\"Home\",\"item\":\"https:\\\/\\\/cpxzx.com\\\/\"},{\"@type\":\"ListItem\",\"position\":2,\"name\":\"Random Packing\",\"item\":\"https:\\\/\\\/cpxzx.com\\\/pcategory\\\/random-packing\\\/\"},{\"@type\":\"ListItem\",\"position\":3,\"name\":\"Ceramic Random Packing\",\"item\":\"https:\\\/\\\/cpxzx.com\\\/pcategory\\\/random-packing\\\/ceramic-random-packing\\\/\"},{\"@type\":\"ListItem\",\"position\":4,\"name\":\"Ceramic Pall Ring (25mm 38mm 50mm, 76mm)\"}]},{\"@type\":\"WebSite\",\"@id\":\"https:\\\/\\\/cpxzx.com\\\/#website\",\"url\":\"https:\\\/\\\/cpxzx.com\\\/\",\"name\":\"Cooling Tower Fill, China PVC Fills Manufacturer\",\"description\":\"\",\"publisher\":{\"@id\":\"https:\\\/\\\/cpxzx.com\\\/#organization\"},\"potentialAction\":[{\"@type\":\"SearchAction\",\"target\":{\"@type\":\"EntryPoint\",\"urlTemplate\":\"https:\\\/\\\/cpxzx.com\\\/?s={search_term_string}\"},\"query-input\":{\"@type\":\"PropertyValueSpecification\",\"valueRequired\":true,\"valueName\":\"search_term_string\"}}],\"inLanguage\":\"es\"},{\"@type\":\"Organization\",\"@id\":\"https:\\\/\\\/cpxzx.com\\\/#organization\",\"name\":\"Cooling Tower Fill, China PVC Fills Manufacturer\",\"url\":\"https:\\\/\\\/cpxzx.com\\\/\",\"logo\":{\"@type\":\"ImageObject\",\"inLanguage\":\"es\",\"@id\":\"https:\\\/\\\/cpxzx.com\\\/#\\\/schema\\\/logo\\\/image\\\/\",\"url\":\"https:\\\/\\\/cpxzx.com\\\/wp-content\\\/uploads\\\/2025\\\/07\\\/1751628807-logo.png\",\"contentUrl\":\"https:\\\/\\\/cpxzx.com\\\/wp-content\\\/uploads\\\/2025\\\/07\\\/1751628807-logo.png\",\"width\":383,\"height\":87,\"caption\":\"Cooling Tower Fill, China PVC Fills Manufacturer\"},\"image\":{\"@id\":\"https:\\\/\\\/cpxzx.com\\\/#\\\/schema\\\/logo\\\/image\\\/\"}}]}<\/script>\n<!-- \/ Yoast SEO plugin. -->","yoast_head_json":{"title":"Ceramic Pall Ring-25mm-38mm-50mm-76mm","robots":{"index":"index","follow":"follow","max-snippet":"max-snippet:-1","max-image-preview":"max-image-preview:large","max-video-preview":"max-video-preview:-1"},"canonical":"https:\/\/cpxzx.com\/es\/producto\/ceramic-pall-ring\/","og_locale":"es_ES","og_type":"article","og_title":"Ceramic Pall Ring-25mm-38mm-50mm-76mm","og_description":"Ceramic Pall Ring is an advanced and highly efficient packing material, primarily used in sulfuric acid towers for various chemical processes. This unique material offers exceptional performance in conditions where high temperature and corrosion resistance are critical. It is considered one of the most suitable options for industrial applications, especially in chemical industries where severe operating conditions exist.","og_url":"https:\/\/cpxzx.com\/es\/producto\/ceramic-pall-ring\/","og_site_name":"Cooling Tower Fill, China PVC Fills Manufacturer","article_modified_time":"2025-07-30T11:07:59+00:00","og_image":[{"width":550,"height":550,"url":"https:\/\/cpxzx.com\/wp-content\/uploads\/2025\/07\/ceramic-pall-ring-2.jpg","type":"image\/jpeg"}],"twitter_card":"summary_large_image","twitter_misc":{"Tiempo de lectura":"4 minutos"},"schema":{"@context":"https:\/\/schema.org","@graph":[{"@type":"WebPage","@id":"https:\/\/cpxzx.com\/product\/ceramic-pall-ring\/","url":"https:\/\/cpxzx.com\/product\/ceramic-pall-ring\/","name":"Ceramic Pall Ring-25mm-38mm-50mm-76mm","isPartOf":{"@id":"https:\/\/cpxzx.com\/#website"},"primaryImageOfPage":{"@id":"https:\/\/cpxzx.com\/product\/ceramic-pall-ring\/#primaryimage"},"image":{"@id":"https:\/\/cpxzx.com\/product\/ceramic-pall-ring\/#primaryimage"},"thumbnailUrl":"https:\/\/cpxzx.com\/wp-content\/uploads\/2025\/07\/ceramic-pall-ring-2.jpg","datePublished":"2025-07-16T03:31:10+00:00","dateModified":"2025-07-30T11:07:59+00:00","breadcrumb":{"@id":"https:\/\/cpxzx.com\/product\/ceramic-pall-ring\/#breadcrumb"},"inLanguage":"es","potentialAction":[{"@type":"ReadAction","target":["https:\/\/cpxzx.com\/product\/ceramic-pall-ring\/"]}]},{"@type":"ImageObject","inLanguage":"es","@id":"https:\/\/cpxzx.com\/product\/ceramic-pall-ring\/#primaryimage","url":"https:\/\/cpxzx.com\/wp-content\/uploads\/2025\/07\/ceramic-pall-ring-2.jpg","contentUrl":"https:\/\/cpxzx.com\/wp-content\/uploads\/2025\/07\/ceramic-pall-ring-2.jpg","width":550,"height":550,"caption":"ceramic pall ring"},{"@type":"BreadcrumbList","@id":"https:\/\/cpxzx.com\/product\/ceramic-pall-ring\/#breadcrumb","itemListElement":[{"@type":"ListItem","position":1,"name":"Home","item":"https:\/\/cpxzx.com\/"},{"@type":"ListItem","position":2,"name":"Random Packing","item":"https:\/\/cpxzx.com\/pcategory\/random-packing\/"},{"@type":"ListItem","position":3,"name":"Ceramic Random Packing","item":"https:\/\/cpxzx.com\/pcategory\/random-packing\/ceramic-random-packing\/"},{"@type":"ListItem","position":4,"name":"Ceramic Pall Ring (25mm 38mm 50mm, 76mm)"}]},{"@type":"WebSite","@id":"https:\/\/cpxzx.com\/#website","url":"https:\/\/cpxzx.com\/","name":"Relleno de torre de refrigeraci\u00f3n, Fabricante de rellenos de PVC en China","description":"","publisher":{"@id":"https:\/\/cpxzx.com\/#organization"},"potentialAction":[{"@type":"SearchAction","target":{"@type":"EntryPoint","urlTemplate":"https:\/\/cpxzx.com\/?s={search_term_string}"},"query-input":{"@type":"PropertyValueSpecification","valueRequired":true,"valueName":"search_term_string"}}],"inLanguage":"es"},{"@type":"Organization","@id":"https:\/\/cpxzx.com\/#organization","name":"Relleno de torre de refrigeraci\u00f3n, Fabricante de rellenos de PVC en China","url":"https:\/\/cpxzx.com\/","logo":{"@type":"ImageObject","inLanguage":"es","@id":"https:\/\/cpxzx.com\/#\/schema\/logo\/image\/","url":"https:\/\/cpxzx.com\/wp-content\/uploads\/2025\/07\/1751628807-logo.png","contentUrl":"https:\/\/cpxzx.com\/wp-content\/uploads\/2025\/07\/1751628807-logo.png","width":383,"height":87,"caption":"Cooling Tower Fill, China PVC Fills Manufacturer"},"image":{"@id":"https:\/\/cpxzx.com\/#\/schema\/logo\/image\/"}}]}},"taxonomy_info":{"pcategory":[{"value":22,"label":"Random Packing"},{"value":24,"label":"Ceramic Random Packing"}]},"featured_image_src_large":["https:\/\/cpxzx.com\/wp-content\/uploads\/2025\/07\/ceramic-pall-ring-2.jpg",550,550,false],"author_info":[],"comment_info":"","_links":{"self":[{"href":"https:\/\/cpxzx.com\/es\/wp-json\/wp\/v2\/product\/2569","targetHints":{"allow":["GET"]}}],"collection":[{"href":"https:\/\/cpxzx.com\/es\/wp-json\/wp\/v2\/product"}],"about":[{"href":"https:\/\/cpxzx.com\/es\/wp-json\/wp\/v2\/types\/product"}],"wp:featuredmedia":[{"embeddable":true,"href":"https:\/\/cpxzx.com\/es\/wp-json\/wp\/v2\/media\/2571"}],"wp:attachment":[{"href":"https:\/\/cpxzx.com\/es\/wp-json\/wp\/v2\/media?parent=2569"}],"wp:term":[{"taxonomy":"pcategory","embeddable":true,"href":"https:\/\/cpxzx.com\/es\/wp-json\/wp\/v2\/pcategory?post=2569"},{"taxonomy":"ptag","embeddable":true,"href":"https:\/\/cpxzx.com\/es\/wp-json\/wp\/v2\/ptag?post=2569"}],"curies":[{"name":"wp","href":"https:\/\/api.w.org\/{rel}","templated":true}]}}