{"id":2509,"date":"2025-07-15T10:48:46","date_gmt":"2025-07-15T10:48:46","guid":{"rendered":"https:\/\/cpxzx.com\/?post_type=product&#038;p=2509"},"modified":"2025-07-15T15:21:14","modified_gmt":"2025-07-15T15:21:14","slug":"metal-pall-ring","status":"publish","type":"product","link":"https:\/\/cpxzx.com\/es\/producto\/metal-pall-ring\/","title":{"rendered":"Empaquetadura de anillo met\u00e1lico Pall ( 304,321,316L )"},"content":{"rendered":"<p><strong>Empaquetadura de anillo met\u00e1lico Pall<\/strong> es un componente cr\u00edtico en diversos procesos industriales, especialmente para aplicaciones que requieren una separaci\u00f3n, destilaci\u00f3n, absorci\u00f3n y stripping eficientes. La innovaci\u00f3n del anillo met\u00e1lico Pall radica en su avanzado dise\u00f1o, que ofrece un rendimiento superior en procesos de alta temperatura y gran volumen en comparaci\u00f3n con los materiales de empaquetadura tradicionales. Un anillo met\u00e1lico Pall es un tipo de empaquetadura de torre, mejorado a partir del dise\u00f1o cl\u00e1sico de anillo met\u00e1lico Raschig mediante la adici\u00f3n de leng\u00fcetas orientadas hacia el interior. Estas leng\u00fcetas aumentan la capacidad de flujo y mejoran la eficacia de la transferencia de masa, lo que convierte al anillo Metal Pall en la opci\u00f3n ideal para operaciones industriales exigentes. Con igual longitud y di\u00e1metro, este material de empaquetadura proporciona un soporte robusto a las columnas de destilaci\u00f3n y otros equipos de separaci\u00f3n utilizados en diversas industrias qu\u00edmicas y petroqu\u00edmicas.<\/p>\n<p><strong>Ventajas de los anillos met\u00e1licos Pall<\/strong><\/p>\n<p>El anillo met\u00e1lico Pall ofrece varias ventajas clave sobre otros materiales de embalaje, como los anillos de pl\u00e1stico Pall. Las principales ventajas incluyen:<\/p>\n<ul>\n<li><strong>Resistencia a la corrosi\u00f3n y al \u00f3xido:<\/strong> A diferencia de los anillos Pall de pl\u00e1stico, los anillos Pall met\u00e1licos pueden soportar entornos dif\u00edciles, por lo que son perfectos para procesos que implican la exposici\u00f3n a sustancias corrosivas, altas temperaturas o condiciones de funcionamiento extremas.<\/li>\n<li><strong>Propiedades humectantes mejoradas:<\/strong> El anillo Metal Pall se humedece m\u00e1s f\u00e1cilmente que sus hom\u00f3logos de pl\u00e1stico, lo que garantiza una mejor distribuci\u00f3n del fluido en el sistema.<\/li>\n<li><strong>Alta resistencia al aplastamiento:<\/strong> Estos anillos est\u00e1n dise\u00f1ados para durar. Pueden soportar importantes esfuerzos mec\u00e1nicos, lo que los hace fiables para un funcionamiento a largo plazo con un desgaste m\u00ednimo.<\/li>\n<li><strong>Alto rendimiento y eficacia:<\/strong> El anillo Metal Pall puede manejar caudales m\u00e1s elevados y ofrecer una mayor eficacia en la transferencia de masa, todo ello manteniendo una baja ca\u00edda de presi\u00f3n. Esto los hace muy eficientes para aplicaciones industriales a gran escala.<\/li>\n<li><strong>Larga vida \u00fatil:<\/strong> Gracias a la robustez de sus materiales y su dise\u00f1o, los anillos Metal Pall son conocidos por su prolongada vida \u00fatil, lo que reduce la necesidad de sustituciones y mantenimiento frecuentes.<\/li>\n<\/ul>\n<p><strong>Especificaciones y tama\u00f1os de los anillos met\u00e1licos Pall<\/strong><\/p>\n<table style=\"width: 100%; margin: 20px 0; text-align: center; border: 1px solid #666; border-collapse: collapse;\">\n<thead>\n<tr style=\"border: 1px solid #666;\">\n<th style=\"border: 1px solid #666;\">Talla<br \/>\n(Pulgada\/mm)<\/th>\n<th style=\"border: 1px solid #666;\">Densidad aparente<br \/>\n(kg\/m3)<\/th>\n<th style=\"border: 1px solid #666;\">N\u00famero<br \/>\n(por m3)<\/th>\n<th style=\"border: 1px solid #666;\">Superficie<br \/>\n(m2\/m3)<\/th>\n<th style=\"border: 1px solid #666;\">Volumen libre<br \/>\n(%)<\/th>\n<th style=\"border: 1px solid #666;\">Factor de embalaje en seco<br \/>\n(m-1)<\/th>\n<\/tr>\n<\/thead>\n<tbody>\n<tr style=\"border: 1px solid #666;\">\n<td>1\/4\"<\/td>\n<td>900<\/td>\n<td>4,000,000<\/td>\n<td>904<\/td>\n<td>88.6<\/td>\n<td>1307.4<\/td>\n<\/tr>\n<tr style=\"border: 1px solid #666;\">\n<td>3\/8\"<\/td>\n<td>480<\/td>\n<td>768,000<\/td>\n<td>482<\/td>\n<td>93.8<\/td>\n<td>583.8<\/td>\n<\/tr>\n<tr style=\"border: 1px solid #666;\">\n<td>1\/2\"<\/td>\n<td>420<\/td>\n<td>410,000<\/td>\n<td>415<\/td>\n<td>95.5<\/td>\n<td>393.2<\/td>\n<\/tr>\n<tr style=\"border: 1px solid #666;\">\n<td>5\/8\"<\/td>\n<td>348<\/td>\n<td>201,000<\/td>\n<td>344<\/td>\n<td>95.5<\/td>\n<td>393.2<\/td>\n<\/tr>\n<tr style=\"border: 1px solid #666;\">\n<td>1\"<\/td>\n<td>288<\/td>\n<td>53,500<\/td>\n<td>212<\/td>\n<td>96.2<\/td>\n<td>229.8<\/td>\n<\/tr>\n<tr style=\"border: 1px solid #666;\">\n<td>1\"<\/td>\n<td>367<\/td>\n<td>53,500<\/td>\n<td>216<\/td>\n<td>95<\/td>\n<td>237.2<\/td>\n<\/tr>\n<tr style=\"border: 1px solid #666;\">\n<td>1\"<\/td>\n<td>439<\/td>\n<td>53,500<\/td>\n<td>219<\/td>\n<td>94.2<\/td>\n<td>244.1<\/td>\n<\/tr>\n<tr style=\"border: 1px solid #666;\">\n<td>1.5\"<\/td>\n<td>193<\/td>\n<td>15,180<\/td>\n<td>143<\/td>\n<td>97.2<\/td>\n<td>148.4<\/td>\n<\/tr>\n<tr style=\"border: 1px solid #666;\">\n<td>1.5\"<\/td>\n<td>246<\/td>\n<td>15,180<\/td>\n<td>145<\/td>\n<td>96.7<\/td>\n<td>151.7<\/td>\n<\/tr>\n<tr style=\"border: 1px solid #666;\">\n<td>1.5\"<\/td>\n<td>328<\/td>\n<td>15,000<\/td>\n<td>146<\/td>\n<td>95.9<\/td>\n<td>154.6<\/td>\n<\/tr>\n<tr style=\"border: 1px solid #666;\">\n<td>2\"<\/td>\n<td>185<\/td>\n<td>6,500<\/td>\n<td>106<\/td>\n<td>97.5<\/td>\n<td>128.5<\/td>\n<\/tr>\n<tr style=\"border: 1px solid #666;\">\n<td>2\"<\/td>\n<td>315<\/td>\n<td>6,500<\/td>\n<td>108<\/td>\n<td>96.8<\/td>\n<td>130.5<\/td>\n<\/tr>\n<tr style=\"border: 1px solid #666;\">\n<td>2\"<\/td>\n<td>380<\/td>\n<td>6,500<\/td>\n<td>132.5<\/td>\n<td>96.0<\/td>\n<td>134.0<\/td>\n<\/tr>\n<tr style=\"border: 1px solid #666;\">\n<td>3\"<\/td>\n<td>265<\/td>\n<td>1,920<\/td>\n<td>69<\/td>\n<td>97.4<\/td>\n<td>79.6<\/td>\n<\/tr>\n<tr style=\"border: 1px solid #666;\">\n<td>3.5\"<\/td>\n<td>224<\/td>\n<td>1,220<\/td>\n<td>61<\/td>\n<td>97.1<\/td>\n<td>66.2<\/td>\n<\/tr>\n<\/tbody>\n<\/table>\n<p>&nbsp;<\/p>\n<p><strong>Aplicaciones de los anillos de metal Pall<\/strong><br \/>\nEl anillo Metal Pall se utiliza en una amplia gama de aplicaciones industriales. En particular, desempe\u00f1a un papel crucial en los procesos de separaci\u00f3n, tales como <strong>separaci\u00f3n de tolueno<\/strong>, <strong>separaci\u00f3n de etilbenceno<\/strong>y <strong>sistemas de desulfuraci\u00f3n<\/strong>. Estos materiales de empaquetadura est\u00e1n dise\u00f1ados para funcionar eficazmente en entornos de alta presi\u00f3n y alta temperatura, por lo que son esenciales en industrias como la petroqu\u00edmica, la qu\u00edmica y la del gas natural.<br \/>\n<strong>\u00bfPor qu\u00e9 elegir la empaquetadura de anillos Metal Pall?<\/strong><\/p>\n<ul>\n<li><strong>Alta eficacia en la transferencia de masa:<\/strong> El dise\u00f1o y la estructura exclusivos del anillo Metal Pall le permiten ofrecer una alta eficacia de transferencia de masa tanto en fase l\u00edquida como gaseosa, lo que lo convierte en la opci\u00f3n id\u00f3nea para aplicaciones que requieren una separaci\u00f3n \u00f3ptima.<\/li>\n<li><strong>Durabilidad en entornos dif\u00edciles:<\/strong> La empaquetadura anular met\u00e1lica Pall es resistente a la corrosi\u00f3n y a la oxidaci\u00f3n, lo que garantiza su estabilidad a largo plazo incluso en entornos qu\u00edmicos agresivos.<\/li>\n<li><strong>Versatilidad:<\/strong> Ya se trate de tolueno, etilbenceno u otras mezclas complejas, los anillos Metal Pall ofrecen la versatilidad necesaria para abordar con eficacia una amplia variedad de tareas de separaci\u00f3n.<\/li>\n<li><strong>Ca\u00edda de presi\u00f3n reducida:<\/strong> Los anillos de metal Pall tienen una baja ca\u00edda de presi\u00f3n, lo que significa que ayudan a mantener la eficiencia energ\u00e9tica a la vez que ofrecen un alto rendimiento.<\/li>\n<\/ul>\n<p>En resumen, la empaquetadura de anillo met\u00e1lico Pall ofrece ventajas incomparables en t\u00e9rminos de eficacia, durabilidad y rendimiento en los procesos de separaci\u00f3n industrial. Tanto si utiliza el anillo met\u00e1lico Pall 316L, el anillo met\u00e1lico Pall 304 u otro material, puede confiar en estos materiales de empaquetadura para obtener un rendimiento robusto en las aplicaciones m\u00e1s exigentes. Con una alta eficacia de transferencia de masa, baja ca\u00edda de presi\u00f3n y resistencia a entornos adversos, el anillo met\u00e1lico Pall es un componente fundamental que garantiza un funcionamiento \u00f3ptimo en procesos de destilaci\u00f3n, absorci\u00f3n y stripping. Al elegir nuestra empaquetadura de anillo met\u00e1lico Pall, las industrias pueden conseguir una mayor productividad, una mayor eficacia y una reducci\u00f3n de los costes de mantenimiento, lo que se traduce en un \u00e9xito operativo a largo plazo.<\/p>","protected":false},"excerpt":{"rendered":"<p>Los anillos met\u00e1licos Pall ofrecen un rendimiento superior para aplicaciones industriales exigentes. Con gran capacidad de carga y baja ca\u00edda de presi\u00f3n, garantizan una separaci\u00f3n fiable y eficaz en procesos qu\u00edmicos complejos.<\/p>","protected":false},"featured_media":2540,"parent":0,"template":"","meta":{"_acf_changed":false,"_kad_blocks_custom_css":"","_kad_blocks_head_custom_js":"","_kad_blocks_body_custom_js":"","_kad_blocks_footer_custom_js":"","_kadence_starter_templates_imported_post":false,"_kad_post_transparent":"default","_kad_post_title":"","_kad_post_layout":"default","_kad_post_sidebar_id":"","_kad_post_content_style":"default","_kad_post_vertical_padding":"default","_kad_post_feature":"","_kad_post_feature_position":"","_kad_post_header":false,"_kad_post_footer":false},"pcategory":[22,23],"ptag":[],"class_list":["post-2509","product","type-product","status-publish","has-post-thumbnail","hentry","pcategory-random-packing","pcategory-metal-random-packing"],"acf":[],"yoast_head":"<!-- This site is optimized with the Yoast SEO plugin v27.4 - https:\/\/yoast.com\/product\/yoast-seo-wordpress\/ -->\n<title>Metal Pall Ring Packing ( 304,321,316L )<\/title>\n<meta name=\"description\" content=\"Engineered for optimal efficiency, Metal Pall Ring Packing ( 304,321,316L ) improves fluid distribution, reduces pressure drop, and provides long-lasting performance in aggressive chemical environments.\" \/>\n<meta name=\"robots\" content=\"index, follow, max-snippet:-1, max-image-preview:large, max-video-preview:-1\" \/>\n<link rel=\"canonical\" href=\"https:\/\/cpxzx.com\/es\/producto\/metal-pall-ring\/\" \/>\n<meta property=\"og:locale\" content=\"es_ES\" \/>\n<meta property=\"og:type\" content=\"article\" \/>\n<meta property=\"og:title\" content=\"Metal Pall Ring Packing ( 304,321,316L )\" \/>\n<meta property=\"og:description\" content=\"Engineered for optimal efficiency, Metal Pall Ring Packing ( 304,321,316L ) improves fluid distribution, reduces pressure drop, and provides long-lasting performance in aggressive chemical environments.\" \/>\n<meta property=\"og:url\" content=\"https:\/\/cpxzx.com\/es\/producto\/metal-pall-ring\/\" \/>\n<meta property=\"og:site_name\" content=\"Cooling Tower Fill, China PVC Fills Manufacturer\" \/>\n<meta property=\"article:modified_time\" content=\"2025-07-15T15:21:14+00:00\" \/>\n<meta property=\"og:image\" content=\"https:\/\/cpxzx.com\/wp-content\/uploads\/2025\/07\/metal-pall-ring-6.jpg\" \/>\n\t<meta property=\"og:image:width\" content=\"550\" \/>\n\t<meta property=\"og:image:height\" content=\"550\" \/>\n\t<meta property=\"og:image:type\" content=\"image\/jpeg\" \/>\n<meta name=\"twitter:card\" content=\"summary_large_image\" \/>\n<meta name=\"twitter:label1\" content=\"Tiempo de lectura\" \/>\n\t<meta name=\"twitter:data1\" content=\"4 minutos\" \/>\n<script type=\"application\/ld+json\" class=\"yoast-schema-graph\">{\"@context\":\"https:\\\/\\\/schema.org\",\"@graph\":[{\"@type\":\"WebPage\",\"@id\":\"https:\\\/\\\/cpxzx.com\\\/product\\\/metal-pall-ring\\\/\",\"url\":\"https:\\\/\\\/cpxzx.com\\\/product\\\/metal-pall-ring\\\/\",\"name\":\"Metal Pall Ring Packing ( 304,321,316L )\",\"isPartOf\":{\"@id\":\"https:\\\/\\\/cpxzx.com\\\/#website\"},\"primaryImageOfPage\":{\"@id\":\"https:\\\/\\\/cpxzx.com\\\/product\\\/metal-pall-ring\\\/#primaryimage\"},\"image\":{\"@id\":\"https:\\\/\\\/cpxzx.com\\\/product\\\/metal-pall-ring\\\/#primaryimage\"},\"thumbnailUrl\":\"https:\\\/\\\/cpxzx.com\\\/wp-content\\\/uploads\\\/2025\\\/07\\\/metal-pall-ring-6.jpg\",\"datePublished\":\"2025-07-15T10:48:46+00:00\",\"dateModified\":\"2025-07-15T15:21:14+00:00\",\"description\":\"Engineered for optimal efficiency, Metal Pall Ring Packing ( 304,321,316L ) improves fluid distribution, reduces pressure drop, and provides long-lasting performance in aggressive chemical environments.\",\"breadcrumb\":{\"@id\":\"https:\\\/\\\/cpxzx.com\\\/product\\\/metal-pall-ring\\\/#breadcrumb\"},\"inLanguage\":\"es\",\"potentialAction\":[{\"@type\":\"ReadAction\",\"target\":[\"https:\\\/\\\/cpxzx.com\\\/product\\\/metal-pall-ring\\\/\"]}]},{\"@type\":\"ImageObject\",\"inLanguage\":\"es\",\"@id\":\"https:\\\/\\\/cpxzx.com\\\/product\\\/metal-pall-ring\\\/#primaryimage\",\"url\":\"https:\\\/\\\/cpxzx.com\\\/wp-content\\\/uploads\\\/2025\\\/07\\\/metal-pall-ring-6.jpg\",\"contentUrl\":\"https:\\\/\\\/cpxzx.com\\\/wp-content\\\/uploads\\\/2025\\\/07\\\/metal-pall-ring-6.jpg\",\"width\":550,\"height\":550},{\"@type\":\"BreadcrumbList\",\"@id\":\"https:\\\/\\\/cpxzx.com\\\/product\\\/metal-pall-ring\\\/#breadcrumb\",\"itemListElement\":[{\"@type\":\"ListItem\",\"position\":1,\"name\":\"Home\",\"item\":\"https:\\\/\\\/cpxzx.com\\\/\"},{\"@type\":\"ListItem\",\"position\":2,\"name\":\"Random Packing\",\"item\":\"https:\\\/\\\/cpxzx.com\\\/pcategory\\\/random-packing\\\/\"},{\"@type\":\"ListItem\",\"position\":3,\"name\":\"Metal Pall Ring Packing ( 304,321,316L )\"}]},{\"@type\":\"WebSite\",\"@id\":\"https:\\\/\\\/cpxzx.com\\\/#website\",\"url\":\"https:\\\/\\\/cpxzx.com\\\/\",\"name\":\"Cooling Tower Fill, China PVC Fills Manufacturer\",\"description\":\"\",\"publisher\":{\"@id\":\"https:\\\/\\\/cpxzx.com\\\/#organization\"},\"potentialAction\":[{\"@type\":\"SearchAction\",\"target\":{\"@type\":\"EntryPoint\",\"urlTemplate\":\"https:\\\/\\\/cpxzx.com\\\/?s={search_term_string}\"},\"query-input\":{\"@type\":\"PropertyValueSpecification\",\"valueRequired\":true,\"valueName\":\"search_term_string\"}}],\"inLanguage\":\"es\"},{\"@type\":\"Organization\",\"@id\":\"https:\\\/\\\/cpxzx.com\\\/#organization\",\"name\":\"Cooling Tower Fill, China PVC Fills Manufacturer\",\"url\":\"https:\\\/\\\/cpxzx.com\\\/\",\"logo\":{\"@type\":\"ImageObject\",\"inLanguage\":\"es\",\"@id\":\"https:\\\/\\\/cpxzx.com\\\/#\\\/schema\\\/logo\\\/image\\\/\",\"url\":\"https:\\\/\\\/cpxzx.com\\\/wp-content\\\/uploads\\\/2025\\\/07\\\/1751628807-logo.png\",\"contentUrl\":\"https:\\\/\\\/cpxzx.com\\\/wp-content\\\/uploads\\\/2025\\\/07\\\/1751628807-logo.png\",\"width\":383,\"height\":87,\"caption\":\"Cooling Tower Fill, China PVC Fills Manufacturer\"},\"image\":{\"@id\":\"https:\\\/\\\/cpxzx.com\\\/#\\\/schema\\\/logo\\\/image\\\/\"}}]}<\/script>\n<!-- \/ Yoast SEO plugin. -->","yoast_head_json":{"title":"Empaquetadura de anillo met\u00e1lico Pall ( 304,321,316L )","description":"Engineered for optimal efficiency, Metal Pall Ring Packing ( 304,321,316L ) improves fluid distribution, reduces pressure drop, and provides long-lasting performance in aggressive chemical environments.","robots":{"index":"index","follow":"follow","max-snippet":"max-snippet:-1","max-image-preview":"max-image-preview:large","max-video-preview":"max-video-preview:-1"},"canonical":"https:\/\/cpxzx.com\/es\/producto\/metal-pall-ring\/","og_locale":"es_ES","og_type":"article","og_title":"Metal Pall Ring Packing ( 304,321,316L )","og_description":"Engineered for optimal efficiency, Metal Pall Ring Packing ( 304,321,316L ) improves fluid distribution, reduces pressure drop, and provides long-lasting performance in aggressive chemical environments.","og_url":"https:\/\/cpxzx.com\/es\/producto\/metal-pall-ring\/","og_site_name":"Cooling Tower Fill, China PVC Fills Manufacturer","article_modified_time":"2025-07-15T15:21:14+00:00","og_image":[{"width":550,"height":550,"url":"https:\/\/cpxzx.com\/wp-content\/uploads\/2025\/07\/metal-pall-ring-6.jpg","type":"image\/jpeg"}],"twitter_card":"summary_large_image","twitter_misc":{"Tiempo de lectura":"4 minutos"},"schema":{"@context":"https:\/\/schema.org","@graph":[{"@type":"WebPage","@id":"https:\/\/cpxzx.com\/product\/metal-pall-ring\/","url":"https:\/\/cpxzx.com\/product\/metal-pall-ring\/","name":"Empaquetadura de anillo met\u00e1lico Pall ( 304,321,316L )","isPartOf":{"@id":"https:\/\/cpxzx.com\/#website"},"primaryImageOfPage":{"@id":"https:\/\/cpxzx.com\/product\/metal-pall-ring\/#primaryimage"},"image":{"@id":"https:\/\/cpxzx.com\/product\/metal-pall-ring\/#primaryimage"},"thumbnailUrl":"https:\/\/cpxzx.com\/wp-content\/uploads\/2025\/07\/metal-pall-ring-6.jpg","datePublished":"2025-07-15T10:48:46+00:00","dateModified":"2025-07-15T15:21:14+00:00","description":"Engineered for optimal efficiency, Metal Pall Ring Packing ( 304,321,316L ) improves fluid distribution, reduces pressure drop, and provides long-lasting performance in aggressive chemical environments.","breadcrumb":{"@id":"https:\/\/cpxzx.com\/product\/metal-pall-ring\/#breadcrumb"},"inLanguage":"es","potentialAction":[{"@type":"ReadAction","target":["https:\/\/cpxzx.com\/product\/metal-pall-ring\/"]}]},{"@type":"ImageObject","inLanguage":"es","@id":"https:\/\/cpxzx.com\/product\/metal-pall-ring\/#primaryimage","url":"https:\/\/cpxzx.com\/wp-content\/uploads\/2025\/07\/metal-pall-ring-6.jpg","contentUrl":"https:\/\/cpxzx.com\/wp-content\/uploads\/2025\/07\/metal-pall-ring-6.jpg","width":550,"height":550},{"@type":"BreadcrumbList","@id":"https:\/\/cpxzx.com\/product\/metal-pall-ring\/#breadcrumb","itemListElement":[{"@type":"ListItem","position":1,"name":"Home","item":"https:\/\/cpxzx.com\/"},{"@type":"ListItem","position":2,"name":"Random Packing","item":"https:\/\/cpxzx.com\/pcategory\/random-packing\/"},{"@type":"ListItem","position":3,"name":"Metal Pall Ring Packing ( 304,321,316L )"}]},{"@type":"WebSite","@id":"https:\/\/cpxzx.com\/#website","url":"https:\/\/cpxzx.com\/","name":"Relleno de torre de refrigeraci\u00f3n, Fabricante de rellenos de PVC en China","description":"","publisher":{"@id":"https:\/\/cpxzx.com\/#organization"},"potentialAction":[{"@type":"SearchAction","target":{"@type":"EntryPoint","urlTemplate":"https:\/\/cpxzx.com\/?s={search_term_string}"},"query-input":{"@type":"PropertyValueSpecification","valueRequired":true,"valueName":"search_term_string"}}],"inLanguage":"es"},{"@type":"Organization","@id":"https:\/\/cpxzx.com\/#organization","name":"Relleno de torre de refrigeraci\u00f3n, Fabricante de rellenos de PVC en China","url":"https:\/\/cpxzx.com\/","logo":{"@type":"ImageObject","inLanguage":"es","@id":"https:\/\/cpxzx.com\/#\/schema\/logo\/image\/","url":"https:\/\/cpxzx.com\/wp-content\/uploads\/2025\/07\/1751628807-logo.png","contentUrl":"https:\/\/cpxzx.com\/wp-content\/uploads\/2025\/07\/1751628807-logo.png","width":383,"height":87,"caption":"Cooling Tower Fill, China PVC Fills Manufacturer"},"image":{"@id":"https:\/\/cpxzx.com\/#\/schema\/logo\/image\/"}}]}},"taxonomy_info":{"pcategory":[{"value":22,"label":"Random Packing"},{"value":23,"label":"Metal Random Packing"}]},"featured_image_src_large":["https:\/\/cpxzx.com\/wp-content\/uploads\/2025\/07\/metal-pall-ring-6.jpg",550,550,false],"author_info":[],"comment_info":"","_links":{"self":[{"href":"https:\/\/cpxzx.com\/es\/wp-json\/wp\/v2\/product\/2509","targetHints":{"allow":["GET"]}}],"collection":[{"href":"https:\/\/cpxzx.com\/es\/wp-json\/wp\/v2\/product"}],"about":[{"href":"https:\/\/cpxzx.com\/es\/wp-json\/wp\/v2\/types\/product"}],"wp:featuredmedia":[{"embeddable":true,"href":"https:\/\/cpxzx.com\/es\/wp-json\/wp\/v2\/media\/2540"}],"wp:attachment":[{"href":"https:\/\/cpxzx.com\/es\/wp-json\/wp\/v2\/media?parent=2509"}],"wp:term":[{"taxonomy":"pcategory","embeddable":true,"href":"https:\/\/cpxzx.com\/es\/wp-json\/wp\/v2\/pcategory?post=2509"},{"taxonomy":"ptag","embeddable":true,"href":"https:\/\/cpxzx.com\/es\/wp-json\/wp\/v2\/ptag?post=2509"}],"curies":[{"name":"wp","href":"https:\/\/api.w.org\/{rel}","templated":true}]}}