{"id":3155,"date":"2025-10-24T04:07:53","date_gmt":"2025-10-24T04:07:53","guid":{"rendered":"https:\/\/cpxzx.com\/?post_type=product&#038;p=3155"},"modified":"2025-10-24T04:07:53","modified_gmt":"2025-10-24T04:07:53","slug":"rohrenabsetzer","status":"publish","type":"product","link":"https:\/\/cpxzx.com\/de\/produkt\/rohrenabsetzer\/","title":{"rendered":"R\u00f6hrenabscheider - Lamellenkl\u00e4rer f\u00fcr effiziente Wasseraufbereitung"},"content":{"rendered":"<p>A <strong>Rohrsiedler<\/strong> ist ein hochwirksames Wasseraufbereitungsger\u00e4t, das zur Verbesserung des Sedimentationsprozesses in Kl\u00e4rbecken eingesetzt wird. Es besteht aus einem Satz geneigter Lamellenplatten, die in einer vertikalen R\u00f6hrenstruktur angeordnet sind und das Absetzen von Partikeln im Vergleich zu herk\u00f6mmlichen Kl\u00e4rbecken effizienter f\u00f6rdern. Dieses System ist in Wasseraufbereitungsanlagen sowohl f\u00fcr kommunale als auch f\u00fcr industrielle Anwendungen weit verbreitet und verbessert die Qualit\u00e4t des behandelten Wassers erheblich.<\/p>\n<p><strong>Merkmal:<\/strong><br \/>\n&#8211; <strong>Lamellenkl\u00e4rer Design:<\/strong> R\u00f6hrenabsetzer bestehen aus einer Reihe von geneigten Lamellenplatten, die die Oberfl\u00e4che f\u00fcr die Partikelsedimentation maximieren.<br \/>\n&#8211; <strong>Kompakt und platzsparend:<\/strong> Die vertikale Rohrstruktur minimiert den Platzbedarf und ist daher ideal f\u00fcr Bereiche mit begrenztem Platzangebot.<br \/>\n&#8211; <strong>Verbesserte Sedimentationseffizienz:<\/strong> Das Design sorgt f\u00fcr schnellere Absetzraten, indem es Turbulenzen reduziert und die Absetzfl\u00e4che vergr\u00f6\u00dfert.<br \/>\n&#8211; <strong>Korrosionsbest\u00e4ndige Materialien:<\/strong> Sie werden in der Regel aus hochwertigem PVC, PP oder HDPE hergestellt und gew\u00e4hrleisten eine lange Lebensdauer in rauen Umgebungen.<br \/>\n&#8211; <strong>Modularer Aufbau:<\/strong> Einfach zu installieren und je nach Wasseraufbereitungsbedarf zu erweitern.<\/p>\n<p><strong>Spezifikation:<\/strong><br \/>\n&#8211; <strong>Material:<\/strong> PVC, PP, HDPE<br \/>\n&#8211; <strong>Neigungswinkel der Platte:<\/strong> 60\u00b0 - 80\u00b0<br \/>\n&#8211; <strong>Breite der Platte:<\/strong> 100 mm bis 400 mm (anpassbar)<br \/>\n&#8211; <strong>L\u00e4nge der Platte:<\/strong> Variiert von 1000 mm bis 3000 mm (anpassbar)<br \/>\n&#8211; <strong>Absetzverm\u00f6gen:<\/strong> Je nach Ausf\u00fchrung k\u00f6nnen Durchflussmengen von 100 m\u00b3\/h bis zu mehreren tausend m\u00b3\/h bew\u00e4ltigt werden.<br \/>\n&#8211; <strong>Temperaturbest\u00e4ndigkeit:<\/strong> Bis zu 60\u00b0C f\u00fcr PVC, h\u00f6her f\u00fcr HDPE-Material.<br \/>\n&#8211; <strong>Effizienz:<\/strong> Verbesserung der Absetzleistung um bis zu 90% im Vergleich zu herk\u00f6mmlichen Kl\u00e4rbecken.<\/p>\n<p><strong>Vorteil:<\/strong><br \/>\n&#8211; <strong>Hohe Sedimentationseffizienz:<\/strong> Die Konstruktion des Lamellenkl\u00e4rers erm\u00f6glicht eine verbesserte Ablagerung von Partikeln auf kompaktem Raum und bietet eine viel h\u00f6here Absetzgeschwindigkeit als herk\u00f6mmliche Kl\u00e4rbecken.<br \/>\n&#8211; <strong>Platzsparend:<\/strong> Durch die vertikale R\u00f6hrenstruktur ben\u00f6tigen R\u00f6hrenabsetzer im Vergleich zu herk\u00f6mmlichen Absetzbecken weniger Platz und sind daher ideal f\u00fcr die Installation in begrenzten Bereichen.<br \/>\n&#8211; <strong>Kosteng\u00fcnstig:<\/strong> Geringere Wartungs- und Betriebskosten durch die Verwendung langlebiger, korrosionsbest\u00e4ndiger Materialien.<br \/>\n&#8211; <strong>Skalierbar:<\/strong> Die modularen Einheiten k\u00f6nnen je nach gew\u00fcnschter Durchflusskapazit\u00e4t kombiniert werden, was das System sehr flexibel macht.<br \/>\n&#8211; <strong>Einfache Installation:<\/strong> Vorgefertigte Module sind einfach zu installieren, was den Zeitaufwand und die Arbeitskosten f\u00fcr den Aufbau reduziert.<\/p>\n<p><strong>Anwendung:<\/strong><br \/>\nR\u00f6hrenabsetzer werden in einer Vielzahl von Wasseraufbereitungsanwendungen eingesetzt, darunter:<br \/>\n&#8211; <strong>Kommunale Abwasserbehandlung:<\/strong> Verbessert die Entfernung von Schwebestoffen aus dem Abwasser.<br \/>\n&#8211; <strong>Behandlung von Industrieabw\u00e4ssern:<\/strong> Wirksam in Branchen wie Papierfabriken, Lebensmittelverarbeitung und Chemieanlagen.<br \/>\n&#8211; <strong>Aufbereitung von Trinkwasser:<\/strong> Verbessert die Klarheit des Trinkwassers durch effiziente Entfernung von Partikeln.<br \/>\n&#8211; <strong>Bergbau und Mineralienverarbeitung:<\/strong> Dient der Kl\u00e4rung von Prozesswasser durch Entfernung von feinen Feststoffen und Schwebstoffen.<br \/>\n&#8211; <strong>Aquakultur:<\/strong> Sichert die Wasserqualit\u00e4t durch die Entfernung von Feststoffen in Fischfarmen und Aquakulturanlagen.<\/p>\n<p><strong>Paket:<\/strong><br \/>\n&#8211; <strong>Standardverpackung:<\/strong> Die R\u00f6hrenabsetzer-Module sind vorgefertigt und kompakt und sicher verpackt, um einen sicheren Transport zu gew\u00e4hrleisten.<br \/>\n&#8211; <strong>Anpassungen:<\/strong> Die Einheiten k\u00f6nnen je nach Gr\u00f6\u00dfe und Designanforderungen individuell verpackt werden.<br \/>\n&#8211; <strong>Versand:<\/strong> Die Einheiten werden weltweit mit zuverl\u00e4ssigen Frachtdiensten versandt. Die Lieferzeit h\u00e4ngt vom Standort und dem Auftragsvolumen ab.<\/p>","protected":false},"excerpt":{"rendered":"<p>Der Tube Settler ist ein kompaktes und hocheffizientes Wasseraufbereitungssystem, das zur Verbesserung von Sedimentationsprozessen entwickelt wurde. Er besteht aus einer Reihe von geneigten Lamellenplatten, die die Absetzfl\u00e4che vergr\u00f6\u00dfern und gleichzeitig den Platzbedarf f\u00fcr die Installation verringern. Der Tube Settler eignet sich ideal f\u00fcr Anwendungen wie die kommunale und industrielle Wasseraufbereitung, da er die Partikelentfernung deutlich erh\u00f6ht, die Wasserqualit\u00e4t verbessert und die Raumnutzung optimiert. Er wird aus langlebigen, korrosionsbest\u00e4ndigen Materialien wie PVC und HDPE hergestellt, die eine dauerhafte Leistung in verschiedenen Wasseraufbereitungsumgebungen gew\u00e4hrleisten.<\/p>","protected":false},"featured_media":3156,"parent":0,"template":"","meta":{"_acf_changed":false,"_kad_blocks_custom_css":"","_kad_blocks_head_custom_js":"","_kad_blocks_body_custom_js":"","_kad_blocks_footer_custom_js":"","_kadence_starter_templates_imported_post":false,"_kad_post_transparent":"default","_kad_post_title":"","_kad_post_layout":"default","_kad_post_sidebar_id":"","_kad_post_content_style":"default","_kad_post_vertical_padding":"default","_kad_post_feature":"","_kad_post_feature_position":"","_kad_post_header":false,"_kad_post_footer":false},"pcategory":[17],"ptag":[],"class_list":["post-3155","product","type-product","status-publish","has-post-thumbnail","hentry","pcategory-tube-settler"],"acf":[],"yoast_head":"<!-- This site is optimized with the Yoast SEO plugin v27.4 - https:\/\/yoast.com\/product\/yoast-seo-wordpress\/ -->\n<title>Tube Settler<\/title>\n<meta name=\"robots\" content=\"index, follow, max-snippet:-1, max-image-preview:large, max-video-preview:-1\" \/>\n<link rel=\"canonical\" href=\"https:\/\/cpxzx.com\/de\/produkt\/rohrenabsetzer\/\" \/>\n<meta property=\"og:locale\" content=\"de_DE\" \/>\n<meta property=\"og:type\" content=\"article\" \/>\n<meta property=\"og:title\" content=\"Tube Settler\" \/>\n<meta property=\"og:description\" content=\"The Tube Settler is a compact and highly efficient water treatment system designed to improve sedimentation processes. It consists of a series of inclined lamella plates, which increase the settling surface area while reducing the space required for installation. Ideal for applications such as municipal and industrial water treatment, the Tube Settler significantly enhances particle removal, improves water quality, and optimizes space usage. It is made from durable, corrosion-resistant materials like PVC and HDPE, ensuring long-lasting performance in various water treatment environments.\" \/>\n<meta property=\"og:url\" content=\"https:\/\/cpxzx.com\/de\/produkt\/rohrenabsetzer\/\" \/>\n<meta property=\"og:site_name\" content=\"Cooling Tower Fill, China PVC Fills Manufacturer\" \/>\n<meta property=\"og:image\" content=\"https:\/\/cpxzx.com\/wp-content\/uploads\/2025\/10\/tube-settler-pp.jpg\" \/>\n\t<meta property=\"og:image:width\" content=\"550\" \/>\n\t<meta property=\"og:image:height\" content=\"550\" \/>\n\t<meta property=\"og:image:type\" content=\"image\/jpeg\" \/>\n<meta name=\"twitter:card\" content=\"summary_large_image\" \/>\n<meta name=\"twitter:label1\" content=\"Gesch\u00e4tzte Lesezeit\" \/>\n\t<meta name=\"twitter:data1\" content=\"3\u00a0Minuten\" \/>\n<script type=\"application\/ld+json\" class=\"yoast-schema-graph\">{\"@context\":\"https:\\\/\\\/schema.org\",\"@graph\":[{\"@type\":\"WebPage\",\"@id\":\"https:\\\/\\\/cpxzx.com\\\/product\\\/tube-settler\\\/\",\"url\":\"https:\\\/\\\/cpxzx.com\\\/product\\\/tube-settler\\\/\",\"name\":\"Tube Settler\",\"isPartOf\":{\"@id\":\"https:\\\/\\\/cpxzx.com\\\/#website\"},\"primaryImageOfPage\":{\"@id\":\"https:\\\/\\\/cpxzx.com\\\/product\\\/tube-settler\\\/#primaryimage\"},\"image\":{\"@id\":\"https:\\\/\\\/cpxzx.com\\\/product\\\/tube-settler\\\/#primaryimage\"},\"thumbnailUrl\":\"https:\\\/\\\/cpxzx.com\\\/wp-content\\\/uploads\\\/2025\\\/10\\\/tube-settler-pp.jpg\",\"datePublished\":\"2025-10-24T04:07:53+00:00\",\"breadcrumb\":{\"@id\":\"https:\\\/\\\/cpxzx.com\\\/product\\\/tube-settler\\\/#breadcrumb\"},\"inLanguage\":\"de\",\"potentialAction\":[{\"@type\":\"ReadAction\",\"target\":[\"https:\\\/\\\/cpxzx.com\\\/product\\\/tube-settler\\\/\"]}]},{\"@type\":\"ImageObject\",\"inLanguage\":\"de\",\"@id\":\"https:\\\/\\\/cpxzx.com\\\/product\\\/tube-settler\\\/#primaryimage\",\"url\":\"https:\\\/\\\/cpxzx.com\\\/wp-content\\\/uploads\\\/2025\\\/10\\\/tube-settler-pp.jpg\",\"contentUrl\":\"https:\\\/\\\/cpxzx.com\\\/wp-content\\\/uploads\\\/2025\\\/10\\\/tube-settler-pp.jpg\",\"width\":550,\"height\":550,\"caption\":\"tube settler\"},{\"@type\":\"BreadcrumbList\",\"@id\":\"https:\\\/\\\/cpxzx.com\\\/product\\\/tube-settler\\\/#breadcrumb\",\"itemListElement\":[{\"@type\":\"ListItem\",\"position\":1,\"name\":\"Home\",\"item\":\"https:\\\/\\\/cpxzx.com\\\/\"},{\"@type\":\"ListItem\",\"position\":2,\"name\":\"Tube Settler\",\"item\":\"https:\\\/\\\/cpxzx.com\\\/pcategory\\\/tube-settler\\\/\"},{\"@type\":\"ListItem\",\"position\":3,\"name\":\"Tube Settler &#8211; Lamella Clarifier for Efficient Water Treatment\"}]},{\"@type\":\"WebSite\",\"@id\":\"https:\\\/\\\/cpxzx.com\\\/#website\",\"url\":\"https:\\\/\\\/cpxzx.com\\\/\",\"name\":\"Cooling Tower Fill, China PVC Fills Manufacturer\",\"description\":\"\",\"publisher\":{\"@id\":\"https:\\\/\\\/cpxzx.com\\\/#organization\"},\"potentialAction\":[{\"@type\":\"SearchAction\",\"target\":{\"@type\":\"EntryPoint\",\"urlTemplate\":\"https:\\\/\\\/cpxzx.com\\\/?s={search_term_string}\"},\"query-input\":{\"@type\":\"PropertyValueSpecification\",\"valueRequired\":true,\"valueName\":\"search_term_string\"}}],\"inLanguage\":\"de\"},{\"@type\":\"Organization\",\"@id\":\"https:\\\/\\\/cpxzx.com\\\/#organization\",\"name\":\"Cooling Tower Fill, China PVC Fills Manufacturer\",\"url\":\"https:\\\/\\\/cpxzx.com\\\/\",\"logo\":{\"@type\":\"ImageObject\",\"inLanguage\":\"de\",\"@id\":\"https:\\\/\\\/cpxzx.com\\\/#\\\/schema\\\/logo\\\/image\\\/\",\"url\":\"https:\\\/\\\/cpxzx.com\\\/wp-content\\\/uploads\\\/2025\\\/07\\\/1751628807-logo.png\",\"contentUrl\":\"https:\\\/\\\/cpxzx.com\\\/wp-content\\\/uploads\\\/2025\\\/07\\\/1751628807-logo.png\",\"width\":383,\"height\":87,\"caption\":\"Cooling Tower Fill, China PVC Fills Manufacturer\"},\"image\":{\"@id\":\"https:\\\/\\\/cpxzx.com\\\/#\\\/schema\\\/logo\\\/image\\\/\"}}]}<\/script>\n<!-- \/ Yoast SEO plugin. -->","yoast_head_json":{"title":"Rohrsiedler","robots":{"index":"index","follow":"follow","max-snippet":"max-snippet:-1","max-image-preview":"max-image-preview:large","max-video-preview":"max-video-preview:-1"},"canonical":"https:\/\/cpxzx.com\/de\/produkt\/rohrenabsetzer\/","og_locale":"de_DE","og_type":"article","og_title":"Tube Settler","og_description":"The Tube Settler is a compact and highly efficient water treatment system designed to improve sedimentation processes. It consists of a series of inclined lamella plates, which increase the settling surface area while reducing the space required for installation. Ideal for applications such as municipal and industrial water treatment, the Tube Settler significantly enhances particle removal, improves water quality, and optimizes space usage. It is made from durable, corrosion-resistant materials like PVC and HDPE, ensuring long-lasting performance in various water treatment environments.","og_url":"https:\/\/cpxzx.com\/de\/produkt\/rohrenabsetzer\/","og_site_name":"Cooling Tower Fill, China PVC Fills Manufacturer","og_image":[{"width":550,"height":550,"url":"https:\/\/cpxzx.com\/wp-content\/uploads\/2025\/10\/tube-settler-pp.jpg","type":"image\/jpeg"}],"twitter_card":"summary_large_image","twitter_misc":{"Gesch\u00e4tzte Lesezeit":"3\u00a0Minuten"},"schema":{"@context":"https:\/\/schema.org","@graph":[{"@type":"WebPage","@id":"https:\/\/cpxzx.com\/product\/tube-settler\/","url":"https:\/\/cpxzx.com\/product\/tube-settler\/","name":"Rohrsiedler","isPartOf":{"@id":"https:\/\/cpxzx.com\/#website"},"primaryImageOfPage":{"@id":"https:\/\/cpxzx.com\/product\/tube-settler\/#primaryimage"},"image":{"@id":"https:\/\/cpxzx.com\/product\/tube-settler\/#primaryimage"},"thumbnailUrl":"https:\/\/cpxzx.com\/wp-content\/uploads\/2025\/10\/tube-settler-pp.jpg","datePublished":"2025-10-24T04:07:53+00:00","breadcrumb":{"@id":"https:\/\/cpxzx.com\/product\/tube-settler\/#breadcrumb"},"inLanguage":"de","potentialAction":[{"@type":"ReadAction","target":["https:\/\/cpxzx.com\/product\/tube-settler\/"]}]},{"@type":"ImageObject","inLanguage":"de","@id":"https:\/\/cpxzx.com\/product\/tube-settler\/#primaryimage","url":"https:\/\/cpxzx.com\/wp-content\/uploads\/2025\/10\/tube-settler-pp.jpg","contentUrl":"https:\/\/cpxzx.com\/wp-content\/uploads\/2025\/10\/tube-settler-pp.jpg","width":550,"height":550,"caption":"tube settler"},{"@type":"BreadcrumbList","@id":"https:\/\/cpxzx.com\/product\/tube-settler\/#breadcrumb","itemListElement":[{"@type":"ListItem","position":1,"name":"Home","item":"https:\/\/cpxzx.com\/"},{"@type":"ListItem","position":2,"name":"Tube Settler","item":"https:\/\/cpxzx.com\/pcategory\/tube-settler\/"},{"@type":"ListItem","position":3,"name":"Tube Settler &#8211; Lamella Clarifier for Efficient Water Treatment"}]},{"@type":"WebSite","@id":"https:\/\/cpxzx.com\/#website","url":"https:\/\/cpxzx.com\/","name":"K\u00fchlturm-F\u00fcllung, China PVC-F\u00fcllungen Hersteller","description":"","publisher":{"@id":"https:\/\/cpxzx.com\/#organization"},"potentialAction":[{"@type":"SearchAction","target":{"@type":"EntryPoint","urlTemplate":"https:\/\/cpxzx.com\/?s={search_term_string}"},"query-input":{"@type":"PropertyValueSpecification","valueRequired":true,"valueName":"search_term_string"}}],"inLanguage":"de"},{"@type":"Organization","@id":"https:\/\/cpxzx.com\/#organization","name":"K\u00fchlturm-F\u00fcllung, China PVC-F\u00fcllungen Hersteller","url":"https:\/\/cpxzx.com\/","logo":{"@type":"ImageObject","inLanguage":"de","@id":"https:\/\/cpxzx.com\/#\/schema\/logo\/image\/","url":"https:\/\/cpxzx.com\/wp-content\/uploads\/2025\/07\/1751628807-logo.png","contentUrl":"https:\/\/cpxzx.com\/wp-content\/uploads\/2025\/07\/1751628807-logo.png","width":383,"height":87,"caption":"Cooling Tower Fill, China PVC Fills Manufacturer"},"image":{"@id":"https:\/\/cpxzx.com\/#\/schema\/logo\/image\/"}}]}},"taxonomy_info":{"pcategory":[{"value":17,"label":"Tube Settler"}]},"featured_image_src_large":["https:\/\/cpxzx.com\/wp-content\/uploads\/2025\/10\/tube-settler-pp.jpg",550,550,false],"author_info":[],"comment_info":"","_links":{"self":[{"href":"https:\/\/cpxzx.com\/de\/wp-json\/wp\/v2\/product\/3155","targetHints":{"allow":["GET"]}}],"collection":[{"href":"https:\/\/cpxzx.com\/de\/wp-json\/wp\/v2\/product"}],"about":[{"href":"https:\/\/cpxzx.com\/de\/wp-json\/wp\/v2\/types\/product"}],"wp:featuredmedia":[{"embeddable":true,"href":"https:\/\/cpxzx.com\/de\/wp-json\/wp\/v2\/media\/3156"}],"wp:attachment":[{"href":"https:\/\/cpxzx.com\/de\/wp-json\/wp\/v2\/media?parent=3155"}],"wp:term":[{"taxonomy":"pcategory","embeddable":true,"href":"https:\/\/cpxzx.com\/de\/wp-json\/wp\/v2\/pcategory?post=3155"},{"taxonomy":"ptag","embeddable":true,"href":"https:\/\/cpxzx.com\/de\/wp-json\/wp\/v2\/ptag?post=3155"}],"curies":[{"name":"wp","href":"https:\/\/api.w.org\/{rel}","templated":true}]}}