{"id":3144,"date":"2025-10-11T07:27:15","date_gmt":"2025-10-11T07:27:15","guid":{"rendered":"https:\/\/cpxzx.com\/?post_type=product&#038;p=3144"},"modified":"2025-10-11T07:27:15","modified_gmt":"2025-10-11T07:27:15","slug":"strukturierte-metallverpackungen","status":"publish","type":"product","link":"https:\/\/cpxzx.com\/de\/produkt\/strukturierte-metallverpackungen\/","title":{"rendered":"strukturierte Metallverpackungen"},"content":{"rendered":"<p><strong>Strukturierte Metallverpackungen<\/strong> ist eine hocheffiziente Art der <strong>S\u00e4ulenpackung aus Edelstahl<\/strong> aus d\u00fcnnen gewellten Metallblechen oder Edelstahldrahtgewebe. Jede Schicht ist gewellt und in wechselnden Ausrichtungen gestapelt, wodurch eine offene Wabenstruktur entsteht, die den Dampf-Fl\u00fcssigkeits-Kontakt verbessert. Diese Konstruktion erm\u00f6glicht eine gleichm\u00e4\u00dfige Gas- und Fl\u00fcssigkeitsverteilung, einen geringen Druckabfall und eine hervorragende Stoffaustauschleistung.<\/p>\n<p>Die <strong>Netzstrukturierte Verpackung<\/strong> wird durch Stanzen und Strecken von Edelstahlplatten zu rautenf\u00f6rmigen Maschen hergestellt, die dann gewellt und zu strukturierten Schichten zusammengesetzt werden. Es kombiniert die Vorteile von Drahtgeflechtpackungen und gewellten Metallplattenpackungen und bietet eine hohe Effizienz und kosteng\u00fcnstige Leistung. Die rautenf\u00f6rmige Maschenstruktur ist von einem Fl\u00fcssigkeitsfilm bedeckt, und die unebene Oberfl\u00e4che verbessert die Turbulenz und die Durchmischung, wodurch die Erneuerungsrate des Fl\u00fcssigkeitsfilms erh\u00f6ht wird.<\/p>\n<p><strong>Wellpappverpackungen aus Metall<\/strong> zeichnet sich durch ein gerilltes und perforiertes Oberfl\u00e4chendesign aus, das die Fl\u00fcssigkeitsbenetzung und -verteilung verbessert und so f\u00fcr eine h\u00f6here Abscheideleistung und Verschmutzungsresistenz sorgt. Er wird h\u00e4ufig in der chemischen, petrochemischen, D\u00fcngemittel- und Gasverarbeitungsindustrie eingesetzt, wo eine leistungsstarke Trennung erforderlich ist.<\/p>\n<h2>Merkmal<\/h2>\n<ul>\n<li>Die gro\u00dfe Oberfl\u00e4che gew\u00e4hrleistet einen effizienten Gas-Fl\u00fcssigkeits-Kontakt.<\/li>\n<li>Geringer Druckverlust, ideal f\u00fcr Vakuum- und Niederdruckanwendungen.<\/li>\n<li>Ausgezeichnete Benetzbarkeit und gleichm\u00e4\u00dfige Fl\u00fcssigkeitsverteilung.<\/li>\n<li>Hohe mechanische Festigkeit und Korrosionsbest\u00e4ndigkeit.<\/li>\n<li>Erh\u00e4ltlich in verschiedenen Konfigurationen: 100Y, 125Y, 160Y, 250Y, 350Y, 450Y, usw.<\/li>\n<li>Hergestellt aus Edelstahl 304, 304L, 316, 316L, Kohlenstoffstahl oder einer Aluminiumlegierung.<\/li>\n<\/ul>\n<h2>Spezifikation<\/h2>\n<p><strong>Material:<\/strong> Kohlenstoffstahl, rostfreier Stahl 304, 304L, 410, 316, 316L oder Aluminiumlegierungen.<\/p>\n<table border=\"1\" cellspacing=\"0\" cellpadding=\"6\">\n<tbody>\n<tr>\n<th>Modell<\/th>\n<th>Leerraumvolumen (%)<\/th>\n<th>St\u00fcck Dicke (mm)<\/th>\n<th>Sch\u00fcttdichte (kg\/m\u00b3)<\/th>\n<th>Gewellt H\u00f6he (mm)<\/th>\n<th>Gewellter Abstand (mm)<\/th>\n<th>Zahnradform Winkel (\u00b0)<\/th>\n<th>F-Faktor (\u03c6)<\/th>\n<th>Theoretische HETP (St\u00fcck\/m)<\/th>\n<\/tr>\n<tr>\n<td>450Y<\/td>\n<td>76<\/td>\n<td>1 \u00b10.2<\/td>\n<td>600<\/td>\n<td>6<\/td>\n<td>11<\/td>\n<td>80<\/td>\n<td>1.5-2<\/td>\n<td>4-5<\/td>\n<\/tr>\n<tr>\n<td>350Y<\/td>\n<td>80<\/td>\n<td>1.2 \u00b10.2<\/td>\n<td>580<\/td>\n<td>9<\/td>\n<td>15<\/td>\n<td>80<\/td>\n<td>2<\/td>\n<td>3.5-4<\/td>\n<\/tr>\n<tr>\n<td>250Y<\/td>\n<td>82<\/td>\n<td>1.4 \u00b10.2<\/td>\n<td>530<\/td>\n<td>13<\/td>\n<td>22<\/td>\n<td>80<\/td>\n<td>2.5<\/td>\n<td>2-3<\/td>\n<\/tr>\n<tr>\n<td>160Y<\/td>\n<td>84<\/td>\n<td>2.2 \u00b10.2<\/td>\n<td>500<\/td>\n<td>17<\/td>\n<td>32<\/td>\n<td>80<\/td>\n<td>2.8<\/td>\n<td>1.5-2<\/td>\n<\/tr>\n<tr>\n<td>125Y<\/td>\n<td>85<\/td>\n<td>2.5 \u00b10.5<\/td>\n<td>480<\/td>\n<td>23<\/td>\n<td>42<\/td>\n<td>80<\/td>\n<td>3<\/td>\n<td>1-1.5<\/td>\n<\/tr>\n<tr>\n<td>100Y<\/td>\n<td>87.5<\/td>\n<td>2.5 \u00b10.5<\/td>\n<td>460<\/td>\n<td>30<\/td>\n<td>50<\/td>\n<td>80<\/td>\n<td>3.5<\/td>\n<td>1<\/td>\n<\/tr>\n<\/tbody>\n<\/table>\n<h2>Vorteil<\/h2>\n<ul>\n<li><strong>Hohe Kapazit\u00e4t:<\/strong> Neue Turmkonstruktionen k\u00f6nnen den S\u00e4ulendurchmesser verringern, w\u00e4hrend bestehende T\u00fcrme ihre Kapazit\u00e4t deutlich erh\u00f6hen k\u00f6nnen.<\/li>\n<li><strong>Hohe Abscheideleistung:<\/strong> Eine gr\u00f6\u00dfere spezifische Oberfl\u00e4che sorgt f\u00fcr einen effektiveren Stoffaustausch im Vergleich zu einer zuf\u00e4lligen Packung.<\/li>\n<li><strong>Geringer Druckverlust:<\/strong> Reduziert den Energieverbrauch und verbessert die Effizienz des Gesamtprozesses.<\/li>\n<li><strong>Gro\u00dfe Flexibilit\u00e4t:<\/strong> Geeignet f\u00fcr alle Turmdurchmesser; minimale Scale-up-Effekte.<\/li>\n<li><strong>Korrosionsbest\u00e4ndigkeit:<\/strong> Ausgezeichnete Best\u00e4ndigkeit gegen S\u00e4ure-, Alkali-, H\u2082S-, Naphthens\u00e4ure- und Chloridkorrosion.<\/li>\n<li>Geringer Fl\u00fcssigkeitsstau und schnelle Reaktion auf Lastwechsel.<\/li>\n<li>Langlebig und einfach zu installieren, zu entfernen und zu reinigen.<\/li>\n<\/ul>\n<h2>Anmeldung<\/h2>\n<p><strong>Strukturierte Metallverpackungen<\/strong> wird bei verschiedenen Stoff\u00fcbertragungsvorg\u00e4ngen eingesetzt, unter anderem:<\/p>\n<ul>\n<li>Chemische und petrochemische Destillationskolonnen<\/li>\n<li>Reinigung von Feinchemikalien und R\u00fcckgewinnung von L\u00f6sungsmitteln<\/li>\n<li>D\u00fcngemittel- und \u00d6lraffinerieverfahren<\/li>\n<li>Gasabsorptions- und Desorptionst\u00fcrme<\/li>\n<li>Atmosph\u00e4rische und Vakuum-Rektifikationssysteme<\/li>\n<li>Umweltschutz und Abgasreinigungsanlagen<\/li>\n<\/ul>\n<h2>Paket<\/h2>\n<p>Die Verpackung ist sorgf\u00e4ltig in Holzkisten oder Stahlrahmen verpackt, um Verformungen w\u00e4hrend des Transports zu vermeiden. Jede Lage ist zur einfachen Identifizierung, Montage und Installation vor Ort beschriftet. Kundenspezifische Verpackungen sind je nach Kundenwunsch m\u00f6glich.<\/p>","protected":false},"excerpt":{"rendered":"<p>Die strukturierte Metallpackung ist eine hochleistungsf\u00e4hige <strong>S\u00e4ulenpackung aus Edelstahl<\/strong> aus gewellten oder gitterartigen Metallblechen, die f\u00fcr eine hervorragende Abscheideleistung und einen geringen Druckverlust ausgelegt sind. Mit seiner einzigartigen Wabenstruktur und gro\u00dfen Oberfl\u00e4che ist dieser <strong>Netzstrukturierte Verpackung<\/strong> gew\u00e4hrleistet einen hervorragenden Dampf-Fl\u00fcssigkeits-Kontakt und eine gleichm\u00e4\u00dfige Str\u00f6mungsverteilung. Hergestellt aus rostfreiem Stahl, Kohlenstoffstahl oder einer Aluminiumlegierung, <strong>Metall-Wellpappe-Verpackung<\/strong> ist ideal f\u00fcr Destillations-, Absorptions- und Reinigungsprozesse in der chemischen, petrochemischen und Gasindustrie.<\/p>","protected":false},"featured_media":3145,"parent":0,"template":"","meta":{"_acf_changed":false,"_kad_blocks_custom_css":"","_kad_blocks_head_custom_js":"","_kad_blocks_body_custom_js":"","_kad_blocks_footer_custom_js":"","_kadence_starter_templates_imported_post":false,"_kad_post_transparent":"default","_kad_post_title":"","_kad_post_layout":"default","_kad_post_sidebar_id":"","_kad_post_content_style":"default","_kad_post_vertical_padding":"default","_kad_post_feature":"","_kad_post_feature_position":"","_kad_post_header":false,"_kad_post_footer":false},"pcategory":[26],"ptag":[],"class_list":["post-3144","product","type-product","status-publish","has-post-thumbnail","hentry","pcategory-structured-packing"],"acf":[],"yoast_head":"<!-- This site is optimized with the Yoast SEO plugin v27.4 - https:\/\/yoast.com\/product\/yoast-seo-wordpress\/ -->\n<title>metal structured packing - Cooling Tower Fill, China PVC Fills Manufacturer<\/title>\n<meta name=\"robots\" content=\"index, follow, max-snippet:-1, max-image-preview:large, max-video-preview:-1\" \/>\n<link rel=\"canonical\" href=\"https:\/\/cpxzx.com\/de\/produkt\/strukturierte-metallverpackungen\/\" \/>\n<meta property=\"og:locale\" content=\"de_DE\" \/>\n<meta property=\"og:type\" content=\"article\" \/>\n<meta property=\"og:title\" content=\"metal structured packing - Cooling Tower Fill, China PVC Fills Manufacturer\" \/>\n<meta property=\"og:description\" content=\"Metal Structured Packing is a high-performance stainless steel column packing made from corrugated or mesh metal sheets, designed for superior separation efficiency and low pressure drop. With its unique honeycomb structure and large surface area, this mesh structured packing ensures excellent vapor-liquid contact and uniform flow distribution. Manufactured from stainless steel, carbon steel, or aluminum alloy, metal corrugate packing is ideal for distillation, absorption, and purification processes in chemical, petrochemical, and gas industries.\" \/>\n<meta property=\"og:url\" content=\"https:\/\/cpxzx.com\/de\/produkt\/strukturierte-metallverpackungen\/\" \/>\n<meta property=\"og:site_name\" content=\"Cooling Tower Fill, China PVC Fills Manufacturer\" \/>\n<meta property=\"og:image\" content=\"https:\/\/cpxzx.com\/wp-content\/uploads\/2025\/10\/metal-structured-packing.jpg\" \/>\n\t<meta property=\"og:image:width\" content=\"550\" \/>\n\t<meta property=\"og:image:height\" content=\"550\" \/>\n\t<meta property=\"og:image:type\" content=\"image\/jpeg\" \/>\n<meta name=\"twitter:card\" content=\"summary_large_image\" \/>\n<meta name=\"twitter:label1\" content=\"Gesch\u00e4tzte Lesezeit\" \/>\n\t<meta name=\"twitter:data1\" content=\"3\u00a0Minuten\" \/>\n<script type=\"application\/ld+json\" class=\"yoast-schema-graph\">{\"@context\":\"https:\\\/\\\/schema.org\",\"@graph\":[{\"@type\":\"WebPage\",\"@id\":\"https:\\\/\\\/cpxzx.com\\\/product\\\/metal-structured-packing\\\/\",\"url\":\"https:\\\/\\\/cpxzx.com\\\/product\\\/metal-structured-packing\\\/\",\"name\":\"metal structured packing - Cooling Tower Fill, China PVC Fills Manufacturer\",\"isPartOf\":{\"@id\":\"https:\\\/\\\/cpxzx.com\\\/#website\"},\"primaryImageOfPage\":{\"@id\":\"https:\\\/\\\/cpxzx.com\\\/product\\\/metal-structured-packing\\\/#primaryimage\"},\"image\":{\"@id\":\"https:\\\/\\\/cpxzx.com\\\/product\\\/metal-structured-packing\\\/#primaryimage\"},\"thumbnailUrl\":\"https:\\\/\\\/cpxzx.com\\\/wp-content\\\/uploads\\\/2025\\\/10\\\/metal-structured-packing.jpg\",\"datePublished\":\"2025-10-11T07:27:15+00:00\",\"breadcrumb\":{\"@id\":\"https:\\\/\\\/cpxzx.com\\\/product\\\/metal-structured-packing\\\/#breadcrumb\"},\"inLanguage\":\"de\",\"potentialAction\":[{\"@type\":\"ReadAction\",\"target\":[\"https:\\\/\\\/cpxzx.com\\\/product\\\/metal-structured-packing\\\/\"]}]},{\"@type\":\"ImageObject\",\"inLanguage\":\"de\",\"@id\":\"https:\\\/\\\/cpxzx.com\\\/product\\\/metal-structured-packing\\\/#primaryimage\",\"url\":\"https:\\\/\\\/cpxzx.com\\\/wp-content\\\/uploads\\\/2025\\\/10\\\/metal-structured-packing.jpg\",\"contentUrl\":\"https:\\\/\\\/cpxzx.com\\\/wp-content\\\/uploads\\\/2025\\\/10\\\/metal-structured-packing.jpg\",\"width\":550,\"height\":550,\"caption\":\"metal structured packing\"},{\"@type\":\"BreadcrumbList\",\"@id\":\"https:\\\/\\\/cpxzx.com\\\/product\\\/metal-structured-packing\\\/#breadcrumb\",\"itemListElement\":[{\"@type\":\"ListItem\",\"position\":1,\"name\":\"Home\",\"item\":\"https:\\\/\\\/cpxzx.com\\\/\"},{\"@type\":\"ListItem\",\"position\":2,\"name\":\"Structured Packing\",\"item\":\"https:\\\/\\\/cpxzx.com\\\/pcategory\\\/structured-packing\\\/\"},{\"@type\":\"ListItem\",\"position\":3,\"name\":\"metal structured packing\"}]},{\"@type\":\"WebSite\",\"@id\":\"https:\\\/\\\/cpxzx.com\\\/#website\",\"url\":\"https:\\\/\\\/cpxzx.com\\\/\",\"name\":\"Cooling Tower Fill, China PVC Fills Manufacturer\",\"description\":\"\",\"publisher\":{\"@id\":\"https:\\\/\\\/cpxzx.com\\\/#organization\"},\"potentialAction\":[{\"@type\":\"SearchAction\",\"target\":{\"@type\":\"EntryPoint\",\"urlTemplate\":\"https:\\\/\\\/cpxzx.com\\\/?s={search_term_string}\"},\"query-input\":{\"@type\":\"PropertyValueSpecification\",\"valueRequired\":true,\"valueName\":\"search_term_string\"}}],\"inLanguage\":\"de\"},{\"@type\":\"Organization\",\"@id\":\"https:\\\/\\\/cpxzx.com\\\/#organization\",\"name\":\"Cooling Tower Fill, China PVC Fills Manufacturer\",\"url\":\"https:\\\/\\\/cpxzx.com\\\/\",\"logo\":{\"@type\":\"ImageObject\",\"inLanguage\":\"de\",\"@id\":\"https:\\\/\\\/cpxzx.com\\\/#\\\/schema\\\/logo\\\/image\\\/\",\"url\":\"https:\\\/\\\/cpxzx.com\\\/wp-content\\\/uploads\\\/2025\\\/07\\\/1751628807-logo.png\",\"contentUrl\":\"https:\\\/\\\/cpxzx.com\\\/wp-content\\\/uploads\\\/2025\\\/07\\\/1751628807-logo.png\",\"width\":383,\"height\":87,\"caption\":\"Cooling Tower Fill, China PVC Fills Manufacturer\"},\"image\":{\"@id\":\"https:\\\/\\\/cpxzx.com\\\/#\\\/schema\\\/logo\\\/image\\\/\"}}]}<\/script>\n<!-- \/ Yoast SEO plugin. -->","yoast_head_json":{"title":"metall strukturierte verpackung - k\u00fchlturm f\u00fcllung, China PVC f\u00fcllungen Hersteller","robots":{"index":"index","follow":"follow","max-snippet":"max-snippet:-1","max-image-preview":"max-image-preview:large","max-video-preview":"max-video-preview:-1"},"canonical":"https:\/\/cpxzx.com\/de\/produkt\/strukturierte-metallverpackungen\/","og_locale":"de_DE","og_type":"article","og_title":"metal structured packing - Cooling Tower Fill, China PVC Fills Manufacturer","og_description":"Metal Structured Packing is a high-performance stainless steel column packing made from corrugated or mesh metal sheets, designed for superior separation efficiency and low pressure drop. With its unique honeycomb structure and large surface area, this mesh structured packing ensures excellent vapor-liquid contact and uniform flow distribution. Manufactured from stainless steel, carbon steel, or aluminum alloy, metal corrugate packing is ideal for distillation, absorption, and purification processes in chemical, petrochemical, and gas industries.","og_url":"https:\/\/cpxzx.com\/de\/produkt\/strukturierte-metallverpackungen\/","og_site_name":"Cooling Tower Fill, China PVC Fills Manufacturer","og_image":[{"width":550,"height":550,"url":"https:\/\/cpxzx.com\/wp-content\/uploads\/2025\/10\/metal-structured-packing.jpg","type":"image\/jpeg"}],"twitter_card":"summary_large_image","twitter_misc":{"Gesch\u00e4tzte Lesezeit":"3\u00a0Minuten"},"schema":{"@context":"https:\/\/schema.org","@graph":[{"@type":"WebPage","@id":"https:\/\/cpxzx.com\/product\/metal-structured-packing\/","url":"https:\/\/cpxzx.com\/product\/metal-structured-packing\/","name":"metall strukturierte verpackung - k\u00fchlturm f\u00fcllung, China PVC f\u00fcllungen Hersteller","isPartOf":{"@id":"https:\/\/cpxzx.com\/#website"},"primaryImageOfPage":{"@id":"https:\/\/cpxzx.com\/product\/metal-structured-packing\/#primaryimage"},"image":{"@id":"https:\/\/cpxzx.com\/product\/metal-structured-packing\/#primaryimage"},"thumbnailUrl":"https:\/\/cpxzx.com\/wp-content\/uploads\/2025\/10\/metal-structured-packing.jpg","datePublished":"2025-10-11T07:27:15+00:00","breadcrumb":{"@id":"https:\/\/cpxzx.com\/product\/metal-structured-packing\/#breadcrumb"},"inLanguage":"de","potentialAction":[{"@type":"ReadAction","target":["https:\/\/cpxzx.com\/product\/metal-structured-packing\/"]}]},{"@type":"ImageObject","inLanguage":"de","@id":"https:\/\/cpxzx.com\/product\/metal-structured-packing\/#primaryimage","url":"https:\/\/cpxzx.com\/wp-content\/uploads\/2025\/10\/metal-structured-packing.jpg","contentUrl":"https:\/\/cpxzx.com\/wp-content\/uploads\/2025\/10\/metal-structured-packing.jpg","width":550,"height":550,"caption":"metal structured packing"},{"@type":"BreadcrumbList","@id":"https:\/\/cpxzx.com\/product\/metal-structured-packing\/#breadcrumb","itemListElement":[{"@type":"ListItem","position":1,"name":"Home","item":"https:\/\/cpxzx.com\/"},{"@type":"ListItem","position":2,"name":"Structured Packing","item":"https:\/\/cpxzx.com\/pcategory\/structured-packing\/"},{"@type":"ListItem","position":3,"name":"metal structured packing"}]},{"@type":"WebSite","@id":"https:\/\/cpxzx.com\/#website","url":"https:\/\/cpxzx.com\/","name":"K\u00fchlturm-F\u00fcllung, China PVC-F\u00fcllungen Hersteller","description":"","publisher":{"@id":"https:\/\/cpxzx.com\/#organization"},"potentialAction":[{"@type":"SearchAction","target":{"@type":"EntryPoint","urlTemplate":"https:\/\/cpxzx.com\/?s={search_term_string}"},"query-input":{"@type":"PropertyValueSpecification","valueRequired":true,"valueName":"search_term_string"}}],"inLanguage":"de"},{"@type":"Organization","@id":"https:\/\/cpxzx.com\/#organization","name":"K\u00fchlturm-F\u00fcllung, China PVC-F\u00fcllungen Hersteller","url":"https:\/\/cpxzx.com\/","logo":{"@type":"ImageObject","inLanguage":"de","@id":"https:\/\/cpxzx.com\/#\/schema\/logo\/image\/","url":"https:\/\/cpxzx.com\/wp-content\/uploads\/2025\/07\/1751628807-logo.png","contentUrl":"https:\/\/cpxzx.com\/wp-content\/uploads\/2025\/07\/1751628807-logo.png","width":383,"height":87,"caption":"Cooling Tower Fill, China PVC Fills Manufacturer"},"image":{"@id":"https:\/\/cpxzx.com\/#\/schema\/logo\/image\/"}}]}},"taxonomy_info":{"pcategory":[{"value":26,"label":"Structured Packing"}]},"featured_image_src_large":["https:\/\/cpxzx.com\/wp-content\/uploads\/2025\/10\/metal-structured-packing.jpg",550,550,false],"author_info":[],"comment_info":"","_links":{"self":[{"href":"https:\/\/cpxzx.com\/de\/wp-json\/wp\/v2\/product\/3144","targetHints":{"allow":["GET"]}}],"collection":[{"href":"https:\/\/cpxzx.com\/de\/wp-json\/wp\/v2\/product"}],"about":[{"href":"https:\/\/cpxzx.com\/de\/wp-json\/wp\/v2\/types\/product"}],"wp:featuredmedia":[{"embeddable":true,"href":"https:\/\/cpxzx.com\/de\/wp-json\/wp\/v2\/media\/3145"}],"wp:attachment":[{"href":"https:\/\/cpxzx.com\/de\/wp-json\/wp\/v2\/media?parent=3144"}],"wp:term":[{"taxonomy":"pcategory","embeddable":true,"href":"https:\/\/cpxzx.com\/de\/wp-json\/wp\/v2\/pcategory?post=3144"},{"taxonomy":"ptag","embeddable":true,"href":"https:\/\/cpxzx.com\/de\/wp-json\/wp\/v2\/ptag?post=3144"}],"curies":[{"name":"wp","href":"https:\/\/api.w.org\/{rel}","templated":true}]}}