{"id":3032,"date":"2025-09-17T07:42:58","date_gmt":"2025-09-17T07:42:58","guid":{"rendered":"https:\/\/cpxzx.com\/?post_type=product&#038;p=3032"},"modified":"2025-09-15T07:58:45","modified_gmt":"2025-09-15T07:58:45","slug":"keramikkugel-mit-mittlerer-tonerde","status":"publish","type":"product","link":"https:\/\/cpxzx.com\/de\/produkt\/keramikkugel-mit-mittlerer-tonerde\/","title":{"rendered":"Keramikkugeln mit mittlerem Tonerdegehalt 3-10 mm - Schleifmittel aus Tonerde und St\u00fctzkugeln aus inertem Porzellan"},"content":{"rendered":"<p><strong>Mittlere Aluminiumoxid-Keramikkugel<\/strong> ist ein hochwertiges Mahl- und St\u00fctzmittel, das in verschiedenen industriellen Anwendungen eingesetzt wird.<br \/>\nAls effiziente Art von keramischen Medienkugeln bieten sie ein ausgewogenes Verh\u00e4ltnis zwischen Kosten und Haltbarkeit.<br \/>\nMit einem Aluminiumoxidgehalt zwischen 65% und 75% bietet die Keramikkugel mit mittlerem Aluminiumoxidgehalt im Vergleich zu Kugeln mit niedrigem Aluminiumoxidgehalt eine bessere Verschlei\u00dffestigkeit und chemische Stabilit\u00e4t und ist gleichzeitig wirtschaftlicher als Mahlk\u00f6rper mit hohem Aluminiumoxidgehalt.<br \/>\nIn vielen Branchen ist es auch als Aluminiumoxid-Mahlk\u00f6rper oder Aluminiumoxid-Kugeln bekannt.<\/p>\n<p>Inerte Keramikkugeln aus mittlerem Aluminiumoxid werden in verschiedenen Industriezweigen wie Erd\u00f6l, Chemietechnik, D\u00fcngemittelproduktion, Erdgas und Umweltschutz eingesetzt.<br \/>\nAls hochwertige keramische Medienkugeln und Aluminiumoxid-Mahlk\u00f6rper dienen sie als Abdeck- und St\u00fctzmaterial f\u00fcr Katalysatoren in Reaktionsgef\u00e4\u00dfen und als F\u00fcllk\u00f6rper in T\u00fcrmen.<br \/>\nDiese Keramikkugeln aus mittlerem Aluminiumoxid haben stabile chemische Eigenschaften, eine geringe Wasseraufnahme, eine ausgezeichnete Best\u00e4ndigkeit gegen\u00fcber hohen Temperaturen und hohem Druck sowie eine hohe Korrosionsbest\u00e4ndigkeit gegen\u00fcber S\u00e4uren, Laugen und bestimmten organischen L\u00f6sungsmitteln.<br \/>\nSie k\u00f6nnen Temperaturschwankungen bei industriellen Prozessen standhalten.<br \/>\nDie Hauptfunktion der inerten Keramikkugeln besteht darin, die Verteilung von Gas oder Fl\u00fcssigkeit zu verbessern und gleichzeitig Aktivierungskatalysatoren mit geringer St\u00e4rke zu st\u00fctzen und zu sch\u00fctzen, um einen effizienten Betrieb und eine lange Lebensdauer zu gew\u00e4hrleisten.<\/p>\n<h2>Merkmal<\/h2>\n<ul>\n<li>Tonerdegehalt: 65%-75%, die ein ausgewogenes Verh\u00e4ltnis zwischen Festigkeit und Kosteneffizienz bieten.<\/li>\n<li>Hohe mechanische Festigkeit und gute Verschlei\u00dffestigkeit.<\/li>\n<li>Ausgezeichnete thermische Stabilit\u00e4t und Korrosionsbest\u00e4ndigkeit.<\/li>\n<li>Die glatte Oberfl\u00e4che sorgt f\u00fcr geringen Abrieb an den Ger\u00e4ten.<\/li>\n<li>Erh\u00e4ltlich in einer breiten Palette von Durchmessern f\u00fcr verschiedene Schleif- und St\u00fctzanwendungen.<\/li>\n<\/ul>\n<h2>Spezifikation<\/h2>\n<table border=\"1\" cellspacing=\"0\" cellpadding=\"8\">\n<tbody>\n<tr>\n<th>Eigentum<\/th>\n<th>Wert<\/th>\n<\/tr>\n<tr>\n<td>Tonerdegehalt (Al2O3)<\/td>\n<td>65%-75%<\/td>\n<\/tr>\n<tr>\n<td>Sch\u00fcttdichte<\/td>\n<td>2,2-2,6 g\/cm\u00b3<\/td>\n<\/tr>\n<tr>\n<td>Bruchfestigkeit<\/td>\n<td>&gt; 4 KN (f\u00fcr \u03a630mm)<\/td>\n<\/tr>\n<tr>\n<td>Wasserabsorption<\/td>\n<td>&lt; 0,5%<\/td>\n<\/tr>\n<tr>\n<td>Betriebstemperatur<\/td>\n<td>\u2264 1100\u00b0C<\/td>\n<\/tr>\n<tr>\n<td>Verf\u00fcgbare Gr\u00f6\u00dfen<\/td>\n<td>\u03a63mm-\u03a650mm<\/td>\n<\/tr>\n<\/tbody>\n<\/table>\n<h2>Crush-St\u00e4rke<\/h2>\n<table border=\"1\" cellspacing=\"0\" cellpadding=\"8\">\n<tbody>\n<tr>\n<th>Gr\u00f6\u00dfe<\/th>\n<th>Druckfestigkeit Kgf\/Teilchen<\/th>\n<th>Bruchfestigkeit KN\/Teilchen<\/th>\n<\/tr>\n<tr>\n<td>1\/8\u2033 (3mm)<\/td>\n<td>&gt;40<\/td>\n<td>&gt;0.4<\/td>\n<\/tr>\n<tr>\n<td>1\/4\u2033 (6mm)<\/td>\n<td>&gt;80<\/td>\n<td>&gt;0.8<\/td>\n<\/tr>\n<tr>\n<td>3\/8\u2033 (10mm)<\/td>\n<td>&gt;190<\/td>\n<td>&gt;1.90<\/td>\n<\/tr>\n<tr>\n<td>1\/2\u2033 (13mm)<\/td>\n<td>&gt;580<\/td>\n<td>&gt;5.8<\/td>\n<\/tr>\n<tr>\n<td>3\/4\u2033 (19mm)<\/td>\n<td>&gt;900<\/td>\n<td>&gt;9.0<\/td>\n<\/tr>\n<tr>\n<td>1\u2033 (25mm)<\/td>\n<td>&gt;1200<\/td>\n<td>&gt;12.0<\/td>\n<\/tr>\n<tr>\n<td>1-1\/2\u2033 (38mm)<\/td>\n<td>&gt;1800<\/td>\n<td>&gt;18.0<\/td>\n<\/tr>\n<tr>\n<td>2\u2033 (50mm)<\/td>\n<td>&gt;2150<\/td>\n<td>&gt;21.5<\/td>\n<\/tr>\n<\/tbody>\n<\/table>\n<h2>Gr\u00f6\u00dfe und Toleranz (mm)<\/h2>\n<table border=\"1\" cellspacing=\"0\" cellpadding=\"8\">\n<tbody>\n<tr>\n<th>Gr\u00f6\u00dfe<\/th>\n<th>3\/6\/9<\/th>\n<th>9\/13<\/th>\n<th>19\/25\/38<\/th>\n<th>50<\/th>\n<\/tr>\n<tr>\n<td>Toleranz<\/td>\n<td>\u00b11.0<\/td>\n<td>\u00b11.5<\/td>\n<td>\u00b12<\/td>\n<td>\u00b12.5<\/td>\n<\/tr>\n<\/tbody>\n<\/table>\n<h2>Vorteil<\/h2>\n<p>Im Vergleich zu Mahlk\u00f6rpern mit niedrigem und hohem Tonerdegehalt bieten Keramikkugeln mit mittlerem Tonerdegehalt eine kosteng\u00fcnstige L\u00f6sung.<br \/>\nf\u00fcr Industriezweige, die sowohl Leistung als auch wirtschaftliche Effizienz ben\u00f6tigen. Sie bieten eine h\u00f6here Haltbarkeit als herk\u00f6mmliche Keramikmedien<br \/>\nund sind gleichzeitig g\u00fcnstiger als hochwertige Aluminiumoxidkugeln. Das macht sie zu einer ausgezeichneten Wahl f\u00fcr die Massenvermahlung.<\/p>\n<ul>\n<li>Kosteng\u00fcnstige Alternative zu Schleifk\u00f6rpern mit hoher Tonerde.<\/li>\n<li>Verbessert die Schleifleistung und senkt die Produktionskosten.<\/li>\n<li>Lange Lebensdauer und geringer Wartungsbedarf.<\/li>\n<li>Stabile Leistung im Dauerbetrieb.<\/li>\n<\/ul>\n<h2>Anmeldung<\/h2>\n<p>Keramikkugeln aus mittlerem Aluminiumoxid werden in verschiedenen Industrien als keramische Medienkugeln und Aluminiumoxid-Mahlk\u00f6rper eingesetzt.<br \/>\nSie dienen sowohl als Mahlk\u00f6rper als auch als Katalysatortr\u00e4germaterial. Zu den \u00fcblichen Anwendungen geh\u00f6ren:<\/p>\n<ul>\n<li>Zementwerke - Verwendung als Mahlk\u00f6rper in Kugelm\u00fchlen.<\/li>\n<li>Keramische Industrie - Mahlen und Mischen von Rohstoffen.<\/li>\n<li>Chemische Industrie - Katalysatortr\u00e4ger und F\u00fcllk\u00f6rper.<\/li>\n<li>Bergbau - Zerkleinerung von Erzen und Aufbereitung von Mineralien.<\/li>\n<li>Erd\u00f6l und Gas - Hilfsmedien in Raffinerieprozessen.<\/li>\n<\/ul>\n<h2>Paket<\/h2>\n<p>Um einen sicheren Transport und eine sichere Lagerung zu gew\u00e4hrleisten, werden Mid-Alumina Ceramic Balls in starken Gewebes\u00e4cken, Tonnens\u00e4cken oder Stahlf\u00e4ssern verpackt.<br \/>\nje nach Kundenwunsch. Die Standardverpackung umfasst:<\/p>\n<ul>\n<li>25-kg-Gewebesack mit Innenauskleidung aus Kunststoff.<\/li>\n<li>500kg-1000kg Jumbo-Sack f\u00fcr Gro\u00dfauftr\u00e4ge.<\/li>\n<li>Kundenspezifische Verpackungen sind auf Anfrage erh\u00e4ltlich.<\/li>\n<\/ul>","protected":false},"excerpt":{"rendered":"<p>Keramikkugeln aus mittlerem Aluminiumoxid mit 65%-75% Al2O3 bieten eine hervorragende Verschlei\u00dffestigkeit, hohe mechanische Festigkeit und chemische Stabilit\u00e4t, was sie zu einer idealen Wahl f\u00fcr industrielle Anwendungen macht. Sie werden h\u00e4ufig als keramische Medienkugeln, Aluminiumoxid-Mahlk\u00f6rper und Aluminiumoxid-Kugeln verwendet und gew\u00e4hrleisten effizientes Mahlen, lange Lebensdauer und niedrige Wartungskosten. Diese Kugeln mit mittlerer Tonerde eignen sich f\u00fcr Zementm\u00fchlen, die Keramikherstellung, die chemische Verarbeitung, den Bergbau und die Erd\u00f6lindustrie. Ihre glatte Oberfl\u00e4che verringert den Abrieb der Ausr\u00fcstung und sorgt f\u00fcr eine stabile Leistung im Dauerbetrieb. Sie stellen eine kosteng\u00fcnstige L\u00f6sung zwischen Mahlk\u00f6rpern mit niedrigem und hohem Aluminiumoxidgehalt dar.<\/p>","protected":false},"featured_media":3035,"parent":0,"template":"","meta":{"_acf_changed":false,"_kad_blocks_custom_css":"","_kad_blocks_head_custom_js":"","_kad_blocks_body_custom_js":"","_kad_blocks_footer_custom_js":"","_kadence_starter_templates_imported_post":false,"_kad_post_transparent":"default","_kad_post_title":"","_kad_post_layout":"default","_kad_post_sidebar_id":"","_kad_post_content_style":"default","_kad_post_vertical_padding":"default","_kad_post_feature":"","_kad_post_feature_position":"","_kad_post_header":false,"_kad_post_footer":false},"pcategory":[27],"ptag":[],"class_list":["post-3032","product","type-product","status-publish","has-post-thumbnail","hentry","pcategory-ceramic-balls"],"acf":[],"yoast_head":"<!-- This site is optimized with the Yoast SEO plugin v27.4 - https:\/\/yoast.com\/product\/yoast-seo-wordpress\/ -->\n<title>Mid-Alumina Ceramic Ball<\/title>\n<meta name=\"robots\" content=\"index, follow, max-snippet:-1, max-image-preview:large, max-video-preview:-1\" \/>\n<link rel=\"canonical\" href=\"https:\/\/cpxzx.com\/de\/produkt\/keramikkugel-mit-mittlerer-tonerde\/\" \/>\n<meta property=\"og:locale\" content=\"de_DE\" \/>\n<meta property=\"og:type\" content=\"article\" \/>\n<meta property=\"og:title\" content=\"Mid-Alumina Ceramic Ball\" \/>\n<meta property=\"og:description\" content=\"Mid-Alumina Ceramic Ball with 65%-75% Al2O3 offers excellent wear resistance, high mechanical strength, and chemical stability, making it an ideal choice for industrial applications. Widely used as ceramic media balls, alumina grinding media, and alumina spheres, it ensures efficient grinding, long service life, and low maintenance costs. These mid-alumina balls are suitable for cement mills, ceramic production, chemical processing, mining, and petroleum industries. Their smooth surface reduces equipment abrasion while maintaining stable performance under continuous operation, providing a cost-effective solution between low and high alumina grinding media.\" \/>\n<meta property=\"og:url\" content=\"https:\/\/cpxzx.com\/de\/produkt\/keramikkugel-mit-mittlerer-tonerde\/\" \/>\n<meta property=\"og:site_name\" content=\"Cooling Tower Fill, China PVC Fills Manufacturer\" \/>\n<meta property=\"og:image\" content=\"https:\/\/cpxzx.com\/wp-content\/uploads\/2025\/09\/Mid-Alumina-Inert-Ceramic-Balls.jpg\" \/>\n\t<meta property=\"og:image:width\" content=\"550\" \/>\n\t<meta property=\"og:image:height\" content=\"550\" \/>\n\t<meta property=\"og:image:type\" content=\"image\/jpeg\" \/>\n<meta name=\"twitter:card\" content=\"summary_large_image\" \/>\n<meta name=\"twitter:label1\" content=\"Gesch\u00e4tzte Lesezeit\" \/>\n\t<meta name=\"twitter:data1\" content=\"3\u00a0Minuten\" \/>\n<script type=\"application\/ld+json\" class=\"yoast-schema-graph\">{\"@context\":\"https:\\\/\\\/schema.org\",\"@graph\":[{\"@type\":\"WebPage\",\"@id\":\"https:\\\/\\\/cpxzx.com\\\/product\\\/mid-alumina-ceramic-ball\\\/\",\"url\":\"https:\\\/\\\/cpxzx.com\\\/product\\\/mid-alumina-ceramic-ball\\\/\",\"name\":\"Mid-Alumina Ceramic Ball\",\"isPartOf\":{\"@id\":\"https:\\\/\\\/cpxzx.com\\\/#website\"},\"primaryImageOfPage\":{\"@id\":\"https:\\\/\\\/cpxzx.com\\\/product\\\/mid-alumina-ceramic-ball\\\/#primaryimage\"},\"image\":{\"@id\":\"https:\\\/\\\/cpxzx.com\\\/product\\\/mid-alumina-ceramic-ball\\\/#primaryimage\"},\"thumbnailUrl\":\"https:\\\/\\\/cpxzx.com\\\/wp-content\\\/uploads\\\/2025\\\/09\\\/Mid-Alumina-Inert-Ceramic-Balls.jpg\",\"datePublished\":\"2025-09-17T07:42:58+00:00\",\"breadcrumb\":{\"@id\":\"https:\\\/\\\/cpxzx.com\\\/product\\\/mid-alumina-ceramic-ball\\\/#breadcrumb\"},\"inLanguage\":\"de\",\"potentialAction\":[{\"@type\":\"ReadAction\",\"target\":[\"https:\\\/\\\/cpxzx.com\\\/product\\\/mid-alumina-ceramic-ball\\\/\"]}]},{\"@type\":\"ImageObject\",\"inLanguage\":\"de\",\"@id\":\"https:\\\/\\\/cpxzx.com\\\/product\\\/mid-alumina-ceramic-ball\\\/#primaryimage\",\"url\":\"https:\\\/\\\/cpxzx.com\\\/wp-content\\\/uploads\\\/2025\\\/09\\\/Mid-Alumina-Inert-Ceramic-Balls.jpg\",\"contentUrl\":\"https:\\\/\\\/cpxzx.com\\\/wp-content\\\/uploads\\\/2025\\\/09\\\/Mid-Alumina-Inert-Ceramic-Balls.jpg\",\"width\":550,\"height\":550,\"caption\":\"Mid-Alumina Inert Ceramic Balls\"},{\"@type\":\"BreadcrumbList\",\"@id\":\"https:\\\/\\\/cpxzx.com\\\/product\\\/mid-alumina-ceramic-ball\\\/#breadcrumb\",\"itemListElement\":[{\"@type\":\"ListItem\",\"position\":1,\"name\":\"Home\",\"item\":\"https:\\\/\\\/cpxzx.com\\\/\"},{\"@type\":\"ListItem\",\"position\":2,\"name\":\"Ceramic Balls\",\"item\":\"https:\\\/\\\/cpxzx.com\\\/pcategory\\\/ceramic-balls\\\/\"},{\"@type\":\"ListItem\",\"position\":3,\"name\":\"Mid-Alumina Ceramic Balls 3-10mm \u2013 Alumina Grinding Media &#038; Inert Porcelain Support Balls\"}]},{\"@type\":\"WebSite\",\"@id\":\"https:\\\/\\\/cpxzx.com\\\/#website\",\"url\":\"https:\\\/\\\/cpxzx.com\\\/\",\"name\":\"Cooling Tower Fill, China PVC Fills Manufacturer\",\"description\":\"\",\"publisher\":{\"@id\":\"https:\\\/\\\/cpxzx.com\\\/#organization\"},\"potentialAction\":[{\"@type\":\"SearchAction\",\"target\":{\"@type\":\"EntryPoint\",\"urlTemplate\":\"https:\\\/\\\/cpxzx.com\\\/?s={search_term_string}\"},\"query-input\":{\"@type\":\"PropertyValueSpecification\",\"valueRequired\":true,\"valueName\":\"search_term_string\"}}],\"inLanguage\":\"de\"},{\"@type\":\"Organization\",\"@id\":\"https:\\\/\\\/cpxzx.com\\\/#organization\",\"name\":\"Cooling Tower Fill, China PVC Fills Manufacturer\",\"url\":\"https:\\\/\\\/cpxzx.com\\\/\",\"logo\":{\"@type\":\"ImageObject\",\"inLanguage\":\"de\",\"@id\":\"https:\\\/\\\/cpxzx.com\\\/#\\\/schema\\\/logo\\\/image\\\/\",\"url\":\"https:\\\/\\\/cpxzx.com\\\/wp-content\\\/uploads\\\/2025\\\/07\\\/1751628807-logo.png\",\"contentUrl\":\"https:\\\/\\\/cpxzx.com\\\/wp-content\\\/uploads\\\/2025\\\/07\\\/1751628807-logo.png\",\"width\":383,\"height\":87,\"caption\":\"Cooling Tower Fill, China PVC Fills Manufacturer\"},\"image\":{\"@id\":\"https:\\\/\\\/cpxzx.com\\\/#\\\/schema\\\/logo\\\/image\\\/\"}}]}<\/script>\n<!-- \/ Yoast SEO plugin. -->","yoast_head_json":{"title":"Mittlere Aluminiumoxid-Keramikkugel","robots":{"index":"index","follow":"follow","max-snippet":"max-snippet:-1","max-image-preview":"max-image-preview:large","max-video-preview":"max-video-preview:-1"},"canonical":"https:\/\/cpxzx.com\/de\/produkt\/keramikkugel-mit-mittlerer-tonerde\/","og_locale":"de_DE","og_type":"article","og_title":"Mid-Alumina Ceramic Ball","og_description":"Mid-Alumina Ceramic Ball with 65%-75% Al2O3 offers excellent wear resistance, high mechanical strength, and chemical stability, making it an ideal choice for industrial applications. Widely used as ceramic media balls, alumina grinding media, and alumina spheres, it ensures efficient grinding, long service life, and low maintenance costs. These mid-alumina balls are suitable for cement mills, ceramic production, chemical processing, mining, and petroleum industries. Their smooth surface reduces equipment abrasion while maintaining stable performance under continuous operation, providing a cost-effective solution between low and high alumina grinding media.","og_url":"https:\/\/cpxzx.com\/de\/produkt\/keramikkugel-mit-mittlerer-tonerde\/","og_site_name":"Cooling Tower Fill, China PVC Fills Manufacturer","og_image":[{"width":550,"height":550,"url":"https:\/\/cpxzx.com\/wp-content\/uploads\/2025\/09\/Mid-Alumina-Inert-Ceramic-Balls.jpg","type":"image\/jpeg"}],"twitter_card":"summary_large_image","twitter_misc":{"Gesch\u00e4tzte Lesezeit":"3\u00a0Minuten"},"schema":{"@context":"https:\/\/schema.org","@graph":[{"@type":"WebPage","@id":"https:\/\/cpxzx.com\/product\/mid-alumina-ceramic-ball\/","url":"https:\/\/cpxzx.com\/product\/mid-alumina-ceramic-ball\/","name":"Mittlere Aluminiumoxid-Keramikkugel","isPartOf":{"@id":"https:\/\/cpxzx.com\/#website"},"primaryImageOfPage":{"@id":"https:\/\/cpxzx.com\/product\/mid-alumina-ceramic-ball\/#primaryimage"},"image":{"@id":"https:\/\/cpxzx.com\/product\/mid-alumina-ceramic-ball\/#primaryimage"},"thumbnailUrl":"https:\/\/cpxzx.com\/wp-content\/uploads\/2025\/09\/Mid-Alumina-Inert-Ceramic-Balls.jpg","datePublished":"2025-09-17T07:42:58+00:00","breadcrumb":{"@id":"https:\/\/cpxzx.com\/product\/mid-alumina-ceramic-ball\/#breadcrumb"},"inLanguage":"de","potentialAction":[{"@type":"ReadAction","target":["https:\/\/cpxzx.com\/product\/mid-alumina-ceramic-ball\/"]}]},{"@type":"ImageObject","inLanguage":"de","@id":"https:\/\/cpxzx.com\/product\/mid-alumina-ceramic-ball\/#primaryimage","url":"https:\/\/cpxzx.com\/wp-content\/uploads\/2025\/09\/Mid-Alumina-Inert-Ceramic-Balls.jpg","contentUrl":"https:\/\/cpxzx.com\/wp-content\/uploads\/2025\/09\/Mid-Alumina-Inert-Ceramic-Balls.jpg","width":550,"height":550,"caption":"Mid-Alumina Inert Ceramic Balls"},{"@type":"BreadcrumbList","@id":"https:\/\/cpxzx.com\/product\/mid-alumina-ceramic-ball\/#breadcrumb","itemListElement":[{"@type":"ListItem","position":1,"name":"Home","item":"https:\/\/cpxzx.com\/"},{"@type":"ListItem","position":2,"name":"Ceramic Balls","item":"https:\/\/cpxzx.com\/pcategory\/ceramic-balls\/"},{"@type":"ListItem","position":3,"name":"Mid-Alumina Ceramic Balls 3-10mm \u2013 Alumina Grinding Media &#038; Inert Porcelain Support Balls"}]},{"@type":"WebSite","@id":"https:\/\/cpxzx.com\/#website","url":"https:\/\/cpxzx.com\/","name":"K\u00fchlturm-F\u00fcllung, China PVC-F\u00fcllungen Hersteller","description":"","publisher":{"@id":"https:\/\/cpxzx.com\/#organization"},"potentialAction":[{"@type":"SearchAction","target":{"@type":"EntryPoint","urlTemplate":"https:\/\/cpxzx.com\/?s={search_term_string}"},"query-input":{"@type":"PropertyValueSpecification","valueRequired":true,"valueName":"search_term_string"}}],"inLanguage":"de"},{"@type":"Organization","@id":"https:\/\/cpxzx.com\/#organization","name":"K\u00fchlturm-F\u00fcllung, China PVC-F\u00fcllungen Hersteller","url":"https:\/\/cpxzx.com\/","logo":{"@type":"ImageObject","inLanguage":"de","@id":"https:\/\/cpxzx.com\/#\/schema\/logo\/image\/","url":"https:\/\/cpxzx.com\/wp-content\/uploads\/2025\/07\/1751628807-logo.png","contentUrl":"https:\/\/cpxzx.com\/wp-content\/uploads\/2025\/07\/1751628807-logo.png","width":383,"height":87,"caption":"Cooling Tower Fill, China PVC Fills Manufacturer"},"image":{"@id":"https:\/\/cpxzx.com\/#\/schema\/logo\/image\/"}}]}},"taxonomy_info":{"pcategory":[{"value":27,"label":"Ceramic Balls"}]},"featured_image_src_large":["https:\/\/cpxzx.com\/wp-content\/uploads\/2025\/09\/Mid-Alumina-Inert-Ceramic-Balls.jpg",550,550,false],"author_info":[],"comment_info":"","_links":{"self":[{"href":"https:\/\/cpxzx.com\/de\/wp-json\/wp\/v2\/product\/3032","targetHints":{"allow":["GET"]}}],"collection":[{"href":"https:\/\/cpxzx.com\/de\/wp-json\/wp\/v2\/product"}],"about":[{"href":"https:\/\/cpxzx.com\/de\/wp-json\/wp\/v2\/types\/product"}],"wp:featuredmedia":[{"embeddable":true,"href":"https:\/\/cpxzx.com\/de\/wp-json\/wp\/v2\/media\/3035"}],"wp:attachment":[{"href":"https:\/\/cpxzx.com\/de\/wp-json\/wp\/v2\/media?parent=3032"}],"wp:term":[{"taxonomy":"pcategory","embeddable":true,"href":"https:\/\/cpxzx.com\/de\/wp-json\/wp\/v2\/pcategory?post=3032"},{"taxonomy":"ptag","embeddable":true,"href":"https:\/\/cpxzx.com\/de\/wp-json\/wp\/v2\/ptag?post=3032"}],"curies":[{"name":"wp","href":"https:\/\/api.w.org\/{rel}","templated":true}]}}