{"id":3028,"date":"2025-09-16T07:04:48","date_gmt":"2025-09-16T07:04:48","guid":{"rendered":"https:\/\/cpxzx.com\/?post_type=product&#038;p=3028"},"modified":"2025-09-15T08:04:51","modified_gmt":"2025-09-15T08:04:51","slug":"grinding-ball","status":"publish","type":"product","link":"https:\/\/cpxzx.com\/de\/produkt\/grinding-ball\/","title":{"rendered":"Aluminiumoxid-Mahlkugeln 92% 95% Al2O3 Keramische Medien zum Feinmahlen"},"content":{"rendered":"<p>23% Al2O3 Inert <strong>Tonerde-Keramik-Kugeln<\/strong>die auch als Katalysatortr\u00e4ger bekannt sind, sind die am h\u00e4ufigsten verwendeten Tr\u00e4germaterialien in der Chemie- und Erd\u00f6lindustrie. Sie werden aus hochwertigem chemisch-porzellanischem Ton mit stabilen Eigenschaften, hoher mechanischer Festigkeit und hervorragender Temperaturwechselbest\u00e4ndigkeit hergestellt. Diese inerten Keramikkugeln gew\u00e4hrleisten eine zuverl\u00e4ssige Leistung unter hohen Temperaturen und hohem Druck.<\/p>\n<p>Die Keramikkugeln haben eine geringe Wasseraufnahme, stabile chemische Eigenschaften und eine hohe Best\u00e4ndigkeit gegen S\u00e4uren, Laugen und verschiedene organische L\u00f6sungsmittel. Sie k\u00f6nnen h\u00e4ufigen Temperaturschwankungen w\u00e4hrend der Produktionsprozesse standhalten. Ihre Hauptfunktion besteht darin, die Verteilung von Gasen oder Fl\u00fcssigkeiten zu verbessern, aktive Katalysatoren zu unterst\u00fctzen und das Katalysatorbett in Reaktoren zu sch\u00fctzen. Aufgrund ihrer bew\u00e4hrten Stabilit\u00e4t und Langlebigkeit finden die inerten Aluminiumoxid-Keramikkugeln breite Anwendung in der Erd\u00f6lraffination, der chemischen Verarbeitung, der D\u00fcngemittelproduktion, der Erdgasindustrie und im Umweltschutz.<\/p>\n<p>Keramische Mahlk\u00f6rper sind sowohl f\u00fcr die Nass- als auch f\u00fcr die Trockenmahlung geeignet. Keramische Mahlkugeln sind f\u00fcr ihre geringe Verunreinigung und ihre hervorragende Verschlei\u00dffestigkeit bekannt. Aluminiumoxid-Mahlkugeln finden breite Anwendung beim Feinmahlen von keramischen Materialien, Pigmenten, Glasuren und hochentwickelten Pulvern. Diese Mahlkugeln garantieren zuverl\u00e4ssige und effiziente Mahlergebnisse.<\/p>\n<h2>Merkmal<\/h2>\n<ul>\n<li>Hohe H\u00e4rte und ausgezeichnete Verschlei\u00dffestigkeit.<\/li>\n<li>Stabile Mahleffizienz mit gleichbleibender Leistung.<\/li>\n<li>Geringe Verschmutzung, geeignet f\u00fcr das Schleifen empfindlicher Materialien.<\/li>\n<li>Erh\u00e4ltlich in verschiedenen Gr\u00f6\u00dfen und Materialien, um den industriellen Anforderungen gerecht zu werden.<\/li>\n<li>Zuverl\u00e4ssige keramische Mahlk\u00f6rper f\u00fcr lange Standzeiten.<\/li>\n<\/ul>\n<h2>Spezifikation<\/h2>\n<p>Mahlkugeln sind in verschiedenen Spezifikationen erh\u00e4ltlich. G\u00e4ngige Typen sind keramische Mahlkugeln und Aluminiumoxid-Mahlkugeln. Der Tonerdegehalt liegt in der Regel \u00fcber 92% oder 95%. Die Gr\u00f6\u00dfe der Mahlkugeln reicht von einigen Millimetern bis zu mehreren Zentimetern. Sie werden mit hoher Dichte, starker H\u00e4rte und pr\u00e4ziser Rundheit hergestellt.<\/p>\n<ul>\n<li>Material: Keramik, Tonerde, Zirkoniumdioxid<\/li>\n<li>Tonerdegehalt: 92%, 95%, 99%<\/li>\n<li>Dichte: 3,6 - 3,9 g\/cm\u00b3<\/li>\n<li>H\u00e4rte: Mohs 9<\/li>\n<li>Gr\u00f6\u00dfenbereich: 1 mm - 60 mm<\/li>\n<\/ul>\n<h2>Produkte Gr\u00f6\u00dfendaten<\/h2>\n<table border=\"1\" cellspacing=\"0\" cellpadding=\"6\">\n<thead>\n<tr>\n<th>Spez.<br \/>\n(mm)<\/th>\n<th>Band<br \/>\n(cm\u00b3)<\/th>\n<th>Gewicht<br \/>\n(g\/Stk)<\/th>\n<\/tr>\n<\/thead>\n<tbody>\n<tr>\n<td>\u03a630<\/td>\n<td>14 \u00b1 1.5<\/td>\n<td>43 \u00b1 2<\/td>\n<\/tr>\n<tr>\n<td>\u03a640<\/td>\n<td>25 \u00b1 1.5<\/td>\n<td>100 \u00b1 2<\/td>\n<\/tr>\n<tr>\n<td>\u03a650<\/td>\n<td>39 \u00b1 2<\/td>\n<td>193 \u00b1 2<\/td>\n<\/tr>\n<tr>\n<td>\u03a660<\/td>\n<td>58 \u00b1 2<\/td>\n<td>335 \u00b1 2<\/td>\n<\/tr>\n<\/tbody>\n<\/table>\n<h2>Vorteil<\/h2>\n<ul>\n<li>Verbesserte Mahleffizienz mit gleichm\u00e4\u00dfiger Partikelgr\u00f6\u00dfenverteilung.<\/li>\n<li>Langlebige Keramikmahlk\u00f6rper, die die Lebensdauer der Ger\u00e4te verl\u00e4ngern.<\/li>\n<li>Tonerde-Mahlkugeln senken die Kosten und erh\u00f6hen die Produktionsleistung.<\/li>\n<li>Umweltfreundlich und ohne sch\u00e4dliche Verunreinigungen.<\/li>\n<li>Geeignet sowohl f\u00fcr die Zerkleinerung im Labor- als auch im Industriema\u00dfstab.<\/li>\n<\/ul>\n<h2>Anmeldung<\/h2>\n<p>Mahlkugeln werden in Kugelm\u00fchlen, Attritoren, Vibrationsm\u00fchlen und anderen Mahlanlagen verwendet. Keramische Mahlk\u00f6rper eignen sich f\u00fcr Keramikfliesen, Mineralienverarbeitung, Farben, Beschichtungen und Elektronik. Keramische Mahlkugeln finden breite Anwendung in der Pharmazie, in der Lebensmittelindustrie, bei Pigmenten und in der Feinchemie. Aluminiumoxid-Mahlkugeln werden bevorzugt f\u00fcr Hochleistungskeramik, feuerfeste Materialien und Pr\u00e4zisionspulvermahlung verwendet. Mit ihren vielseitigen Anwendungsm\u00f6glichkeiten erf\u00fcllen die Mahlkugeln die Anforderungen zahlreicher Branchen.<\/p>\n<h2>Paket<\/h2>\n<p>Die Mahlkugeln werden in stabilen und sicheren Verpackungen verpackt, um die Produktqualit\u00e4t w\u00e4hrend des Transports zu gew\u00e4hrleisten. Zu den \u00fcblichen Verpackungsmethoden geh\u00f6ren Gewebes\u00e4cke, Kunststofff\u00e4sser und Stahlf\u00e4sser mit Paletten. Die Standardverpackung betr\u00e4gt 25 kg pro Sack oder 1000 kg pro Palette. Kundenspezifische Verpackungen sind ebenfalls erh\u00e4ltlich, je nach Kundenwunsch. Alle Mahlkugeln, einschlie\u00dflich keramischer Mahlk\u00f6rper und Aluminiumoxid-Mahlkugeln, werden sorgf\u00e4ltig verpackt, um Verunreinigungen und Sch\u00e4den zu vermeiden.<\/p>","protected":false},"excerpt":{"rendered":"<p><strong>Mahlende Kugel<\/strong> ist ein wichtiges Material f\u00fcr Schleif- und Mahlprozesse. Es wird h\u00e4ufig im Bergbau, in der Zement-, Keramik-, Chemie- und anderen Industrien verwendet. Mahlkugeln verbessern die Mahlleistung, verringern den Energieverbrauch und gew\u00e4hrleisten die Produktqualit\u00e4t. Keramische Mahlk\u00f6rper, keramische Mahlkugeln und Aluminiumoxid-Mahlkugeln sind aufgrund ihrer hohen H\u00e4rte, langen Lebensdauer und stabilen Leistung die beliebtesten Arten.<\/p>","protected":false},"featured_media":3029,"parent":0,"template":"","meta":{"_acf_changed":false,"_kad_blocks_custom_css":"","_kad_blocks_head_custom_js":"","_kad_blocks_body_custom_js":"","_kad_blocks_footer_custom_js":"","_kadence_starter_templates_imported_post":false,"_kad_post_transparent":"default","_kad_post_title":"","_kad_post_layout":"default","_kad_post_sidebar_id":"","_kad_post_content_style":"default","_kad_post_vertical_padding":"default","_kad_post_feature":"","_kad_post_feature_position":"","_kad_post_header":false,"_kad_post_footer":false},"pcategory":[27],"ptag":[],"class_list":["post-3028","product","type-product","status-publish","has-post-thumbnail","hentry","pcategory-ceramic-balls"],"acf":[],"yoast_head":"<!-- This site is optimized with the Yoast SEO plugin v27.4 - https:\/\/yoast.com\/product\/yoast-seo-wordpress\/ -->\n<title>Grinding ball<\/title>\n<meta name=\"robots\" content=\"index, follow, max-snippet:-1, max-image-preview:large, max-video-preview:-1\" \/>\n<link rel=\"canonical\" href=\"https:\/\/cpxzx.com\/de\/produkt\/grinding-ball\/\" \/>\n<meta property=\"og:locale\" content=\"de_DE\" \/>\n<meta property=\"og:type\" content=\"article\" \/>\n<meta property=\"og:title\" content=\"Grinding ball\" \/>\n<meta property=\"og:description\" content=\"Grinding ball is a key material for grinding and milling processes. It is widely used in mining, cement, ceramics, chemicals, and other industries. Grinding balls improve grinding efficiency, reduce energy consumption, and ensure product quality. Ceramic grinding media, ceramic grinding balls, and alumina grinding balls are the most popular types due to their high hardness, long service life, and stable performance.\" \/>\n<meta property=\"og:url\" content=\"https:\/\/cpxzx.com\/de\/produkt\/grinding-ball\/\" \/>\n<meta property=\"og:site_name\" content=\"Cooling Tower Fill, China PVC Fills Manufacturer\" \/>\n<meta property=\"og:image\" content=\"https:\/\/cpxzx.com\/wp-content\/uploads\/2025\/09\/ceramic-grinding-balls.jpg\" \/>\n\t<meta property=\"og:image:width\" content=\"550\" \/>\n\t<meta property=\"og:image:height\" content=\"550\" \/>\n\t<meta property=\"og:image:type\" content=\"image\/jpeg\" \/>\n<meta name=\"twitter:card\" content=\"summary_large_image\" \/>\n<meta name=\"twitter:label1\" content=\"Gesch\u00e4tzte Lesezeit\" \/>\n\t<meta name=\"twitter:data1\" content=\"3\u00a0Minuten\" \/>\n<script type=\"application\/ld+json\" class=\"yoast-schema-graph\">{\"@context\":\"https:\\\/\\\/schema.org\",\"@graph\":[{\"@type\":\"WebPage\",\"@id\":\"https:\\\/\\\/cpxzx.com\\\/product\\\/grinding-ball\\\/\",\"url\":\"https:\\\/\\\/cpxzx.com\\\/product\\\/grinding-ball\\\/\",\"name\":\"Grinding ball\",\"isPartOf\":{\"@id\":\"https:\\\/\\\/cpxzx.com\\\/#website\"},\"primaryImageOfPage\":{\"@id\":\"https:\\\/\\\/cpxzx.com\\\/product\\\/grinding-ball\\\/#primaryimage\"},\"image\":{\"@id\":\"https:\\\/\\\/cpxzx.com\\\/product\\\/grinding-ball\\\/#primaryimage\"},\"thumbnailUrl\":\"https:\\\/\\\/cpxzx.com\\\/wp-content\\\/uploads\\\/2025\\\/09\\\/ceramic-grinding-balls.jpg\",\"datePublished\":\"2025-09-16T07:04:48+00:00\",\"breadcrumb\":{\"@id\":\"https:\\\/\\\/cpxzx.com\\\/product\\\/grinding-ball\\\/#breadcrumb\"},\"inLanguage\":\"de\",\"potentialAction\":[{\"@type\":\"ReadAction\",\"target\":[\"https:\\\/\\\/cpxzx.com\\\/product\\\/grinding-ball\\\/\"]}]},{\"@type\":\"ImageObject\",\"inLanguage\":\"de\",\"@id\":\"https:\\\/\\\/cpxzx.com\\\/product\\\/grinding-ball\\\/#primaryimage\",\"url\":\"https:\\\/\\\/cpxzx.com\\\/wp-content\\\/uploads\\\/2025\\\/09\\\/ceramic-grinding-balls.jpg\",\"contentUrl\":\"https:\\\/\\\/cpxzx.com\\\/wp-content\\\/uploads\\\/2025\\\/09\\\/ceramic-grinding-balls.jpg\",\"width\":550,\"height\":550,\"caption\":\"ceramic grinding balls\"},{\"@type\":\"BreadcrumbList\",\"@id\":\"https:\\\/\\\/cpxzx.com\\\/product\\\/grinding-ball\\\/#breadcrumb\",\"itemListElement\":[{\"@type\":\"ListItem\",\"position\":1,\"name\":\"Home\",\"item\":\"https:\\\/\\\/cpxzx.com\\\/\"},{\"@type\":\"ListItem\",\"position\":2,\"name\":\"Ceramic Balls\",\"item\":\"https:\\\/\\\/cpxzx.com\\\/pcategory\\\/ceramic-balls\\\/\"},{\"@type\":\"ListItem\",\"position\":3,\"name\":\"Alumina Grinding Ball 92% 95% Al2O3 Ceramic Media for Fine Grinding\"}]},{\"@type\":\"WebSite\",\"@id\":\"https:\\\/\\\/cpxzx.com\\\/#website\",\"url\":\"https:\\\/\\\/cpxzx.com\\\/\",\"name\":\"Cooling Tower Fill, China PVC Fills Manufacturer\",\"description\":\"\",\"publisher\":{\"@id\":\"https:\\\/\\\/cpxzx.com\\\/#organization\"},\"potentialAction\":[{\"@type\":\"SearchAction\",\"target\":{\"@type\":\"EntryPoint\",\"urlTemplate\":\"https:\\\/\\\/cpxzx.com\\\/?s={search_term_string}\"},\"query-input\":{\"@type\":\"PropertyValueSpecification\",\"valueRequired\":true,\"valueName\":\"search_term_string\"}}],\"inLanguage\":\"de\"},{\"@type\":\"Organization\",\"@id\":\"https:\\\/\\\/cpxzx.com\\\/#organization\",\"name\":\"Cooling Tower Fill, China PVC Fills Manufacturer\",\"url\":\"https:\\\/\\\/cpxzx.com\\\/\",\"logo\":{\"@type\":\"ImageObject\",\"inLanguage\":\"de\",\"@id\":\"https:\\\/\\\/cpxzx.com\\\/#\\\/schema\\\/logo\\\/image\\\/\",\"url\":\"https:\\\/\\\/cpxzx.com\\\/wp-content\\\/uploads\\\/2025\\\/07\\\/1751628807-logo.png\",\"contentUrl\":\"https:\\\/\\\/cpxzx.com\\\/wp-content\\\/uploads\\\/2025\\\/07\\\/1751628807-logo.png\",\"width\":383,\"height\":87,\"caption\":\"Cooling Tower Fill, China PVC Fills Manufacturer\"},\"image\":{\"@id\":\"https:\\\/\\\/cpxzx.com\\\/#\\\/schema\\\/logo\\\/image\\\/\"}}]}<\/script>\n<!-- \/ Yoast SEO plugin. -->","yoast_head_json":{"title":"Mahlende Kugel","robots":{"index":"index","follow":"follow","max-snippet":"max-snippet:-1","max-image-preview":"max-image-preview:large","max-video-preview":"max-video-preview:-1"},"canonical":"https:\/\/cpxzx.com\/de\/produkt\/grinding-ball\/","og_locale":"de_DE","og_type":"article","og_title":"Grinding ball","og_description":"Grinding ball is a key material for grinding and milling processes. It is widely used in mining, cement, ceramics, chemicals, and other industries. Grinding balls improve grinding efficiency, reduce energy consumption, and ensure product quality. Ceramic grinding media, ceramic grinding balls, and alumina grinding balls are the most popular types due to their high hardness, long service life, and stable performance.","og_url":"https:\/\/cpxzx.com\/de\/produkt\/grinding-ball\/","og_site_name":"Cooling Tower Fill, China PVC Fills Manufacturer","og_image":[{"width":550,"height":550,"url":"https:\/\/cpxzx.com\/wp-content\/uploads\/2025\/09\/ceramic-grinding-balls.jpg","type":"image\/jpeg"}],"twitter_card":"summary_large_image","twitter_misc":{"Gesch\u00e4tzte Lesezeit":"3\u00a0Minuten"},"schema":{"@context":"https:\/\/schema.org","@graph":[{"@type":"WebPage","@id":"https:\/\/cpxzx.com\/product\/grinding-ball\/","url":"https:\/\/cpxzx.com\/product\/grinding-ball\/","name":"Mahlende Kugel","isPartOf":{"@id":"https:\/\/cpxzx.com\/#website"},"primaryImageOfPage":{"@id":"https:\/\/cpxzx.com\/product\/grinding-ball\/#primaryimage"},"image":{"@id":"https:\/\/cpxzx.com\/product\/grinding-ball\/#primaryimage"},"thumbnailUrl":"https:\/\/cpxzx.com\/wp-content\/uploads\/2025\/09\/ceramic-grinding-balls.jpg","datePublished":"2025-09-16T07:04:48+00:00","breadcrumb":{"@id":"https:\/\/cpxzx.com\/product\/grinding-ball\/#breadcrumb"},"inLanguage":"de","potentialAction":[{"@type":"ReadAction","target":["https:\/\/cpxzx.com\/product\/grinding-ball\/"]}]},{"@type":"ImageObject","inLanguage":"de","@id":"https:\/\/cpxzx.com\/product\/grinding-ball\/#primaryimage","url":"https:\/\/cpxzx.com\/wp-content\/uploads\/2025\/09\/ceramic-grinding-balls.jpg","contentUrl":"https:\/\/cpxzx.com\/wp-content\/uploads\/2025\/09\/ceramic-grinding-balls.jpg","width":550,"height":550,"caption":"ceramic grinding balls"},{"@type":"BreadcrumbList","@id":"https:\/\/cpxzx.com\/product\/grinding-ball\/#breadcrumb","itemListElement":[{"@type":"ListItem","position":1,"name":"Home","item":"https:\/\/cpxzx.com\/"},{"@type":"ListItem","position":2,"name":"Ceramic Balls","item":"https:\/\/cpxzx.com\/pcategory\/ceramic-balls\/"},{"@type":"ListItem","position":3,"name":"Alumina Grinding Ball 92% 95% Al2O3 Ceramic Media for Fine Grinding"}]},{"@type":"WebSite","@id":"https:\/\/cpxzx.com\/#website","url":"https:\/\/cpxzx.com\/","name":"K\u00fchlturm-F\u00fcllung, China PVC-F\u00fcllungen Hersteller","description":"","publisher":{"@id":"https:\/\/cpxzx.com\/#organization"},"potentialAction":[{"@type":"SearchAction","target":{"@type":"EntryPoint","urlTemplate":"https:\/\/cpxzx.com\/?s={search_term_string}"},"query-input":{"@type":"PropertyValueSpecification","valueRequired":true,"valueName":"search_term_string"}}],"inLanguage":"de"},{"@type":"Organization","@id":"https:\/\/cpxzx.com\/#organization","name":"K\u00fchlturm-F\u00fcllung, China PVC-F\u00fcllungen Hersteller","url":"https:\/\/cpxzx.com\/","logo":{"@type":"ImageObject","inLanguage":"de","@id":"https:\/\/cpxzx.com\/#\/schema\/logo\/image\/","url":"https:\/\/cpxzx.com\/wp-content\/uploads\/2025\/07\/1751628807-logo.png","contentUrl":"https:\/\/cpxzx.com\/wp-content\/uploads\/2025\/07\/1751628807-logo.png","width":383,"height":87,"caption":"Cooling Tower Fill, China PVC Fills Manufacturer"},"image":{"@id":"https:\/\/cpxzx.com\/#\/schema\/logo\/image\/"}}]}},"taxonomy_info":{"pcategory":[{"value":27,"label":"Ceramic Balls"}]},"featured_image_src_large":["https:\/\/cpxzx.com\/wp-content\/uploads\/2025\/09\/ceramic-grinding-balls.jpg",550,550,false],"author_info":[],"comment_info":"","_links":{"self":[{"href":"https:\/\/cpxzx.com\/de\/wp-json\/wp\/v2\/product\/3028","targetHints":{"allow":["GET"]}}],"collection":[{"href":"https:\/\/cpxzx.com\/de\/wp-json\/wp\/v2\/product"}],"about":[{"href":"https:\/\/cpxzx.com\/de\/wp-json\/wp\/v2\/types\/product"}],"wp:featuredmedia":[{"embeddable":true,"href":"https:\/\/cpxzx.com\/de\/wp-json\/wp\/v2\/media\/3029"}],"wp:attachment":[{"href":"https:\/\/cpxzx.com\/de\/wp-json\/wp\/v2\/media?parent=3028"}],"wp:term":[{"taxonomy":"pcategory","embeddable":true,"href":"https:\/\/cpxzx.com\/de\/wp-json\/wp\/v2\/pcategory?post=3028"},{"taxonomy":"ptag","embeddable":true,"href":"https:\/\/cpxzx.com\/de\/wp-json\/wp\/v2\/ptag?post=3028"}],"curies":[{"name":"wp","href":"https:\/\/api.w.org\/{rel}","templated":true}]}}