{"id":2976,"date":"2025-09-10T09:30:16","date_gmt":"2025-09-10T09:30:16","guid":{"rendered":"https:\/\/cpxzx.com\/?post_type=product&#038;p=2976"},"modified":"2025-09-07T07:32:10","modified_gmt":"2025-09-07T07:32:10","slug":"metall-auslosering","status":"publish","type":"product","link":"https:\/\/cpxzx.com\/de\/produkt\/metall-auslosering\/","title":{"rendered":"Mutternring aus Metall (SS304, SS316, SS316L, SS410)"},"content":{"rendered":"<p>Die <strong>Metall Nutter Ring<\/strong> wurde 1984 von Dale Nutter als eine neue Art von Hochleistungs-Zufallspackung entwickelt.<br \/>\nEr hat ein einzigartiges sattelf\u00f6rmiges Design mit geb\u00f6rdelten, verst\u00e4rkten Rippen auf beiden Seiten und mehreren L\u00f6chern auf der R\u00fcckseite.<br \/>\nDiese spezielle Struktur verbessert die Oberfl\u00e4chenausnutzung und erh\u00f6ht die Effizienz bei Stoffaustauschprozessen.<\/p>\n<p>Im Vergleich zu herk\u00f6mmlichen Packungen bietet der Metall-Nutterring eine hohe mechanische Festigkeit und eine hervorragende Fl\u00fcssigkeitsverteilung,<br \/>\nund hervorragenden Oberfl\u00e4chenkontakt. Diese Merkmale erm\u00f6glichen k\u00fcrzere F\u00fcllk\u00f6rperbetten, einen geringeren Druckabfall und eine h\u00f6here Betriebseffizienz.<br \/>\nEr findet breite Anwendung in Trockent\u00fcrmen, Absorptionst\u00fcrmen und Wascht\u00fcrmen.<\/p>\n<p>Als professioneller Hersteller von zuf\u00e4lligen Verpackungen liefern wir Nutterringe aus Metall in Edelstahl (SS304, SS316, SS316L, SS410) und Kohlenstoffstahl.<br \/>\nF\u00fcr die verschiedenen Prozessanforderungen in der chemischen, petrochemischen und Umweltindustrie stehen unterschiedliche Materialien zur Verf\u00fcgung.<\/p>\n<h2>Eigenschaften<\/h2>\n<ul>\n<li>Verf\u00fcgbare Materialien: Aluminium, SS304, SS304L, SS316, SS316L, SS410, Kohlenstoffstahl.<\/li>\n<li>Hohe Belastbarkeit bei geringem Druckabfall.<\/li>\n<li>Ausgezeichnete Korrosions- und Hochtemperaturbest\u00e4ndigkeit.<\/li>\n<li>Hohe mechanische Festigkeit und lange Lebensdauer.<\/li>\n<li>Einfache Installation und komfortable Bedienung.<\/li>\n<li>Hohe Abscheidungseffizienz und zuverl\u00e4ssige Leistung.<\/li>\n<\/ul>\n<h2>Spezifikationen<\/h2>\n<p>Der Metal Nutter Ring wird als eine der effizientesten zuf\u00e4lligen Packungen eingestuft.<br \/>\nDurch die hervorragende Oberfl\u00e4chenausnutzung wird ein optimaler Stoff- und W\u00e4rme\u00fcbergang gew\u00e4hrleistet und gleichzeitig die erforderliche Sch\u00fcttguth\u00f6he reduziert.<\/p>\n<table class=\"spec-table\">\n<thead>\n<tr>\n<th>Gr\u00f6\u00dfe (mm)<\/th>\n<th>Dicke (mm)<\/th>\n<th>Sch\u00fcttdichte (kg\/m\u00b3)<\/th>\n<th>Anzahl (pro m\u00b3)<\/th>\n<th>Freies Volumen (%)<\/th>\n<th>Oberfl\u00e4che (m\u00b2\/m\u00b3)<\/th>\n<th>Packungsfaktor (m-\u00b9)<\/th>\n<\/tr>\n<\/thead>\n<tbody>\n<tr>\n<td>15<\/td>\n<td>0.25<\/td>\n<td>280<\/td>\n<td>347000<\/td>\n<td>96.5<\/td>\n<td>305<\/td>\n<td>167<\/td>\n<\/tr>\n<tr>\n<td>25<\/td>\n<td>0.3<\/td>\n<td>255<\/td>\n<td>135000<\/td>\n<td>96.8<\/td>\n<td>241<\/td>\n<td>135<\/td>\n<\/tr>\n<tr>\n<td>40<\/td>\n<td>0.4<\/td>\n<td>231<\/td>\n<td>50200<\/td>\n<td>97.1<\/td>\n<td>161<\/td>\n<td>79<\/td>\n<\/tr>\n<tr>\n<td>50<\/td>\n<td>0.4<\/td>\n<td>149<\/td>\n<td>15000<\/td>\n<td>98.1<\/td>\n<td>104<\/td>\n<td>59<\/td>\n<\/tr>\n<tr>\n<td>60<\/td>\n<td>0.4<\/td>\n<td>142<\/td>\n<td>8400<\/td>\n<td>98.2<\/td>\n<td>85<\/td>\n<td>50<\/td>\n<\/tr>\n<\/tbody>\n<\/table>\n<h2>Vorteile<\/h2>\n<ul>\n<li>Vielseitige Packung f\u00fcr Destillations-, Absorptions- und Regenerationsanlagen.<\/li>\n<li>Gute Leistung sowohl unter Tiefvakuum- als auch unter Hochdruckbedingungen.<\/li>\n<li>Gro\u00dfer Durchsatz, niedriger Druckabfall und hervorragende Stoff\u00fcbertragungseffizienz.<\/li>\n<li>Hohe Betriebsflexibilit\u00e4t, ideal f\u00fcr T\u00fcrme mit kleinen und gro\u00dfen Durchmessern.<\/li>\n<li>Bew\u00e4hrte Leistung bei kritischen Vorg\u00e4ngen, bei denen herk\u00f6mmliche Schalen weniger effizient sind.<\/li>\n<\/ul>\n<p>Wenn Sie sich f\u00fcr den Metal Nutter Ring entscheiden, profitieren Sie von einer zuverl\u00e4ssigen Leistung und einem geringeren Energieverbrauch,<br \/>\nund eine l\u00e4ngere Lebensdauer im Vergleich zu anderen Packungstypen.<\/p>\n<h2>Anwendungen<\/h2>\n<ul>\n<li>Destillationst\u00fcrme<\/li>\n<li>Absorptions- und Wascht\u00fcrme<\/li>\n<li>Desorptions- und Regenerierungssysteme<\/li>\n<li>Umwelttechnische Verfahren<\/li>\n<li>Gasaufbereitungs- und chemische Verarbeitungsanlagen<\/li>\n<\/ul>\n<p>Seine robuste Struktur und sein fortschrittliches Design machen ihn zu einer bevorzugten Wahl f\u00fcr Stoffaustauschger\u00e4te in Branchen wie<br \/>\nErd\u00f6lraffination, chemische D\u00fcngemittelproduktion und Luftreinhaltung.<\/p>\n<h2>Paket<\/h2>\n<p>Um eine sichere Lieferung zu gew\u00e4hrleisten, werden die Nutter Rings aus Metall mit professionellen, umweltfreundlichen und effizienten Verpackungsmethoden verpackt.<br \/>\nZum Schutz der Produkte w\u00e4hrend des Transports und der Lagerung sind ma\u00dfgeschneiderte Verpackungsl\u00f6sungen erh\u00e4ltlich.<\/p>","protected":false},"excerpt":{"rendered":"<p>Der Metall-Nutter-Ring wurde 1984 von Dale Nutter als eine neue Art von Hochleistungs-Dichtungen entwickelt. Er hat ein einzigartiges sattelf\u00f6rmiges Design mit flanschverst\u00e4rkten Rippen auf beiden Seiten und mehreren L\u00f6chern auf der R\u00fcckseite. Diese spezielle Struktur verbessert die Oberfl\u00e4chenausnutzung und erh\u00f6ht die Effizienz bei Stoff\u00fcbertragungsprozessen. Im Vergleich zu herk\u00f6mmlichen Packungen,...<\/p>","protected":false},"featured_media":0,"parent":0,"template":"","meta":{"_acf_changed":false,"_kad_blocks_custom_css":"","_kad_blocks_head_custom_js":"","_kad_blocks_body_custom_js":"","_kad_blocks_footer_custom_js":"","_kadence_starter_templates_imported_post":false,"_kad_post_transparent":"default","_kad_post_title":"","_kad_post_layout":"default","_kad_post_sidebar_id":"","_kad_post_content_style":"default","_kad_post_vertical_padding":"default","_kad_post_feature":"","_kad_post_feature_position":"","_kad_post_header":false,"_kad_post_footer":false},"pcategory":[22,23],"ptag":[],"class_list":["post-2976","product","type-product","status-publish","hentry","pcategory-random-packing","pcategory-metal-random-packing"],"acf":[],"yoast_head":"<!-- This site is optimized with the Yoast SEO plugin v27.4 - https:\/\/yoast.com\/product\/yoast-seo-wordpress\/ -->\n<title>Metal Nutter Ring<\/title>\n<meta name=\"robots\" content=\"index, follow, max-snippet:-1, max-image-preview:large, max-video-preview:-1\" \/>\n<link rel=\"canonical\" href=\"https:\/\/cpxzx.com\/de\/produkt\/metall-auslosering\/\" \/>\n<meta property=\"og:locale\" content=\"de_DE\" \/>\n<meta property=\"og:type\" content=\"article\" \/>\n<meta property=\"og:title\" content=\"Metal Nutter Ring\" \/>\n<meta property=\"og:description\" content=\"The Metal Nutter Ring was designed by Dale Nutter in 1984 as a new type of high-performance random packing. It has a unique saddle-shaped design with flanging reinforced ribs on both sides and several holes on the back. This special structure improves surface utilization and enhances efficiency in mass transfer processes. Compared with traditional packings,...\" \/>\n<meta property=\"og:url\" content=\"https:\/\/cpxzx.com\/de\/produkt\/metall-auslosering\/\" \/>\n<meta property=\"og:site_name\" content=\"Cooling Tower Fill, China PVC Fills Manufacturer\" \/>\n<meta name=\"twitter:card\" content=\"summary_large_image\" \/>\n<meta name=\"twitter:label1\" content=\"Gesch\u00e4tzte Lesezeit\" \/>\n\t<meta name=\"twitter:data1\" content=\"2\u00a0Minuten\" \/>\n<script type=\"application\/ld+json\" class=\"yoast-schema-graph\">{\"@context\":\"https:\\\/\\\/schema.org\",\"@graph\":[{\"@type\":\"WebPage\",\"@id\":\"https:\\\/\\\/cpxzx.com\\\/product\\\/metal-nutter-ring\\\/\",\"url\":\"https:\\\/\\\/cpxzx.com\\\/product\\\/metal-nutter-ring\\\/\",\"name\":\"Metal Nutter Ring\",\"isPartOf\":{\"@id\":\"https:\\\/\\\/cpxzx.com\\\/#website\"},\"datePublished\":\"2025-09-10T09:30:16+00:00\",\"breadcrumb\":{\"@id\":\"https:\\\/\\\/cpxzx.com\\\/product\\\/metal-nutter-ring\\\/#breadcrumb\"},\"inLanguage\":\"de\",\"potentialAction\":[{\"@type\":\"ReadAction\",\"target\":[\"https:\\\/\\\/cpxzx.com\\\/product\\\/metal-nutter-ring\\\/\"]}]},{\"@type\":\"BreadcrumbList\",\"@id\":\"https:\\\/\\\/cpxzx.com\\\/product\\\/metal-nutter-ring\\\/#breadcrumb\",\"itemListElement\":[{\"@type\":\"ListItem\",\"position\":1,\"name\":\"Home\",\"item\":\"https:\\\/\\\/cpxzx.com\\\/\"},{\"@type\":\"ListItem\",\"position\":2,\"name\":\"Random Packing\",\"item\":\"https:\\\/\\\/cpxzx.com\\\/pcategory\\\/random-packing\\\/\"},{\"@type\":\"ListItem\",\"position\":3,\"name\":\"Metal Random Packing\",\"item\":\"https:\\\/\\\/cpxzx.com\\\/pcategory\\\/random-packing\\\/metal-random-packing\\\/\"},{\"@type\":\"ListItem\",\"position\":4,\"name\":\"Metal Nutter Ring(SS304, SS316, SS316L, SS410)\"}]},{\"@type\":\"WebSite\",\"@id\":\"https:\\\/\\\/cpxzx.com\\\/#website\",\"url\":\"https:\\\/\\\/cpxzx.com\\\/\",\"name\":\"Cooling Tower Fill, China PVC Fills Manufacturer\",\"description\":\"\",\"publisher\":{\"@id\":\"https:\\\/\\\/cpxzx.com\\\/#organization\"},\"potentialAction\":[{\"@type\":\"SearchAction\",\"target\":{\"@type\":\"EntryPoint\",\"urlTemplate\":\"https:\\\/\\\/cpxzx.com\\\/?s={search_term_string}\"},\"query-input\":{\"@type\":\"PropertyValueSpecification\",\"valueRequired\":true,\"valueName\":\"search_term_string\"}}],\"inLanguage\":\"de\"},{\"@type\":\"Organization\",\"@id\":\"https:\\\/\\\/cpxzx.com\\\/#organization\",\"name\":\"Cooling Tower Fill, China PVC Fills Manufacturer\",\"url\":\"https:\\\/\\\/cpxzx.com\\\/\",\"logo\":{\"@type\":\"ImageObject\",\"inLanguage\":\"de\",\"@id\":\"https:\\\/\\\/cpxzx.com\\\/#\\\/schema\\\/logo\\\/image\\\/\",\"url\":\"https:\\\/\\\/cpxzx.com\\\/wp-content\\\/uploads\\\/2025\\\/07\\\/1751628807-logo.png\",\"contentUrl\":\"https:\\\/\\\/cpxzx.com\\\/wp-content\\\/uploads\\\/2025\\\/07\\\/1751628807-logo.png\",\"width\":383,\"height\":87,\"caption\":\"Cooling Tower Fill, China PVC Fills Manufacturer\"},\"image\":{\"@id\":\"https:\\\/\\\/cpxzx.com\\\/#\\\/schema\\\/logo\\\/image\\\/\"}}]}<\/script>\n<!-- \/ Yoast SEO plugin. -->","yoast_head_json":{"title":"Metall Nutter Ring","robots":{"index":"index","follow":"follow","max-snippet":"max-snippet:-1","max-image-preview":"max-image-preview:large","max-video-preview":"max-video-preview:-1"},"canonical":"https:\/\/cpxzx.com\/de\/produkt\/metall-auslosering\/","og_locale":"de_DE","og_type":"article","og_title":"Metal Nutter Ring","og_description":"The Metal Nutter Ring was designed by Dale Nutter in 1984 as a new type of high-performance random packing. It has a unique saddle-shaped design with flanging reinforced ribs on both sides and several holes on the back. This special structure improves surface utilization and enhances efficiency in mass transfer processes. Compared with traditional packings,...","og_url":"https:\/\/cpxzx.com\/de\/produkt\/metall-auslosering\/","og_site_name":"Cooling Tower Fill, China PVC Fills Manufacturer","twitter_card":"summary_large_image","twitter_misc":{"Gesch\u00e4tzte Lesezeit":"2\u00a0Minuten"},"schema":{"@context":"https:\/\/schema.org","@graph":[{"@type":"WebPage","@id":"https:\/\/cpxzx.com\/product\/metal-nutter-ring\/","url":"https:\/\/cpxzx.com\/product\/metal-nutter-ring\/","name":"Metall Nutter Ring","isPartOf":{"@id":"https:\/\/cpxzx.com\/#website"},"datePublished":"2025-09-10T09:30:16+00:00","breadcrumb":{"@id":"https:\/\/cpxzx.com\/product\/metal-nutter-ring\/#breadcrumb"},"inLanguage":"de","potentialAction":[{"@type":"ReadAction","target":["https:\/\/cpxzx.com\/product\/metal-nutter-ring\/"]}]},{"@type":"BreadcrumbList","@id":"https:\/\/cpxzx.com\/product\/metal-nutter-ring\/#breadcrumb","itemListElement":[{"@type":"ListItem","position":1,"name":"Home","item":"https:\/\/cpxzx.com\/"},{"@type":"ListItem","position":2,"name":"Random Packing","item":"https:\/\/cpxzx.com\/pcategory\/random-packing\/"},{"@type":"ListItem","position":3,"name":"Metal Random Packing","item":"https:\/\/cpxzx.com\/pcategory\/random-packing\/metal-random-packing\/"},{"@type":"ListItem","position":4,"name":"Metal Nutter Ring(SS304, SS316, SS316L, SS410)"}]},{"@type":"WebSite","@id":"https:\/\/cpxzx.com\/#website","url":"https:\/\/cpxzx.com\/","name":"K\u00fchlturm-F\u00fcllung, China PVC-F\u00fcllungen Hersteller","description":"","publisher":{"@id":"https:\/\/cpxzx.com\/#organization"},"potentialAction":[{"@type":"SearchAction","target":{"@type":"EntryPoint","urlTemplate":"https:\/\/cpxzx.com\/?s={search_term_string}"},"query-input":{"@type":"PropertyValueSpecification","valueRequired":true,"valueName":"search_term_string"}}],"inLanguage":"de"},{"@type":"Organization","@id":"https:\/\/cpxzx.com\/#organization","name":"K\u00fchlturm-F\u00fcllung, China PVC-F\u00fcllungen Hersteller","url":"https:\/\/cpxzx.com\/","logo":{"@type":"ImageObject","inLanguage":"de","@id":"https:\/\/cpxzx.com\/#\/schema\/logo\/image\/","url":"https:\/\/cpxzx.com\/wp-content\/uploads\/2025\/07\/1751628807-logo.png","contentUrl":"https:\/\/cpxzx.com\/wp-content\/uploads\/2025\/07\/1751628807-logo.png","width":383,"height":87,"caption":"Cooling Tower Fill, China PVC Fills Manufacturer"},"image":{"@id":"https:\/\/cpxzx.com\/#\/schema\/logo\/image\/"}}]}},"taxonomy_info":{"pcategory":[{"value":22,"label":"Random Packing"},{"value":23,"label":"Metal Random Packing"}]},"featured_image_src_large":false,"author_info":[],"comment_info":"","_links":{"self":[{"href":"https:\/\/cpxzx.com\/de\/wp-json\/wp\/v2\/product\/2976","targetHints":{"allow":["GET"]}}],"collection":[{"href":"https:\/\/cpxzx.com\/de\/wp-json\/wp\/v2\/product"}],"about":[{"href":"https:\/\/cpxzx.com\/de\/wp-json\/wp\/v2\/types\/product"}],"wp:attachment":[{"href":"https:\/\/cpxzx.com\/de\/wp-json\/wp\/v2\/media?parent=2976"}],"wp:term":[{"taxonomy":"pcategory","embeddable":true,"href":"https:\/\/cpxzx.com\/de\/wp-json\/wp\/v2\/pcategory?post=2976"},{"taxonomy":"ptag","embeddable":true,"href":"https:\/\/cpxzx.com\/de\/wp-json\/wp\/v2\/ptag?post=2976"}],"curies":[{"name":"wp","href":"https:\/\/api.w.org\/{rel}","templated":true}]}}