{"id":2972,"date":"2025-09-09T09:00:02","date_gmt":"2025-09-09T09:00:02","guid":{"rendered":"https:\/\/cpxzx.com\/?post_type=product&#038;p=2972"},"modified":"2025-09-07T07:19:57","modified_gmt":"2025-09-07T07:19:57","slug":"intalox-sattel-aus-metall","status":"publish","type":"product","link":"https:\/\/cpxzx.com\/de\/produkt\/intalox-sattel-aus-metall\/","title":{"rendered":"Intalox-Sattel aus Metall"},"content":{"rendered":"<p><strong>Intalox-Sattel aus Metall<\/strong> ist eine hocheffiziente Art von F\u00fcllk\u00f6rpern zur Verbesserung der Leistung von F\u00fcllk\u00f6rpern in der chemischen, petrochemischen und Umweltindustrie. Sie wurde zuerst von Norton in den Vereinigten Staaten entwickelt und hat seitdem internationale Anerkennung als eine der effektivsten F\u00fcllk\u00f6rperpackungen auf dem Markt erlangt.<\/p>\n<p>Die Struktur des Intalox-Metallsattels vereint die Designvorteile eines Rings und eines Sattels. Sein sattelf\u00f6rmiger K\u00f6rper mit zus\u00e4tzlichen ringf\u00f6rmigen Rippen bietet eine hohe mechanische Festigkeit, reduziert das Risiko von \u00dcberlappungen und erh\u00f6ht die Steifigkeit. Kleine Krallen auf der Oberfl\u00e4che erzeugen Turbulenzen, erh\u00f6hen den Gas-Fl\u00fcssigkeits-Kontakt und steigern die Effizienz des Stoffaustauschs. Diese Konstruktion erm\u00f6glicht eine bessere Trennleistung als herk\u00f6mmliche Packungen wie z. B. Pallringe.<\/p>\n<p>Die Verwendung von Metal Intalox Saddle bietet mehrere Vorteile. Die Turmh\u00f6he kann um bis zu 35%, der S\u00e4ulendurchmesser um 30% und die Effizienz um 10-30% reduziert werden. Au\u00dferdem kann der Druckabfall um 20-60% verringert werden, was den Energieverbrauch und die Betriebskosten senkt. Pilotversuche haben gezeigt, dass durch den Einsatz von Metal Intalox Saddle in Destillationsprozessen auch die Kapitalinvestitionen um etwa 20% gesenkt werden k\u00f6nnen.<\/p>\n<p>Der Intalox-Sattel aus Metall kann aus verschiedenen Materialien hergestellt werden, um den unterschiedlichen Arbeitsbedingungen gerecht zu werden, darunter Kohlenstoffstahl, Edelstahl 304, 304L, 410, 316 und 316L. Diese Flexibilit\u00e4t macht ihn anpassungsf\u00e4hig an viele Arten von korrosiven oder Hochtemperaturumgebungen.<\/p>\n<h2>Eigenschaften<\/h2>\n<ul>\n<li>Hervorragende Stoff\u00fcbertragungseffizienz mit verbesserter Fl\u00fcssigkeitsverteilung und Filmerneuerung.<\/li>\n<li>Die geringere H\u00f6he des F\u00fcllk\u00f6rpers verringert die Gesamtgr\u00f6\u00dfe des Turms.<\/li>\n<li>Hohes Festigkeits-\/Gewichtsverh\u00e4ltnis, geeignet f\u00fcr Betten mit einer H\u00f6he von bis zu 15 Metern.<\/li>\n<li>Die gleichm\u00e4\u00dfige, zuf\u00e4llige Packung gew\u00e4hrleistet eine konsistente und vorhersehbare Leistung.<\/li>\n<li>Das Design der frei flie\u00dfenden Partikel erleichtert die Installation und den Ausbau.<\/li>\n<li>Hohe Leistung bei geringem Druckabfall auch in anspruchsvollen Anwendungen.<\/li>\n<li>Eine gro\u00dfe Grenzfl\u00e4che verbessert die Trennleistung.<\/li>\n<li>Erh\u00e4ltlich in verschiedenen Materialien wie Kohlenstoffstahl, SS304, SS304L, SS410, SS316 und SS316L.<\/li>\n<\/ul>\n<h2>Spezifikation<\/h2>\n<p>Die Form des Metal Intalox Saddle ist eine einzigartige Mischung aus Ring- und Satteldesign. Dieser strukturelle Vorteil verbessert die Gas- und Fl\u00fcssigkeitsverteilung innerhalb der S\u00e4ule und erh\u00f6ht die Anzahl der Gasdurchg\u00e4nge. Das Ergebnis ist ein geringerer Widerstand, ein h\u00f6herer Durchsatz und eine verbesserte Effizienz im Vergleich zu Pallringen. Aufgrund ihrer hohen Festigkeit und Langlebigkeit gilt sie als eine der weltweit am h\u00e4ufigsten verwendeten F\u00fcllk\u00f6rperpackungen.<\/p>\n<p>Metal Intalox Saddle wird h\u00e4ufig in der Petrochemie, der D\u00fcngemittelproduktion und im Umweltschutz eingesetzt. Er wird in Absorptionst\u00fcrmen, Reinigungst\u00fcrmen, Wascht\u00fcrmen, Rektifikationssystemen und anderen F\u00fcllk\u00f6rperkolonnen eingesetzt, wo hohe Effizienz und Zuverl\u00e4ssigkeit erforderlich sind.<\/p>\n<h2>Technische Parameter des Intalox-Sattels aus Metall<\/h2>\n<table border=\"1\" cellspacing=\"0\" cellpadding=\"6\">\n<tbody>\n<tr>\n<th>Gr\u00f6\u00dfe (mm)<\/th>\n<th>Sch\u00fcttdichte (304, kg\/m\u00b3)<\/th>\n<th>Anzahl (pro m\u00b3)<\/th>\n<th>Oberfl\u00e4che (m\u00b2\/m\u00b3)<\/th>\n<th>Freies Volumen (%)<\/th>\n<th>Trockenpackungsfaktor m-\u00b9<\/th>\n<\/tr>\n<tr>\n<td>15mm 16,5*10,6*0,3<\/td>\n<td>263<\/td>\n<td>324110<\/td>\n<td>275<\/td>\n<td>96.7<\/td>\n<td>304.9<\/td>\n<\/tr>\n<tr>\n<td>25mm 25.9*12.6*0.3<\/td>\n<td>192<\/td>\n<td>127180<\/td>\n<td>344<\/td>\n<td>95.5<\/td>\n<td>393.2<\/td>\n<\/tr>\n<tr>\n<td>40mm 35.4*18.8*0.3<\/td>\n<td>146<\/td>\n<td>51180<\/td>\n<td>151<\/td>\n<td>98.1<\/td>\n<td>159.7<\/td>\n<\/tr>\n<tr>\n<td>50mm 48.5*28.6*0.3<\/td>\n<td>95<\/td>\n<td>15550<\/td>\n<td>97<\/td>\n<td>98.8<\/td>\n<td>101.0<\/td>\n<\/tr>\n<tr>\n<td>50mm 48.5*28.6*0.4<\/td>\n<td>132<\/td>\n<td>15550<\/td>\n<td>97<\/td>\n<td>98.3<\/td>\n<td>102.5<\/td>\n<\/tr>\n<tr>\n<td>60mm 67*37*0.4<\/td>\n<td>113<\/td>\n<td>9000<\/td>\n<td>84<\/td>\n<td>98.6<\/td>\n<td>87.3<\/td>\n<\/tr>\n<tr>\n<td>60mm 67*37*0.5<\/td>\n<td>145<\/td>\n<td>9000<\/td>\n<td>84<\/td>\n<td>98.2<\/td>\n<td>88.4<\/td>\n<\/tr>\n<tr>\n<td>70mm 76.5*42.5*0.4<\/td>\n<td>83<\/td>\n<td>4690<\/td>\n<td>61<\/td>\n<td>99.0<\/td>\n<td>62.9<\/td>\n<\/tr>\n<\/tbody>\n<\/table>\n<h2>Vorteile<\/h2>\n<ul>\n<li>Vielseitig einsetzbare F\u00fcllk\u00f6rper f\u00fcr Destillations-, Absorptions-, Stripp-, Regenerations- und Desorptionssysteme.<\/li>\n<li>Einsetzbar sowohl in Tiefvakuumt\u00fcrmen als auch in Hochdruckkolonnen.<\/li>\n<li>Hervorragende Fl\u00e4chennutzung und hohe Betriebsflexibilit\u00e4t.<\/li>\n<li>Gro\u00dfes Fassungsverm\u00f6gen und geringer Druckverlust im Vergleich zu herk\u00f6mmlichen Schalen.<\/li>\n<li>Ein stabiler Betrieb reduziert den Energieverbrauch und die Betriebskosten.<\/li>\n<li>Die hohe Zuverl\u00e4ssigkeit gew\u00e4hrleistet eine lange Lebensdauer und eine konstante Trennleistung.<\/li>\n<\/ul>\n<h2>Anmeldung<\/h2>\n<p>Metal Intalox Saddle wird aufgrund seiner \u00fcberragenden Effizienz und Anpassungsf\u00e4higkeit in einer Vielzahl von Branchen eingesetzt. In petrochemischen Anlagen wird er in Trenn- und Reinigungssystemen eingesetzt. In der Gasaufbereitung wird er f\u00fcr Absorptions- und Desorptionsvorg\u00e4nge verwendet. Er wird auch in Rektifikations- und Destillationst\u00fcrmen f\u00fcr Raffinerieprozesse eingesetzt. In der Umwelttechnik wird er in Reinigungst\u00fcrmen und Abgasreinigungssystemen eingesetzt. Dar\u00fcber hinaus ist der Metal Intalox Saddle ein wesentlicher Bestandteil in der D\u00fcngemittelproduktion und der chemischen Verarbeitung, wo eine zuverl\u00e4ssige Effizienz des Stoffaustauschs erforderlich ist.<\/p>\n<h2>Paket<\/h2>\n<p>Der Intalox-Metallsattel wird in strapazierf\u00e4higen Gewebes\u00e4cken, Jumbos\u00e4cken oder in kundenspezifischen Verpackungen verpackt. Die Verpackung ist so konzipiert, dass die Verpackung w\u00e4hrend des Transports und der Handhabung vor Sch\u00e4den gesch\u00fctzt ist. Sie gew\u00e4hrleistet au\u00dferdem eine einfache Lagerung und sichere Installation am Projektstandort. F\u00fcr Sendungen nach \u00dcbersee k\u00f6nnen spezielle Exportverpackungen angeboten werden, um die Unversehrtheit des Produkts bei der Lieferung zu gew\u00e4hrleisten.<\/p>","protected":false},"excerpt":{"rendered":"<p>Der Metall-Intalox-Sattel ist eine effiziente Art von F\u00fcllk\u00f6rpern, die in der chemischen und petrochemischen Industrie sowie in der Umweltindustrie weit verbreitet ist. Ihr einzigartiges sattelf\u00f6rmiges Design mit zus\u00e4tzlichen Rippen sorgt f\u00fcr hohe Festigkeit, geringen Druckabfall und hervorragende Stoffaustauschleistung. Im Vergleich zu herk\u00f6mmlichen F\u00fcllk\u00f6rpern bietet er eine h\u00f6here Kapazit\u00e4t, eine k\u00fcrzere Turmh\u00f6he und eine verbesserte Abscheideleistung. Der Metall-Intalox-Sattel ist in Materialien wie Kohlenstoffstahl, SS304, SS316 und anderen erh\u00e4ltlich und eignet sich f\u00fcr eine Vielzahl von Anwendungen wie Destillation, Absorption und Reinigungsprozesse.<\/p>","protected":false},"featured_media":2973,"parent":0,"template":"","meta":{"_acf_changed":false,"_kad_blocks_custom_css":"","_kad_blocks_head_custom_js":"","_kad_blocks_body_custom_js":"","_kad_blocks_footer_custom_js":"","_kadence_starter_templates_imported_post":false,"_kad_post_transparent":"default","_kad_post_title":"","_kad_post_layout":"default","_kad_post_sidebar_id":"","_kad_post_content_style":"default","_kad_post_vertical_padding":"default","_kad_post_feature":"","_kad_post_feature_position":"","_kad_post_header":false,"_kad_post_footer":false},"pcategory":[22,23],"ptag":[],"class_list":["post-2972","product","type-product","status-publish","has-post-thumbnail","hentry","pcategory-random-packing","pcategory-metal-random-packing"],"acf":[],"yoast_head":"<!-- This site is optimized with the Yoast SEO plugin v27.4 - https:\/\/yoast.com\/product\/yoast-seo-wordpress\/ -->\n<title>Metal Intalox Saddle<\/title>\n<meta name=\"robots\" content=\"index, follow, max-snippet:-1, max-image-preview:large, max-video-preview:-1\" \/>\n<link rel=\"canonical\" href=\"https:\/\/cpxzx.com\/de\/produkt\/intalox-sattel-aus-metall\/\" \/>\n<meta property=\"og:locale\" content=\"de_DE\" \/>\n<meta property=\"og:type\" content=\"article\" \/>\n<meta property=\"og:title\" content=\"Metal Intalox Saddle\" \/>\n<meta property=\"og:description\" content=\"Metal Intalox Saddle is an efficient type of random packing widely used in chemical, petrochemical, and environmental industries. Its unique saddle-shaped design with added ribs provides high strength, low pressure drop, and excellent mass transfer performance. Compared with traditional packings, it offers higher capacity, shorter tower height, and improved separation efficiency. Metal Intalox Saddle is available in materials such as carbon steel, SS304, SS316, and others, making it suitable for a wide range of applications including distillation, absorption, and purification processes.\" \/>\n<meta property=\"og:url\" content=\"https:\/\/cpxzx.com\/de\/produkt\/intalox-sattel-aus-metall\/\" \/>\n<meta property=\"og:site_name\" content=\"Cooling Tower Fill, China PVC Fills Manufacturer\" \/>\n<meta property=\"og:image\" content=\"https:\/\/cpxzx.com\/wp-content\/uploads\/2025\/09\/Metal-Intalox-Saddle.jpg\" \/>\n\t<meta property=\"og:image:width\" content=\"550\" \/>\n\t<meta property=\"og:image:height\" content=\"550\" \/>\n\t<meta property=\"og:image:type\" content=\"image\/jpeg\" \/>\n<meta name=\"twitter:card\" content=\"summary_large_image\" \/>\n<meta name=\"twitter:label1\" content=\"Gesch\u00e4tzte Lesezeit\" \/>\n\t<meta name=\"twitter:data1\" content=\"4\u00a0Minuten\" \/>\n<script type=\"application\/ld+json\" class=\"yoast-schema-graph\">{\"@context\":\"https:\\\/\\\/schema.org\",\"@graph\":[{\"@type\":\"WebPage\",\"@id\":\"https:\\\/\\\/cpxzx.com\\\/product\\\/metal-intalox-saddle\\\/\",\"url\":\"https:\\\/\\\/cpxzx.com\\\/product\\\/metal-intalox-saddle\\\/\",\"name\":\"Metal Intalox Saddle\",\"isPartOf\":{\"@id\":\"https:\\\/\\\/cpxzx.com\\\/#website\"},\"primaryImageOfPage\":{\"@id\":\"https:\\\/\\\/cpxzx.com\\\/product\\\/metal-intalox-saddle\\\/#primaryimage\"},\"image\":{\"@id\":\"https:\\\/\\\/cpxzx.com\\\/product\\\/metal-intalox-saddle\\\/#primaryimage\"},\"thumbnailUrl\":\"https:\\\/\\\/cpxzx.com\\\/wp-content\\\/uploads\\\/2025\\\/09\\\/Metal-Intalox-Saddle.jpg\",\"datePublished\":\"2025-09-09T09:00:02+00:00\",\"breadcrumb\":{\"@id\":\"https:\\\/\\\/cpxzx.com\\\/product\\\/metal-intalox-saddle\\\/#breadcrumb\"},\"inLanguage\":\"de\",\"potentialAction\":[{\"@type\":\"ReadAction\",\"target\":[\"https:\\\/\\\/cpxzx.com\\\/product\\\/metal-intalox-saddle\\\/\"]}]},{\"@type\":\"ImageObject\",\"inLanguage\":\"de\",\"@id\":\"https:\\\/\\\/cpxzx.com\\\/product\\\/metal-intalox-saddle\\\/#primaryimage\",\"url\":\"https:\\\/\\\/cpxzx.com\\\/wp-content\\\/uploads\\\/2025\\\/09\\\/Metal-Intalox-Saddle.jpg\",\"contentUrl\":\"https:\\\/\\\/cpxzx.com\\\/wp-content\\\/uploads\\\/2025\\\/09\\\/Metal-Intalox-Saddle.jpg\",\"width\":550,\"height\":550,\"caption\":\"Metal Intalox Saddle\"},{\"@type\":\"BreadcrumbList\",\"@id\":\"https:\\\/\\\/cpxzx.com\\\/product\\\/metal-intalox-saddle\\\/#breadcrumb\",\"itemListElement\":[{\"@type\":\"ListItem\",\"position\":1,\"name\":\"Home\",\"item\":\"https:\\\/\\\/cpxzx.com\\\/\"},{\"@type\":\"ListItem\",\"position\":2,\"name\":\"Random Packing\",\"item\":\"https:\\\/\\\/cpxzx.com\\\/pcategory\\\/random-packing\\\/\"},{\"@type\":\"ListItem\",\"position\":3,\"name\":\"Metal Random Packing\",\"item\":\"https:\\\/\\\/cpxzx.com\\\/pcategory\\\/random-packing\\\/metal-random-packing\\\/\"},{\"@type\":\"ListItem\",\"position\":4,\"name\":\"Metal Intalox Saddle\"}]},{\"@type\":\"WebSite\",\"@id\":\"https:\\\/\\\/cpxzx.com\\\/#website\",\"url\":\"https:\\\/\\\/cpxzx.com\\\/\",\"name\":\"Cooling Tower Fill, China PVC Fills Manufacturer\",\"description\":\"\",\"publisher\":{\"@id\":\"https:\\\/\\\/cpxzx.com\\\/#organization\"},\"potentialAction\":[{\"@type\":\"SearchAction\",\"target\":{\"@type\":\"EntryPoint\",\"urlTemplate\":\"https:\\\/\\\/cpxzx.com\\\/?s={search_term_string}\"},\"query-input\":{\"@type\":\"PropertyValueSpecification\",\"valueRequired\":true,\"valueName\":\"search_term_string\"}}],\"inLanguage\":\"de\"},{\"@type\":\"Organization\",\"@id\":\"https:\\\/\\\/cpxzx.com\\\/#organization\",\"name\":\"Cooling Tower Fill, China PVC Fills Manufacturer\",\"url\":\"https:\\\/\\\/cpxzx.com\\\/\",\"logo\":{\"@type\":\"ImageObject\",\"inLanguage\":\"de\",\"@id\":\"https:\\\/\\\/cpxzx.com\\\/#\\\/schema\\\/logo\\\/image\\\/\",\"url\":\"https:\\\/\\\/cpxzx.com\\\/wp-content\\\/uploads\\\/2025\\\/07\\\/1751628807-logo.png\",\"contentUrl\":\"https:\\\/\\\/cpxzx.com\\\/wp-content\\\/uploads\\\/2025\\\/07\\\/1751628807-logo.png\",\"width\":383,\"height\":87,\"caption\":\"Cooling Tower Fill, China PVC Fills Manufacturer\"},\"image\":{\"@id\":\"https:\\\/\\\/cpxzx.com\\\/#\\\/schema\\\/logo\\\/image\\\/\"}}]}<\/script>\n<!-- \/ Yoast SEO plugin. -->","yoast_head_json":{"title":"Intalox-Sattel aus Metall","robots":{"index":"index","follow":"follow","max-snippet":"max-snippet:-1","max-image-preview":"max-image-preview:large","max-video-preview":"max-video-preview:-1"},"canonical":"https:\/\/cpxzx.com\/de\/produkt\/intalox-sattel-aus-metall\/","og_locale":"de_DE","og_type":"article","og_title":"Metal Intalox Saddle","og_description":"Metal Intalox Saddle is an efficient type of random packing widely used in chemical, petrochemical, and environmental industries. Its unique saddle-shaped design with added ribs provides high strength, low pressure drop, and excellent mass transfer performance. Compared with traditional packings, it offers higher capacity, shorter tower height, and improved separation efficiency. Metal Intalox Saddle is available in materials such as carbon steel, SS304, SS316, and others, making it suitable for a wide range of applications including distillation, absorption, and purification processes.","og_url":"https:\/\/cpxzx.com\/de\/produkt\/intalox-sattel-aus-metall\/","og_site_name":"Cooling Tower Fill, China PVC Fills Manufacturer","og_image":[{"width":550,"height":550,"url":"https:\/\/cpxzx.com\/wp-content\/uploads\/2025\/09\/Metal-Intalox-Saddle.jpg","type":"image\/jpeg"}],"twitter_card":"summary_large_image","twitter_misc":{"Gesch\u00e4tzte Lesezeit":"4\u00a0Minuten"},"schema":{"@context":"https:\/\/schema.org","@graph":[{"@type":"WebPage","@id":"https:\/\/cpxzx.com\/product\/metal-intalox-saddle\/","url":"https:\/\/cpxzx.com\/product\/metal-intalox-saddle\/","name":"Intalox-Sattel aus Metall","isPartOf":{"@id":"https:\/\/cpxzx.com\/#website"},"primaryImageOfPage":{"@id":"https:\/\/cpxzx.com\/product\/metal-intalox-saddle\/#primaryimage"},"image":{"@id":"https:\/\/cpxzx.com\/product\/metal-intalox-saddle\/#primaryimage"},"thumbnailUrl":"https:\/\/cpxzx.com\/wp-content\/uploads\/2025\/09\/Metal-Intalox-Saddle.jpg","datePublished":"2025-09-09T09:00:02+00:00","breadcrumb":{"@id":"https:\/\/cpxzx.com\/product\/metal-intalox-saddle\/#breadcrumb"},"inLanguage":"de","potentialAction":[{"@type":"ReadAction","target":["https:\/\/cpxzx.com\/product\/metal-intalox-saddle\/"]}]},{"@type":"ImageObject","inLanguage":"de","@id":"https:\/\/cpxzx.com\/product\/metal-intalox-saddle\/#primaryimage","url":"https:\/\/cpxzx.com\/wp-content\/uploads\/2025\/09\/Metal-Intalox-Saddle.jpg","contentUrl":"https:\/\/cpxzx.com\/wp-content\/uploads\/2025\/09\/Metal-Intalox-Saddle.jpg","width":550,"height":550,"caption":"Metal Intalox Saddle"},{"@type":"BreadcrumbList","@id":"https:\/\/cpxzx.com\/product\/metal-intalox-saddle\/#breadcrumb","itemListElement":[{"@type":"ListItem","position":1,"name":"Home","item":"https:\/\/cpxzx.com\/"},{"@type":"ListItem","position":2,"name":"Random Packing","item":"https:\/\/cpxzx.com\/pcategory\/random-packing\/"},{"@type":"ListItem","position":3,"name":"Metal Random Packing","item":"https:\/\/cpxzx.com\/pcategory\/random-packing\/metal-random-packing\/"},{"@type":"ListItem","position":4,"name":"Metal Intalox Saddle"}]},{"@type":"WebSite","@id":"https:\/\/cpxzx.com\/#website","url":"https:\/\/cpxzx.com\/","name":"K\u00fchlturm-F\u00fcllung, China PVC-F\u00fcllungen Hersteller","description":"","publisher":{"@id":"https:\/\/cpxzx.com\/#organization"},"potentialAction":[{"@type":"SearchAction","target":{"@type":"EntryPoint","urlTemplate":"https:\/\/cpxzx.com\/?s={search_term_string}"},"query-input":{"@type":"PropertyValueSpecification","valueRequired":true,"valueName":"search_term_string"}}],"inLanguage":"de"},{"@type":"Organization","@id":"https:\/\/cpxzx.com\/#organization","name":"K\u00fchlturm-F\u00fcllung, China PVC-F\u00fcllungen Hersteller","url":"https:\/\/cpxzx.com\/","logo":{"@type":"ImageObject","inLanguage":"de","@id":"https:\/\/cpxzx.com\/#\/schema\/logo\/image\/","url":"https:\/\/cpxzx.com\/wp-content\/uploads\/2025\/07\/1751628807-logo.png","contentUrl":"https:\/\/cpxzx.com\/wp-content\/uploads\/2025\/07\/1751628807-logo.png","width":383,"height":87,"caption":"Cooling Tower Fill, China PVC Fills Manufacturer"},"image":{"@id":"https:\/\/cpxzx.com\/#\/schema\/logo\/image\/"}}]}},"taxonomy_info":{"pcategory":[{"value":22,"label":"Random Packing"},{"value":23,"label":"Metal Random Packing"}]},"featured_image_src_large":["https:\/\/cpxzx.com\/wp-content\/uploads\/2025\/09\/Metal-Intalox-Saddle.jpg",550,550,false],"author_info":[],"comment_info":"","_links":{"self":[{"href":"https:\/\/cpxzx.com\/de\/wp-json\/wp\/v2\/product\/2972","targetHints":{"allow":["GET"]}}],"collection":[{"href":"https:\/\/cpxzx.com\/de\/wp-json\/wp\/v2\/product"}],"about":[{"href":"https:\/\/cpxzx.com\/de\/wp-json\/wp\/v2\/types\/product"}],"wp:featuredmedia":[{"embeddable":true,"href":"https:\/\/cpxzx.com\/de\/wp-json\/wp\/v2\/media\/2973"}],"wp:attachment":[{"href":"https:\/\/cpxzx.com\/de\/wp-json\/wp\/v2\/media?parent=2972"}],"wp:term":[{"taxonomy":"pcategory","embeddable":true,"href":"https:\/\/cpxzx.com\/de\/wp-json\/wp\/v2\/pcategory?post=2972"},{"taxonomy":"ptag","embeddable":true,"href":"https:\/\/cpxzx.com\/de\/wp-json\/wp\/v2\/ptag?post=2972"}],"curies":[{"name":"wp","href":"https:\/\/api.w.org\/{rel}","templated":true}]}}