{"id":2949,"date":"2025-09-05T07:54:05","date_gmt":"2025-09-05T07:54:05","guid":{"rendered":"https:\/\/cpxzx.com\/?post_type=product&#038;p=2949"},"modified":"2025-09-05T07:59:00","modified_gmt":"2025-09-05T07:59:00","slug":"metal-conjugate-ring","status":"publish","type":"product","link":"https:\/\/cpxzx.com\/de\/produkt\/metal-conjugate-ring\/","title":{"rendered":"304 316 Metall Konjugierter Ring"},"content":{"rendered":"<p><strong>Metallkonjugat-Ring<\/strong> ist eine neue Generation von F\u00fcllk\u00f6rpern, die die Vorteile des Raschig-Rings und des Intalox-Sattels vereint. Er hat eine geeignete B\u00f6rdelstruktur und ein optimiertes Durchmesserverh\u00e4ltnis. Aufgrund seines speziellen Designs ist der Kontakt zwischen Packung zu Packung und Packung zu Turmwand ausreichend und gleichm\u00e4\u00dfig, ohne das Problem der Intussuszeption. Diese Konstruktion verbessert die Hydrodynamik und erh\u00f6ht die Stoffaustauschleistung.<\/p>\n<p>Bei der Bef\u00fcllung eines F\u00fcllk\u00f6rperturms sind die Metallkonjugatringe oft gerichtet angeordnet, \u00e4hnlich wie bei strukturierten Packungen. Dies f\u00fchrt zu einer gro\u00dfen Fl\u00fcssigkeitsdurchflusskapazit\u00e4t, einem geringen Druckabfall und einer hohen Stoff\u00fcbertragungseffizienz. Im Vergleich zu herk\u00f6mmlichen F\u00fcllk\u00f6rpern hat der Metallkonjugatring eine gr\u00f6\u00dfere effektive Oberfl\u00e4che, was die Trennwirkung in verschiedenen Prozessen erh\u00f6ht.<\/p>\n<p>Der Metallkonjugatring wird aus hochwertigen Metallen wie Kohlenstoffstahl, Edelstahl 304, 304L, 410, 316 und 316L hergestellt. Es hat eine ausgezeichnete Best\u00e4ndigkeit gegen Hitze und Korrosion. Dieses Dichtungsmaterial findet breite Anwendung in der Alkalichloridindustrie, Erd\u00f6lindustrie, Kohlegasindustrie, chemischen Industrie und Umweltschutzindustrie. Mit seinen fortschrittlichen strukturellen Vorteilen ist der Metallkonjugatring zu einer der effektivsten Arten von Metallpackungen geworden.<\/p>\n<p>Als Kombination aus Ring- und Sattelstruktur bietet der Metallkonjugatring im Vergleich zu herk\u00f6mmlichen Sattel- oder Ringpackungen eine h\u00f6here Effizienz und st\u00e4rkere Leistung. Er eignet sich f\u00fcr den anspruchsvollen Einsatz in Hochdruckt\u00fcrmen und Vakuumt\u00fcrmen. Seine Haltbarkeit und Druckfestigkeit machen ihn zu einer zuverl\u00e4ssigen L\u00f6sung f\u00fcr moderne verfahrenstechnische Anwendungen.<\/p>\n<h2>Eigenschaften<\/h2>\n<ul>\n<li>Materialien: Kohlenstoffstahl, SS304, SS304L, SS410, SS316, SS316L, etc.<\/li>\n<li>Hoher Fl\u00fcssigkeitsdurchfluss, hervorragende Qualit\u00e4t und hohe Effizienz<\/li>\n<li>Hohe Brechkraft und einfache Bedienung<\/li>\n<li>\u00dcberlegene Hydrodynamik und Stoffaustauschleistung<\/li>\n<li>D\u00fcnne Wand und geringe Sch\u00fcttdichte<\/li>\n<li>Niedriger Druckverlust<\/li>\n<li>Hohe mechanische Festigkeit und Haltbarkeit<\/li>\n<li>Gro\u00dfe effektive Grenzfl\u00e4chenfl\u00e4che<\/li>\n<li>Hervorragende Abscheidungs- und Stoff\u00fcbertragungseffizienz<\/li>\n<li>Kosteng\u00fcnstige L\u00f6sung f\u00fcr Industriet\u00fcrme<\/li>\n<\/ul>\n<h2>Spezifikation<\/h2>\n<p>Der Metallkonjugatring kombiniert die Vorteile von Ring- und Satteldichtungen. Er bietet eine gro\u00dfe Fl\u00fcssigkeitsaufnahmekapazit\u00e4t, einen geringen Druckabfall und eine hohe Trennleistung. Aufgrund dieser Eigenschaften wird er h\u00e4ufig in der Petrochemie, der D\u00fcngemittelproduktion und im Umweltschutz eingesetzt. Zu den typischen Anwendungen geh\u00f6ren Dampfreinigungst\u00fcrme, Reinigungst\u00fcrme, Absorptionst\u00fcrme und Strippingsysteme.<\/p>\n<p>Der Metallkonjugatring ist f\u00fcr Hochdruck- und Vakuumt\u00fcrme geeignet. Er wird \u00fcblicherweise in Destillations-, Entschwefelungs- und Entkohlungsprozessen eingesetzt. Diese Packung wird auch in der chemischen Industrie, in der Metallurgie und in verschiedenen Umweltschutzsystemen eingesetzt. Ihre Leistungsf\u00e4higkeit macht sie zu einer bevorzugten Wahl f\u00fcr moderne industrielle F\u00fcllk\u00f6rperkolonnen.<\/p>\n<h2>Technische Parameter f\u00fcr Metallkonjugat-Ring<\/h2>\n<table border=\"1\" cellspacing=\"0\" cellpadding=\"6\">\n<thead>\n<tr>\n<th>Gr\u00f6\u00dfe (mm)<\/th>\n<th>Spezifische Oberfl\u00e4che (m\u00b2\/m\u00b3)<\/th>\n<th>Leerraum-Anteil (%)<\/th>\n<th>Packst\u00fcckzahl (St\u00fcck\/m\u00b3)<\/th>\n<th>Sch\u00fcttdichte (kg\/m\u00b3)<\/th>\n<\/tr>\n<\/thead>\n<tbody>\n<tr>\n<td>16*16*0.4<\/td>\n<td>313<\/td>\n<td>97<\/td>\n<td>211250<\/td>\n<td>354<\/td>\n<\/tr>\n<tr>\n<td>25*25*0.5<\/td>\n<td>185<\/td>\n<td>95<\/td>\n<td>75000<\/td>\n<td>216<\/td>\n<\/tr>\n<tr>\n<td>38*38*0.8<\/td>\n<td>116<\/td>\n<td>96<\/td>\n<td>19500<\/td>\n<td>131<\/td>\n<\/tr>\n<tr>\n<td>50*50*0.8<\/td>\n<td>86<\/td>\n<td>96<\/td>\n<td>9772<\/td>\n<td>97<\/td>\n<\/tr>\n<tr>\n<td>80*80*0.8<\/td>\n<td>81<\/td>\n<td>95<\/td>\n<td>3980<\/td>\n<td>94.5<\/td>\n<\/tr>\n<\/tbody>\n<\/table>\n<h2>Vorteile<\/h2>\n<ul>\n<li>Geringer Druckabfall \u00fcber das F\u00fcllk\u00f6rperbett<\/li>\n<li>Hoher Fl\u00fcssigkeitsfluss und starke Trennleistung<\/li>\n<li>Hervorragender hydrodynamischer Wirkungsgrad und Stoffaustausch<\/li>\n<li>Langlebig, kosteneffizient und leicht zu warten<\/li>\n<\/ul>\n<h2>Anwendungen Tower Packing Metallische konjugierte Ringe<\/h2>\n<p>Metallkonjugierte Ringe finden breite Anwendung in petrochemischen Anlagen, D\u00fcngemittelproduktionsanlagen und Umweltschutzsystemen. Er wird in Absorptionst\u00fcrmen, Reinigungst\u00fcrmen und Strippt\u00fcrmen verwendet. In der Erd\u00f6lraffination spielt er eine wichtige Rolle bei der Entschwefelung und Entkohlung. In der chemischen Verarbeitung ist es sowohl f\u00fcr Hochdruck- als auch f\u00fcr Vakuumverfahren geeignet. Seine Vielseitigkeit macht den Metallkonjugatring zu einer zuverl\u00e4ssigen Wahl f\u00fcr verschiedene Branchen.<\/p>\n<h2>Paket<\/h2>\n<p>Metallkonjugat-Ring ist sicher in Gewebes\u00e4cken, Kunststofff\u00e4ssern oder Stahlf\u00e4ssern verpackt. Die Verpackung gew\u00e4hrleistet sichere Handhabung, Lagerung und Transport. Kundenspezifische Verpackungsoptionen sind auf Anfrage erh\u00e4ltlich. Die Standardlieferzeit betr\u00e4gt in der Regel einige Wochen, wobei der Versand per Schiff oder Flugzeug m\u00f6glich ist.<\/p>","protected":false},"excerpt":{"rendered":"<p>Metal Conjugate Ring is a high-performance random tower packing that combines the advantages of Raschig rings and Intalox saddles. Its special structure provides proper flanging, optimized diameter ratio, and uniform contact between packing and tower wall. This design ensures excellent liquid distribution, low pressure drop, and high mass transfer efficiency.<\/p>\n<p>Made of carbon steel, stainless steel 304, 304L, 410, 316, 316L, and other alloys, Metal Conjugate Ring offers strong heat and corrosion resistance. It is widely applied in petrochemical, chemical, fertilizer, and environmental industries, making it one of the most efficient and reliable random packings for modern tower applications.<\/p>","protected":false},"featured_media":2951,"parent":0,"template":"","meta":{"_acf_changed":false,"_kad_blocks_custom_css":"","_kad_blocks_head_custom_js":"","_kad_blocks_body_custom_js":"","_kad_blocks_footer_custom_js":"","_kadence_starter_templates_imported_post":false,"_kad_post_transparent":"default","_kad_post_title":"","_kad_post_layout":"default","_kad_post_sidebar_id":"","_kad_post_content_style":"default","_kad_post_vertical_padding":"default","_kad_post_feature":"","_kad_post_feature_position":"","_kad_post_header":false,"_kad_post_footer":false},"pcategory":[22,23],"ptag":[],"class_list":["post-2949","product","type-product","status-publish","has-post-thumbnail","hentry","pcategory-random-packing","pcategory-metal-random-packing"],"acf":[],"yoast_head":"<!-- This site is optimized with the Yoast SEO plugin v27.4 - https:\/\/yoast.com\/product\/yoast-seo-wordpress\/ -->\n<title>Metal Conjugate Ring<\/title>\n<meta name=\"robots\" content=\"index, follow, max-snippet:-1, max-image-preview:large, max-video-preview:-1\" \/>\n<link rel=\"canonical\" href=\"https:\/\/cpxzx.com\/de\/produkt\/metal-conjugate-ring\/\" \/>\n<meta property=\"og:locale\" content=\"de_DE\" \/>\n<meta property=\"og:type\" content=\"article\" \/>\n<meta property=\"og:title\" content=\"Metal Conjugate Ring\" \/>\n<meta property=\"og:description\" content=\"Metal Conjugate Ring is a high-performance random tower packing that combines the advantages of Raschig rings and Intalox saddles. Its special structure provides proper flanging, optimized diameter ratio, and uniform contact between packing and tower wall. This design ensures excellent liquid distribution, low pressure drop, and high mass transfer efficiency.  Made of carbon steel, stainless steel 304, 304L, 410, 316, 316L, and other alloys, Metal Conjugate Ring offers strong heat and corrosion resistance. It is widely applied in petrochemical, chemical, fertilizer, and environmental industries, making it one of the most efficient and reliable random packings for modern tower applications.\" \/>\n<meta property=\"og:url\" content=\"https:\/\/cpxzx.com\/de\/produkt\/metal-conjugate-ring\/\" \/>\n<meta property=\"og:site_name\" content=\"Cooling Tower Fill, China PVC Fills Manufacturer\" \/>\n<meta property=\"article:modified_time\" content=\"2025-09-05T07:59:00+00:00\" \/>\n<meta property=\"og:image\" content=\"https:\/\/cpxzx.com\/wp-content\/uploads\/2025\/09\/Metal-conjugate-ring.jpg\" \/>\n\t<meta property=\"og:image:width\" content=\"550\" \/>\n\t<meta property=\"og:image:height\" content=\"550\" \/>\n\t<meta property=\"og:image:type\" content=\"image\/jpeg\" \/>\n<meta name=\"twitter:card\" content=\"summary_large_image\" \/>\n<meta name=\"twitter:label1\" content=\"Gesch\u00e4tzte Lesezeit\" \/>\n\t<meta name=\"twitter:data1\" content=\"3\u00a0Minuten\" \/>\n<script type=\"application\/ld+json\" class=\"yoast-schema-graph\">{\"@context\":\"https:\\\/\\\/schema.org\",\"@graph\":[{\"@type\":\"WebPage\",\"@id\":\"https:\\\/\\\/cpxzx.com\\\/product\\\/metal-conjugate-ring\\\/\",\"url\":\"https:\\\/\\\/cpxzx.com\\\/product\\\/metal-conjugate-ring\\\/\",\"name\":\"Metal Conjugate Ring\",\"isPartOf\":{\"@id\":\"https:\\\/\\\/cpxzx.com\\\/#website\"},\"primaryImageOfPage\":{\"@id\":\"https:\\\/\\\/cpxzx.com\\\/product\\\/metal-conjugate-ring\\\/#primaryimage\"},\"image\":{\"@id\":\"https:\\\/\\\/cpxzx.com\\\/product\\\/metal-conjugate-ring\\\/#primaryimage\"},\"thumbnailUrl\":\"https:\\\/\\\/cpxzx.com\\\/wp-content\\\/uploads\\\/2025\\\/09\\\/Metal-conjugate-ring.jpg\",\"datePublished\":\"2025-09-05T07:54:05+00:00\",\"dateModified\":\"2025-09-05T07:59:00+00:00\",\"breadcrumb\":{\"@id\":\"https:\\\/\\\/cpxzx.com\\\/product\\\/metal-conjugate-ring\\\/#breadcrumb\"},\"inLanguage\":\"de\",\"potentialAction\":[{\"@type\":\"ReadAction\",\"target\":[\"https:\\\/\\\/cpxzx.com\\\/product\\\/metal-conjugate-ring\\\/\"]}]},{\"@type\":\"ImageObject\",\"inLanguage\":\"de\",\"@id\":\"https:\\\/\\\/cpxzx.com\\\/product\\\/metal-conjugate-ring\\\/#primaryimage\",\"url\":\"https:\\\/\\\/cpxzx.com\\\/wp-content\\\/uploads\\\/2025\\\/09\\\/Metal-conjugate-ring.jpg\",\"contentUrl\":\"https:\\\/\\\/cpxzx.com\\\/wp-content\\\/uploads\\\/2025\\\/09\\\/Metal-conjugate-ring.jpg\",\"width\":550,\"height\":550,\"caption\":\"Metal conjugate ring\"},{\"@type\":\"BreadcrumbList\",\"@id\":\"https:\\\/\\\/cpxzx.com\\\/product\\\/metal-conjugate-ring\\\/#breadcrumb\",\"itemListElement\":[{\"@type\":\"ListItem\",\"position\":1,\"name\":\"Home\",\"item\":\"https:\\\/\\\/cpxzx.com\\\/\"},{\"@type\":\"ListItem\",\"position\":2,\"name\":\"Random Packing\",\"item\":\"https:\\\/\\\/cpxzx.com\\\/pcategory\\\/random-packing\\\/\"},{\"@type\":\"ListItem\",\"position\":3,\"name\":\"Metal Random Packing\",\"item\":\"https:\\\/\\\/cpxzx.com\\\/pcategory\\\/random-packing\\\/metal-random-packing\\\/\"},{\"@type\":\"ListItem\",\"position\":4,\"name\":\"304 316 Metal Conjugate Ring\"}]},{\"@type\":\"WebSite\",\"@id\":\"https:\\\/\\\/cpxzx.com\\\/#website\",\"url\":\"https:\\\/\\\/cpxzx.com\\\/\",\"name\":\"Cooling Tower Fill, China PVC Fills Manufacturer\",\"description\":\"\",\"publisher\":{\"@id\":\"https:\\\/\\\/cpxzx.com\\\/#organization\"},\"potentialAction\":[{\"@type\":\"SearchAction\",\"target\":{\"@type\":\"EntryPoint\",\"urlTemplate\":\"https:\\\/\\\/cpxzx.com\\\/?s={search_term_string}\"},\"query-input\":{\"@type\":\"PropertyValueSpecification\",\"valueRequired\":true,\"valueName\":\"search_term_string\"}}],\"inLanguage\":\"de\"},{\"@type\":\"Organization\",\"@id\":\"https:\\\/\\\/cpxzx.com\\\/#organization\",\"name\":\"Cooling Tower Fill, China PVC Fills Manufacturer\",\"url\":\"https:\\\/\\\/cpxzx.com\\\/\",\"logo\":{\"@type\":\"ImageObject\",\"inLanguage\":\"de\",\"@id\":\"https:\\\/\\\/cpxzx.com\\\/#\\\/schema\\\/logo\\\/image\\\/\",\"url\":\"https:\\\/\\\/cpxzx.com\\\/wp-content\\\/uploads\\\/2025\\\/07\\\/1751628807-logo.png\",\"contentUrl\":\"https:\\\/\\\/cpxzx.com\\\/wp-content\\\/uploads\\\/2025\\\/07\\\/1751628807-logo.png\",\"width\":383,\"height\":87,\"caption\":\"Cooling Tower Fill, China PVC Fills Manufacturer\"},\"image\":{\"@id\":\"https:\\\/\\\/cpxzx.com\\\/#\\\/schema\\\/logo\\\/image\\\/\"}}]}<\/script>\n<!-- \/ Yoast SEO plugin. -->","yoast_head_json":{"title":"Metallkonjugat-Ring","robots":{"index":"index","follow":"follow","max-snippet":"max-snippet:-1","max-image-preview":"max-image-preview:large","max-video-preview":"max-video-preview:-1"},"canonical":"https:\/\/cpxzx.com\/de\/produkt\/metal-conjugate-ring\/","og_locale":"de_DE","og_type":"article","og_title":"Metal Conjugate Ring","og_description":"Metal Conjugate Ring is a high-performance random tower packing that combines the advantages of Raschig rings and Intalox saddles. Its special structure provides proper flanging, optimized diameter ratio, and uniform contact between packing and tower wall. This design ensures excellent liquid distribution, low pressure drop, and high mass transfer efficiency.  Made of carbon steel, stainless steel 304, 304L, 410, 316, 316L, and other alloys, Metal Conjugate Ring offers strong heat and corrosion resistance. It is widely applied in petrochemical, chemical, fertilizer, and environmental industries, making it one of the most efficient and reliable random packings for modern tower applications.","og_url":"https:\/\/cpxzx.com\/de\/produkt\/metal-conjugate-ring\/","og_site_name":"Cooling Tower Fill, China PVC Fills Manufacturer","article_modified_time":"2025-09-05T07:59:00+00:00","og_image":[{"width":550,"height":550,"url":"https:\/\/cpxzx.com\/wp-content\/uploads\/2025\/09\/Metal-conjugate-ring.jpg","type":"image\/jpeg"}],"twitter_card":"summary_large_image","twitter_misc":{"Gesch\u00e4tzte Lesezeit":"3\u00a0Minuten"},"schema":{"@context":"https:\/\/schema.org","@graph":[{"@type":"WebPage","@id":"https:\/\/cpxzx.com\/product\/metal-conjugate-ring\/","url":"https:\/\/cpxzx.com\/product\/metal-conjugate-ring\/","name":"Metallkonjugat-Ring","isPartOf":{"@id":"https:\/\/cpxzx.com\/#website"},"primaryImageOfPage":{"@id":"https:\/\/cpxzx.com\/product\/metal-conjugate-ring\/#primaryimage"},"image":{"@id":"https:\/\/cpxzx.com\/product\/metal-conjugate-ring\/#primaryimage"},"thumbnailUrl":"https:\/\/cpxzx.com\/wp-content\/uploads\/2025\/09\/Metal-conjugate-ring.jpg","datePublished":"2025-09-05T07:54:05+00:00","dateModified":"2025-09-05T07:59:00+00:00","breadcrumb":{"@id":"https:\/\/cpxzx.com\/product\/metal-conjugate-ring\/#breadcrumb"},"inLanguage":"de","potentialAction":[{"@type":"ReadAction","target":["https:\/\/cpxzx.com\/product\/metal-conjugate-ring\/"]}]},{"@type":"ImageObject","inLanguage":"de","@id":"https:\/\/cpxzx.com\/product\/metal-conjugate-ring\/#primaryimage","url":"https:\/\/cpxzx.com\/wp-content\/uploads\/2025\/09\/Metal-conjugate-ring.jpg","contentUrl":"https:\/\/cpxzx.com\/wp-content\/uploads\/2025\/09\/Metal-conjugate-ring.jpg","width":550,"height":550,"caption":"Metal conjugate ring"},{"@type":"BreadcrumbList","@id":"https:\/\/cpxzx.com\/product\/metal-conjugate-ring\/#breadcrumb","itemListElement":[{"@type":"ListItem","position":1,"name":"Home","item":"https:\/\/cpxzx.com\/"},{"@type":"ListItem","position":2,"name":"Random Packing","item":"https:\/\/cpxzx.com\/pcategory\/random-packing\/"},{"@type":"ListItem","position":3,"name":"Metal Random Packing","item":"https:\/\/cpxzx.com\/pcategory\/random-packing\/metal-random-packing\/"},{"@type":"ListItem","position":4,"name":"304 316 Metal Conjugate Ring"}]},{"@type":"WebSite","@id":"https:\/\/cpxzx.com\/#website","url":"https:\/\/cpxzx.com\/","name":"K\u00fchlturm-F\u00fcllung, China PVC-F\u00fcllungen Hersteller","description":"","publisher":{"@id":"https:\/\/cpxzx.com\/#organization"},"potentialAction":[{"@type":"SearchAction","target":{"@type":"EntryPoint","urlTemplate":"https:\/\/cpxzx.com\/?s={search_term_string}"},"query-input":{"@type":"PropertyValueSpecification","valueRequired":true,"valueName":"search_term_string"}}],"inLanguage":"de"},{"@type":"Organization","@id":"https:\/\/cpxzx.com\/#organization","name":"K\u00fchlturm-F\u00fcllung, China PVC-F\u00fcllungen Hersteller","url":"https:\/\/cpxzx.com\/","logo":{"@type":"ImageObject","inLanguage":"de","@id":"https:\/\/cpxzx.com\/#\/schema\/logo\/image\/","url":"https:\/\/cpxzx.com\/wp-content\/uploads\/2025\/07\/1751628807-logo.png","contentUrl":"https:\/\/cpxzx.com\/wp-content\/uploads\/2025\/07\/1751628807-logo.png","width":383,"height":87,"caption":"Cooling Tower Fill, China PVC Fills Manufacturer"},"image":{"@id":"https:\/\/cpxzx.com\/#\/schema\/logo\/image\/"}}]}},"taxonomy_info":{"pcategory":[{"value":22,"label":"Random Packing"},{"value":23,"label":"Metal Random Packing"}]},"featured_image_src_large":["https:\/\/cpxzx.com\/wp-content\/uploads\/2025\/09\/Metal-conjugate-ring.jpg",550,550,false],"author_info":[],"comment_info":"","_links":{"self":[{"href":"https:\/\/cpxzx.com\/de\/wp-json\/wp\/v2\/product\/2949","targetHints":{"allow":["GET"]}}],"collection":[{"href":"https:\/\/cpxzx.com\/de\/wp-json\/wp\/v2\/product"}],"about":[{"href":"https:\/\/cpxzx.com\/de\/wp-json\/wp\/v2\/types\/product"}],"wp:featuredmedia":[{"embeddable":true,"href":"https:\/\/cpxzx.com\/de\/wp-json\/wp\/v2\/media\/2951"}],"wp:attachment":[{"href":"https:\/\/cpxzx.com\/de\/wp-json\/wp\/v2\/media?parent=2949"}],"wp:term":[{"taxonomy":"pcategory","embeddable":true,"href":"https:\/\/cpxzx.com\/de\/wp-json\/wp\/v2\/pcategory?post=2949"},{"taxonomy":"ptag","embeddable":true,"href":"https:\/\/cpxzx.com\/de\/wp-json\/wp\/v2\/ptag?post=2949"}],"curies":[{"name":"wp","href":"https:\/\/api.w.org\/{rel}","templated":true}]}}