{"id":2946,"date":"2025-09-04T08:23:21","date_gmt":"2025-09-04T08:23:21","guid":{"rendered":"https:\/\/cpxzx.com\/?post_type=product&#038;p=2946"},"modified":"2025-09-05T07:59:55","modified_gmt":"2025-09-05T07:59:55","slug":"metal-cascade-mini-ring","status":"publish","type":"product","link":"https:\/\/cpxzx.com\/de\/produkt\/metal-cascade-mini-ring\/","title":{"rendered":"304L Metall Kaskade Mini Ring"},"content":{"rendered":"<p>Die <strong>Metall-Kaskaden-Mini-Ring<\/strong> ist eine hochleistungsf\u00e4hige F\u00fcllk\u00f6rperpackung, die im Vergleich zu herk\u00f6mmlichen Pall-Ringen eine h\u00f6here mechanische Festigkeit und Gasdurchsatzkapazit\u00e4t bietet. Mit einer oder zwei abgeschr\u00e4gten Kanten an den Seitenteilen verbessert dieser innovative Packungstyp die Effizienz des Stoffaustauschs, indem er eine effektivere Fl\u00fcssigkeitsfilmbildung erm\u00f6glicht und den Gas-Fl\u00fcssigkeits-Kontakt verbessert. In einem zuf\u00e4llig gepackten Turm haben die meisten Ringe Punktkontakte (und keinen linearen Kontakt) miteinander, was zu einer h\u00f6heren Stoff\u00fcbertragungseffizienz und einer verbesserten Liquidit\u00e4t des Fl\u00fcssigkeitsfilms beitr\u00e4gt.<\/p>\n<p>Der Metallkaskaden-Mini-Ring wurde auf der Grundlage des klassischen Raschig-Rings entwickelt und zeichnet sich durch ein niedriges Seitenverh\u00e4ltnis aus (1\/3 oder 1\/2 von H\u00f6he\/Durchmesser). Dieses Design stellt sicher, dass der Gro\u00dfteil der Ringoberfl\u00e4chen vertikal statt horizontal ausgerichtet ist, was erhebliche Vorteile beim Stoffaustausch bietet und den Widerstand reduziert, wenn das Gas durch das F\u00fcllk\u00f6rperbett str\u00f6mt. Das Packungsmaterial ist in Kohlenstoffstahl, Edelstahl, Aluminiumlegierungen und anderen Materialien erh\u00e4ltlich und bietet eine dauerhafte und vielseitige L\u00f6sung f\u00fcr verschiedene industrielle Anwendungen.<\/p>\n<h2>Technische Parameter<\/h2>\n<table border=\"1\" cellspacing=\"0\" cellpadding=\"8\">\n<thead>\n<tr>\n<th>Typ<\/th>\n<th>Gr\u00f6\u00dfe (mm)<\/th>\n<th>Oberfl\u00e4che (m\u00b2\/m\u00b3)<\/th>\n<th>Leerraum-Verh\u00e4ltnis (%)<\/th>\n<th>Sch\u00fcttgut Anzahl (St\u00fcck\/m\u00b3)<\/th>\n<th>Packungsfaktor (m-\u00b9)<\/th>\n<\/tr>\n<\/thead>\n<tbody>\n<tr>\n<td>0P<\/td>\n<td>17*15+6*0.3<\/td>\n<td>427<\/td>\n<td>94<\/td>\n<td>530,000<\/td>\n<td>55<\/td>\n<\/tr>\n<tr>\n<td>1P<\/td>\n<td>25*22+8*0.3<\/td>\n<td>230<\/td>\n<td>96<\/td>\n<td>150,000<\/td>\n<td>40<\/td>\n<\/tr>\n<tr>\n<td>1.5P<\/td>\n<td>34*29+11*0.3<\/td>\n<td>198<\/td>\n<td>97<\/td>\n<td>60,910<\/td>\n<td>29<\/td>\n<\/tr>\n<tr>\n<td>2P<\/td>\n<td>43*38+14*0.4<\/td>\n<td>164<\/td>\n<td>97<\/td>\n<td>29,520<\/td>\n<td>22<\/td>\n<\/tr>\n<tr>\n<td>2.5P<\/td>\n<td>51*44+17*0.4<\/td>\n<td>127<\/td>\n<td>97<\/td>\n<td>17,900<\/td>\n<td>17<\/td>\n<\/tr>\n<tr>\n<td>3P<\/td>\n<td>66*57+21*0.4<\/td>\n<td>105<\/td>\n<td>98<\/td>\n<td>8,800<\/td>\n<td>14<\/td>\n<\/tr>\n<tr>\n<td>4P<\/td>\n<td>86*76+29*0.4<\/td>\n<td>90<\/td>\n<td>98<\/td>\n<td>5,000<\/td>\n<td>10<\/td>\n<\/tr>\n<tr>\n<td>5P<\/td>\n<td>131*118+41*0.6<\/td>\n<td>65<\/td>\n<td>98<\/td>\n<td>1,480<\/td>\n<td>7<\/td>\n<\/tr>\n<\/tbody>\n<\/table>\n<h2>Eigenschaften<\/h2>\n<ul>\n<li><strong>\u00dcberlegene mechanische Festigkeit<\/strong>: Mit abgeschr\u00e4gten Kanten f\u00fcr erh\u00f6hte Festigkeit und Haltbarkeit.<\/li>\n<li><strong>Hohe Gasdurchsatzkapazit\u00e4t<\/strong>: Bietet eine bessere Leistung bei Gas-Fl\u00fcssigkeits-Kontakt- und Stoffaustauschanwendungen als herk\u00f6mmliche Pall-Ringe.<\/li>\n<li><strong>Effizienter Stoffaustausch<\/strong>: Das Punktkontaktdesign erh\u00f6ht die Liquidit\u00e4t des Fl\u00fcssigkeitsfilms und verbessert die Effizienz des Stofftransfers.<\/li>\n<li><strong>Geringe Resistenz<\/strong>: Die vertikale Ausrichtung der Ringfl\u00e4chen verringert den Widerstand und erh\u00f6ht die Gasdurchflussrate.<\/li>\n<li><strong>Flexibles Material<\/strong>: Erh\u00e4ltlich in einer Reihe von Materialien wie Kohlenstoffstahl, Edelstahl und Aluminiumlegierungen.<\/li>\n<\/ul>\n<h2>Vorteile<\/h2>\n<ul>\n<li><strong>Erh\u00f6hter Wirkungsgrad des Stoffaustauschs<\/strong>: Aufgrund des innovativen Designs und der vertikalen Ausrichtung der Metallkaskaden-Miniringe bieten diese einen besseren Gas-Fl\u00fcssigkeits-Kontakt und sind damit effizienter als herk\u00f6mmliche Packungsmaterialien.<\/li>\n<li><strong>Reduzierter Druckabfall<\/strong>: Die kompakte Bauweise reduziert den Druckabfall \u00fcber dem Sch\u00fcttbett und f\u00fchrt zu einem geringeren Energieverbrauch.<\/li>\n<li><strong>Verbesserte Langlebigkeit<\/strong>: Die Verwendung korrosionsbest\u00e4ndiger Materialien gew\u00e4hrleistet eine langfristige Betriebsstabilit\u00e4t, auch in rauen Umgebungen.<\/li>\n<li><strong>Hohe Betriebseffizienz<\/strong>: Optimiert f\u00fcr den Einsatz in Systemen, die mit thermosensiblen oder zersetzbaren Stoffen arbeiten.<\/li>\n<\/ul>\n<h2>Anwendungen<\/h2>\n<p>Der Metallkaskaden-Miniring wird in vielen Branchen eingesetzt, z. B:<\/p>\n<ul>\n<li><strong>Petrochemische Industrie<\/strong>: Ideal f\u00fcr den Einsatz in Destillationskolonnen und Reaktoren.<\/li>\n<li><strong>Chemische D\u00fcngemittelindustrie<\/strong>: Wird in der Ammoniaksynthese und anderen chemischen Verarbeitungsprozessen eingesetzt.<\/li>\n<li><strong>Schutz der Umwelt<\/strong>: Wirksam in Luftw\u00e4schern und Gasbehandlungssystemen.<\/li>\n<li><strong>Chlor-Alkali-Industrie<\/strong>: Wird bei der Chlorproduktion und der Herstellung von Natronlauge eingesetzt.<\/li>\n<\/ul>\n<h2>Verpackung<\/h2>\n<p>Individuelle Verpackungsoptionen sind auf Anfrage erh\u00e4ltlich.<\/p>","protected":false},"excerpt":{"rendered":"<p>Der Metallkaskaden-Miniring ist ein innovativer chemischer F\u00fcllstoff, der f\u00fcr den Einsatz in einer Vielzahl industrieller Anwendungen konzipiert wurde, darunter chemische Verarbeitung, Wasseraufbereitung und Luftfiltrationssysteme. Dieser aus hochwertigen Metalllegierungen gefertigte Mini-Ring bietet eine \u00fcberragende Haltbarkeit, Best\u00e4ndigkeit gegen hohe Temperaturen und eine hervorragende Leistung bei Stoff\u00fcbertragungs- und W\u00e4rmeaustauschprozessen. Mit seiner kompakten Gr\u00f6\u00dfe und seinem effizienten Design ist der Metallkaskaden-Miniring ideal f\u00fcr die Verbesserung der Effizienz von Festbettt\u00fcrmen, W\u00e4schern und Reaktoren.<\/p>","protected":false},"featured_media":2947,"parent":0,"template":"","meta":{"_acf_changed":false,"_kad_blocks_custom_css":"","_kad_blocks_head_custom_js":"","_kad_blocks_body_custom_js":"","_kad_blocks_footer_custom_js":"","_kadence_starter_templates_imported_post":false,"_kad_post_transparent":"default","_kad_post_title":"","_kad_post_layout":"default","_kad_post_sidebar_id":"","_kad_post_content_style":"default","_kad_post_vertical_padding":"default","_kad_post_feature":"","_kad_post_feature_position":"","_kad_post_header":false,"_kad_post_footer":false},"pcategory":[22,23],"ptag":[],"class_list":["post-2946","product","type-product","status-publish","has-post-thumbnail","hentry","pcategory-random-packing","pcategory-metal-random-packing"],"acf":[],"yoast_head":"<!-- This site is optimized with the Yoast SEO plugin v27.4 - https:\/\/yoast.com\/product\/yoast-seo-wordpress\/ -->\n<title>Metal Cascade Mini Ring<\/title>\n<meta name=\"robots\" content=\"index, follow, max-snippet:-1, max-image-preview:large, max-video-preview:-1\" \/>\n<link rel=\"canonical\" href=\"https:\/\/cpxzx.com\/de\/produkt\/metal-cascade-mini-ring\/\" \/>\n<meta property=\"og:locale\" content=\"de_DE\" \/>\n<meta property=\"og:type\" content=\"article\" \/>\n<meta property=\"og:title\" content=\"Metal Cascade Mini Ring\" \/>\n<meta property=\"og:description\" content=\"The Metal Cascade Mini Ring is an innovative chemical filler designed for use in a variety of industrial applications, including chemical processing, water treatment, and air filtration systems. Made from high-quality metal alloys, this mini ring offers superior durability, resistance to high temperatures, and excellent performance in mass transfer and heat exchange processes. With its compact size and efficient design, the Metal Cascade Mini Ring is ideal for enhancing the efficiency of packed bed towers, scrubbers, and reactors.\" \/>\n<meta property=\"og:url\" content=\"https:\/\/cpxzx.com\/de\/produkt\/metal-cascade-mini-ring\/\" \/>\n<meta property=\"og:site_name\" content=\"Cooling Tower Fill, China PVC Fills Manufacturer\" \/>\n<meta property=\"article:modified_time\" content=\"2025-09-05T07:59:55+00:00\" \/>\n<meta property=\"og:image\" content=\"https:\/\/cpxzx.com\/wp-content\/uploads\/2025\/09\/Metal-Cascade-Mini-Ring-ss316.jpg\" \/>\n\t<meta property=\"og:image:width\" content=\"800\" \/>\n\t<meta property=\"og:image:height\" content=\"800\" \/>\n\t<meta property=\"og:image:type\" content=\"image\/jpeg\" \/>\n<meta name=\"twitter:card\" content=\"summary_large_image\" \/>\n<meta name=\"twitter:label1\" content=\"Gesch\u00e4tzte Lesezeit\" \/>\n\t<meta name=\"twitter:data1\" content=\"3\u00a0Minuten\" \/>\n<script type=\"application\/ld+json\" class=\"yoast-schema-graph\">{\"@context\":\"https:\\\/\\\/schema.org\",\"@graph\":[{\"@type\":\"WebPage\",\"@id\":\"https:\\\/\\\/cpxzx.com\\\/product\\\/metal-cascade-mini-ring\\\/\",\"url\":\"https:\\\/\\\/cpxzx.com\\\/product\\\/metal-cascade-mini-ring\\\/\",\"name\":\"Metal Cascade Mini Ring\",\"isPartOf\":{\"@id\":\"https:\\\/\\\/cpxzx.com\\\/#website\"},\"primaryImageOfPage\":{\"@id\":\"https:\\\/\\\/cpxzx.com\\\/product\\\/metal-cascade-mini-ring\\\/#primaryimage\"},\"image\":{\"@id\":\"https:\\\/\\\/cpxzx.com\\\/product\\\/metal-cascade-mini-ring\\\/#primaryimage\"},\"thumbnailUrl\":\"https:\\\/\\\/cpxzx.com\\\/wp-content\\\/uploads\\\/2025\\\/09\\\/Metal-Cascade-Mini-Ring-ss316.jpg\",\"datePublished\":\"2025-09-04T08:23:21+00:00\",\"dateModified\":\"2025-09-05T07:59:55+00:00\",\"breadcrumb\":{\"@id\":\"https:\\\/\\\/cpxzx.com\\\/product\\\/metal-cascade-mini-ring\\\/#breadcrumb\"},\"inLanguage\":\"de\",\"potentialAction\":[{\"@type\":\"ReadAction\",\"target\":[\"https:\\\/\\\/cpxzx.com\\\/product\\\/metal-cascade-mini-ring\\\/\"]}]},{\"@type\":\"ImageObject\",\"inLanguage\":\"de\",\"@id\":\"https:\\\/\\\/cpxzx.com\\\/product\\\/metal-cascade-mini-ring\\\/#primaryimage\",\"url\":\"https:\\\/\\\/cpxzx.com\\\/wp-content\\\/uploads\\\/2025\\\/09\\\/Metal-Cascade-Mini-Ring-ss316.jpg\",\"contentUrl\":\"https:\\\/\\\/cpxzx.com\\\/wp-content\\\/uploads\\\/2025\\\/09\\\/Metal-Cascade-Mini-Ring-ss316.jpg\",\"width\":800,\"height\":800,\"caption\":\"Metal Cascade Mini Ring\"},{\"@type\":\"BreadcrumbList\",\"@id\":\"https:\\\/\\\/cpxzx.com\\\/product\\\/metal-cascade-mini-ring\\\/#breadcrumb\",\"itemListElement\":[{\"@type\":\"ListItem\",\"position\":1,\"name\":\"Home\",\"item\":\"https:\\\/\\\/cpxzx.com\\\/\"},{\"@type\":\"ListItem\",\"position\":2,\"name\":\"Random Packing\",\"item\":\"https:\\\/\\\/cpxzx.com\\\/pcategory\\\/random-packing\\\/\"},{\"@type\":\"ListItem\",\"position\":3,\"name\":\"Metal Random Packing\",\"item\":\"https:\\\/\\\/cpxzx.com\\\/pcategory\\\/random-packing\\\/metal-random-packing\\\/\"},{\"@type\":\"ListItem\",\"position\":4,\"name\":\"304L Metal Cascade Mini Ring\"}]},{\"@type\":\"WebSite\",\"@id\":\"https:\\\/\\\/cpxzx.com\\\/#website\",\"url\":\"https:\\\/\\\/cpxzx.com\\\/\",\"name\":\"Cooling Tower Fill, China PVC Fills Manufacturer\",\"description\":\"\",\"publisher\":{\"@id\":\"https:\\\/\\\/cpxzx.com\\\/#organization\"},\"potentialAction\":[{\"@type\":\"SearchAction\",\"target\":{\"@type\":\"EntryPoint\",\"urlTemplate\":\"https:\\\/\\\/cpxzx.com\\\/?s={search_term_string}\"},\"query-input\":{\"@type\":\"PropertyValueSpecification\",\"valueRequired\":true,\"valueName\":\"search_term_string\"}}],\"inLanguage\":\"de\"},{\"@type\":\"Organization\",\"@id\":\"https:\\\/\\\/cpxzx.com\\\/#organization\",\"name\":\"Cooling Tower Fill, China PVC Fills Manufacturer\",\"url\":\"https:\\\/\\\/cpxzx.com\\\/\",\"logo\":{\"@type\":\"ImageObject\",\"inLanguage\":\"de\",\"@id\":\"https:\\\/\\\/cpxzx.com\\\/#\\\/schema\\\/logo\\\/image\\\/\",\"url\":\"https:\\\/\\\/cpxzx.com\\\/wp-content\\\/uploads\\\/2025\\\/07\\\/1751628807-logo.png\",\"contentUrl\":\"https:\\\/\\\/cpxzx.com\\\/wp-content\\\/uploads\\\/2025\\\/07\\\/1751628807-logo.png\",\"width\":383,\"height\":87,\"caption\":\"Cooling Tower Fill, China PVC Fills Manufacturer\"},\"image\":{\"@id\":\"https:\\\/\\\/cpxzx.com\\\/#\\\/schema\\\/logo\\\/image\\\/\"}}]}<\/script>\n<!-- \/ Yoast SEO plugin. -->","yoast_head_json":{"title":"Metall-Kaskaden-Mini-Ring","robots":{"index":"index","follow":"follow","max-snippet":"max-snippet:-1","max-image-preview":"max-image-preview:large","max-video-preview":"max-video-preview:-1"},"canonical":"https:\/\/cpxzx.com\/de\/produkt\/metal-cascade-mini-ring\/","og_locale":"de_DE","og_type":"article","og_title":"Metal Cascade Mini Ring","og_description":"The Metal Cascade Mini Ring is an innovative chemical filler designed for use in a variety of industrial applications, including chemical processing, water treatment, and air filtration systems. Made from high-quality metal alloys, this mini ring offers superior durability, resistance to high temperatures, and excellent performance in mass transfer and heat exchange processes. With its compact size and efficient design, the Metal Cascade Mini Ring is ideal for enhancing the efficiency of packed bed towers, scrubbers, and reactors.","og_url":"https:\/\/cpxzx.com\/de\/produkt\/metal-cascade-mini-ring\/","og_site_name":"Cooling Tower Fill, China PVC Fills Manufacturer","article_modified_time":"2025-09-05T07:59:55+00:00","og_image":[{"width":800,"height":800,"url":"https:\/\/cpxzx.com\/wp-content\/uploads\/2025\/09\/Metal-Cascade-Mini-Ring-ss316.jpg","type":"image\/jpeg"}],"twitter_card":"summary_large_image","twitter_misc":{"Gesch\u00e4tzte Lesezeit":"3\u00a0Minuten"},"schema":{"@context":"https:\/\/schema.org","@graph":[{"@type":"WebPage","@id":"https:\/\/cpxzx.com\/product\/metal-cascade-mini-ring\/","url":"https:\/\/cpxzx.com\/product\/metal-cascade-mini-ring\/","name":"Metall-Kaskaden-Mini-Ring","isPartOf":{"@id":"https:\/\/cpxzx.com\/#website"},"primaryImageOfPage":{"@id":"https:\/\/cpxzx.com\/product\/metal-cascade-mini-ring\/#primaryimage"},"image":{"@id":"https:\/\/cpxzx.com\/product\/metal-cascade-mini-ring\/#primaryimage"},"thumbnailUrl":"https:\/\/cpxzx.com\/wp-content\/uploads\/2025\/09\/Metal-Cascade-Mini-Ring-ss316.jpg","datePublished":"2025-09-04T08:23:21+00:00","dateModified":"2025-09-05T07:59:55+00:00","breadcrumb":{"@id":"https:\/\/cpxzx.com\/product\/metal-cascade-mini-ring\/#breadcrumb"},"inLanguage":"de","potentialAction":[{"@type":"ReadAction","target":["https:\/\/cpxzx.com\/product\/metal-cascade-mini-ring\/"]}]},{"@type":"ImageObject","inLanguage":"de","@id":"https:\/\/cpxzx.com\/product\/metal-cascade-mini-ring\/#primaryimage","url":"https:\/\/cpxzx.com\/wp-content\/uploads\/2025\/09\/Metal-Cascade-Mini-Ring-ss316.jpg","contentUrl":"https:\/\/cpxzx.com\/wp-content\/uploads\/2025\/09\/Metal-Cascade-Mini-Ring-ss316.jpg","width":800,"height":800,"caption":"Metal Cascade Mini Ring"},{"@type":"BreadcrumbList","@id":"https:\/\/cpxzx.com\/product\/metal-cascade-mini-ring\/#breadcrumb","itemListElement":[{"@type":"ListItem","position":1,"name":"Home","item":"https:\/\/cpxzx.com\/"},{"@type":"ListItem","position":2,"name":"Random Packing","item":"https:\/\/cpxzx.com\/pcategory\/random-packing\/"},{"@type":"ListItem","position":3,"name":"Metal Random Packing","item":"https:\/\/cpxzx.com\/pcategory\/random-packing\/metal-random-packing\/"},{"@type":"ListItem","position":4,"name":"304L Metal Cascade Mini Ring"}]},{"@type":"WebSite","@id":"https:\/\/cpxzx.com\/#website","url":"https:\/\/cpxzx.com\/","name":"K\u00fchlturm-F\u00fcllung, China PVC-F\u00fcllungen Hersteller","description":"","publisher":{"@id":"https:\/\/cpxzx.com\/#organization"},"potentialAction":[{"@type":"SearchAction","target":{"@type":"EntryPoint","urlTemplate":"https:\/\/cpxzx.com\/?s={search_term_string}"},"query-input":{"@type":"PropertyValueSpecification","valueRequired":true,"valueName":"search_term_string"}}],"inLanguage":"de"},{"@type":"Organization","@id":"https:\/\/cpxzx.com\/#organization","name":"K\u00fchlturm-F\u00fcllung, China PVC-F\u00fcllungen Hersteller","url":"https:\/\/cpxzx.com\/","logo":{"@type":"ImageObject","inLanguage":"de","@id":"https:\/\/cpxzx.com\/#\/schema\/logo\/image\/","url":"https:\/\/cpxzx.com\/wp-content\/uploads\/2025\/07\/1751628807-logo.png","contentUrl":"https:\/\/cpxzx.com\/wp-content\/uploads\/2025\/07\/1751628807-logo.png","width":383,"height":87,"caption":"Cooling Tower Fill, China PVC Fills Manufacturer"},"image":{"@id":"https:\/\/cpxzx.com\/#\/schema\/logo\/image\/"}}]}},"taxonomy_info":{"pcategory":[{"value":22,"label":"Random Packing"},{"value":23,"label":"Metal Random Packing"}]},"featured_image_src_large":["https:\/\/cpxzx.com\/wp-content\/uploads\/2025\/09\/Metal-Cascade-Mini-Ring-ss316.jpg",800,800,false],"author_info":[],"comment_info":"","_links":{"self":[{"href":"https:\/\/cpxzx.com\/de\/wp-json\/wp\/v2\/product\/2946","targetHints":{"allow":["GET"]}}],"collection":[{"href":"https:\/\/cpxzx.com\/de\/wp-json\/wp\/v2\/product"}],"about":[{"href":"https:\/\/cpxzx.com\/de\/wp-json\/wp\/v2\/types\/product"}],"wp:featuredmedia":[{"embeddable":true,"href":"https:\/\/cpxzx.com\/de\/wp-json\/wp\/v2\/media\/2947"}],"wp:attachment":[{"href":"https:\/\/cpxzx.com\/de\/wp-json\/wp\/v2\/media?parent=2946"}],"wp:term":[{"taxonomy":"pcategory","embeddable":true,"href":"https:\/\/cpxzx.com\/de\/wp-json\/wp\/v2\/pcategory?post=2946"},{"taxonomy":"ptag","embeddable":true,"href":"https:\/\/cpxzx.com\/de\/wp-json\/wp\/v2\/ptag?post=2946"}],"curies":[{"name":"wp","href":"https:\/\/api.w.org\/{rel}","templated":true}]}}