{"id":2943,"date":"2025-09-03T07:52:11","date_gmt":"2025-09-03T07:52:11","guid":{"rendered":"https:\/\/cpxzx.com\/?post_type=product&#038;p=2943"},"modified":"2025-09-03T08:05:28","modified_gmt":"2025-09-03T08:05:28","slug":"metal-teller-rosette-ring","status":"publish","type":"product","link":"https:\/\/cpxzx.com\/de\/produkt\/metal-teller-rosette-ring\/","title":{"rendered":"Ss304 SS316 Metall Teller Rosette Ring"},"content":{"rendered":"<p><strong>Metall Teller Rosette Ring<\/strong> besteht aus vielen ineinander verschlungenen Kreisen, die mit einem d\u00fcnnen Blech gestanzt und in ein spezielles Kalandernetz gespannt werden. Die Oberfl\u00e4che bildet ein regelm\u00e4\u00dfiges rautenf\u00f6rmiges Netz. Aufgrund seiner besonderen Struktur hat es die Vorteile einer hohen Fl\u00fcssigkeitsspeicherung, eines gro\u00dfen Hohlraums, eines geringen Druckabfalls, eines ausreichenden Gas-Fl\u00fcssigkeits-Kontakts, eines geringen Gewichts und einer hervorragenden Effizienz.<\/p>\n<p>Als f\u00fchrender Hersteller von Metall-Rosettenringen bieten wir eine breite Palette von Metall-Rosettenringen aus Qualit\u00e4ts-Edelstahl oder Kohlenstoffstahl an. Dieses Produkt wird aus hochwertigem Blech pr\u00e4zisionsgefertigt, sorgf\u00e4ltig gestanzt und in eine Hochleistungsform gestreckt. Mit seiner rautenf\u00f6rmigen Oberfl\u00e4che und seiner gewellten Konfiguration bietet es eine hervorragende Vielseitigkeit und Widerstandsf\u00e4higkeit.<\/p>\n<p>Der aus hochwertigen Materialien wie Edelstahl, Kohlenstoffstahl, Aluminium, Kupfer und Titan gefertigte Metallteller-Rosettenring bietet eine au\u00dfergew\u00f6hnliche Korrosionsbest\u00e4ndigkeit. Er wird h\u00e4ufig in der Gasabsorption, -reinigung und -k\u00fchlung eingesetzt. Es sind sowohl Metall- als auch Kunststoffvarianten erh\u00e4ltlich, wobei die Kunststoffvariante h\u00e4ufig in Gaswasch- und -reinigungst\u00fcrmen eingesetzt wird.<\/p>\n<h2>Eigenschaften<\/h2>\n<ul>\n<li>Werkstoffe: Kohlenstoffstahl, Edelstahl, Kupfer, Aluminium, Titan, etc.<\/li>\n<li>Hoher Flutungspunkt<\/li>\n<li>Hohe Brechkraft und einfache Bedienung<\/li>\n<li>Hohe Ladekapazit\u00e4t<\/li>\n<li>Hohe Abscheideleistung<\/li>\n<\/ul>\n<h2>Spezifikation<\/h2>\n<p>Die Mehrringstruktur des Metallteller-Rosettenrings sorgt f\u00fcr ein hohes Fl\u00fcssigkeitsr\u00fcckhalteverm\u00f6gen, wodurch die Fl\u00fcssigkeit l\u00e4nger in der Packung bleibt. Dadurch wird die Kontaktzeit zwischen Gas und Fl\u00fcssigkeit verl\u00e4ngert, was zu einer h\u00f6heren \u00dcbertragungseffizienz f\u00fchrt. Er kann in Wasch- und K\u00fchlt\u00fcrmen, Entschwefelungst\u00fcrmen, Entl\u00fcftern, Trocknungst\u00fcrmen, Entkohlungsanlagen und Kl\u00e4ranlagen eingesetzt werden.<\/p>\n<table border=\"1\" cellspacing=\"0\" cellpadding=\"6\">\n<tbody>\n<tr>\n<th>Gr\u00f6\u00dfe (Zoll)<\/th>\n<th>Gr\u00f6\u00dfe (mm)<\/th>\n<th>Anzahl (pro m\u00b3)<\/th>\n<th>Oberfl\u00e4che (m\u00b2\/m\u00b3)<\/th>\n<th>Freies Volumen (%)<\/th>\n<\/tr>\n<tr>\n<td>2\"<\/td>\n<td>50 \u00d7 25 \u00d7 0.8<\/td>\n<td>19180<\/td>\n<td>112.8<\/td>\n<td>96.2<\/td>\n<\/tr>\n<tr>\n<td>3\"<\/td>\n<td>75 \u00d7 75 \u00d7 1.0<\/td>\n<td>5460<\/td>\n<td>64.1<\/td>\n<td>97.3<\/td>\n<\/tr>\n<tr>\n<td>4\"<\/td>\n<td>100 \u00d7 45 \u00d7 1.2<\/td>\n<td>2520<\/td>\n<td>53.4<\/td>\n<td>97.3<\/td>\n<\/tr>\n<\/tbody>\n<\/table>\n<h2>Vorteile<\/h2>\n<p>Der Metallteller-Rosettenring hat die elegante Form einer Ellipse und besteht aus ineinander verschlungenen Kreisen. Sein Design sorgt f\u00fcr eine au\u00dfergew\u00f6hnliche Fl\u00fcssigkeitsretention in den Packungshohlr\u00e4umen, was die Gas-Fl\u00fcssigkeits-Interaktionszeit erheblich verl\u00e4ngert und die \u00dcbertragungseffizienz verbessert. Sie bietet einen bemerkenswerten Hohlraum, minimalen Druckabfall, optimalen Gas-Fl\u00fcssigkeits-Kontakt und eine leichte Struktur. Diese Vorteile machen sie zu einer der effizientesten Arten von F\u00fcllk\u00f6rpern.<\/p>\n<h2>Anwendungen<\/h2>\n<p>Metallteller-Rosettenringe finden breite Anwendung in der chemischen Verarbeitung, der Erd\u00f6lraffination, dem Umweltschutz und der Abwasseraufbereitung. Er ist besonders geeignet f\u00fcr Gasabsorption, K\u00fchlung, Reinigung, Entschwefelung, Trocknung und Strippung in F\u00fcllk\u00f6rpert\u00fcrmen.<\/p>\n<h2>Paket<\/h2>\n<p>Rosettenringe aus Metall werden in stabilen Gewebes\u00e4cken, Kartons oder Jumbos\u00e4cken verpackt. Die Verpackung ist je nach Kundenwunsch anpassbar, um eine sichere Lieferung und bequeme Handhabung zu gew\u00e4hrleisten.<\/p>\n<h2>FAQ - Metall Teller Rosette Ring<\/h2>\n<h2>F1: Wof\u00fcr wird ein Metallteller-Rosettenring verwendet?<\/h2>\n<p>Es wird f\u00fcr Gasabsorptions-, Destillations-, K\u00fchl- und Reinigungsprozesse verwendet. Zu den Anwendungen geh\u00f6ren Chemiet\u00fcrme, K\u00fchlt\u00fcrme, Entschwefelungssysteme und Abwasserreinigungsanlagen.<\/p>\n<h2>Q2: Welche Materialien sind f\u00fcr den Rosettenring aus Metall erh\u00e4ltlich?<\/h2>\n<p>Sie k\u00f6nnen aus rostfreiem Stahl, Kohlenstoffstahl, Kupfer, Aluminium und Titan hergestellt werden. Edelstahl ist aufgrund seiner Korrosionsbest\u00e4ndigkeit am gebr\u00e4uchlichsten, w\u00e4hrend Titan f\u00fcr Hochtemperatur- und S\u00e4ureumgebungen geeignet ist.<\/p>\n<h2>F3: Was sind die Vorteile im Vergleich zu Pall Ring oder Raschig Ring?<\/h2>\n<p>Im Vergleich zu herk\u00f6mmlichen F\u00fcllk\u00f6rpern bietet der Metallteller-Rosettenring einen gr\u00f6\u00dferen Hohlraum, einen geringeren Druckabfall, eine bessere Fl\u00fcssigkeitsr\u00fcckhaltung und eine l\u00e4ngere Gas-Fl\u00fcssigkeits-Kontaktzeit. Dies gew\u00e4hrleistet eine verbesserte Effizienz des Stoffaustauschs und Energieeinsparungen.<\/p>\n<h2>F4: Wie wird die Effizienz durch die Struktur verbessert?<\/h2>\n<p>Die miteinander verbundenen Kreise und die Oberfl\u00e4che des Diamantnetzes vergr\u00f6\u00dfern die Oberfl\u00e4che, verbessern die Fl\u00fcssigkeitsverteilung und verhindern Verstopfungen, was eine effiziente Gas-Fl\u00fcssigkeits-Interaktion gew\u00e4hrleistet.<\/p>\n<h2>F5: Wo kann ich einen hochwertigen Metall-Rosettenring kaufen?<\/h2>\n<p>Wir sind ein professioneller Hersteller, der Metall-Rosettenringe in verschiedenen Gr\u00f6\u00dfen und Materialien anbietet. Wir bieten ma\u00dfgeschneiderte L\u00f6sungen, zuverl\u00e4ssige Qualit\u00e4t, wettbewerbsf\u00e4hige Preise und weltweite Lieferung.<\/p>","protected":false},"excerpt":{"rendered":"<p>Der Metallteller-Rosettenring ist eine hocheffiziente F\u00fcllk\u00f6rperpackung, die aus d\u00fcnnem Blech gestanzt und zu einer rautenf\u00f6rmigen Struktur aus miteinander verbundenen Kreisen gestreckt wird. Mit hoher Fl\u00fcssigkeitsspeicherung, gro\u00dfen Hohlr\u00e4umen, geringem Druckabfall, hervorragendem Gas-Fl\u00fcssigkeits-Kontakt und geringem Gewicht wird er h\u00e4ufig in Absorptions-, Destillations-, Reinigungs- und Umweltprozessen eingesetzt. Diese pr\u00e4zisionsgefertigten Packungen sind in Edelstahl, Kohlenstoffstahl und anderen Materialien erh\u00e4ltlich und bieten eine hervorragende Korrosionsbest\u00e4ndigkeit. Sie eignen sich f\u00fcr Gaswaschanlagen, K\u00fchlt\u00fcrme, Entschwefelungsanlagen und Abwasseraufbereitungsanwendungen.<\/p>","protected":false},"featured_media":2944,"parent":0,"template":"","meta":{"_acf_changed":false,"_kad_blocks_custom_css":"","_kad_blocks_head_custom_js":"","_kad_blocks_body_custom_js":"","_kad_blocks_footer_custom_js":"","_kadence_starter_templates_imported_post":false,"_kad_post_transparent":"default","_kad_post_title":"","_kad_post_layout":"default","_kad_post_sidebar_id":"","_kad_post_content_style":"default","_kad_post_vertical_padding":"default","_kad_post_feature":"","_kad_post_feature_position":"","_kad_post_header":false,"_kad_post_footer":false},"pcategory":[22,23],"ptag":[],"class_list":["post-2943","product","type-product","status-publish","has-post-thumbnail","hentry","pcategory-random-packing","pcategory-metal-random-packing"],"acf":[],"yoast_head":"<!-- This site is optimized with the Yoast SEO plugin v27.4 - https:\/\/yoast.com\/product\/yoast-seo-wordpress\/ -->\n<title>Metal Teller Rosette Ring<\/title>\n<meta name=\"robots\" content=\"index, follow, max-snippet:-1, max-image-preview:large, max-video-preview:-1\" \/>\n<link rel=\"canonical\" href=\"https:\/\/cpxzx.com\/de\/produkt\/metal-teller-rosette-ring\/\" \/>\n<meta property=\"og:locale\" content=\"de_DE\" \/>\n<meta property=\"og:type\" content=\"article\" \/>\n<meta property=\"og:title\" content=\"Metal Teller Rosette Ring\" \/>\n<meta property=\"og:description\" content=\"Metal Teller Rosette Ring is a high-efficiency random packing made from thin sheet metal stamped and stretched into a diamond-mesh structure of interconnected circles. With high liquid storage, large voidage, low pressure drop, excellent gas\u2013liquid contact, and lightweight performance, it is widely used in absorption, distillation, purification, and environmental processes. Available in stainless steel, carbon steel, and other materials, this precision-engineered packing offers superior corrosion resistance and is suitable for gas washing towers, cooling towers, desulphurization systems, and wastewater treatment applications.\" \/>\n<meta property=\"og:url\" content=\"https:\/\/cpxzx.com\/de\/produkt\/metal-teller-rosette-ring\/\" \/>\n<meta property=\"og:site_name\" content=\"Cooling Tower Fill, China PVC Fills Manufacturer\" \/>\n<meta property=\"article:modified_time\" content=\"2025-09-03T08:05:28+00:00\" \/>\n<meta property=\"og:image\" content=\"https:\/\/cpxzx.com\/wp-content\/uploads\/2025\/09\/Metal-Teller-Rosette-Ring.jpg\" \/>\n\t<meta property=\"og:image:width\" content=\"550\" \/>\n\t<meta property=\"og:image:height\" content=\"550\" \/>\n\t<meta property=\"og:image:type\" content=\"image\/jpeg\" \/>\n<meta name=\"twitter:card\" content=\"summary_large_image\" \/>\n<meta name=\"twitter:label1\" content=\"Gesch\u00e4tzte Lesezeit\" \/>\n\t<meta name=\"twitter:data1\" content=\"3\u00a0Minuten\" \/>\n<script type=\"application\/ld+json\" class=\"yoast-schema-graph\">{\"@context\":\"https:\\\/\\\/schema.org\",\"@graph\":[{\"@type\":\"WebPage\",\"@id\":\"https:\\\/\\\/cpxzx.com\\\/product\\\/metal-teller-rosette-ring\\\/\",\"url\":\"https:\\\/\\\/cpxzx.com\\\/product\\\/metal-teller-rosette-ring\\\/\",\"name\":\"Metal Teller Rosette Ring\",\"isPartOf\":{\"@id\":\"https:\\\/\\\/cpxzx.com\\\/#website\"},\"primaryImageOfPage\":{\"@id\":\"https:\\\/\\\/cpxzx.com\\\/product\\\/metal-teller-rosette-ring\\\/#primaryimage\"},\"image\":{\"@id\":\"https:\\\/\\\/cpxzx.com\\\/product\\\/metal-teller-rosette-ring\\\/#primaryimage\"},\"thumbnailUrl\":\"https:\\\/\\\/cpxzx.com\\\/wp-content\\\/uploads\\\/2025\\\/09\\\/Metal-Teller-Rosette-Ring.jpg\",\"datePublished\":\"2025-09-03T07:52:11+00:00\",\"dateModified\":\"2025-09-03T08:05:28+00:00\",\"breadcrumb\":{\"@id\":\"https:\\\/\\\/cpxzx.com\\\/product\\\/metal-teller-rosette-ring\\\/#breadcrumb\"},\"inLanguage\":\"de\",\"potentialAction\":[{\"@type\":\"ReadAction\",\"target\":[\"https:\\\/\\\/cpxzx.com\\\/product\\\/metal-teller-rosette-ring\\\/\"]}]},{\"@type\":\"ImageObject\",\"inLanguage\":\"de\",\"@id\":\"https:\\\/\\\/cpxzx.com\\\/product\\\/metal-teller-rosette-ring\\\/#primaryimage\",\"url\":\"https:\\\/\\\/cpxzx.com\\\/wp-content\\\/uploads\\\/2025\\\/09\\\/Metal-Teller-Rosette-Ring.jpg\",\"contentUrl\":\"https:\\\/\\\/cpxzx.com\\\/wp-content\\\/uploads\\\/2025\\\/09\\\/Metal-Teller-Rosette-Ring.jpg\",\"width\":550,\"height\":550,\"caption\":\"Metal-Teller-Rosette-Ring\"},{\"@type\":\"BreadcrumbList\",\"@id\":\"https:\\\/\\\/cpxzx.com\\\/product\\\/metal-teller-rosette-ring\\\/#breadcrumb\",\"itemListElement\":[{\"@type\":\"ListItem\",\"position\":1,\"name\":\"Home\",\"item\":\"https:\\\/\\\/cpxzx.com\\\/\"},{\"@type\":\"ListItem\",\"position\":2,\"name\":\"Random Packing\",\"item\":\"https:\\\/\\\/cpxzx.com\\\/pcategory\\\/random-packing\\\/\"},{\"@type\":\"ListItem\",\"position\":3,\"name\":\"Metal Random Packing\",\"item\":\"https:\\\/\\\/cpxzx.com\\\/pcategory\\\/random-packing\\\/metal-random-packing\\\/\"},{\"@type\":\"ListItem\",\"position\":4,\"name\":\"Ss304 SS316 Metal Teller Rosette Ring\"}]},{\"@type\":\"WebSite\",\"@id\":\"https:\\\/\\\/cpxzx.com\\\/#website\",\"url\":\"https:\\\/\\\/cpxzx.com\\\/\",\"name\":\"Cooling Tower Fill, China PVC Fills Manufacturer\",\"description\":\"\",\"publisher\":{\"@id\":\"https:\\\/\\\/cpxzx.com\\\/#organization\"},\"potentialAction\":[{\"@type\":\"SearchAction\",\"target\":{\"@type\":\"EntryPoint\",\"urlTemplate\":\"https:\\\/\\\/cpxzx.com\\\/?s={search_term_string}\"},\"query-input\":{\"@type\":\"PropertyValueSpecification\",\"valueRequired\":true,\"valueName\":\"search_term_string\"}}],\"inLanguage\":\"de\"},{\"@type\":\"Organization\",\"@id\":\"https:\\\/\\\/cpxzx.com\\\/#organization\",\"name\":\"Cooling Tower Fill, China PVC Fills Manufacturer\",\"url\":\"https:\\\/\\\/cpxzx.com\\\/\",\"logo\":{\"@type\":\"ImageObject\",\"inLanguage\":\"de\",\"@id\":\"https:\\\/\\\/cpxzx.com\\\/#\\\/schema\\\/logo\\\/image\\\/\",\"url\":\"https:\\\/\\\/cpxzx.com\\\/wp-content\\\/uploads\\\/2025\\\/07\\\/1751628807-logo.png\",\"contentUrl\":\"https:\\\/\\\/cpxzx.com\\\/wp-content\\\/uploads\\\/2025\\\/07\\\/1751628807-logo.png\",\"width\":383,\"height\":87,\"caption\":\"Cooling Tower Fill, China PVC Fills Manufacturer\"},\"image\":{\"@id\":\"https:\\\/\\\/cpxzx.com\\\/#\\\/schema\\\/logo\\\/image\\\/\"}}]}<\/script>\n<!-- \/ Yoast SEO plugin. -->","yoast_head_json":{"title":"Metall Teller Rosette Ring","robots":{"index":"index","follow":"follow","max-snippet":"max-snippet:-1","max-image-preview":"max-image-preview:large","max-video-preview":"max-video-preview:-1"},"canonical":"https:\/\/cpxzx.com\/de\/produkt\/metal-teller-rosette-ring\/","og_locale":"de_DE","og_type":"article","og_title":"Metal Teller Rosette Ring","og_description":"Metal Teller Rosette Ring is a high-efficiency random packing made from thin sheet metal stamped and stretched into a diamond-mesh structure of interconnected circles. With high liquid storage, large voidage, low pressure drop, excellent gas\u2013liquid contact, and lightweight performance, it is widely used in absorption, distillation, purification, and environmental processes. Available in stainless steel, carbon steel, and other materials, this precision-engineered packing offers superior corrosion resistance and is suitable for gas washing towers, cooling towers, desulphurization systems, and wastewater treatment applications.","og_url":"https:\/\/cpxzx.com\/de\/produkt\/metal-teller-rosette-ring\/","og_site_name":"Cooling Tower Fill, China PVC Fills Manufacturer","article_modified_time":"2025-09-03T08:05:28+00:00","og_image":[{"width":550,"height":550,"url":"https:\/\/cpxzx.com\/wp-content\/uploads\/2025\/09\/Metal-Teller-Rosette-Ring.jpg","type":"image\/jpeg"}],"twitter_card":"summary_large_image","twitter_misc":{"Gesch\u00e4tzte Lesezeit":"3\u00a0Minuten"},"schema":{"@context":"https:\/\/schema.org","@graph":[{"@type":"WebPage","@id":"https:\/\/cpxzx.com\/product\/metal-teller-rosette-ring\/","url":"https:\/\/cpxzx.com\/product\/metal-teller-rosette-ring\/","name":"Metall Teller Rosette Ring","isPartOf":{"@id":"https:\/\/cpxzx.com\/#website"},"primaryImageOfPage":{"@id":"https:\/\/cpxzx.com\/product\/metal-teller-rosette-ring\/#primaryimage"},"image":{"@id":"https:\/\/cpxzx.com\/product\/metal-teller-rosette-ring\/#primaryimage"},"thumbnailUrl":"https:\/\/cpxzx.com\/wp-content\/uploads\/2025\/09\/Metal-Teller-Rosette-Ring.jpg","datePublished":"2025-09-03T07:52:11+00:00","dateModified":"2025-09-03T08:05:28+00:00","breadcrumb":{"@id":"https:\/\/cpxzx.com\/product\/metal-teller-rosette-ring\/#breadcrumb"},"inLanguage":"de","potentialAction":[{"@type":"ReadAction","target":["https:\/\/cpxzx.com\/product\/metal-teller-rosette-ring\/"]}]},{"@type":"ImageObject","inLanguage":"de","@id":"https:\/\/cpxzx.com\/product\/metal-teller-rosette-ring\/#primaryimage","url":"https:\/\/cpxzx.com\/wp-content\/uploads\/2025\/09\/Metal-Teller-Rosette-Ring.jpg","contentUrl":"https:\/\/cpxzx.com\/wp-content\/uploads\/2025\/09\/Metal-Teller-Rosette-Ring.jpg","width":550,"height":550,"caption":"Metal-Teller-Rosette-Ring"},{"@type":"BreadcrumbList","@id":"https:\/\/cpxzx.com\/product\/metal-teller-rosette-ring\/#breadcrumb","itemListElement":[{"@type":"ListItem","position":1,"name":"Home","item":"https:\/\/cpxzx.com\/"},{"@type":"ListItem","position":2,"name":"Random Packing","item":"https:\/\/cpxzx.com\/pcategory\/random-packing\/"},{"@type":"ListItem","position":3,"name":"Metal Random Packing","item":"https:\/\/cpxzx.com\/pcategory\/random-packing\/metal-random-packing\/"},{"@type":"ListItem","position":4,"name":"Ss304 SS316 Metal Teller Rosette Ring"}]},{"@type":"WebSite","@id":"https:\/\/cpxzx.com\/#website","url":"https:\/\/cpxzx.com\/","name":"K\u00fchlturm-F\u00fcllung, China PVC-F\u00fcllungen Hersteller","description":"","publisher":{"@id":"https:\/\/cpxzx.com\/#organization"},"potentialAction":[{"@type":"SearchAction","target":{"@type":"EntryPoint","urlTemplate":"https:\/\/cpxzx.com\/?s={search_term_string}"},"query-input":{"@type":"PropertyValueSpecification","valueRequired":true,"valueName":"search_term_string"}}],"inLanguage":"de"},{"@type":"Organization","@id":"https:\/\/cpxzx.com\/#organization","name":"K\u00fchlturm-F\u00fcllung, China PVC-F\u00fcllungen Hersteller","url":"https:\/\/cpxzx.com\/","logo":{"@type":"ImageObject","inLanguage":"de","@id":"https:\/\/cpxzx.com\/#\/schema\/logo\/image\/","url":"https:\/\/cpxzx.com\/wp-content\/uploads\/2025\/07\/1751628807-logo.png","contentUrl":"https:\/\/cpxzx.com\/wp-content\/uploads\/2025\/07\/1751628807-logo.png","width":383,"height":87,"caption":"Cooling Tower Fill, China PVC Fills Manufacturer"},"image":{"@id":"https:\/\/cpxzx.com\/#\/schema\/logo\/image\/"}}]}},"taxonomy_info":{"pcategory":[{"value":22,"label":"Random Packing"},{"value":23,"label":"Metal Random Packing"}]},"featured_image_src_large":["https:\/\/cpxzx.com\/wp-content\/uploads\/2025\/09\/Metal-Teller-Rosette-Ring.jpg",550,550,false],"author_info":[],"comment_info":"","_links":{"self":[{"href":"https:\/\/cpxzx.com\/de\/wp-json\/wp\/v2\/product\/2943","targetHints":{"allow":["GET"]}}],"collection":[{"href":"https:\/\/cpxzx.com\/de\/wp-json\/wp\/v2\/product"}],"about":[{"href":"https:\/\/cpxzx.com\/de\/wp-json\/wp\/v2\/types\/product"}],"wp:featuredmedia":[{"embeddable":true,"href":"https:\/\/cpxzx.com\/de\/wp-json\/wp\/v2\/media\/2944"}],"wp:attachment":[{"href":"https:\/\/cpxzx.com\/de\/wp-json\/wp\/v2\/media?parent=2943"}],"wp:term":[{"taxonomy":"pcategory","embeddable":true,"href":"https:\/\/cpxzx.com\/de\/wp-json\/wp\/v2\/pcategory?post=2943"},{"taxonomy":"ptag","embeddable":true,"href":"https:\/\/cpxzx.com\/de\/wp-json\/wp\/v2\/ptag?post=2943"}],"curies":[{"name":"wp","href":"https:\/\/api.w.org\/{rel}","templated":true}]}}