{"id":2921,"date":"2025-08-21T07:37:02","date_gmt":"2025-08-21T07:37:02","guid":{"rendered":"https:\/\/cpxzx.com\/?post_type=product&#038;p=2921"},"modified":"2025-08-21T07:37:02","modified_gmt":"2025-08-21T07:37:02","slug":"plastic-ralu-ring","status":"publish","type":"product","link":"https:\/\/cpxzx.com\/de\/produkt\/plastic-ralu-ring\/","title":{"rendered":"Kunststoff-Ralu-Ring"},"content":{"rendered":"<p>Der Ralu Ring aus Kunststoff ist eine fortschrittliche Form der Wirrpackung, die aus dem traditionellen Pall Ring hervorgegangen ist und durch ein modifiziertes Design mit offenem Ring verbessert wurde, um einen geringeren Druckabfall und einen geringeren Materialverbrauch zu erreichen und gleichzeitig eine hohe Effizienz des Stoffaustauschs beizubehalten. Seine Struktur f\u00f6rdert einen verbesserten Gas-Fl\u00fcssigkeits-Kontakt und eine h\u00f6here Trennleistung. Bei der Nachr\u00fcstung bestehender Kolonnen k\u00f6nnen die Betriebskosten gesenkt oder eine geringere Betth\u00f6he bei gleichbleibender Effizienz erm\u00f6glicht werden.<\/p>\n<h2>Eigenschaften<\/h2>\n<ul>\n<li><strong>Verbessertes Hohlraumverh\u00e4ltnis und geringer Druckverlust<\/strong> - Bietet eine h\u00f6here Kapazit\u00e4t und einen effizienteren Durchfluss im Vergleich zu Keramik- oder herk\u00f6mmlichen Pall-Ringen.<\/li>\n<li><strong>Hohes Fl\u00fcssigkeitsr\u00fcckhalteverm\u00f6gen und verl\u00e4ngerte Verweilzeit<\/strong> - Verbessert die Absorption insbesondere bei langsameren chemischen Reaktionen.<\/li>\n<li><strong>Gleichm\u00e4\u00dfige Gas-Fl\u00fcssigkeits-Verteilung<\/strong> - Weniger empfindlich gegen\u00fcber der Qualit\u00e4t der Fl\u00fcssigkeits-\/Dampfverteilung; kompatibel mit Standardverteilern.<\/li>\n<li><strong>Starke mechanische Integrit\u00e4t<\/strong> - Die Ring- und Speichenkonstruktion gew\u00e4hrleistet eine lange Lebensdauer und eignet sich auch f\u00fcr tiefgepackte Betten.<\/li>\n<li><strong>Breite chemische Vertr\u00e4glichkeit und thermische Toleranz<\/strong> - Geeignet f\u00fcr den Einsatz unter hohen Temperaturen (bis ~280 \u00b0C, je nach Material) und resistent gegen chemische Korrosion.<\/li>\n<\/ul>\n<h2>Spezifikationen<\/h2>\n<h2>Verf\u00fcgbare Materialien<\/h2>\n<p>PP (Polypropylen), PE (Polyethylen), RPP (verst\u00e4rktes Polypropylen), PVC, CPVC, PVDF und wahlweise PTFE oder PFA.<\/p>\n<h2>Wichtige physikalische Eigenschaften<\/h2>\n<table border=\"1\" cellspacing=\"0\" cellpadding=\"5\">\n<thead>\n<tr>\n<th>Gr\u00f6\u00dfe<br \/>\n(mm)<\/th>\n<th>Spezifische Oberfl\u00e4che<br \/>\n(m\u00b2\/m\u00b3)<\/th>\n<th>Voidage<br \/>\n(%)<\/th>\n<th>Sch\u00fcttdichte<br \/>\n(kg\/m\u00b3)<\/th>\n<th>St\u00fcck\/m\u00b3<\/th>\n<\/tr>\n<\/thead>\n<tbody>\n<tr>\n<td>15<\/td>\n<td>~320<\/td>\n<td>~94<\/td>\n<td>~80<\/td>\n<td>~170,000<\/td>\n<\/tr>\n<tr>\n<td>25<\/td>\n<td>~190<\/td>\n<td>~94-95<\/td>\n<td>~46.8-56<\/td>\n<td>~36,000<\/td>\n<\/tr>\n<tr>\n<td>38<\/td>\n<td>~150<\/td>\n<td>~95<\/td>\n<td>~65<\/td>\n<td>~13,500<\/td>\n<\/tr>\n<tr>\n<td>50<\/td>\n<td>~110<\/td>\n<td>~95<\/td>\n<td>~53.5-60<\/td>\n<td>~6,300<\/td>\n<\/tr>\n<tr>\n<td>90<\/td>\n<td>~75<\/td>\n<td>~90<\/td>\n<td>~40<\/td>\n<td>~1,000<\/td>\n<\/tr>\n<tr>\n<td>125<\/td>\n<td>~60<\/td>\n<td>~97<\/td>\n<td>~30<\/td>\n<td>~800<\/td>\n<\/tr>\n<\/tbody>\n<\/table>\n<h2>Vorteile<\/h2>\n<ul>\n<li>Hoher Durchsatz bei geringem Druckabfall, was zu Energieeinsparungen f\u00fchrt.<\/li>\n<li>Hervorragender Einklemmschutz und mechanische Robustheit, ideal f\u00fcr anspruchsvolle industrielle Umgebungen.<\/li>\n<li>Ausgezeichnete chemische Korrosionsbest\u00e4ndigkeit, geeignet f\u00fcr ein breites Spektrum aggressiver Medien.<\/li>\n<li>Einfache Handhabung und Installation, was zur Senkung der Betriebskosten beitr\u00e4gt.<\/li>\n<\/ul>\n<h2>Anwendungen<\/h2>\n<ul>\n<li>Abtrennungs-, Absorptions- und Desorptionsverfahren<\/li>\n<li>Atmosph\u00e4rische und Vakuum-Destillationssysteme<\/li>\n<li>Dekarbonisierung, Entschwefelung, CO\u2082-W\u00e4sche<\/li>\n<li>Abtrennung von fl\u00fcchtigen organischen Stoffen wie Ethylbenzol, Iso-Oktan, Toluol<\/li>\n<li>Aerobe\/anaerobe Abwasserbehandlung, Tropfk\u00f6rper, Gasphasen-Biofilter<\/li>\n<\/ul>\n<h2>Paket<\/h2>\n<p>Die Verpackungsformate variieren je nach Anbieter und umfassen in der Regel kleine S\u00e4cke, Supers\u00e4cke (Tonnens\u00e4cke), Kartons oder flexible L\u00f6sungen je nach Auftragsvolumen. Zu den Optionen f\u00fcr den Massenversand geh\u00f6ren Tonnens\u00e4cke, Plastiks\u00e4cke oder Pappkartons; Container, die an die Gr\u00f6\u00dfe der Ladung angepasst sind (20 GP, 40 GP, 40 HQ), mit Lieferzeiten von etwa 7-12 Arbeitstagen.<\/p>","protected":false},"excerpt":{"rendered":"<p>Der Ralu-Ring aus Kunststoff ist eine hochleistungsf\u00e4hige F\u00fcllk\u00f6rperpackung, die h\u00e4ufig in Stoffaustauschanwendungen wie Absorption, Reinigung und Strippen eingesetzt wird. Er wird aus haltbaren thermoplastischen Materialien wie PP, PE, PVC, PVDF oder PTFE hergestellt und bietet eine ausgezeichnete mechanische Festigkeit, chemische Best\u00e4ndigkeit und thermische Stabilit\u00e4t. Mit seiner einzigartigen offenen Struktur gew\u00e4hrleistet der Ralu Ring einen geringen Druckabfall, ein hohes Porenverh\u00e4ltnis und einen effizienten Gas-Fl\u00fcssigkeits-Kontakt, was ihn ideal f\u00fcr die chemische, petrochemische und Umweltschutzindustrie macht.<\/p>","protected":false},"featured_media":2932,"parent":0,"template":"","meta":{"_acf_changed":false,"_kad_blocks_custom_css":"","_kad_blocks_head_custom_js":"","_kad_blocks_body_custom_js":"","_kad_blocks_footer_custom_js":"","_kadence_starter_templates_imported_post":false,"_kad_post_transparent":"default","_kad_post_title":"","_kad_post_layout":"default","_kad_post_sidebar_id":"","_kad_post_content_style":"default","_kad_post_vertical_padding":"default","_kad_post_feature":"","_kad_post_feature_position":"","_kad_post_header":false,"_kad_post_footer":false},"pcategory":[22,25],"ptag":[],"class_list":["post-2921","product","type-product","status-publish","has-post-thumbnail","hentry","pcategory-random-packing","pcategory-plastic-random-packing"],"acf":[],"yoast_head":"<!-- This site is optimized with the Yoast SEO plugin v27.4 - https:\/\/yoast.com\/product\/yoast-seo-wordpress\/ -->\n<title>Plastic Ralu Ring<\/title>\n<meta name=\"robots\" content=\"index, follow, max-snippet:-1, max-image-preview:large, max-video-preview:-1\" \/>\n<link rel=\"canonical\" href=\"https:\/\/cpxzx.com\/de\/produkt\/plastic-ralu-ring\/\" \/>\n<meta property=\"og:locale\" content=\"de_DE\" \/>\n<meta property=\"og:type\" content=\"article\" \/>\n<meta property=\"og:title\" content=\"Plastic Ralu Ring\" \/>\n<meta property=\"og:description\" content=\"Plastic Ralu Ring is a high-performance random packing widely used in mass transfer applications such as absorption, scrubbing, and stripping. Made from durable thermoplastic materials like PP, PE, PVC, PVDF, or PTFE, it offers excellent mechanical strength, chemical resistance, and thermal stability. With its unique open structure, the Ralu Ring ensures low pressure drop, high void ratio, and efficient gas-liquid contact, making it ideal for chemical, petrochemical, and environmental protection industries.\" \/>\n<meta property=\"og:url\" content=\"https:\/\/cpxzx.com\/de\/produkt\/plastic-ralu-ring\/\" \/>\n<meta property=\"og:site_name\" content=\"Cooling Tower Fill, China PVC Fills Manufacturer\" \/>\n<meta property=\"og:image\" content=\"https:\/\/cpxzx.com\/wp-content\/uploads\/2025\/08\/PP-PE-CPVC-Plastic-Ralu-Ring-for-Separation-Tower-Packing.jpg\" \/>\n\t<meta property=\"og:image:width\" content=\"550\" \/>\n\t<meta property=\"og:image:height\" content=\"550\" \/>\n\t<meta property=\"og:image:type\" content=\"image\/jpeg\" \/>\n<meta name=\"twitter:card\" content=\"summary_large_image\" \/>\n<meta name=\"twitter:label1\" content=\"Gesch\u00e4tzte Lesezeit\" \/>\n\t<meta name=\"twitter:data1\" content=\"2\u00a0Minuten\" \/>\n<script type=\"application\/ld+json\" class=\"yoast-schema-graph\">{\"@context\":\"https:\\\/\\\/schema.org\",\"@graph\":[{\"@type\":\"WebPage\",\"@id\":\"https:\\\/\\\/cpxzx.com\\\/product\\\/plastic-ralu-ring\\\/\",\"url\":\"https:\\\/\\\/cpxzx.com\\\/product\\\/plastic-ralu-ring\\\/\",\"name\":\"Plastic Ralu Ring\",\"isPartOf\":{\"@id\":\"https:\\\/\\\/cpxzx.com\\\/#website\"},\"primaryImageOfPage\":{\"@id\":\"https:\\\/\\\/cpxzx.com\\\/product\\\/plastic-ralu-ring\\\/#primaryimage\"},\"image\":{\"@id\":\"https:\\\/\\\/cpxzx.com\\\/product\\\/plastic-ralu-ring\\\/#primaryimage\"},\"thumbnailUrl\":\"https:\\\/\\\/cpxzx.com\\\/wp-content\\\/uploads\\\/2025\\\/08\\\/PP-PE-CPVC-Plastic-Ralu-Ring-for-Separation-Tower-Packing.jpg\",\"datePublished\":\"2025-08-21T07:37:02+00:00\",\"breadcrumb\":{\"@id\":\"https:\\\/\\\/cpxzx.com\\\/product\\\/plastic-ralu-ring\\\/#breadcrumb\"},\"inLanguage\":\"de\",\"potentialAction\":[{\"@type\":\"ReadAction\",\"target\":[\"https:\\\/\\\/cpxzx.com\\\/product\\\/plastic-ralu-ring\\\/\"]}]},{\"@type\":\"ImageObject\",\"inLanguage\":\"de\",\"@id\":\"https:\\\/\\\/cpxzx.com\\\/product\\\/plastic-ralu-ring\\\/#primaryimage\",\"url\":\"https:\\\/\\\/cpxzx.com\\\/wp-content\\\/uploads\\\/2025\\\/08\\\/PP-PE-CPVC-Plastic-Ralu-Ring-for-Separation-Tower-Packing.jpg\",\"contentUrl\":\"https:\\\/\\\/cpxzx.com\\\/wp-content\\\/uploads\\\/2025\\\/08\\\/PP-PE-CPVC-Plastic-Ralu-Ring-for-Separation-Tower-Packing.jpg\",\"width\":550,\"height\":550},{\"@type\":\"BreadcrumbList\",\"@id\":\"https:\\\/\\\/cpxzx.com\\\/product\\\/plastic-ralu-ring\\\/#breadcrumb\",\"itemListElement\":[{\"@type\":\"ListItem\",\"position\":1,\"name\":\"Home\",\"item\":\"https:\\\/\\\/cpxzx.com\\\/\"},{\"@type\":\"ListItem\",\"position\":2,\"name\":\"Random Packing\",\"item\":\"https:\\\/\\\/cpxzx.com\\\/pcategory\\\/random-packing\\\/\"},{\"@type\":\"ListItem\",\"position\":3,\"name\":\"Plastic Random Packing\",\"item\":\"https:\\\/\\\/cpxzx.com\\\/pcategory\\\/random-packing\\\/plastic-random-packing\\\/\"},{\"@type\":\"ListItem\",\"position\":4,\"name\":\"Plastic Ralu Ring\"}]},{\"@type\":\"WebSite\",\"@id\":\"https:\\\/\\\/cpxzx.com\\\/#website\",\"url\":\"https:\\\/\\\/cpxzx.com\\\/\",\"name\":\"Cooling Tower Fill, China PVC Fills Manufacturer\",\"description\":\"\",\"publisher\":{\"@id\":\"https:\\\/\\\/cpxzx.com\\\/#organization\"},\"potentialAction\":[{\"@type\":\"SearchAction\",\"target\":{\"@type\":\"EntryPoint\",\"urlTemplate\":\"https:\\\/\\\/cpxzx.com\\\/?s={search_term_string}\"},\"query-input\":{\"@type\":\"PropertyValueSpecification\",\"valueRequired\":true,\"valueName\":\"search_term_string\"}}],\"inLanguage\":\"de\"},{\"@type\":\"Organization\",\"@id\":\"https:\\\/\\\/cpxzx.com\\\/#organization\",\"name\":\"Cooling Tower Fill, China PVC Fills Manufacturer\",\"url\":\"https:\\\/\\\/cpxzx.com\\\/\",\"logo\":{\"@type\":\"ImageObject\",\"inLanguage\":\"de\",\"@id\":\"https:\\\/\\\/cpxzx.com\\\/#\\\/schema\\\/logo\\\/image\\\/\",\"url\":\"https:\\\/\\\/cpxzx.com\\\/wp-content\\\/uploads\\\/2025\\\/07\\\/1751628807-logo.png\",\"contentUrl\":\"https:\\\/\\\/cpxzx.com\\\/wp-content\\\/uploads\\\/2025\\\/07\\\/1751628807-logo.png\",\"width\":383,\"height\":87,\"caption\":\"Cooling Tower Fill, China PVC Fills Manufacturer\"},\"image\":{\"@id\":\"https:\\\/\\\/cpxzx.com\\\/#\\\/schema\\\/logo\\\/image\\\/\"}}]}<\/script>\n<!-- \/ Yoast SEO plugin. -->","yoast_head_json":{"title":"Kunststoff-Ralu-Ring","robots":{"index":"index","follow":"follow","max-snippet":"max-snippet:-1","max-image-preview":"max-image-preview:large","max-video-preview":"max-video-preview:-1"},"canonical":"https:\/\/cpxzx.com\/de\/produkt\/plastic-ralu-ring\/","og_locale":"de_DE","og_type":"article","og_title":"Plastic Ralu Ring","og_description":"Plastic Ralu Ring is a high-performance random packing widely used in mass transfer applications such as absorption, scrubbing, and stripping. Made from durable thermoplastic materials like PP, PE, PVC, PVDF, or PTFE, it offers excellent mechanical strength, chemical resistance, and thermal stability. With its unique open structure, the Ralu Ring ensures low pressure drop, high void ratio, and efficient gas-liquid contact, making it ideal for chemical, petrochemical, and environmental protection industries.","og_url":"https:\/\/cpxzx.com\/de\/produkt\/plastic-ralu-ring\/","og_site_name":"Cooling Tower Fill, China PVC Fills Manufacturer","og_image":[{"width":550,"height":550,"url":"https:\/\/cpxzx.com\/wp-content\/uploads\/2025\/08\/PP-PE-CPVC-Plastic-Ralu-Ring-for-Separation-Tower-Packing.jpg","type":"image\/jpeg"}],"twitter_card":"summary_large_image","twitter_misc":{"Gesch\u00e4tzte Lesezeit":"2\u00a0Minuten"},"schema":{"@context":"https:\/\/schema.org","@graph":[{"@type":"WebPage","@id":"https:\/\/cpxzx.com\/product\/plastic-ralu-ring\/","url":"https:\/\/cpxzx.com\/product\/plastic-ralu-ring\/","name":"Kunststoff-Ralu-Ring","isPartOf":{"@id":"https:\/\/cpxzx.com\/#website"},"primaryImageOfPage":{"@id":"https:\/\/cpxzx.com\/product\/plastic-ralu-ring\/#primaryimage"},"image":{"@id":"https:\/\/cpxzx.com\/product\/plastic-ralu-ring\/#primaryimage"},"thumbnailUrl":"https:\/\/cpxzx.com\/wp-content\/uploads\/2025\/08\/PP-PE-CPVC-Plastic-Ralu-Ring-for-Separation-Tower-Packing.jpg","datePublished":"2025-08-21T07:37:02+00:00","breadcrumb":{"@id":"https:\/\/cpxzx.com\/product\/plastic-ralu-ring\/#breadcrumb"},"inLanguage":"de","potentialAction":[{"@type":"ReadAction","target":["https:\/\/cpxzx.com\/product\/plastic-ralu-ring\/"]}]},{"@type":"ImageObject","inLanguage":"de","@id":"https:\/\/cpxzx.com\/product\/plastic-ralu-ring\/#primaryimage","url":"https:\/\/cpxzx.com\/wp-content\/uploads\/2025\/08\/PP-PE-CPVC-Plastic-Ralu-Ring-for-Separation-Tower-Packing.jpg","contentUrl":"https:\/\/cpxzx.com\/wp-content\/uploads\/2025\/08\/PP-PE-CPVC-Plastic-Ralu-Ring-for-Separation-Tower-Packing.jpg","width":550,"height":550},{"@type":"BreadcrumbList","@id":"https:\/\/cpxzx.com\/product\/plastic-ralu-ring\/#breadcrumb","itemListElement":[{"@type":"ListItem","position":1,"name":"Home","item":"https:\/\/cpxzx.com\/"},{"@type":"ListItem","position":2,"name":"Random Packing","item":"https:\/\/cpxzx.com\/pcategory\/random-packing\/"},{"@type":"ListItem","position":3,"name":"Plastic Random Packing","item":"https:\/\/cpxzx.com\/pcategory\/random-packing\/plastic-random-packing\/"},{"@type":"ListItem","position":4,"name":"Plastic Ralu Ring"}]},{"@type":"WebSite","@id":"https:\/\/cpxzx.com\/#website","url":"https:\/\/cpxzx.com\/","name":"K\u00fchlturm-F\u00fcllung, China PVC-F\u00fcllungen Hersteller","description":"","publisher":{"@id":"https:\/\/cpxzx.com\/#organization"},"potentialAction":[{"@type":"SearchAction","target":{"@type":"EntryPoint","urlTemplate":"https:\/\/cpxzx.com\/?s={search_term_string}"},"query-input":{"@type":"PropertyValueSpecification","valueRequired":true,"valueName":"search_term_string"}}],"inLanguage":"de"},{"@type":"Organization","@id":"https:\/\/cpxzx.com\/#organization","name":"K\u00fchlturm-F\u00fcllung, China PVC-F\u00fcllungen Hersteller","url":"https:\/\/cpxzx.com\/","logo":{"@type":"ImageObject","inLanguage":"de","@id":"https:\/\/cpxzx.com\/#\/schema\/logo\/image\/","url":"https:\/\/cpxzx.com\/wp-content\/uploads\/2025\/07\/1751628807-logo.png","contentUrl":"https:\/\/cpxzx.com\/wp-content\/uploads\/2025\/07\/1751628807-logo.png","width":383,"height":87,"caption":"Cooling Tower Fill, China PVC Fills Manufacturer"},"image":{"@id":"https:\/\/cpxzx.com\/#\/schema\/logo\/image\/"}}]}},"taxonomy_info":{"pcategory":[{"value":22,"label":"Random Packing"},{"value":25,"label":"Plastic Random Packing"}]},"featured_image_src_large":["https:\/\/cpxzx.com\/wp-content\/uploads\/2025\/08\/PP-PE-CPVC-Plastic-Ralu-Ring-for-Separation-Tower-Packing.jpg",550,550,false],"author_info":[],"comment_info":"","_links":{"self":[{"href":"https:\/\/cpxzx.com\/de\/wp-json\/wp\/v2\/product\/2921","targetHints":{"allow":["GET"]}}],"collection":[{"href":"https:\/\/cpxzx.com\/de\/wp-json\/wp\/v2\/product"}],"about":[{"href":"https:\/\/cpxzx.com\/de\/wp-json\/wp\/v2\/types\/product"}],"wp:featuredmedia":[{"embeddable":true,"href":"https:\/\/cpxzx.com\/de\/wp-json\/wp\/v2\/media\/2932"}],"wp:attachment":[{"href":"https:\/\/cpxzx.com\/de\/wp-json\/wp\/v2\/media?parent=2921"}],"wp:term":[{"taxonomy":"pcategory","embeddable":true,"href":"https:\/\/cpxzx.com\/de\/wp-json\/wp\/v2\/pcategory?post=2921"},{"taxonomy":"ptag","embeddable":true,"href":"https:\/\/cpxzx.com\/de\/wp-json\/wp\/v2\/ptag?post=2921"}],"curies":[{"name":"wp","href":"https:\/\/api.w.org\/{rel}","templated":true}]}}