{"id":2893,"date":"2025-08-12T05:36:56","date_gmt":"2025-08-12T05:36:56","guid":{"rendered":"https:\/\/cpxzx.com\/?post_type=product&#038;p=2893"},"modified":"2025-08-17T14:32:13","modified_gmt":"2025-08-17T14:32:13","slug":"kunststoff-konjugierter-ring-pe-pp-rpp-pvc-cpvc-pvdf","status":"publish","type":"product","link":"https:\/\/cpxzx.com\/de\/produkt\/kunststoff-konjugierter-ring-pe-pp-rpp-pvc-cpvc-pvdf\/","title":{"rendered":"Kunststoff-Konjugat-Ring PE, PP, RPP, PVC, CPVC, PVDF"},"content":{"rendered":"<p>Die <strong>konjugierter Kunststoffring<\/strong> ist eine Hochleistungs-F\u00fcllk\u00f6rperpackung, die die Vorteile der ringf\u00f6rmigen F\u00fcllk\u00f6rper und des Intalox-Sattelrings aus Kunststoff vereint. Mit seiner konjugierten Kurvenrippenstruktur und dem optimalen L\u00e4ngendesign bietet der konjugierte Kunststoffring im Vergleich zu herk\u00f6mmlichen F\u00fcllk\u00f6rpern mehr Kontaktpunkte und eine gr\u00f6\u00dfere Gas-Fl\u00fcssigkeits-Kontaktfl\u00e4che. Diese einzigartige Struktur gew\u00e4hrleistet einen effizienten Stoffaustausch und eine hervorragende Trennleistung.<\/p>\n<h2>Merkmale des Kunststoffkonjugatrings<\/h2>\n<ul>\n<li>Werkstoffe: PE, PP, RPP, PVC, CPVC, PVDF, usw.<\/li>\n<li>Hohes Hohlraumverh\u00e4ltnis und geringer Druckverlust<\/li>\n<li>Hohe Stoff\u00fcbertragungseffizienz und geringes spezifisches Gewicht<\/li>\n<li>Ausgezeichnete Korrosionsbest\u00e4ndigkeit<\/li>\n<li>Hohe Abscheideleistung und lange Nutzungsdauer<\/li>\n<\/ul>\n<h2>Spezifikation<\/h2>\n<p>Physikalische und chemische Eigenschaften:<\/p>\n<table style=\"height: 233px;\" border=\"1\" width=\"1277\" cellspacing=\"0\" cellpadding=\"5\">\n<tbody>\n<tr>\n<td>Spezifikation<br \/>\n(mm)<\/td>\n<td>Gro\u00dfe St\u00fcckzahlen<br \/>\n(pro\/ m3)<\/td>\n<td>Fl\u00e4che<br \/>\n(m\u00b2\/m\u00b3)<\/td>\n<td>Freies Volumen<br \/>\n(%)<\/td>\n<\/tr>\n<tr>\n<td>\u03c625<\/td>\n<td>75000<\/td>\n<td>185<\/td>\n<td>95.3<\/td>\n<\/tr>\n<tr>\n<td>\u03c638<\/td>\n<td>16000<\/td>\n<td>116<\/td>\n<td>95.7<\/td>\n<\/tr>\n<tr>\n<td>\u03c650<\/td>\n<td>9700<\/td>\n<td>86<\/td>\n<td>96.6<\/td>\n<\/tr>\n<tr>\n<td>\u03c676<\/td>\n<td>2480<\/td>\n<td>81<\/td>\n<td>94.8<\/td>\n<\/tr>\n<tr>\n<td>\u03c6100<\/td>\n<td>1800<\/td>\n<td>76<\/td>\n<td>94.1<\/td>\n<\/tr>\n<\/tbody>\n<\/table>\n<p>&nbsp;<\/p>\n<table border=\"1\" cellspacing=\"0\" cellpadding=\"5\">\n<tbody>\n<tr>\n<th>Material<\/th>\n<th>Dichte<br \/>\n(g\/cm\u00b3)<\/th>\n<th>Betriebstemperatur.<br \/>\n(\u00b0C)<\/th>\n<th>Chemische Korrosionsbest\u00e4ndigkeit<\/th>\n<th>Druckfestigkeit<br \/>\n(MPa)<\/th>\n<\/tr>\n<tr>\n<td>PE<\/td>\n<td>0.94-0.96<\/td>\n<td>90<\/td>\n<td>Gut<\/td>\n<td>&gt;6.0<\/td>\n<\/tr>\n<tr>\n<td>PP<\/td>\n<td>0.89-0.91<\/td>\n<td>&gt;100<\/td>\n<td>Gut<\/td>\n<td>&gt;6.5<\/td>\n<\/tr>\n<tr>\n<td>RPP<\/td>\n<td>0.93-0.94<\/td>\n<td>&gt;120<\/td>\n<td>Gut<\/td>\n<td>&gt;7.0<\/td>\n<\/tr>\n<tr>\n<td>PVC<\/td>\n<td>1.32-1.44<\/td>\n<td>&gt;60<\/td>\n<td>Gut<\/td>\n<td>&gt;6.0<\/td>\n<\/tr>\n<tr>\n<td>CPVC<\/td>\n<td>1.50-1.54<\/td>\n<td>&gt;90<\/td>\n<td>Gut<\/td>\n<td>&gt;8.0<\/td>\n<\/tr>\n<tr>\n<td>PVDF<\/td>\n<td>1.75-1.78<\/td>\n<td>&gt;150<\/td>\n<td>Gut<\/td>\n<td>&gt;10.0<\/td>\n<\/tr>\n<\/tbody>\n<\/table>\n<h2>Vorteile des Kunststoffkonjugatrings<\/h2>\n<ul>\n<li>Spezielle Konstruktion f\u00fcr gro\u00dfen Durchfluss und geringen Druckabfall<\/li>\n<li>Gute Sto\u00dffestigkeit und lange Betriebsdauer<\/li>\n<li>Hohe Best\u00e4ndigkeit gegen chemische Korrosion<\/li>\n<li>Gro\u00dfer Hohlraum f\u00fcr hohe Effizienz<\/li>\n<li>Energieeinsparung, niedrige Betriebskosten und einfaches Be- und Entladen<\/li>\n<\/ul>\n<h2>Anwendungen des konjugierten Kunststoffrings<\/h2>\n<p>Konjugierte Kunststoffringe sind in der Erd\u00f6lraffination, der chemischen Verarbeitung, der Alkalichloridproduktion, der Gasbehandlung und im Umweltschutz weit verbreitet.<br \/>\nSie eignen sich f\u00fcr Anwendungen, bei denen die Betriebstemperaturen je nach gew\u00e4hltem Material bis zu 280\u00b0C erreichen.<br \/>\nIn F\u00fcllk\u00f6rpert\u00fcrmen, W\u00e4schern und Destillationskolonnen sorgt der konjugierte Kunststoffring f\u00fcr eine effiziente Trennung bei gleichzeitig niedrigem Energieverbrauch.<\/p>\n<h2>Paket<\/h2>\n<p>Die konjugierten Kunststoffringe sind sicher verpackt, um Besch\u00e4digungen w\u00e4hrend des Transports zu vermeiden, so dass sie sofort f\u00fcr den Einsatz in Ihrer Prozessanlage bereit sind.<\/p>","protected":false},"excerpt":{"rendered":"<p>Der konjugierte Kunststoffring ist weithin bekannt f\u00fcr seinen gro\u00dfen Durchfluss, den geringen Fl\u00fcssigkeitswiderstand und die hervorragende Betriebsflexibilit\u00e4t. Er wurde entwickelt, um die Leistung von S\u00e4ulen in einer Vielzahl von Anwendungen in den Bereichen Chemie, Erd\u00f6l und Umwelt zu optimieren. Durch die Verbesserung der Kontakteffizienz steigert der konjugierte Kunststoffring den Durchsatz bei gleichzeitiger Minimierung des Druckabfalls, was ihn zu einer bevorzugten Wahl f\u00fcr industrielle Prozesse macht.<\/p>","protected":false},"featured_media":2894,"parent":0,"template":"","meta":{"_acf_changed":false,"_kad_blocks_custom_css":"","_kad_blocks_head_custom_js":"","_kad_blocks_body_custom_js":"","_kad_blocks_footer_custom_js":"","_kadence_starter_templates_imported_post":false,"_kad_post_transparent":"default","_kad_post_title":"","_kad_post_layout":"default","_kad_post_sidebar_id":"","_kad_post_content_style":"default","_kad_post_vertical_padding":"default","_kad_post_feature":"","_kad_post_feature_position":"","_kad_post_header":false,"_kad_post_footer":false},"pcategory":[22,25],"ptag":[],"class_list":["post-2893","product","type-product","status-publish","has-post-thumbnail","hentry","pcategory-random-packing","pcategory-plastic-random-packing"],"acf":[],"yoast_head":"<!-- This site is optimized with the Yoast SEO plugin v27.4 - https:\/\/yoast.com\/product\/yoast-seo-wordpress\/ -->\n<title>Plastic Conjugate Ring<\/title>\n<meta name=\"robots\" content=\"index, follow, max-snippet:-1, max-image-preview:large, max-video-preview:-1\" \/>\n<link rel=\"canonical\" href=\"https:\/\/cpxzx.com\/de\/produkt\/kunststoff-konjugierter-ring-pe-pp-rpp-pvc-cpvc-pvdf\/\" \/>\n<meta property=\"og:locale\" content=\"de_DE\" \/>\n<meta property=\"og:type\" content=\"article\" \/>\n<meta property=\"og:title\" content=\"Plastic Conjugate Ring\" \/>\n<meta property=\"og:description\" content=\"The plastic conjugate ring is widely recognized for its large flux, low fluid resistance, and outstanding operational flexibility. It is designed to optimize column performance in a variety of chemical, petroleum, and environmental applications. By improving contact efficiency, the plastic conjugate ring enhances throughput while minimizing pressure drop, making it a preferred choice for industrial processes.\" \/>\n<meta property=\"og:url\" content=\"https:\/\/cpxzx.com\/de\/produkt\/kunststoff-konjugierter-ring-pe-pp-rpp-pvc-cpvc-pvdf\/\" \/>\n<meta property=\"og:site_name\" content=\"Cooling Tower Fill, China PVC Fills Manufacturer\" \/>\n<meta property=\"article:modified_time\" content=\"2025-08-17T14:32:13+00:00\" \/>\n<meta property=\"og:image\" content=\"https:\/\/cpxzx.com\/wp-content\/uploads\/2025\/08\/Plastic-Conjugate-Ring-2.jpg\" \/>\n\t<meta property=\"og:image:width\" content=\"550\" \/>\n\t<meta property=\"og:image:height\" content=\"550\" \/>\n\t<meta property=\"og:image:type\" content=\"image\/jpeg\" \/>\n<meta name=\"twitter:card\" content=\"summary_large_image\" \/>\n<meta name=\"twitter:label1\" content=\"Gesch\u00e4tzte Lesezeit\" \/>\n\t<meta name=\"twitter:data1\" content=\"2\u00a0Minuten\" \/>\n<script type=\"application\/ld+json\" class=\"yoast-schema-graph\">{\"@context\":\"https:\\\/\\\/schema.org\",\"@graph\":[{\"@type\":\"WebPage\",\"@id\":\"https:\\\/\\\/cpxzx.com\\\/product\\\/plastic-conjugate-ring-pe-pp-rpp-pvc-cpvc-pvdf\\\/\",\"url\":\"https:\\\/\\\/cpxzx.com\\\/product\\\/plastic-conjugate-ring-pe-pp-rpp-pvc-cpvc-pvdf\\\/\",\"name\":\"Plastic Conjugate Ring\",\"isPartOf\":{\"@id\":\"https:\\\/\\\/cpxzx.com\\\/#website\"},\"primaryImageOfPage\":{\"@id\":\"https:\\\/\\\/cpxzx.com\\\/product\\\/plastic-conjugate-ring-pe-pp-rpp-pvc-cpvc-pvdf\\\/#primaryimage\"},\"image\":{\"@id\":\"https:\\\/\\\/cpxzx.com\\\/product\\\/plastic-conjugate-ring-pe-pp-rpp-pvc-cpvc-pvdf\\\/#primaryimage\"},\"thumbnailUrl\":\"https:\\\/\\\/cpxzx.com\\\/wp-content\\\/uploads\\\/2025\\\/08\\\/Plastic-Conjugate-Ring-2.jpg\",\"datePublished\":\"2025-08-12T05:36:56+00:00\",\"dateModified\":\"2025-08-17T14:32:13+00:00\",\"breadcrumb\":{\"@id\":\"https:\\\/\\\/cpxzx.com\\\/product\\\/plastic-conjugate-ring-pe-pp-rpp-pvc-cpvc-pvdf\\\/#breadcrumb\"},\"inLanguage\":\"de\",\"potentialAction\":[{\"@type\":\"ReadAction\",\"target\":[\"https:\\\/\\\/cpxzx.com\\\/product\\\/plastic-conjugate-ring-pe-pp-rpp-pvc-cpvc-pvdf\\\/\"]}]},{\"@type\":\"ImageObject\",\"inLanguage\":\"de\",\"@id\":\"https:\\\/\\\/cpxzx.com\\\/product\\\/plastic-conjugate-ring-pe-pp-rpp-pvc-cpvc-pvdf\\\/#primaryimage\",\"url\":\"https:\\\/\\\/cpxzx.com\\\/wp-content\\\/uploads\\\/2025\\\/08\\\/Plastic-Conjugate-Ring-2.jpg\",\"contentUrl\":\"https:\\\/\\\/cpxzx.com\\\/wp-content\\\/uploads\\\/2025\\\/08\\\/Plastic-Conjugate-Ring-2.jpg\",\"width\":550,\"height\":550},{\"@type\":\"BreadcrumbList\",\"@id\":\"https:\\\/\\\/cpxzx.com\\\/product\\\/plastic-conjugate-ring-pe-pp-rpp-pvc-cpvc-pvdf\\\/#breadcrumb\",\"itemListElement\":[{\"@type\":\"ListItem\",\"position\":1,\"name\":\"Home\",\"item\":\"https:\\\/\\\/cpxzx.com\\\/\"},{\"@type\":\"ListItem\",\"position\":2,\"name\":\"Random Packing\",\"item\":\"https:\\\/\\\/cpxzx.com\\\/pcategory\\\/random-packing\\\/\"},{\"@type\":\"ListItem\",\"position\":3,\"name\":\"Plastic Conjugate Ring PE, PP, RPP, PVC, CPVC, PVDF\"}]},{\"@type\":\"WebSite\",\"@id\":\"https:\\\/\\\/cpxzx.com\\\/#website\",\"url\":\"https:\\\/\\\/cpxzx.com\\\/\",\"name\":\"Cooling Tower Fill, China PVC Fills Manufacturer\",\"description\":\"\",\"publisher\":{\"@id\":\"https:\\\/\\\/cpxzx.com\\\/#organization\"},\"potentialAction\":[{\"@type\":\"SearchAction\",\"target\":{\"@type\":\"EntryPoint\",\"urlTemplate\":\"https:\\\/\\\/cpxzx.com\\\/?s={search_term_string}\"},\"query-input\":{\"@type\":\"PropertyValueSpecification\",\"valueRequired\":true,\"valueName\":\"search_term_string\"}}],\"inLanguage\":\"de\"},{\"@type\":\"Organization\",\"@id\":\"https:\\\/\\\/cpxzx.com\\\/#organization\",\"name\":\"Cooling Tower Fill, China PVC Fills Manufacturer\",\"url\":\"https:\\\/\\\/cpxzx.com\\\/\",\"logo\":{\"@type\":\"ImageObject\",\"inLanguage\":\"de\",\"@id\":\"https:\\\/\\\/cpxzx.com\\\/#\\\/schema\\\/logo\\\/image\\\/\",\"url\":\"https:\\\/\\\/cpxzx.com\\\/wp-content\\\/uploads\\\/2025\\\/07\\\/1751628807-logo.png\",\"contentUrl\":\"https:\\\/\\\/cpxzx.com\\\/wp-content\\\/uploads\\\/2025\\\/07\\\/1751628807-logo.png\",\"width\":383,\"height\":87,\"caption\":\"Cooling Tower Fill, China PVC Fills Manufacturer\"},\"image\":{\"@id\":\"https:\\\/\\\/cpxzx.com\\\/#\\\/schema\\\/logo\\\/image\\\/\"}}]}<\/script>\n<!-- \/ Yoast SEO plugin. -->","yoast_head_json":{"title":"Konjugierter Kunststoffring","robots":{"index":"index","follow":"follow","max-snippet":"max-snippet:-1","max-image-preview":"max-image-preview:large","max-video-preview":"max-video-preview:-1"},"canonical":"https:\/\/cpxzx.com\/de\/produkt\/kunststoff-konjugierter-ring-pe-pp-rpp-pvc-cpvc-pvdf\/","og_locale":"de_DE","og_type":"article","og_title":"Plastic Conjugate Ring","og_description":"The plastic conjugate ring is widely recognized for its large flux, low fluid resistance, and outstanding operational flexibility. It is designed to optimize column performance in a variety of chemical, petroleum, and environmental applications. By improving contact efficiency, the plastic conjugate ring enhances throughput while minimizing pressure drop, making it a preferred choice for industrial processes.","og_url":"https:\/\/cpxzx.com\/de\/produkt\/kunststoff-konjugierter-ring-pe-pp-rpp-pvc-cpvc-pvdf\/","og_site_name":"Cooling Tower Fill, China PVC Fills Manufacturer","article_modified_time":"2025-08-17T14:32:13+00:00","og_image":[{"width":550,"height":550,"url":"https:\/\/cpxzx.com\/wp-content\/uploads\/2025\/08\/Plastic-Conjugate-Ring-2.jpg","type":"image\/jpeg"}],"twitter_card":"summary_large_image","twitter_misc":{"Gesch\u00e4tzte Lesezeit":"2\u00a0Minuten"},"schema":{"@context":"https:\/\/schema.org","@graph":[{"@type":"WebPage","@id":"https:\/\/cpxzx.com\/product\/plastic-conjugate-ring-pe-pp-rpp-pvc-cpvc-pvdf\/","url":"https:\/\/cpxzx.com\/product\/plastic-conjugate-ring-pe-pp-rpp-pvc-cpvc-pvdf\/","name":"Konjugierter Kunststoffring","isPartOf":{"@id":"https:\/\/cpxzx.com\/#website"},"primaryImageOfPage":{"@id":"https:\/\/cpxzx.com\/product\/plastic-conjugate-ring-pe-pp-rpp-pvc-cpvc-pvdf\/#primaryimage"},"image":{"@id":"https:\/\/cpxzx.com\/product\/plastic-conjugate-ring-pe-pp-rpp-pvc-cpvc-pvdf\/#primaryimage"},"thumbnailUrl":"https:\/\/cpxzx.com\/wp-content\/uploads\/2025\/08\/Plastic-Conjugate-Ring-2.jpg","datePublished":"2025-08-12T05:36:56+00:00","dateModified":"2025-08-17T14:32:13+00:00","breadcrumb":{"@id":"https:\/\/cpxzx.com\/product\/plastic-conjugate-ring-pe-pp-rpp-pvc-cpvc-pvdf\/#breadcrumb"},"inLanguage":"de","potentialAction":[{"@type":"ReadAction","target":["https:\/\/cpxzx.com\/product\/plastic-conjugate-ring-pe-pp-rpp-pvc-cpvc-pvdf\/"]}]},{"@type":"ImageObject","inLanguage":"de","@id":"https:\/\/cpxzx.com\/product\/plastic-conjugate-ring-pe-pp-rpp-pvc-cpvc-pvdf\/#primaryimage","url":"https:\/\/cpxzx.com\/wp-content\/uploads\/2025\/08\/Plastic-Conjugate-Ring-2.jpg","contentUrl":"https:\/\/cpxzx.com\/wp-content\/uploads\/2025\/08\/Plastic-Conjugate-Ring-2.jpg","width":550,"height":550},{"@type":"BreadcrumbList","@id":"https:\/\/cpxzx.com\/product\/plastic-conjugate-ring-pe-pp-rpp-pvc-cpvc-pvdf\/#breadcrumb","itemListElement":[{"@type":"ListItem","position":1,"name":"Home","item":"https:\/\/cpxzx.com\/"},{"@type":"ListItem","position":2,"name":"Random Packing","item":"https:\/\/cpxzx.com\/pcategory\/random-packing\/"},{"@type":"ListItem","position":3,"name":"Plastic Conjugate Ring PE, PP, RPP, PVC, CPVC, PVDF"}]},{"@type":"WebSite","@id":"https:\/\/cpxzx.com\/#website","url":"https:\/\/cpxzx.com\/","name":"K\u00fchlturm-F\u00fcllung, China PVC-F\u00fcllungen Hersteller","description":"","publisher":{"@id":"https:\/\/cpxzx.com\/#organization"},"potentialAction":[{"@type":"SearchAction","target":{"@type":"EntryPoint","urlTemplate":"https:\/\/cpxzx.com\/?s={search_term_string}"},"query-input":{"@type":"PropertyValueSpecification","valueRequired":true,"valueName":"search_term_string"}}],"inLanguage":"de"},{"@type":"Organization","@id":"https:\/\/cpxzx.com\/#organization","name":"K\u00fchlturm-F\u00fcllung, China PVC-F\u00fcllungen Hersteller","url":"https:\/\/cpxzx.com\/","logo":{"@type":"ImageObject","inLanguage":"de","@id":"https:\/\/cpxzx.com\/#\/schema\/logo\/image\/","url":"https:\/\/cpxzx.com\/wp-content\/uploads\/2025\/07\/1751628807-logo.png","contentUrl":"https:\/\/cpxzx.com\/wp-content\/uploads\/2025\/07\/1751628807-logo.png","width":383,"height":87,"caption":"Cooling Tower Fill, China PVC Fills Manufacturer"},"image":{"@id":"https:\/\/cpxzx.com\/#\/schema\/logo\/image\/"}}]}},"taxonomy_info":{"pcategory":[{"value":22,"label":"Random Packing"},{"value":25,"label":"Plastic Random Packing"}]},"featured_image_src_large":["https:\/\/cpxzx.com\/wp-content\/uploads\/2025\/08\/Plastic-Conjugate-Ring-2.jpg",550,550,false],"author_info":[],"comment_info":"","_links":{"self":[{"href":"https:\/\/cpxzx.com\/de\/wp-json\/wp\/v2\/product\/2893","targetHints":{"allow":["GET"]}}],"collection":[{"href":"https:\/\/cpxzx.com\/de\/wp-json\/wp\/v2\/product"}],"about":[{"href":"https:\/\/cpxzx.com\/de\/wp-json\/wp\/v2\/types\/product"}],"wp:featuredmedia":[{"embeddable":true,"href":"https:\/\/cpxzx.com\/de\/wp-json\/wp\/v2\/media\/2894"}],"wp:attachment":[{"href":"https:\/\/cpxzx.com\/de\/wp-json\/wp\/v2\/media?parent=2893"}],"wp:term":[{"taxonomy":"pcategory","embeddable":true,"href":"https:\/\/cpxzx.com\/de\/wp-json\/wp\/v2\/pcategory?post=2893"},{"taxonomy":"ptag","embeddable":true,"href":"https:\/\/cpxzx.com\/de\/wp-json\/wp\/v2\/ptag?post=2893"}],"curies":[{"name":"wp","href":"https:\/\/api.w.org\/{rel}","templated":true}]}}