{"id":2891,"date":"2025-08-15T03:23:30","date_gmt":"2025-08-15T03:23:30","guid":{"rendered":"https:\/\/cpxzx.com\/?post_type=product&#038;p=2891"},"modified":"2025-08-15T03:23:30","modified_gmt":"2025-08-15T03:23:30","slug":"plastic-heilex-ring","status":"publish","type":"product","link":"https:\/\/cpxzx.com\/de\/produkt\/plastic-heilex-ring\/","title":{"rendered":"Kunststoff Heilex Ring PE, PP, RPP, PVC, CPVC, PVDF"},"content":{"rendered":"<p><strong>Kunststoff-Heilex-Ring<\/strong> ist eine hocheffiziente, offenzellige F\u00fcllk\u00f6rperpackung f\u00fcr den Stoffaustausch von Gasen und Fl\u00fcssigkeiten.<br \/>\nDas Design basiert auf einer sattelf\u00f6rmigen Struktur und wird im Spritzgussverfahren hergestellt, um die Oberfl\u00e4che zu vergr\u00f6\u00dfern.<br \/>\nund erh\u00f6hen das Hohlraumverh\u00e4ltnis. Der Heilex-Kunststoffring sorgt f\u00fcr eine gleichm\u00e4\u00dfige Gas-Fl\u00fcssigkeits-Verteilung und d\u00fcnne Fl\u00fcssigkeitsfilme,<br \/>\nlange Kontaktzeit und geringer Luftwiderstand, wodurch es sich f\u00fcr Absorption, K\u00fchlung und Reinigung eignet,<br \/>\nund Abwasserbehandlung.<\/p>\n<h2>Eigenschaften<\/h2>\n<ul>\n<li>Werkstoffe: PE, PP, RPP, PVC, CPVC, PVDF, usw.<\/li>\n<li>Hohe Kapazit\u00e4t bei geringem Druckabfall<\/li>\n<li>Hohe Effizienz des Stoffaustauschs und geringes spezifisches Gewicht<\/li>\n<li>Hohe Best\u00e4ndigkeit gegen chemische Korrosion<\/li>\n<li>Energiesparend und einfach zu bedienen<\/li>\n<\/ul>\n<h2>Spezifikation<\/h2>\n<table style=\"border-collapse: collapse; width: 100%; text-align: center;\" border=\"1\" cellspacing=\"0\" cellpadding=\"8\">\n<thead>\n<tr>\n<th>Spezifikation<br \/>\n(mm)<\/th>\n<th>Gro\u00dfe St\u00fcckzahlen<br \/>\n(pro\/m\u00b3)<\/th>\n<th>Fl\u00e4che<br \/>\n(m\u00b2\/m\u00b3)<\/th>\n<th>Freies Volumen<br \/>\n(%)<\/th>\n<th>Trockenpackung Faktor<br \/>\n(m-\u00b9)<\/th>\n<\/tr>\n<\/thead>\n<tbody>\n<tr>\n<td>50\u00d750<\/td>\n<td>8000<\/td>\n<td>110<\/td>\n<td>94<\/td>\n<td>133<\/td>\n<\/tr>\n<tr>\n<td>76\u00d776<\/td>\n<td>3420<\/td>\n<td>92<\/td>\n<td>94.5<\/td>\n<td>105<\/td>\n<\/tr>\n<tr>\n<td>100\u00d7100<\/td>\n<td>1680<\/td>\n<td>76<\/td>\n<td>95<\/td>\n<td>76<\/td>\n<\/tr>\n<\/tbody>\n<\/table>\n<h2>Vorteile des Heilex-Kunststoffrings<\/h2>\n<p>Der Heilex-Kunststoffring bietet ein hohes Hohlraumverh\u00e4ltnis f\u00fcr einen geringeren Druckverlust und eine verbesserte Hydraulik.<br \/>\nSeine offenzellige Geometrie f\u00f6rdert eine gleichm\u00e4\u00dfige Fl\u00fcssigkeitsverteilung und verhindert die Bildung von Kan\u00e4len.<br \/>\nDie leichtgewichtige Konstruktion macht die Installation einfach, w\u00e4hrend haltbare Polymere f\u00fcr hervorragende<br \/>\nchemische Best\u00e4ndigkeit und eine lange Lebensdauer. Der Heilex-Kunststoffring reduziert die Wartungsh\u00e4ufigkeit<br \/>\nund Betriebskosten unter verschiedenen Bedingungen.<\/p>\n<h2>Anwendungen<\/h2>\n<ul>\n<li>Abwasserreinigung: Die gr\u00f6\u00dfere spezifische Oberfl\u00e4che verbessert den Kontakt zwischen Abwasser und Mikroorganismen und damit die biologische Reinigungsleistung.<\/li>\n<li>Gasreinigung und chemische Reaktionsprozesse in W\u00e4schern, Absorbern und Strippt\u00fcrmen.<\/li>\n<li>Industrielle K\u00fchlsysteme und Umweltschutztechnik zur Beseitigung von Schadstoffen.<\/li>\n<li>Allgemeine Stoffaustauschleistungen, die eine stabile Leistung und einen geringen Energieverbrauch erfordern.<\/li>\n<\/ul>\n<h2>Verpackung<\/h2>\n<p>Heilex Ring aus Kunststoff wird in gewebten S\u00e4cken oder Sch\u00fcttgutbeh\u00e4ltern geliefert, wobei kundenspezifische Verpackungen m\u00f6glich sind.<br \/>\num einen sicheren Transport und eine einfache Handhabung vor der Installation zu gew\u00e4hrleisten.<\/p>\n<h2>Warum ein Heilex-Kunststoffring?<\/h2>\n<p>W\u00e4hlen Sie den Heilex-Kunststoffring f\u00fcr zuverl\u00e4ssige Stoff\u00fcbertragungsleistung, geringen Druckabfall und breite<br \/>\nchemische Vertr\u00e4glichkeit. Seine sattelbasierte, spritzgegossene Struktur bietet gleichbleibende Qualit\u00e4t,<br \/>\nDas macht den Heilex-Kunststoffring zu einer zuverl\u00e4ssigen L\u00f6sung f\u00fcr die Wasseraufbereitung und die chemische Verarbeitung,<br \/>\nund Luftreinhaltungssysteme.<\/p>","protected":false},"excerpt":{"rendered":"<p>The characteristics of Plastic Heilex Ring include large surface area, high porosity, small volume,<br \/>\nlow air resistance, thin liquid film thickness, and long contact time of liquid flow on the packing.<br \/>\nIt is suitable for all kinds of gas and liquid mass transfer processes. The filler also has strong<br \/>\ncorrosion resistance, high strength, high plugging resistance, and long service life. Plastic Heilex Ring<br \/>\nmaintains stable operation while reducing energy consumption.<\/p>","protected":false},"featured_media":2892,"parent":0,"template":"","meta":{"_acf_changed":false,"_kad_blocks_custom_css":"","_kad_blocks_head_custom_js":"","_kad_blocks_body_custom_js":"","_kad_blocks_footer_custom_js":"","_kadence_starter_templates_imported_post":false,"_kad_post_transparent":"default","_kad_post_title":"","_kad_post_layout":"default","_kad_post_sidebar_id":"","_kad_post_content_style":"default","_kad_post_vertical_padding":"default","_kad_post_feature":"","_kad_post_feature_position":"","_kad_post_header":false,"_kad_post_footer":false},"pcategory":[22,25],"ptag":[],"class_list":["post-2891","product","type-product","status-publish","has-post-thumbnail","hentry","pcategory-random-packing","pcategory-plastic-random-packing"],"acf":[],"yoast_head":"<!-- This site is optimized with the Yoast SEO plugin v27.4 - https:\/\/yoast.com\/product\/yoast-seo-wordpress\/ -->\n<title>Plastic Heilex Ring<\/title>\n<meta name=\"robots\" content=\"index, follow, max-snippet:-1, max-image-preview:large, max-video-preview:-1\" \/>\n<link rel=\"canonical\" href=\"https:\/\/cpxzx.com\/de\/produkt\/plastic-heilex-ring\/\" \/>\n<meta property=\"og:locale\" content=\"de_DE\" \/>\n<meta property=\"og:type\" content=\"article\" \/>\n<meta property=\"og:title\" content=\"Plastic Heilex Ring\" \/>\n<meta property=\"og:description\" content=\"The characteristics of Plastic Heilex Ring include large surface area, high porosity, small volume, low air resistance, thin liquid film thickness, and long contact time of liquid flow on the packing. It is suitable for all kinds of gas and liquid mass transfer processes. The filler also has strong corrosion resistance, high strength, high plugging resistance, and long service life. Plastic Heilex Ring maintains stable operation while reducing energy consumption.\" \/>\n<meta property=\"og:url\" content=\"https:\/\/cpxzx.com\/de\/produkt\/plastic-heilex-ring\/\" \/>\n<meta property=\"og:site_name\" content=\"Cooling Tower Fill, China PVC Fills Manufacturer\" \/>\n<meta property=\"og:image\" content=\"https:\/\/cpxzx.com\/wp-content\/uploads\/2025\/08\/Plastic-Heilex-Ring.jpg\" \/>\n\t<meta property=\"og:image:width\" content=\"550\" \/>\n\t<meta property=\"og:image:height\" content=\"550\" \/>\n\t<meta property=\"og:image:type\" content=\"image\/jpeg\" \/>\n<meta name=\"twitter:card\" content=\"summary_large_image\" \/>\n<meta name=\"twitter:label1\" content=\"Gesch\u00e4tzte Lesezeit\" \/>\n\t<meta name=\"twitter:data1\" content=\"2\u00a0Minuten\" \/>\n<script type=\"application\/ld+json\" class=\"yoast-schema-graph\">{\"@context\":\"https:\\\/\\\/schema.org\",\"@graph\":[{\"@type\":\"WebPage\",\"@id\":\"https:\\\/\\\/cpxzx.com\\\/product\\\/plastic-heilex-ring\\\/\",\"url\":\"https:\\\/\\\/cpxzx.com\\\/product\\\/plastic-heilex-ring\\\/\",\"name\":\"Plastic Heilex Ring\",\"isPartOf\":{\"@id\":\"https:\\\/\\\/cpxzx.com\\\/#website\"},\"primaryImageOfPage\":{\"@id\":\"https:\\\/\\\/cpxzx.com\\\/product\\\/plastic-heilex-ring\\\/#primaryimage\"},\"image\":{\"@id\":\"https:\\\/\\\/cpxzx.com\\\/product\\\/plastic-heilex-ring\\\/#primaryimage\"},\"thumbnailUrl\":\"https:\\\/\\\/cpxzx.com\\\/wp-content\\\/uploads\\\/2025\\\/08\\\/Plastic-Heilex-Ring.jpg\",\"datePublished\":\"2025-08-15T03:23:30+00:00\",\"breadcrumb\":{\"@id\":\"https:\\\/\\\/cpxzx.com\\\/product\\\/plastic-heilex-ring\\\/#breadcrumb\"},\"inLanguage\":\"de\",\"potentialAction\":[{\"@type\":\"ReadAction\",\"target\":[\"https:\\\/\\\/cpxzx.com\\\/product\\\/plastic-heilex-ring\\\/\"]}]},{\"@type\":\"ImageObject\",\"inLanguage\":\"de\",\"@id\":\"https:\\\/\\\/cpxzx.com\\\/product\\\/plastic-heilex-ring\\\/#primaryimage\",\"url\":\"https:\\\/\\\/cpxzx.com\\\/wp-content\\\/uploads\\\/2025\\\/08\\\/Plastic-Heilex-Ring.jpg\",\"contentUrl\":\"https:\\\/\\\/cpxzx.com\\\/wp-content\\\/uploads\\\/2025\\\/08\\\/Plastic-Heilex-Ring.jpg\",\"width\":550,\"height\":550},{\"@type\":\"BreadcrumbList\",\"@id\":\"https:\\\/\\\/cpxzx.com\\\/product\\\/plastic-heilex-ring\\\/#breadcrumb\",\"itemListElement\":[{\"@type\":\"ListItem\",\"position\":1,\"name\":\"Home\",\"item\":\"https:\\\/\\\/cpxzx.com\\\/\"},{\"@type\":\"ListItem\",\"position\":2,\"name\":\"Random Packing\",\"item\":\"https:\\\/\\\/cpxzx.com\\\/pcategory\\\/random-packing\\\/\"},{\"@type\":\"ListItem\",\"position\":3,\"name\":\"Plastic Heilex Ring PE, PP, RPP, PVC, CPVC, PVDF\"}]},{\"@type\":\"WebSite\",\"@id\":\"https:\\\/\\\/cpxzx.com\\\/#website\",\"url\":\"https:\\\/\\\/cpxzx.com\\\/\",\"name\":\"Cooling Tower Fill, China PVC Fills Manufacturer\",\"description\":\"\",\"publisher\":{\"@id\":\"https:\\\/\\\/cpxzx.com\\\/#organization\"},\"potentialAction\":[{\"@type\":\"SearchAction\",\"target\":{\"@type\":\"EntryPoint\",\"urlTemplate\":\"https:\\\/\\\/cpxzx.com\\\/?s={search_term_string}\"},\"query-input\":{\"@type\":\"PropertyValueSpecification\",\"valueRequired\":true,\"valueName\":\"search_term_string\"}}],\"inLanguage\":\"de\"},{\"@type\":\"Organization\",\"@id\":\"https:\\\/\\\/cpxzx.com\\\/#organization\",\"name\":\"Cooling Tower Fill, China PVC Fills Manufacturer\",\"url\":\"https:\\\/\\\/cpxzx.com\\\/\",\"logo\":{\"@type\":\"ImageObject\",\"inLanguage\":\"de\",\"@id\":\"https:\\\/\\\/cpxzx.com\\\/#\\\/schema\\\/logo\\\/image\\\/\",\"url\":\"https:\\\/\\\/cpxzx.com\\\/wp-content\\\/uploads\\\/2025\\\/07\\\/1751628807-logo.png\",\"contentUrl\":\"https:\\\/\\\/cpxzx.com\\\/wp-content\\\/uploads\\\/2025\\\/07\\\/1751628807-logo.png\",\"width\":383,\"height\":87,\"caption\":\"Cooling Tower Fill, China PVC Fills Manufacturer\"},\"image\":{\"@id\":\"https:\\\/\\\/cpxzx.com\\\/#\\\/schema\\\/logo\\\/image\\\/\"}}]}<\/script>\n<!-- \/ Yoast SEO plugin. -->","yoast_head_json":{"title":"Kunststoff-Heilex-Ring","robots":{"index":"index","follow":"follow","max-snippet":"max-snippet:-1","max-image-preview":"max-image-preview:large","max-video-preview":"max-video-preview:-1"},"canonical":"https:\/\/cpxzx.com\/de\/produkt\/plastic-heilex-ring\/","og_locale":"de_DE","og_type":"article","og_title":"Plastic Heilex Ring","og_description":"The characteristics of Plastic Heilex Ring include large surface area, high porosity, small volume, low air resistance, thin liquid film thickness, and long contact time of liquid flow on the packing. It is suitable for all kinds of gas and liquid mass transfer processes. The filler also has strong corrosion resistance, high strength, high plugging resistance, and long service life. Plastic Heilex Ring maintains stable operation while reducing energy consumption.","og_url":"https:\/\/cpxzx.com\/de\/produkt\/plastic-heilex-ring\/","og_site_name":"Cooling Tower Fill, China PVC Fills Manufacturer","og_image":[{"width":550,"height":550,"url":"https:\/\/cpxzx.com\/wp-content\/uploads\/2025\/08\/Plastic-Heilex-Ring.jpg","type":"image\/jpeg"}],"twitter_card":"summary_large_image","twitter_misc":{"Gesch\u00e4tzte Lesezeit":"2\u00a0Minuten"},"schema":{"@context":"https:\/\/schema.org","@graph":[{"@type":"WebPage","@id":"https:\/\/cpxzx.com\/product\/plastic-heilex-ring\/","url":"https:\/\/cpxzx.com\/product\/plastic-heilex-ring\/","name":"Kunststoff-Heilex-Ring","isPartOf":{"@id":"https:\/\/cpxzx.com\/#website"},"primaryImageOfPage":{"@id":"https:\/\/cpxzx.com\/product\/plastic-heilex-ring\/#primaryimage"},"image":{"@id":"https:\/\/cpxzx.com\/product\/plastic-heilex-ring\/#primaryimage"},"thumbnailUrl":"https:\/\/cpxzx.com\/wp-content\/uploads\/2025\/08\/Plastic-Heilex-Ring.jpg","datePublished":"2025-08-15T03:23:30+00:00","breadcrumb":{"@id":"https:\/\/cpxzx.com\/product\/plastic-heilex-ring\/#breadcrumb"},"inLanguage":"de","potentialAction":[{"@type":"ReadAction","target":["https:\/\/cpxzx.com\/product\/plastic-heilex-ring\/"]}]},{"@type":"ImageObject","inLanguage":"de","@id":"https:\/\/cpxzx.com\/product\/plastic-heilex-ring\/#primaryimage","url":"https:\/\/cpxzx.com\/wp-content\/uploads\/2025\/08\/Plastic-Heilex-Ring.jpg","contentUrl":"https:\/\/cpxzx.com\/wp-content\/uploads\/2025\/08\/Plastic-Heilex-Ring.jpg","width":550,"height":550},{"@type":"BreadcrumbList","@id":"https:\/\/cpxzx.com\/product\/plastic-heilex-ring\/#breadcrumb","itemListElement":[{"@type":"ListItem","position":1,"name":"Home","item":"https:\/\/cpxzx.com\/"},{"@type":"ListItem","position":2,"name":"Random Packing","item":"https:\/\/cpxzx.com\/pcategory\/random-packing\/"},{"@type":"ListItem","position":3,"name":"Plastic Heilex Ring PE, PP, RPP, PVC, CPVC, PVDF"}]},{"@type":"WebSite","@id":"https:\/\/cpxzx.com\/#website","url":"https:\/\/cpxzx.com\/","name":"K\u00fchlturm-F\u00fcllung, China PVC-F\u00fcllungen Hersteller","description":"","publisher":{"@id":"https:\/\/cpxzx.com\/#organization"},"potentialAction":[{"@type":"SearchAction","target":{"@type":"EntryPoint","urlTemplate":"https:\/\/cpxzx.com\/?s={search_term_string}"},"query-input":{"@type":"PropertyValueSpecification","valueRequired":true,"valueName":"search_term_string"}}],"inLanguage":"de"},{"@type":"Organization","@id":"https:\/\/cpxzx.com\/#organization","name":"K\u00fchlturm-F\u00fcllung, China PVC-F\u00fcllungen Hersteller","url":"https:\/\/cpxzx.com\/","logo":{"@type":"ImageObject","inLanguage":"de","@id":"https:\/\/cpxzx.com\/#\/schema\/logo\/image\/","url":"https:\/\/cpxzx.com\/wp-content\/uploads\/2025\/07\/1751628807-logo.png","contentUrl":"https:\/\/cpxzx.com\/wp-content\/uploads\/2025\/07\/1751628807-logo.png","width":383,"height":87,"caption":"Cooling Tower Fill, China PVC Fills Manufacturer"},"image":{"@id":"https:\/\/cpxzx.com\/#\/schema\/logo\/image\/"}}]}},"taxonomy_info":{"pcategory":[{"value":22,"label":"Random Packing"},{"value":25,"label":"Plastic Random Packing"}]},"featured_image_src_large":["https:\/\/cpxzx.com\/wp-content\/uploads\/2025\/08\/Plastic-Heilex-Ring.jpg",550,550,false],"author_info":[],"comment_info":"","_links":{"self":[{"href":"https:\/\/cpxzx.com\/de\/wp-json\/wp\/v2\/product\/2891","targetHints":{"allow":["GET"]}}],"collection":[{"href":"https:\/\/cpxzx.com\/de\/wp-json\/wp\/v2\/product"}],"about":[{"href":"https:\/\/cpxzx.com\/de\/wp-json\/wp\/v2\/types\/product"}],"wp:featuredmedia":[{"embeddable":true,"href":"https:\/\/cpxzx.com\/de\/wp-json\/wp\/v2\/media\/2892"}],"wp:attachment":[{"href":"https:\/\/cpxzx.com\/de\/wp-json\/wp\/v2\/media?parent=2891"}],"wp:term":[{"taxonomy":"pcategory","embeddable":true,"href":"https:\/\/cpxzx.com\/de\/wp-json\/wp\/v2\/pcategory?post=2891"},{"taxonomy":"ptag","embeddable":true,"href":"https:\/\/cpxzx.com\/de\/wp-json\/wp\/v2\/ptag?post=2891"}],"curies":[{"name":"wp","href":"https:\/\/api.w.org\/{rel}","templated":true}]}}