{"id":2867,"date":"2025-08-04T03:15:04","date_gmt":"2025-08-04T03:15:04","guid":{"rendered":"https:\/\/cpxzx.com\/?post_type=product&#038;p=2867"},"modified":"2025-08-04T03:15:04","modified_gmt":"2025-08-04T03:15:04","slug":"plastic-tellerette-rosette-ring","status":"publish","type":"product","link":"https:\/\/cpxzx.com\/de\/produkt\/plastic-tellerette-rosette-ring\/","title":{"rendered":"Kunststoff-Tellerette Rosettenring PP, PE, RPP, PVC, CPVC, PVDF"},"content":{"rendered":"<p>Auch bekannt als <strong>Teller Rosette Ring<\/strong> oder <strong>Telleratte Rosettenring<\/strong>Diese Verpackung wurde erstmals 1954 von A. J. Teller entworfen. Sie weist eine blumenartige Struktur auf, die aus 12 oder mehr kleinen Schleifen besteht, die innerhalb eines gr\u00f6\u00dferen Rings angeordnet sind. Diese Geometrie gew\u00e4hrleistet eine hervorragende Fl\u00fcssigkeitsverteilung und eine hohe Effizienz des Stoffaustauschs.<\/p>\n<h2>Aufbau und Materialien<\/h2>\n<p>Erh\u00e4ltlich in Materialien wie PP, PE, RPP, PVC, CPVC und PVDF, die jeweils f\u00fcr bestimmte Temperaturen und chemische Umgebungen geeignet sind. Der Betriebstemperaturbereich liegt in der Regel bei 60-150\u00b0C, wobei PVDF die h\u00f6chste Best\u00e4ndigkeit bietet.<\/p>\n<p>Zu den g\u00e4ngigen Durchmessern geh\u00f6ren 25 mm, 47 mm, 51 mm, 59 mm, 73 mm, 95 mm und 145 mm, jeweils mit unterschiedlichen Ringzahlen und Leistungsprofilen.<\/p>\n<h2>Wesentliche Merkmale<\/h2>\n<ul class=\"list-paddingleft-2\">\n<li><strong>Hoher Leerraumanteil:<\/strong> Typischerweise 82-95%, was ein geringes Verstopfungsrisiko und einen hervorragenden Fl\u00fcssigkeitsdurchfluss gew\u00e4hrleistet.<\/li>\n<li><strong>Niedriger Druckverlust:<\/strong> Stromlinienf\u00f6rmige Kan\u00e4le verringern den Widerstand und sparen Energie.<\/li>\n<li><strong>\u00dcberlegener Gas-Fl\u00fcssigkeits-Kontakt:<\/strong> H\u00e4lt mehr Fl\u00fcssigkeit zur\u00fcck, um den Stoffaustausch zu verl\u00e4ngern.<\/li>\n<li><strong>Hoher \u00dcberflutungspunkt:<\/strong> Effiziente Leistung auch bei hoher Belastung.<\/li>\n<li><strong>Korrosionsbest\u00e4ndigkeit und geringes Gewicht:<\/strong> Leicht zu transportieren, zu installieren und resistent gegen chemische Angriffe.<\/li>\n<\/ul>\n<h2>Typische Spezifikationen<\/h2>\n<table border=\"1\" cellspacing=\"0\" cellpadding=\"6\">\n<thead>\n<tr>\n<th>Modell (T\u00d7H mm)<\/th>\n<th>Schleifenanzahl<\/th>\n<th>Oberfl\u00e4che (m\u00b2\/m\u00b3)<\/th>\n<th>Leerraum-Anteil (%)<\/th>\n<th>St\u00fcck\/m\u00b3<\/th>\n<th>Sch\u00fcttdichte (kg\/m\u00b3)<\/th>\n<th>Packungsfaktor (1\/m)<\/th>\n<\/tr>\n<\/thead>\n<tbody>\n<tr>\n<td>25\u00d79<\/td>\n<td>5<\/td>\n<td>\u2248195<\/td>\n<td>\u224882<\/td>\n<td>170,000<\/td>\n<td>~85<\/td>\n<td>~488<\/td>\n<\/tr>\n<tr>\n<td>47\u00d719<\/td>\n<td>9<\/td>\n<td>\u2248185<\/td>\n<td>\u224888<\/td>\n<td>32,500<\/td>\n<td>~58<\/td>\n<td>~271<\/td>\n<\/tr>\n<tr>\n<td>59\u00d719<\/td>\n<td>12<\/td>\n<td>\u2248150<\/td>\n<td>\u224892<\/td>\n<td>17,500<\/td>\n<td>~48<\/td>\n<td>~213<\/td>\n<\/tr>\n<tr>\n<td>95\u00d737<\/td>\n<td>18<\/td>\n<td>\u224894<\/td>\n<td>\u224892<\/td>\n<td>3,900<\/td>\n<td>~52<\/td>\n<td>~129<\/td>\n<\/tr>\n<tr>\n<td>145\u00d748<\/td>\n<td>20<\/td>\n<td>\u224865<\/td>\n<td>\u224895<\/td>\n<td>1,100<\/td>\n<td>~46<\/td>\n<td>~76<\/td>\n<\/tr>\n<\/tbody>\n<\/table>\n<h2>Anwendungen<\/h2>\n<ul class=\"list-paddingleft-2\">\n<li>Gasabsorptions-, -wasch- und -entschwefelungsanlagen<\/li>\n<li>Gas-Fl\u00fcssigkeits-Kontaktt\u00fcrme wie Kl\u00e4rt\u00fcrme, K\u00fchlt\u00fcrme und Desoxidationsanlagen<\/li>\n<li>Einsatz in der chemischen Industrie, der Erd\u00f6lraffinerie, in Kraftwerken und in der Umwelttechnik<\/li>\n<\/ul>\n<h2>Vorteile Zusammenfassung<\/h2>\n<ul class=\"list-paddingleft-2\">\n<li>Hoher Durchsatz und niedriger Energieverbrauch<\/li>\n<li>Hohe Widerstandsf\u00e4higkeit gegen Verschmutzung und Verstopfung<\/li>\n<li>Korrosionsbest\u00e4ndige Optionen f\u00fcr raue Umgebungen<\/li>\n<li>Leicht und einfach zu installieren, kosteng\u00fcnstig<\/li>\n<\/ul>\n<h2>Empfehlungen f\u00fcr die Verwendung<\/h2>\n<p>W\u00e4hlen Sie das Material nach den Betriebsbedingungen aus - verwenden Sie PP f\u00fcr allgemeine Anwendungen, PVDF f\u00fcr hohe Temperaturen oder korrosive Medien. W\u00e4hlen Sie die Ringgr\u00f6\u00dfe auf der Grundlage eines Kompromisses zwischen Oberfl\u00e4che, Druckabfall und Turmkapazit\u00e4t. F\u00fcr hohe Beanspruchung sollten Sie Ringe mit h\u00f6herem Hohlraumanteil und gr\u00f6\u00dferer Belastungstoleranz verwenden.<\/p>","protected":false},"excerpt":{"rendered":"<p>Plastic Tellerette Rosette Ring, also known as Plastic Teller Rosette Ring, was invented by Tell A.J. in 1956. It features several small rings arranged within a larger ring to increase liquid holdup and enhance gas-liquid contact time.<\/p>\n<p>This packing offers high free volume, low pressure drop, uniform gas-liquid distribution, and high mass transfer efficiency. It is available in various materials, shapes, and sizes to suit different applications.<\/p>","protected":false},"featured_media":2869,"parent":0,"template":"","meta":{"_acf_changed":false,"_kad_blocks_custom_css":"","_kad_blocks_head_custom_js":"","_kad_blocks_body_custom_js":"","_kad_blocks_footer_custom_js":"","_kadence_starter_templates_imported_post":false,"_kad_post_transparent":"default","_kad_post_title":"","_kad_post_layout":"default","_kad_post_sidebar_id":"","_kad_post_content_style":"default","_kad_post_vertical_padding":"default","_kad_post_feature":"","_kad_post_feature_position":"","_kad_post_header":false,"_kad_post_footer":false},"pcategory":[22,25],"ptag":[],"class_list":["post-2867","product","type-product","status-publish","has-post-thumbnail","hentry","pcategory-random-packing","pcategory-plastic-random-packing"],"acf":[],"yoast_head":"<!-- This site is optimized with the Yoast SEO plugin v27.4 - https:\/\/yoast.com\/product\/yoast-seo-wordpress\/ -->\n<title>Plastic Tellerette Rosette Ring<\/title>\n<meta name=\"robots\" content=\"index, follow, max-snippet:-1, max-image-preview:large, max-video-preview:-1\" \/>\n<link rel=\"canonical\" href=\"https:\/\/cpxzx.com\/de\/produkt\/plastic-tellerette-rosette-ring\/\" \/>\n<meta property=\"og:locale\" content=\"de_DE\" \/>\n<meta property=\"og:type\" content=\"article\" \/>\n<meta property=\"og:title\" content=\"Plastic Tellerette Rosette Ring\" \/>\n<meta property=\"og:description\" content=\"Plastic Tellerette Rosette Ring, also known as Plastic Teller Rosette Ring, was invented by Tell A.J. in 1956. It features several small rings arranged within a larger ring to increase liquid holdup and enhance gas-liquid contact time.  This packing offers high free volume, low pressure drop, uniform gas-liquid distribution, and high mass transfer efficiency. It is available in various materials, shapes, and sizes to suit different applications.\" \/>\n<meta property=\"og:url\" content=\"https:\/\/cpxzx.com\/de\/produkt\/plastic-tellerette-rosette-ring\/\" \/>\n<meta property=\"og:site_name\" content=\"Cooling Tower Fill, China PVC Fills Manufacturer\" \/>\n<meta property=\"og:image\" content=\"https:\/\/cpxzx.com\/wp-content\/uploads\/2025\/08\/Plastic-Tellerette-Rosette-Ring1-1.jpg\" \/>\n\t<meta property=\"og:image:width\" content=\"550\" \/>\n\t<meta property=\"og:image:height\" content=\"550\" \/>\n\t<meta property=\"og:image:type\" content=\"image\/jpeg\" \/>\n<meta name=\"twitter:card\" content=\"summary_large_image\" \/>\n<meta name=\"twitter:label1\" content=\"Gesch\u00e4tzte Lesezeit\" \/>\n\t<meta name=\"twitter:data1\" content=\"2\u00a0Minuten\" \/>\n<script type=\"application\/ld+json\" class=\"yoast-schema-graph\">{\"@context\":\"https:\\\/\\\/schema.org\",\"@graph\":[{\"@type\":\"WebPage\",\"@id\":\"https:\\\/\\\/cpxzx.com\\\/product\\\/plastic-tellerette-rosette-ring\\\/\",\"url\":\"https:\\\/\\\/cpxzx.com\\\/product\\\/plastic-tellerette-rosette-ring\\\/\",\"name\":\"Plastic Tellerette Rosette Ring\",\"isPartOf\":{\"@id\":\"https:\\\/\\\/cpxzx.com\\\/#website\"},\"primaryImageOfPage\":{\"@id\":\"https:\\\/\\\/cpxzx.com\\\/product\\\/plastic-tellerette-rosette-ring\\\/#primaryimage\"},\"image\":{\"@id\":\"https:\\\/\\\/cpxzx.com\\\/product\\\/plastic-tellerette-rosette-ring\\\/#primaryimage\"},\"thumbnailUrl\":\"https:\\\/\\\/cpxzx.com\\\/wp-content\\\/uploads\\\/2025\\\/08\\\/Plastic-Tellerette-Rosette-Ring1-1.jpg\",\"datePublished\":\"2025-08-04T03:15:04+00:00\",\"breadcrumb\":{\"@id\":\"https:\\\/\\\/cpxzx.com\\\/product\\\/plastic-tellerette-rosette-ring\\\/#breadcrumb\"},\"inLanguage\":\"de\",\"potentialAction\":[{\"@type\":\"ReadAction\",\"target\":[\"https:\\\/\\\/cpxzx.com\\\/product\\\/plastic-tellerette-rosette-ring\\\/\"]}]},{\"@type\":\"ImageObject\",\"inLanguage\":\"de\",\"@id\":\"https:\\\/\\\/cpxzx.com\\\/product\\\/plastic-tellerette-rosette-ring\\\/#primaryimage\",\"url\":\"https:\\\/\\\/cpxzx.com\\\/wp-content\\\/uploads\\\/2025\\\/08\\\/Plastic-Tellerette-Rosette-Ring1-1.jpg\",\"contentUrl\":\"https:\\\/\\\/cpxzx.com\\\/wp-content\\\/uploads\\\/2025\\\/08\\\/Plastic-Tellerette-Rosette-Ring1-1.jpg\",\"width\":550,\"height\":550},{\"@type\":\"BreadcrumbList\",\"@id\":\"https:\\\/\\\/cpxzx.com\\\/product\\\/plastic-tellerette-rosette-ring\\\/#breadcrumb\",\"itemListElement\":[{\"@type\":\"ListItem\",\"position\":1,\"name\":\"Home\",\"item\":\"https:\\\/\\\/cpxzx.com\\\/\"},{\"@type\":\"ListItem\",\"position\":2,\"name\":\"Random Packing\",\"item\":\"https:\\\/\\\/cpxzx.com\\\/pcategory\\\/random-packing\\\/\"},{\"@type\":\"ListItem\",\"position\":3,\"name\":\"Plastic Random Packing\",\"item\":\"https:\\\/\\\/cpxzx.com\\\/pcategory\\\/random-packing\\\/plastic-random-packing\\\/\"},{\"@type\":\"ListItem\",\"position\":4,\"name\":\"Plastic Tellerette Rosette Ring PP, PE, RPP, PVC, CPVC,PVDF\"}]},{\"@type\":\"WebSite\",\"@id\":\"https:\\\/\\\/cpxzx.com\\\/#website\",\"url\":\"https:\\\/\\\/cpxzx.com\\\/\",\"name\":\"Cooling Tower Fill, China PVC Fills Manufacturer\",\"description\":\"\",\"publisher\":{\"@id\":\"https:\\\/\\\/cpxzx.com\\\/#organization\"},\"potentialAction\":[{\"@type\":\"SearchAction\",\"target\":{\"@type\":\"EntryPoint\",\"urlTemplate\":\"https:\\\/\\\/cpxzx.com\\\/?s={search_term_string}\"},\"query-input\":{\"@type\":\"PropertyValueSpecification\",\"valueRequired\":true,\"valueName\":\"search_term_string\"}}],\"inLanguage\":\"de\"},{\"@type\":\"Organization\",\"@id\":\"https:\\\/\\\/cpxzx.com\\\/#organization\",\"name\":\"Cooling Tower Fill, China PVC Fills Manufacturer\",\"url\":\"https:\\\/\\\/cpxzx.com\\\/\",\"logo\":{\"@type\":\"ImageObject\",\"inLanguage\":\"de\",\"@id\":\"https:\\\/\\\/cpxzx.com\\\/#\\\/schema\\\/logo\\\/image\\\/\",\"url\":\"https:\\\/\\\/cpxzx.com\\\/wp-content\\\/uploads\\\/2025\\\/07\\\/1751628807-logo.png\",\"contentUrl\":\"https:\\\/\\\/cpxzx.com\\\/wp-content\\\/uploads\\\/2025\\\/07\\\/1751628807-logo.png\",\"width\":383,\"height\":87,\"caption\":\"Cooling Tower Fill, China PVC Fills Manufacturer\"},\"image\":{\"@id\":\"https:\\\/\\\/cpxzx.com\\\/#\\\/schema\\\/logo\\\/image\\\/\"}}]}<\/script>\n<!-- \/ Yoast SEO plugin. -->","yoast_head_json":{"title":"Plastic Tellerette Rosette Ring","robots":{"index":"index","follow":"follow","max-snippet":"max-snippet:-1","max-image-preview":"max-image-preview:large","max-video-preview":"max-video-preview:-1"},"canonical":"https:\/\/cpxzx.com\/de\/produkt\/plastic-tellerette-rosette-ring\/","og_locale":"de_DE","og_type":"article","og_title":"Plastic Tellerette Rosette Ring","og_description":"Plastic Tellerette Rosette Ring, also known as Plastic Teller Rosette Ring, was invented by Tell A.J. in 1956. It features several small rings arranged within a larger ring to increase liquid holdup and enhance gas-liquid contact time.  This packing offers high free volume, low pressure drop, uniform gas-liquid distribution, and high mass transfer efficiency. It is available in various materials, shapes, and sizes to suit different applications.","og_url":"https:\/\/cpxzx.com\/de\/produkt\/plastic-tellerette-rosette-ring\/","og_site_name":"Cooling Tower Fill, China PVC Fills Manufacturer","og_image":[{"width":550,"height":550,"url":"https:\/\/cpxzx.com\/wp-content\/uploads\/2025\/08\/Plastic-Tellerette-Rosette-Ring1-1.jpg","type":"image\/jpeg"}],"twitter_card":"summary_large_image","twitter_misc":{"Gesch\u00e4tzte Lesezeit":"2\u00a0Minuten"},"schema":{"@context":"https:\/\/schema.org","@graph":[{"@type":"WebPage","@id":"https:\/\/cpxzx.com\/product\/plastic-tellerette-rosette-ring\/","url":"https:\/\/cpxzx.com\/product\/plastic-tellerette-rosette-ring\/","name":"Plastic Tellerette Rosette Ring","isPartOf":{"@id":"https:\/\/cpxzx.com\/#website"},"primaryImageOfPage":{"@id":"https:\/\/cpxzx.com\/product\/plastic-tellerette-rosette-ring\/#primaryimage"},"image":{"@id":"https:\/\/cpxzx.com\/product\/plastic-tellerette-rosette-ring\/#primaryimage"},"thumbnailUrl":"https:\/\/cpxzx.com\/wp-content\/uploads\/2025\/08\/Plastic-Tellerette-Rosette-Ring1-1.jpg","datePublished":"2025-08-04T03:15:04+00:00","breadcrumb":{"@id":"https:\/\/cpxzx.com\/product\/plastic-tellerette-rosette-ring\/#breadcrumb"},"inLanguage":"de","potentialAction":[{"@type":"ReadAction","target":["https:\/\/cpxzx.com\/product\/plastic-tellerette-rosette-ring\/"]}]},{"@type":"ImageObject","inLanguage":"de","@id":"https:\/\/cpxzx.com\/product\/plastic-tellerette-rosette-ring\/#primaryimage","url":"https:\/\/cpxzx.com\/wp-content\/uploads\/2025\/08\/Plastic-Tellerette-Rosette-Ring1-1.jpg","contentUrl":"https:\/\/cpxzx.com\/wp-content\/uploads\/2025\/08\/Plastic-Tellerette-Rosette-Ring1-1.jpg","width":550,"height":550},{"@type":"BreadcrumbList","@id":"https:\/\/cpxzx.com\/product\/plastic-tellerette-rosette-ring\/#breadcrumb","itemListElement":[{"@type":"ListItem","position":1,"name":"Home","item":"https:\/\/cpxzx.com\/"},{"@type":"ListItem","position":2,"name":"Random Packing","item":"https:\/\/cpxzx.com\/pcategory\/random-packing\/"},{"@type":"ListItem","position":3,"name":"Plastic Random Packing","item":"https:\/\/cpxzx.com\/pcategory\/random-packing\/plastic-random-packing\/"},{"@type":"ListItem","position":4,"name":"Plastic Tellerette Rosette Ring PP, PE, RPP, PVC, CPVC,PVDF"}]},{"@type":"WebSite","@id":"https:\/\/cpxzx.com\/#website","url":"https:\/\/cpxzx.com\/","name":"K\u00fchlturm-F\u00fcllung, China PVC-F\u00fcllungen Hersteller","description":"","publisher":{"@id":"https:\/\/cpxzx.com\/#organization"},"potentialAction":[{"@type":"SearchAction","target":{"@type":"EntryPoint","urlTemplate":"https:\/\/cpxzx.com\/?s={search_term_string}"},"query-input":{"@type":"PropertyValueSpecification","valueRequired":true,"valueName":"search_term_string"}}],"inLanguage":"de"},{"@type":"Organization","@id":"https:\/\/cpxzx.com\/#organization","name":"K\u00fchlturm-F\u00fcllung, China PVC-F\u00fcllungen Hersteller","url":"https:\/\/cpxzx.com\/","logo":{"@type":"ImageObject","inLanguage":"de","@id":"https:\/\/cpxzx.com\/#\/schema\/logo\/image\/","url":"https:\/\/cpxzx.com\/wp-content\/uploads\/2025\/07\/1751628807-logo.png","contentUrl":"https:\/\/cpxzx.com\/wp-content\/uploads\/2025\/07\/1751628807-logo.png","width":383,"height":87,"caption":"Cooling Tower Fill, China PVC Fills Manufacturer"},"image":{"@id":"https:\/\/cpxzx.com\/#\/schema\/logo\/image\/"}}]}},"taxonomy_info":{"pcategory":[{"value":22,"label":"Random Packing"},{"value":25,"label":"Plastic Random Packing"}]},"featured_image_src_large":["https:\/\/cpxzx.com\/wp-content\/uploads\/2025\/08\/Plastic-Tellerette-Rosette-Ring1-1.jpg",550,550,false],"author_info":[],"comment_info":"","_links":{"self":[{"href":"https:\/\/cpxzx.com\/de\/wp-json\/wp\/v2\/product\/2867","targetHints":{"allow":["GET"]}}],"collection":[{"href":"https:\/\/cpxzx.com\/de\/wp-json\/wp\/v2\/product"}],"about":[{"href":"https:\/\/cpxzx.com\/de\/wp-json\/wp\/v2\/types\/product"}],"wp:featuredmedia":[{"embeddable":true,"href":"https:\/\/cpxzx.com\/de\/wp-json\/wp\/v2\/media\/2869"}],"wp:attachment":[{"href":"https:\/\/cpxzx.com\/de\/wp-json\/wp\/v2\/media?parent=2867"}],"wp:term":[{"taxonomy":"pcategory","embeddable":true,"href":"https:\/\/cpxzx.com\/de\/wp-json\/wp\/v2\/pcategory?post=2867"},{"taxonomy":"ptag","embeddable":true,"href":"https:\/\/cpxzx.com\/de\/wp-json\/wp\/v2\/ptag?post=2867"}],"curies":[{"name":"wp","href":"https:\/\/api.w.org\/{rel}","templated":true}]}}