{"id":2850,"date":"2025-07-28T14:19:29","date_gmt":"2025-07-28T14:19:29","guid":{"rendered":"https:\/\/cpxzx.com\/?post_type=product&#038;p=2850"},"modified":"2025-07-30T11:07:08","modified_gmt":"2025-07-30T11:07:08","slug":"ceramic-cascade-mini-ring","status":"publish","type":"product","link":"https:\/\/cpxzx.com\/de\/produkt\/ceramic-cascade-mini-ring\/","title":{"rendered":"Keramischer Kaskaden-Mini-Ring 25mm 50mm 76mm"},"content":{"rendered":"<p><strong>Keramik Kaskade Mini Ring<\/strong> ist ein hocheffizienter F\u00fcllk\u00f6rper, der aus dem Pall-Ring und dem Raschig-Ring hervorgegangen ist und speziell zur Verringerung des Druckabfalls und zur Steigerung der Anlagenkapazit\u00e4t entwickelt wurde. Mit seiner einzigartigen Struktur bietet der keramische Kaskaden-Miniring zahlreiche Vorteile in verschiedenen industriellen Anwendungen. Dieses Produkt ist bekannt f\u00fcr seine erh\u00f6hte mechanische Festigkeit, die verbesserte Dampf-Fl\u00fcssigkeits-Verteilung und die signifikante Verbesserung der Stoff\u00fcbertragungseffizienz, was es zu einer ersten Wahl in der chemischen und industriellen Verarbeitung macht.<\/p>\n<h2>Hauptmerkmale von Ceramic Cascade Mini Ring<\/h2>\n<ul class=\"list-paddingleft-2\">\n<li>S\u00e4ure- und Alkalibest\u00e4ndigkeit f\u00fcr Langlebigkeit unter rauen Bedingungen.<\/li>\n<li>Ausgezeichnete Hitzebest\u00e4ndigkeit, die den Einsatz in Umgebungen mit hohen oder niedrigen Temperaturen erm\u00f6glicht.<\/li>\n<li>Hohe spezifische Oberfl\u00e4che, die zu einem verbesserten Stoffaustausch beitr\u00e4gt.<\/li>\n<li>Geringe Kosten und mehrere Gr\u00f6\u00dfenoptionen f\u00fcr unterschiedliche Anwendungsanforderungen.<\/li>\n<li>Hohe mechanische Festigkeit, die die Haltbarkeit und Langlebigkeit in industriellen Umgebungen erh\u00f6ht.<\/li>\n<li>Geringes Seitenverh\u00e4ltnis, das einen effizienten Dampf-Fl\u00fcssigkeits-Kontakt erm\u00f6glicht.<\/li>\n<\/ul>\n<h2>Spezifikationen<\/h2>\n<p>Der keramische Kaskaden-Miniring ist in verschiedenen Gr\u00f6\u00dfen und technischen Spezifikationen erh\u00e4ltlich, die jeweils f\u00fcr eine optimale Leistung in verschiedenen Anwendungen ausgelegt sind. Nachstehend finden Sie eine Tabelle mit Einzelheiten zu den Gr\u00f6\u00dfen, der Oberfl\u00e4che, dem Hohlraumanteil, der Sch\u00fcttdichte und anderen wichtigen Parametern:<\/p>\n<table>\n<tbody>\n<tr>\n<th>Typ<\/th>\n<th>Gr\u00f6\u00dfe<br \/>\n(mm)<\/th>\n<th>Spezifische Oberfl\u00e4che<br \/>\n(m2\/m3)<\/th>\n<th>Leere<br \/>\n(%)<\/th>\n<th>Sch\u00fcttdichte<br \/>\n(kg\/m3)<\/th>\n<th>Nummer<br \/>\n(N\/m3)<\/th>\n<th>Trockenpackungsfaktor<br \/>\n(m-1)<\/th>\n<\/tr>\n<tr>\n<td>\u03c625<\/td>\n<td>25*17.5*3<\/td>\n<td>250<\/td>\n<td>69<\/td>\n<td>624<\/td>\n<td>74000<\/td>\n<td>245<\/td>\n<\/tr>\n<tr>\n<td>\u03c630<\/td>\n<td>30*21*3<\/td>\n<td>230<\/td>\n<td>72<\/td>\n<td>650<\/td>\n<td>46200<\/td>\n<td>225<\/td>\n<\/tr>\n<tr>\n<td>\u03c640<\/td>\n<td>40*28*4<\/td>\n<td>185<\/td>\n<td>81<\/td>\n<td>650<\/td>\n<td>32500<\/td>\n<td>126<\/td>\n<\/tr>\n<tr>\n<td>\u03c650<\/td>\n<td>50*30*5<\/td>\n<td>149.6<\/td>\n<td>78<\/td>\n<td>580<\/td>\n<td>8980<\/td>\n<td>120<\/td>\n<\/tr>\n<tr>\n<td>\u03c676<\/td>\n<td>76*46*9<\/td>\n<td>75<\/td>\n<td>78<\/td>\n<td>530<\/td>\n<td>2500<\/td>\n<td>158<\/td>\n<\/tr>\n<\/tbody>\n<\/table>\n<h2>Vorteile des keramischen Kaskaden-Minirings<\/h2>\n<p>Der keramische Kaskaden-Miniring zeichnet sich durch seine bemerkenswerte S\u00e4ure- und Hitzebest\u00e4ndigkeit aus. Er widersteht der Korrosion durch verschiedene anorganische S\u00e4uren, organische S\u00e4uren und organische L\u00f6sungsmittel, ausgenommen Flusss\u00e4ure. Dar\u00fcber hinaus kann er sowohl bei hohen als auch bei niedrigen Temperaturen eingesetzt werden, wodurch er sich f\u00fcr ein breites Spektrum von Anwendungen eignet. Sein einzigartiges Design erm\u00f6glicht eine verbesserte Dampf-Fl\u00fcssigkeits-Interaktion, die ein Schl\u00fcsselfaktor f\u00fcr die Effizienz des Stofftransfers ist. Durch die Vergr\u00f6\u00dferung der Grenzfl\u00e4che zwischen Dampf und Fl\u00fcssigkeit tr\u00e4gt es zur Verbesserung der Gesamteffektivit\u00e4t industrieller Prozesse bei, einschlie\u00dflich Trocknungs-, Absorptions- und K\u00fchlvorg\u00e4ngen.<\/p>\n<h2>Anwendungen des keramischen Kaskaden-Minirings<\/h2>\n<p>Der keramische Kaskaden-Mini-Ring ist vielseitig und wird in vielen Branchen eingesetzt. Aufgrund seiner geringen H\u00f6he, der d\u00fcnnen Wandst\u00e4rke und des niedrigen Druckabfalls ist er besonders f\u00fcr den Einsatz in Trocknungs- und Absorptionskolonnen geeignet. Er wird auch h\u00e4ufig in K\u00fchlt\u00fcrmen, W\u00e4schern und T\u00fcrmen f\u00fcr die S\u00e4urer\u00fcckgewinnung, Entschwefelung und verschiedene andere industrielle Prozesse eingesetzt. Einige der wichtigsten Industriezweige, die keramische Kaskaden-Miniringe verwenden, sind:<\/p>\n<ul class=\"list-paddingleft-2\">\n<li>Metallurgie<\/li>\n<li>Chemikalien<\/li>\n<li>Produktion von D\u00fcngemitteln<\/li>\n<li>Pharmazeutische Industrie<\/li>\n<li>Gas- und Sauerstoffproduktion<\/li>\n<li>Herstellung von Schwefels\u00e4ure<\/li>\n<li>K\u00fchl- und R\u00fcckgewinnungst\u00fcrme<\/li>\n<\/ul>\n<h2>Verpackung<\/h2>\n<p><img loading=\"lazy\" decoding=\"async\" class=\"alignnone wp-image-2856 size-full\" src=\"https:\/\/cpxzx.com\/wp-content\/uploads\/2025\/07\/Package.jpg\" alt=\"\" width=\"934\" height=\"350\" srcset=\"https:\/\/cpxzx.com\/wp-content\/uploads\/2025\/07\/Package.jpg 934w, https:\/\/cpxzx.com\/wp-content\/uploads\/2025\/07\/Package-300x112.jpg 300w, https:\/\/cpxzx.com\/wp-content\/uploads\/2025\/07\/Package-768x288.jpg 768w, https:\/\/cpxzx.com\/wp-content\/uploads\/2025\/07\/Package-18x7.jpg 18w\" sizes=\"auto, (max-width: 934px) 100vw, 934px\" \/><\/p>\n<p>Der Keramik-Kaskaden-Mini-Ring wird sorgf\u00e4ltig verpackt, um sicherzustellen, dass er in optimalem Zustand f\u00fcr den sofortigen Einsatz in industriellen Anwendungen ankommt. Jede Einheit wird professionell verpackt und gesch\u00fctzt, um das Risiko einer Besch\u00e4digung w\u00e4hrend des Versands zu minimieren. Wir bieten eine Vielzahl von Verpackungsoptionen f\u00fcr unterschiedliche Bestellgr\u00f6\u00dfen an, um eine sichere Lieferung an Ihre Einrichtung zu gew\u00e4hrleisten.<\/p>","protected":false},"excerpt":{"rendered":"<p>Der keramische Kaskaden-Miniring ist ein unverzichtbares Werkzeug f\u00fcr Industrien, die den Stoffaustausch optimieren, die Anlagenkapazit\u00e4t verbessern und Druckverluste reduzieren wollen. Mit seiner S\u00e4ure- und Laugenbest\u00e4ndigkeit, Hitzebest\u00e4ndigkeit und \u00fcberlegenen mechanischen Festigkeit ist er ideal f\u00fcr eine Vielzahl anspruchsvoller industrieller Anwendungen. Ganz gleich, ob Sie in der Metallurgie, der Chemie, der Pharmazie oder einer anderen Branche t\u00e4tig sind, die hochleistungsf\u00e4hige Packungsmaterialien ben\u00f6tigt, der keramische Kaskaden-Miniring ist die perfekte L\u00f6sung zur Verbesserung der Effizienz und Zuverl\u00e4ssigkeit in Ihrem Betrieb.<\/p>","protected":false},"featured_media":2853,"parent":0,"template":"","meta":{"_acf_changed":false,"_kad_blocks_custom_css":"","_kad_blocks_head_custom_js":"","_kad_blocks_body_custom_js":"","_kad_blocks_footer_custom_js":"","_kadence_starter_templates_imported_post":false,"_kad_post_transparent":"default","_kad_post_title":"","_kad_post_layout":"default","_kad_post_sidebar_id":"","_kad_post_content_style":"default","_kad_post_vertical_padding":"default","_kad_post_feature":"","_kad_post_feature_position":"","_kad_post_header":false,"_kad_post_footer":false},"pcategory":[22,24],"ptag":[],"class_list":["post-2850","product","type-product","status-publish","has-post-thumbnail","hentry","pcategory-random-packing","pcategory-ceramic-random-packing"],"acf":[],"yoast_head":"<!-- This site is optimized with the Yoast SEO plugin v27.4 - https:\/\/yoast.com\/product\/yoast-seo-wordpress\/ -->\n<title>Ceramic Cascade Mini Ring 25mm 50mm 76mm<\/title>\n<meta name=\"robots\" content=\"index, follow, max-snippet:-1, max-image-preview:large, max-video-preview:-1\" \/>\n<link rel=\"canonical\" href=\"https:\/\/cpxzx.com\/de\/produkt\/ceramic-cascade-mini-ring\/\" \/>\n<meta property=\"og:locale\" content=\"de_DE\" \/>\n<meta property=\"og:type\" content=\"article\" \/>\n<meta property=\"og:title\" content=\"Ceramic Cascade Mini Ring 25mm 50mm 76mm\" \/>\n<meta property=\"og:description\" content=\"the Ceramic Cascade Mini Ring is an indispensable tool for industries looking to optimize mass transfer, improve plant capacity, and reduce pressure drops. With its acid and alkali resistance, heat resistance, and superior mechanical strength, it is ideal for a variety of demanding industrial applications. Whether you&#039;re involved in metallurgy, chemicals, pharmaceuticals, or any other industry requiring high-performance packing materials, the ceramic cascade mini ring is the perfect solution for improving efficiency and reliability in your operations.\" \/>\n<meta property=\"og:url\" content=\"https:\/\/cpxzx.com\/de\/produkt\/ceramic-cascade-mini-ring\/\" \/>\n<meta property=\"og:site_name\" content=\"Cooling Tower Fill, China PVC Fills Manufacturer\" \/>\n<meta property=\"article:modified_time\" content=\"2025-07-30T11:07:08+00:00\" \/>\n<meta property=\"og:image\" content=\"https:\/\/cpxzx.com\/wp-content\/uploads\/2025\/07\/Ceramic-cascade-mini-ring3.jpg\" \/>\n\t<meta property=\"og:image:width\" content=\"550\" \/>\n\t<meta property=\"og:image:height\" content=\"550\" \/>\n\t<meta property=\"og:image:type\" content=\"image\/jpeg\" \/>\n<meta name=\"twitter:card\" content=\"summary_large_image\" \/>\n<meta name=\"twitter:label1\" content=\"Gesch\u00e4tzte Lesezeit\" \/>\n\t<meta name=\"twitter:data1\" content=\"3\u00a0Minuten\" \/>\n<script type=\"application\/ld+json\" class=\"yoast-schema-graph\">{\"@context\":\"https:\\\/\\\/schema.org\",\"@graph\":[{\"@type\":\"WebPage\",\"@id\":\"https:\\\/\\\/cpxzx.com\\\/product\\\/ceramic-cascade-mini-ring\\\/\",\"url\":\"https:\\\/\\\/cpxzx.com\\\/product\\\/ceramic-cascade-mini-ring\\\/\",\"name\":\"Ceramic Cascade Mini Ring 25mm 50mm 76mm\",\"isPartOf\":{\"@id\":\"https:\\\/\\\/cpxzx.com\\\/#website\"},\"primaryImageOfPage\":{\"@id\":\"https:\\\/\\\/cpxzx.com\\\/product\\\/ceramic-cascade-mini-ring\\\/#primaryimage\"},\"image\":{\"@id\":\"https:\\\/\\\/cpxzx.com\\\/product\\\/ceramic-cascade-mini-ring\\\/#primaryimage\"},\"thumbnailUrl\":\"https:\\\/\\\/cpxzx.com\\\/wp-content\\\/uploads\\\/2025\\\/07\\\/Ceramic-cascade-mini-ring3.jpg\",\"datePublished\":\"2025-07-28T14:19:29+00:00\",\"dateModified\":\"2025-07-30T11:07:08+00:00\",\"breadcrumb\":{\"@id\":\"https:\\\/\\\/cpxzx.com\\\/product\\\/ceramic-cascade-mini-ring\\\/#breadcrumb\"},\"inLanguage\":\"de\",\"potentialAction\":[{\"@type\":\"ReadAction\",\"target\":[\"https:\\\/\\\/cpxzx.com\\\/product\\\/ceramic-cascade-mini-ring\\\/\"]}]},{\"@type\":\"ImageObject\",\"inLanguage\":\"de\",\"@id\":\"https:\\\/\\\/cpxzx.com\\\/product\\\/ceramic-cascade-mini-ring\\\/#primaryimage\",\"url\":\"https:\\\/\\\/cpxzx.com\\\/wp-content\\\/uploads\\\/2025\\\/07\\\/Ceramic-cascade-mini-ring3.jpg\",\"contentUrl\":\"https:\\\/\\\/cpxzx.com\\\/wp-content\\\/uploads\\\/2025\\\/07\\\/Ceramic-cascade-mini-ring3.jpg\",\"width\":550,\"height\":550},{\"@type\":\"BreadcrumbList\",\"@id\":\"https:\\\/\\\/cpxzx.com\\\/product\\\/ceramic-cascade-mini-ring\\\/#breadcrumb\",\"itemListElement\":[{\"@type\":\"ListItem\",\"position\":1,\"name\":\"Home\",\"item\":\"https:\\\/\\\/cpxzx.com\\\/\"},{\"@type\":\"ListItem\",\"position\":2,\"name\":\"Random Packing\",\"item\":\"https:\\\/\\\/cpxzx.com\\\/pcategory\\\/random-packing\\\/\"},{\"@type\":\"ListItem\",\"position\":3,\"name\":\"Ceramic Random Packing\",\"item\":\"https:\\\/\\\/cpxzx.com\\\/pcategory\\\/random-packing\\\/ceramic-random-packing\\\/\"},{\"@type\":\"ListItem\",\"position\":4,\"name\":\"Ceramic Cascade Mini Ring 25mm 50mm 76mm\"}]},{\"@type\":\"WebSite\",\"@id\":\"https:\\\/\\\/cpxzx.com\\\/#website\",\"url\":\"https:\\\/\\\/cpxzx.com\\\/\",\"name\":\"Cooling Tower Fill, China PVC Fills Manufacturer\",\"description\":\"\",\"publisher\":{\"@id\":\"https:\\\/\\\/cpxzx.com\\\/#organization\"},\"potentialAction\":[{\"@type\":\"SearchAction\",\"target\":{\"@type\":\"EntryPoint\",\"urlTemplate\":\"https:\\\/\\\/cpxzx.com\\\/?s={search_term_string}\"},\"query-input\":{\"@type\":\"PropertyValueSpecification\",\"valueRequired\":true,\"valueName\":\"search_term_string\"}}],\"inLanguage\":\"de\"},{\"@type\":\"Organization\",\"@id\":\"https:\\\/\\\/cpxzx.com\\\/#organization\",\"name\":\"Cooling Tower Fill, China PVC Fills Manufacturer\",\"url\":\"https:\\\/\\\/cpxzx.com\\\/\",\"logo\":{\"@type\":\"ImageObject\",\"inLanguage\":\"de\",\"@id\":\"https:\\\/\\\/cpxzx.com\\\/#\\\/schema\\\/logo\\\/image\\\/\",\"url\":\"https:\\\/\\\/cpxzx.com\\\/wp-content\\\/uploads\\\/2025\\\/07\\\/1751628807-logo.png\",\"contentUrl\":\"https:\\\/\\\/cpxzx.com\\\/wp-content\\\/uploads\\\/2025\\\/07\\\/1751628807-logo.png\",\"width\":383,\"height\":87,\"caption\":\"Cooling Tower Fill, China PVC Fills Manufacturer\"},\"image\":{\"@id\":\"https:\\\/\\\/cpxzx.com\\\/#\\\/schema\\\/logo\\\/image\\\/\"}}]}<\/script>\n<!-- \/ Yoast SEO plugin. -->","yoast_head_json":{"title":"Keramischer Kaskaden-Mini-Ring 25mm 50mm 76mm","robots":{"index":"index","follow":"follow","max-snippet":"max-snippet:-1","max-image-preview":"max-image-preview:large","max-video-preview":"max-video-preview:-1"},"canonical":"https:\/\/cpxzx.com\/de\/produkt\/ceramic-cascade-mini-ring\/","og_locale":"de_DE","og_type":"article","og_title":"Ceramic Cascade Mini Ring 25mm 50mm 76mm","og_description":"the Ceramic Cascade Mini Ring is an indispensable tool for industries looking to optimize mass transfer, improve plant capacity, and reduce pressure drops. With its acid and alkali resistance, heat resistance, and superior mechanical strength, it is ideal for a variety of demanding industrial applications. Whether you're involved in metallurgy, chemicals, pharmaceuticals, or any other industry requiring high-performance packing materials, the ceramic cascade mini ring is the perfect solution for improving efficiency and reliability in your operations.","og_url":"https:\/\/cpxzx.com\/de\/produkt\/ceramic-cascade-mini-ring\/","og_site_name":"Cooling Tower Fill, China PVC Fills Manufacturer","article_modified_time":"2025-07-30T11:07:08+00:00","og_image":[{"width":550,"height":550,"url":"https:\/\/cpxzx.com\/wp-content\/uploads\/2025\/07\/Ceramic-cascade-mini-ring3.jpg","type":"image\/jpeg"}],"twitter_card":"summary_large_image","twitter_misc":{"Gesch\u00e4tzte Lesezeit":"3\u00a0Minuten"},"schema":{"@context":"https:\/\/schema.org","@graph":[{"@type":"WebPage","@id":"https:\/\/cpxzx.com\/product\/ceramic-cascade-mini-ring\/","url":"https:\/\/cpxzx.com\/product\/ceramic-cascade-mini-ring\/","name":"Keramischer Kaskaden-Mini-Ring 25mm 50mm 76mm","isPartOf":{"@id":"https:\/\/cpxzx.com\/#website"},"primaryImageOfPage":{"@id":"https:\/\/cpxzx.com\/product\/ceramic-cascade-mini-ring\/#primaryimage"},"image":{"@id":"https:\/\/cpxzx.com\/product\/ceramic-cascade-mini-ring\/#primaryimage"},"thumbnailUrl":"https:\/\/cpxzx.com\/wp-content\/uploads\/2025\/07\/Ceramic-cascade-mini-ring3.jpg","datePublished":"2025-07-28T14:19:29+00:00","dateModified":"2025-07-30T11:07:08+00:00","breadcrumb":{"@id":"https:\/\/cpxzx.com\/product\/ceramic-cascade-mini-ring\/#breadcrumb"},"inLanguage":"de","potentialAction":[{"@type":"ReadAction","target":["https:\/\/cpxzx.com\/product\/ceramic-cascade-mini-ring\/"]}]},{"@type":"ImageObject","inLanguage":"de","@id":"https:\/\/cpxzx.com\/product\/ceramic-cascade-mini-ring\/#primaryimage","url":"https:\/\/cpxzx.com\/wp-content\/uploads\/2025\/07\/Ceramic-cascade-mini-ring3.jpg","contentUrl":"https:\/\/cpxzx.com\/wp-content\/uploads\/2025\/07\/Ceramic-cascade-mini-ring3.jpg","width":550,"height":550},{"@type":"BreadcrumbList","@id":"https:\/\/cpxzx.com\/product\/ceramic-cascade-mini-ring\/#breadcrumb","itemListElement":[{"@type":"ListItem","position":1,"name":"Home","item":"https:\/\/cpxzx.com\/"},{"@type":"ListItem","position":2,"name":"Random Packing","item":"https:\/\/cpxzx.com\/pcategory\/random-packing\/"},{"@type":"ListItem","position":3,"name":"Ceramic Random Packing","item":"https:\/\/cpxzx.com\/pcategory\/random-packing\/ceramic-random-packing\/"},{"@type":"ListItem","position":4,"name":"Ceramic Cascade Mini Ring 25mm 50mm 76mm"}]},{"@type":"WebSite","@id":"https:\/\/cpxzx.com\/#website","url":"https:\/\/cpxzx.com\/","name":"K\u00fchlturm-F\u00fcllung, China PVC-F\u00fcllungen Hersteller","description":"","publisher":{"@id":"https:\/\/cpxzx.com\/#organization"},"potentialAction":[{"@type":"SearchAction","target":{"@type":"EntryPoint","urlTemplate":"https:\/\/cpxzx.com\/?s={search_term_string}"},"query-input":{"@type":"PropertyValueSpecification","valueRequired":true,"valueName":"search_term_string"}}],"inLanguage":"de"},{"@type":"Organization","@id":"https:\/\/cpxzx.com\/#organization","name":"K\u00fchlturm-F\u00fcllung, China PVC-F\u00fcllungen Hersteller","url":"https:\/\/cpxzx.com\/","logo":{"@type":"ImageObject","inLanguage":"de","@id":"https:\/\/cpxzx.com\/#\/schema\/logo\/image\/","url":"https:\/\/cpxzx.com\/wp-content\/uploads\/2025\/07\/1751628807-logo.png","contentUrl":"https:\/\/cpxzx.com\/wp-content\/uploads\/2025\/07\/1751628807-logo.png","width":383,"height":87,"caption":"Cooling Tower Fill, China PVC Fills Manufacturer"},"image":{"@id":"https:\/\/cpxzx.com\/#\/schema\/logo\/image\/"}}]}},"taxonomy_info":{"pcategory":[{"value":22,"label":"Random Packing"},{"value":24,"label":"Ceramic Random Packing"}]},"featured_image_src_large":["https:\/\/cpxzx.com\/wp-content\/uploads\/2025\/07\/Ceramic-cascade-mini-ring3.jpg",550,550,false],"author_info":[],"comment_info":"","_links":{"self":[{"href":"https:\/\/cpxzx.com\/de\/wp-json\/wp\/v2\/product\/2850","targetHints":{"allow":["GET"]}}],"collection":[{"href":"https:\/\/cpxzx.com\/de\/wp-json\/wp\/v2\/product"}],"about":[{"href":"https:\/\/cpxzx.com\/de\/wp-json\/wp\/v2\/types\/product"}],"wp:featuredmedia":[{"embeddable":true,"href":"https:\/\/cpxzx.com\/de\/wp-json\/wp\/v2\/media\/2853"}],"wp:attachment":[{"href":"https:\/\/cpxzx.com\/de\/wp-json\/wp\/v2\/media?parent=2850"}],"wp:term":[{"taxonomy":"pcategory","embeddable":true,"href":"https:\/\/cpxzx.com\/de\/wp-json\/wp\/v2\/pcategory?post=2850"},{"taxonomy":"ptag","embeddable":true,"href":"https:\/\/cpxzx.com\/de\/wp-json\/wp\/v2\/ptag?post=2850"}],"curies":[{"name":"wp","href":"https:\/\/api.w.org\/{rel}","templated":true}]}}