{"id":2843,"date":"2025-07-26T07:55:25","date_gmt":"2025-07-26T07:55:25","guid":{"rendered":"https:\/\/cpxzx.com\/?post_type=product&#038;p=2843"},"modified":"2025-07-30T11:05:37","modified_gmt":"2025-07-30T11:05:37","slug":"ceramic-berl-saddle","status":"publish","type":"product","link":"https:\/\/cpxzx.com\/de\/produkt\/ceramic-berl-saddle\/","title":{"rendered":"Keramische Berl-S\u00e4ttel10mm 15mm 25mm 38mm 50mm"},"content":{"rendered":"<p>Die <strong>Keramik Berl-Sattel<\/strong> ist einer der fr\u00fchesten sattelf\u00f6rmigen Packungstypen. Wenn sie im Turm gestapelt werden, bilden sie eine bogenf\u00f6rmige Luftweg-Kettenstruktur, die einen gleichm\u00e4\u00dfigen Gas-Fl\u00fcssigkeitsstrom f\u00f6rdert und gleichzeitig den Widerstand verringert.<br \/>\nDank ihrer ausgezeichneten Best\u00e4ndigkeit gegen S\u00e4uren (au\u00dfer Flusss\u00e4ure) und Hitze k\u00f6nnen die keramischen Berl-S\u00e4ttel der Korrosion durch verschiedene anorganische und organische S\u00e4uren und L\u00f6sungsmittel widerstehen. Sie werden h\u00e4ufig in Trockent\u00fcrmen, Absorptionst\u00fcrmen, K\u00fchlt\u00fcrmen, W\u00e4schert\u00fcrmen und Aktivatort\u00fcrmen in Branchen wie Chemie, Metallurgie, Kohlegas und Sauerstofferzeugung eingesetzt.<\/p>\n<h2>Merkmal:<\/h2>\n<p>Ausgezeichnete Best\u00e4ndigkeit gegen S\u00e4uren und Laugen<br \/>\nAusgezeichnete Hitzebest\u00e4ndigkeit<br \/>\nHohe spezifische Oberfl\u00e4che und niedrige Kosten<br \/>\nHohe mechanische Festigkeit<br \/>\nEnergiesparend, niedrige Betriebskosten und leicht zu be- und entladen<\/p>\n<h2>Spezifikation:<\/h2>\n<table border=\"1\">\n<thead>\n<tr>\n<th>Gr\u00f6\u00dfe<\/th>\n<th>Fl\u00e4che<br \/>\n(m2\/m3)<\/th>\n<th>Leere Bruchteil<br \/>\n(%)<\/th>\n<th>Masse Nummer<br \/>\n(n\/m3)<\/th>\n<th>Sch\u00fcttdichte<br \/>\n(Kg\/m3)<\/th>\n<\/tr>\n<\/thead>\n<tbody>\n<tr>\n<td>19 mm (3\/4 Zoll)<\/td>\n<td>225<\/td>\n<td>58<\/td>\n<td>83950<\/td>\n<td>725<\/td>\n<\/tr>\n<tr>\n<td>25 mm (1 Zoll)<\/td>\n<td>206<\/td>\n<td>61<\/td>\n<td>43250<\/td>\n<td>640<\/td>\n<\/tr>\n<tr>\n<td>38 mm (1,5 Zoll)<\/td>\n<td>110<\/td>\n<td>72<\/td>\n<td>12775<\/td>\n<td>617<\/td>\n<\/tr>\n<tr>\n<td>50 mm (2 Zoll)<\/td>\n<td>95<\/td>\n<td>72<\/td>\n<td>7900<\/td>\n<td>650<\/td>\n<\/tr>\n<\/tbody>\n<\/table>\n<p>* Weitere Produkte k\u00f6nnen angepasst werden<br \/>\n<img loading=\"lazy\" decoding=\"async\" class=\"alignnone size-medium wp-image-2844\" src=\"https:\/\/cpxzx.com\/wp-content\/uploads\/2025\/07\/Ceramic-Berl-Saddles-300x161.jpg\" alt=\"\" width=\"300\" height=\"161\" srcset=\"https:\/\/cpxzx.com\/wp-content\/uploads\/2025\/07\/Ceramic-Berl-Saddles-300x161.jpg 300w, https:\/\/cpxzx.com\/wp-content\/uploads\/2025\/07\/Ceramic-Berl-Saddles-768x413.jpg 768w, https:\/\/cpxzx.com\/wp-content\/uploads\/2025\/07\/Ceramic-Berl-Saddles-18x10.jpg 18w, https:\/\/cpxzx.com\/wp-content\/uploads\/2025\/07\/Ceramic-Berl-Saddles.jpg 1022w\" sizes=\"auto, (max-width: 300px) 100vw, 300px\" \/><\/p>\n<h2>Anmeldung<\/h2>\n<p>Keramische Berl-Sattelringe greifen im Turm ineinander und bilden einen Bogenluftkanal. Dar\u00fcber hinaus mit der ausgezeichneten chemischen Best\u00e4ndigkeit und Temperaturbest\u00e4ndigkeit kann es in Trockenturm, Absorptionsturm, K\u00fchlturm, Waschturm, chemische Industrie, metallurgische Industrie, Kohle und Erdgas-Industrie, industrielle Sauerstoffproduktion Industrie verwendet werden, <em>usw.<\/em>.<\/p>\n<p><img loading=\"lazy\" decoding=\"async\" class=\"alignnone size-medium wp-image-2847\" src=\"https:\/\/cpxzx.com\/wp-content\/uploads\/2025\/07\/19mm-25mm-38mm-50mm-300x103.jpg\" alt=\"\" width=\"300\" height=\"103\" srcset=\"https:\/\/cpxzx.com\/wp-content\/uploads\/2025\/07\/19mm-25mm-38mm-50mm-300x103.jpg 300w, https:\/\/cpxzx.com\/wp-content\/uploads\/2025\/07\/19mm-25mm-38mm-50mm-18x6.jpg 18w, https:\/\/cpxzx.com\/wp-content\/uploads\/2025\/07\/19mm-25mm-38mm-50mm.jpg 558w\" sizes=\"auto, (max-width: 300px) 100vw, 300px\" \/><\/p>","protected":false},"excerpt":{"rendered":"<p>Der keramische Berl-Sattel ist eine verbesserte Version des keramischen Bogensattels und bietet im Vergleich zur Ringpackung eine bessere Fl\u00fcssigkeitsverteilung, einen geringeren Widerstand und einen geringeren Druck auf die Innenwand des Turms. Er ist hochgradig best\u00e4ndig gegen S\u00e4uren (au\u00dfer Flusss\u00e4ure) und L\u00f6sungsmittel sowie gegen extreme Temperaturen und eignet sich daher f\u00fcr verschiedene Anwendungen.<\/p>","protected":false},"featured_media":2845,"parent":0,"template":"","meta":{"_acf_changed":false,"_kad_blocks_custom_css":"","_kad_blocks_head_custom_js":"","_kad_blocks_body_custom_js":"","_kad_blocks_footer_custom_js":"","_kadence_starter_templates_imported_post":false,"_kad_post_transparent":"default","_kad_post_title":"","_kad_post_layout":"default","_kad_post_sidebar_id":"","_kad_post_content_style":"default","_kad_post_vertical_padding":"default","_kad_post_feature":"","_kad_post_feature_position":"","_kad_post_header":false,"_kad_post_footer":false},"pcategory":[22,24],"ptag":[],"class_list":["post-2843","product","type-product","status-publish","has-post-thumbnail","hentry","pcategory-random-packing","pcategory-ceramic-random-packing"],"acf":[],"yoast_head":"<!-- This site is optimized with the Yoast SEO plugin v27.4 - https:\/\/yoast.com\/product\/yoast-seo-wordpress\/ -->\n<title>Ceramic Berl Saddles10mm 15mm 25mm 38mm 50mm<\/title>\n<meta name=\"robots\" content=\"index, follow, max-snippet:-1, max-image-preview:large, max-video-preview:-1\" \/>\n<link rel=\"canonical\" href=\"https:\/\/cpxzx.com\/de\/produkt\/ceramic-berl-saddle\/\" \/>\n<meta property=\"og:locale\" content=\"de_DE\" \/>\n<meta property=\"og:type\" content=\"article\" \/>\n<meta property=\"og:title\" content=\"Ceramic Berl Saddles10mm 15mm 25mm 38mm 50mm\" \/>\n<meta property=\"og:description\" content=\"The ceramic Berl saddle is an upgraded version of the ceramic arc saddle, offering improved fluid distribution, lower resistance, and reduced pressure on the tower\u2019s inner wall compared to ring packing. It is highly resistant to acids (excluding hydrofluoric acid) and solvents, as well as extreme temperatures, making it suitable for various applications.\" \/>\n<meta property=\"og:url\" content=\"https:\/\/cpxzx.com\/de\/produkt\/ceramic-berl-saddle\/\" \/>\n<meta property=\"og:site_name\" content=\"Cooling Tower Fill, China PVC Fills Manufacturer\" \/>\n<meta property=\"article:modified_time\" content=\"2025-07-30T11:05:37+00:00\" \/>\n<meta property=\"og:image\" content=\"https:\/\/cpxzx.com\/wp-content\/uploads\/2025\/07\/10mm-15mm-25mm-38mm-50mm-Ceramic-Berl-Saddles.jpg\" \/>\n\t<meta property=\"og:image:width\" content=\"550\" \/>\n\t<meta property=\"og:image:height\" content=\"550\" \/>\n\t<meta property=\"og:image:type\" content=\"image\/jpeg\" \/>\n<meta name=\"twitter:card\" content=\"summary_large_image\" \/>\n<meta name=\"twitter:label1\" content=\"Gesch\u00e4tzte Lesezeit\" \/>\n\t<meta name=\"twitter:data1\" content=\"2\u00a0Minuten\" \/>\n<script type=\"application\/ld+json\" class=\"yoast-schema-graph\">{\"@context\":\"https:\\\/\\\/schema.org\",\"@graph\":[{\"@type\":\"WebPage\",\"@id\":\"https:\\\/\\\/cpxzx.com\\\/product\\\/ceramic-berl-saddle\\\/\",\"url\":\"https:\\\/\\\/cpxzx.com\\\/product\\\/ceramic-berl-saddle\\\/\",\"name\":\"Ceramic Berl Saddles10mm 15mm 25mm 38mm 50mm\",\"isPartOf\":{\"@id\":\"https:\\\/\\\/cpxzx.com\\\/#website\"},\"primaryImageOfPage\":{\"@id\":\"https:\\\/\\\/cpxzx.com\\\/product\\\/ceramic-berl-saddle\\\/#primaryimage\"},\"image\":{\"@id\":\"https:\\\/\\\/cpxzx.com\\\/product\\\/ceramic-berl-saddle\\\/#primaryimage\"},\"thumbnailUrl\":\"https:\\\/\\\/cpxzx.com\\\/wp-content\\\/uploads\\\/2025\\\/07\\\/10mm-15mm-25mm-38mm-50mm-Ceramic-Berl-Saddles.jpg\",\"datePublished\":\"2025-07-26T07:55:25+00:00\",\"dateModified\":\"2025-07-30T11:05:37+00:00\",\"breadcrumb\":{\"@id\":\"https:\\\/\\\/cpxzx.com\\\/product\\\/ceramic-berl-saddle\\\/#breadcrumb\"},\"inLanguage\":\"de\",\"potentialAction\":[{\"@type\":\"ReadAction\",\"target\":[\"https:\\\/\\\/cpxzx.com\\\/product\\\/ceramic-berl-saddle\\\/\"]}]},{\"@type\":\"ImageObject\",\"inLanguage\":\"de\",\"@id\":\"https:\\\/\\\/cpxzx.com\\\/product\\\/ceramic-berl-saddle\\\/#primaryimage\",\"url\":\"https:\\\/\\\/cpxzx.com\\\/wp-content\\\/uploads\\\/2025\\\/07\\\/10mm-15mm-25mm-38mm-50mm-Ceramic-Berl-Saddles.jpg\",\"contentUrl\":\"https:\\\/\\\/cpxzx.com\\\/wp-content\\\/uploads\\\/2025\\\/07\\\/10mm-15mm-25mm-38mm-50mm-Ceramic-Berl-Saddles.jpg\",\"width\":550,\"height\":550,\"caption\":\"Ceramic-Berl-Saddles-10mm-15mm-25mm-38mm-50mm\"},{\"@type\":\"BreadcrumbList\",\"@id\":\"https:\\\/\\\/cpxzx.com\\\/product\\\/ceramic-berl-saddle\\\/#breadcrumb\",\"itemListElement\":[{\"@type\":\"ListItem\",\"position\":1,\"name\":\"Home\",\"item\":\"https:\\\/\\\/cpxzx.com\\\/\"},{\"@type\":\"ListItem\",\"position\":2,\"name\":\"Random Packing\",\"item\":\"https:\\\/\\\/cpxzx.com\\\/pcategory\\\/random-packing\\\/\"},{\"@type\":\"ListItem\",\"position\":3,\"name\":\"Ceramic Random Packing\",\"item\":\"https:\\\/\\\/cpxzx.com\\\/pcategory\\\/random-packing\\\/ceramic-random-packing\\\/\"},{\"@type\":\"ListItem\",\"position\":4,\"name\":\"Ceramic Berl Saddles10mm 15mm 25mm 38mm 50mm\"}]},{\"@type\":\"WebSite\",\"@id\":\"https:\\\/\\\/cpxzx.com\\\/#website\",\"url\":\"https:\\\/\\\/cpxzx.com\\\/\",\"name\":\"Cooling Tower Fill, China PVC Fills Manufacturer\",\"description\":\"\",\"publisher\":{\"@id\":\"https:\\\/\\\/cpxzx.com\\\/#organization\"},\"potentialAction\":[{\"@type\":\"SearchAction\",\"target\":{\"@type\":\"EntryPoint\",\"urlTemplate\":\"https:\\\/\\\/cpxzx.com\\\/?s={search_term_string}\"},\"query-input\":{\"@type\":\"PropertyValueSpecification\",\"valueRequired\":true,\"valueName\":\"search_term_string\"}}],\"inLanguage\":\"de\"},{\"@type\":\"Organization\",\"@id\":\"https:\\\/\\\/cpxzx.com\\\/#organization\",\"name\":\"Cooling Tower Fill, China PVC Fills Manufacturer\",\"url\":\"https:\\\/\\\/cpxzx.com\\\/\",\"logo\":{\"@type\":\"ImageObject\",\"inLanguage\":\"de\",\"@id\":\"https:\\\/\\\/cpxzx.com\\\/#\\\/schema\\\/logo\\\/image\\\/\",\"url\":\"https:\\\/\\\/cpxzx.com\\\/wp-content\\\/uploads\\\/2025\\\/07\\\/1751628807-logo.png\",\"contentUrl\":\"https:\\\/\\\/cpxzx.com\\\/wp-content\\\/uploads\\\/2025\\\/07\\\/1751628807-logo.png\",\"width\":383,\"height\":87,\"caption\":\"Cooling Tower Fill, China PVC Fills Manufacturer\"},\"image\":{\"@id\":\"https:\\\/\\\/cpxzx.com\\\/#\\\/schema\\\/logo\\\/image\\\/\"}}]}<\/script>\n<!-- \/ Yoast SEO plugin. -->","yoast_head_json":{"title":"Keramische Berl-S\u00e4ttel10mm 15mm 25mm 38mm 50mm","robots":{"index":"index","follow":"follow","max-snippet":"max-snippet:-1","max-image-preview":"max-image-preview:large","max-video-preview":"max-video-preview:-1"},"canonical":"https:\/\/cpxzx.com\/de\/produkt\/ceramic-berl-saddle\/","og_locale":"de_DE","og_type":"article","og_title":"Ceramic Berl Saddles10mm 15mm 25mm 38mm 50mm","og_description":"The ceramic Berl saddle is an upgraded version of the ceramic arc saddle, offering improved fluid distribution, lower resistance, and reduced pressure on the tower\u2019s inner wall compared to ring packing. It is highly resistant to acids (excluding hydrofluoric acid) and solvents, as well as extreme temperatures, making it suitable for various applications.","og_url":"https:\/\/cpxzx.com\/de\/produkt\/ceramic-berl-saddle\/","og_site_name":"Cooling Tower Fill, China PVC Fills Manufacturer","article_modified_time":"2025-07-30T11:05:37+00:00","og_image":[{"width":550,"height":550,"url":"https:\/\/cpxzx.com\/wp-content\/uploads\/2025\/07\/10mm-15mm-25mm-38mm-50mm-Ceramic-Berl-Saddles.jpg","type":"image\/jpeg"}],"twitter_card":"summary_large_image","twitter_misc":{"Gesch\u00e4tzte Lesezeit":"2\u00a0Minuten"},"schema":{"@context":"https:\/\/schema.org","@graph":[{"@type":"WebPage","@id":"https:\/\/cpxzx.com\/product\/ceramic-berl-saddle\/","url":"https:\/\/cpxzx.com\/product\/ceramic-berl-saddle\/","name":"Keramische Berl-S\u00e4ttel10mm 15mm 25mm 38mm 50mm","isPartOf":{"@id":"https:\/\/cpxzx.com\/#website"},"primaryImageOfPage":{"@id":"https:\/\/cpxzx.com\/product\/ceramic-berl-saddle\/#primaryimage"},"image":{"@id":"https:\/\/cpxzx.com\/product\/ceramic-berl-saddle\/#primaryimage"},"thumbnailUrl":"https:\/\/cpxzx.com\/wp-content\/uploads\/2025\/07\/10mm-15mm-25mm-38mm-50mm-Ceramic-Berl-Saddles.jpg","datePublished":"2025-07-26T07:55:25+00:00","dateModified":"2025-07-30T11:05:37+00:00","breadcrumb":{"@id":"https:\/\/cpxzx.com\/product\/ceramic-berl-saddle\/#breadcrumb"},"inLanguage":"de","potentialAction":[{"@type":"ReadAction","target":["https:\/\/cpxzx.com\/product\/ceramic-berl-saddle\/"]}]},{"@type":"ImageObject","inLanguage":"de","@id":"https:\/\/cpxzx.com\/product\/ceramic-berl-saddle\/#primaryimage","url":"https:\/\/cpxzx.com\/wp-content\/uploads\/2025\/07\/10mm-15mm-25mm-38mm-50mm-Ceramic-Berl-Saddles.jpg","contentUrl":"https:\/\/cpxzx.com\/wp-content\/uploads\/2025\/07\/10mm-15mm-25mm-38mm-50mm-Ceramic-Berl-Saddles.jpg","width":550,"height":550,"caption":"Ceramic-Berl-Saddles-10mm-15mm-25mm-38mm-50mm"},{"@type":"BreadcrumbList","@id":"https:\/\/cpxzx.com\/product\/ceramic-berl-saddle\/#breadcrumb","itemListElement":[{"@type":"ListItem","position":1,"name":"Home","item":"https:\/\/cpxzx.com\/"},{"@type":"ListItem","position":2,"name":"Random Packing","item":"https:\/\/cpxzx.com\/pcategory\/random-packing\/"},{"@type":"ListItem","position":3,"name":"Ceramic Random Packing","item":"https:\/\/cpxzx.com\/pcategory\/random-packing\/ceramic-random-packing\/"},{"@type":"ListItem","position":4,"name":"Ceramic Berl Saddles10mm 15mm 25mm 38mm 50mm"}]},{"@type":"WebSite","@id":"https:\/\/cpxzx.com\/#website","url":"https:\/\/cpxzx.com\/","name":"K\u00fchlturm-F\u00fcllung, China PVC-F\u00fcllungen Hersteller","description":"","publisher":{"@id":"https:\/\/cpxzx.com\/#organization"},"potentialAction":[{"@type":"SearchAction","target":{"@type":"EntryPoint","urlTemplate":"https:\/\/cpxzx.com\/?s={search_term_string}"},"query-input":{"@type":"PropertyValueSpecification","valueRequired":true,"valueName":"search_term_string"}}],"inLanguage":"de"},{"@type":"Organization","@id":"https:\/\/cpxzx.com\/#organization","name":"K\u00fchlturm-F\u00fcllung, China PVC-F\u00fcllungen Hersteller","url":"https:\/\/cpxzx.com\/","logo":{"@type":"ImageObject","inLanguage":"de","@id":"https:\/\/cpxzx.com\/#\/schema\/logo\/image\/","url":"https:\/\/cpxzx.com\/wp-content\/uploads\/2025\/07\/1751628807-logo.png","contentUrl":"https:\/\/cpxzx.com\/wp-content\/uploads\/2025\/07\/1751628807-logo.png","width":383,"height":87,"caption":"Cooling Tower Fill, China PVC Fills Manufacturer"},"image":{"@id":"https:\/\/cpxzx.com\/#\/schema\/logo\/image\/"}}]}},"taxonomy_info":{"pcategory":[{"value":22,"label":"Random Packing"},{"value":24,"label":"Ceramic Random Packing"}]},"featured_image_src_large":["https:\/\/cpxzx.com\/wp-content\/uploads\/2025\/07\/10mm-15mm-25mm-38mm-50mm-Ceramic-Berl-Saddles.jpg",550,550,false],"author_info":[],"comment_info":"","_links":{"self":[{"href":"https:\/\/cpxzx.com\/de\/wp-json\/wp\/v2\/product\/2843","targetHints":{"allow":["GET"]}}],"collection":[{"href":"https:\/\/cpxzx.com\/de\/wp-json\/wp\/v2\/product"}],"about":[{"href":"https:\/\/cpxzx.com\/de\/wp-json\/wp\/v2\/types\/product"}],"wp:featuredmedia":[{"embeddable":true,"href":"https:\/\/cpxzx.com\/de\/wp-json\/wp\/v2\/media\/2845"}],"wp:attachment":[{"href":"https:\/\/cpxzx.com\/de\/wp-json\/wp\/v2\/media?parent=2843"}],"wp:term":[{"taxonomy":"pcategory","embeddable":true,"href":"https:\/\/cpxzx.com\/de\/wp-json\/wp\/v2\/pcategory?post=2843"},{"taxonomy":"ptag","embeddable":true,"href":"https:\/\/cpxzx.com\/de\/wp-json\/wp\/v2\/ptag?post=2843"}],"curies":[{"name":"wp","href":"https:\/\/api.w.org\/{rel}","templated":true}]}}