{"id":2814,"date":"2025-07-19T09:57:17","date_gmt":"2025-07-19T09:57:17","guid":{"rendered":"https:\/\/cpxzx.com\/?post_type=product&#038;p=2814"},"modified":"2025-07-30T11:07:35","modified_gmt":"2025-07-30T11:07:35","slug":"ceramic-intalox-saddles","status":"publish","type":"product","link":"https:\/\/cpxzx.com\/de\/produkt\/ceramic-intalox-saddles\/","title":{"rendered":"Intalox-Keramiks\u00e4ttel (25mm, 38mm, 50mm, 76mm)"},"content":{"rendered":"<p><strong>Keramische Intalox-S\u00e4ttel<\/strong> sind eine deutliche Verbesserung gegen\u00fcber herk\u00f6mmlichen Keramikbogens\u00e4tteln. Dank ihres fortschrittlichen Designs, das \u00c4nderungen an der gew\u00f6lbten Oberfl\u00e4che und dem inneren Kr\u00fcmmungsradius aufweist, l\u00f6sen diese S\u00e4ttel das Problem der Verschachtelung, das bei herk\u00f6mmlichen S\u00e4tteln h\u00e4ufig auftritt. Die keramischen Intalox-S\u00e4ttel sind so konzipiert, dass sie eine hervorragende Benetzbarkeit aufweisen, was sie ideal f\u00fcr den Einsatz in verschiedenen Anwendungen macht. Sie erm\u00f6glichen eine gr\u00f6\u00dfere Zuf\u00e4lligkeit des Fl\u00fcssigkeitsstroms und verhindern gleichzeitig die Bildung von bevorzugten Fl\u00fcssigkeitswegen oder -kan\u00e4len, die die Effizienz chemischer Prozesse verringern k\u00f6nnen.<\/p>\n<h2>Hauptmerkmale der keramischen Intalox-S\u00e4ttel<\/h2>\n<ul>\n<li><strong>Ausgezeichnete S\u00e4urebest\u00e4ndigkeit<\/strong>: Die keramischen Intalox-S\u00e4ttel sind f\u00fcr den Einsatz in stark s\u00e4urehaltigen Umgebungen ausgelegt und gew\u00e4hrleisten eine lange Lebensdauer in Branchen wie der chemischen Verarbeitung und der petrochemischen Raffination.<\/li>\n<li><strong>Hervorragende Hitzebest\u00e4ndigkeit<\/strong>: Diese S\u00e4ttel k\u00f6nnen extremen Temperaturen standhalten und eignen sich daher f\u00fcr den Einsatz in Hochtemperaturprozessen.<\/li>\n<li><strong>Hohe spezifische Oberfl\u00e4che<\/strong>: Mit ihrer gro\u00dfen Oberfl\u00e4che sorgen diese S\u00e4ttel f\u00fcr eine bessere Wechselwirkung zwischen Gas- und Fl\u00fcssigkeitsphasen bei verschiedenen Stoff\u00fcbertragungsanwendungen und verbessern so die Effizienz.<\/li>\n<li><strong>Niedrige Kosten<\/strong>: Trotz ihrer hervorragenden Eigenschaften sind die keramischen Intalox-S\u00e4ttel kosteng\u00fcnstig und bieten ein ausgewogenes Verh\u00e4ltnis zwischen hoher Leistung und Erschwinglichkeit.<\/li>\n<li><strong>Hohe mechanische Festigkeit<\/strong>: Die mechanische Festigkeit dieser S\u00e4ttel gew\u00e4hrleistet, dass sie dem Druck und der mechanischen Belastung w\u00e4hrend des Betriebs standhalten.<\/li>\n<li><strong>Energieeinsparung<\/strong>: Die keramischen Intalox-S\u00e4ttel sind energieeffizient und tragen dazu bei, die Betriebskosten im Laufe der Zeit zu senken.<\/li>\n<li><strong>Leichte Handhabung<\/strong>: Das leichte und robuste Design dieser S\u00e4ttel erleichtert das Be- und Entladen und reduziert den Zeit- und Arbeitsaufwand f\u00fcr die Handhabung.<\/li>\n<\/ul>\n<h2>Spezifikationen f\u00fcr keramische Intalox-S\u00e4ttel<\/h2>\n<table border=\"1\">\n<thead>\n<tr>\n<th>Spezifikation (mm)<\/th>\n<th>Gr\u00f6\u00dfe (mm)<\/th>\n<th>Oberfl\u00e4che (m2\/m3)<\/th>\n<th>Freies Volumen (%)<\/th>\n<th>Sch\u00fcttgut Zahlen (pro\/m3)<\/th>\n<th>Sch\u00fcttdichte (kg\/m3)<\/th>\n<th>Trockenpackungsfaktor (m-1)<\/th>\n<\/tr>\n<\/thead>\n<tbody>\n<tr>\n<td>\u03c625<\/td>\n<td>25*25*3<\/td>\n<td>238<\/td>\n<td>73<\/td>\n<td>53,500<\/td>\n<td>600<\/td>\n<td>565<\/td>\n<\/tr>\n<tr>\n<td>\u03c638<\/td>\n<td>38*38*4<\/td>\n<td>197<\/td>\n<td>75<\/td>\n<td>13,400<\/td>\n<td>570<\/td>\n<td>365<\/td>\n<\/tr>\n<tr>\n<td>\u03c650<\/td>\n<td>50*50*5<\/td>\n<td>120<\/td>\n<td>78<\/td>\n<td>6,800<\/td>\n<td>550<\/td>\n<td>252<\/td>\n<\/tr>\n<tr>\n<td>\u03c680<\/td>\n<td>80*80*8<\/td>\n<td>75<\/td>\n<td>80<\/td>\n<td>1,930<\/td>\n<td>520<\/td>\n<td>146<\/td>\n<\/tr>\n<\/tbody>\n<\/table>\n<h2>Anwendungen von keramischen Intalox-S\u00e4tteln<\/h2>\n<p>Keramische Intalox-S\u00e4ttel werden in vielen Industriezweigen eingesetzt, die hocheffiziente Packungsmaterialien f\u00fcr Stoff\u00fcbertragungsvorg\u00e4nge ben\u00f6tigen. Dazu geh\u00f6ren Anisellarringe aus Kunststoff, die Entparaffinierung von \u00d6l, Demethan, Benzolanhydridraffination und vieles mehr. Au\u00dferdem werden sie h\u00e4ufig in Trocknungs- und Absorptionst\u00fcrmen f\u00fcr die Schwefels\u00e4ureherstellung verwendet.<\/p>\n<p>Das Design des keramischen Intalox-Sattels sorgt daf\u00fcr, dass er auch in schwierigen Umgebungen wirksam bleibt und \u00fcber die gesamte Lebensdauer der Anwendung hinweg eine gleichbleibende Leistung erbringt. Ob bei der chemischen Verarbeitung, der petrochemischen Raffination oder der Gasabsorption - diese S\u00e4ttel tragen zur Aufrechterhaltung einer optimalen Leistung und zur Reduzierung von Ausfallzeiten bei.<\/p>\n<h2>Vorteile der Verwendung von keramischen Intalox-S\u00e4tteln<\/h2>\n<ul>\n<li><strong>Verbesserte Effizienz<\/strong>: Das einzigartige Design der keramischen Intalox-S\u00e4ttel erm\u00f6glicht eine zuf\u00e4lligere Packung, die die Effizienz des Fl\u00fcssigkeitsstroms verbessert und Kanalisierungseffekte reduziert.<\/li>\n<li><strong>Dauerhaftigkeit<\/strong>: Diese S\u00e4ttel sind \u00e4u\u00dferst widerstandsf\u00e4hig gegen Temperaturschocks und chemische Angriffe und gew\u00e4hrleisten eine lange Lebensdauer in anspruchsvollen Umgebungen.<\/li>\n<li><strong>Kosten-Wirksamkeit<\/strong>: Keramische Intalox-S\u00e4ttel bieten ein ausgewogenes Verh\u00e4ltnis zwischen \u00fcberlegener Leistung und Erschwinglichkeit, was sie zu einer ausgezeichneten Wahl f\u00fcr eine breite Palette von Anwendungen macht.<\/li>\n<li><strong>Energieeinsparung<\/strong>: Ihre energieeffizienten Eigenschaften tragen zu niedrigeren Betriebskosten bei, was ein entscheidender Vorteil f\u00fcr Branchen ist, die ihre Gesamtkosten senken wollen.<\/li>\n<\/ul>\n<h2>Warum sollten Sie sich f\u00fcr keramische Intalox-S\u00e4ttel entscheiden?<\/h2>\n<p>Keramische Intalox-S\u00e4ttel bieten mehrere Vorteile gegen\u00fcber herk\u00f6mmlichen Verpackungsmaterialien. Ihre F\u00e4higkeit, extremen Temperaturen und korrosiven Substanzen zu widerstehen, macht sie ideal f\u00fcr Branchen wie die petrochemische Verarbeitung, die chemische Produktion und die Gasabsorption. Die Konstruktion der S\u00e4ttel erm\u00f6glicht einen besseren Fl\u00fcssigkeitsdurchfluss, wodurch das Risiko von Verstopfungen verringert und eine h\u00f6here Effizienz bei Stoff\u00fcbertragungsvorg\u00e4ngen gew\u00e4hrleistet wird. Wenn Sie sich f\u00fcr keramische Intalox-S\u00e4ttel entscheiden, k\u00f6nnen Sie sicherstellen, dass Ihr Betrieb reibungslos und mit weniger Wartungsunterbrechungen l\u00e4uft, was langfristig zu erheblichen Zeit- und Kosteneinsparungen f\u00fchrt.<\/p>\n<p>Keramische Intalox-S\u00e4ttel sind auch eine nachhaltige Wahl, die zu Energieeinsparungen und einer geringeren CO2-Bilanz beitr\u00e4gt. Ihre hohe spezifische Oberfl\u00e4che verbessert die F\u00e4higkeit zum Stoffaustausch und macht sie ideal f\u00fcr Prozesse, die eine hohe Effizienz erfordern.<\/p>\n<h2>Schlussfolgerung<\/h2>\n<p>Keramische Intalox-S\u00e4ttel sind ein wesentlicher Bestandteil verschiedener industrieller Anwendungen und bieten eine hervorragende Best\u00e4ndigkeit gegen Hitze, Chemikalien und Temperaturschocks. Ihre hohe mechanische Festigkeit und Kosteneffizienz machen sie zu einer idealen Wahl f\u00fcr Anwendungen in der chemischen und petrochemischen Industrie. Ob in Kunststoffanisellarringen, bei der Entparaffinierung von \u00d6lraffinerien oder bei der Schwefels\u00e4ureproduktion - keramische Intalox-S\u00e4ttel bieten dauerhafte Leistung und Effizienz. Mit ihren energiesparenden F\u00e4higkeiten und ihrer einfachen Handhabung sind diese S\u00e4ttel eine zuverl\u00e4ssige, leistungsstarke Verpackungsl\u00f6sung.<\/p>\n<p>Zusammenfassend l\u00e4sst sich sagen, dass die keramischen Intalox-S\u00e4ttel die richtige L\u00f6sung f\u00fcr Sie sind, wenn Sie auf der Suche nach langlebigem, kosteng\u00fcnstigem und effizientem Verpackungsmaterial f\u00fcr Ihre Stoffaustauschprozesse sind.<\/p>","protected":false},"excerpt":{"rendered":"<p>Diese Keramiks\u00e4ttel sind \u00e4u\u00dferst widerstandsf\u00e4hig gegen thermische Schocks und chemische Angriffe, was sie zu einer idealen Wahl f\u00fcr den Einsatz in rauen Industrieumgebungen macht. Ihre \u00fcberragende Widerstandsf\u00e4higkeit gegen\u00fcber Hitze und chemischen Einfl\u00fcssen sorgt f\u00fcr eine lange Lebensdauer in anspruchsvollen Anwendungen und reduziert die Notwendigkeit eines h\u00e4ufigen Austauschs.<\/p>","protected":false},"featured_media":2816,"parent":0,"template":"","meta":{"_acf_changed":false,"_kad_blocks_custom_css":"","_kad_blocks_head_custom_js":"","_kad_blocks_body_custom_js":"","_kad_blocks_footer_custom_js":"","_kadence_starter_templates_imported_post":false,"_kad_post_transparent":"default","_kad_post_title":"","_kad_post_layout":"default","_kad_post_sidebar_id":"","_kad_post_content_style":"default","_kad_post_vertical_padding":"default","_kad_post_feature":"","_kad_post_feature_position":"","_kad_post_header":false,"_kad_post_footer":false},"pcategory":[],"ptag":[],"class_list":["post-2814","product","type-product","status-publish","has-post-thumbnail","hentry"],"acf":[],"yoast_head":"<!-- This site is optimized with the Yoast SEO plugin v27.4 - https:\/\/yoast.com\/product\/yoast-seo-wordpress\/ -->\n<title>Ceramic Intalox Saddles (25mm, 38mm, 50mm, 76mm)<\/title>\n<meta name=\"robots\" content=\"index, follow, max-snippet:-1, max-image-preview:large, max-video-preview:-1\" \/>\n<link rel=\"canonical\" href=\"https:\/\/cpxzx.com\/de\/produkt\/ceramic-intalox-saddles\/\" \/>\n<meta property=\"og:locale\" content=\"de_DE\" \/>\n<meta property=\"og:type\" content=\"article\" \/>\n<meta property=\"og:title\" content=\"Ceramic Intalox Saddles (25mm, 38mm, 50mm, 76mm)\" \/>\n<meta property=\"og:description\" content=\"These ceramic saddles are highly resistant to thermal shock and chemical attack, making them an ideal choice for use in harsh industrial environments. Their superior resistance to both heat and chemical exposure ensures long-lasting performance in demanding applications, reducing the need for frequent replacements.\" \/>\n<meta property=\"og:url\" content=\"https:\/\/cpxzx.com\/de\/produkt\/ceramic-intalox-saddles\/\" \/>\n<meta property=\"og:site_name\" content=\"Cooling Tower Fill, China PVC Fills Manufacturer\" \/>\n<meta property=\"article:modified_time\" content=\"2025-07-30T11:07:35+00:00\" \/>\n<meta property=\"og:image\" content=\"https:\/\/cpxzx.com\/wp-content\/uploads\/2025\/07\/Ceramic-Intalox-Saddles-26.jpg\" \/>\n\t<meta property=\"og:image:width\" content=\"550\" \/>\n\t<meta property=\"og:image:height\" content=\"550\" \/>\n\t<meta property=\"og:image:type\" content=\"image\/jpeg\" \/>\n<meta name=\"twitter:card\" content=\"summary_large_image\" \/>\n<meta name=\"twitter:label1\" content=\"Gesch\u00e4tzte Lesezeit\" \/>\n\t<meta name=\"twitter:data1\" content=\"4\u00a0Minuten\" \/>\n<script type=\"application\/ld+json\" class=\"yoast-schema-graph\">{\"@context\":\"https:\\\/\\\/schema.org\",\"@graph\":[{\"@type\":\"WebPage\",\"@id\":\"https:\\\/\\\/cpxzx.com\\\/product\\\/ceramic-intalox-saddles\\\/\",\"url\":\"https:\\\/\\\/cpxzx.com\\\/product\\\/ceramic-intalox-saddles\\\/\",\"name\":\"Ceramic Intalox Saddles (25mm, 38mm, 50mm, 76mm)\",\"isPartOf\":{\"@id\":\"https:\\\/\\\/cpxzx.com\\\/#website\"},\"primaryImageOfPage\":{\"@id\":\"https:\\\/\\\/cpxzx.com\\\/product\\\/ceramic-intalox-saddles\\\/#primaryimage\"},\"image\":{\"@id\":\"https:\\\/\\\/cpxzx.com\\\/product\\\/ceramic-intalox-saddles\\\/#primaryimage\"},\"thumbnailUrl\":\"https:\\\/\\\/cpxzx.com\\\/wp-content\\\/uploads\\\/2025\\\/07\\\/Ceramic-Intalox-Saddles-26.jpg\",\"datePublished\":\"2025-07-19T09:57:17+00:00\",\"dateModified\":\"2025-07-30T11:07:35+00:00\",\"breadcrumb\":{\"@id\":\"https:\\\/\\\/cpxzx.com\\\/product\\\/ceramic-intalox-saddles\\\/#breadcrumb\"},\"inLanguage\":\"de\",\"potentialAction\":[{\"@type\":\"ReadAction\",\"target\":[\"https:\\\/\\\/cpxzx.com\\\/product\\\/ceramic-intalox-saddles\\\/\"]}]},{\"@type\":\"ImageObject\",\"inLanguage\":\"de\",\"@id\":\"https:\\\/\\\/cpxzx.com\\\/product\\\/ceramic-intalox-saddles\\\/#primaryimage\",\"url\":\"https:\\\/\\\/cpxzx.com\\\/wp-content\\\/uploads\\\/2025\\\/07\\\/Ceramic-Intalox-Saddles-26.jpg\",\"contentUrl\":\"https:\\\/\\\/cpxzx.com\\\/wp-content\\\/uploads\\\/2025\\\/07\\\/Ceramic-Intalox-Saddles-26.jpg\",\"width\":550,\"height\":550},{\"@type\":\"BreadcrumbList\",\"@id\":\"https:\\\/\\\/cpxzx.com\\\/product\\\/ceramic-intalox-saddles\\\/#breadcrumb\",\"itemListElement\":[{\"@type\":\"ListItem\",\"position\":1,\"name\":\"Home\",\"item\":\"https:\\\/\\\/cpxzx.com\\\/\"},{\"@type\":\"ListItem\",\"position\":2,\"name\":\"Ceramic Intalox Saddles (25mm, 38mm, 50mm, 76mm)\"}]},{\"@type\":\"WebSite\",\"@id\":\"https:\\\/\\\/cpxzx.com\\\/#website\",\"url\":\"https:\\\/\\\/cpxzx.com\\\/\",\"name\":\"Cooling Tower Fill, China PVC Fills Manufacturer\",\"description\":\"\",\"publisher\":{\"@id\":\"https:\\\/\\\/cpxzx.com\\\/#organization\"},\"potentialAction\":[{\"@type\":\"SearchAction\",\"target\":{\"@type\":\"EntryPoint\",\"urlTemplate\":\"https:\\\/\\\/cpxzx.com\\\/?s={search_term_string}\"},\"query-input\":{\"@type\":\"PropertyValueSpecification\",\"valueRequired\":true,\"valueName\":\"search_term_string\"}}],\"inLanguage\":\"de\"},{\"@type\":\"Organization\",\"@id\":\"https:\\\/\\\/cpxzx.com\\\/#organization\",\"name\":\"Cooling Tower Fill, China PVC Fills Manufacturer\",\"url\":\"https:\\\/\\\/cpxzx.com\\\/\",\"logo\":{\"@type\":\"ImageObject\",\"inLanguage\":\"de\",\"@id\":\"https:\\\/\\\/cpxzx.com\\\/#\\\/schema\\\/logo\\\/image\\\/\",\"url\":\"https:\\\/\\\/cpxzx.com\\\/wp-content\\\/uploads\\\/2025\\\/07\\\/1751628807-logo.png\",\"contentUrl\":\"https:\\\/\\\/cpxzx.com\\\/wp-content\\\/uploads\\\/2025\\\/07\\\/1751628807-logo.png\",\"width\":383,\"height\":87,\"caption\":\"Cooling Tower Fill, China PVC Fills Manufacturer\"},\"image\":{\"@id\":\"https:\\\/\\\/cpxzx.com\\\/#\\\/schema\\\/logo\\\/image\\\/\"}}]}<\/script>\n<!-- \/ Yoast SEO plugin. -->","yoast_head_json":{"title":"Intalox-Keramiks\u00e4ttel (25mm, 38mm, 50mm, 76mm)","robots":{"index":"index","follow":"follow","max-snippet":"max-snippet:-1","max-image-preview":"max-image-preview:large","max-video-preview":"max-video-preview:-1"},"canonical":"https:\/\/cpxzx.com\/de\/produkt\/ceramic-intalox-saddles\/","og_locale":"de_DE","og_type":"article","og_title":"Ceramic Intalox Saddles (25mm, 38mm, 50mm, 76mm)","og_description":"These ceramic saddles are highly resistant to thermal shock and chemical attack, making them an ideal choice for use in harsh industrial environments. Their superior resistance to both heat and chemical exposure ensures long-lasting performance in demanding applications, reducing the need for frequent replacements.","og_url":"https:\/\/cpxzx.com\/de\/produkt\/ceramic-intalox-saddles\/","og_site_name":"Cooling Tower Fill, China PVC Fills Manufacturer","article_modified_time":"2025-07-30T11:07:35+00:00","og_image":[{"width":550,"height":550,"url":"https:\/\/cpxzx.com\/wp-content\/uploads\/2025\/07\/Ceramic-Intalox-Saddles-26.jpg","type":"image\/jpeg"}],"twitter_card":"summary_large_image","twitter_misc":{"Gesch\u00e4tzte Lesezeit":"4\u00a0Minuten"},"schema":{"@context":"https:\/\/schema.org","@graph":[{"@type":"WebPage","@id":"https:\/\/cpxzx.com\/product\/ceramic-intalox-saddles\/","url":"https:\/\/cpxzx.com\/product\/ceramic-intalox-saddles\/","name":"Intalox-Keramiks\u00e4ttel (25mm, 38mm, 50mm, 76mm)","isPartOf":{"@id":"https:\/\/cpxzx.com\/#website"},"primaryImageOfPage":{"@id":"https:\/\/cpxzx.com\/product\/ceramic-intalox-saddles\/#primaryimage"},"image":{"@id":"https:\/\/cpxzx.com\/product\/ceramic-intalox-saddles\/#primaryimage"},"thumbnailUrl":"https:\/\/cpxzx.com\/wp-content\/uploads\/2025\/07\/Ceramic-Intalox-Saddles-26.jpg","datePublished":"2025-07-19T09:57:17+00:00","dateModified":"2025-07-30T11:07:35+00:00","breadcrumb":{"@id":"https:\/\/cpxzx.com\/product\/ceramic-intalox-saddles\/#breadcrumb"},"inLanguage":"de","potentialAction":[{"@type":"ReadAction","target":["https:\/\/cpxzx.com\/product\/ceramic-intalox-saddles\/"]}]},{"@type":"ImageObject","inLanguage":"de","@id":"https:\/\/cpxzx.com\/product\/ceramic-intalox-saddles\/#primaryimage","url":"https:\/\/cpxzx.com\/wp-content\/uploads\/2025\/07\/Ceramic-Intalox-Saddles-26.jpg","contentUrl":"https:\/\/cpxzx.com\/wp-content\/uploads\/2025\/07\/Ceramic-Intalox-Saddles-26.jpg","width":550,"height":550},{"@type":"BreadcrumbList","@id":"https:\/\/cpxzx.com\/product\/ceramic-intalox-saddles\/#breadcrumb","itemListElement":[{"@type":"ListItem","position":1,"name":"Home","item":"https:\/\/cpxzx.com\/"},{"@type":"ListItem","position":2,"name":"Ceramic Intalox Saddles (25mm, 38mm, 50mm, 76mm)"}]},{"@type":"WebSite","@id":"https:\/\/cpxzx.com\/#website","url":"https:\/\/cpxzx.com\/","name":"K\u00fchlturm-F\u00fcllung, China PVC-F\u00fcllungen Hersteller","description":"","publisher":{"@id":"https:\/\/cpxzx.com\/#organization"},"potentialAction":[{"@type":"SearchAction","target":{"@type":"EntryPoint","urlTemplate":"https:\/\/cpxzx.com\/?s={search_term_string}"},"query-input":{"@type":"PropertyValueSpecification","valueRequired":true,"valueName":"search_term_string"}}],"inLanguage":"de"},{"@type":"Organization","@id":"https:\/\/cpxzx.com\/#organization","name":"K\u00fchlturm-F\u00fcllung, China PVC-F\u00fcllungen Hersteller","url":"https:\/\/cpxzx.com\/","logo":{"@type":"ImageObject","inLanguage":"de","@id":"https:\/\/cpxzx.com\/#\/schema\/logo\/image\/","url":"https:\/\/cpxzx.com\/wp-content\/uploads\/2025\/07\/1751628807-logo.png","contentUrl":"https:\/\/cpxzx.com\/wp-content\/uploads\/2025\/07\/1751628807-logo.png","width":383,"height":87,"caption":"Cooling Tower Fill, China PVC Fills Manufacturer"},"image":{"@id":"https:\/\/cpxzx.com\/#\/schema\/logo\/image\/"}}]}},"taxonomy_info":[],"featured_image_src_large":["https:\/\/cpxzx.com\/wp-content\/uploads\/2025\/07\/Ceramic-Intalox-Saddles-26.jpg",550,550,false],"author_info":[],"comment_info":"","_links":{"self":[{"href":"https:\/\/cpxzx.com\/de\/wp-json\/wp\/v2\/product\/2814","targetHints":{"allow":["GET"]}}],"collection":[{"href":"https:\/\/cpxzx.com\/de\/wp-json\/wp\/v2\/product"}],"about":[{"href":"https:\/\/cpxzx.com\/de\/wp-json\/wp\/v2\/types\/product"}],"wp:featuredmedia":[{"embeddable":true,"href":"https:\/\/cpxzx.com\/de\/wp-json\/wp\/v2\/media\/2816"}],"wp:attachment":[{"href":"https:\/\/cpxzx.com\/de\/wp-json\/wp\/v2\/media?parent=2814"}],"wp:term":[{"taxonomy":"pcategory","embeddable":true,"href":"https:\/\/cpxzx.com\/de\/wp-json\/wp\/v2\/pcategory?post=2814"},{"taxonomy":"ptag","embeddable":true,"href":"https:\/\/cpxzx.com\/de\/wp-json\/wp\/v2\/ptag?post=2814"}],"curies":[{"name":"wp","href":"https:\/\/api.w.org\/{rel}","templated":true}]}}