{"id":2807,"date":"2025-07-18T08:45:58","date_gmt":"2025-07-18T08:45:58","guid":{"rendered":"https:\/\/cpxzx.com\/?post_type=product&#038;p=2807"},"modified":"2025-07-30T11:10:17","modified_gmt":"2025-07-30T11:10:17","slug":"plastic-raschig-ring","status":"publish","type":"product","link":"https:\/\/cpxzx.com\/de\/produkt\/plastic-raschig-ring\/","title":{"rendered":"Kunststoff-Raschig-Ringe (PE, PP, PVC, CPVC, PVDF)"},"content":{"rendered":"<p>Dank ihrer einfachen Struktur und ihres geringen Gewichts, <strong>Kunststoff-Raschig-Ringe<\/strong> sind einfach in der Herstellung und im Betrieb. Sie sind f\u00fcr ihren gro\u00dfen Fl\u00fcssigkeitsdurchfluss, den geringen Druckabfall und die hohe Korrosionsbest\u00e4ndigkeit bekannt. Diese Vorteile machen sie ideal f\u00fcr den Einsatz in Destillations-, Absorptions-, Stripp- und Entgasungskolonnen.<\/p>\n<p>Raschig-Ringe aus Kunststoff bieten eine kosteng\u00fcnstige L\u00f6sung f\u00fcr verfahrenstechnische Prozesse. Ob in der Erd\u00f6lindustrie oder im Alkalichloridbereich, diese Ringe gew\u00e4hrleisten eine hohe Trennleistung und Betriebsstabilit\u00e4t.<\/p>\n<h2>Hauptmerkmale<\/h2>\n<ul>\n<li>Erh\u00e4ltlich in den Materialien PE, PP, RPP, PVC, CPVC und PVDF<\/li>\n<li>Gro\u00dfer Fl\u00fcssigkeitsdurchfluss bei geringem Druckabfall<\/li>\n<li>Hohe Chemikalien- und Korrosionsbest\u00e4ndigkeit<\/li>\n<li>Kosteng\u00fcnstig und einfach zu installieren<\/li>\n<li>Hohe Effizienz des Stoffaustauschs<\/li>\n<\/ul>\n<h2>Spezifikationen von Kunststoff-Raschig-Ringen<\/h2>\n<table>\n<thead>\n<tr>\n<th>Gr\u00f6\u00dfe (mm)<\/th>\n<th>Anzahl pro m\u00b3<\/th>\n<th>Sch\u00fcttdichte(kg\/m\u00b3)<\/th>\n<th>Freies Volumen (%)<\/th>\n<th>Oberfl\u00e4che (m\u00b2\/m\u00b3)<\/th>\n<\/tr>\n<\/thead>\n<tbody>\n<tr>\n<td>\u03a615*15*0.3<\/td>\n<td>240,000<\/td>\n<td>385<\/td>\n<td>94<\/td>\n<td>360<\/td>\n<\/tr>\n<tr>\n<td>\u03a625*25*0.3<\/td>\n<td>51,000<\/td>\n<td>231<\/td>\n<td>96<\/td>\n<td>215<\/td>\n<\/tr>\n<tr>\n<td>\u03a638*38*0.4<\/td>\n<td>14,500<\/td>\n<td>207<\/td>\n<td>96<\/td>\n<td>135<\/td>\n<\/tr>\n<tr>\n<td>\u03a650*50*0.5<\/td>\n<td>6,300<\/td>\n<td>200<\/td>\n<td>96<\/td>\n<td>105<\/td>\n<\/tr>\n<tr>\n<td>\u03a680*80*0.8<\/td>\n<td>1,600<\/td>\n<td>200<\/td>\n<td>96<\/td>\n<td>80<\/td>\n<\/tr>\n<\/tbody>\n<\/table>\n<h2>Anwendungen von Kunststoff-Raschig-Ringen<\/h2>\n<p>Raschig-Ringe aus Kunststoff finden breite Anwendung in industriellen Trennvorrichtungen. Sie k\u00f6nnen in Ethylenextraktionst\u00fcrmen, Kohlendioxidabsorbern, Flash-T\u00fcrmen, Fl\u00fcssig-Fl\u00fcssig-Extraktoren und petrochemischen Verarbeitungsanlagen verwendet werden. Dar\u00fcber hinaus eignen sich Kunststoff-Raschig-Ringe zum Strippen von Schwefelwasserstoff, f\u00fcr Ammoniak-Extraktoren und sogar f\u00fcr medizinische Verarbeitungsger\u00e4te.<\/p>\n<p>Dieser Packungstyp eignet sich auch f\u00fcr Ger\u00e4te, die mit korrosiven Medien umgehen, f\u00fcr die herk\u00f6mmliche Metall- oder Keramik-Raschig-Packungen m\u00f6glicherweise nicht geeignet sind.<\/p>\n<h2>Vorteile gegen\u00fcber anderen Verpackungsmedien<\/h2>\n<p>Im Vergleich zu Keramik- oder Metalltypen sind Raschig-Ringe aus Kunststoff leichter und einfacher zu montieren. Ihre hohe Best\u00e4ndigkeit gegen S\u00e4uren, Laugen und L\u00f6sungsmittel macht sie auch unter extremen Bedingungen zuverl\u00e4ssig. Diese Vorteile heben sie von anderen Optionen wie Raschig-Kugeln oder traditionellen Raschig-Dichtungen ab.<\/p>\n<p>Bei Niederdruckanwendungen und Sch\u00fcttschichtt\u00fcrmen sorgen Raschig-Ringe aus Kunststoff f\u00fcr bessere Leistung und Haltbarkeit.<\/p>\n<h2>Verpackung und Lieferung<\/h2>\n<p>Raschig-Ringe aus Kunststoff werden je nach Kundenwunsch in Gewebes\u00e4cke oder Gro\u00dfgebinde verpackt. Alle Verpackungen gew\u00e4hrleisten einen sicheren Transport und eine einfache Verladung. Eine schnelle Lieferung kann arrangiert werden, um Ausfallzeiten in Ihren Anlagen zu reduzieren.<\/p>\n<h2>Schlussfolgerung<\/h2>\n<p>Raschig-Ringe aus Kunststoff sind eine kosteneffiziente, leistungsstarke L\u00f6sung f\u00fcr industrielle Trennverfahren. Ihre Vielseitigkeit, hohe chemische Best\u00e4ndigkeit und einfache Handhabung machen sie zu einer bevorzugten Wahl in allen Branchen. Wenn Sie eine zuverl\u00e4ssige Raschig-Packung suchen, bieten Raschig-Ringe aus Kunststoff eine hervorragende Leistung. Ob Sie Raschigkugeln ersetzen oder Ihr bestehendes System aufr\u00fcsten, Raschigringe aus Kunststoff sind eine kluge Investition.<\/p>","protected":false},"excerpt":{"rendered":"<p>Raschig-Ringe aus Kunststoff sind kleine zylindrische Rohrst\u00fccke, deren Durchmesser und H\u00f6he ungef\u00e4hr gleich sind. Sie wurden von dem deutschen Chemiker Friedrich Raschig erfunden. Als F\u00fcllk\u00f6rper der ersten Generation zeichnen sich Kunststoff-Raschig-Ringe durch eine einfache hohlzylindrische Form aus. Diese Konstruktion erm\u00f6glicht eine hohe Effizienz bei Gas-Fl\u00fcssigkeits-Trennverfahren.<\/p>","protected":false},"featured_media":2808,"parent":0,"template":"","meta":{"_acf_changed":false,"_kad_blocks_custom_css":"","_kad_blocks_head_custom_js":"","_kad_blocks_body_custom_js":"","_kad_blocks_footer_custom_js":"","_kadence_starter_templates_imported_post":false,"_kad_post_transparent":"default","_kad_post_title":"","_kad_post_layout":"default","_kad_post_sidebar_id":"","_kad_post_content_style":"default","_kad_post_vertical_padding":"default","_kad_post_feature":"","_kad_post_feature_position":"","_kad_post_header":false,"_kad_post_footer":false},"pcategory":[22,25],"ptag":[],"class_list":["post-2807","product","type-product","status-publish","has-post-thumbnail","hentry","pcategory-random-packing","pcategory-plastic-random-packing"],"acf":[],"yoast_head":"<!-- This site is optimized with the Yoast SEO plugin v27.4 - https:\/\/yoast.com\/product\/yoast-seo-wordpress\/ -->\n<title>Plastic raschig rings (PE, PP, PVC, CPVC, PVDF)<\/title>\n<meta name=\"robots\" content=\"index, follow, max-snippet:-1, max-image-preview:large, max-video-preview:-1\" \/>\n<link rel=\"canonical\" href=\"https:\/\/cpxzx.com\/de\/produkt\/plastic-raschig-ring\/\" \/>\n<meta property=\"og:locale\" content=\"de_DE\" \/>\n<meta property=\"og:type\" content=\"article\" \/>\n<meta property=\"og:title\" content=\"Plastic raschig rings (PE, PP, PVC, CPVC, PVDF)\" \/>\n<meta property=\"og:description\" content=\"Plastic raschig rings are small cylindrical pieces of tube, with diameter and height roughly equal. They were invented by German chemist Friedrich Raschig. As the first-generation tower packing, plastic raschig rings feature a simple hollow cylindrical design. This design allows high efficiency in gas-liquid separation processes.\" \/>\n<meta property=\"og:url\" content=\"https:\/\/cpxzx.com\/de\/produkt\/plastic-raschig-ring\/\" \/>\n<meta property=\"og:site_name\" content=\"Cooling Tower Fill, China PVC Fills Manufacturer\" \/>\n<meta property=\"article:modified_time\" content=\"2025-07-30T11:10:17+00:00\" \/>\n<meta property=\"og:image\" content=\"https:\/\/cpxzx.com\/wp-content\/uploads\/2025\/07\/plastic-raschig-rings-1.jpg\" \/>\n\t<meta property=\"og:image:width\" content=\"550\" \/>\n\t<meta property=\"og:image:height\" content=\"550\" \/>\n\t<meta property=\"og:image:type\" content=\"image\/jpeg\" \/>\n<meta name=\"twitter:card\" content=\"summary_large_image\" \/>\n<meta name=\"twitter:label1\" content=\"Gesch\u00e4tzte Lesezeit\" \/>\n\t<meta name=\"twitter:data1\" content=\"2\u00a0Minuten\" \/>\n<script type=\"application\/ld+json\" class=\"yoast-schema-graph\">{\"@context\":\"https:\\\/\\\/schema.org\",\"@graph\":[{\"@type\":\"WebPage\",\"@id\":\"https:\\\/\\\/cpxzx.com\\\/product\\\/plastic-raschig-ring\\\/\",\"url\":\"https:\\\/\\\/cpxzx.com\\\/product\\\/plastic-raschig-ring\\\/\",\"name\":\"Plastic raschig rings (PE, PP, PVC, CPVC, PVDF)\",\"isPartOf\":{\"@id\":\"https:\\\/\\\/cpxzx.com\\\/#website\"},\"primaryImageOfPage\":{\"@id\":\"https:\\\/\\\/cpxzx.com\\\/product\\\/plastic-raschig-ring\\\/#primaryimage\"},\"image\":{\"@id\":\"https:\\\/\\\/cpxzx.com\\\/product\\\/plastic-raschig-ring\\\/#primaryimage\"},\"thumbnailUrl\":\"https:\\\/\\\/cpxzx.com\\\/wp-content\\\/uploads\\\/2025\\\/07\\\/plastic-raschig-rings-1.jpg\",\"datePublished\":\"2025-07-18T08:45:58+00:00\",\"dateModified\":\"2025-07-30T11:10:17+00:00\",\"breadcrumb\":{\"@id\":\"https:\\\/\\\/cpxzx.com\\\/product\\\/plastic-raschig-ring\\\/#breadcrumb\"},\"inLanguage\":\"de\",\"potentialAction\":[{\"@type\":\"ReadAction\",\"target\":[\"https:\\\/\\\/cpxzx.com\\\/product\\\/plastic-raschig-ring\\\/\"]}]},{\"@type\":\"ImageObject\",\"inLanguage\":\"de\",\"@id\":\"https:\\\/\\\/cpxzx.com\\\/product\\\/plastic-raschig-ring\\\/#primaryimage\",\"url\":\"https:\\\/\\\/cpxzx.com\\\/wp-content\\\/uploads\\\/2025\\\/07\\\/plastic-raschig-rings-1.jpg\",\"contentUrl\":\"https:\\\/\\\/cpxzx.com\\\/wp-content\\\/uploads\\\/2025\\\/07\\\/plastic-raschig-rings-1.jpg\",\"width\":550,\"height\":550},{\"@type\":\"BreadcrumbList\",\"@id\":\"https:\\\/\\\/cpxzx.com\\\/product\\\/plastic-raschig-ring\\\/#breadcrumb\",\"itemListElement\":[{\"@type\":\"ListItem\",\"position\":1,\"name\":\"Home\",\"item\":\"https:\\\/\\\/cpxzx.com\\\/\"},{\"@type\":\"ListItem\",\"position\":2,\"name\":\"Random Packing\",\"item\":\"https:\\\/\\\/cpxzx.com\\\/pcategory\\\/random-packing\\\/\"},{\"@type\":\"ListItem\",\"position\":3,\"name\":\"Plastic Random Packing\",\"item\":\"https:\\\/\\\/cpxzx.com\\\/pcategory\\\/random-packing\\\/plastic-random-packing\\\/\"},{\"@type\":\"ListItem\",\"position\":4,\"name\":\"Plastic raschig rings (PE, PP, PVC, CPVC, PVDF)\"}]},{\"@type\":\"WebSite\",\"@id\":\"https:\\\/\\\/cpxzx.com\\\/#website\",\"url\":\"https:\\\/\\\/cpxzx.com\\\/\",\"name\":\"Cooling Tower Fill, China PVC Fills Manufacturer\",\"description\":\"\",\"publisher\":{\"@id\":\"https:\\\/\\\/cpxzx.com\\\/#organization\"},\"potentialAction\":[{\"@type\":\"SearchAction\",\"target\":{\"@type\":\"EntryPoint\",\"urlTemplate\":\"https:\\\/\\\/cpxzx.com\\\/?s={search_term_string}\"},\"query-input\":{\"@type\":\"PropertyValueSpecification\",\"valueRequired\":true,\"valueName\":\"search_term_string\"}}],\"inLanguage\":\"de\"},{\"@type\":\"Organization\",\"@id\":\"https:\\\/\\\/cpxzx.com\\\/#organization\",\"name\":\"Cooling Tower Fill, China PVC Fills Manufacturer\",\"url\":\"https:\\\/\\\/cpxzx.com\\\/\",\"logo\":{\"@type\":\"ImageObject\",\"inLanguage\":\"de\",\"@id\":\"https:\\\/\\\/cpxzx.com\\\/#\\\/schema\\\/logo\\\/image\\\/\",\"url\":\"https:\\\/\\\/cpxzx.com\\\/wp-content\\\/uploads\\\/2025\\\/07\\\/1751628807-logo.png\",\"contentUrl\":\"https:\\\/\\\/cpxzx.com\\\/wp-content\\\/uploads\\\/2025\\\/07\\\/1751628807-logo.png\",\"width\":383,\"height\":87,\"caption\":\"Cooling Tower Fill, China PVC Fills Manufacturer\"},\"image\":{\"@id\":\"https:\\\/\\\/cpxzx.com\\\/#\\\/schema\\\/logo\\\/image\\\/\"}}]}<\/script>\n<!-- \/ Yoast SEO plugin. -->","yoast_head_json":{"title":"Kunststoff-Raschig-Ringe (PE, PP, PVC, CPVC, PVDF)","robots":{"index":"index","follow":"follow","max-snippet":"max-snippet:-1","max-image-preview":"max-image-preview:large","max-video-preview":"max-video-preview:-1"},"canonical":"https:\/\/cpxzx.com\/de\/produkt\/plastic-raschig-ring\/","og_locale":"de_DE","og_type":"article","og_title":"Plastic raschig rings (PE, PP, PVC, CPVC, PVDF)","og_description":"Plastic raschig rings are small cylindrical pieces of tube, with diameter and height roughly equal. They were invented by German chemist Friedrich Raschig. As the first-generation tower packing, plastic raschig rings feature a simple hollow cylindrical design. This design allows high efficiency in gas-liquid separation processes.","og_url":"https:\/\/cpxzx.com\/de\/produkt\/plastic-raschig-ring\/","og_site_name":"Cooling Tower Fill, China PVC Fills Manufacturer","article_modified_time":"2025-07-30T11:10:17+00:00","og_image":[{"width":550,"height":550,"url":"https:\/\/cpxzx.com\/wp-content\/uploads\/2025\/07\/plastic-raschig-rings-1.jpg","type":"image\/jpeg"}],"twitter_card":"summary_large_image","twitter_misc":{"Gesch\u00e4tzte Lesezeit":"2\u00a0Minuten"},"schema":{"@context":"https:\/\/schema.org","@graph":[{"@type":"WebPage","@id":"https:\/\/cpxzx.com\/product\/plastic-raschig-ring\/","url":"https:\/\/cpxzx.com\/product\/plastic-raschig-ring\/","name":"Kunststoff-Raschig-Ringe (PE, PP, PVC, CPVC, PVDF)","isPartOf":{"@id":"https:\/\/cpxzx.com\/#website"},"primaryImageOfPage":{"@id":"https:\/\/cpxzx.com\/product\/plastic-raschig-ring\/#primaryimage"},"image":{"@id":"https:\/\/cpxzx.com\/product\/plastic-raschig-ring\/#primaryimage"},"thumbnailUrl":"https:\/\/cpxzx.com\/wp-content\/uploads\/2025\/07\/plastic-raschig-rings-1.jpg","datePublished":"2025-07-18T08:45:58+00:00","dateModified":"2025-07-30T11:10:17+00:00","breadcrumb":{"@id":"https:\/\/cpxzx.com\/product\/plastic-raschig-ring\/#breadcrumb"},"inLanguage":"de","potentialAction":[{"@type":"ReadAction","target":["https:\/\/cpxzx.com\/product\/plastic-raschig-ring\/"]}]},{"@type":"ImageObject","inLanguage":"de","@id":"https:\/\/cpxzx.com\/product\/plastic-raschig-ring\/#primaryimage","url":"https:\/\/cpxzx.com\/wp-content\/uploads\/2025\/07\/plastic-raschig-rings-1.jpg","contentUrl":"https:\/\/cpxzx.com\/wp-content\/uploads\/2025\/07\/plastic-raschig-rings-1.jpg","width":550,"height":550},{"@type":"BreadcrumbList","@id":"https:\/\/cpxzx.com\/product\/plastic-raschig-ring\/#breadcrumb","itemListElement":[{"@type":"ListItem","position":1,"name":"Home","item":"https:\/\/cpxzx.com\/"},{"@type":"ListItem","position":2,"name":"Random Packing","item":"https:\/\/cpxzx.com\/pcategory\/random-packing\/"},{"@type":"ListItem","position":3,"name":"Plastic Random Packing","item":"https:\/\/cpxzx.com\/pcategory\/random-packing\/plastic-random-packing\/"},{"@type":"ListItem","position":4,"name":"Plastic raschig rings (PE, PP, PVC, CPVC, PVDF)"}]},{"@type":"WebSite","@id":"https:\/\/cpxzx.com\/#website","url":"https:\/\/cpxzx.com\/","name":"K\u00fchlturm-F\u00fcllung, China PVC-F\u00fcllungen Hersteller","description":"","publisher":{"@id":"https:\/\/cpxzx.com\/#organization"},"potentialAction":[{"@type":"SearchAction","target":{"@type":"EntryPoint","urlTemplate":"https:\/\/cpxzx.com\/?s={search_term_string}"},"query-input":{"@type":"PropertyValueSpecification","valueRequired":true,"valueName":"search_term_string"}}],"inLanguage":"de"},{"@type":"Organization","@id":"https:\/\/cpxzx.com\/#organization","name":"K\u00fchlturm-F\u00fcllung, China PVC-F\u00fcllungen Hersteller","url":"https:\/\/cpxzx.com\/","logo":{"@type":"ImageObject","inLanguage":"de","@id":"https:\/\/cpxzx.com\/#\/schema\/logo\/image\/","url":"https:\/\/cpxzx.com\/wp-content\/uploads\/2025\/07\/1751628807-logo.png","contentUrl":"https:\/\/cpxzx.com\/wp-content\/uploads\/2025\/07\/1751628807-logo.png","width":383,"height":87,"caption":"Cooling Tower Fill, China PVC Fills Manufacturer"},"image":{"@id":"https:\/\/cpxzx.com\/#\/schema\/logo\/image\/"}}]}},"taxonomy_info":{"pcategory":[{"value":22,"label":"Random Packing"},{"value":25,"label":"Plastic Random Packing"}]},"featured_image_src_large":["https:\/\/cpxzx.com\/wp-content\/uploads\/2025\/07\/plastic-raschig-rings-1.jpg",550,550,false],"author_info":[],"comment_info":"","_links":{"self":[{"href":"https:\/\/cpxzx.com\/de\/wp-json\/wp\/v2\/product\/2807","targetHints":{"allow":["GET"]}}],"collection":[{"href":"https:\/\/cpxzx.com\/de\/wp-json\/wp\/v2\/product"}],"about":[{"href":"https:\/\/cpxzx.com\/de\/wp-json\/wp\/v2\/types\/product"}],"wp:featuredmedia":[{"embeddable":true,"href":"https:\/\/cpxzx.com\/de\/wp-json\/wp\/v2\/media\/2808"}],"wp:attachment":[{"href":"https:\/\/cpxzx.com\/de\/wp-json\/wp\/v2\/media?parent=2807"}],"wp:term":[{"taxonomy":"pcategory","embeddable":true,"href":"https:\/\/cpxzx.com\/de\/wp-json\/wp\/v2\/pcategory?post=2807"},{"taxonomy":"ptag","embeddable":true,"href":"https:\/\/cpxzx.com\/de\/wp-json\/wp\/v2\/ptag?post=2807"}],"curies":[{"name":"wp","href":"https:\/\/api.w.org\/{rel}","templated":true}]}}