{"id":2791,"date":"2025-07-17T12:10:35","date_gmt":"2025-07-17T12:10:35","guid":{"rendered":"https:\/\/cpxzx.com\/?post_type=product&#038;p=2791"},"modified":"2025-07-30T11:04:37","modified_gmt":"2025-07-30T11:04:37","slug":"metal-raschig-rings","status":"publish","type":"product","link":"https:\/\/cpxzx.com\/de\/produkt\/metal-raschig-rings\/","title":{"rendered":"25mm 38mm 50mm-Metall Raschig Ringe"},"content":{"rendered":"<p><strong>Raschig-Ringe aus Metall<\/strong> sind eine Art von F\u00fcllk\u00f6rpern, die in T\u00fcrmen f\u00fcr verschiedene Anwendungen, einschlie\u00dflich Destillation, Absorption und katalytische Reaktionen, verwendet werden. Die Struktur dieser Ringe, in der Regel mit gleicher L\u00e4nge und gleichem Durchmesser, tr\u00e4gt zur effizienten Verteilung von Fl\u00fcssigkeiten und Gasen innerhalb des Systems bei und optimiert den Stoffaustauschprozess. Im Vergleich zu ihren Gegenst\u00fccken aus Kunststoff k\u00f6nnen Raschig-Ringe aus Metall gr\u00f6\u00dferen Belastungen standhalten und sind daher ideal f\u00fcr anspruchsvolle industrielle Prozesse.<\/p>\n<h2>Hauptmerkmale und Vorteile von Metall-Raschig-Ringen<\/h2>\n<ul>\n<li><strong>Langlebige Materialien<\/strong>: Die aus Materialien wie Kohlenstoffstahl, SS304, SS304L, SS410, SS316 und SS316L hergestellten Raschig-Metallringe sind f\u00fcr den Einsatz in rauen chemischen Umgebungen und bei hohen Temperaturen ausgelegt.<\/li>\n<li><strong>Hohe Brechfestigkeit<\/strong>: Diese Ringe zeichnen sich durch eine hohe mechanische Festigkeit aus, die es ihnen erm\u00f6glicht, einen erheblichen Druck auszuhalten, ohne sich zu verformen, so dass sie f\u00fcr Anwendungen mit hoher Belastung geeignet sind.<\/li>\n<li><strong>Effizienter Stoffaustausch<\/strong>: Mit ihrem gro\u00dfen Hohlraumvolumen und ihrer gro\u00dfen Oberfl\u00e4che erm\u00f6glichen metallische Raschig-Ringe einen ausgezeichneten Fl\u00fcssigkeits- und Gaskontakt und gew\u00e4hrleisten einen effizienten Stoffaustausch in chemischen Prozessen.<\/li>\n<li><strong>Vielseitige Anwendungen<\/strong>: Raschig-Ringe aus Metall werden h\u00e4ufig in der Petrochemie, der Wasseraufbereitung und der Gasverarbeitung eingesetzt. Sie sind perfekt f\u00fcr Aufgaben wie Katalysatortr\u00e4ger, Trennung, Destillation und Extraktion.<\/li>\n<\/ul>\n<h2>Spezifikationen von Metall-Raschig-Ringen<\/h2>\n<table border=\"1\">\n<thead>\n<tr>\n<th>Gr\u00f6\u00dfe<br \/>\n(mm)<\/th>\n<th>Sch\u00fcttdichte<br \/>\n(kg\/m\u00b3)<\/th>\n<th>Menge<br \/>\n(pro m\u00b3)<\/th>\n<th>Fl\u00e4che<br \/>\n(m\u00b2\/m\u00b3)<\/th>\n<th>Freies Volumen<br \/>\n(%)<\/th>\n<\/tr>\n<\/thead>\n<tbody>\n<tr>\n<td>15\u00d715\u00d70.3<\/td>\n<td>379<\/td>\n<td>230000<\/td>\n<td>350<\/td>\n<td>95<\/td>\n<\/tr>\n<tr>\n<td>25\u00d725\u00d70.4<\/td>\n<td>318<\/td>\n<td>51000<\/td>\n<td>216<\/td>\n<td>96<\/td>\n<\/tr>\n<tr>\n<td>25\u00d725\u00d70.5<\/td>\n<td>400<\/td>\n<td>51000<\/td>\n<td>220<\/td>\n<td>95<\/td>\n<\/tr>\n<tr>\n<td>35\u00d735\u00d70.8<\/td>\n<td>430<\/td>\n<td>19000<\/td>\n<td>150<\/td>\n<td>93<\/td>\n<\/tr>\n<tr>\n<td>50\u00d750\u00d70.5<\/td>\n<td>203<\/td>\n<td>6500<\/td>\n<td>106<\/td>\n<td>97.4<\/td>\n<\/tr>\n<tr>\n<td>50\u00d750\u00d70.7<\/td>\n<td>285<\/td>\n<td>6500<\/td>\n<td>108<\/td>\n<td>96.4<\/td>\n<\/tr>\n<tr>\n<td>50\u00d750\u00d70.8<\/td>\n<td>325<\/td>\n<td>7000<\/td>\n<td>109<\/td>\n<td>95<\/td>\n<\/tr>\n<tr>\n<td>76\u00d776\u00d70.8<\/td>\n<td>212<\/td>\n<td>1830<\/td>\n<td>69<\/td>\n<td>97.3<\/td>\n<\/tr>\n<tr>\n<td>80\u00d780\u00d71.2<\/td>\n<td>300<\/td>\n<td>1600<\/td>\n<td>65<\/td>\n<td>96<\/td>\n<\/tr>\n<tr>\n<td>90\u00d790\u00d71.0<\/td>\n<td>236<\/td>\n<td>1160<\/td>\n<td>62<\/td>\n<td>97<\/td>\n<\/tr>\n<\/tbody>\n<\/table>\n<h2>Anwendungen von Metall-Raschig-Ringen<\/h2>\n<p>Raschig-Ringe aus Metall werden in verschiedenen Industriezweigen verwendet, z. B:<\/p>\n<ul>\n<li><strong>Petrochemische Industrie<\/strong>: Unerl\u00e4sslich f\u00fcr Destillations- und Absorptionsprozesse.<\/li>\n<li><strong>Wasseraufbereitung<\/strong>: Einsatz in Filtrations- und Aufbereitungst\u00fcrmen.<\/li>\n<li><strong>Gasverarbeitung<\/strong>: Hilft bei Trennungs- und Desorptionsanwendungen.<\/li>\n<\/ul>\n<h2>Raschig-Ringe in der Destillation<\/h2>\n<p>Raschig-Ringe sind besonders effektiv in Destillationskolonnen, wo sie den Kontakt zwischen der Dampf- und der Fl\u00fcssigphase verbessern. Ihre einheitliche Form und gro\u00dfe Oberfl\u00e4che bieten ideale Bedingungen f\u00fcr eine effektive Trennung von Verbindungen im Destillationsprozess. Durch den Einbau von Raschig-Ringen in Destillationssysteme kann die Industrie eine h\u00f6here Effizienz und geringere Betriebskosten erzielen.<\/p>\n<h2>Schlussfolgerung<\/h2>\n<p>Raschig-Ringe aus Metall sind eine zuverl\u00e4ssige, langlebige und hocheffiziente L\u00f6sung f\u00fcr chemische Verarbeitungsanwendungen. Ihre hohe Belastbarkeit und Korrosionsbest\u00e4ndigkeit machen sie in Branchen wie der Petrochemie, der Wasseraufbereitung und der Gasverarbeitung unverzichtbar. Wenn Sie auf der Suche nach einer robusten und effizienten Packungsl\u00f6sung f\u00fcr Ihre Stoffaustauschvorg\u00e4nge sind, sind Raschig-Ringe aus Metall die erste Wahl.<\/p>","protected":false},"excerpt":{"rendered":"<p>Raschig-Ringe aus Metall sind r\u00f6hrenf\u00f6rmige Komponenten, die h\u00e4ufig als Verpackungsmaterial in der chemischen Verarbeitung und beim Stoffaustausch verwendet werden. Diese Ringe werden in der Regel aus Kohlenstoffstahl oder rostfreiem Stahl hergestellt und bieten eine ausgezeichnete mechanische Festigkeit und Haltbarkeit. Aufgrund ihrer robusten Beschaffenheit werden Metall-Raschig-Ringe bevorzugt in Branchen eingesetzt, in denen die Handhabung schwerer Lasten und eine hocheffiziente Trennung entscheidend sind.<\/p>","protected":false},"featured_media":2792,"parent":0,"template":"","meta":{"_acf_changed":false,"_kad_blocks_custom_css":"","_kad_blocks_head_custom_js":"","_kad_blocks_body_custom_js":"","_kad_blocks_footer_custom_js":"","_kadence_starter_templates_imported_post":false,"_kad_post_transparent":"default","_kad_post_title":"","_kad_post_layout":"default","_kad_post_sidebar_id":"","_kad_post_content_style":"default","_kad_post_vertical_padding":"default","_kad_post_feature":"","_kad_post_feature_position":"","_kad_post_header":false,"_kad_post_footer":false},"pcategory":[22,23],"ptag":[],"class_list":["post-2791","product","type-product","status-publish","has-post-thumbnail","hentry","pcategory-random-packing","pcategory-metal-random-packing"],"acf":[],"yoast_head":"<!-- This site is optimized with the Yoast SEO plugin v27.4 - https:\/\/yoast.com\/product\/yoast-seo-wordpress\/ -->\n<title>25mm 38mm 50mm-Metal Raschig Rings<\/title>\n<meta name=\"robots\" content=\"index, follow, max-snippet:-1, max-image-preview:large, max-video-preview:-1\" \/>\n<link rel=\"canonical\" href=\"https:\/\/cpxzx.com\/de\/produkt\/metal-raschig-rings\/\" \/>\n<meta property=\"og:locale\" content=\"de_DE\" \/>\n<meta property=\"og:type\" content=\"article\" \/>\n<meta property=\"og:title\" content=\"25mm 38mm 50mm-Metal Raschig Rings\" \/>\n<meta property=\"og:description\" content=\"Metal Raschig rings are tubular components commonly used as packing materials in chemical processing and mass transfer operations. These rings are typically manufactured from carbon steel or stainless steel, offering excellent mechanical strength and durability. Due to their robust nature, metal Raschig rings are favored in industries where heavy load handling and high-efficiency separation are crucial.\" \/>\n<meta property=\"og:url\" content=\"https:\/\/cpxzx.com\/de\/produkt\/metal-raschig-rings\/\" \/>\n<meta property=\"og:site_name\" content=\"Cooling Tower Fill, China PVC Fills Manufacturer\" \/>\n<meta property=\"article:modified_time\" content=\"2025-07-30T11:04:37+00:00\" \/>\n<meta property=\"og:image\" content=\"https:\/\/cpxzx.com\/wp-content\/uploads\/2025\/07\/metal-raschig-ring-1.jpg\" \/>\n\t<meta property=\"og:image:width\" content=\"550\" \/>\n\t<meta property=\"og:image:height\" content=\"550\" \/>\n\t<meta property=\"og:image:type\" content=\"image\/jpeg\" \/>\n<meta name=\"twitter:card\" content=\"summary_large_image\" \/>\n<meta name=\"twitter:label1\" content=\"Gesch\u00e4tzte Lesezeit\" \/>\n\t<meta name=\"twitter:data1\" content=\"2\u00a0Minuten\" \/>\n<script type=\"application\/ld+json\" class=\"yoast-schema-graph\">{\"@context\":\"https:\\\/\\\/schema.org\",\"@graph\":[{\"@type\":\"WebPage\",\"@id\":\"https:\\\/\\\/cpxzx.com\\\/product\\\/metal-raschig-rings\\\/\",\"url\":\"https:\\\/\\\/cpxzx.com\\\/product\\\/metal-raschig-rings\\\/\",\"name\":\"25mm 38mm 50mm-Metal Raschig Rings\",\"isPartOf\":{\"@id\":\"https:\\\/\\\/cpxzx.com\\\/#website\"},\"primaryImageOfPage\":{\"@id\":\"https:\\\/\\\/cpxzx.com\\\/product\\\/metal-raschig-rings\\\/#primaryimage\"},\"image\":{\"@id\":\"https:\\\/\\\/cpxzx.com\\\/product\\\/metal-raschig-rings\\\/#primaryimage\"},\"thumbnailUrl\":\"https:\\\/\\\/cpxzx.com\\\/wp-content\\\/uploads\\\/2025\\\/07\\\/metal-raschig-ring-1.jpg\",\"datePublished\":\"2025-07-17T12:10:35+00:00\",\"dateModified\":\"2025-07-30T11:04:37+00:00\",\"breadcrumb\":{\"@id\":\"https:\\\/\\\/cpxzx.com\\\/product\\\/metal-raschig-rings\\\/#breadcrumb\"},\"inLanguage\":\"de\",\"potentialAction\":[{\"@type\":\"ReadAction\",\"target\":[\"https:\\\/\\\/cpxzx.com\\\/product\\\/metal-raschig-rings\\\/\"]}]},{\"@type\":\"ImageObject\",\"inLanguage\":\"de\",\"@id\":\"https:\\\/\\\/cpxzx.com\\\/product\\\/metal-raschig-rings\\\/#primaryimage\",\"url\":\"https:\\\/\\\/cpxzx.com\\\/wp-content\\\/uploads\\\/2025\\\/07\\\/metal-raschig-ring-1.jpg\",\"contentUrl\":\"https:\\\/\\\/cpxzx.com\\\/wp-content\\\/uploads\\\/2025\\\/07\\\/metal-raschig-ring-1.jpg\",\"width\":550,\"height\":550},{\"@type\":\"BreadcrumbList\",\"@id\":\"https:\\\/\\\/cpxzx.com\\\/product\\\/metal-raschig-rings\\\/#breadcrumb\",\"itemListElement\":[{\"@type\":\"ListItem\",\"position\":1,\"name\":\"Home\",\"item\":\"https:\\\/\\\/cpxzx.com\\\/\"},{\"@type\":\"ListItem\",\"position\":2,\"name\":\"Random Packing\",\"item\":\"https:\\\/\\\/cpxzx.com\\\/pcategory\\\/random-packing\\\/\"},{\"@type\":\"ListItem\",\"position\":3,\"name\":\"Metal Random Packing\",\"item\":\"https:\\\/\\\/cpxzx.com\\\/pcategory\\\/random-packing\\\/metal-random-packing\\\/\"},{\"@type\":\"ListItem\",\"position\":4,\"name\":\"25mm 38mm 50mm-Metal Raschig Rings\"}]},{\"@type\":\"WebSite\",\"@id\":\"https:\\\/\\\/cpxzx.com\\\/#website\",\"url\":\"https:\\\/\\\/cpxzx.com\\\/\",\"name\":\"Cooling Tower Fill, China PVC Fills Manufacturer\",\"description\":\"\",\"publisher\":{\"@id\":\"https:\\\/\\\/cpxzx.com\\\/#organization\"},\"potentialAction\":[{\"@type\":\"SearchAction\",\"target\":{\"@type\":\"EntryPoint\",\"urlTemplate\":\"https:\\\/\\\/cpxzx.com\\\/?s={search_term_string}\"},\"query-input\":{\"@type\":\"PropertyValueSpecification\",\"valueRequired\":true,\"valueName\":\"search_term_string\"}}],\"inLanguage\":\"de\"},{\"@type\":\"Organization\",\"@id\":\"https:\\\/\\\/cpxzx.com\\\/#organization\",\"name\":\"Cooling Tower Fill, China PVC Fills Manufacturer\",\"url\":\"https:\\\/\\\/cpxzx.com\\\/\",\"logo\":{\"@type\":\"ImageObject\",\"inLanguage\":\"de\",\"@id\":\"https:\\\/\\\/cpxzx.com\\\/#\\\/schema\\\/logo\\\/image\\\/\",\"url\":\"https:\\\/\\\/cpxzx.com\\\/wp-content\\\/uploads\\\/2025\\\/07\\\/1751628807-logo.png\",\"contentUrl\":\"https:\\\/\\\/cpxzx.com\\\/wp-content\\\/uploads\\\/2025\\\/07\\\/1751628807-logo.png\",\"width\":383,\"height\":87,\"caption\":\"Cooling Tower Fill, China PVC Fills Manufacturer\"},\"image\":{\"@id\":\"https:\\\/\\\/cpxzx.com\\\/#\\\/schema\\\/logo\\\/image\\\/\"}}]}<\/script>\n<!-- \/ Yoast SEO plugin. -->","yoast_head_json":{"title":"25mm 38mm 50mm-Metall Raschig Ringe","robots":{"index":"index","follow":"follow","max-snippet":"max-snippet:-1","max-image-preview":"max-image-preview:large","max-video-preview":"max-video-preview:-1"},"canonical":"https:\/\/cpxzx.com\/de\/produkt\/metal-raschig-rings\/","og_locale":"de_DE","og_type":"article","og_title":"25mm 38mm 50mm-Metal Raschig Rings","og_description":"Metal Raschig rings are tubular components commonly used as packing materials in chemical processing and mass transfer operations. These rings are typically manufactured from carbon steel or stainless steel, offering excellent mechanical strength and durability. Due to their robust nature, metal Raschig rings are favored in industries where heavy load handling and high-efficiency separation are crucial.","og_url":"https:\/\/cpxzx.com\/de\/produkt\/metal-raschig-rings\/","og_site_name":"Cooling Tower Fill, China PVC Fills Manufacturer","article_modified_time":"2025-07-30T11:04:37+00:00","og_image":[{"width":550,"height":550,"url":"https:\/\/cpxzx.com\/wp-content\/uploads\/2025\/07\/metal-raschig-ring-1.jpg","type":"image\/jpeg"}],"twitter_card":"summary_large_image","twitter_misc":{"Gesch\u00e4tzte Lesezeit":"2\u00a0Minuten"},"schema":{"@context":"https:\/\/schema.org","@graph":[{"@type":"WebPage","@id":"https:\/\/cpxzx.com\/product\/metal-raschig-rings\/","url":"https:\/\/cpxzx.com\/product\/metal-raschig-rings\/","name":"25mm 38mm 50mm-Metall Raschig Ringe","isPartOf":{"@id":"https:\/\/cpxzx.com\/#website"},"primaryImageOfPage":{"@id":"https:\/\/cpxzx.com\/product\/metal-raschig-rings\/#primaryimage"},"image":{"@id":"https:\/\/cpxzx.com\/product\/metal-raschig-rings\/#primaryimage"},"thumbnailUrl":"https:\/\/cpxzx.com\/wp-content\/uploads\/2025\/07\/metal-raschig-ring-1.jpg","datePublished":"2025-07-17T12:10:35+00:00","dateModified":"2025-07-30T11:04:37+00:00","breadcrumb":{"@id":"https:\/\/cpxzx.com\/product\/metal-raschig-rings\/#breadcrumb"},"inLanguage":"de","potentialAction":[{"@type":"ReadAction","target":["https:\/\/cpxzx.com\/product\/metal-raschig-rings\/"]}]},{"@type":"ImageObject","inLanguage":"de","@id":"https:\/\/cpxzx.com\/product\/metal-raschig-rings\/#primaryimage","url":"https:\/\/cpxzx.com\/wp-content\/uploads\/2025\/07\/metal-raschig-ring-1.jpg","contentUrl":"https:\/\/cpxzx.com\/wp-content\/uploads\/2025\/07\/metal-raschig-ring-1.jpg","width":550,"height":550},{"@type":"BreadcrumbList","@id":"https:\/\/cpxzx.com\/product\/metal-raschig-rings\/#breadcrumb","itemListElement":[{"@type":"ListItem","position":1,"name":"Home","item":"https:\/\/cpxzx.com\/"},{"@type":"ListItem","position":2,"name":"Random Packing","item":"https:\/\/cpxzx.com\/pcategory\/random-packing\/"},{"@type":"ListItem","position":3,"name":"Metal Random Packing","item":"https:\/\/cpxzx.com\/pcategory\/random-packing\/metal-random-packing\/"},{"@type":"ListItem","position":4,"name":"25mm 38mm 50mm-Metal Raschig Rings"}]},{"@type":"WebSite","@id":"https:\/\/cpxzx.com\/#website","url":"https:\/\/cpxzx.com\/","name":"K\u00fchlturm-F\u00fcllung, China PVC-F\u00fcllungen Hersteller","description":"","publisher":{"@id":"https:\/\/cpxzx.com\/#organization"},"potentialAction":[{"@type":"SearchAction","target":{"@type":"EntryPoint","urlTemplate":"https:\/\/cpxzx.com\/?s={search_term_string}"},"query-input":{"@type":"PropertyValueSpecification","valueRequired":true,"valueName":"search_term_string"}}],"inLanguage":"de"},{"@type":"Organization","@id":"https:\/\/cpxzx.com\/#organization","name":"K\u00fchlturm-F\u00fcllung, China PVC-F\u00fcllungen Hersteller","url":"https:\/\/cpxzx.com\/","logo":{"@type":"ImageObject","inLanguage":"de","@id":"https:\/\/cpxzx.com\/#\/schema\/logo\/image\/","url":"https:\/\/cpxzx.com\/wp-content\/uploads\/2025\/07\/1751628807-logo.png","contentUrl":"https:\/\/cpxzx.com\/wp-content\/uploads\/2025\/07\/1751628807-logo.png","width":383,"height":87,"caption":"Cooling Tower Fill, China PVC Fills Manufacturer"},"image":{"@id":"https:\/\/cpxzx.com\/#\/schema\/logo\/image\/"}}]}},"taxonomy_info":{"pcategory":[{"value":22,"label":"Random Packing"},{"value":23,"label":"Metal Random Packing"}]},"featured_image_src_large":["https:\/\/cpxzx.com\/wp-content\/uploads\/2025\/07\/metal-raschig-ring-1.jpg",550,550,false],"author_info":[],"comment_info":"","_links":{"self":[{"href":"https:\/\/cpxzx.com\/de\/wp-json\/wp\/v2\/product\/2791","targetHints":{"allow":["GET"]}}],"collection":[{"href":"https:\/\/cpxzx.com\/de\/wp-json\/wp\/v2\/product"}],"about":[{"href":"https:\/\/cpxzx.com\/de\/wp-json\/wp\/v2\/types\/product"}],"wp:featuredmedia":[{"embeddable":true,"href":"https:\/\/cpxzx.com\/de\/wp-json\/wp\/v2\/media\/2792"}],"wp:attachment":[{"href":"https:\/\/cpxzx.com\/de\/wp-json\/wp\/v2\/media?parent=2791"}],"wp:term":[{"taxonomy":"pcategory","embeddable":true,"href":"https:\/\/cpxzx.com\/de\/wp-json\/wp\/v2\/pcategory?post=2791"},{"taxonomy":"ptag","embeddable":true,"href":"https:\/\/cpxzx.com\/de\/wp-json\/wp\/v2\/ptag?post=2791"}],"curies":[{"name":"wp","href":"https:\/\/api.w.org\/{rel}","templated":true}]}}