{"id":2569,"date":"2025-07-16T03:31:10","date_gmt":"2025-07-16T03:31:10","guid":{"rendered":"https:\/\/cpxzx.com\/?post_type=product&#038;p=2569"},"modified":"2025-07-30T11:07:59","modified_gmt":"2025-07-30T11:07:59","slug":"keramik-bahrtuchring","status":"publish","type":"product","link":"https:\/\/cpxzx.com\/de\/produkt\/keramik-bahrtuchring\/","title":{"rendered":"Keramischer Pall-Ring (25mm 38mm 50mm, 76mm)"},"content":{"rendered":"<p>Der keramische Pall-Ring ist ein fortschrittliches und hocheffizientes Packungsmaterial, das aus dem traditionellen Raschig-Ring entwickelt wurde und zwei Schichten von Fenstern entlang der Rohrwand aufweist. Jede Schicht enth\u00e4lt f\u00fcnf nach innen gebogene Ligula, \u00e4hnlich wie bei den Metall- und Kunststoff-Pallringen. Das Design der Ligula variiert je nach H\u00f6he und Durchmesser des Rings. Keramische Pall-Ringe werden wegen ihrer starken mechanischen Eigenschaften, ihrer hohen thermischen Stabilit\u00e4t und ihrer Best\u00e4ndigkeit gegen chemische Korrosion sehr gesch\u00e4tzt.<\/p>\n<h2>Merkmale von Pall Ceramic Rings<\/h2>\n<ul>\n<li><strong>Gute mechanische Festigkeit<\/strong>: Keramische Pall-Ringe weisen eine ausgezeichnete Haltbarkeit auf und k\u00f6nnen rauen Betriebsbedingungen standhalten.<\/li>\n<li><strong>Hohe Temperaturbest\u00e4ndigkeit<\/strong>: Diese Ringe k\u00f6nnen extremen Temperaturen standhalten und sind daher ideal f\u00fcr den Einsatz in Hochtemperaturumgebungen wie Schwefels\u00e4uret\u00fcrmen.<\/li>\n<li><strong>Korrosionsbest\u00e4ndigkeit<\/strong>: Das eisenfreie und inerte Keramikmaterial bietet eine ausgezeichnete Best\u00e4ndigkeit gegen S\u00e4uren, Laugen, Salze und verschiedene organische L\u00f6sungsmittel.<\/li>\n<li><strong>Kosteng\u00fcnstig<\/strong>: Aufgrund ihrer effizienten Leistung und langen Lebensdauer sind Keramikkugeln eine kosteng\u00fcnstige L\u00f6sung f\u00fcr viele Branchen.<\/li>\n<li><strong>Minimaler Druckverlust<\/strong>: Durch die gleichm\u00e4\u00dfige Verteilung von Fl\u00fcssigkeiten und Gasen sorgen die keramischen Pall-Ringe f\u00fcr einen geringen Druckabfall und tragen so zur Effizienz des Gesamtprozesses bei.<\/li>\n<\/ul>\n<h2>Spezifikationen und physikalische Eigenschaften<\/h2>\n<table>\n<tbody>\n<tr>\n<th>Gr\u00f6\u00dfen (mm)<\/th>\n<th>Dicke (mm)<\/th>\n<th>Oberfl\u00e4che (m\u00b2\/m\u00b3)<\/th>\n<th>Freies Volumen (%)<\/th>\n<th>Anzahl pro m\u00b3<\/th>\n<th>Sch\u00fcttdichte (kg\/m\u00b3)<\/th>\n<\/tr>\n<tr>\n<td>25<\/td>\n<td>3<\/td>\n<td>210<\/td>\n<td>73<\/td>\n<td>53,500<\/td>\n<td>700<\/td>\n<\/tr>\n<tr>\n<td>38<\/td>\n<td>4<\/td>\n<td>180<\/td>\n<td>75<\/td>\n<td>15,000<\/td>\n<td>650<\/td>\n<\/tr>\n<tr>\n<td>50<\/td>\n<td>5<\/td>\n<td>130<\/td>\n<td>78<\/td>\n<td>6,800<\/td>\n<td>600<\/td>\n<\/tr>\n<tr>\n<td>80<\/td>\n<td>8<\/td>\n<td>110<\/td>\n<td>81<\/td>\n<td>1,950<\/td>\n<td>550<\/td>\n<\/tr>\n<\/tbody>\n<\/table>\n<p>Keramische Pall-Ringe sind in verschiedenen Gr\u00f6\u00dfen und Konfigurationen erh\u00e4ltlich, mit kundenspezifischen Optionen zur Erf\u00fcllung spezifischer industrieller Anforderungen. Ihr hoher Hohlraumanteil f\u00f6rdert eine gute Gas-Fl\u00fcssigkeits-Verteilung und verringert das Risiko von Verstopfungen oder Fl\u00fcssigkeitsstaus.<\/p>\n<p><img loading=\"lazy\" decoding=\"async\" class=\"size-full wp-image-2581\" src=\"https:\/\/cpxzx.com\/wp-content\/uploads\/2025\/07\/PALL-RING.jpg\" alt=\"PALL-RING\" width=\"750\" height=\"390\" srcset=\"https:\/\/cpxzx.com\/wp-content\/uploads\/2025\/07\/PALL-RING.jpg 750w, https:\/\/cpxzx.com\/wp-content\/uploads\/2025\/07\/PALL-RING-300x156.jpg 300w, https:\/\/cpxzx.com\/wp-content\/uploads\/2025\/07\/PALL-RING-18x9.jpg 18w\" sizes=\"auto, (max-width: 750px) 100vw, 750px\" \/><\/p>\n<h2>Vorteile der Verwendung keramischer Pall-Ringe<\/h2>\n<ul>\n<li><strong>Verbesserte Effizienz des Stoffaustauschs<\/strong>: Das offene Design der Pall Rings vergr\u00f6\u00dfert die Oberfl\u00e4che f\u00fcr den Gas-Fl\u00fcssigkeits-Kontakt und optimiert so den Stoffaustauschprozess.<\/li>\n<li><strong>Niedriger Druckverlust<\/strong>: Ihr einzigartiges Design tr\u00e4gt dazu bei, den Druckabfall im Vergleich zu anderen Verpackungsmaterialien zu verringern, was die Betriebskosten senkt.<\/li>\n<li><strong>Hohe betriebliche Flexibilit\u00e4t<\/strong>: Diese Ringe k\u00f6nnen unter einer Vielzahl von Bedingungen, wie z. B. unterschiedlichen Durchflussmengen und Temperaturen, effizient arbeiten.<\/li>\n<li><strong>Wartungsfreundlichkeit<\/strong>: Pall Ceramic Rings sind leicht zu reinigen und auszutauschen, was zur Senkung der langfristigen Wartungskosten beitr\u00e4gt.<\/li>\n<li><strong>Anpassungsf\u00e4higkeit<\/strong>: Je nach den chemischen und physikalischen Bedingungen, denen sie ausgesetzt sind, k\u00f6nnen sie aus verschiedenen Materialien wie Kunststoff, Metall und Keramik hergestellt werden.<\/li>\n<\/ul>\n<h2>Anwendungen von keramischen Pall-Ringen<\/h2>\n<p>Keramische Pall-Ringe werden in der Chemie und in der Industrie h\u00e4ufig eingesetzt, vor allem bei Anwendungen mit hohen Temperaturen und korrosiven Umgebungen. Sie sind besonders effektiv in Schwefels\u00e4uret\u00fcrmen, Trockenkolonnen, Absorptionskolonnen, K\u00fchlt\u00fcrmen und W\u00e4schert\u00fcrmen. Die Ringe werden eingesetzt, um den Gas-Fl\u00fcssigkeits-Kontakt zu verbessern, der f\u00fcr effiziente chemische Reaktionen entscheidend ist.<\/p>\n<p>Ihre Korrosionsbest\u00e4ndigkeit macht sie zu einer hervorragenden Wahl f\u00fcr den Umgang mit Schwefels\u00e4ure und anderen aggressiven Chemikalien. Zu den Branchen, die von keramischen Pall-Ringen profitieren, geh\u00f6ren die chemische Industrie, die Metallurgie, die Kohlegaserzeugung und die industrielle Sauerstofferzeugung.<\/p>\n<h2>Warum keramische Pall-Ringe f\u00fcr Schwefels\u00e4uret\u00fcrme w\u00e4hlen?<\/h2>\n<p>Keramische Pall-Ringe sind aufgrund ihrer hohen Best\u00e4ndigkeit gegen S\u00e4uren, Hitze und andere schwierige Bedingungen perfekt f\u00fcr Schwefels\u00e4uret\u00fcrme geeignet. Das einzigartige Design der Ringe verbessert die Stoff\u00fcbertragungsraten und minimiert gleichzeitig den Druckabfall, was letztendlich die Effizienz des Turms erh\u00f6ht. Dar\u00fcber hinaus sind sie kosteng\u00fcnstig, langlebig und wartungsfreundlich, was sie zur idealen L\u00f6sung f\u00fcr industrielle Umgebungen macht, die eine hohe Leistung erfordern.<\/p>\n<p>Als Anbieter von hochtemperatur- und korrosionsbest\u00e4ndigen F\u00fcllk\u00f6rpern bieten wir keramische F\u00fcllk\u00f6rper an, die den strengsten Industrienormen entsprechen. Unsere keramischen F\u00fcllk\u00f6rper gew\u00e4hrleisten selbst bei den anspruchsvollsten Anwendungen eine zuverl\u00e4ssige Leistung. Wenn Sie auf der Suche nach F\u00fcllk\u00f6rpern f\u00fcr S\u00e4uret\u00fcrme sind, bieten unsere keramischen Pall-Ringe die perfekte Kombination aus Festigkeit, Widerstandsf\u00e4higkeit und Kosteneffizienz f\u00fcr Ihren Schwefels\u00e4ureturm oder andere chemische Verarbeitungsanforderungen.<\/p>\n<p>Zusammenfassend l\u00e4sst sich sagen, dass Pall Ceramic Rings eine ausgezeichnete Wahl f\u00fcr diejenigen sind, die eine zuverl\u00e4ssige, effiziente und kosteng\u00fcnstige L\u00f6sung f\u00fcr Hochtemperatur- und Korrosionsumgebungen suchen. Ihre \u00fcberragenden mechanischen Eigenschaften und ihre Best\u00e4ndigkeit gegen chemische Korrosion gew\u00e4hrleisten, dass sie in Schwefels\u00e4uret\u00fcrmen und anderen industriellen Anwendungen optimal funktionieren.<\/p>\n<p><img loading=\"lazy\" decoding=\"async\" class=\"wp-image-2580 size-full\" src=\"https:\/\/cpxzx.com\/wp-content\/uploads\/2025\/07\/packing.jpg\" alt=\"packing\" width=\"1000\" height=\"560\" srcset=\"https:\/\/cpxzx.com\/wp-content\/uploads\/2025\/07\/packing.jpg 1000w, https:\/\/cpxzx.com\/wp-content\/uploads\/2025\/07\/packing-300x168.jpg 300w, https:\/\/cpxzx.com\/wp-content\/uploads\/2025\/07\/packing-768x430.jpg 768w, https:\/\/cpxzx.com\/wp-content\/uploads\/2025\/07\/packing-18x10.jpg 18w\" sizes=\"auto, (max-width: 1000px) 100vw, 1000px\" \/><\/p>","protected":false},"excerpt":{"rendered":"<p>Ceramic Pall Ring ist ein fortschrittliches und hocheffizientes Packungsmaterial, das haupts\u00e4chlich in Schwefels\u00e4uret\u00fcrmen f\u00fcr verschiedene chemische Prozesse eingesetzt wird. Dieses einzigartige Material bietet au\u00dfergew\u00f6hnliche Leistungen unter Bedingungen, bei denen hohe Temperaturen und Korrosionsbest\u00e4ndigkeit entscheidend sind. Es gilt als eine der geeignetsten Optionen f\u00fcr industrielle Anwendungen, insbesondere in der chemischen Industrie, wo schwere Betriebsbedingungen herrschen.<\/p>","protected":false},"featured_media":2571,"parent":0,"template":"","meta":{"_acf_changed":false,"_kad_blocks_custom_css":"","_kad_blocks_head_custom_js":"","_kad_blocks_body_custom_js":"","_kad_blocks_footer_custom_js":"","_kadence_starter_templates_imported_post":false,"_kad_post_transparent":"default","_kad_post_title":"","_kad_post_layout":"default","_kad_post_sidebar_id":"","_kad_post_content_style":"default","_kad_post_vertical_padding":"default","_kad_post_feature":"","_kad_post_feature_position":"","_kad_post_header":false,"_kad_post_footer":false},"pcategory":[22,24],"ptag":[],"class_list":["post-2569","product","type-product","status-publish","has-post-thumbnail","hentry","pcategory-random-packing","pcategory-ceramic-random-packing"],"acf":[],"yoast_head":"<!-- This site is optimized with the Yoast SEO plugin v27.4 - https:\/\/yoast.com\/product\/yoast-seo-wordpress\/ -->\n<title>Ceramic Pall Ring-25mm-38mm-50mm-76mm<\/title>\n<meta name=\"robots\" content=\"index, follow, max-snippet:-1, max-image-preview:large, max-video-preview:-1\" \/>\n<link rel=\"canonical\" href=\"https:\/\/cpxzx.com\/de\/produkt\/keramik-bahrtuchring\/\" \/>\n<meta property=\"og:locale\" content=\"de_DE\" \/>\n<meta property=\"og:type\" content=\"article\" \/>\n<meta property=\"og:title\" content=\"Ceramic Pall Ring-25mm-38mm-50mm-76mm\" \/>\n<meta property=\"og:description\" content=\"Ceramic Pall Ring is an advanced and highly efficient packing material, primarily used in sulfuric acid towers for various chemical processes. This unique material offers exceptional performance in conditions where high temperature and corrosion resistance are critical. It is considered one of the most suitable options for industrial applications, especially in chemical industries where severe operating conditions exist.\" \/>\n<meta property=\"og:url\" content=\"https:\/\/cpxzx.com\/de\/produkt\/keramik-bahrtuchring\/\" \/>\n<meta property=\"og:site_name\" content=\"Cooling Tower Fill, China PVC Fills Manufacturer\" \/>\n<meta property=\"article:modified_time\" content=\"2025-07-30T11:07:59+00:00\" \/>\n<meta property=\"og:image\" content=\"https:\/\/cpxzx.com\/wp-content\/uploads\/2025\/07\/ceramic-pall-ring-2.jpg\" \/>\n\t<meta property=\"og:image:width\" content=\"550\" \/>\n\t<meta property=\"og:image:height\" content=\"550\" \/>\n\t<meta property=\"og:image:type\" content=\"image\/jpeg\" \/>\n<meta name=\"twitter:card\" content=\"summary_large_image\" \/>\n<meta name=\"twitter:label1\" content=\"Gesch\u00e4tzte Lesezeit\" \/>\n\t<meta name=\"twitter:data1\" content=\"4\u00a0Minuten\" \/>\n<script type=\"application\/ld+json\" class=\"yoast-schema-graph\">{\"@context\":\"https:\\\/\\\/schema.org\",\"@graph\":[{\"@type\":\"WebPage\",\"@id\":\"https:\\\/\\\/cpxzx.com\\\/product\\\/ceramic-pall-ring\\\/\",\"url\":\"https:\\\/\\\/cpxzx.com\\\/product\\\/ceramic-pall-ring\\\/\",\"name\":\"Ceramic Pall Ring-25mm-38mm-50mm-76mm\",\"isPartOf\":{\"@id\":\"https:\\\/\\\/cpxzx.com\\\/#website\"},\"primaryImageOfPage\":{\"@id\":\"https:\\\/\\\/cpxzx.com\\\/product\\\/ceramic-pall-ring\\\/#primaryimage\"},\"image\":{\"@id\":\"https:\\\/\\\/cpxzx.com\\\/product\\\/ceramic-pall-ring\\\/#primaryimage\"},\"thumbnailUrl\":\"https:\\\/\\\/cpxzx.com\\\/wp-content\\\/uploads\\\/2025\\\/07\\\/ceramic-pall-ring-2.jpg\",\"datePublished\":\"2025-07-16T03:31:10+00:00\",\"dateModified\":\"2025-07-30T11:07:59+00:00\",\"breadcrumb\":{\"@id\":\"https:\\\/\\\/cpxzx.com\\\/product\\\/ceramic-pall-ring\\\/#breadcrumb\"},\"inLanguage\":\"de\",\"potentialAction\":[{\"@type\":\"ReadAction\",\"target\":[\"https:\\\/\\\/cpxzx.com\\\/product\\\/ceramic-pall-ring\\\/\"]}]},{\"@type\":\"ImageObject\",\"inLanguage\":\"de\",\"@id\":\"https:\\\/\\\/cpxzx.com\\\/product\\\/ceramic-pall-ring\\\/#primaryimage\",\"url\":\"https:\\\/\\\/cpxzx.com\\\/wp-content\\\/uploads\\\/2025\\\/07\\\/ceramic-pall-ring-2.jpg\",\"contentUrl\":\"https:\\\/\\\/cpxzx.com\\\/wp-content\\\/uploads\\\/2025\\\/07\\\/ceramic-pall-ring-2.jpg\",\"width\":550,\"height\":550,\"caption\":\"ceramic pall ring\"},{\"@type\":\"BreadcrumbList\",\"@id\":\"https:\\\/\\\/cpxzx.com\\\/product\\\/ceramic-pall-ring\\\/#breadcrumb\",\"itemListElement\":[{\"@type\":\"ListItem\",\"position\":1,\"name\":\"Home\",\"item\":\"https:\\\/\\\/cpxzx.com\\\/\"},{\"@type\":\"ListItem\",\"position\":2,\"name\":\"Random Packing\",\"item\":\"https:\\\/\\\/cpxzx.com\\\/pcategory\\\/random-packing\\\/\"},{\"@type\":\"ListItem\",\"position\":3,\"name\":\"Ceramic Random Packing\",\"item\":\"https:\\\/\\\/cpxzx.com\\\/pcategory\\\/random-packing\\\/ceramic-random-packing\\\/\"},{\"@type\":\"ListItem\",\"position\":4,\"name\":\"Ceramic Pall Ring (25mm 38mm 50mm, 76mm)\"}]},{\"@type\":\"WebSite\",\"@id\":\"https:\\\/\\\/cpxzx.com\\\/#website\",\"url\":\"https:\\\/\\\/cpxzx.com\\\/\",\"name\":\"Cooling Tower Fill, China PVC Fills Manufacturer\",\"description\":\"\",\"publisher\":{\"@id\":\"https:\\\/\\\/cpxzx.com\\\/#organization\"},\"potentialAction\":[{\"@type\":\"SearchAction\",\"target\":{\"@type\":\"EntryPoint\",\"urlTemplate\":\"https:\\\/\\\/cpxzx.com\\\/?s={search_term_string}\"},\"query-input\":{\"@type\":\"PropertyValueSpecification\",\"valueRequired\":true,\"valueName\":\"search_term_string\"}}],\"inLanguage\":\"de\"},{\"@type\":\"Organization\",\"@id\":\"https:\\\/\\\/cpxzx.com\\\/#organization\",\"name\":\"Cooling Tower Fill, China PVC Fills Manufacturer\",\"url\":\"https:\\\/\\\/cpxzx.com\\\/\",\"logo\":{\"@type\":\"ImageObject\",\"inLanguage\":\"de\",\"@id\":\"https:\\\/\\\/cpxzx.com\\\/#\\\/schema\\\/logo\\\/image\\\/\",\"url\":\"https:\\\/\\\/cpxzx.com\\\/wp-content\\\/uploads\\\/2025\\\/07\\\/1751628807-logo.png\",\"contentUrl\":\"https:\\\/\\\/cpxzx.com\\\/wp-content\\\/uploads\\\/2025\\\/07\\\/1751628807-logo.png\",\"width\":383,\"height\":87,\"caption\":\"Cooling Tower Fill, China PVC Fills Manufacturer\"},\"image\":{\"@id\":\"https:\\\/\\\/cpxzx.com\\\/#\\\/schema\\\/logo\\\/image\\\/\"}}]}<\/script>\n<!-- \/ Yoast SEO plugin. -->","yoast_head_json":{"title":"Ceramic Pall Ring-25mm-38mm-50mm-76mm","robots":{"index":"index","follow":"follow","max-snippet":"max-snippet:-1","max-image-preview":"max-image-preview:large","max-video-preview":"max-video-preview:-1"},"canonical":"https:\/\/cpxzx.com\/de\/produkt\/keramik-bahrtuchring\/","og_locale":"de_DE","og_type":"article","og_title":"Ceramic Pall Ring-25mm-38mm-50mm-76mm","og_description":"Ceramic Pall Ring is an advanced and highly efficient packing material, primarily used in sulfuric acid towers for various chemical processes. This unique material offers exceptional performance in conditions where high temperature and corrosion resistance are critical. It is considered one of the most suitable options for industrial applications, especially in chemical industries where severe operating conditions exist.","og_url":"https:\/\/cpxzx.com\/de\/produkt\/keramik-bahrtuchring\/","og_site_name":"Cooling Tower Fill, China PVC Fills Manufacturer","article_modified_time":"2025-07-30T11:07:59+00:00","og_image":[{"width":550,"height":550,"url":"https:\/\/cpxzx.com\/wp-content\/uploads\/2025\/07\/ceramic-pall-ring-2.jpg","type":"image\/jpeg"}],"twitter_card":"summary_large_image","twitter_misc":{"Gesch\u00e4tzte Lesezeit":"4\u00a0Minuten"},"schema":{"@context":"https:\/\/schema.org","@graph":[{"@type":"WebPage","@id":"https:\/\/cpxzx.com\/product\/ceramic-pall-ring\/","url":"https:\/\/cpxzx.com\/product\/ceramic-pall-ring\/","name":"Ceramic Pall Ring-25mm-38mm-50mm-76mm","isPartOf":{"@id":"https:\/\/cpxzx.com\/#website"},"primaryImageOfPage":{"@id":"https:\/\/cpxzx.com\/product\/ceramic-pall-ring\/#primaryimage"},"image":{"@id":"https:\/\/cpxzx.com\/product\/ceramic-pall-ring\/#primaryimage"},"thumbnailUrl":"https:\/\/cpxzx.com\/wp-content\/uploads\/2025\/07\/ceramic-pall-ring-2.jpg","datePublished":"2025-07-16T03:31:10+00:00","dateModified":"2025-07-30T11:07:59+00:00","breadcrumb":{"@id":"https:\/\/cpxzx.com\/product\/ceramic-pall-ring\/#breadcrumb"},"inLanguage":"de","potentialAction":[{"@type":"ReadAction","target":["https:\/\/cpxzx.com\/product\/ceramic-pall-ring\/"]}]},{"@type":"ImageObject","inLanguage":"de","@id":"https:\/\/cpxzx.com\/product\/ceramic-pall-ring\/#primaryimage","url":"https:\/\/cpxzx.com\/wp-content\/uploads\/2025\/07\/ceramic-pall-ring-2.jpg","contentUrl":"https:\/\/cpxzx.com\/wp-content\/uploads\/2025\/07\/ceramic-pall-ring-2.jpg","width":550,"height":550,"caption":"ceramic pall ring"},{"@type":"BreadcrumbList","@id":"https:\/\/cpxzx.com\/product\/ceramic-pall-ring\/#breadcrumb","itemListElement":[{"@type":"ListItem","position":1,"name":"Home","item":"https:\/\/cpxzx.com\/"},{"@type":"ListItem","position":2,"name":"Random Packing","item":"https:\/\/cpxzx.com\/pcategory\/random-packing\/"},{"@type":"ListItem","position":3,"name":"Ceramic Random Packing","item":"https:\/\/cpxzx.com\/pcategory\/random-packing\/ceramic-random-packing\/"},{"@type":"ListItem","position":4,"name":"Ceramic Pall Ring (25mm 38mm 50mm, 76mm)"}]},{"@type":"WebSite","@id":"https:\/\/cpxzx.com\/#website","url":"https:\/\/cpxzx.com\/","name":"K\u00fchlturm-F\u00fcllung, China PVC-F\u00fcllungen Hersteller","description":"","publisher":{"@id":"https:\/\/cpxzx.com\/#organization"},"potentialAction":[{"@type":"SearchAction","target":{"@type":"EntryPoint","urlTemplate":"https:\/\/cpxzx.com\/?s={search_term_string}"},"query-input":{"@type":"PropertyValueSpecification","valueRequired":true,"valueName":"search_term_string"}}],"inLanguage":"de"},{"@type":"Organization","@id":"https:\/\/cpxzx.com\/#organization","name":"K\u00fchlturm-F\u00fcllung, China PVC-F\u00fcllungen Hersteller","url":"https:\/\/cpxzx.com\/","logo":{"@type":"ImageObject","inLanguage":"de","@id":"https:\/\/cpxzx.com\/#\/schema\/logo\/image\/","url":"https:\/\/cpxzx.com\/wp-content\/uploads\/2025\/07\/1751628807-logo.png","contentUrl":"https:\/\/cpxzx.com\/wp-content\/uploads\/2025\/07\/1751628807-logo.png","width":383,"height":87,"caption":"Cooling Tower Fill, China PVC Fills Manufacturer"},"image":{"@id":"https:\/\/cpxzx.com\/#\/schema\/logo\/image\/"}}]}},"taxonomy_info":{"pcategory":[{"value":22,"label":"Random Packing"},{"value":24,"label":"Ceramic Random Packing"}]},"featured_image_src_large":["https:\/\/cpxzx.com\/wp-content\/uploads\/2025\/07\/ceramic-pall-ring-2.jpg",550,550,false],"author_info":[],"comment_info":"","_links":{"self":[{"href":"https:\/\/cpxzx.com\/de\/wp-json\/wp\/v2\/product\/2569","targetHints":{"allow":["GET"]}}],"collection":[{"href":"https:\/\/cpxzx.com\/de\/wp-json\/wp\/v2\/product"}],"about":[{"href":"https:\/\/cpxzx.com\/de\/wp-json\/wp\/v2\/types\/product"}],"wp:featuredmedia":[{"embeddable":true,"href":"https:\/\/cpxzx.com\/de\/wp-json\/wp\/v2\/media\/2571"}],"wp:attachment":[{"href":"https:\/\/cpxzx.com\/de\/wp-json\/wp\/v2\/media?parent=2569"}],"wp:term":[{"taxonomy":"pcategory","embeddable":true,"href":"https:\/\/cpxzx.com\/de\/wp-json\/wp\/v2\/pcategory?post=2569"},{"taxonomy":"ptag","embeddable":true,"href":"https:\/\/cpxzx.com\/de\/wp-json\/wp\/v2\/ptag?post=2569"}],"curies":[{"name":"wp","href":"https:\/\/api.w.org\/{rel}","templated":true}]}}