{"id":2509,"date":"2025-07-15T10:48:46","date_gmt":"2025-07-15T10:48:46","guid":{"rendered":"https:\/\/cpxzx.com\/?post_type=product&#038;p=2509"},"modified":"2025-07-15T15:21:14","modified_gmt":"2025-07-15T15:21:14","slug":"metal-pall-ring","status":"publish","type":"product","link":"https:\/\/cpxzx.com\/de\/produkt\/metal-pall-ring\/","title":{"rendered":"Metallkugelringpackung (304, 321, 316L)"},"content":{"rendered":"<p><strong>Metall Pall-Ringpackung<\/strong> ist eine entscheidende Komponente in verschiedenen industriellen Prozessen, insbesondere bei Anwendungen, die eine effiziente Trennung, Destillation, Absorption und Strippung erfordern. Die Innovation hinter dem Pall-Metallring liegt in seinem fortschrittlichen Design, das im Vergleich zu herk\u00f6mmlichen Packungsmaterialien eine \u00fcberlegene Leistung bei Hochtemperatur- und Gro\u00dfvolumenprozessen bietet. Ein Metall-Pall-Ring ist eine Art von F\u00fcllk\u00f6rper, der aus dem klassischen Metall-Raschig-Ring-Design durch Hinzuf\u00fcgen von nach innen gerichteten Laschen verbessert wurde. Diese Laschen erh\u00f6hen die Durchflusskapazit\u00e4t und verbessern die Effizienz des Stoffaustauschs, was den Metall-Pall-Ring zu einer idealen Wahl f\u00fcr anspruchsvolle industrielle Prozesse macht. Bei gleicher L\u00e4nge und gleichem Durchmesser bietet dieses Packungsmaterial robusten Halt f\u00fcr Destillationskolonnen und andere Trenneinrichtungen, die in verschiedenen chemischen und petrochemischen Industrien eingesetzt werden.<\/p>\n<p><strong>Vorteile von Pall-Ringen aus Metall<\/strong><\/p>\n<p>Der Pall-Metallring bietet mehrere entscheidende Vorteile gegen\u00fcber anderen Verpackungsmaterialien, wie z. B. Pall-Kunststoffringen. Zu den wichtigsten Vorteilen geh\u00f6ren:<\/p>\n<ul>\n<li><strong>Korrosions- und Rostbest\u00e4ndigkeit:<\/strong> Im Gegensatz zu Pall-Ringen aus Kunststoff k\u00f6nnen Pall-Ringe aus Metall rauen Umgebungen widerstehen und eignen sich daher perfekt f\u00fcr Prozesse, bei denen sie korrosiven Substanzen, hohen Temperaturen oder extremen Betriebsbedingungen ausgesetzt sind.<\/li>\n<li><strong>Verbesserte Benetzungseigenschaften:<\/strong> Der Metallring von Pall ist im Vergleich zu seinen Gegenst\u00fccken aus Kunststoff leichter zu benetzen und gew\u00e4hrleistet eine bessere Fl\u00fcssigkeitsverteilung im System.<\/li>\n<li><strong>Hohe Brechfestigkeit:<\/strong> Diese Ringe sind auf Langlebigkeit ausgelegt. Sie k\u00f6nnen erheblichen mechanischen Belastungen standhalten und sind daher zuverl\u00e4ssig f\u00fcr einen langfristigen Betrieb mit minimalem Verschlei\u00df.<\/li>\n<li><strong>Hoher Durchsatz und hohe Effizienz:<\/strong> Der Metal Pall Ring kann h\u00f6here Durchflussraten bew\u00e4ltigen und bietet einen verbesserten Wirkungsgrad des Stoffaustauschs bei gleichzeitig niedrigem Druckabfall. Dies macht sie hocheffizient f\u00fcr gro\u00df angelegte industrielle Anwendungen.<\/li>\n<li><strong>Lange Nutzungsdauer:<\/strong> Dank ihrer robusten Materialien und ihres Designs sind die Ringe von Metal Pall f\u00fcr ihre lange Lebensdauer bekannt, was die Notwendigkeit eines h\u00e4ufigen Austauschs und einer Wartung reduziert.<\/li>\n<\/ul>\n<p><strong>Spezifikationen und Gr\u00f6\u00dfen von Metall-Pall-Ringen<\/strong><\/p>\n<table style=\"width: 100%; margin: 20px 0; text-align: center; border: 1px solid #666; border-collapse: collapse;\">\n<thead>\n<tr style=\"border: 1px solid #666;\">\n<th style=\"border: 1px solid #666;\">Gr\u00f6\u00dfe<br \/>\n(Zoll\/mm)<\/th>\n<th style=\"border: 1px solid #666;\">Sch\u00fcttdichte<br \/>\n(kg\/m3)<\/th>\n<th style=\"border: 1px solid #666;\">Nummer<br \/>\n(pro m3)<\/th>\n<th style=\"border: 1px solid #666;\">Fl\u00e4che<br \/>\n(m2\/m3)<\/th>\n<th style=\"border: 1px solid #666;\">Freies Volumen<br \/>\n(%)<\/th>\n<th style=\"border: 1px solid #666;\">Trockenpackungsfaktor<br \/>\n(m-1)<\/th>\n<\/tr>\n<\/thead>\n<tbody>\n<tr style=\"border: 1px solid #666;\">\n<td>1\/4\"<\/td>\n<td>900<\/td>\n<td>4,000,000<\/td>\n<td>904<\/td>\n<td>88.6<\/td>\n<td>1307.4<\/td>\n<\/tr>\n<tr style=\"border: 1px solid #666;\">\n<td>3\/8\"<\/td>\n<td>480<\/td>\n<td>768,000<\/td>\n<td>482<\/td>\n<td>93.8<\/td>\n<td>583.8<\/td>\n<\/tr>\n<tr style=\"border: 1px solid #666;\">\n<td>1\/2\"<\/td>\n<td>420<\/td>\n<td>410,000<\/td>\n<td>415<\/td>\n<td>95.5<\/td>\n<td>393.2<\/td>\n<\/tr>\n<tr style=\"border: 1px solid #666;\">\n<td>5\/8\"<\/td>\n<td>348<\/td>\n<td>201,000<\/td>\n<td>344<\/td>\n<td>95.5<\/td>\n<td>393.2<\/td>\n<\/tr>\n<tr style=\"border: 1px solid #666;\">\n<td>1\"<\/td>\n<td>288<\/td>\n<td>53,500<\/td>\n<td>212<\/td>\n<td>96.2<\/td>\n<td>229.8<\/td>\n<\/tr>\n<tr style=\"border: 1px solid #666;\">\n<td>1\"<\/td>\n<td>367<\/td>\n<td>53,500<\/td>\n<td>216<\/td>\n<td>95<\/td>\n<td>237.2<\/td>\n<\/tr>\n<tr style=\"border: 1px solid #666;\">\n<td>1\"<\/td>\n<td>439<\/td>\n<td>53,500<\/td>\n<td>219<\/td>\n<td>94.2<\/td>\n<td>244.1<\/td>\n<\/tr>\n<tr style=\"border: 1px solid #666;\">\n<td>1.5\"<\/td>\n<td>193<\/td>\n<td>15,180<\/td>\n<td>143<\/td>\n<td>97.2<\/td>\n<td>148.4<\/td>\n<\/tr>\n<tr style=\"border: 1px solid #666;\">\n<td>1.5\"<\/td>\n<td>246<\/td>\n<td>15,180<\/td>\n<td>145<\/td>\n<td>96.7<\/td>\n<td>151.7<\/td>\n<\/tr>\n<tr style=\"border: 1px solid #666;\">\n<td>1.5\"<\/td>\n<td>328<\/td>\n<td>15,000<\/td>\n<td>146<\/td>\n<td>95.9<\/td>\n<td>154.6<\/td>\n<\/tr>\n<tr style=\"border: 1px solid #666;\">\n<td>2\"<\/td>\n<td>185<\/td>\n<td>6,500<\/td>\n<td>106<\/td>\n<td>97.5<\/td>\n<td>128.5<\/td>\n<\/tr>\n<tr style=\"border: 1px solid #666;\">\n<td>2\"<\/td>\n<td>315<\/td>\n<td>6,500<\/td>\n<td>108<\/td>\n<td>96.8<\/td>\n<td>130.5<\/td>\n<\/tr>\n<tr style=\"border: 1px solid #666;\">\n<td>2\"<\/td>\n<td>380<\/td>\n<td>6,500<\/td>\n<td>132.5<\/td>\n<td>96.0<\/td>\n<td>134.0<\/td>\n<\/tr>\n<tr style=\"border: 1px solid #666;\">\n<td>3\"<\/td>\n<td>265<\/td>\n<td>1,920<\/td>\n<td>69<\/td>\n<td>97.4<\/td>\n<td>79.6<\/td>\n<\/tr>\n<tr style=\"border: 1px solid #666;\">\n<td>3.5\"<\/td>\n<td>224<\/td>\n<td>1,220<\/td>\n<td>61<\/td>\n<td>97.1<\/td>\n<td>66.2<\/td>\n<\/tr>\n<\/tbody>\n<\/table>\n<p>&nbsp;<\/p>\n<p><strong>Anwendungen von Metallkugelringen<\/strong><br \/>\nDer Metal Pall Ring wird in einer Vielzahl von industriellen Anwendungen eingesetzt. Insbesondere spielt er eine entscheidende Rolle bei Trennprozessen, wie z. B. <strong>Abtrennung von Toluol<\/strong>, <strong>Ethylbenzol-Abscheidung<\/strong>und <strong>Entschwefelungsanlagen<\/strong>. Diese Packungsmaterialien sind so konzipiert, dass sie in Hochdruck- und Hochtemperaturumgebungen effizient arbeiten, was sie in Branchen wie Petrochemie, Chemie und Erdgas unverzichtbar macht.<br \/>\n<strong>Warum sollten Sie sich f\u00fcr eine Metal Pall Ring Packung entscheiden?<\/strong><\/p>\n<ul>\n<li><strong>Hoher Wirkungsgrad im Stoffaustausch:<\/strong> Das einzigartige Design und die Struktur des Metal Pall Rings erm\u00f6glichen eine hohe Stoff\u00fcbertragungseffizienz sowohl in der Fl\u00fcssigkeits- als auch in der Gasphase und machen ihn zur ersten Wahl f\u00fcr Anwendungen, die eine optimale Trennung erfordern.<\/li>\n<li><strong>Langlebigkeit in rauen Umgebungen:<\/strong> Pall-Metallringpackungen sind korrosions- und rostbest\u00e4ndig und gew\u00e4hrleisten selbst in aggressiven chemischen Umgebungen langfristige Stabilit\u00e4t.<\/li>\n<li><strong>Vielseitigkeit:<\/strong> Ganz gleich, ob Sie mit Toluol, Ethylbenzol oder anderen komplexen Gemischen zu tun haben, die Ringe von Metal Pall bieten die n\u00f6tige Vielseitigkeit, um eine Vielzahl von Trennaufgaben effizient zu bew\u00e4ltigen.<\/li>\n<li><strong>Reduzierter Druckverlust:<\/strong> Die Ringe von Metal Pall haben einen geringen Druckabfall, was bedeutet, dass sie zur Aufrechterhaltung der Energieeffizienz beitragen und gleichzeitig einen hohen Durchsatz erm\u00f6glichen.<\/li>\n<\/ul>\n<p>Zusammenfassend l\u00e4sst sich sagen, dass Pall-Metallringpackungen unvergleichliche Vorteile in Bezug auf Effizienz, Haltbarkeit und Leistung in industriellen Trennprozessen bieten. Unabh\u00e4ngig davon, ob Sie den 316L-Metall-Pall-Ring, den 304-Metall-Pall-Ring oder ein anderes Material verwenden, k\u00f6nnen Sie sich auf diese Packungsmaterialien f\u00fcr eine robuste Leistung in den anspruchsvollsten Anwendungen verlassen. Mit hoher Stoff\u00fcbertragungseffizienz, geringem Druckverlust und Best\u00e4ndigkeit gegen raue Umgebungsbedingungen ist der Metall-Pall-Ring eine grundlegende Komponente, die einen optimalen Betrieb in Destillations-, Absorptions- und Strippprozessen gew\u00e4hrleistet. Durch die Wahl unserer Metall-Pall-Ringpackungen k\u00f6nnen Industrien eine bessere Produktivit\u00e4t, eine h\u00f6here Effizienz und geringere Wartungskosten erzielen, was zu einem langfristigen betrieblichen Erfolg f\u00fchrt.<\/p>","protected":false},"excerpt":{"rendered":"<p>Metal Pall Rings bieten \u00fcberlegene Leistung f\u00fcr anspruchsvolle industrielle Anwendungen. Mit hoher Belastbarkeit und geringem Druckabfall gew\u00e4hrleisten sie eine zuverl\u00e4ssige und effiziente Trennung in komplexen chemischen Prozessen.<\/p>","protected":false},"featured_media":2540,"parent":0,"template":"","meta":{"_acf_changed":false,"_kad_blocks_custom_css":"","_kad_blocks_head_custom_js":"","_kad_blocks_body_custom_js":"","_kad_blocks_footer_custom_js":"","_kadence_starter_templates_imported_post":false,"_kad_post_transparent":"default","_kad_post_title":"","_kad_post_layout":"default","_kad_post_sidebar_id":"","_kad_post_content_style":"default","_kad_post_vertical_padding":"default","_kad_post_feature":"","_kad_post_feature_position":"","_kad_post_header":false,"_kad_post_footer":false},"pcategory":[22,23],"ptag":[],"class_list":["post-2509","product","type-product","status-publish","has-post-thumbnail","hentry","pcategory-random-packing","pcategory-metal-random-packing"],"acf":[],"yoast_head":"<!-- This site is optimized with the Yoast SEO plugin v27.4 - https:\/\/yoast.com\/product\/yoast-seo-wordpress\/ -->\n<title>Metal Pall Ring Packing ( 304,321,316L )<\/title>\n<meta name=\"description\" content=\"Engineered for optimal efficiency, Metal Pall Ring Packing ( 304,321,316L ) improves fluid distribution, reduces pressure drop, and provides long-lasting performance in aggressive chemical environments.\" \/>\n<meta name=\"robots\" content=\"index, follow, max-snippet:-1, max-image-preview:large, max-video-preview:-1\" \/>\n<link rel=\"canonical\" href=\"https:\/\/cpxzx.com\/de\/produkt\/metal-pall-ring\/\" \/>\n<meta property=\"og:locale\" content=\"de_DE\" \/>\n<meta property=\"og:type\" content=\"article\" \/>\n<meta property=\"og:title\" content=\"Metal Pall Ring Packing ( 304,321,316L )\" \/>\n<meta property=\"og:description\" content=\"Engineered for optimal efficiency, Metal Pall Ring Packing ( 304,321,316L ) improves fluid distribution, reduces pressure drop, and provides long-lasting performance in aggressive chemical environments.\" \/>\n<meta property=\"og:url\" content=\"https:\/\/cpxzx.com\/de\/produkt\/metal-pall-ring\/\" \/>\n<meta property=\"og:site_name\" content=\"Cooling Tower Fill, China PVC Fills Manufacturer\" \/>\n<meta property=\"article:modified_time\" content=\"2025-07-15T15:21:14+00:00\" \/>\n<meta property=\"og:image\" content=\"https:\/\/cpxzx.com\/wp-content\/uploads\/2025\/07\/metal-pall-ring-6.jpg\" \/>\n\t<meta property=\"og:image:width\" content=\"550\" \/>\n\t<meta property=\"og:image:height\" content=\"550\" \/>\n\t<meta property=\"og:image:type\" content=\"image\/jpeg\" \/>\n<meta name=\"twitter:card\" content=\"summary_large_image\" \/>\n<meta name=\"twitter:label1\" content=\"Gesch\u00e4tzte Lesezeit\" \/>\n\t<meta name=\"twitter:data1\" content=\"4\u00a0Minuten\" \/>\n<script type=\"application\/ld+json\" class=\"yoast-schema-graph\">{\"@context\":\"https:\\\/\\\/schema.org\",\"@graph\":[{\"@type\":\"WebPage\",\"@id\":\"https:\\\/\\\/cpxzx.com\\\/product\\\/metal-pall-ring\\\/\",\"url\":\"https:\\\/\\\/cpxzx.com\\\/product\\\/metal-pall-ring\\\/\",\"name\":\"Metal Pall Ring Packing ( 304,321,316L )\",\"isPartOf\":{\"@id\":\"https:\\\/\\\/cpxzx.com\\\/#website\"},\"primaryImageOfPage\":{\"@id\":\"https:\\\/\\\/cpxzx.com\\\/product\\\/metal-pall-ring\\\/#primaryimage\"},\"image\":{\"@id\":\"https:\\\/\\\/cpxzx.com\\\/product\\\/metal-pall-ring\\\/#primaryimage\"},\"thumbnailUrl\":\"https:\\\/\\\/cpxzx.com\\\/wp-content\\\/uploads\\\/2025\\\/07\\\/metal-pall-ring-6.jpg\",\"datePublished\":\"2025-07-15T10:48:46+00:00\",\"dateModified\":\"2025-07-15T15:21:14+00:00\",\"description\":\"Engineered for optimal efficiency, Metal Pall Ring Packing ( 304,321,316L ) improves fluid distribution, reduces pressure drop, and provides long-lasting performance in aggressive chemical environments.\",\"breadcrumb\":{\"@id\":\"https:\\\/\\\/cpxzx.com\\\/product\\\/metal-pall-ring\\\/#breadcrumb\"},\"inLanguage\":\"de\",\"potentialAction\":[{\"@type\":\"ReadAction\",\"target\":[\"https:\\\/\\\/cpxzx.com\\\/product\\\/metal-pall-ring\\\/\"]}]},{\"@type\":\"ImageObject\",\"inLanguage\":\"de\",\"@id\":\"https:\\\/\\\/cpxzx.com\\\/product\\\/metal-pall-ring\\\/#primaryimage\",\"url\":\"https:\\\/\\\/cpxzx.com\\\/wp-content\\\/uploads\\\/2025\\\/07\\\/metal-pall-ring-6.jpg\",\"contentUrl\":\"https:\\\/\\\/cpxzx.com\\\/wp-content\\\/uploads\\\/2025\\\/07\\\/metal-pall-ring-6.jpg\",\"width\":550,\"height\":550},{\"@type\":\"BreadcrumbList\",\"@id\":\"https:\\\/\\\/cpxzx.com\\\/product\\\/metal-pall-ring\\\/#breadcrumb\",\"itemListElement\":[{\"@type\":\"ListItem\",\"position\":1,\"name\":\"Home\",\"item\":\"https:\\\/\\\/cpxzx.com\\\/\"},{\"@type\":\"ListItem\",\"position\":2,\"name\":\"Random Packing\",\"item\":\"https:\\\/\\\/cpxzx.com\\\/pcategory\\\/random-packing\\\/\"},{\"@type\":\"ListItem\",\"position\":3,\"name\":\"Metal Pall Ring Packing ( 304,321,316L )\"}]},{\"@type\":\"WebSite\",\"@id\":\"https:\\\/\\\/cpxzx.com\\\/#website\",\"url\":\"https:\\\/\\\/cpxzx.com\\\/\",\"name\":\"Cooling Tower Fill, China PVC Fills Manufacturer\",\"description\":\"\",\"publisher\":{\"@id\":\"https:\\\/\\\/cpxzx.com\\\/#organization\"},\"potentialAction\":[{\"@type\":\"SearchAction\",\"target\":{\"@type\":\"EntryPoint\",\"urlTemplate\":\"https:\\\/\\\/cpxzx.com\\\/?s={search_term_string}\"},\"query-input\":{\"@type\":\"PropertyValueSpecification\",\"valueRequired\":true,\"valueName\":\"search_term_string\"}}],\"inLanguage\":\"de\"},{\"@type\":\"Organization\",\"@id\":\"https:\\\/\\\/cpxzx.com\\\/#organization\",\"name\":\"Cooling Tower Fill, China PVC Fills Manufacturer\",\"url\":\"https:\\\/\\\/cpxzx.com\\\/\",\"logo\":{\"@type\":\"ImageObject\",\"inLanguage\":\"de\",\"@id\":\"https:\\\/\\\/cpxzx.com\\\/#\\\/schema\\\/logo\\\/image\\\/\",\"url\":\"https:\\\/\\\/cpxzx.com\\\/wp-content\\\/uploads\\\/2025\\\/07\\\/1751628807-logo.png\",\"contentUrl\":\"https:\\\/\\\/cpxzx.com\\\/wp-content\\\/uploads\\\/2025\\\/07\\\/1751628807-logo.png\",\"width\":383,\"height\":87,\"caption\":\"Cooling Tower Fill, China PVC Fills Manufacturer\"},\"image\":{\"@id\":\"https:\\\/\\\/cpxzx.com\\\/#\\\/schema\\\/logo\\\/image\\\/\"}}]}<\/script>\n<!-- \/ Yoast SEO plugin. -->","yoast_head_json":{"title":"Metallkugelringpackung (304, 321, 316L)","description":"Engineered for optimal efficiency, Metal Pall Ring Packing ( 304,321,316L ) improves fluid distribution, reduces pressure drop, and provides long-lasting performance in aggressive chemical environments.","robots":{"index":"index","follow":"follow","max-snippet":"max-snippet:-1","max-image-preview":"max-image-preview:large","max-video-preview":"max-video-preview:-1"},"canonical":"https:\/\/cpxzx.com\/de\/produkt\/metal-pall-ring\/","og_locale":"de_DE","og_type":"article","og_title":"Metal Pall Ring Packing ( 304,321,316L )","og_description":"Engineered for optimal efficiency, Metal Pall Ring Packing ( 304,321,316L ) improves fluid distribution, reduces pressure drop, and provides long-lasting performance in aggressive chemical environments.","og_url":"https:\/\/cpxzx.com\/de\/produkt\/metal-pall-ring\/","og_site_name":"Cooling Tower Fill, China PVC Fills Manufacturer","article_modified_time":"2025-07-15T15:21:14+00:00","og_image":[{"width":550,"height":550,"url":"https:\/\/cpxzx.com\/wp-content\/uploads\/2025\/07\/metal-pall-ring-6.jpg","type":"image\/jpeg"}],"twitter_card":"summary_large_image","twitter_misc":{"Gesch\u00e4tzte Lesezeit":"4\u00a0Minuten"},"schema":{"@context":"https:\/\/schema.org","@graph":[{"@type":"WebPage","@id":"https:\/\/cpxzx.com\/product\/metal-pall-ring\/","url":"https:\/\/cpxzx.com\/product\/metal-pall-ring\/","name":"Metallkugelringpackung (304, 321, 316L)","isPartOf":{"@id":"https:\/\/cpxzx.com\/#website"},"primaryImageOfPage":{"@id":"https:\/\/cpxzx.com\/product\/metal-pall-ring\/#primaryimage"},"image":{"@id":"https:\/\/cpxzx.com\/product\/metal-pall-ring\/#primaryimage"},"thumbnailUrl":"https:\/\/cpxzx.com\/wp-content\/uploads\/2025\/07\/metal-pall-ring-6.jpg","datePublished":"2025-07-15T10:48:46+00:00","dateModified":"2025-07-15T15:21:14+00:00","description":"Engineered for optimal efficiency, Metal Pall Ring Packing ( 304,321,316L ) improves fluid distribution, reduces pressure drop, and provides long-lasting performance in aggressive chemical environments.","breadcrumb":{"@id":"https:\/\/cpxzx.com\/product\/metal-pall-ring\/#breadcrumb"},"inLanguage":"de","potentialAction":[{"@type":"ReadAction","target":["https:\/\/cpxzx.com\/product\/metal-pall-ring\/"]}]},{"@type":"ImageObject","inLanguage":"de","@id":"https:\/\/cpxzx.com\/product\/metal-pall-ring\/#primaryimage","url":"https:\/\/cpxzx.com\/wp-content\/uploads\/2025\/07\/metal-pall-ring-6.jpg","contentUrl":"https:\/\/cpxzx.com\/wp-content\/uploads\/2025\/07\/metal-pall-ring-6.jpg","width":550,"height":550},{"@type":"BreadcrumbList","@id":"https:\/\/cpxzx.com\/product\/metal-pall-ring\/#breadcrumb","itemListElement":[{"@type":"ListItem","position":1,"name":"Home","item":"https:\/\/cpxzx.com\/"},{"@type":"ListItem","position":2,"name":"Random Packing","item":"https:\/\/cpxzx.com\/pcategory\/random-packing\/"},{"@type":"ListItem","position":3,"name":"Metal Pall Ring Packing ( 304,321,316L )"}]},{"@type":"WebSite","@id":"https:\/\/cpxzx.com\/#website","url":"https:\/\/cpxzx.com\/","name":"K\u00fchlturm-F\u00fcllung, China PVC-F\u00fcllungen Hersteller","description":"","publisher":{"@id":"https:\/\/cpxzx.com\/#organization"},"potentialAction":[{"@type":"SearchAction","target":{"@type":"EntryPoint","urlTemplate":"https:\/\/cpxzx.com\/?s={search_term_string}"},"query-input":{"@type":"PropertyValueSpecification","valueRequired":true,"valueName":"search_term_string"}}],"inLanguage":"de"},{"@type":"Organization","@id":"https:\/\/cpxzx.com\/#organization","name":"K\u00fchlturm-F\u00fcllung, China PVC-F\u00fcllungen Hersteller","url":"https:\/\/cpxzx.com\/","logo":{"@type":"ImageObject","inLanguage":"de","@id":"https:\/\/cpxzx.com\/#\/schema\/logo\/image\/","url":"https:\/\/cpxzx.com\/wp-content\/uploads\/2025\/07\/1751628807-logo.png","contentUrl":"https:\/\/cpxzx.com\/wp-content\/uploads\/2025\/07\/1751628807-logo.png","width":383,"height":87,"caption":"Cooling Tower Fill, China PVC Fills Manufacturer"},"image":{"@id":"https:\/\/cpxzx.com\/#\/schema\/logo\/image\/"}}]}},"taxonomy_info":{"pcategory":[{"value":22,"label":"Random Packing"},{"value":23,"label":"Metal Random Packing"}]},"featured_image_src_large":["https:\/\/cpxzx.com\/wp-content\/uploads\/2025\/07\/metal-pall-ring-6.jpg",550,550,false],"author_info":[],"comment_info":"","_links":{"self":[{"href":"https:\/\/cpxzx.com\/de\/wp-json\/wp\/v2\/product\/2509","targetHints":{"allow":["GET"]}}],"collection":[{"href":"https:\/\/cpxzx.com\/de\/wp-json\/wp\/v2\/product"}],"about":[{"href":"https:\/\/cpxzx.com\/de\/wp-json\/wp\/v2\/types\/product"}],"wp:featuredmedia":[{"embeddable":true,"href":"https:\/\/cpxzx.com\/de\/wp-json\/wp\/v2\/media\/2540"}],"wp:attachment":[{"href":"https:\/\/cpxzx.com\/de\/wp-json\/wp\/v2\/media?parent=2509"}],"wp:term":[{"taxonomy":"pcategory","embeddable":true,"href":"https:\/\/cpxzx.com\/de\/wp-json\/wp\/v2\/pcategory?post=2509"},{"taxonomy":"ptag","embeddable":true,"href":"https:\/\/cpxzx.com\/de\/wp-json\/wp\/v2\/ptag?post=2509"}],"curies":[{"name":"wp","href":"https:\/\/api.w.org\/{rel}","templated":true}]}}