{"id":2150,"date":"2025-07-08T10:14:56","date_gmt":"2025-07-08T10:14:56","guid":{"rendered":"https:\/\/cpxzx.com\/?post_type=product&#038;p=2150"},"modified":"2025-07-13T08:11:10","modified_gmt":"2025-07-13T08:11:10","slug":"plastic-pall-ring","status":"publish","type":"product","link":"https:\/\/cpxzx.com\/de\/produkt\/plastic-pall-ring\/","title":{"rendered":"Kunststoff-Ringpackungen ( ptfe,pvc,pvdf, polypropylen\uff09"},"content":{"rendered":"<p><strong>kugelf\u00f6rmige kunststoffdichtungen ( ptfe,pvc,pvdf, polypropylen<\/strong>\uff09ist eine hocheffiziente Form der Wirrpackung, die in Stoffaustauschanwendungen eingesetzt wird. Im Vergleich zu herk\u00f6mmlichen Raschig-Ringen weist der Kunststoff-Pallring ein einzigartiges Design mit rechteckigen \u00d6ffnungen und nach innen gerichteten Lamellen auf. Durch diese strukturellen Verbesserungen wird die innere Oberfl\u00e4che vergr\u00f6\u00dfert, die Gas-Fl\u00fcssigkeits-Umw\u00e4lzung verst\u00e4rkt und die Effizienz des Gas-Fl\u00fcssigkeits-Kontakts verbessert. Sein Design tr\u00e4gt dazu bei, hohe Stoff\u00fcbertragungsraten bei gleichzeitig niedrigem Druckverlust zu erzielen, wodurch er sich f\u00fcr eine Vielzahl chemischer Prozesse eignet.<\/p>\n<p>Die Kunststoffkugelringstruktur weist einen hohen Hohlraumanteil und gleichm\u00e4\u00dfig verteilte \u00d6ffnungen auf. Diese Eigenschaften erm\u00f6glichen eine gleichm\u00e4\u00dfige Gas- und Fl\u00fcssigkeitsstr\u00f6mung, verringern den Widerstand und f\u00f6rdern einen effizienten Stoffaustausch. Jeder Kunststoffkugelring verf\u00fcgt \u00fcber Fensterfl\u00fcgel, die die Fl\u00fcssigkeitsverteilung verbessern, das Risiko von Verstopfungen verringern und eine gleichm\u00e4\u00dfige Verteilung der Fl\u00fcssigkeiten \u00fcber den Querschnitt des Turms gew\u00e4hrleisten.<\/p>\n<p>Kunststoff-Pallringe sind in verschiedenen Materialien erh\u00e4ltlich, darunter Polypropylen-Pallringe, PTFE-Pallringe, PVC-Pallringe und PVDF-Pallringe. Diese Materialien bieten verschiedene Vorteile, wie z. B. ausgezeichnete Korrosionsbest\u00e4ndigkeit, leichte Struktur, hohe mechanische Festigkeit und Anpassungsf\u00e4higkeit an unterschiedliche Temperaturbedingungen. Mit einer gro\u00dfen Auswahl an Durchmessern und Dicken k\u00f6nnen Kunststoff-Pallringe an die spezifischen Anforderungen Ihres Systems angepasst werden.<\/p>\n<p><img loading=\"lazy\" decoding=\"async\" class=\"alignnone wp-image-2153 size-full\" src=\"https:\/\/cpxzx.com\/wp-content\/uploads\/2025\/07\/plastic-pall-ring-products.jpg\" alt=\"\" width=\"720\" height=\"242\" srcset=\"https:\/\/cpxzx.com\/wp-content\/uploads\/2025\/07\/plastic-pall-ring-products.jpg 720w, https:\/\/cpxzx.com\/wp-content\/uploads\/2025\/07\/plastic-pall-ring-products-300x101.jpg 300w\" sizes=\"auto, (max-width: 720px) 100vw, 720px\" \/><\/p>\n<h3>Hauptmerkmale der Pall-Ring-Packung aus Kunststoff<\/h3>\n<ul>\n<li>Hohes Hohlraumverh\u00e4ltnis und geringer Druckverlust.<\/li>\n<li>Ein gleichm\u00e4\u00dfiger Gas-Fl\u00fcssigkeits-Kontakt verbessert die Effizienz des Stoffaustauschs.<\/li>\n<li>Geringe H\u00f6he des Stoffaustauschers, hoher Flutungspunkt.<\/li>\n<li>Langlebiges Design mit hoher Sto\u00dffestigkeit.<\/li>\n<li>Korrosionsbest\u00e4ndige Materialien, die f\u00fcr aggressive chemische Umgebungen geeignet sind.<\/li>\n<li>Leicht zu beladen, zu entladen und zu reinigen.<\/li>\n<\/ul>\n<h3>Materialoptionen und Leistung<\/h3>\n<p>Pallringe aus Kunststoff werden aus einer Reihe von Materialien hergestellt. Polypropylen-Pallringe bieten eine ausgezeichnete chemische Best\u00e4ndigkeit und k\u00f6nnen Temperaturen von \u00fcber 100 \u00b0C standhalten. PTFE-Pallringe sind ideal f\u00fcr hochkorrosive Umgebungen mit Betriebstemperaturen \u00fcber 150\u00b0C. PVC-Pallringe eignen sich f\u00fcr allgemeine chemische Anwendungen, w\u00e4hrend PVDF-Pallringe eine hohe Festigkeit mit einer hervorragenden Best\u00e4ndigkeit gegen aggressive Chemikalien kombinieren.<\/p>\n<p>Die verschiedenen Gr\u00f6\u00dfen der Kunststoffkugelringe bieten unterschiedliche Sch\u00fcttdichten und Oberfl\u00e4chen, um den Anforderungen verschiedener Turmkonstruktionen gerecht zu werden. Die strukturellen Unterschiede zwischen den Gr\u00f6\u00dfen tragen dazu bei, dass die Packung einen optimalen Kontakt zwischen Gas- und Fl\u00fcssigkeitsphase gew\u00e4hrleistet.<\/p>\n<h3>Technische Parameter<\/h3>\n<table border=\"1\" cellspacing=\"0\" cellpadding=\"5\">\n<tbody>\n<tr>\n<th>Artikel<\/th>\n<th>Gr\u00f6\u00dfe (T \u00d7 T \u00d7 H mm)<\/th>\n<th>Sch\u00fcttdichte (kg\/m\u00b3)<\/th>\n<th>F\u00fcllmenge<\/th>\n<th>Oberfl\u00e4che (m\u00b2\/m\u00b3)<\/th>\n<th>Entleerung (%)<\/th>\n<\/tr>\n<tr>\n<td>PRPT-01<\/td>\n<td>16 \u00d7 1 \u00d7 16<\/td>\n<td>141<\/td>\n<td>230000<\/td>\n<td>260<\/td>\n<td>91<\/td>\n<\/tr>\n<tr>\n<td>PRPT-02<\/td>\n<td>25 \u00d7 1.2 \u00d7 25<\/td>\n<td>85<\/td>\n<td>48300<\/td>\n<td>213<\/td>\n<td>91<\/td>\n<\/tr>\n<tr>\n<td>PRPT-03<\/td>\n<td>38 \u00d7 1.4 \u00d7 38<\/td>\n<td>82<\/td>\n<td>15800<\/td>\n<td>151<\/td>\n<td>91<\/td>\n<\/tr>\n<tr>\n<td>PRPT-04<\/td>\n<td>50 \u00d7 1.5 \u00d7 50<\/td>\n<td>60<\/td>\n<td>6300<\/td>\n<td>100<\/td>\n<td>92<\/td>\n<\/tr>\n<tr>\n<td>PRPT-05<\/td>\n<td>76 \u00d7 2.6 \u00d7 76<\/td>\n<td>62<\/td>\n<td>1930<\/td>\n<td>72<\/td>\n<td>92<\/td>\n<\/tr>\n<\/tbody>\n<\/table>\n<p>&nbsp;<\/p>\n<p>Anmerkung:<\/p>\n<p>Material: PE, PP, RPP, PVC, CPVC, PVDF<\/p>\n<p>Durchmesser: 16 mm, 25 mm, 38 mm, 50 mm, 76 mm.<\/p>\n<p>Dicke: 1 mm, 1,2 mm, 1,4 mm, 1,5 mm, 2,6 mm.<\/p>\n<h3>Vorteile des Pall Rings aus Kunststoff<\/h3>\n<ul>\n<li>Die spezielle Struktur gew\u00e4hrleistet eine hohe Durchflussrate bei minimalem Druckabfall.<\/li>\n<li>Hohe Best\u00e4ndigkeit gegen chemische Korrosion in verschiedenen industriellen Umgebungen.<\/li>\n<li>Gro\u00dfe Oberfl\u00e4che f\u00fcr effektive Stoffaustauschprozesse.<\/li>\n<li>Leichtes und energiesparendes Design reduziert die Betriebskosten.<\/li>\n<li>Einfacher Einbau und Ausbau aus verpackten T\u00fcrmen.<\/li>\n<\/ul>\n<h3>Anwendungen<\/h3>\n<p>Kunststoffringpackungen werden h\u00e4ufig in Absorptions-, Wasch-, Stripp- und Destillationst\u00fcrmen verwendet. Sie werden bevorzugt in Branchen wie der chemischen Verarbeitung, der Gasaufbereitung, der Erd\u00f6lraffination, der Chlor-Alkali-Produktion und der Umwelttechnik eingesetzt. Aufgrund seiner Langlebigkeit und Anpassungsf\u00e4higkeit ist er sowohl f\u00fcr hohe als auch f\u00fcr niedrige Belastungen geeignet.<\/p>\n<p>Ganz gleich, ob Sie einen zuverl\u00e4ssigen Polypropylen-Pallring f\u00fcr allgemeine chemische Anwendungen, einen PTFE-Pallring f\u00fcr aggressive, korrosive Systeme oder einen Hochleistungs-Pvdf-Pallring f\u00fcr extreme Bedingungen suchen, Kunststoff-Pallringpackungen bieten eine flexible und effiziente L\u00f6sung f\u00fcr Ihre Prozessanforderungen. Als eine der am h\u00e4ufigsten verwendeten Pallring-Packungsarten bieten sie optimale Leistung bei vielen Gas-Fl\u00fcssigkeits-Trennverfahren.<\/p>","protected":false},"excerpt":{"rendered":"<p>Kunststoffringpackungen (PTFE, PVC, PVDF, Polypropylen) sind eine hocheffiziente Form von F\u00fcllk\u00f6rpern f\u00fcr den Stoffaustausch. Im Vergleich zu herk\u00f6mmlichen Raschig-Ringen weist der Kunststoff-Pallring ein einzigartiges Design mit rechteckigen \u00d6ffnungen und nach innen gerichteten Lamellen auf. Diese strukturellen Verbesserungen vergr\u00f6\u00dfern die innere Oberfl\u00e4che, erh\u00f6hen die Gas-Fl\u00fcssigkeitsbewegung und verbessern die Effizienz des Gas-Fl\u00fcssigkeitstransports...<\/p>","protected":false},"featured_media":2408,"parent":0,"template":"","meta":{"_acf_changed":false,"_kad_blocks_custom_css":"","_kad_blocks_head_custom_js":"","_kad_blocks_body_custom_js":"","_kad_blocks_footer_custom_js":"","_kadence_starter_templates_imported_post":false,"_kad_post_transparent":"default","_kad_post_title":"","_kad_post_layout":"default","_kad_post_sidebar_id":"","_kad_post_content_style":"default","_kad_post_vertical_padding":"default","_kad_post_feature":"","_kad_post_feature_position":"","_kad_post_header":false,"_kad_post_footer":false},"pcategory":[22,25],"ptag":[],"class_list":["post-2150","product","type-product","status-publish","has-post-thumbnail","hentry","pcategory-random-packing","pcategory-plastic-random-packing"],"acf":[],"yoast_head":"<!-- This site is optimized with the Yoast SEO plugin v27.4 - https:\/\/yoast.com\/product\/yoast-seo-wordpress\/ -->\n<title>Plastic Pall ring packings ( ptfe,pvc,pvdf, polypropylene\uff09<\/title>\n<meta name=\"robots\" content=\"index, follow, max-snippet:-1, max-image-preview:large, max-video-preview:-1\" \/>\n<link rel=\"canonical\" href=\"https:\/\/cpxzx.com\/de\/produkt\/plastic-pall-ring\/\" \/>\n<meta property=\"og:locale\" content=\"de_DE\" \/>\n<meta property=\"og:type\" content=\"article\" \/>\n<meta property=\"og:title\" content=\"Plastic Pall ring packings ( ptfe,pvc,pvdf, polypropylene\uff09\" \/>\n<meta property=\"og:description\" content=\"plastic pall ring packings ( ptfe,pvc,pvdf, polypropylene\uff09is a highly efficient form of random packing used in mass transfer applications. Compared to traditional Raschig Rings, the plastic pall ring features a unique design with rectangular openings and inward-facing blades. These structural improvements increase the internal surface area, enhance gas-liquid agitation, and improve the efficiency of gas-liquid...\" \/>\n<meta property=\"og:url\" content=\"https:\/\/cpxzx.com\/de\/produkt\/plastic-pall-ring\/\" \/>\n<meta property=\"og:site_name\" content=\"Cooling Tower Fill, China PVC Fills Manufacturer\" \/>\n<meta property=\"article:modified_time\" content=\"2025-07-13T08:11:10+00:00\" \/>\n<meta property=\"og:image\" content=\"https:\/\/cpxzx.com\/wp-content\/uploads\/2025\/07\/plastic-pall-ring-.jpg\" \/>\n\t<meta property=\"og:image:width\" content=\"720\" \/>\n\t<meta property=\"og:image:height\" content=\"720\" \/>\n\t<meta property=\"og:image:type\" content=\"image\/jpeg\" \/>\n<meta name=\"twitter:card\" content=\"summary_large_image\" \/>\n<meta name=\"twitter:label1\" content=\"Gesch\u00e4tzte Lesezeit\" \/>\n\t<meta name=\"twitter:data1\" content=\"4\u00a0Minuten\" \/>\n<script type=\"application\/ld+json\" class=\"yoast-schema-graph\">{\"@context\":\"https:\\\/\\\/schema.org\",\"@graph\":[{\"@type\":\"WebPage\",\"@id\":\"https:\\\/\\\/cpxzx.com\\\/product\\\/plastic-pall-ring\\\/\",\"url\":\"https:\\\/\\\/cpxzx.com\\\/product\\\/plastic-pall-ring\\\/\",\"name\":\"Plastic Pall ring packings ( ptfe,pvc,pvdf, polypropylene\uff09\",\"isPartOf\":{\"@id\":\"https:\\\/\\\/cpxzx.com\\\/#website\"},\"primaryImageOfPage\":{\"@id\":\"https:\\\/\\\/cpxzx.com\\\/product\\\/plastic-pall-ring\\\/#primaryimage\"},\"image\":{\"@id\":\"https:\\\/\\\/cpxzx.com\\\/product\\\/plastic-pall-ring\\\/#primaryimage\"},\"thumbnailUrl\":\"https:\\\/\\\/cpxzx.com\\\/wp-content\\\/uploads\\\/2025\\\/07\\\/plastic-pall-ring-.jpg\",\"datePublished\":\"2025-07-08T10:14:56+00:00\",\"dateModified\":\"2025-07-13T08:11:10+00:00\",\"breadcrumb\":{\"@id\":\"https:\\\/\\\/cpxzx.com\\\/product\\\/plastic-pall-ring\\\/#breadcrumb\"},\"inLanguage\":\"de\",\"potentialAction\":[{\"@type\":\"ReadAction\",\"target\":[\"https:\\\/\\\/cpxzx.com\\\/product\\\/plastic-pall-ring\\\/\"]}]},{\"@type\":\"ImageObject\",\"inLanguage\":\"de\",\"@id\":\"https:\\\/\\\/cpxzx.com\\\/product\\\/plastic-pall-ring\\\/#primaryimage\",\"url\":\"https:\\\/\\\/cpxzx.com\\\/wp-content\\\/uploads\\\/2025\\\/07\\\/plastic-pall-ring-.jpg\",\"contentUrl\":\"https:\\\/\\\/cpxzx.com\\\/wp-content\\\/uploads\\\/2025\\\/07\\\/plastic-pall-ring-.jpg\",\"width\":720,\"height\":720,\"caption\":\"plastic-pall-ring-\"},{\"@type\":\"BreadcrumbList\",\"@id\":\"https:\\\/\\\/cpxzx.com\\\/product\\\/plastic-pall-ring\\\/#breadcrumb\",\"itemListElement\":[{\"@type\":\"ListItem\",\"position\":1,\"name\":\"Home\",\"item\":\"https:\\\/\\\/cpxzx.com\\\/\"},{\"@type\":\"ListItem\",\"position\":2,\"name\":\"Random Packing\",\"item\":\"https:\\\/\\\/cpxzx.com\\\/pcategory\\\/random-packing\\\/\"},{\"@type\":\"ListItem\",\"position\":3,\"name\":\"Plastic Random Packing\",\"item\":\"https:\\\/\\\/cpxzx.com\\\/pcategory\\\/random-packing\\\/plastic-random-packing\\\/\"},{\"@type\":\"ListItem\",\"position\":4,\"name\":\"Plastic Pall Ring Packings ( ptfe,pvc,pvdf, polypropylene\uff09\"}]},{\"@type\":\"WebSite\",\"@id\":\"https:\\\/\\\/cpxzx.com\\\/#website\",\"url\":\"https:\\\/\\\/cpxzx.com\\\/\",\"name\":\"Cooling Tower Fill, China PVC Fills Manufacturer\",\"description\":\"\",\"publisher\":{\"@id\":\"https:\\\/\\\/cpxzx.com\\\/#organization\"},\"potentialAction\":[{\"@type\":\"SearchAction\",\"target\":{\"@type\":\"EntryPoint\",\"urlTemplate\":\"https:\\\/\\\/cpxzx.com\\\/?s={search_term_string}\"},\"query-input\":{\"@type\":\"PropertyValueSpecification\",\"valueRequired\":true,\"valueName\":\"search_term_string\"}}],\"inLanguage\":\"de\"},{\"@type\":\"Organization\",\"@id\":\"https:\\\/\\\/cpxzx.com\\\/#organization\",\"name\":\"Cooling Tower Fill, China PVC Fills Manufacturer\",\"url\":\"https:\\\/\\\/cpxzx.com\\\/\",\"logo\":{\"@type\":\"ImageObject\",\"inLanguage\":\"de\",\"@id\":\"https:\\\/\\\/cpxzx.com\\\/#\\\/schema\\\/logo\\\/image\\\/\",\"url\":\"https:\\\/\\\/cpxzx.com\\\/wp-content\\\/uploads\\\/2025\\\/07\\\/1751628807-logo.png\",\"contentUrl\":\"https:\\\/\\\/cpxzx.com\\\/wp-content\\\/uploads\\\/2025\\\/07\\\/1751628807-logo.png\",\"width\":383,\"height\":87,\"caption\":\"Cooling Tower Fill, China PVC Fills Manufacturer\"},\"image\":{\"@id\":\"https:\\\/\\\/cpxzx.com\\\/#\\\/schema\\\/logo\\\/image\\\/\"}}]}<\/script>\n<!-- \/ Yoast SEO plugin. -->","yoast_head_json":{"title":"Plastic Pall ring packings ( ptfe,pvc,pvdf, polypropylene\uff09","robots":{"index":"index","follow":"follow","max-snippet":"max-snippet:-1","max-image-preview":"max-image-preview:large","max-video-preview":"max-video-preview:-1"},"canonical":"https:\/\/cpxzx.com\/de\/produkt\/plastic-pall-ring\/","og_locale":"de_DE","og_type":"article","og_title":"Plastic Pall ring packings ( ptfe,pvc,pvdf, polypropylene\uff09","og_description":"plastic pall ring packings ( ptfe,pvc,pvdf, polypropylene\uff09is a highly efficient form of random packing used in mass transfer applications. Compared to traditional Raschig Rings, the plastic pall ring features a unique design with rectangular openings and inward-facing blades. These structural improvements increase the internal surface area, enhance gas-liquid agitation, and improve the efficiency of gas-liquid...","og_url":"https:\/\/cpxzx.com\/de\/produkt\/plastic-pall-ring\/","og_site_name":"Cooling Tower Fill, China PVC Fills Manufacturer","article_modified_time":"2025-07-13T08:11:10+00:00","og_image":[{"width":720,"height":720,"url":"https:\/\/cpxzx.com\/wp-content\/uploads\/2025\/07\/plastic-pall-ring-.jpg","type":"image\/jpeg"}],"twitter_card":"summary_large_image","twitter_misc":{"Gesch\u00e4tzte Lesezeit":"4\u00a0Minuten"},"schema":{"@context":"https:\/\/schema.org","@graph":[{"@type":"WebPage","@id":"https:\/\/cpxzx.com\/product\/plastic-pall-ring\/","url":"https:\/\/cpxzx.com\/product\/plastic-pall-ring\/","name":"Plastic Pall ring packings ( ptfe,pvc,pvdf, polypropylene\uff09","isPartOf":{"@id":"https:\/\/cpxzx.com\/#website"},"primaryImageOfPage":{"@id":"https:\/\/cpxzx.com\/product\/plastic-pall-ring\/#primaryimage"},"image":{"@id":"https:\/\/cpxzx.com\/product\/plastic-pall-ring\/#primaryimage"},"thumbnailUrl":"https:\/\/cpxzx.com\/wp-content\/uploads\/2025\/07\/plastic-pall-ring-.jpg","datePublished":"2025-07-08T10:14:56+00:00","dateModified":"2025-07-13T08:11:10+00:00","breadcrumb":{"@id":"https:\/\/cpxzx.com\/product\/plastic-pall-ring\/#breadcrumb"},"inLanguage":"de","potentialAction":[{"@type":"ReadAction","target":["https:\/\/cpxzx.com\/product\/plastic-pall-ring\/"]}]},{"@type":"ImageObject","inLanguage":"de","@id":"https:\/\/cpxzx.com\/product\/plastic-pall-ring\/#primaryimage","url":"https:\/\/cpxzx.com\/wp-content\/uploads\/2025\/07\/plastic-pall-ring-.jpg","contentUrl":"https:\/\/cpxzx.com\/wp-content\/uploads\/2025\/07\/plastic-pall-ring-.jpg","width":720,"height":720,"caption":"plastic-pall-ring-"},{"@type":"BreadcrumbList","@id":"https:\/\/cpxzx.com\/product\/plastic-pall-ring\/#breadcrumb","itemListElement":[{"@type":"ListItem","position":1,"name":"Home","item":"https:\/\/cpxzx.com\/"},{"@type":"ListItem","position":2,"name":"Random Packing","item":"https:\/\/cpxzx.com\/pcategory\/random-packing\/"},{"@type":"ListItem","position":3,"name":"Plastic Random Packing","item":"https:\/\/cpxzx.com\/pcategory\/random-packing\/plastic-random-packing\/"},{"@type":"ListItem","position":4,"name":"Plastic Pall Ring Packings ( ptfe,pvc,pvdf, polypropylene\uff09"}]},{"@type":"WebSite","@id":"https:\/\/cpxzx.com\/#website","url":"https:\/\/cpxzx.com\/","name":"K\u00fchlturm-F\u00fcllung, China PVC-F\u00fcllungen Hersteller","description":"","publisher":{"@id":"https:\/\/cpxzx.com\/#organization"},"potentialAction":[{"@type":"SearchAction","target":{"@type":"EntryPoint","urlTemplate":"https:\/\/cpxzx.com\/?s={search_term_string}"},"query-input":{"@type":"PropertyValueSpecification","valueRequired":true,"valueName":"search_term_string"}}],"inLanguage":"de"},{"@type":"Organization","@id":"https:\/\/cpxzx.com\/#organization","name":"K\u00fchlturm-F\u00fcllung, China PVC-F\u00fcllungen Hersteller","url":"https:\/\/cpxzx.com\/","logo":{"@type":"ImageObject","inLanguage":"de","@id":"https:\/\/cpxzx.com\/#\/schema\/logo\/image\/","url":"https:\/\/cpxzx.com\/wp-content\/uploads\/2025\/07\/1751628807-logo.png","contentUrl":"https:\/\/cpxzx.com\/wp-content\/uploads\/2025\/07\/1751628807-logo.png","width":383,"height":87,"caption":"Cooling Tower Fill, China PVC Fills Manufacturer"},"image":{"@id":"https:\/\/cpxzx.com\/#\/schema\/logo\/image\/"}}]}},"taxonomy_info":{"pcategory":[{"value":22,"label":"Random Packing"},{"value":25,"label":"Plastic Random Packing"}]},"featured_image_src_large":["https:\/\/cpxzx.com\/wp-content\/uploads\/2025\/07\/plastic-pall-ring-.jpg",720,720,false],"author_info":[],"comment_info":"","_links":{"self":[{"href":"https:\/\/cpxzx.com\/de\/wp-json\/wp\/v2\/product\/2150","targetHints":{"allow":["GET"]}}],"collection":[{"href":"https:\/\/cpxzx.com\/de\/wp-json\/wp\/v2\/product"}],"about":[{"href":"https:\/\/cpxzx.com\/de\/wp-json\/wp\/v2\/types\/product"}],"wp:featuredmedia":[{"embeddable":true,"href":"https:\/\/cpxzx.com\/de\/wp-json\/wp\/v2\/media\/2408"}],"wp:attachment":[{"href":"https:\/\/cpxzx.com\/de\/wp-json\/wp\/v2\/media?parent=2150"}],"wp:term":[{"taxonomy":"pcategory","embeddable":true,"href":"https:\/\/cpxzx.com\/de\/wp-json\/wp\/v2\/pcategory?post=2150"},{"taxonomy":"ptag","embeddable":true,"href":"https:\/\/cpxzx.com\/de\/wp-json\/wp\/v2\/ptag?post=2150"}],"curies":[{"name":"wp","href":"https:\/\/api.w.org\/{rel}","templated":true}]}}